{"id":10073,"date":"2023-01-29T15:36:49","date_gmt":"2023-01-29T15:36:49","guid":{"rendered":"https:\/\/pharmaplast.mediagate-egy.com\/?post_type=product&#038;p=10073"},"modified":"2026-03-26T10:15:29","modified_gmt":"2026-03-26T10:15:29","slug":"kemagel-silicone","status":"publish","type":"product","link":"https:\/\/pharmaplast-online.net\/cs\/produkt\/kemagel-silicone\/","title":{"rendered":"Kemagel\u00ae Silicone"},"content":{"rendered":"<div data-elementor-type=\"product-post\" data-elementor-id=\"10073\" class=\"elementor elementor-10073\" data-elementor-post-type=\"product\">\n\t\t\t\t\t\t<section class=\"elementor-section elementor-top-section elementor-element elementor-element-0d630ce elementor-section-boxed elementor-section-height-default elementor-section-height-default qodef-elementor-content-no\" data-id=\"0d630ce\" data-element_type=\"section\" data-e-type=\"section\" data-settings=\"{&quot;ekit_has_onepagescroll_dot&quot;:&quot;yes&quot;}\">\n\t\t\t\t\t\t<div class=\"elementor-container elementor-column-gap-default\">\n\t\t\t\t\t<div class=\"elementor-column elementor-col-100 elementor-top-column elementor-element elementor-element-c7e8b72\" data-id=\"c7e8b72\" data-element_type=\"column\" data-e-type=\"column\">\n\t\t\t<div class=\"elementor-widget-wrap elementor-element-populated\">\n\t\t\t\t\t\t<div class=\"elementor-element elementor-element-c9c63e0 elementor-widget elementor-widget-elementskit-simple-tab\" data-id=\"c9c63e0\" data-element_type=\"widget\" data-e-type=\"widget\" data-settings=\"{&quot;ekit_we_effect_on&quot;:&quot;none&quot;}\" data-widget_type=\"elementskit-simple-tab.default\">\n\t\t\t\t<div class=\"elementor-widget-container\">\n\t\t\t\t\t<div class=\"ekit-wid-con\" >        <div class=\"elementkit-tab-wraper\">\n            <ul class=\"nav nav-tabs elementkit-tab-nav  elementskit-fullwidth-tab\">\n                                    <li class=\"elementkit-nav-item elementor-repeater-item-d0363a9\">\n                        <a class=\"elementkit-nav-link  active show left-pos\" id=\"content-d0363a969eed059dff8c-tab\" data-ekit-handler-id=\"product-info\" data-ekit-toggle=\"tab\" data-target=\"#content-d0363a969eed059dff8c\" href=\"#Content-d0363a969eed059dff8c\"\n                            data-ekit-toggle-trigger=\"click\"\n                            aria-describedby=\"Content-d0363a969eed059dff8c\">\n                            <span class=\"elementskit-tab-icon\"><\/span>                            <span class=\"elementskit-tab-title\">Informace o Produktu<\/span>\n                        <\/a>\n                    <\/li>\n                                        <li class=\"elementkit-nav-item elementor-repeater-item-9b61f69\">\n                        <a class=\"elementkit-nav-link  left-pos\" id=\"content-9b61f6969eed059dff8c-tab\" data-ekit-handler-id=\"how-to-use\" data-ekit-toggle=\"tab\" data-target=\"#content-9b61f6969eed059dff8c\" href=\"#Content-9b61f6969eed059dff8c\"\n                            data-ekit-toggle-trigger=\"click\"\n                            aria-describedby=\"Content-9b61f6969eed059dff8c\">\n                            <span class=\"elementskit-tab-icon\"><\/span>                            <span class=\"elementskit-tab-title\">N\u00e1vod k pou\u017eit\u00ed<\/span>\n                        <\/a>\n                    <\/li>\n                                        <li class=\"elementkit-nav-item elementor-repeater-item-23affad\">\n                        <a class=\"elementkit-nav-link  left-pos\" id=\"content-23affad69eed059dff8c-tab\" data-ekit-handler-id=\"sizes-codes\" data-ekit-toggle=\"tab\" data-target=\"#content-23affad69eed059dff8c\" href=\"#Content-23affad69eed059dff8c\"\n                            data-ekit-toggle-trigger=\"click\"\n                            aria-describedby=\"Content-23affad69eed059dff8c\">\n                            <span class=\"elementskit-tab-icon\"><\/span>                            <span class=\"elementskit-tab-title\">Velikosti a K\u00f3dy<\/span>\n                        <\/a>\n                    <\/li>\n                                        <li class=\"elementkit-nav-item elementor-repeater-item-abc8521\">\n                        <a class=\"elementkit-nav-link  left-pos\" id=\"content-abc852169eed059dff8c-tab\" data-ekit-handler-id=\"downloads\" data-ekit-toggle=\"tab\" data-target=\"#content-abc852169eed059dff8c\" href=\"#Content-abc852169eed059dff8c\"\n                            data-ekit-toggle-trigger=\"click\"\n                            aria-describedby=\"Content-abc852169eed059dff8c\">\n                            <span class=\"elementskit-tab-icon\"><\/span>                            <span class=\"elementskit-tab-title\">Sta\u017een\u00ed<\/span>\n                        <\/a>\n                    <\/li>\n                                <\/ul>\n\n            <div class=\"tab-content elementkit-tab-content\">\n                                    <div class=\"tab-pane elementkit-tab-pane elementor-repeater-item-d0363a9  active show\" id=\"content-d0363a969eed059dff8c\" role=\"tabpanel\"\n                         aria-labelledby=\"content-d0363a969eed059dff8c-tab\">\n                        <div class=\"animated fadeIn\">\n                            <h3>Informace o Produktu<\/h3>\t\t<div data-elementor-type=\"section\" data-elementor-id=\"8585\" class=\"elementor elementor-8585\" data-elementor-post-type=\"elementor_library\">\n\t\t\t\t\t<section class=\"elementor-section elementor-top-section elementor-element elementor-element-3c9a5a4 elementor-section-boxed elementor-section-height-default elementor-section-height-default qodef-elementor-content-no\" data-id=\"3c9a5a4\" data-element_type=\"section\" data-e-type=\"section\" data-settings=\"{&quot;ekit_has_onepagescroll_dot&quot;:&quot;yes&quot;}\">\n\t\t\t\t\t\t<div class=\"elementor-container elementor-column-gap-default\">\n\t\t\t\t\t<div class=\"elementor-column elementor-col-100 elementor-top-column elementor-element elementor-element-8fd3e15\" data-id=\"8fd3e15\" data-element_type=\"column\" data-e-type=\"column\">\n\t\t\t<div class=\"elementor-widget-wrap elementor-element-populated\">\n\t\t\t\t\t\t<div class=\"elementor-element elementor-element-c6fd92e elementor-widget elementor-widget-accordion\" data-id=\"c6fd92e\" data-element_type=\"widget\" data-e-type=\"widget\" data-settings=\"{&quot;ekit_we_effect_on&quot;:&quot;none&quot;}\" data-widget_type=\"accordion.default\">\n\t\t\t\t<div class=\"elementor-widget-container\">\n\t\t\t\t\t\t\t<div class=\"elementor-accordion\">\n\t\t\t\t\t\t\t<div class=\"elementor-accordion-item\">\n\t\t\t\t\t<div id=\"elementor-tab-title-2081\" class=\"elementor-tab-title\" data-tab=\"1\" role=\"button\" aria-controls=\"elementor-tab-content-2081\" aria-expanded=\"false\">\n\t\t\t\t\t\t\t\t\t\t\t\t\t<span class=\"elementor-accordion-icon elementor-accordion-icon-left\" aria-hidden=\"true\">\n\t\t\t\t\t\t\t\t\t\t\t\t\t\t\t<span class=\"elementor-accordion-icon-closed\"><i class=\"fas fa-plus\"><\/i><\/span>\n\t\t\t\t\t\t\t\t<span class=\"elementor-accordion-icon-opened\"><i class=\"fas fa-minus\"><\/i><\/span>\n\t\t\t\t\t\t\t\t\t\t\t\t\t\t<\/span>\n\t\t\t\t\t\t\t\t\t\t\t\t<a class=\"elementor-accordion-title\" tabindex=\"0\">Popis<\/a>\n\t\t\t\t\t<\/div>\n\t\t\t\t\t<div id=\"elementor-tab-content-2081\" class=\"elementor-tab-content elementor-clearfix\" data-tab=\"1\" role=\"region\" aria-labelledby=\"elementor-tab-title-2081\"><p><strong><em>Kemagel<\/em><\/strong><strong><em><sup>\u00ae<\/sup><\/em><\/strong><strong><em>Silicone <\/em><\/strong>Transparent silicone based gel matrix, specially designed to hydrate and reduce\/prevent red, dark, or raised scars resulting from surgery, accidents, cuts, burns, or other injuries.<\/p>\n<p>&nbsp;<\/p>\n<\/div>\n\t\t\t\t<\/div>\n\t\t\t\t\t\t\t<div class=\"elementor-accordion-item\">\n\t\t\t\t\t<div id=\"elementor-tab-title-2082\" class=\"elementor-tab-title\" data-tab=\"2\" role=\"button\" aria-controls=\"elementor-tab-content-2082\" aria-expanded=\"false\">\n\t\t\t\t\t\t\t\t\t\t\t\t\t<span class=\"elementor-accordion-icon elementor-accordion-icon-left\" aria-hidden=\"true\">\n\t\t\t\t\t\t\t\t\t\t\t\t\t\t\t<span class=\"elementor-accordion-icon-closed\"><i class=\"fas fa-plus\"><\/i><\/span>\n\t\t\t\t\t\t\t\t<span class=\"elementor-accordion-icon-opened\"><i class=\"fas fa-minus\"><\/i><\/span>\n\t\t\t\t\t\t\t\t\t\t\t\t\t\t<\/span>\n\t\t\t\t\t\t\t\t\t\t\t\t<a class=\"elementor-accordion-title\" tabindex=\"0\">Vlastnosti<\/a>\n\t\t\t\t\t<\/div>\n\t\t\t\t\t<div id=\"elementor-tab-content-2082\" class=\"elementor-tab-content elementor-clearfix\" data-tab=\"2\" role=\"region\" aria-labelledby=\"elementor-tab-title-2082\"><p>\u2022 Soft and smooth to skin<br \/>\n\u2022 Non greasy<br \/>\n\u2022 Fragrance, paraben free<br \/>\n\u2022 Painless therapy<br \/>\n\u2022 Easy to use<br \/>\n\u2022 Comfortable<\/p>\n<\/div>\n\t\t\t\t<\/div>\n\t\t\t\t\t\t\t<div class=\"elementor-accordion-item\">\n\t\t\t\t\t<div id=\"elementor-tab-title-2083\" class=\"elementor-tab-title\" data-tab=\"3\" role=\"button\" aria-controls=\"elementor-tab-content-2083\" aria-expanded=\"false\">\n\t\t\t\t\t\t\t\t\t\t\t\t\t<span class=\"elementor-accordion-icon elementor-accordion-icon-left\" aria-hidden=\"true\">\n\t\t\t\t\t\t\t\t\t\t\t\t\t\t\t<span class=\"elementor-accordion-icon-closed\"><i class=\"fas fa-plus\"><\/i><\/span>\n\t\t\t\t\t\t\t\t<span class=\"elementor-accordion-icon-opened\"><i class=\"fas fa-minus\"><\/i><\/span>\n\t\t\t\t\t\t\t\t\t\t\t\t\t\t<\/span>\n\t\t\t\t\t\t\t\t\t\t\t\t<a class=\"elementor-accordion-title\" tabindex=\"0\">Ur\u010den\u00e9 Pou\u017eit\u00ed<\/a>\n\t\t\t\t\t<\/div>\n\t\t\t\t\t<div id=\"elementor-tab-content-2083\" class=\"elementor-tab-content elementor-clearfix\" data-tab=\"3\" role=\"region\" aria-labelledby=\"elementor-tab-title-2083\"><p>\u2022 Intended to manage excessive, abnormal hypertrophic or keloid scars resulting from surgery, acne, accidents, cuts, burns, or other injuries.<br \/>\n\u2022 Prevents the development of new abnormal scars while treat existing scars also may decrease scar itching and pain.<br \/>\n\u2022 Reduce the appearance of stretch marks.<\/p>\n<\/div>\n\t\t\t\t<\/div>\n\t\t\t\t\t\t\t<div class=\"elementor-accordion-item\">\n\t\t\t\t\t<div id=\"elementor-tab-title-2084\" class=\"elementor-tab-title\" data-tab=\"4\" role=\"button\" aria-controls=\"elementor-tab-content-2084\" aria-expanded=\"false\">\n\t\t\t\t\t\t\t\t\t\t\t\t\t<span class=\"elementor-accordion-icon elementor-accordion-icon-left\" aria-hidden=\"true\">\n\t\t\t\t\t\t\t\t\t\t\t\t\t\t\t<span class=\"elementor-accordion-icon-closed\"><i class=\"fas fa-plus\"><\/i><\/span>\n\t\t\t\t\t\t\t\t<span class=\"elementor-accordion-icon-opened\"><i class=\"fas fa-minus\"><\/i><\/span>\n\t\t\t\t\t\t\t\t\t\t\t\t\t\t<\/span>\n\t\t\t\t\t\t\t\t\t\t\t\t<a class=\"elementor-accordion-title\" tabindex=\"0\">Kontraindikace<\/a>\n\t\t\t\t\t<\/div>\n\t\t\t\t\t<div id=\"elementor-tab-content-2084\" class=\"elementor-tab-content elementor-clearfix\" data-tab=\"4\" role=\"region\" aria-labelledby=\"elementor-tab-title-2084\"><p>\u2022 Do not apply the silicone gel to open or infected wounds, scabs, sutures, inflamed scar\/ skin\/ wound.<br \/>\n\u2022 In some individuals, a rash itching can develop under the silicone gel, especially on hot days or when playing sport. If this happens, remove the Patch or wash the gel, and contact your health care professional.<\/p>\n<\/div>\n\t\t\t\t<\/div>\n\t\t\t\t\t\t\t<div class=\"elementor-accordion-item\">\n\t\t\t\t\t<div id=\"elementor-tab-title-2085\" class=\"elementor-tab-title\" data-tab=\"5\" role=\"button\" aria-controls=\"elementor-tab-content-2085\" aria-expanded=\"false\">\n\t\t\t\t\t\t\t\t\t\t\t\t\t<span class=\"elementor-accordion-icon elementor-accordion-icon-left\" aria-hidden=\"true\">\n\t\t\t\t\t\t\t\t\t\t\t\t\t\t\t<span class=\"elementor-accordion-icon-closed\"><i class=\"fas fa-plus\"><\/i><\/span>\n\t\t\t\t\t\t\t\t<span class=\"elementor-accordion-icon-opened\"><i class=\"fas fa-minus\"><\/i><\/span>\n\t\t\t\t\t\t\t\t\t\t\t\t\t\t<\/span>\n\t\t\t\t\t\t\t\t\t\t\t\t<a class=\"elementor-accordion-title\" tabindex=\"0\">Preventivn\u00ed opat\u0159en\u00ed<\/a>\n\t\t\t\t\t<\/div>\n\t\t\t\t\t<div id=\"elementor-tab-content-2085\" class=\"elementor-tab-content elementor-clearfix\" data-tab=\"5\" role=\"region\" aria-labelledby=\"elementor-tab-title-2085\"><p>\u2022 For external use only.<br \/>\n\u2022 Should not be placed in contact with mucous membranes or applied too close to the eyes.<br \/>\n\u2022 Should not be used concurrently with other skin medications without the advice of a health care professional.<br \/>\n\u2022 Keep this product out of the reach of children.<\/p>\n<\/div>\n\t\t\t\t<\/div>\n\t\t\t\t\t\t\t<div class=\"elementor-accordion-item\">\n\t\t\t\t\t<div id=\"elementor-tab-title-2086\" class=\"elementor-tab-title\" data-tab=\"6\" role=\"button\" aria-controls=\"elementor-tab-content-2086\" aria-expanded=\"false\">\n\t\t\t\t\t\t\t\t\t\t\t\t\t<span class=\"elementor-accordion-icon elementor-accordion-icon-left\" aria-hidden=\"true\">\n\t\t\t\t\t\t\t\t\t\t\t\t\t\t\t<span class=\"elementor-accordion-icon-closed\"><i class=\"fas fa-plus\"><\/i><\/span>\n\t\t\t\t\t\t\t\t<span class=\"elementor-accordion-icon-opened\"><i class=\"fas fa-minus\"><\/i><\/span>\n\t\t\t\t\t\t\t\t\t\t\t\t\t\t<\/span>\n\t\t\t\t\t\t\t\t\t\t\t\t<a class=\"elementor-accordion-title\" tabindex=\"0\">Diagram vrstev<\/a>\n\t\t\t\t\t<\/div>\n\t\t\t\t\t<div id=\"elementor-tab-content-2086\" class=\"elementor-tab-content elementor-clearfix\" data-tab=\"6\" role=\"region\" aria-labelledby=\"elementor-tab-title-2086\"><\/div>\n\t\t\t\t<\/div>\n\t\t\t\t\t\t\t<div class=\"elementor-accordion-item\">\n\t\t\t\t\t<div id=\"elementor-tab-title-2087\" class=\"elementor-tab-title\" data-tab=\"7\" role=\"button\" aria-controls=\"elementor-tab-content-2087\" aria-expanded=\"false\">\n\t\t\t\t\t\t\t\t\t\t\t\t\t<span class=\"elementor-accordion-icon elementor-accordion-icon-left\" aria-hidden=\"true\">\n\t\t\t\t\t\t\t\t\t\t\t\t\t\t\t<span class=\"elementor-accordion-icon-closed\"><i class=\"fas fa-plus\"><\/i><\/span>\n\t\t\t\t\t\t\t\t<span class=\"elementor-accordion-icon-opened\"><i class=\"fas fa-minus\"><\/i><\/span>\n\t\t\t\t\t\t\t\t\t\t\t\t\t\t<\/span>\n\t\t\t\t\t\t\t\t\t\t\t\t<a class=\"elementor-accordion-title\" tabindex=\"0\">Frekvence v\u00fdm\u011bny<\/a>\n\t\t\t\t\t<\/div>\n\t\t\t\t\t<div id=\"elementor-tab-content-2087\" class=\"elementor-tab-content elementor-clearfix\" data-tab=\"7\" role=\"region\" aria-labelledby=\"elementor-tab-title-2087\"><\/div>\n\t\t\t\t<\/div>\n\t\t\t\t\t\t\t<div class=\"elementor-accordion-item\">\n\t\t\t\t\t<div id=\"elementor-tab-title-2088\" class=\"elementor-tab-title\" data-tab=\"8\" role=\"button\" aria-controls=\"elementor-tab-content-2088\" aria-expanded=\"false\">\n\t\t\t\t\t\t\t\t\t\t\t\t\t<span class=\"elementor-accordion-icon elementor-accordion-icon-left\" aria-hidden=\"true\">\n\t\t\t\t\t\t\t\t\t\t\t\t\t\t\t<span class=\"elementor-accordion-icon-closed\"><i class=\"fas fa-plus\"><\/i><\/span>\n\t\t\t\t\t\t\t\t<span class=\"elementor-accordion-icon-opened\"><i class=\"fas fa-minus\"><\/i><\/span>\n\t\t\t\t\t\t\t\t\t\t\t\t\t\t<\/span>\n\t\t\t\t\t\t\t\t\t\t\t\t<a class=\"elementor-accordion-title\" tabindex=\"0\">Jak to funguje?<\/a>\n\t\t\t\t\t<\/div>\n\t\t\t\t\t<div id=\"elementor-tab-content-2088\" class=\"elementor-tab-content elementor-clearfix\" data-tab=\"8\" role=\"region\" aria-labelledby=\"elementor-tab-title-2088\"><p><strong>\u00a0\u2022 Jizvy:<\/strong><\/p>\n<p>Jizvy se vytv\u00e1\u0159ej\u00ed v\u017edy, kdy\u017e je tk\u00e1\u0148 v\u00fdrazn\u011b po\u0161kozena a napravena. Je to p\u0159irozen\u00e1 sou\u010d\u00e1st procesu uzdraven\u00ed. K tvorb\u011b jizvy doch\u00e1z\u00ed ve chv\u00edli, kdy uzdravovac\u00ed bu\u0148ky zvan\u00e9 fibroblasty vstoup\u00ed do poran\u011bn\u00e9 oblasti a za\u010dnou vytv\u00e1\u0159et kolagen (stavebn\u00ed blok zjizven\u00e9 tk\u00e1n\u011b) pro co nejrychlej\u0161\u00ed uzav\u0159en\u00ed r\u00e1ny. Ke vzniku norm\u00e1ln\u011b vypadaj\u00edc\u00edch jizev dojde, kdy\u017e se kolagen rovn\u00e1 v \u0159ad\u00e1ch a vytv\u00e1\u0159\u00ed nad r\u00e1nou m\u016fstek. Ke vzniku hypertrofick\u00fdch a keloidn\u00edch jizev doch\u00e1z\u00ed, kdy\u017e jsou kolagenov\u00e1 vl\u00e1kna produkov\u00e1na nadm\u011brn\u011b a nerovnaj\u00ed se rovnom\u011brn\u011b.<\/p>\n<p class=\"translation-block\">\u2022 Jak p\u0159\u00edpravek Kemagel\u00ae Silicone sni\u017euje zjizven\u00ed:<\/p>\n<p>P\u0159esn\u00fd mechanizmus \u00fa\u010dinku, kter\u00fdm silikonov\u00fd gel pracuje, st\u00e1le nen\u00ed zn\u00e1m\u00fd. Nicm\u00e9n\u011b se p\u0159edpokl\u00e1d\u00e1, \u017ee p\u016fsob\u00ed na vn\u011bj\u0161\u00ed vrstvu k\u016f\u017ee, kde sni\u017euje odpa\u0159ov\u00e1n\u00ed, a tak udr\u017euje k\u016f\u017ei v adekv\u00e1tn\u00edm, ale ne nadm\u011brn\u011b hydratovan\u00e9m stavu. Hydratace m\u00edsta jizvy m\u016f\u017ee pom\u00e1hat vytv\u00e1\u0159et ide\u00e1ln\u00ed podm\u00ednky pro zm\u011bk\u010den\u00ed a zmizen\u00ed zjizven\u00e9 tk\u00e1n\u011b.<\/p>\n<p class=\"translation-block\">Jizvy jsou permanentn\u00ed, p\u0159\u00edpravek Kemagel\u00aeSilicone je neodstran\u00ed. Nicm\u00e9n\u011b pokud je p\u0159\u00edpravek Kemagel\u00aeSilicone pou\u017eit spr\u00e1vn\u011b podle pokyn\u016f, sn\u00ed\u017e\u00ed velikost a zm\u011bnu barvy zjizven\u00e9 tk\u00e1n\u011b.<\/p>\n<\/div>\n\t\t\t\t<\/div>\n\t\t\t\t\t\t\t<div class=\"elementor-accordion-item\">\n\t\t\t\t\t<div id=\"elementor-tab-title-2089\" class=\"elementor-tab-title\" data-tab=\"9\" role=\"button\" aria-controls=\"elementor-tab-content-2089\" aria-expanded=\"false\">\n\t\t\t\t\t\t\t\t\t\t\t\t\t<span class=\"elementor-accordion-icon elementor-accordion-icon-left\" aria-hidden=\"true\">\n\t\t\t\t\t\t\t\t\t\t\t\t\t\t\t<span class=\"elementor-accordion-icon-closed\"><i class=\"fas fa-plus\"><\/i><\/span>\n\t\t\t\t\t\t\t\t<span class=\"elementor-accordion-icon-opened\"><i class=\"fas fa-minus\"><\/i><\/span>\n\t\t\t\t\t\t\t\t\t\t\t\t\t\t<\/span>\n\t\t\t\t\t\t\t\t\t\t\t\t<a class=\"elementor-accordion-title\" tabindex=\"0\">\u017divotnost<\/a>\n\t\t\t\t\t<\/div>\n\t\t\t\t\t<div id=\"elementor-tab-content-2089\" class=\"elementor-tab-content elementor-clearfix\" data-tab=\"9\" role=\"region\" aria-labelledby=\"elementor-tab-title-2089\"><\/div>\n\t\t\t\t<\/div>\n\t\t\t\t\t\t\t\t<\/div>\n\t\t\t\t\t\t<\/div>\n\t\t\t\t<\/div>\n\t\t\t\t\t<\/div>\n\t\t<\/div>\n\t\t\t\t\t<\/div>\n\t\t<\/section>\n\t\t\t\t<\/div>\n\t\t                        <\/div>\n                    <\/div>\n                                    <div class=\"tab-pane elementkit-tab-pane elementor-repeater-item-9b61f69\" id=\"content-9b61f6969eed059dff8c\" role=\"tabpanel\"\n                         aria-labelledby=\"content-9b61f6969eed059dff8c-tab\">\n                        <div class=\"animated fadeIn\">\n                            <p><img decoding=\"async\" class=\"aligncenter\" src=\"https:\/\/pharmaplast-online.net\/wp-content\/uploads\/Wound_Care\/how_to_use\/En\/Kemagel_Silicone.png\" alt=\"\" \/><\/p><ol><li class=\"translation-block\">P\u0159\u00edpravek Kemagel\u00aeSilicone pou\u017eijte, kdy\u017e je r\u00e1na uzav\u0159ena a\/nebo byly odstran\u011bny stehy. Nepou\u017e\u00edvejte na jakoukoli otev\u0159enou r\u00e1nu.<\/li><li>Omyjte sv\u00e9 ruce a zjizvenou tk\u00e1\u0148 jemn\u00fdm m\u00fddlem a vodou a osu\u0161te.<\/li><li>Na oblast naneste velmi tenkou vrstvu silikonov\u00e9ho gelu a jemn\u011b vmas\u00edrujte.<\/li><li>Ot\u0159ete p\u0159ebyte\u010dn\u00fd gel a ponechte oblast po n\u011bkolik minut oschnout, aby se zabr\u00e1nilo u\u0161pin\u011bn\u00ed lo\u017en\u00edho pr\u00e1dla nebo od\u011bvu.<\/li><li class=\"translation-block\">Po spr\u00e1vn\u00e9 aplikaci m\u016f\u017ee b\u00fdt p\u0159\u00edpravek Kemagel\u00aeSilicone p\u0159ekryt tv\u00e1\u0159enkou nebo jinou kryc\u00ed kosmetikou.<\/li><li>Silikonov\u00fd gel nan\u00e1\u0161ejte dvakr\u00e1t denn\u011b r\u00e1no a p\u0159ed span\u00edm, nebo jak stanov\u00ed v\u00e1\u0161 l\u00e9ka\u0159.<\/li><li>Pro maxim\u00e1ln\u00ed \u00fa\u010dinnost mus\u00ed b\u00fdt silikonov\u00fd gel v kontaktu s k\u016f\u017e\u00ed po dobu 24 hodin.<\/li><li>Doporu\u010den\u00e1 minim\u00e1ln\u00ed doba l\u00e9\u010dby je 60\u201390 dn\u016f. Aby bylo u star\u0161\u00edch a v\u011bt\u0161\u00edch jizev dosa\u017eeno pln\u00e9ho \u00fa\u010dinku, m\u016f\u017ee l\u00e9\u010dba trvat d\u00e9le ne\u017e 90 dn\u016f. Pokud je pozorov\u00e1no pokra\u010duj\u00edc\u00ed zlep\u0161ov\u00e1n\u00ed, doporu\u010duje se l\u00e9\u010dbu prodlou\u017eit.<\/li><\/ol>                        <\/div>\n                    <\/div>\n                                    <div class=\"tab-pane elementkit-tab-pane elementor-repeater-item-23affad\" id=\"content-23affad69eed059dff8c\" role=\"tabpanel\"\n                         aria-labelledby=\"content-23affad69eed059dff8c-tab\">\n                        <div class=\"animated fadeIn\">\n                            <table><tbody><tr><td width=\"186\"><p><strong>Kemagel<\/strong><strong>\u00ae<\/strong><strong> Silicon<\/strong><\/p><\/td><td width=\"105\"><p><strong>Size<\/strong><\/p><\/td><td width=\"126\"><p><strong>Pieces\/Case<\/strong><\/p><\/td><td width=\"144\"><p><strong>Boxes\/Case <\/strong><\/p><\/td><\/tr><tr><td width=\"186\"><p>GELSID8<\/p><\/td><td width=\"105\"><p>8 ml \/ 8 gm<\/p><\/td><td width=\"126\"><p><strong>1<\/strong><\/p><\/td><td width=\"144\"><p>36<\/p><\/td><\/tr><tr><td width=\"186\"><p>GELSID15<\/p><\/td><td width=\"105\"><p>15 ml \/ 15 gm<\/p><\/td><td width=\"126\"><p><strong>1<\/strong><\/p><\/td><td width=\"144\"><p>36<\/p><\/td><\/tr><tr><td width=\"186\"><p>GELSID30<\/p><\/td><td width=\"105\"><p>30 ml \/ 30 gm<\/p><\/td><td width=\"126\"><p><strong>1<\/strong><\/p><\/td><td width=\"144\"><p>36<\/p><\/td><\/tr><tr><td width=\"186\"><p>GELSID50<\/p><\/td><td width=\"105\"><p>50 ml \/ 50 gm<\/p><\/td><td width=\"126\"><p><strong>1<\/strong><\/p><\/td><td width=\"144\"><p>36<\/p><\/td><\/tr><tr><td width=\"186\"><p>GELSI15<\/p><\/td><td width=\"105\"><p>15 ml \/ 15 gm<\/p><\/td><td width=\"126\"><p><strong>1<\/strong><\/p><\/td><td width=\"144\"><p>48<\/p><\/td><\/tr><tr><td width=\"186\"><p>GELSI30<\/p><\/td><td width=\"105\"><p>30 ml \/ 30 gm<\/p><\/td><td width=\"126\"><p><strong>1<\/strong><\/p><\/td><td width=\"144\"><p>48<\/p><\/td><\/tr><tr><td width=\"186\"><p>GELSI50<\/p><\/td><td width=\"105\"><p>50 ml \/ 50 gm<\/p><\/td><td width=\"126\"><p><strong>\u00a0\u00a0\u00a0\u00a0\u00a0\u00a0\u00a0\u00a0\u00a0\u00a0\u00a0\u00a0\u00a0 1<\/strong><\/p><\/td><td width=\"144\"><p>36<\/p><\/td><\/tr><\/tbody><\/table><p>Jin\u00e9 velikosti jsou k dispozici na vy\u017e\u00e1d\u00e1n\u00ed.<\/p>                        <\/div>\n                    <\/div>\n                                    <div class=\"tab-pane elementkit-tab-pane elementor-repeater-item-abc8521\" id=\"content-abc852169eed059dff8c\" role=\"tabpanel\"\n                         aria-labelledby=\"content-abc852169eed059dff8c-tab\">\n                        <div class=\"animated fadeIn\">\n                            <p><a href=\"https:\/\/pharmaplast-online.net\/wp-content\/uploads\/2025\/08\/Scar-Reduction-Family-brochure.pdf\">Scar Reduction Family brochure<\/a><\/p><p><img decoding=\"async\" class=\"alignnone wp-image-17145\" src=\"https:\/\/pharmaplast-online.net\/wp-content\/uploads\/2024\/10\/pdf_4726010-300x300.png\" alt=\"\" width=\"32\" height=\"32\" srcset=\"https:\/\/pharmaplast-online.net\/wp-content\/uploads\/2024\/10\/pdf_4726010-300x300.png 300w, https:\/\/pharmaplast-online.net\/wp-content\/uploads\/2024\/10\/pdf_4726010-150x150.png 150w, https:\/\/pharmaplast-online.net\/wp-content\/uploads\/2024\/10\/pdf_4726010-12x12.png 12w, https:\/\/pharmaplast-online.net\/wp-content\/uploads\/2024\/10\/pdf_4726010-24x24.png 24w, https:\/\/pharmaplast-online.net\/wp-content\/uploads\/2024\/10\/pdf_4726010-36x36.png 36w, https:\/\/pharmaplast-online.net\/wp-content\/uploads\/2024\/10\/pdf_4726010-48x48.png 48w, https:\/\/pharmaplast-online.net\/wp-content\/uploads\/2024\/10\/pdf_4726010-100x100.png 100w, https:\/\/pharmaplast-online.net\/wp-content\/uploads\/2024\/10\/pdf_4726010.png 512w\" sizes=\"(max-width: 32px) 100vw, 32px\" \/><\/p>                        <\/div>\n                    <\/div>\n                                \n            <\/div>\n                    <\/div>\n    <\/div>\t\t\t\t<\/div>\n\t\t\t\t<\/div>\n\t\t\t\t\t<\/div>\n\t\t<\/div>\n\t\t\t\t\t<\/div>\n\t\t<\/section>\n\t\t\t\t<\/div>","protected":false},"excerpt":{"rendered":"<p>Silicone based gel matrix for scars<\/p>","protected":false},"featured_media":22469,"comment_status":"open","ping_status":"closed","template":"","meta":[],"product_brand":[],"product_cat":[368,369,359],"product_tag":[],"class_list":{"0":"post-10073","1":"product","2":"type-product","3":"status-publish","4":"has-post-thumbnail","6":"product_cat-scar-reduction","7":"product_cat-silicone-gel","8":"product_cat-skin-care","10":"first","11":"instock","12":"shipping-taxable","13":"product-type-simple"},"acf":[],"_links":{"self":[{"href":"https:\/\/pharmaplast-online.net\/cs\/wp-json\/wp\/v2\/product\/10073","targetHints":{"allow":["GET"]}}],"collection":[{"href":"https:\/\/pharmaplast-online.net\/cs\/wp-json\/wp\/v2\/product"}],"about":[{"href":"https:\/\/pharmaplast-online.net\/cs\/wp-json\/wp\/v2\/types\/product"}],"replies":[{"embeddable":true,"href":"https:\/\/pharmaplast-online.net\/cs\/wp-json\/wp\/v2\/comments?post=10073"}],"version-history":[{"count":20,"href":"https:\/\/pharmaplast-online.net\/cs\/wp-json\/wp\/v2\/product\/10073\/revisions"}],"predecessor-version":[{"id":24315,"href":"https:\/\/pharmaplast-online.net\/cs\/wp-json\/wp\/v2\/product\/10073\/revisions\/24315"}],"wp:featuredmedia":[{"embeddable":true,"href":"https:\/\/pharmaplast-online.net\/cs\/wp-json\/wp\/v2\/media\/22469"}],"wp:attachment":[{"href":"https:\/\/pharmaplast-online.net\/cs\/wp-json\/wp\/v2\/media?parent=10073"}],"wp:term":[{"taxonomy":"product_brand","embeddable":true,"href":"https:\/\/pharmaplast-online.net\/cs\/wp-json\/wp\/v2\/product_brand?post=10073"},{"taxonomy":"product_cat","embeddable":true,"href":"https:\/\/pharmaplast-online.net\/cs\/wp-json\/wp\/v2\/product_cat?post=10073"},{"taxonomy":"product_tag","embeddable":true,"href":"https:\/\/pharmaplast-online.net\/cs\/wp-json\/wp\/v2\/product_tag?post=10073"}],"curies":[{"name":"wp","href":"https:\/\/api.w.org\/{rel}","templated":true}]}}