{"id":11002,"date":"2023-02-28T12:50:35","date_gmt":"2023-02-28T12:50:35","guid":{"rendered":"https:\/\/pharmaplast.mediagate-egy.com\/?post_type=product&#038;p=11002"},"modified":"2026-03-14T08:35:56","modified_gmt":"2026-03-14T08:35:56","slug":"absoclear-comfort","status":"publish","type":"product","link":"https:\/\/pharmaplast-online.net\/cs\/produkt\/absoclear-comfort\/","title":{"rendered":"AbsoClear\u00ae Comfort"},"content":{"rendered":"<div data-elementor-type=\"product-post\" data-elementor-id=\"11002\" class=\"elementor elementor-11002\" data-elementor-post-type=\"product\">\n\t\t\t\t\t\t<section class=\"elementor-section elementor-top-section elementor-element elementor-element-83dba47 elementor-section-boxed elementor-section-height-default elementor-section-height-default qodef-elementor-content-no\" data-id=\"83dba47\" data-element_type=\"section\" data-e-type=\"section\" data-settings=\"{&quot;ekit_has_onepagescroll_dot&quot;:&quot;yes&quot;}\">\n\t\t\t\t\t\t<div class=\"elementor-container elementor-column-gap-default\">\n\t\t\t\t\t<div class=\"elementor-column elementor-col-100 elementor-top-column elementor-element elementor-element-4869236\" data-id=\"4869236\" data-element_type=\"column\" data-e-type=\"column\">\n\t\t\t<div class=\"elementor-widget-wrap elementor-element-populated\">\n\t\t\t\t\t\t<div class=\"elementor-element elementor-element-8ca1628 elementor-widget elementor-widget-elementskit-simple-tab\" data-id=\"8ca1628\" data-element_type=\"widget\" data-e-type=\"widget\" data-settings=\"{&quot;ekit_we_effect_on&quot;:&quot;none&quot;}\" data-widget_type=\"elementskit-simple-tab.default\">\n\t\t\t\t<div class=\"elementor-widget-container\">\n\t\t\t\t\t<div class=\"ekit-wid-con\" >        <div class=\"elementkit-tab-wraper\">\n            <ul class=\"nav nav-tabs elementkit-tab-nav  elementskit-fullwidth-tab\">\n                                    <li class=\"elementkit-nav-item elementor-repeater-item-d0363a9\">\n                        <a class=\"elementkit-nav-link  active show left-pos\" id=\"content-d0363a969e1a200d2d9f-tab\" data-ekit-handler-id=\"product-info\" data-ekit-toggle=\"tab\" data-target=\"#content-d0363a969e1a200d2d9f\" href=\"#Content-d0363a969e1a200d2d9f\"\n                            data-ekit-toggle-trigger=\"click\"\n                            aria-describedby=\"Content-d0363a969e1a200d2d9f\">\n                            <span class=\"elementskit-tab-icon\"><\/span>                            <span class=\"elementskit-tab-title\">Informace o Produktu<\/span>\n                        <\/a>\n                    <\/li>\n                                        <li class=\"elementkit-nav-item elementor-repeater-item-9b61f69\">\n                        <a class=\"elementkit-nav-link  left-pos\" id=\"content-9b61f6969e1a200d2d9f-tab\" data-ekit-handler-id=\"how-to-use\" data-ekit-toggle=\"tab\" data-target=\"#content-9b61f6969e1a200d2d9f\" href=\"#Content-9b61f6969e1a200d2d9f\"\n                            data-ekit-toggle-trigger=\"click\"\n                            aria-describedby=\"Content-9b61f6969e1a200d2d9f\">\n                            <span class=\"elementskit-tab-icon\"><\/span>                            <span class=\"elementskit-tab-title\">N\u00e1vod k pou\u017eit\u00ed<\/span>\n                        <\/a>\n                    <\/li>\n                                        <li class=\"elementkit-nav-item elementor-repeater-item-23affad\">\n                        <a class=\"elementkit-nav-link  left-pos\" id=\"content-23affad69e1a200d2d9f-tab\" data-ekit-handler-id=\"sizes-codes\" data-ekit-toggle=\"tab\" data-target=\"#content-23affad69e1a200d2d9f\" href=\"#Content-23affad69e1a200d2d9f\"\n                            data-ekit-toggle-trigger=\"click\"\n                            aria-describedby=\"Content-23affad69e1a200d2d9f\">\n                            <span class=\"elementskit-tab-icon\"><\/span>                            <span class=\"elementskit-tab-title\">Velikosti a K\u00f3dy<\/span>\n                        <\/a>\n                    <\/li>\n                                        <li class=\"elementkit-nav-item elementor-repeater-item-9882644\">\n                        <a class=\"elementkit-nav-link  left-pos\" id=\"content-988264469e1a200d2d9f-tab\" data-ekit-handler-id=\"downloads\" data-ekit-toggle=\"tab\" data-target=\"#content-988264469e1a200d2d9f\" href=\"#Content-988264469e1a200d2d9f\"\n                            data-ekit-toggle-trigger=\"click\"\n                            aria-describedby=\"Content-988264469e1a200d2d9f\">\n                            <span class=\"elementskit-tab-icon\"><\/span>                            <span class=\"elementskit-tab-title\">Sta\u017een\u00ed<\/span>\n                        <\/a>\n                    <\/li>\n                                <\/ul>\n\n            <div class=\"tab-content elementkit-tab-content\">\n                                    <div class=\"tab-pane elementkit-tab-pane elementor-repeater-item-d0363a9  active show\" id=\"content-d0363a969e1a200d2d9f\" role=\"tabpanel\"\n                         aria-labelledby=\"content-d0363a969e1a200d2d9f-tab\">\n                        <div class=\"animated fadeIn\">\n                            <h3>Informace o Produktu<\/h3>\t\t<div data-elementor-type=\"section\" data-elementor-id=\"8585\" class=\"elementor elementor-8585\" data-elementor-post-type=\"elementor_library\">\n\t\t\t\t\t<section class=\"elementor-section elementor-top-section elementor-element elementor-element-3c9a5a4 elementor-section-boxed elementor-section-height-default elementor-section-height-default qodef-elementor-content-no\" data-id=\"3c9a5a4\" data-element_type=\"section\" data-e-type=\"section\" data-settings=\"{&quot;ekit_has_onepagescroll_dot&quot;:&quot;yes&quot;}\">\n\t\t\t\t\t\t<div class=\"elementor-container elementor-column-gap-default\">\n\t\t\t\t\t<div class=\"elementor-column elementor-col-100 elementor-top-column elementor-element elementor-element-8fd3e15\" data-id=\"8fd3e15\" data-element_type=\"column\" data-e-type=\"column\">\n\t\t\t<div class=\"elementor-widget-wrap elementor-element-populated\">\n\t\t\t\t\t\t<div class=\"elementor-element elementor-element-c6fd92e elementor-widget elementor-widget-accordion\" data-id=\"c6fd92e\" data-element_type=\"widget\" data-e-type=\"widget\" data-settings=\"{&quot;ekit_we_effect_on&quot;:&quot;none&quot;}\" data-widget_type=\"accordion.default\">\n\t\t\t\t<div class=\"elementor-widget-container\">\n\t\t\t\t\t\t\t<div class=\"elementor-accordion\">\n\t\t\t\t\t\t\t<div class=\"elementor-accordion-item\">\n\t\t\t\t\t<div id=\"elementor-tab-title-2081\" class=\"elementor-tab-title\" data-tab=\"1\" role=\"button\" aria-controls=\"elementor-tab-content-2081\" aria-expanded=\"false\">\n\t\t\t\t\t\t\t\t\t\t\t\t\t<span class=\"elementor-accordion-icon elementor-accordion-icon-left\" aria-hidden=\"true\">\n\t\t\t\t\t\t\t\t\t\t\t\t\t\t\t<span class=\"elementor-accordion-icon-closed\"><i class=\"fas fa-plus\"><\/i><\/span>\n\t\t\t\t\t\t\t\t<span class=\"elementor-accordion-icon-opened\"><i class=\"fas fa-minus\"><\/i><\/span>\n\t\t\t\t\t\t\t\t\t\t\t\t\t\t<\/span>\n\t\t\t\t\t\t\t\t\t\t\t\t<a class=\"elementor-accordion-title\" tabindex=\"0\">Popis<\/a>\n\t\t\t\t\t<\/div>\n\t\t\t\t\t<div id=\"elementor-tab-content-2081\" class=\"elementor-tab-content elementor-clearfix\" data-tab=\"1\" role=\"region\" aria-labelledby=\"elementor-tab-title-2081\"><p class=\"translation-block\">AbsoClear\u00ae Comfort se skl\u00e1d\u00e1 z pr\u016fhledn\u00e9ho akrylov\u00e9ho hydrogelu obklopen\u00e9ho extra polyuretanovou adhezivn\u00ed vrstvou, kter\u00e1 se roz\u0161i\u0159uje a slou\u017e\u00ed jako adhezivn\u00ed okraj, a m\u00e1 tu v\u00fdhodu, \u017ee jej lze aplikovat bez fixa\u010dn\u00ed p\u00e1sky nebo sekund\u00e1rn\u00edho fixa\u010dn\u00edho obvazu.<\/p>\n<p>&nbsp;<\/p>\n<\/div>\n\t\t\t\t<\/div>\n\t\t\t\t\t\t\t<div class=\"elementor-accordion-item\">\n\t\t\t\t\t<div id=\"elementor-tab-title-2082\" class=\"elementor-tab-title\" data-tab=\"2\" role=\"button\" aria-controls=\"elementor-tab-content-2082\" aria-expanded=\"false\">\n\t\t\t\t\t\t\t\t\t\t\t\t\t<span class=\"elementor-accordion-icon elementor-accordion-icon-left\" aria-hidden=\"true\">\n\t\t\t\t\t\t\t\t\t\t\t\t\t\t\t<span class=\"elementor-accordion-icon-closed\"><i class=\"fas fa-plus\"><\/i><\/span>\n\t\t\t\t\t\t\t\t<span class=\"elementor-accordion-icon-opened\"><i class=\"fas fa-minus\"><\/i><\/span>\n\t\t\t\t\t\t\t\t\t\t\t\t\t\t<\/span>\n\t\t\t\t\t\t\t\t\t\t\t\t<a class=\"elementor-accordion-title\" tabindex=\"0\">Vlastnosti<\/a>\n\t\t\t\t\t<\/div>\n\t\t\t\t\t<div id=\"elementor-tab-content-2082\" class=\"elementor-tab-content elementor-clearfix\" data-tab=\"2\" role=\"region\" aria-labelledby=\"elementor-tab-title-2082\"><div class=\"su-spoiler-content su-u-clearfix su-u-trim\">\n<p style=\"text-align: justify\">\n<p style=\"text-align: justify\">\n<\/div>\n<\/div>\n\t\t\t\t<\/div>\n\t\t\t\t\t\t\t<div class=\"elementor-accordion-item\">\n\t\t\t\t\t<div id=\"elementor-tab-title-2083\" class=\"elementor-tab-title\" data-tab=\"3\" role=\"button\" aria-controls=\"elementor-tab-content-2083\" aria-expanded=\"false\">\n\t\t\t\t\t\t\t\t\t\t\t\t\t<span class=\"elementor-accordion-icon elementor-accordion-icon-left\" aria-hidden=\"true\">\n\t\t\t\t\t\t\t\t\t\t\t\t\t\t\t<span class=\"elementor-accordion-icon-closed\"><i class=\"fas fa-plus\"><\/i><\/span>\n\t\t\t\t\t\t\t\t<span class=\"elementor-accordion-icon-opened\"><i class=\"fas fa-minus\"><\/i><\/span>\n\t\t\t\t\t\t\t\t\t\t\t\t\t\t<\/span>\n\t\t\t\t\t\t\t\t\t\t\t\t<a class=\"elementor-accordion-title\" tabindex=\"0\">Ur\u010den\u00e9 Pou\u017eit\u00ed<\/a>\n\t\t\t\t\t<\/div>\n\t\t\t\t\t<div id=\"elementor-tab-content-2083\" class=\"elementor-tab-content elementor-clearfix\" data-tab=\"3\" role=\"region\" aria-labelledby=\"elementor-tab-title-2083\"><p class=\"translation-block\">\uf0a7\t\u010c\u00e1ste\u010dn\u00e9 a pln\u00e9 derm\u00e1ln\u00ed v\u0159edy.\n\uf0a7\tSlzy v k\u016f\u017ei.\n\uf0a7\tProle\u017eeniny.\n\uf0a7\tPovrchov\u00e9 r\u00e1ny a od\u0159eniny.\n\uf0a7\tPovrchov\u00e9 a \u010d\u00e1ste\u010dn\u00e9 pop\u00e1leniny.\n\uf0a7\tD\u00e1rcovsk\u00e9 str\u00e1nky.\n\uf0a7\t\u010cist\u00e9, uzav\u0159en\u00e9 aproximovan\u00e9 chirurgick\u00e9 \u0159ezy nebo laparoskopick\u00e9 \u0159ezy.\n\uf0a7\tPou\u017e\u00edv\u00e1 se jako ochrann\u00fd obvaz na ohro\u017eenou, nepo\u0161kozenou k\u016f\u017ei nebo k\u016f\u017ei za\u010d\u00ednaj\u00edc\u00ed vykazovat zn\u00e1mky po\u0161kozen\u00ed t\u0159en\u00edm nebo st\u0159ihem.<\/p>\n<\/div>\n\t\t\t\t<\/div>\n\t\t\t\t\t\t\t<div class=\"elementor-accordion-item\">\n\t\t\t\t\t<div id=\"elementor-tab-title-2084\" class=\"elementor-tab-title\" data-tab=\"4\" role=\"button\" aria-controls=\"elementor-tab-content-2084\" aria-expanded=\"false\">\n\t\t\t\t\t\t\t\t\t\t\t\t\t<span class=\"elementor-accordion-icon elementor-accordion-icon-left\" aria-hidden=\"true\">\n\t\t\t\t\t\t\t\t\t\t\t\t\t\t\t<span class=\"elementor-accordion-icon-closed\"><i class=\"fas fa-plus\"><\/i><\/span>\n\t\t\t\t\t\t\t\t<span class=\"elementor-accordion-icon-opened\"><i class=\"fas fa-minus\"><\/i><\/span>\n\t\t\t\t\t\t\t\t\t\t\t\t\t\t<\/span>\n\t\t\t\t\t\t\t\t\t\t\t\t<a class=\"elementor-accordion-title\" tabindex=\"0\">Kontraindikace<\/a>\n\t\t\t\t\t<\/div>\n\t\t\t\t\t<div id=\"elementor-tab-content-2084\" class=\"elementor-tab-content elementor-clearfix\" data-tab=\"4\" role=\"region\" aria-labelledby=\"elementor-tab-title-2084\"><div class=\"su-spoiler-content su-u-clearfix su-u-trim\">\n<p style=\"text-align: justify\" class=\"translation-block\">U pacient\u016f se zn\u00e1mou p\u0159ecitliv\u011blost\u00ed na akrylov\u00e9 polymery p\u0159eru\u0161te pou\u017e\u00edv\u00e1n\u00ed.\nNepou\u017e\u00edvejte v p\u0159\u00edpad\u011b pop\u00e1lenin t\u0159et\u00edho stupn\u011b a siln\u011b sekretuj\u00edc\u00edch ran.<\/p>\n<\/div>\n<\/div>\n\t\t\t\t<\/div>\n\t\t\t\t\t\t\t<div class=\"elementor-accordion-item\">\n\t\t\t\t\t<div id=\"elementor-tab-title-2085\" class=\"elementor-tab-title\" data-tab=\"5\" role=\"button\" aria-controls=\"elementor-tab-content-2085\" aria-expanded=\"false\">\n\t\t\t\t\t\t\t\t\t\t\t\t\t<span class=\"elementor-accordion-icon elementor-accordion-icon-left\" aria-hidden=\"true\">\n\t\t\t\t\t\t\t\t\t\t\t\t\t\t\t<span class=\"elementor-accordion-icon-closed\"><i class=\"fas fa-plus\"><\/i><\/span>\n\t\t\t\t\t\t\t\t<span class=\"elementor-accordion-icon-opened\"><i class=\"fas fa-minus\"><\/i><\/span>\n\t\t\t\t\t\t\t\t\t\t\t\t\t\t<\/span>\n\t\t\t\t\t\t\t\t\t\t\t\t<a class=\"elementor-accordion-title\" tabindex=\"0\">Preventivn\u00ed opat\u0159en\u00ed<\/a>\n\t\t\t\t\t<\/div>\n\t\t\t\t\t<div id=\"elementor-tab-content-2085\" class=\"elementor-tab-content elementor-clearfix\" data-tab=\"5\" role=\"region\" aria-labelledby=\"elementor-tab-title-2085\"><p class=\"translation-block\">AbsoClear\u00ae and AbsoClear\u00ae Comfort<br>\r\n1. Treatment of any wound should be part of a well-defined plan under the<br>\r\nsupervision of a health care professional.<br>\r\n2. Observe the wound for signs of infection. Consult a health care professional if any of the following are noted: fever, increased pain, redness, bleeding, swelling, unusual odor, increased drainage or cloudy or foul drainage.<br>\r\n3. AbsoClear\u00ae dressings may be used on infected wounds only under the care of a health care professional.<br>\r\n4. If the wound does not begin to show signs of healing or if any other unexpected symptoms occur, consult a health care professional.<br>\r\n5. During dressing removal for surgical incisions with an incision closure device such as adhesive wound closure strips, sutures, or staples, provide extra caution to avoid removal of these closure devices.<br>\r\n6. In order to minimize the risk of potential infection hazard or environmental<br>\r\npollution, disposing the medical device should follow disposal procedures according to applicable local laws.<\/p>\n<\/div>\n\t\t\t\t<\/div>\n\t\t\t\t\t\t\t<div class=\"elementor-accordion-item\">\n\t\t\t\t\t<div id=\"elementor-tab-title-2086\" class=\"elementor-tab-title\" data-tab=\"6\" role=\"button\" aria-controls=\"elementor-tab-content-2086\" aria-expanded=\"false\">\n\t\t\t\t\t\t\t\t\t\t\t\t\t<span class=\"elementor-accordion-icon elementor-accordion-icon-left\" aria-hidden=\"true\">\n\t\t\t\t\t\t\t\t\t\t\t\t\t\t\t<span class=\"elementor-accordion-icon-closed\"><i class=\"fas fa-plus\"><\/i><\/span>\n\t\t\t\t\t\t\t\t<span class=\"elementor-accordion-icon-opened\"><i class=\"fas fa-minus\"><\/i><\/span>\n\t\t\t\t\t\t\t\t\t\t\t\t\t\t<\/span>\n\t\t\t\t\t\t\t\t\t\t\t\t<a class=\"elementor-accordion-title\" tabindex=\"0\">Diagram vrstev<\/a>\n\t\t\t\t\t<\/div>\n\t\t\t\t\t<div id=\"elementor-tab-content-2086\" class=\"elementor-tab-content elementor-clearfix\" data-tab=\"6\" role=\"region\" aria-labelledby=\"elementor-tab-title-2086\"><\/div>\n\t\t\t\t<\/div>\n\t\t\t\t\t\t\t<div class=\"elementor-accordion-item\">\n\t\t\t\t\t<div id=\"elementor-tab-title-2087\" class=\"elementor-tab-title\" data-tab=\"7\" role=\"button\" aria-controls=\"elementor-tab-content-2087\" aria-expanded=\"false\">\n\t\t\t\t\t\t\t\t\t\t\t\t\t<span class=\"elementor-accordion-icon elementor-accordion-icon-left\" aria-hidden=\"true\">\n\t\t\t\t\t\t\t\t\t\t\t\t\t\t\t<span class=\"elementor-accordion-icon-closed\"><i class=\"fas fa-plus\"><\/i><\/span>\n\t\t\t\t\t\t\t\t<span class=\"elementor-accordion-icon-opened\"><i class=\"fas fa-minus\"><\/i><\/span>\n\t\t\t\t\t\t\t\t\t\t\t\t\t\t<\/span>\n\t\t\t\t\t\t\t\t\t\t\t\t<a class=\"elementor-accordion-title\" tabindex=\"0\">Frekvence v\u00fdm\u011bny<\/a>\n\t\t\t\t\t<\/div>\n\t\t\t\t\t<div id=\"elementor-tab-content-2087\" class=\"elementor-tab-content elementor-clearfix\" data-tab=\"7\" role=\"region\" aria-labelledby=\"elementor-tab-title-2087\"><\/div>\n\t\t\t\t<\/div>\n\t\t\t\t\t\t\t<div class=\"elementor-accordion-item\">\n\t\t\t\t\t<div id=\"elementor-tab-title-2088\" class=\"elementor-tab-title\" data-tab=\"8\" role=\"button\" aria-controls=\"elementor-tab-content-2088\" aria-expanded=\"false\">\n\t\t\t\t\t\t\t\t\t\t\t\t\t<span class=\"elementor-accordion-icon elementor-accordion-icon-left\" aria-hidden=\"true\">\n\t\t\t\t\t\t\t\t\t\t\t\t\t\t\t<span class=\"elementor-accordion-icon-closed\"><i class=\"fas fa-plus\"><\/i><\/span>\n\t\t\t\t\t\t\t\t<span class=\"elementor-accordion-icon-opened\"><i class=\"fas fa-minus\"><\/i><\/span>\n\t\t\t\t\t\t\t\t\t\t\t\t\t\t<\/span>\n\t\t\t\t\t\t\t\t\t\t\t\t<a class=\"elementor-accordion-title\" tabindex=\"0\">Jak to funguje?<\/a>\n\t\t\t\t\t<\/div>\n\t\t\t\t\t<div id=\"elementor-tab-content-2088\" class=\"elementor-tab-content elementor-clearfix\" data-tab=\"8\" role=\"region\" aria-labelledby=\"elementor-tab-title-2088\"><\/div>\n\t\t\t\t<\/div>\n\t\t\t\t\t\t\t<div class=\"elementor-accordion-item\">\n\t\t\t\t\t<div id=\"elementor-tab-title-2089\" class=\"elementor-tab-title\" data-tab=\"9\" role=\"button\" aria-controls=\"elementor-tab-content-2089\" aria-expanded=\"false\">\n\t\t\t\t\t\t\t\t\t\t\t\t\t<span class=\"elementor-accordion-icon elementor-accordion-icon-left\" aria-hidden=\"true\">\n\t\t\t\t\t\t\t\t\t\t\t\t\t\t\t<span class=\"elementor-accordion-icon-closed\"><i class=\"fas fa-plus\"><\/i><\/span>\n\t\t\t\t\t\t\t\t<span class=\"elementor-accordion-icon-opened\"><i class=\"fas fa-minus\"><\/i><\/span>\n\t\t\t\t\t\t\t\t\t\t\t\t\t\t<\/span>\n\t\t\t\t\t\t\t\t\t\t\t\t<a class=\"elementor-accordion-title\" tabindex=\"0\">\u017divotnost<\/a>\n\t\t\t\t\t<\/div>\n\t\t\t\t\t<div id=\"elementor-tab-content-2089\" class=\"elementor-tab-content elementor-clearfix\" data-tab=\"9\" role=\"region\" aria-labelledby=\"elementor-tab-title-2089\"><\/div>\n\t\t\t\t<\/div>\n\t\t\t\t\t\t\t\t<\/div>\n\t\t\t\t\t\t<\/div>\n\t\t\t\t<\/div>\n\t\t\t\t\t<\/div>\n\t\t<\/div>\n\t\t\t\t\t<\/div>\n\t\t<\/section>\n\t\t\t\t<\/div>\n\t\t                        <\/div>\n                    <\/div>\n                                    <div class=\"tab-pane elementkit-tab-pane elementor-repeater-item-9b61f69\" id=\"content-9b61f6969e1a200d2d9f\" role=\"tabpanel\"\n                         aria-labelledby=\"content-9b61f6969e1a200d2d9f-tab\">\n                        <div class=\"animated fadeIn\">\n                            <p class=\"translation-block\">1.\tOtev\u0159ete s\u00e1\u010dek a vyjm\u011bte steriln\u00ed obvaz.\n2.\tSloupn\u011bte f\u00f3lii z obvazu a odhalte tak lepiv\u00fd povrch.\nV p\u0159\u00edpad\u011b pot\u0159eby lze okraj f\u00f3lie p\u0159ed odstran\u011bn\u00edm pap\u00edrov\u00e9ho r\u00e1mu o\u0159\u00edznout.\n3.\tUm\u00edst\u011bte obvaz do st\u0159edu r\u00e1ny\/chirurgick\u00e9ho \u0159ezu.\nJemn\u011b p\u0159itla\u010dte lepivou stranu dol\u016f a vyhla\u010fte ji od st\u0159edu ven. Nenatahujte obvaz ani k\u016f\u017ei.\n4.\t(V p\u0159\u00edpad\u011b r\u00e1mov\u00e9ho proveden\u00ed) pomalu odstra\u0148te r\u00e1m, zat\u00edmco uhlazuje okraj f\u00f3lie a pevn\u011b p\u0159itla\u010duje, aby se zajistilo dobr\u00e9 p\u0159ilnut\u00ed<\/p><p><img fetchpriority=\"high\" decoding=\"async\" class=\"aligncenter wp-image-23731 size-full\" src=\"https:\/\/pharmaplast-online.net\/wp-content\/uploads\/2026\/01\/AbsoClear-Comfort-IFU.png\" alt=\"\" width=\"653\" height=\"372\" srcset=\"https:\/\/pharmaplast-online.net\/wp-content\/uploads\/2026\/01\/AbsoClear-Comfort-IFU.png 653w, https:\/\/pharmaplast-online.net\/wp-content\/uploads\/2026\/01\/AbsoClear-Comfort-IFU-300x171.png 300w, https:\/\/pharmaplast-online.net\/wp-content\/uploads\/2026\/01\/AbsoClear-Comfort-IFU-18x10.png 18w, https:\/\/pharmaplast-online.net\/wp-content\/uploads\/2026\/01\/AbsoClear-Comfort-IFU-24x14.png 24w, https:\/\/pharmaplast-online.net\/wp-content\/uploads\/2026\/01\/AbsoClear-Comfort-IFU-36x21.png 36w, https:\/\/pharmaplast-online.net\/wp-content\/uploads\/2026\/01\/AbsoClear-Comfort-IFU-48x27.png 48w, https:\/\/pharmaplast-online.net\/wp-content\/uploads\/2026\/01\/AbsoClear-Comfort-IFU-600x342.png 600w\" sizes=\"(max-width: 653px) 100vw, 653px\" \/><\/p><p>5.\t(V p\u0159\u00edpad\u011b vlnovkov\u011b \u0159ezan\u00e9ho podkladov\u00e9ho pap\u00edru) obvaz m\u00edrn\u011b nat\u00e1hn\u011bte a odstra\u0148te podkladov\u00fd pap\u00edr, p\u0159i\u010dem\u017e uhla\u010fte okraj f\u00f3lie a pevn\u011b p\u0159itla\u010dte, abyste zajistili dobrou p\u0159ilnavost<\/p><p><img decoding=\"async\" class=\"aligncenter wp-image-23742 size-full\" src=\"https:\/\/pharmaplast-online.net\/wp-content\/uploads\/2026\/01\/AbsoClear-IFU-1.png\" alt=\"\" width=\"653\" height=\"127\" srcset=\"https:\/\/pharmaplast-online.net\/wp-content\/uploads\/2026\/01\/AbsoClear-IFU-1.png 653w, https:\/\/pharmaplast-online.net\/wp-content\/uploads\/2026\/01\/AbsoClear-IFU-1-300x58.png 300w, https:\/\/pharmaplast-online.net\/wp-content\/uploads\/2026\/01\/AbsoClear-IFU-1-18x4.png 18w, https:\/\/pharmaplast-online.net\/wp-content\/uploads\/2026\/01\/AbsoClear-IFU-1-650x127.png 650w, https:\/\/pharmaplast-online.net\/wp-content\/uploads\/2026\/01\/AbsoClear-IFU-1-24x5.png 24w, https:\/\/pharmaplast-online.net\/wp-content\/uploads\/2026\/01\/AbsoClear-IFU-1-36x7.png 36w, https:\/\/pharmaplast-online.net\/wp-content\/uploads\/2026\/01\/AbsoClear-IFU-1-48x9.png 48w, https:\/\/pharmaplast-online.net\/wp-content\/uploads\/2026\/01\/AbsoClear-IFU-1-600x117.png 600w\" sizes=\"(max-width: 653px) 100vw, 653px\" \/><\/p>                        <\/div>\n                    <\/div>\n                                    <div class=\"tab-pane elementkit-tab-pane elementor-repeater-item-23affad\" id=\"content-23affad69e1a200d2d9f\" role=\"tabpanel\"\n                         aria-labelledby=\"content-23affad69e1a200d2d9f-tab\">\n                        <div class=\"animated fadeIn\">\n                            <table><tbody><tr><td width=\"150\"><p><strong>AbsoClear <\/strong><strong>\u00ae<\/strong><strong> Comfort <\/strong><\/p><\/td><td width=\"105\"><p><strong>Size<\/strong><\/p><\/td><td width=\"126\"><p><strong>Pieces\/Case<\/strong><\/p><\/td><td width=\"144\"><p><strong>Boxes\/Case <\/strong><\/p><\/td><\/tr><tr><td width=\"150\"><p>ABSOC75100<\/p><\/td><td width=\"105\"><p>75mmx100mm<\/p><\/td><td width=\"126\"><p>5<\/p><\/td><td width=\"144\"><p>48<\/p><\/td><\/tr><tr><td width=\"150\"><p>ABSOC100100<\/p><\/td><td width=\"105\"><p>100mmx100mm<\/p><\/td><td width=\"126\"><p>5<\/p><\/td><td width=\"144\"><p>24<\/p><\/td><\/tr><tr><td width=\"150\"><p>ABSOC100150<\/p><\/td><td width=\"105\"><p>100mmx150mm<\/p><\/td><td width=\"126\"><p>5<\/p><\/td><td width=\"144\"><p>24<\/p><\/td><\/tr><tr><td width=\"150\"><p>ABSOC150150<\/p><\/td><td width=\"105\"><p>150mmx150mm<\/p><\/td><td width=\"126\"><p>5<\/p><\/td><td width=\"144\"><p>24<\/p><\/td><\/tr><tr><td width=\"150\"><p>ABSOC100200<\/p><\/td><td width=\"105\"><p>100mmx200mm<\/p><\/td><td width=\"126\"><p>5<\/p><\/td><td width=\"144\"><p>24<\/p><\/td><\/tr><tr><td width=\"150\"><p>ABSOC200200<\/p><\/td><td width=\"105\"><p>200mmx200mm<\/p><\/td><td width=\"126\"><p>5<\/p><\/td><td width=\"144\"><p>24<\/p><\/td><\/tr><tr><td width=\"150\"><p>ABSOC100300<\/p><\/td><td width=\"105\"><p>100mmx300mm<\/p><\/td><td width=\"126\"><p>5<\/p><\/td><td width=\"144\"><p>24<\/p><\/td><\/tr><tr><td width=\"150\"><p>ABSOC100350<\/p><\/td><td width=\"105\"><p>100mmx350mm<\/p><\/td><td width=\"126\"><p>5<\/p><\/td><td width=\"144\"><p>48<\/p><\/td><\/tr><\/tbody><\/table><p>Jin\u00e9 velikosti jsou k dispozici na vy\u017e\u00e1d\u00e1n\u00ed.<\/p><p>\u00a0<\/p>                        <\/div>\n                    <\/div>\n                                    <div class=\"tab-pane elementkit-tab-pane elementor-repeater-item-9882644\" id=\"content-988264469e1a200d2d9f\" role=\"tabpanel\"\n                         aria-labelledby=\"content-988264469e1a200d2d9f-tab\">\n                        <div class=\"animated fadeIn\">\n                            <p><a href=\"https:\/\/pharmaplast-online.net\/wp-content\/uploads\/2026\/03\/AbsoClear-Brochure-issue-3-11062024.pdf\">AbsoClear Family Brochure<\/a><\/p><p><a href=\"https:\/\/pharmaplast-online.net\/wp-content\/uploads\/2025\/06\/AbsoClear-Family-Brochure-1.pdf\"><img decoding=\"async\" class=\"alignnone wp-image-20471\" src=\"https:\/\/pharmaplast-online.net\/wp-content\/uploads\/2025\/06\/broucher-300x105.png\" alt=\"\" width=\"139\" height=\"49\" srcset=\"https:\/\/pharmaplast-online.net\/wp-content\/uploads\/2025\/06\/broucher-300x105.png 300w, https:\/\/pharmaplast-online.net\/wp-content\/uploads\/2025\/06\/broucher-18x6.png 18w, https:\/\/pharmaplast-online.net\/wp-content\/uploads\/2025\/06\/broucher-24x8.png 24w, https:\/\/pharmaplast-online.net\/wp-content\/uploads\/2025\/06\/broucher-36x13.png 36w, https:\/\/pharmaplast-online.net\/wp-content\/uploads\/2025\/06\/broucher-48x17.png 48w, https:\/\/pharmaplast-online.net\/wp-content\/uploads\/2025\/06\/broucher-600x211.png 600w, https:\/\/pharmaplast-online.net\/wp-content\/uploads\/2025\/06\/broucher.png 640w\" sizes=\"(max-width: 139px) 100vw, 139px\" \/><\/a><\/p>                        <\/div>\n                    <\/div>\n                                \n            <\/div>\n                    <\/div>\n    <\/div>\t\t\t\t<\/div>\n\t\t\t\t<\/div>\n\t\t\t\t\t<\/div>\n\t\t<\/div>\n\t\t\t\t\t<\/div>\n\t\t<\/section>\n\t\t\t\t<\/div>","protected":false},"excerpt":{"rendered":"<p>Superabsorp\u010dn\u00ed hydrogel s lepic\u00edmi okraji<\/p>","protected":false},"featured_media":20492,"comment_status":"open","ping_status":"closed","template":"","meta":[],"product_brand":[],"product_cat":[187,191,189],"product_tag":[],"class_list":{"0":"post-11002","1":"product","2":"type-product","3":"status-publish","4":"has-post-thumbnail","6":"product_cat-advanced-wound-care","7":"product_cat-clear-hydrogel-dressings","8":"product_cat-hydrogels","10":"first","11":"instock","12":"shipping-taxable","13":"product-type-simple"},"acf":[],"_links":{"self":[{"href":"https:\/\/pharmaplast-online.net\/cs\/wp-json\/wp\/v2\/product\/11002","targetHints":{"allow":["GET"]}}],"collection":[{"href":"https:\/\/pharmaplast-online.net\/cs\/wp-json\/wp\/v2\/product"}],"about":[{"href":"https:\/\/pharmaplast-online.net\/cs\/wp-json\/wp\/v2\/types\/product"}],"replies":[{"embeddable":true,"href":"https:\/\/pharmaplast-online.net\/cs\/wp-json\/wp\/v2\/comments?post=11002"}],"version-history":[{"count":57,"href":"https:\/\/pharmaplast-online.net\/cs\/wp-json\/wp\/v2\/product\/11002\/revisions"}],"predecessor-version":[{"id":24128,"href":"https:\/\/pharmaplast-online.net\/cs\/wp-json\/wp\/v2\/product\/11002\/revisions\/24128"}],"wp:featuredmedia":[{"embeddable":true,"href":"https:\/\/pharmaplast-online.net\/cs\/wp-json\/wp\/v2\/media\/20492"}],"wp:attachment":[{"href":"https:\/\/pharmaplast-online.net\/cs\/wp-json\/wp\/v2\/media?parent=11002"}],"wp:term":[{"taxonomy":"product_brand","embeddable":true,"href":"https:\/\/pharmaplast-online.net\/cs\/wp-json\/wp\/v2\/product_brand?post=11002"},{"taxonomy":"product_cat","embeddable":true,"href":"https:\/\/pharmaplast-online.net\/cs\/wp-json\/wp\/v2\/product_cat?post=11002"},{"taxonomy":"product_tag","embeddable":true,"href":"https:\/\/pharmaplast-online.net\/cs\/wp-json\/wp\/v2\/product_tag?post=11002"}],"curies":[{"name":"wp","href":"https:\/\/api.w.org\/{rel}","templated":true}]}}