{"id":11105,"date":"2023-02-28T14:25:21","date_gmt":"2023-02-28T14:25:21","guid":{"rendered":"https:\/\/pharmaplast.mediagate-egy.com\/?post_type=product&#038;p=11105"},"modified":"2026-04-15T09:31:39","modified_gmt":"2026-04-15T09:31:39","slug":"espuma-gentle-transfer-2","status":"publish","type":"product","link":"https:\/\/pharmaplast-online.net\/cs\/produkt\/espuma-gentle-transfer-2\/","title":{"rendered":"ESPUMA\u00ae Gentle Transfer"},"content":{"rendered":"<div data-elementor-type=\"product-post\" data-elementor-id=\"11105\" class=\"elementor elementor-11105\" data-elementor-post-type=\"product\">\n\t\t\t\t\t\t<section class=\"elementor-section elementor-top-section elementor-element elementor-element-3f6c169 elementor-section-boxed elementor-section-height-default elementor-section-height-default qodef-elementor-content-no\" data-id=\"3f6c169\" data-element_type=\"section\" data-e-type=\"section\" data-settings=\"{&quot;ekit_has_onepagescroll_dot&quot;:&quot;yes&quot;}\">\n\t\t\t\t\t\t<div class=\"elementor-container elementor-column-gap-default\">\n\t\t\t\t\t<div class=\"elementor-column elementor-col-100 elementor-top-column elementor-element elementor-element-8213c36\" data-id=\"8213c36\" data-element_type=\"column\" data-e-type=\"column\">\n\t\t\t<div class=\"elementor-widget-wrap elementor-element-populated\">\n\t\t\t\t\t\t<div class=\"elementor-element elementor-element-a5f9dc3 elementor-widget elementor-widget-elementskit-simple-tab\" data-id=\"a5f9dc3\" data-element_type=\"widget\" data-e-type=\"widget\" data-settings=\"{&quot;ekit_we_effect_on&quot;:&quot;none&quot;}\" data-widget_type=\"elementskit-simple-tab.default\">\n\t\t\t\t<div class=\"elementor-widget-container\">\n\t\t\t\t\t<div class=\"ekit-wid-con\" >        <div class=\"elementkit-tab-wraper\">\n            <ul class=\"nav nav-tabs elementkit-tab-nav  elementskit-fullwidth-tab\">\n                                    <li class=\"elementkit-nav-item elementor-repeater-item-d0363a9\">\n                        <a class=\"elementkit-nav-link  active show left-pos\" id=\"content-d0363a969e63b2499b6a-tab\" data-ekit-handler-id=\"product-info\" data-ekit-toggle=\"tab\" data-target=\"#content-d0363a969e63b2499b6a\" href=\"#Content-d0363a969e63b2499b6a\"\n                            data-ekit-toggle-trigger=\"click\"\n                            aria-describedby=\"Content-d0363a969e63b2499b6a\">\n                            <span class=\"elementskit-tab-icon\"><\/span>                            <span class=\"elementskit-tab-title\">Informace o Produktu<\/span>\n                        <\/a>\n                    <\/li>\n                                        <li class=\"elementkit-nav-item elementor-repeater-item-9b61f69\">\n                        <a class=\"elementkit-nav-link  left-pos\" id=\"content-9b61f6969e63b2499b6a-tab\" data-ekit-handler-id=\"how-to-use\" data-ekit-toggle=\"tab\" data-target=\"#content-9b61f6969e63b2499b6a\" href=\"#Content-9b61f6969e63b2499b6a\"\n                            data-ekit-toggle-trigger=\"click\"\n                            aria-describedby=\"Content-9b61f6969e63b2499b6a\">\n                            <span class=\"elementskit-tab-icon\"><\/span>                            <span class=\"elementskit-tab-title\">N\u00e1vod k pou\u017eit\u00ed<\/span>\n                        <\/a>\n                    <\/li>\n                                        <li class=\"elementkit-nav-item elementor-repeater-item-23affad\">\n                        <a class=\"elementkit-nav-link  left-pos\" id=\"content-23affad69e63b2499b6a-tab\" data-ekit-handler-id=\"sizes-codes\" data-ekit-toggle=\"tab\" data-target=\"#content-23affad69e63b2499b6a\" href=\"#Content-23affad69e63b2499b6a\"\n                            data-ekit-toggle-trigger=\"click\"\n                            aria-describedby=\"Content-23affad69e63b2499b6a\">\n                            <span class=\"elementskit-tab-icon\"><\/span>                            <span class=\"elementskit-tab-title\">Velikosti a K\u00f3dy<\/span>\n                        <\/a>\n                    <\/li>\n                                        <li class=\"elementkit-nav-item elementor-repeater-item-9882644\">\n                        <a class=\"elementkit-nav-link  left-pos\" id=\"content-988264469e63b2499b6a-tab\" data-ekit-handler-id=\"downloads\" data-ekit-toggle=\"tab\" data-target=\"#content-988264469e63b2499b6a\" href=\"#Content-988264469e63b2499b6a\"\n                            data-ekit-toggle-trigger=\"click\"\n                            aria-describedby=\"Content-988264469e63b2499b6a\">\n                            <span class=\"elementskit-tab-icon\"><\/span>                            <span class=\"elementskit-tab-title\">Sta\u017een\u00ed<\/span>\n                        <\/a>\n                    <\/li>\n                                <\/ul>\n\n            <div class=\"tab-content elementkit-tab-content\">\n                                    <div class=\"tab-pane elementkit-tab-pane elementor-repeater-item-d0363a9  active show\" id=\"content-d0363a969e63b2499b6a\" role=\"tabpanel\"\n                         aria-labelledby=\"content-d0363a969e63b2499b6a-tab\">\n                        <div class=\"animated fadeIn\">\n                            <h3>Informace o Produktu<\/h3><p>\t\t<div data-elementor-type=\"section\" data-elementor-id=\"8585\" class=\"elementor elementor-8585\" data-elementor-post-type=\"elementor_library\">\n\t\t\t\t\t<section class=\"elementor-section elementor-top-section elementor-element elementor-element-3c9a5a4 elementor-section-boxed elementor-section-height-default elementor-section-height-default qodef-elementor-content-no\" data-id=\"3c9a5a4\" data-element_type=\"section\" data-e-type=\"section\" data-settings=\"{&quot;ekit_has_onepagescroll_dot&quot;:&quot;yes&quot;}\">\n\t\t\t\t\t\t<div class=\"elementor-container elementor-column-gap-default\">\n\t\t\t\t\t<div class=\"elementor-column elementor-col-100 elementor-top-column elementor-element elementor-element-8fd3e15\" data-id=\"8fd3e15\" data-element_type=\"column\" data-e-type=\"column\">\n\t\t\t<div class=\"elementor-widget-wrap elementor-element-populated\">\n\t\t\t\t\t\t<div class=\"elementor-element elementor-element-c6fd92e elementor-widget elementor-widget-accordion\" data-id=\"c6fd92e\" data-element_type=\"widget\" data-e-type=\"widget\" data-settings=\"{&quot;ekit_we_effect_on&quot;:&quot;none&quot;}\" data-widget_type=\"accordion.default\">\n\t\t\t\t<div class=\"elementor-widget-container\">\n\t\t\t\t\t\t\t<div class=\"elementor-accordion\">\n\t\t\t\t\t\t\t<div class=\"elementor-accordion-item\">\n\t\t\t\t\t<div id=\"elementor-tab-title-2081\" class=\"elementor-tab-title\" data-tab=\"1\" role=\"button\" aria-controls=\"elementor-tab-content-2081\" aria-expanded=\"false\">\n\t\t\t\t\t\t\t\t\t\t\t\t\t<span class=\"elementor-accordion-icon elementor-accordion-icon-left\" aria-hidden=\"true\">\n\t\t\t\t\t\t\t\t\t\t\t\t\t\t\t<span class=\"elementor-accordion-icon-closed\"><i class=\"fas fa-plus\"><\/i><\/span>\n\t\t\t\t\t\t\t\t<span class=\"elementor-accordion-icon-opened\"><i class=\"fas fa-minus\"><\/i><\/span>\n\t\t\t\t\t\t\t\t\t\t\t\t\t\t<\/span>\n\t\t\t\t\t\t\t\t\t\t\t\t<a class=\"elementor-accordion-title\" tabindex=\"0\">Popis<\/a>\n\t\t\t\t\t<\/div>\n\t\t\t\t\t<div id=\"elementor-tab-content-2081\" class=\"elementor-tab-content elementor-clearfix\" data-tab=\"1\" role=\"region\" aria-labelledby=\"elementor-tab-title-2081\"><p><strong>ESPUMA<\/strong><strong>\u00ae GENTLE TRANSFER <\/strong>is composed of thin polyurethane foam layer, but without polyurethane top sheet, so that the dressing can transfer exudates away from the wound into a secondary absorbent dressing.<\/p>\n<\/div>\n\t\t\t\t<\/div>\n\t\t\t\t\t\t\t<div class=\"elementor-accordion-item\">\n\t\t\t\t\t<div id=\"elementor-tab-title-2082\" class=\"elementor-tab-title\" data-tab=\"2\" role=\"button\" aria-controls=\"elementor-tab-content-2082\" aria-expanded=\"false\">\n\t\t\t\t\t\t\t\t\t\t\t\t\t<span class=\"elementor-accordion-icon elementor-accordion-icon-left\" aria-hidden=\"true\">\n\t\t\t\t\t\t\t\t\t\t\t\t\t\t\t<span class=\"elementor-accordion-icon-closed\"><i class=\"fas fa-plus\"><\/i><\/span>\n\t\t\t\t\t\t\t\t<span class=\"elementor-accordion-icon-opened\"><i class=\"fas fa-minus\"><\/i><\/span>\n\t\t\t\t\t\t\t\t\t\t\t\t\t\t<\/span>\n\t\t\t\t\t\t\t\t\t\t\t\t<a class=\"elementor-accordion-title\" tabindex=\"0\">Vlastnosti<\/a>\n\t\t\t\t\t<\/div>\n\t\t\t\t\t<div id=\"elementor-tab-content-2082\" class=\"elementor-tab-content elementor-clearfix\" data-tab=\"2\" role=\"region\" aria-labelledby=\"elementor-tab-title-2082\"><p>&nbsp;<\/p>\n<p>&nbsp;<\/p>\n<\/div>\n\t\t\t\t<\/div>\n\t\t\t\t\t\t\t<div class=\"elementor-accordion-item\">\n\t\t\t\t\t<div id=\"elementor-tab-title-2083\" class=\"elementor-tab-title\" data-tab=\"3\" role=\"button\" aria-controls=\"elementor-tab-content-2083\" aria-expanded=\"false\">\n\t\t\t\t\t\t\t\t\t\t\t\t\t<span class=\"elementor-accordion-icon elementor-accordion-icon-left\" aria-hidden=\"true\">\n\t\t\t\t\t\t\t\t\t\t\t\t\t\t\t<span class=\"elementor-accordion-icon-closed\"><i class=\"fas fa-plus\"><\/i><\/span>\n\t\t\t\t\t\t\t\t<span class=\"elementor-accordion-icon-opened\"><i class=\"fas fa-minus\"><\/i><\/span>\n\t\t\t\t\t\t\t\t\t\t\t\t\t\t<\/span>\n\t\t\t\t\t\t\t\t\t\t\t\t<a class=\"elementor-accordion-title\" tabindex=\"0\">Ur\u010den\u00e9 Pou\u017eit\u00ed<\/a>\n\t\t\t\t\t<\/div>\n\t\t\t\t\t<div id=\"elementor-tab-content-2083\" class=\"elementor-tab-content elementor-clearfix\" data-tab=\"3\" role=\"region\" aria-labelledby=\"elementor-tab-title-2083\"><ul>\n<li>Designed for a wide range of exuding and difficult-to-dress wounds.<\/li>\n<li>can also be used as a protective layer on non-exuding wounds and\/or large areas of fragile skin.<\/li>\n<li>can be used under compression.<\/li>\n<\/ul>\n<\/div>\n\t\t\t\t<\/div>\n\t\t\t\t\t\t\t<div class=\"elementor-accordion-item\">\n\t\t\t\t\t<div id=\"elementor-tab-title-2084\" class=\"elementor-tab-title\" data-tab=\"4\" role=\"button\" aria-controls=\"elementor-tab-content-2084\" aria-expanded=\"false\">\n\t\t\t\t\t\t\t\t\t\t\t\t\t<span class=\"elementor-accordion-icon elementor-accordion-icon-left\" aria-hidden=\"true\">\n\t\t\t\t\t\t\t\t\t\t\t\t\t\t\t<span class=\"elementor-accordion-icon-closed\"><i class=\"fas fa-plus\"><\/i><\/span>\n\t\t\t\t\t\t\t\t<span class=\"elementor-accordion-icon-opened\"><i class=\"fas fa-minus\"><\/i><\/span>\n\t\t\t\t\t\t\t\t\t\t\t\t\t\t<\/span>\n\t\t\t\t\t\t\t\t\t\t\t\t<a class=\"elementor-accordion-title\" tabindex=\"0\">Kontraindikace<\/a>\n\t\t\t\t\t<\/div>\n\t\t\t\t\t<div id=\"elementor-tab-content-2084\" class=\"elementor-tab-content elementor-clearfix\" data-tab=\"4\" role=\"region\" aria-labelledby=\"elementor-tab-title-2084\"><p>- Kryt\u00ed by se nem\u011blo pou\u017e\u00edvat u pacient\u016f se zn\u00e1mou p\u0159ecitliv\u011blost\u00ed na silikon, polyuretan nebo kteroukoli slo\u017eku kryt\u00ed<\/p>\n<\/div>\n\t\t\t\t<\/div>\n\t\t\t\t\t\t\t<div class=\"elementor-accordion-item\">\n\t\t\t\t\t<div id=\"elementor-tab-title-2085\" class=\"elementor-tab-title\" data-tab=\"5\" role=\"button\" aria-controls=\"elementor-tab-content-2085\" aria-expanded=\"false\">\n\t\t\t\t\t\t\t\t\t\t\t\t\t<span class=\"elementor-accordion-icon elementor-accordion-icon-left\" aria-hidden=\"true\">\n\t\t\t\t\t\t\t\t\t\t\t\t\t\t\t<span class=\"elementor-accordion-icon-closed\"><i class=\"fas fa-plus\"><\/i><\/span>\n\t\t\t\t\t\t\t\t<span class=\"elementor-accordion-icon-opened\"><i class=\"fas fa-minus\"><\/i><\/span>\n\t\t\t\t\t\t\t\t\t\t\t\t\t\t<\/span>\n\t\t\t\t\t\t\t\t\t\t\t\t<a class=\"elementor-accordion-title\" tabindex=\"0\">Preventivn\u00ed opat\u0159en\u00ed<\/a>\n\t\t\t\t\t<\/div>\n\t\t\t\t\t<div id=\"elementor-tab-content-2085\" class=\"elementor-tab-content elementor-clearfix\" data-tab=\"5\" role=\"region\" aria-labelledby=\"elementor-tab-title-2085\"><ul>\n<li>-\tObvaz lze pou\u017e\u00edt na infikovan\u00e9 r\u00e1ny pouze pod dohledem zdravotnick\u00e9ho pracovn\u00edka.<\/li>\n<li>-\tOpakovan\u00e9 pou\u017eit\u00ed m\u016f\u017ee v\u00e9st ke zv\u00fd\u0161en\u00e9mu riziku infekce nebo k\u0159\u00ed\u017eov\u00e9 kontaminace.<\/li>\n<li><strong><em>Silicone Hydrocellular Dressings<\/em><\/strong> -\tSilikonov\u00e9 hydrocelul\u00e1rn\u00ed obvazy nem\u011bl by se pou\u017e\u00edvat s oxida\u010dn\u00edmi \u010dinidly, jako je roztok chlornanu nebo peroxid vod\u00edku, proto\u017ee tato \u010dinidla mohou naru\u0161it absorp\u010dn\u00ed polyuretanovou slo\u017eku obvazu.<\/li>\n<li>-\tPou\u017e\u00edv\u00e1n\u00ed za\u0159\u00edzen\u00ed by m\u011blo b\u00fdt p\u0159eru\u0161eno, pokud se objev\u00ed jak\u00e9koli zn\u00e1mky odlupov\u00e1n\u00ed k\u016f\u017ee.<\/li>\n<li>-\tV p\u0159\u00edpad\u011b p\u0159\u00edznak\u016f klinick\u00e9 infekce se pora\u010fte se zdravotn\u00edkem, kter\u00fd v\u00e1m zajist\u00ed vhodnou l\u00e9\u010dbu.<\/li>\n<li>-\tPou\u017e\u00edv\u00e1n\u00ed obvaz\u016f jako sou\u010d\u00e1sti profylaktick\u00e9 terapie nevylu\u010duje nutnost nad\u00e1le rozv\u00edjet a dodr\u017eovat komplexn\u00ed protokol prevence dekubit\u016f, tj. podp\u016frn\u00e9 plochy, polohov\u00e1n\u00ed, v\u00fd\u017eivu, hydrataci, p\u00e9\u010di o k\u016f\u017ei a mobilitu.<\/li>\n<li>-\tP\u0159i pou\u017e\u00edv\u00e1n\u00ed obvazu pod zdravotnick\u00fdmi prost\u0159edky v bl\u00edzkosti nosu a \u00fast je t\u0159eba db\u00e1t opatrnosti, proto\u017ee se zde m\u016f\u017ee hromadit vlhkost, kter\u00e1 ovliv\u0148uje p\u0159ilnavost a vede k jeho pohybu.<\/li>\n<li>-\tPacienti s epidermolysis bullosa vy\u017eaduj\u00ed zvl\u00e1\u0161tn\u00ed zach\u00e1zen\u00ed a mus\u00ed b\u00fdt o\u0161et\u0159eni zdravotnick\u00fdm pracovn\u00edkem ve specializovan\u00fdch zdravotnick\u00fdch za\u0159\u00edzen\u00edch.<\/li>\n<li>-\tVelikosti podpatk\u016f se nesm\u00ed pou\u017e\u00edvat k odleh\u010den\u00ed tlaku nez\u00e1visle na za\u0159\u00edzen\u00edch pro odleh\u010den\u00ed tlaku.<\/li>\n<li>-\tAby se minimalizovalo riziko potenci\u00e1ln\u00ed infekce nebo zne\u010di\u0161t\u011bn\u00ed \u017eivotn\u00edho prost\u0159ed\u00ed, je t\u0159eba p\u0159i likvidaci zdravotnick\u00e9ho prost\u0159edku dodr\u017eovat postupy likvidace v souladu s platn\u00fdmi m\u00edstn\u00edmi p\u0159edpisy.<\/li>\n<\/ul>\n<\/div>\n\t\t\t\t<\/div>\n\t\t\t\t\t\t\t<div class=\"elementor-accordion-item\">\n\t\t\t\t\t<div id=\"elementor-tab-title-2086\" class=\"elementor-tab-title\" data-tab=\"6\" role=\"button\" aria-controls=\"elementor-tab-content-2086\" aria-expanded=\"false\">\n\t\t\t\t\t\t\t\t\t\t\t\t\t<span class=\"elementor-accordion-icon elementor-accordion-icon-left\" aria-hidden=\"true\">\n\t\t\t\t\t\t\t\t\t\t\t\t\t\t\t<span class=\"elementor-accordion-icon-closed\"><i class=\"fas fa-plus\"><\/i><\/span>\n\t\t\t\t\t\t\t\t<span class=\"elementor-accordion-icon-opened\"><i class=\"fas fa-minus\"><\/i><\/span>\n\t\t\t\t\t\t\t\t\t\t\t\t\t\t<\/span>\n\t\t\t\t\t\t\t\t\t\t\t\t<a class=\"elementor-accordion-title\" tabindex=\"0\">Diagram vrstev<\/a>\n\t\t\t\t\t<\/div>\n\t\t\t\t\t<div id=\"elementor-tab-content-2086\" class=\"elementor-tab-content elementor-clearfix\" data-tab=\"6\" role=\"region\" aria-labelledby=\"elementor-tab-title-2086\"><\/div>\n\t\t\t\t<\/div>\n\t\t\t\t\t\t\t<div class=\"elementor-accordion-item\">\n\t\t\t\t\t<div id=\"elementor-tab-title-2087\" class=\"elementor-tab-title\" data-tab=\"7\" role=\"button\" aria-controls=\"elementor-tab-content-2087\" aria-expanded=\"false\">\n\t\t\t\t\t\t\t\t\t\t\t\t\t<span class=\"elementor-accordion-icon elementor-accordion-icon-left\" aria-hidden=\"true\">\n\t\t\t\t\t\t\t\t\t\t\t\t\t\t\t<span class=\"elementor-accordion-icon-closed\"><i class=\"fas fa-plus\"><\/i><\/span>\n\t\t\t\t\t\t\t\t<span class=\"elementor-accordion-icon-opened\"><i class=\"fas fa-minus\"><\/i><\/span>\n\t\t\t\t\t\t\t\t\t\t\t\t\t\t<\/span>\n\t\t\t\t\t\t\t\t\t\t\t\t<a class=\"elementor-accordion-title\" tabindex=\"0\">Frekvence v\u00fdm\u011bny<\/a>\n\t\t\t\t\t<\/div>\n\t\t\t\t\t<div id=\"elementor-tab-content-2087\" class=\"elementor-tab-content elementor-clearfix\" data-tab=\"7\" role=\"region\" aria-labelledby=\"elementor-tab-title-2087\"><\/div>\n\t\t\t\t<\/div>\n\t\t\t\t\t\t\t<div class=\"elementor-accordion-item\">\n\t\t\t\t\t<div id=\"elementor-tab-title-2088\" class=\"elementor-tab-title\" data-tab=\"8\" role=\"button\" aria-controls=\"elementor-tab-content-2088\" aria-expanded=\"false\">\n\t\t\t\t\t\t\t\t\t\t\t\t\t<span class=\"elementor-accordion-icon elementor-accordion-icon-left\" aria-hidden=\"true\">\n\t\t\t\t\t\t\t\t\t\t\t\t\t\t\t<span class=\"elementor-accordion-icon-closed\"><i class=\"fas fa-plus\"><\/i><\/span>\n\t\t\t\t\t\t\t\t<span class=\"elementor-accordion-icon-opened\"><i class=\"fas fa-minus\"><\/i><\/span>\n\t\t\t\t\t\t\t\t\t\t\t\t\t\t<\/span>\n\t\t\t\t\t\t\t\t\t\t\t\t<a class=\"elementor-accordion-title\" tabindex=\"0\">Jak to funguje?<\/a>\n\t\t\t\t\t<\/div>\n\t\t\t\t\t<div id=\"elementor-tab-content-2088\" class=\"elementor-tab-content elementor-clearfix\" data-tab=\"8\" role=\"region\" aria-labelledby=\"elementor-tab-title-2088\"><p class=\"translation-block\">- M\u011bkk\u00e9 silikonov\u00e9 obvazy jsou pota\u017eeny hydrofobn\u00ed vrstvou m\u011bkk\u00e9ho silikonu, kter\u00e1 je na dotek lepiv\u00e1. Tyto obvazy se nelep\u00ed na vlhkou r\u00e1nu, ale jemn\u011b p\u0159ilnou k okoln\u00ed k\u016f\u017ei.\nJsou navr\u017eeny tak, aby minimalizovaly trauma p\u0159i odstra\u0148ov\u00e1n\u00ed a nezanech\u00e1valy na k\u016f\u017ei lepiv\u00e9 zbytky.<\/p>\n<p>- P\u011bnov\u00e9 obvazy jsou vyrobeny z polyuretanov\u00e9ho z\u00e1kladu a jsou propustn\u00e9 pro plyny i vodn\u00ed p\u00e1ru.\nJejich hydrofiln\u00ed vlastnosti umo\u017e\u0148uj\u00ed vysokou absorp\u010dn\u00ed schopnost a z\u00e1rove\u0148 poskytuj\u00ed tepelnou izolaci. P\u011bnov\u00e9 obvazy tak\u00e9 poskytuj\u00ed tlum\u00edc\u00ed \u00fa\u010dinek, kter\u00fd umo\u017e\u0148uje \u00falevu od tlaku u pacient\u016f s dlouhodobou hospitalizac\u00ed.\nTo vytv\u00e1\u0159\u00ed profylaktickou indikaci pro dekubity.<\/p>\n<\/div>\n\t\t\t\t<\/div>\n\t\t\t\t\t\t\t<div class=\"elementor-accordion-item\">\n\t\t\t\t\t<div id=\"elementor-tab-title-2089\" class=\"elementor-tab-title\" data-tab=\"9\" role=\"button\" aria-controls=\"elementor-tab-content-2089\" aria-expanded=\"false\">\n\t\t\t\t\t\t\t\t\t\t\t\t\t<span class=\"elementor-accordion-icon elementor-accordion-icon-left\" aria-hidden=\"true\">\n\t\t\t\t\t\t\t\t\t\t\t\t\t\t\t<span class=\"elementor-accordion-icon-closed\"><i class=\"fas fa-plus\"><\/i><\/span>\n\t\t\t\t\t\t\t\t<span class=\"elementor-accordion-icon-opened\"><i class=\"fas fa-minus\"><\/i><\/span>\n\t\t\t\t\t\t\t\t\t\t\t\t\t\t<\/span>\n\t\t\t\t\t\t\t\t\t\t\t\t<a class=\"elementor-accordion-title\" tabindex=\"0\">\u017divotnost<\/a>\n\t\t\t\t\t<\/div>\n\t\t\t\t\t<div id=\"elementor-tab-content-2089\" class=\"elementor-tab-content elementor-clearfix\" data-tab=\"9\" role=\"region\" aria-labelledby=\"elementor-tab-title-2089\"><p>3 Years<\/p>\n<\/div>\n\t\t\t\t<\/div>\n\t\t\t\t\t\t\t\t<\/div>\n\t\t\t\t\t\t<\/div>\n\t\t\t\t<\/div>\n\t\t\t\t\t<\/div>\n\t\t<\/div>\n\t\t\t\t\t<\/div>\n\t\t<\/section>\n\t\t\t\t<\/div>\n\t\t<\/p>                        <\/div>\n                    <\/div>\n                                    <div class=\"tab-pane elementkit-tab-pane elementor-repeater-item-9b61f69\" id=\"content-9b61f6969e63b2499b6a\" role=\"tabpanel\"\n                         aria-labelledby=\"content-9b61f6969e63b2499b6a-tab\">\n                        <div class=\"animated fadeIn\">\n                            <p>1. R\u00e1nu vy\u010dist\u011bte podle m\u00edstn\u00edch klinick\u00fdch protokol\u016f.<br \/>2. Zvolte p\u0159im\u011b\u0159enou velikost kry\udbc0\udda1 tak, aby p\u0159esahovalo okraje r\u00e1ny alespo\u0148 o dva centimetry.<br \/>3. Aseptickou technikou vyjm\u011bte z obalu steriln\u00ed kry\udbc0\udda1.<br \/><strong>U variant bez lepic\u00edch okraj\u016f:<\/strong><br \/>1. Varianty bez lepic\u00edch okraj\u016f lze ost\u0159\u00edhat tak, aby odpov\u00eddaly \u0161patn\u011b p\u0159\u00edstupn\u00fdm oblastem. P\u0159i pou\u017ei\udbc0\udda1 pod kompresn\u00ed l\u00e9\u010dbu mus\u00ed b\u00fdt kry\udbc0\udda1 ost\u0159\u00edh\u00e1no na velikost r\u00e1ny.<br \/>2. Odstra\u0148te kryc\u00ed folii a pak p\u0159ilo\u017ete kry\udbc0\udda1 na r\u00e1nu.<br \/>3. K aplikaci a zaji\u0161t\u011bn\u00ed kry\udbc0\udda1 by se m\u011blo pou\u017e\u00edt kry\udbc0\udda1 se sekund\u00e1rn\u00ed vrstvou nebo odpov\u00eddaj\u00edc\u00ed obvaz.<br \/>4. K sund\u00e1n\u00ed kry\udbc0\udda1 jemn\u011b nadzvedn\u011bte okraje kry\udbc0\udda1 sm\u011brem od r\u00e1ny.<\/p><p>5.<strong>ESPUMA\u00ae Gentle Transfer<\/strong>ESPUMA\u00ae Gentle Transfer zajist\u011bte sekund\u00e1rn\u00edm absorp\u010dn\u00edm krytim.<\/p><p><img decoding=\"async\" class=\"aligncenter wp-image-20799 size-full\" src=\"https:\/\/pharmaplast-online.net\/wp-content\/uploads\/2025\/06\/espuma-gente.png\" alt=\"\" width=\"550\" height=\"86\" srcset=\"https:\/\/pharmaplast-online.net\/wp-content\/uploads\/2025\/06\/espuma-gente.png 550w, https:\/\/pharmaplast-online.net\/wp-content\/uploads\/2025\/06\/espuma-gente-300x47.png 300w, https:\/\/pharmaplast-online.net\/wp-content\/uploads\/2025\/06\/espuma-gente-18x3.png 18w, https:\/\/pharmaplast-online.net\/wp-content\/uploads\/2025\/06\/espuma-gente-24x4.png 24w, https:\/\/pharmaplast-online.net\/wp-content\/uploads\/2025\/06\/espuma-gente-36x6.png 36w, https:\/\/pharmaplast-online.net\/wp-content\/uploads\/2025\/06\/espuma-gente-48x8.png 48w\" sizes=\"(max-width: 550px) 100vw, 550px\" \/><\/p>                        <\/div>\n                    <\/div>\n                                    <div class=\"tab-pane elementkit-tab-pane elementor-repeater-item-23affad\" id=\"content-23affad69e63b2499b6a\" role=\"tabpanel\"\n                         aria-labelledby=\"content-23affad69e63b2499b6a-tab\">\n                        <div class=\"animated fadeIn\">\n                            <table><tbody><tr><td width=\"232\"><p><strong><em>Espuma\u00ae Gentle Transfer<\/em><\/strong><\/p><\/td><td width=\"133\"><p><strong>Size<\/strong><\/p><\/td><td width=\"108\"><p><strong>Pieces\/Case<\/strong><\/p><\/td><td width=\"102\"><p><strong>Boxes\/Case <\/strong><\/p><\/td><\/tr><tr><td width=\"232\"><p>ESPGT7575<\/p><\/td><td width=\"133\"><p>75&#215;75 mm<\/p><\/td><td width=\"108\"><p>10<\/p><\/td><td width=\"102\"><p>48<\/p><\/td><\/tr><tr><td width=\"232\"><p>ESPGT75100<\/p><\/td><td width=\"133\"><p>75&#215;100 mm<\/p><\/td><td width=\"108\"><p>10<\/p><\/td><td width=\"102\"><p>48<\/p><\/td><\/tr><tr><td width=\"232\"><p>ESPGT100100<\/p><\/td><td width=\"133\"><p>100&#215;100 mm<\/p><\/td><td width=\"108\"><p>10<\/p><\/td><td width=\"102\"><p>48<\/p><\/td><\/tr><tr><td width=\"232\"><p>ESPGT150150<\/p><\/td><td width=\"133\"><p>100&#215;150 mm<\/p><\/td><td width=\"108\"><p>5<\/p><\/td><td width=\"102\"><p>24<\/p><\/td><\/tr><tr><td width=\"232\"><p>ESPGT100200<\/p><\/td><td width=\"133\"><p>100&#215;200 mm<\/p><\/td><td width=\"108\"><p>5<\/p><\/td><td width=\"102\"><p>24<\/p><\/td><\/tr><tr><td width=\"232\"><p>ESPGT100250<\/p><\/td><td width=\"133\"><p>100&#215;250 mm<\/p><\/td><td width=\"108\"><p>5<\/p><\/td><td width=\"102\"><p>24<\/p><\/td><\/tr><\/tbody><\/table><p>Jin\u00e9 velikosti jsou k dispozici na vy\u017e\u00e1d\u00e1n\u00ed.<\/p><p>\u00a0<\/p>                        <\/div>\n                    <\/div>\n                                    <div class=\"tab-pane elementkit-tab-pane elementor-repeater-item-9882644\" id=\"content-988264469e63b2499b6a\" role=\"tabpanel\"\n                         aria-labelledby=\"content-988264469e63b2499b6a-tab\">\n                        <div class=\"animated fadeIn\">\n                            <p><a href=\"https:\/\/pharmaplast-online.net\/wp-content\/uploads\/2026\/04\/new_Silicone-Hydrocellular-Dressings-issue-2-07042026.pdf\">Espuma Gentle Family Brochure<\/a>\u00a0<\/p><p><img decoding=\"async\" class=\"alignnone wp-image-20471\" src=\"https:\/\/pharmaplast-online.net\/wp-content\/uploads\/2025\/06\/broucher-300x105.png\" alt=\"\" width=\"148\" height=\"52\" srcset=\"https:\/\/pharmaplast-online.net\/wp-content\/uploads\/2025\/06\/broucher-300x105.png 300w, https:\/\/pharmaplast-online.net\/wp-content\/uploads\/2025\/06\/broucher-18x6.png 18w, https:\/\/pharmaplast-online.net\/wp-content\/uploads\/2025\/06\/broucher-24x8.png 24w, https:\/\/pharmaplast-online.net\/wp-content\/uploads\/2025\/06\/broucher-36x13.png 36w, https:\/\/pharmaplast-online.net\/wp-content\/uploads\/2025\/06\/broucher-48x17.png 48w, https:\/\/pharmaplast-online.net\/wp-content\/uploads\/2025\/06\/broucher-600x211.png 600w, https:\/\/pharmaplast-online.net\/wp-content\/uploads\/2025\/06\/broucher.png 640w\" sizes=\"(max-width: 148px) 100vw, 148px\" \/><\/p>                        <\/div>\n                    <\/div>\n                                \n            <\/div>\n                    <\/div>\n    <\/div>\t\t\t\t<\/div>\n\t\t\t\t<\/div>\n\t\t\t\t\t<\/div>\n\t\t<\/div>\n\t\t\t\t\t<\/div>\n\t\t<\/section>\n\t\t\t\t<\/div>","protected":false},"excerpt":{"rendered":"<p>Thin polyurethane foam layer, but without polyurethane top sheet.<\/p>","protected":false},"featured_media":17163,"comment_status":"open","ping_status":"closed","template":"","meta":[],"product_brand":[],"product_cat":[187,202,204,214,213],"product_tag":[],"class_list":{"0":"post-11105","1":"product","2":"type-product","3":"status-publish","4":"has-post-thumbnail","6":"product_cat-advanced-wound-care","7":"product_cat-foams","8":"product_cat-silicone-adhesive-foams","9":"product_cat-silicone-adhesive-foams-soft-silicone","10":"product_cat-soft-silicone","12":"first","13":"instock","14":"shipping-taxable","15":"product-type-simple"},"acf":[],"_links":{"self":[{"href":"https:\/\/pharmaplast-online.net\/cs\/wp-json\/wp\/v2\/product\/11105","targetHints":{"allow":["GET"]}}],"collection":[{"href":"https:\/\/pharmaplast-online.net\/cs\/wp-json\/wp\/v2\/product"}],"about":[{"href":"https:\/\/pharmaplast-online.net\/cs\/wp-json\/wp\/v2\/types\/product"}],"replies":[{"embeddable":true,"href":"https:\/\/pharmaplast-online.net\/cs\/wp-json\/wp\/v2\/comments?post=11105"}],"version-history":[{"count":59,"href":"https:\/\/pharmaplast-online.net\/cs\/wp-json\/wp\/v2\/product\/11105\/revisions"}],"predecessor-version":[{"id":24621,"href":"https:\/\/pharmaplast-online.net\/cs\/wp-json\/wp\/v2\/product\/11105\/revisions\/24621"}],"wp:featuredmedia":[{"embeddable":true,"href":"https:\/\/pharmaplast-online.net\/cs\/wp-json\/wp\/v2\/media\/17163"}],"wp:attachment":[{"href":"https:\/\/pharmaplast-online.net\/cs\/wp-json\/wp\/v2\/media?parent=11105"}],"wp:term":[{"taxonomy":"product_brand","embeddable":true,"href":"https:\/\/pharmaplast-online.net\/cs\/wp-json\/wp\/v2\/product_brand?post=11105"},{"taxonomy":"product_cat","embeddable":true,"href":"https:\/\/pharmaplast-online.net\/cs\/wp-json\/wp\/v2\/product_cat?post=11105"},{"taxonomy":"product_tag","embeddable":true,"href":"https:\/\/pharmaplast-online.net\/cs\/wp-json\/wp\/v2\/product_tag?post=11105"}],"curies":[{"name":"wp","href":"https:\/\/api.w.org\/{rel}","templated":true}]}}