{"id":11474,"date":"2023-03-05T15:56:37","date_gmt":"2023-03-05T15:56:37","guid":{"rendered":"https:\/\/pharmaplast.mediagate-egy.com\/?post_type=product&#038;p=11474"},"modified":"2024-12-07T06:14:55","modified_gmt":"2024-12-07T06:14:55","slug":"vilowond-povi-pad","status":"publish","type":"product","link":"https:\/\/pharmaplast-online.net\/cs\/produkt\/vilowond-povi-pad\/","title":{"rendered":"Vilowond\u00ae POVI Pad"},"content":{"rendered":"<div data-elementor-type=\"product-post\" data-elementor-id=\"11474\" class=\"elementor elementor-11474\" data-elementor-post-type=\"product\">\n\t\t\t\t\t\t<section class=\"elementor-section elementor-top-section elementor-element elementor-element-2af32e5 elementor-section-boxed elementor-section-height-default elementor-section-height-default qodef-elementor-content-no\" data-id=\"2af32e5\" data-element_type=\"section\" data-e-type=\"section\" data-settings=\"{&quot;ekit_has_onepagescroll_dot&quot;:&quot;yes&quot;}\">\n\t\t\t\t\t\t<div class=\"elementor-container elementor-column-gap-default\">\n\t\t\t\t\t<div class=\"elementor-column elementor-col-100 elementor-top-column elementor-element elementor-element-2fbe9d7\" data-id=\"2fbe9d7\" data-element_type=\"column\" data-e-type=\"column\">\n\t\t\t<div class=\"elementor-widget-wrap elementor-element-populated\">\n\t\t\t\t\t\t<div class=\"elementor-element elementor-element-86caad0 elementor-widget elementor-widget-elementskit-simple-tab\" data-id=\"86caad0\" data-element_type=\"widget\" data-e-type=\"widget\" data-settings=\"{&quot;ekit_we_effect_on&quot;:&quot;none&quot;}\" data-widget_type=\"elementskit-simple-tab.default\">\n\t\t\t\t<div class=\"elementor-widget-container\">\n\t\t\t\t\t<div class=\"ekit-wid-con\" >        <div class=\"elementkit-tab-wraper\">\n            <ul class=\"nav nav-tabs elementkit-tab-nav  elementskit-fullwidth-tab\">\n                                    <li class=\"elementkit-nav-item elementor-repeater-item-d0363a9\">\n                        <a class=\"elementkit-nav-link  active show left-pos\" id=\"content-d0363a969f01fbae424c-tab\" data-ekit-handler-id=\"product-info\" data-ekit-toggle=\"tab\" data-target=\"#content-d0363a969f01fbae424c\" href=\"#Content-d0363a969f01fbae424c\"\n                            data-ekit-toggle-trigger=\"click\"\n                            aria-describedby=\"Content-d0363a969f01fbae424c\">\n                            <span class=\"elementskit-tab-icon\"><\/span>                            <span class=\"elementskit-tab-title\">Informace o Produktu<\/span>\n                        <\/a>\n                    <\/li>\n                                        <li class=\"elementkit-nav-item elementor-repeater-item-9b61f69\">\n                        <a class=\"elementkit-nav-link  left-pos\" id=\"content-9b61f6969f01fbae424c-tab\" data-ekit-handler-id=\"how-to-use\" data-ekit-toggle=\"tab\" data-target=\"#content-9b61f6969f01fbae424c\" href=\"#Content-9b61f6969f01fbae424c\"\n                            data-ekit-toggle-trigger=\"click\"\n                            aria-describedby=\"Content-9b61f6969f01fbae424c\">\n                            <span class=\"elementskit-tab-icon\"><\/span>                            <span class=\"elementskit-tab-title\">N\u00e1vod k pou\u017eit\u00ed<\/span>\n                        <\/a>\n                    <\/li>\n                                        <li class=\"elementkit-nav-item elementor-repeater-item-23affad\">\n                        <a class=\"elementkit-nav-link  left-pos\" id=\"content-23affad69f01fbae424c-tab\" data-ekit-handler-id=\"sizes-codes\" data-ekit-toggle=\"tab\" data-target=\"#content-23affad69f01fbae424c\" href=\"#Content-23affad69f01fbae424c\"\n                            data-ekit-toggle-trigger=\"click\"\n                            aria-describedby=\"Content-23affad69f01fbae424c\">\n                            <span class=\"elementskit-tab-icon\"><\/span>                            <span class=\"elementskit-tab-title\">Velikosti a K\u00f3dy<\/span>\n                        <\/a>\n                    <\/li>\n                                        <li class=\"elementkit-nav-item elementor-repeater-item-63ca536\">\n                        <a class=\"elementkit-nav-link  left-pos\" id=\"content-63ca53669f01fbae424c-tab\" data-ekit-handler-id=\"downloads\" data-ekit-toggle=\"tab\" data-target=\"#content-63ca53669f01fbae424c\" href=\"#Content-63ca53669f01fbae424c\"\n                            data-ekit-toggle-trigger=\"click\"\n                            aria-describedby=\"Content-63ca53669f01fbae424c\">\n                            <span class=\"elementskit-tab-icon\"><\/span>                            <span class=\"elementskit-tab-title\">Sta\u017een\u00ed<\/span>\n                        <\/a>\n                    <\/li>\n                                <\/ul>\n\n            <div class=\"tab-content elementkit-tab-content\">\n                                    <div class=\"tab-pane elementkit-tab-pane elementor-repeater-item-d0363a9  active show\" id=\"content-d0363a969f01fbae424c\" role=\"tabpanel\"\n                         aria-labelledby=\"content-d0363a969f01fbae424c-tab\">\n                        <div class=\"animated fadeIn\">\n                            <h3>Informace o Produktu<\/h3>\t\t<div data-elementor-type=\"section\" data-elementor-id=\"8585\" class=\"elementor elementor-8585\" data-elementor-post-type=\"elementor_library\">\n\t\t\t\t\t<section class=\"elementor-section elementor-top-section elementor-element elementor-element-3c9a5a4 elementor-section-boxed elementor-section-height-default elementor-section-height-default qodef-elementor-content-no\" data-id=\"3c9a5a4\" data-element_type=\"section\" data-e-type=\"section\" data-settings=\"{&quot;ekit_has_onepagescroll_dot&quot;:&quot;yes&quot;}\">\n\t\t\t\t\t\t<div class=\"elementor-container elementor-column-gap-default\">\n\t\t\t\t\t<div class=\"elementor-column elementor-col-100 elementor-top-column elementor-element elementor-element-8fd3e15\" data-id=\"8fd3e15\" data-element_type=\"column\" data-e-type=\"column\">\n\t\t\t<div class=\"elementor-widget-wrap elementor-element-populated\">\n\t\t\t\t\t\t<div class=\"elementor-element elementor-element-c6fd92e elementor-widget elementor-widget-accordion\" data-id=\"c6fd92e\" data-element_type=\"widget\" data-e-type=\"widget\" data-settings=\"{&quot;ekit_we_effect_on&quot;:&quot;none&quot;}\" data-widget_type=\"accordion.default\">\n\t\t\t\t<div class=\"elementor-widget-container\">\n\t\t\t\t\t\t\t<div class=\"elementor-accordion\">\n\t\t\t\t\t\t\t<div class=\"elementor-accordion-item\">\n\t\t\t\t\t<div id=\"elementor-tab-title-2081\" class=\"elementor-tab-title\" data-tab=\"1\" role=\"button\" aria-controls=\"elementor-tab-content-2081\" aria-expanded=\"false\">\n\t\t\t\t\t\t\t\t\t\t\t\t\t<span class=\"elementor-accordion-icon elementor-accordion-icon-left\" aria-hidden=\"true\">\n\t\t\t\t\t\t\t\t\t\t\t\t\t\t\t<span class=\"elementor-accordion-icon-closed\"><i class=\"fas fa-plus\"><\/i><\/span>\n\t\t\t\t\t\t\t\t<span class=\"elementor-accordion-icon-opened\"><i class=\"fas fa-minus\"><\/i><\/span>\n\t\t\t\t\t\t\t\t\t\t\t\t\t\t<\/span>\n\t\t\t\t\t\t\t\t\t\t\t\t<a class=\"elementor-accordion-title\" tabindex=\"0\">Popis<\/a>\n\t\t\t\t\t<\/div>\n\t\t\t\t\t<div id=\"elementor-tab-content-2081\" class=\"elementor-tab-content elementor-clearfix\" data-tab=\"1\" role=\"region\" aria-labelledby=\"elementor-tab-title-2081\"><div class=\"su-spoiler-content su-u-clearfix su-u-trim\">\n<p class=\"translation-block\"><div class=\"su-spoiler-content su-u-clearfix su-u-trim\">\n<p><span style=\"font-size: medium\"><b><strong><span style=\"font-size: medium\"><b><span style=\"font-size: medium\"><b><span style=\"font-size: medium\"><b><strong><em>Vilowond<\/em><\/strong><strong><sup>\u00ae<\/sup> POVI<\/strong><\/b><\/span><\/b><\/span> <span style=\"font-size: medium\"><strong>Pad<\/strong><\/span><\/b><\/span><\/strong> <\/b>je prim\u00e1rn\u00ed kryt\u00ed ran slo\u017een\u00e9 z netkan\u00e9 plsti laminovan\u00e9 g\u00e1zou impregnovanou jodovou mast\u00ed. Celek je laminov\u00e1n PE s\u00edt\u00ed, kter\u00e1 slou\u017e\u00ed jako nep\u0159ilnav\u00e1 kontaktn\u00ed vrstva s r\u00e1nou.<\/span><\/p>\n<p><span style=\"font-size: medium\">Po kontaktu s exsud\u00e1ty r\u00e1ny se uvoln\u00ed j\u00f3d, kter\u00fd nab\u00edz\u00ed \u0161irok\u00e9 spektrum antimikrobi\u00e1ln\u00ed aktivity proti grampozitivn\u00edm a gramnegativn\u00edm bakteri\u00edm, pl\u00edsn\u00edm a houb\u00e1m.<\/span><\/p>\n<p><span style=\"font-size: medium\"><b><strong><span style=\"font-size: medium\"><b><span style=\"font-size: medium\"><b><span style=\"font-size: medium\"><b><strong><em>Vilowond<\/em><\/strong><strong><sup>\u00ae<\/sup> POVI<\/strong><\/b><\/span><\/b><\/span> <span style=\"font-size: medium\"><strong>Pad<\/strong><\/span><\/b><\/span> <span style=\"font-size: medium\"><b>pol\u0161t\u00e1\u0159ek <\/b><\/span>:<\/strong> <\/b>individu\u00e1ln\u011b balen\u00fd, z jedn\u00e9 strany laminovan\u00fd nep\u0159ilnav\u00fd pol\u0161t\u00e1\u0159ek na r\u00e1ny obsahuj\u00edc\u00ed j\u00f3dovou mast.<\/span><\/p>\n<\/div><\/p>\n<\/div>\n<\/div>\n\t\t\t\t<\/div>\n\t\t\t\t\t\t\t<div class=\"elementor-accordion-item\">\n\t\t\t\t\t<div id=\"elementor-tab-title-2082\" class=\"elementor-tab-title\" data-tab=\"2\" role=\"button\" aria-controls=\"elementor-tab-content-2082\" aria-expanded=\"false\">\n\t\t\t\t\t\t\t\t\t\t\t\t\t<span class=\"elementor-accordion-icon elementor-accordion-icon-left\" aria-hidden=\"true\">\n\t\t\t\t\t\t\t\t\t\t\t\t\t\t\t<span class=\"elementor-accordion-icon-closed\"><i class=\"fas fa-plus\"><\/i><\/span>\n\t\t\t\t\t\t\t\t<span class=\"elementor-accordion-icon-opened\"><i class=\"fas fa-minus\"><\/i><\/span>\n\t\t\t\t\t\t\t\t\t\t\t\t\t\t<\/span>\n\t\t\t\t\t\t\t\t\t\t\t\t<a class=\"elementor-accordion-title\" tabindex=\"0\">Vlastnosti<\/a>\n\t\t\t\t\t<\/div>\n\t\t\t\t\t<div id=\"elementor-tab-content-2082\" class=\"elementor-tab-content elementor-clearfix\" data-tab=\"2\" role=\"region\" aria-labelledby=\"elementor-tab-title-2082\"><div class=\"su-spoiler-content su-u-clearfix su-u-trim\">\n<p><span style=\"font-size: medium\"><strong>1- <\/strong><strong>Antimikrobi\u00e1ln\u00ed: <\/strong><\/span><\/p>\n<ul>\n<li class=\"translation-block\"><span style=\"font-size: medium\">Vzhledem k p\u0159\u00edtomnosti j\u00f3du <span style=\"font-size: medium\"><strong>Vilowond<sup><strong>\u00ae<\/strong><\/sup> POVI <\/strong><\/span><span style=\"font-size: medium\"><strong>Pad<\/strong> <\/span>m\u00e1 silnou antimikrobi\u00e1ln\u00ed aktivitu, tak\u017ee je ide\u00e1ln\u00ed pro ochranu r\u00e1ny, i kdy\u017e je infikovan\u00e1 .<\/span><\/li>\n<li><span style=\"font-size: medium\"><span style=\"font-size: medium\">V\u016f\u010di jodovan\u00e9mu povidonu nen\u00ed odoln\u00e1 ani tolerantn\u00ed v\u011bt\u0161ina mikroorganism\u016f.<\/span><\/span><\/li>\n<\/ul>\n<p><span style=\"font-size: medium\"><strong>2- <\/strong><strong>Bezpe\u010dn\u00fd: <\/strong><\/span><\/p>\n<ul>\n<li class=\"translation-block\"><span style=\"font-size: medium\">Na rozd\u00edl od jin\u00fdch g\u00e1zov\u00fdch obvaz\u016f impregnovan\u00fdch j\u00f3dem dostupn\u00fdch na trhu\u00a0<span style=\"font-size: medium\"><strong>Vilowond<sup><strong>\u00ae<\/strong> <\/sup> POVI <\/strong><\/span><span style=\"font-size: medium\"><strong>Pad<\/strong> <\/span>je necytotoxick\u00fd, nedr\u00e1\u017ediv\u00fd a nesenzibilizuj\u00edc\u00ed, <\/span><\/li>\n<\/ul>\n<ul>\n<li><span style=\"font-size: medium\"><span style=\"font-size: medium\"><strong>Vilowond<sup><strong>\u00ae<\/strong><\/sup> POVI <\/strong><\/span><span style=\"font-size: medium\"><strong>Pad<\/strong> <\/span>Produkt je speci\u00e1ln\u011b navr\u017een tak, aby umo\u017enil kontrolovan\u00e9mu mno\u017estv\u00ed j\u00f3du dos\u00e1hnout spodiny r\u00e1ny, aby se zabr\u00e1nilo cytotoxicit\u011b.<\/span><\/li>\n<\/ul>\n<p><span style=\"font-size: medium\"><strong>3- <\/strong><strong><strong>Absorbent:<\/strong> <\/strong><\/span><\/p>\n<ul>\n<li class=\"translation-block\"><span style=\"font-size: medium\"><span style=\"font-size: medium\"><strong>Vilowond<sup><strong>\u00ae<\/strong><\/sup> POVI <\/strong><\/span><span style=\"font-size: medium\"><strong>Pad<\/strong> <\/span>m\u00e1 v\u00fdhodu oproti nep\u0159ilnav\u00e9 g\u00e1ze impregnovan\u00e9 j\u00f3dem na trhu v tom, \u017ee nevy\u017eaduje sekund\u00e1rn\u00ed sav\u00fd obvaz, proto\u017ee obsahuje absorp\u010dn\u00ed pls\u0165 laminovan\u00e9 na vrstvu obsahuj\u00edc\u00ed j\u00f3d.<\/span><\/li>\n<\/ul>\n<p><span style=\"font-size: medium\"><strong>4- <\/strong><strong>Nep\u0159ilnav\u00fd:<\/strong><\/span><\/p>\n<ul>\n<li><span style=\"font-size: medium\"><span style=\"font-size: medium\">D\u00edky p\u0159\u00edtomnosti masti na b\u00e1zi PEG spole\u010dn\u011b s PE s\u00edt\u00ed jako kontaktn\u00ed vrstvy s r\u00e1nou nen\u00ed kryt\u00ed p\u0159ilnav\u00e9, tak\u017ee m\u016f\u017ee b\u00fdt snadno odstran\u011bno bez bolesti nebo traumatu.<\/span><\/span><\/li>\n<\/ul>\n<\/div>\n<\/div>\n\t\t\t\t<\/div>\n\t\t\t\t\t\t\t<div class=\"elementor-accordion-item\">\n\t\t\t\t\t<div id=\"elementor-tab-title-2083\" class=\"elementor-tab-title\" data-tab=\"3\" role=\"button\" aria-controls=\"elementor-tab-content-2083\" aria-expanded=\"false\">\n\t\t\t\t\t\t\t\t\t\t\t\t\t<span class=\"elementor-accordion-icon elementor-accordion-icon-left\" aria-hidden=\"true\">\n\t\t\t\t\t\t\t\t\t\t\t\t\t\t\t<span class=\"elementor-accordion-icon-closed\"><i class=\"fas fa-plus\"><\/i><\/span>\n\t\t\t\t\t\t\t\t<span class=\"elementor-accordion-icon-opened\"><i class=\"fas fa-minus\"><\/i><\/span>\n\t\t\t\t\t\t\t\t\t\t\t\t\t\t<\/span>\n\t\t\t\t\t\t\t\t\t\t\t\t<a class=\"elementor-accordion-title\" tabindex=\"0\">Ur\u010den\u00e9 Pou\u017eit\u00ed<\/a>\n\t\t\t\t\t<\/div>\n\t\t\t\t\t<div id=\"elementor-tab-content-2083\" class=\"elementor-tab-content elementor-clearfix\" data-tab=\"3\" role=\"region\" aria-labelledby=\"elementor-tab-title-2083\"><div class=\"su-spoiler-content su-u-clearfix su-u-trim\">\n<p class=\"translation-block\"><div class=\"su-spoiler-content su-u-clearfix su-u-trim\">\n<p><span style=\"font-size: medium\"><b><span style=\"font-size: medium\"><b><span style=\"font-size: medium\"><b><span style=\"font-size: medium\"><b><strong><em>Vilowond<\/em><\/strong><strong><sup>\u00ae<\/sup> POVI<\/strong><\/b><\/span><\/b><\/span> <span style=\"font-size: medium\"><strong>Pad<\/strong>&nbsp;<\/span><\/b><\/span>pol\u0161t\u00e1\u0159ek <\/b>je indikov\u00e1n jako prevence a p\u0159i l\u00e9\u010db\u011b infekce u lehk\u00fdch pop\u00e1lenin, b\u00e9rcov\u00fdch v\u0159ed\u016f a povrchov\u00fdch poran\u011bn\u00ed se ztr\u00e1tou k\u016f\u017ee.<\/span><\/p>\n<\/div><\/p>\n<\/div>\n<\/div>\n\t\t\t\t<\/div>\n\t\t\t\t\t\t\t<div class=\"elementor-accordion-item\">\n\t\t\t\t\t<div id=\"elementor-tab-title-2084\" class=\"elementor-tab-title\" data-tab=\"4\" role=\"button\" aria-controls=\"elementor-tab-content-2084\" aria-expanded=\"false\">\n\t\t\t\t\t\t\t\t\t\t\t\t\t<span class=\"elementor-accordion-icon elementor-accordion-icon-left\" aria-hidden=\"true\">\n\t\t\t\t\t\t\t\t\t\t\t\t\t\t\t<span class=\"elementor-accordion-icon-closed\"><i class=\"fas fa-plus\"><\/i><\/span>\n\t\t\t\t\t\t\t\t<span class=\"elementor-accordion-icon-opened\"><i class=\"fas fa-minus\"><\/i><\/span>\n\t\t\t\t\t\t\t\t\t\t\t\t\t\t<\/span>\n\t\t\t\t\t\t\t\t\t\t\t\t<a class=\"elementor-accordion-title\" tabindex=\"0\">Kontraindikace<\/a>\n\t\t\t\t\t<\/div>\n\t\t\t\t\t<div id=\"elementor-tab-content-2084\" class=\"elementor-tab-content elementor-clearfix\" data-tab=\"4\" role=\"region\" aria-labelledby=\"elementor-tab-title-2084\"><div class=\"su-spoiler-content su-u-clearfix su-u-trim\">\n<ol>\n<li><span style=\"font-size: medium\"><span style=\"font-size: medium\">Kryt\u00ed na r\u00e1ny obsahuj\u00edc\u00ed jodovan\u00fd povidon nepou\u017e\u00edvejte u pacient\u016f se zn\u00e1mou citlivost\u00ed na j\u00f3d nebo jakoukoli z dal\u0161\u00edch sou\u010d\u00e1st\u00ed kryt\u00ed.<\/span><\/span><\/li>\n<li><span style=\"font-size: medium\"><span style=\"font-size: medium\">P\u0159ed a po pou\u017eit\u00ed radioaktivn\u00edho j\u00f3du.<\/span><\/span><\/li>\n<li><span style=\"font-size: medium\"><span style=\"font-size: medium\">U prob\u00edhaj\u00edc\u00ed l\u00e9\u010dby probl\u00e9m\u016f s ledvinami.<\/span><\/span><\/li>\n<li><span style=\"font-size: medium\"><span style=\"font-size: medium\">U t\u011bhotn\u00fdch nebo koj\u00edc\u00edch \u017een.<\/span><\/span><\/li>\n<\/ol>\n<\/div>\n<\/div>\n\t\t\t\t<\/div>\n\t\t\t\t\t\t\t<div class=\"elementor-accordion-item\">\n\t\t\t\t\t<div id=\"elementor-tab-title-2085\" class=\"elementor-tab-title\" data-tab=\"5\" role=\"button\" aria-controls=\"elementor-tab-content-2085\" aria-expanded=\"false\">\n\t\t\t\t\t\t\t\t\t\t\t\t\t<span class=\"elementor-accordion-icon elementor-accordion-icon-left\" aria-hidden=\"true\">\n\t\t\t\t\t\t\t\t\t\t\t\t\t\t\t<span class=\"elementor-accordion-icon-closed\"><i class=\"fas fa-plus\"><\/i><\/span>\n\t\t\t\t\t\t\t\t<span class=\"elementor-accordion-icon-opened\"><i class=\"fas fa-minus\"><\/i><\/span>\n\t\t\t\t\t\t\t\t\t\t\t\t\t\t<\/span>\n\t\t\t\t\t\t\t\t\t\t\t\t<a class=\"elementor-accordion-title\" tabindex=\"0\">Preventivn\u00ed opat\u0159en\u00ed<\/a>\n\t\t\t\t\t<\/div>\n\t\t\t\t\t<div id=\"elementor-tab-content-2085\" class=\"elementor-tab-content elementor-clearfix\" data-tab=\"5\" role=\"region\" aria-labelledby=\"elementor-tab-title-2085\"><\/div>\n\t\t\t\t<\/div>\n\t\t\t\t\t\t\t<div class=\"elementor-accordion-item\">\n\t\t\t\t\t<div id=\"elementor-tab-title-2086\" class=\"elementor-tab-title\" data-tab=\"6\" role=\"button\" aria-controls=\"elementor-tab-content-2086\" aria-expanded=\"false\">\n\t\t\t\t\t\t\t\t\t\t\t\t\t<span class=\"elementor-accordion-icon elementor-accordion-icon-left\" aria-hidden=\"true\">\n\t\t\t\t\t\t\t\t\t\t\t\t\t\t\t<span class=\"elementor-accordion-icon-closed\"><i class=\"fas fa-plus\"><\/i><\/span>\n\t\t\t\t\t\t\t\t<span class=\"elementor-accordion-icon-opened\"><i class=\"fas fa-minus\"><\/i><\/span>\n\t\t\t\t\t\t\t\t\t\t\t\t\t\t<\/span>\n\t\t\t\t\t\t\t\t\t\t\t\t<a class=\"elementor-accordion-title\" tabindex=\"0\">Diagram vrstev<\/a>\n\t\t\t\t\t<\/div>\n\t\t\t\t\t<div id=\"elementor-tab-content-2086\" class=\"elementor-tab-content elementor-clearfix\" data-tab=\"6\" role=\"region\" aria-labelledby=\"elementor-tab-title-2086\"><p><img decoding=\"async\" class=\"aligncenter\" src=\"https:\/\/pharmaplast-online.net\/wp-content\/uploads\/Wound_Care\/Products\/PharmaPOVI_Pad\/Vilowond_POVI_layer_diagram.png\" alt=\"\" width=\"727\" height=\"545\" \/><\/p>\n<\/div>\n\t\t\t\t<\/div>\n\t\t\t\t\t\t\t<div class=\"elementor-accordion-item\">\n\t\t\t\t\t<div id=\"elementor-tab-title-2087\" class=\"elementor-tab-title\" data-tab=\"7\" role=\"button\" aria-controls=\"elementor-tab-content-2087\" aria-expanded=\"false\">\n\t\t\t\t\t\t\t\t\t\t\t\t\t<span class=\"elementor-accordion-icon elementor-accordion-icon-left\" aria-hidden=\"true\">\n\t\t\t\t\t\t\t\t\t\t\t\t\t\t\t<span class=\"elementor-accordion-icon-closed\"><i class=\"fas fa-plus\"><\/i><\/span>\n\t\t\t\t\t\t\t\t<span class=\"elementor-accordion-icon-opened\"><i class=\"fas fa-minus\"><\/i><\/span>\n\t\t\t\t\t\t\t\t\t\t\t\t\t\t<\/span>\n\t\t\t\t\t\t\t\t\t\t\t\t<a class=\"elementor-accordion-title\" tabindex=\"0\">Frekvence v\u00fdm\u011bny<\/a>\n\t\t\t\t\t<\/div>\n\t\t\t\t\t<div id=\"elementor-tab-content-2087\" class=\"elementor-tab-content elementor-clearfix\" data-tab=\"7\" role=\"region\" aria-labelledby=\"elementor-tab-title-2087\"><\/div>\n\t\t\t\t<\/div>\n\t\t\t\t\t\t\t<div class=\"elementor-accordion-item\">\n\t\t\t\t\t<div id=\"elementor-tab-title-2088\" class=\"elementor-tab-title\" data-tab=\"8\" role=\"button\" aria-controls=\"elementor-tab-content-2088\" aria-expanded=\"false\">\n\t\t\t\t\t\t\t\t\t\t\t\t\t<span class=\"elementor-accordion-icon elementor-accordion-icon-left\" aria-hidden=\"true\">\n\t\t\t\t\t\t\t\t\t\t\t\t\t\t\t<span class=\"elementor-accordion-icon-closed\"><i class=\"fas fa-plus\"><\/i><\/span>\n\t\t\t\t\t\t\t\t<span class=\"elementor-accordion-icon-opened\"><i class=\"fas fa-minus\"><\/i><\/span>\n\t\t\t\t\t\t\t\t\t\t\t\t\t\t<\/span>\n\t\t\t\t\t\t\t\t\t\t\t\t<a class=\"elementor-accordion-title\" tabindex=\"0\">Jak to funguje?<\/a>\n\t\t\t\t\t<\/div>\n\t\t\t\t\t<div id=\"elementor-tab-content-2088\" class=\"elementor-tab-content elementor-clearfix\" data-tab=\"8\" role=\"region\" aria-labelledby=\"elementor-tab-title-2088\"><\/div>\n\t\t\t\t<\/div>\n\t\t\t\t\t\t\t<div class=\"elementor-accordion-item\">\n\t\t\t\t\t<div id=\"elementor-tab-title-2089\" class=\"elementor-tab-title\" data-tab=\"9\" role=\"button\" aria-controls=\"elementor-tab-content-2089\" aria-expanded=\"false\">\n\t\t\t\t\t\t\t\t\t\t\t\t\t<span class=\"elementor-accordion-icon elementor-accordion-icon-left\" aria-hidden=\"true\">\n\t\t\t\t\t\t\t\t\t\t\t\t\t\t\t<span class=\"elementor-accordion-icon-closed\"><i class=\"fas fa-plus\"><\/i><\/span>\n\t\t\t\t\t\t\t\t<span class=\"elementor-accordion-icon-opened\"><i class=\"fas fa-minus\"><\/i><\/span>\n\t\t\t\t\t\t\t\t\t\t\t\t\t\t<\/span>\n\t\t\t\t\t\t\t\t\t\t\t\t<a class=\"elementor-accordion-title\" tabindex=\"0\">\u017divotnost<\/a>\n\t\t\t\t\t<\/div>\n\t\t\t\t\t<div id=\"elementor-tab-content-2089\" class=\"elementor-tab-content elementor-clearfix\" data-tab=\"9\" role=\"region\" aria-labelledby=\"elementor-tab-title-2089\"><\/div>\n\t\t\t\t<\/div>\n\t\t\t\t\t\t\t\t<\/div>\n\t\t\t\t\t\t<\/div>\n\t\t\t\t<\/div>\n\t\t\t\t\t<\/div>\n\t\t<\/div>\n\t\t\t\t\t<\/div>\n\t\t<\/section>\n\t\t\t\t<\/div>\n\t\t                        <\/div>\n                    <\/div>\n                                    <div class=\"tab-pane elementkit-tab-pane elementor-repeater-item-9b61f69\" id=\"content-9b61f6969f01fbae424c\" role=\"tabpanel\"\n                         aria-labelledby=\"content-9b61f6969f01fbae424c-tab\">\n                        <div class=\"animated fadeIn\">\n                                                    <\/div>\n                    <\/div>\n                                    <div class=\"tab-pane elementkit-tab-pane elementor-repeater-item-23affad\" id=\"content-23affad69f01fbae424c\" role=\"tabpanel\"\n                         aria-labelledby=\"content-23affad69f01fbae424c-tab\">\n                        <div class=\"animated fadeIn\">\n                            <table><tbody><tr><td width=\"234\"><p><strong>Vilowond\u00ae POVI Pad<\/strong><\/p><\/td><td width=\"112\"><p><strong>Sizes <\/strong><\/p><\/td><td width=\"94\"><p><strong>Pieces\/Boxes<\/strong><\/p><\/td><td width=\"98\"><p><strong>Boxes\/Case <\/strong><\/p><\/td><\/tr><tr><td width=\"234\"><p>POVIP5050<\/p><\/td><td width=\"112\"><p>5 cm X 5 cm<\/p><\/td><td width=\"94\"><p>100<\/p><\/td><td width=\"98\"><p>16<\/p><\/td><\/tr><tr><td width=\"234\"><p>POVIP5075<\/p><\/td><td width=\"112\"><p>5 cm X 7.5 cm<\/p><\/td><td width=\"94\"><p>100<\/p><\/td><td width=\"98\"><p>16<\/p><\/td><\/tr><tr><td width=\"234\"><p>POVIP9595<\/p><\/td><td width=\"112\"><p>9.5 X 9.5cm<\/p><\/td><td width=\"94\"><p>50<\/p><\/td><td width=\"98\"><p>16<\/p><\/td><\/tr><tr><td width=\"234\"><p>POVIP100100<\/p><\/td><td width=\"112\"><p>10 cm X 10 cm<\/p><\/td><td width=\"94\"><p>50<\/p><\/td><td width=\"98\"><p>16<\/p><\/td><\/tr><tr><td width=\"234\"><p>POVIP100150<\/p><\/td><td width=\"112\"><p>10 cm X 15 cm<\/p><\/td><td width=\"94\"><p>50<\/p><\/td><td width=\"98\"><p>16<\/p><\/td><\/tr><tr><td width=\"234\"><p>POVIP100200<\/p><\/td><td width=\"112\"><p>10 cm X 20 cm<\/p><\/td><td width=\"94\"><p>40<\/p><\/td><td width=\"98\"><p>16<\/p><\/td><\/tr><tr><td width=\"234\"><p>POVIP50100<\/p><\/td><td width=\"112\"><p>5 cm X 10 cm<\/p><\/td><td width=\"94\"><p>100<\/p><\/td><td width=\"98\"><p>16<\/p><\/td><\/tr><\/tbody><\/table>                        <\/div>\n                    <\/div>\n                                    <div class=\"tab-pane elementkit-tab-pane elementor-repeater-item-63ca536\" id=\"content-63ca53669f01fbae424c\" role=\"tabpanel\"\n                         aria-labelledby=\"content-63ca53669f01fbae424c-tab\">\n                        <div class=\"animated fadeIn\">\n                            <p><a href=\"https:\/\/pharmaplast-online.net\/wp-content\/uploads\/2024\/10\/Vilowond-POVI-Brochure.pdf\">Vilowond POVI Brochure<\/a><\/p><p><img decoding=\"async\" class=\"alignnone wp-image-17145\" src=\"https:\/\/pharmaplast-online.net\/wp-content\/uploads\/2024\/10\/pdf_4726010-300x300.png\" alt=\"\" width=\"49\" height=\"49\" srcset=\"https:\/\/pharmaplast-online.net\/wp-content\/uploads\/2024\/10\/pdf_4726010-300x300.png 300w, https:\/\/pharmaplast-online.net\/wp-content\/uploads\/2024\/10\/pdf_4726010-150x150.png 150w, https:\/\/pharmaplast-online.net\/wp-content\/uploads\/2024\/10\/pdf_4726010-12x12.png 12w, https:\/\/pharmaplast-online.net\/wp-content\/uploads\/2024\/10\/pdf_4726010-24x24.png 24w, https:\/\/pharmaplast-online.net\/wp-content\/uploads\/2024\/10\/pdf_4726010-36x36.png 36w, https:\/\/pharmaplast-online.net\/wp-content\/uploads\/2024\/10\/pdf_4726010-48x48.png 48w, https:\/\/pharmaplast-online.net\/wp-content\/uploads\/2024\/10\/pdf_4726010-100x100.png 100w, https:\/\/pharmaplast-online.net\/wp-content\/uploads\/2024\/10\/pdf_4726010.png 512w\" sizes=\"(max-width: 49px) 100vw, 49px\" \/><\/p>                        <\/div>\n                    <\/div>\n                                \n            <\/div>\n                    <\/div>\n    <\/div>\t\t\t\t<\/div>\n\t\t\t\t<\/div>\n\t\t\t\t\t<\/div>\n\t\t<\/div>\n\t\t\t\t\t<\/div>\n\t\t<\/section>\n\t\t\t\t<\/div>","protected":false},"excerpt":{"rendered":"<p>Antimicrobial absorbent pad with povidone iodine<\/p>","protected":false},"featured_media":16974,"comment_status":"open","ping_status":"closed","template":"","meta":[],"product_brand":[],"product_cat":[280,266,275],"product_tag":[],"class_list":{"0":"post-11474","1":"product","2":"type-product","3":"status-publish","4":"has-post-thumbnail","6":"product_cat-absorbent-pads-povidone-iodine","7":"product_cat-anti-microbial-wound-care","8":"product_cat-povidone-iodine","10":"first","11":"instock","12":"shipping-taxable","13":"product-type-simple"},"acf":[],"_links":{"self":[{"href":"https:\/\/pharmaplast-online.net\/cs\/wp-json\/wp\/v2\/product\/11474","targetHints":{"allow":["GET"]}}],"collection":[{"href":"https:\/\/pharmaplast-online.net\/cs\/wp-json\/wp\/v2\/product"}],"about":[{"href":"https:\/\/pharmaplast-online.net\/cs\/wp-json\/wp\/v2\/types\/product"}],"replies":[{"embeddable":true,"href":"https:\/\/pharmaplast-online.net\/cs\/wp-json\/wp\/v2\/comments?post=11474"}],"version-history":[{"count":14,"href":"https:\/\/pharmaplast-online.net\/cs\/wp-json\/wp\/v2\/product\/11474\/revisions"}],"predecessor-version":[{"id":17907,"href":"https:\/\/pharmaplast-online.net\/cs\/wp-json\/wp\/v2\/product\/11474\/revisions\/17907"}],"wp:featuredmedia":[{"embeddable":true,"href":"https:\/\/pharmaplast-online.net\/cs\/wp-json\/wp\/v2\/media\/16974"}],"wp:attachment":[{"href":"https:\/\/pharmaplast-online.net\/cs\/wp-json\/wp\/v2\/media?parent=11474"}],"wp:term":[{"taxonomy":"product_brand","embeddable":true,"href":"https:\/\/pharmaplast-online.net\/cs\/wp-json\/wp\/v2\/product_brand?post=11474"},{"taxonomy":"product_cat","embeddable":true,"href":"https:\/\/pharmaplast-online.net\/cs\/wp-json\/wp\/v2\/product_cat?post=11474"},{"taxonomy":"product_tag","embeddable":true,"href":"https:\/\/pharmaplast-online.net\/cs\/wp-json\/wp\/v2\/product_tag?post=11474"}],"curies":[{"name":"wp","href":"https:\/\/api.w.org\/{rel}","templated":true}]}}