{"id":11504,"date":"2023-03-06T10:02:57","date_gmt":"2023-03-06T10:02:57","guid":{"rendered":"https:\/\/pharmaplast.mediagate-egy.com\/?post_type=product&#038;p=11504"},"modified":"2024-11-05T19:28:36","modified_gmt":"2024-11-05T19:28:36","slug":"espuma-ag-sealed-edges","status":"publish","type":"product","link":"https:\/\/pharmaplast-online.net\/cs\/produkt\/espuma-ag-sealed-edges\/","title":{"rendered":"ESPUMA\u00aeAg Sealed Edges"},"content":{"rendered":"<div data-elementor-type=\"product-post\" data-elementor-id=\"11504\" class=\"elementor elementor-11504\" data-elementor-post-type=\"product\">\n\t\t\t\t\t\t<section class=\"elementor-section elementor-top-section elementor-element elementor-element-ac06980 elementor-section-boxed elementor-section-height-default elementor-section-height-default qodef-elementor-content-no\" data-id=\"ac06980\" data-element_type=\"section\" data-e-type=\"section\" data-settings=\"{&quot;ekit_has_onepagescroll_dot&quot;:&quot;yes&quot;}\">\n\t\t\t\t\t\t<div class=\"elementor-container elementor-column-gap-default\">\n\t\t\t\t\t<div class=\"elementor-column elementor-col-100 elementor-top-column elementor-element elementor-element-b63f048\" data-id=\"b63f048\" data-element_type=\"column\" data-e-type=\"column\">\n\t\t\t<div class=\"elementor-widget-wrap elementor-element-populated\">\n\t\t\t\t\t\t<div class=\"elementor-element elementor-element-61be8ef elementor-widget elementor-widget-elementskit-simple-tab\" data-id=\"61be8ef\" data-element_type=\"widget\" data-e-type=\"widget\" data-settings=\"{&quot;ekit_we_effect_on&quot;:&quot;none&quot;}\" data-widget_type=\"elementskit-simple-tab.default\">\n\t\t\t\t<div class=\"elementor-widget-container\">\n\t\t\t\t\t<div class=\"ekit-wid-con\" >        <div class=\"elementkit-tab-wraper\">\n            <ul class=\"nav nav-tabs elementkit-tab-nav  elementskit-fullwidth-tab\">\n                                    <li class=\"elementkit-nav-item elementor-repeater-item-d0363a9\">\n                        <a class=\"elementkit-nav-link  active show left-pos\" id=\"content-d0363a969eecd96b4269-tab\" data-ekit-handler-id=\"product-info\" data-ekit-toggle=\"tab\" data-target=\"#content-d0363a969eecd96b4269\" href=\"#Content-d0363a969eecd96b4269\"\n                            data-ekit-toggle-trigger=\"click\"\n                            aria-describedby=\"Content-d0363a969eecd96b4269\">\n                            <span class=\"elementskit-tab-icon\"><\/span>                            <span class=\"elementskit-tab-title\">Informace o Produktu<\/span>\n                        <\/a>\n                    <\/li>\n                                        <li class=\"elementkit-nav-item elementor-repeater-item-9b61f69\">\n                        <a class=\"elementkit-nav-link  left-pos\" id=\"content-9b61f6969eecd96b4269-tab\" data-ekit-handler-id=\"how-to-use\" data-ekit-toggle=\"tab\" data-target=\"#content-9b61f6969eecd96b4269\" href=\"#Content-9b61f6969eecd96b4269\"\n                            data-ekit-toggle-trigger=\"click\"\n                            aria-describedby=\"Content-9b61f6969eecd96b4269\">\n                            <span class=\"elementskit-tab-icon\"><\/span>                            <span class=\"elementskit-tab-title\">N\u00e1vod k pou\u017eit\u00ed<\/span>\n                        <\/a>\n                    <\/li>\n                                        <li class=\"elementkit-nav-item elementor-repeater-item-23affad\">\n                        <a class=\"elementkit-nav-link  left-pos\" id=\"content-23affad69eecd96b4269-tab\" data-ekit-handler-id=\"sizes-codes\" data-ekit-toggle=\"tab\" data-target=\"#content-23affad69eecd96b4269\" href=\"#Content-23affad69eecd96b4269\"\n                            data-ekit-toggle-trigger=\"click\"\n                            aria-describedby=\"Content-23affad69eecd96b4269\">\n                            <span class=\"elementskit-tab-icon\"><\/span>                            <span class=\"elementskit-tab-title\">Velikosti a K\u00f3dy<\/span>\n                        <\/a>\n                    <\/li>\n                                        <li class=\"elementkit-nav-item elementor-repeater-item-ff5082e\">\n                        <a class=\"elementkit-nav-link  left-pos\" id=\"content-ff5082e69eecd96b4269-tab\" data-ekit-handler-id=\"downloads\" data-ekit-toggle=\"tab\" data-target=\"#content-ff5082e69eecd96b4269\" href=\"#Content-ff5082e69eecd96b4269\"\n                            data-ekit-toggle-trigger=\"click\"\n                            aria-describedby=\"Content-ff5082e69eecd96b4269\">\n                            <span class=\"elementskit-tab-icon\"><\/span>                            <span class=\"elementskit-tab-title\">Sta\u017een\u00ed<\/span>\n                        <\/a>\n                    <\/li>\n                                <\/ul>\n\n            <div class=\"tab-content elementkit-tab-content\">\n                                    <div class=\"tab-pane elementkit-tab-pane elementor-repeater-item-d0363a9  active show\" id=\"content-d0363a969eecd96b4269\" role=\"tabpanel\"\n                         aria-labelledby=\"content-d0363a969eecd96b4269-tab\">\n                        <div class=\"animated fadeIn\">\n                            <h3>Informace o Produktu<\/h3>\t\t<div data-elementor-type=\"section\" data-elementor-id=\"8585\" class=\"elementor elementor-8585\" data-elementor-post-type=\"elementor_library\">\n\t\t\t\t\t<section class=\"elementor-section elementor-top-section elementor-element elementor-element-3c9a5a4 elementor-section-boxed elementor-section-height-default elementor-section-height-default qodef-elementor-content-no\" data-id=\"3c9a5a4\" data-element_type=\"section\" data-e-type=\"section\" data-settings=\"{&quot;ekit_has_onepagescroll_dot&quot;:&quot;yes&quot;}\">\n\t\t\t\t\t\t<div class=\"elementor-container elementor-column-gap-default\">\n\t\t\t\t\t<div class=\"elementor-column elementor-col-100 elementor-top-column elementor-element elementor-element-8fd3e15\" data-id=\"8fd3e15\" data-element_type=\"column\" data-e-type=\"column\">\n\t\t\t<div class=\"elementor-widget-wrap elementor-element-populated\">\n\t\t\t\t\t\t<div class=\"elementor-element elementor-element-c6fd92e elementor-widget elementor-widget-accordion\" data-id=\"c6fd92e\" data-element_type=\"widget\" data-e-type=\"widget\" data-settings=\"{&quot;ekit_we_effect_on&quot;:&quot;none&quot;}\" data-widget_type=\"accordion.default\">\n\t\t\t\t<div class=\"elementor-widget-container\">\n\t\t\t\t\t\t\t<div class=\"elementor-accordion\">\n\t\t\t\t\t\t\t<div class=\"elementor-accordion-item\">\n\t\t\t\t\t<div id=\"elementor-tab-title-2081\" class=\"elementor-tab-title\" data-tab=\"1\" role=\"button\" aria-controls=\"elementor-tab-content-2081\" aria-expanded=\"false\">\n\t\t\t\t\t\t\t\t\t\t\t\t\t<span class=\"elementor-accordion-icon elementor-accordion-icon-left\" aria-hidden=\"true\">\n\t\t\t\t\t\t\t\t\t\t\t\t\t\t\t<span class=\"elementor-accordion-icon-closed\"><i class=\"fas fa-plus\"><\/i><\/span>\n\t\t\t\t\t\t\t\t<span class=\"elementor-accordion-icon-opened\"><i class=\"fas fa-minus\"><\/i><\/span>\n\t\t\t\t\t\t\t\t\t\t\t\t\t\t<\/span>\n\t\t\t\t\t\t\t\t\t\t\t\t<a class=\"elementor-accordion-title\" tabindex=\"0\">Popis<\/a>\n\t\t\t\t\t<\/div>\n\t\t\t\t\t<div id=\"elementor-tab-content-2081\" class=\"elementor-tab-content elementor-clearfix\" data-tab=\"1\" role=\"region\" aria-labelledby=\"elementor-tab-title-2081\"><p class=\"translation-block\"><p><span style=\"font-size: medium\"><b>PharmasuperFoam Silver: <\/b>vyrobeno ze stejn\u00fdch t\u0159\u00ed vrstev, ale dopln\u011bno o polyetylenovou st\u0159\u00edbrnou s\u00ed\u0165, kter\u00e1 je v kontaktu s r\u00e1nou, zabra\u0148uje kolonizaci na povrchu r\u00e1ny a poskytuje \u010dist\u00e9 prost\u0159ed\u00ed pro hojen\u00ed. <\/span><\/p><\/p>\n<\/div>\n\t\t\t\t<\/div>\n\t\t\t\t\t\t\t<div class=\"elementor-accordion-item\">\n\t\t\t\t\t<div id=\"elementor-tab-title-2082\" class=\"elementor-tab-title\" data-tab=\"2\" role=\"button\" aria-controls=\"elementor-tab-content-2082\" aria-expanded=\"false\">\n\t\t\t\t\t\t\t\t\t\t\t\t\t<span class=\"elementor-accordion-icon elementor-accordion-icon-left\" aria-hidden=\"true\">\n\t\t\t\t\t\t\t\t\t\t\t\t\t\t\t<span class=\"elementor-accordion-icon-closed\"><i class=\"fas fa-plus\"><\/i><\/span>\n\t\t\t\t\t\t\t\t<span class=\"elementor-accordion-icon-opened\"><i class=\"fas fa-minus\"><\/i><\/span>\n\t\t\t\t\t\t\t\t\t\t\t\t\t\t<\/span>\n\t\t\t\t\t\t\t\t\t\t\t\t<a class=\"elementor-accordion-title\" tabindex=\"0\">Vlastnosti<\/a>\n\t\t\t\t\t<\/div>\n\t\t\t\t\t<div id=\"elementor-tab-content-2082\" class=\"elementor-tab-content elementor-clearfix\" data-tab=\"2\" role=\"region\" aria-labelledby=\"elementor-tab-title-2082\"><div class=\"su-spoiler-content su-u-clearfix su-u-trim\">\n<p><span style=\"font-size: medium\"><span style=\"font-size: medium\">T\u0159i vrstvy kryt\u00ed spole\u010dn\u011b pracuj\u00ed na zaji\u0161t\u011bn\u00ed vlhk\u00e9ho prost\u0159ed\u00ed v oblasti r\u00e1ny, vysok\u00e9 kapacity absorpce a del\u0161\u00ed doby no\u0161en\u00ed bez macerace.<\/span><br \/>\n<\/span><span style=\"font-size: medium\">The sealed edges of the dressing allow longer wear time without risk of maceration of the skin surrounding the wound, because exudates cannot leak laterally even when foam is saturated with exudates or<br \/>\ncompressed under a compression therapy.<br \/>\n<\/span><span style=\"font-size: medium\"><span style=\"font-size: medium\">Sni\u017euje se \u010detnost v\u00fdm\u011bny kryt\u00ed.<\/span><br \/>\n<\/span><span style=\"font-size: medium\"><span style=\"font-size: medium\">R\u00e1na dot\u00fdkaj\u00edc\u00ed se s\u00edt\u011b se st\u0159\u00edbrem funguje jako antimikrobi\u00e1ln\u00ed bari\u00e9ra zabra\u0148uj\u00edc\u00ed kolonizaci na povrchu kryt\u00ed. Poskytuje tak hygieni\u010dt\u011bj\u0161\u00ed prost\u0159ed\u00ed, obzvl\u00e1\u0161t\u011b v p\u0159\u00edpad\u011b ran, u kter\u00fdch hroz\u00ed zv\u00fd\u0161en\u00e9 riziko infekce.<\/span><br \/>\n<\/span><span style=\"font-size: medium\"><span style=\"font-size: medium\">Vn\u011bj\u0161\u00ed polyuretanov\u00e1 f\u00f3lie je vysoce prody\u0161n\u00e1 a umo\u017e\u0148uje vypa\u0159ov\u00e1n\u00ed absorbovan\u00e9ho exsud\u00e1tu. T\u00edm se zvy\u0161uje celkov\u00e1 kapacita kapalin, kter\u00e9 m\u016f\u017ee p\u011bna pojmout.<\/span><\/span><\/p>\n<p style=\"text-align: justify\">\n<\/div>\n<\/div>\n\t\t\t\t<\/div>\n\t\t\t\t\t\t\t<div class=\"elementor-accordion-item\">\n\t\t\t\t\t<div id=\"elementor-tab-title-2083\" class=\"elementor-tab-title\" data-tab=\"3\" role=\"button\" aria-controls=\"elementor-tab-content-2083\" aria-expanded=\"false\">\n\t\t\t\t\t\t\t\t\t\t\t\t\t<span class=\"elementor-accordion-icon elementor-accordion-icon-left\" aria-hidden=\"true\">\n\t\t\t\t\t\t\t\t\t\t\t\t\t\t\t<span class=\"elementor-accordion-icon-closed\"><i class=\"fas fa-plus\"><\/i><\/span>\n\t\t\t\t\t\t\t\t<span class=\"elementor-accordion-icon-opened\"><i class=\"fas fa-minus\"><\/i><\/span>\n\t\t\t\t\t\t\t\t\t\t\t\t\t\t<\/span>\n\t\t\t\t\t\t\t\t\t\t\t\t<a class=\"elementor-accordion-title\" tabindex=\"0\">Ur\u010den\u00e9 Pou\u017eit\u00ed<\/a>\n\t\t\t\t\t<\/div>\n\t\t\t\t\t<div id=\"elementor-tab-content-2083\" class=\"elementor-tab-content elementor-clearfix\" data-tab=\"3\" role=\"region\" aria-labelledby=\"elementor-tab-title-2083\"><div class=\"su-spoiler-content su-u-clearfix su-u-trim\">\n<p style=\"text-align: justify\" class=\"translation-block\"><span style=\"font-size: medium\">\u0158ada produkt\u016f PharmasuperFoam m\u016f\u017ee b\u00fdt pou\u017eita pro n\u00e1sleduj\u00edc\u00ed typy ran a v\u0159ed\u016f se st\u0159edn\u00ed a\u017e t\u011b\u017ekou rychlost\u00ed v\u00fdtoku\/exsudace:<\/span><\/p>\n<p class=\"translation-block\"><ul>\n<li><span style=\"font-size: medium\">b\u00e9rcov\u00e9 v\u0159edy f\u00e1ze II a povrchov\u00e9 f\u00e1ze III,<\/span><\/li>\n<li><span style=\"font-size: medium\">ulcerace diabetick\u00e9 nohy druh\u00e9ho a t\u0159et\u00edho stupn\u011b,<\/span><\/li>\n<li><span style=\"font-size: medium\">b\u00e9rcov\u00e9 v\u0159edy zp\u016fsoben\u00e9 \u017eiln\u00ed insuficienc\u00ed,<\/span><\/li>\n<li><span style=\"font-size: medium\">arteri\u00e1ln\u00ed v\u0159edy druh\u00e9ho a t\u0159et\u00edho stupn\u011b,<\/span><\/li>\n<li><span style=\"font-size: medium\">pop\u00e1leniny a od\u011brky druh\u00e9ho stupn\u011b,<\/span><\/li>\n<li><span style=\"font-size: medium\">otev\u0159en\u00e9 opera\u010dn\u00ed r\u00e1ny,<\/span><\/li>\n<li><span style=\"font-size: medium\">od\u0159en\u00e1 poko\u017eka.<\/span><\/li>\n<\/ul><\/p>\n<p style=\"text-align: justify\">\n<\/div>\n<\/div>\n\t\t\t\t<\/div>\n\t\t\t\t\t\t\t<div class=\"elementor-accordion-item\">\n\t\t\t\t\t<div id=\"elementor-tab-title-2084\" class=\"elementor-tab-title\" data-tab=\"4\" role=\"button\" aria-controls=\"elementor-tab-content-2084\" aria-expanded=\"false\">\n\t\t\t\t\t\t\t\t\t\t\t\t\t<span class=\"elementor-accordion-icon elementor-accordion-icon-left\" aria-hidden=\"true\">\n\t\t\t\t\t\t\t\t\t\t\t\t\t\t\t<span class=\"elementor-accordion-icon-closed\"><i class=\"fas fa-plus\"><\/i><\/span>\n\t\t\t\t\t\t\t\t<span class=\"elementor-accordion-icon-opened\"><i class=\"fas fa-minus\"><\/i><\/span>\n\t\t\t\t\t\t\t\t\t\t\t\t\t\t<\/span>\n\t\t\t\t\t\t\t\t\t\t\t\t<a class=\"elementor-accordion-title\" tabindex=\"0\">Kontraindikace<\/a>\n\t\t\t\t\t<\/div>\n\t\t\t\t\t<div id=\"elementor-tab-content-2084\" class=\"elementor-tab-content elementor-clearfix\" data-tab=\"4\" role=\"region\" aria-labelledby=\"elementor-tab-title-2084\"><div class=\"su-spoiler-content su-u-clearfix su-u-trim\">\n<p class=\"translation-block\"><ul>\n<li><span style=\"font-size: medium\">Nepou\u017e\u00edvejte ve spojen\u00ed s oxida\u010dn\u00edmi \u010dinidly, jako jsou roztoky hypochloridu nebo peroxidu vod\u00edku, kter\u00e9 mohou zni\u010dit absorp\u010dn\u00ed hydrocelul\u00e1rn\u00ed komponenty kryt\u00ed. <\/span><\/li>\n<li><span style=\"font-size: medium\">V p\u0159\u00edpad\u011b produkt\u016f s antimikrobi\u00e1ln\u00edmi ionty st\u0159\u00edbra m\u00e1me omezen\u00e9 zku\u0161enosti s pou\u017eit\u00edm u novorozenc\u016f, nemluv\u0148at a v pr\u016fb\u011bhu t\u011bhotenstv\u00ed.<\/span><\/li>\n<\/ul><\/p>\n<\/div>\n<\/div>\n\t\t\t\t<\/div>\n\t\t\t\t\t\t\t<div class=\"elementor-accordion-item\">\n\t\t\t\t\t<div id=\"elementor-tab-title-2085\" class=\"elementor-tab-title\" data-tab=\"5\" role=\"button\" aria-controls=\"elementor-tab-content-2085\" aria-expanded=\"false\">\n\t\t\t\t\t\t\t\t\t\t\t\t\t<span class=\"elementor-accordion-icon elementor-accordion-icon-left\" aria-hidden=\"true\">\n\t\t\t\t\t\t\t\t\t\t\t\t\t\t\t<span class=\"elementor-accordion-icon-closed\"><i class=\"fas fa-plus\"><\/i><\/span>\n\t\t\t\t\t\t\t\t<span class=\"elementor-accordion-icon-opened\"><i class=\"fas fa-minus\"><\/i><\/span>\n\t\t\t\t\t\t\t\t\t\t\t\t\t\t<\/span>\n\t\t\t\t\t\t\t\t\t\t\t\t<a class=\"elementor-accordion-title\" tabindex=\"0\">Preventivn\u00ed opat\u0159en\u00ed<\/a>\n\t\t\t\t\t<\/div>\n\t\t\t\t\t<div id=\"elementor-tab-content-2085\" class=\"elementor-tab-content elementor-clearfix\" data-tab=\"5\" role=\"region\" aria-labelledby=\"elementor-tab-title-2085\"><\/div>\n\t\t\t\t<\/div>\n\t\t\t\t\t\t\t<div class=\"elementor-accordion-item\">\n\t\t\t\t\t<div id=\"elementor-tab-title-2086\" class=\"elementor-tab-title\" data-tab=\"6\" role=\"button\" aria-controls=\"elementor-tab-content-2086\" aria-expanded=\"false\">\n\t\t\t\t\t\t\t\t\t\t\t\t\t<span class=\"elementor-accordion-icon elementor-accordion-icon-left\" aria-hidden=\"true\">\n\t\t\t\t\t\t\t\t\t\t\t\t\t\t\t<span class=\"elementor-accordion-icon-closed\"><i class=\"fas fa-plus\"><\/i><\/span>\n\t\t\t\t\t\t\t\t<span class=\"elementor-accordion-icon-opened\"><i class=\"fas fa-minus\"><\/i><\/span>\n\t\t\t\t\t\t\t\t\t\t\t\t\t\t<\/span>\n\t\t\t\t\t\t\t\t\t\t\t\t<a class=\"elementor-accordion-title\" tabindex=\"0\">Diagram vrstev<\/a>\n\t\t\t\t\t<\/div>\n\t\t\t\t\t<div id=\"elementor-tab-content-2086\" class=\"elementor-tab-content elementor-clearfix\" data-tab=\"6\" role=\"region\" aria-labelledby=\"elementor-tab-title-2086\"><\/div>\n\t\t\t\t<\/div>\n\t\t\t\t\t\t\t<div class=\"elementor-accordion-item\">\n\t\t\t\t\t<div id=\"elementor-tab-title-2087\" class=\"elementor-tab-title\" data-tab=\"7\" role=\"button\" aria-controls=\"elementor-tab-content-2087\" aria-expanded=\"false\">\n\t\t\t\t\t\t\t\t\t\t\t\t\t<span class=\"elementor-accordion-icon elementor-accordion-icon-left\" aria-hidden=\"true\">\n\t\t\t\t\t\t\t\t\t\t\t\t\t\t\t<span class=\"elementor-accordion-icon-closed\"><i class=\"fas fa-plus\"><\/i><\/span>\n\t\t\t\t\t\t\t\t<span class=\"elementor-accordion-icon-opened\"><i class=\"fas fa-minus\"><\/i><\/span>\n\t\t\t\t\t\t\t\t\t\t\t\t\t\t<\/span>\n\t\t\t\t\t\t\t\t\t\t\t\t<a class=\"elementor-accordion-title\" tabindex=\"0\">Frekvence v\u00fdm\u011bny<\/a>\n\t\t\t\t\t<\/div>\n\t\t\t\t\t<div id=\"elementor-tab-content-2087\" class=\"elementor-tab-content elementor-clearfix\" data-tab=\"7\" role=\"region\" aria-labelledby=\"elementor-tab-title-2087\"><\/div>\n\t\t\t\t<\/div>\n\t\t\t\t\t\t\t<div class=\"elementor-accordion-item\">\n\t\t\t\t\t<div id=\"elementor-tab-title-2088\" class=\"elementor-tab-title\" data-tab=\"8\" role=\"button\" aria-controls=\"elementor-tab-content-2088\" aria-expanded=\"false\">\n\t\t\t\t\t\t\t\t\t\t\t\t\t<span class=\"elementor-accordion-icon elementor-accordion-icon-left\" aria-hidden=\"true\">\n\t\t\t\t\t\t\t\t\t\t\t\t\t\t\t<span class=\"elementor-accordion-icon-closed\"><i class=\"fas fa-plus\"><\/i><\/span>\n\t\t\t\t\t\t\t\t<span class=\"elementor-accordion-icon-opened\"><i class=\"fas fa-minus\"><\/i><\/span>\n\t\t\t\t\t\t\t\t\t\t\t\t\t\t<\/span>\n\t\t\t\t\t\t\t\t\t\t\t\t<a class=\"elementor-accordion-title\" tabindex=\"0\">Jak to funguje?<\/a>\n\t\t\t\t\t<\/div>\n\t\t\t\t\t<div id=\"elementor-tab-content-2088\" class=\"elementor-tab-content elementor-clearfix\" data-tab=\"8\" role=\"region\" aria-labelledby=\"elementor-tab-title-2088\"><\/div>\n\t\t\t\t<\/div>\n\t\t\t\t\t\t\t<div class=\"elementor-accordion-item\">\n\t\t\t\t\t<div id=\"elementor-tab-title-2089\" class=\"elementor-tab-title\" data-tab=\"9\" role=\"button\" aria-controls=\"elementor-tab-content-2089\" aria-expanded=\"false\">\n\t\t\t\t\t\t\t\t\t\t\t\t\t<span class=\"elementor-accordion-icon elementor-accordion-icon-left\" aria-hidden=\"true\">\n\t\t\t\t\t\t\t\t\t\t\t\t\t\t\t<span class=\"elementor-accordion-icon-closed\"><i class=\"fas fa-plus\"><\/i><\/span>\n\t\t\t\t\t\t\t\t<span class=\"elementor-accordion-icon-opened\"><i class=\"fas fa-minus\"><\/i><\/span>\n\t\t\t\t\t\t\t\t\t\t\t\t\t\t<\/span>\n\t\t\t\t\t\t\t\t\t\t\t\t<a class=\"elementor-accordion-title\" tabindex=\"0\">\u017divotnost<\/a>\n\t\t\t\t\t<\/div>\n\t\t\t\t\t<div id=\"elementor-tab-content-2089\" class=\"elementor-tab-content elementor-clearfix\" data-tab=\"9\" role=\"region\" aria-labelledby=\"elementor-tab-title-2089\"><\/div>\n\t\t\t\t<\/div>\n\t\t\t\t\t\t\t\t<\/div>\n\t\t\t\t\t\t<\/div>\n\t\t\t\t<\/div>\n\t\t\t\t\t<\/div>\n\t\t<\/div>\n\t\t\t\t\t<\/div>\n\t\t<\/section>\n\t\t\t\t<\/div>\n\t\t                        <\/div>\n                    <\/div>\n                                    <div class=\"tab-pane elementkit-tab-pane elementor-repeater-item-9b61f69\" id=\"content-9b61f6969eecd96b4269\" role=\"tabpanel\"\n                         aria-labelledby=\"content-9b61f6969eecd96b4269-tab\">\n                        <div class=\"animated fadeIn\">\n                            <p>1. R\u00e1nu vy\u010dist\u011bte podle m\u00edstn\u00edch klinick\u00fdch protokol\u016f.<br \/>2. Zvolte p\u0159im\u011b\u0159enou velikost kry\udbc0\udda1 tak, aby p\u0159esahovalo okraje r\u00e1ny alespo\u0148 o dva centimetry.<br \/>3. Aseptickou technikou vyjm\u011bte z obalu steriln\u00ed kry\udbc0\udda1.<br \/><strong>Varianty Non-adhesive:<\/strong><br \/>1. Non-Adhesive variants can be cut to fit awkward areas. When used under compression therapy, the dressing must be cut to the size of<br \/>the wound.<br \/>2. P\u0159ilo\u017ete kry\udbc0\udda1 na r\u00e1nu.<br \/>3. K aplikaci a zaji\u0161t\u011bn\u00ed kry\udbc0\udda1 by se m\u011blo pou\u017e\u00edt kry\udbc0\udda1 se sekund\u00e1rn\u00ed vrstvou nebo odpov\u00eddaj\u00edc\u00ed obvaz.<\/p><p><strong>&#8211; Dressing change and removal:<\/strong><br \/>\u2022 Dressing change frequency will depend on patient condition as well as wound exudate level.<br \/>Change dressing when reached its maximum exudate management level or as instructed by a healthcare professional.<br \/>\u2022 To remove an adhesive dressing, loosen the adhesive film border before lifting the dressing away from the wound.<br \/>\u2022 To remove non-adhesive dressing, gently lift the corners of the dressing away from the wound.<br \/>\u2022 Cleanse the wound prior to application of new dressing.<\/p><p><img decoding=\"async\" class=\"aligncenter\" src=\"https:\/\/pharmaplast-online.net\/wp-content\/uploads\/Wound_Care\/how_to_use\/En\/PharmasuperFoam_Silver.png\" alt=\"\" \/><\/p>                        <\/div>\n                    <\/div>\n                                    <div class=\"tab-pane elementkit-tab-pane elementor-repeater-item-23affad\" id=\"content-23affad69eecd96b4269\" role=\"tabpanel\"\n                         aria-labelledby=\"content-23affad69eecd96b4269-tab\">\n                        <div class=\"animated fadeIn\">\n                            <p>\u00a0<\/p><table><tbody><tr><td width=\"229\"><p><strong><em>Espuma\u00ae Ag Sealed Edges<\/em><\/strong><\/p><\/td><td width=\"85\"><p><strong>Size<\/strong><\/p><\/td><td width=\"99\"><p><strong>Pieces\/Case<\/strong><\/p><\/td><td width=\"86\"><p><strong>Boxes\/Case <\/strong><\/p><\/td><\/tr><tr><td width=\"229\"><p>ESPUMASAG7575<\/p><\/td><td width=\"85\"><p>7.5&#215;7.5cm<\/p><\/td><td width=\"99\"><p>10<\/p><\/td><td width=\"86\"><p>48<\/p><\/td><\/tr><tr><td width=\"229\"><p>ESPUMASAG100100<\/p><\/td><td width=\"85\"><p>10x10cm<\/p><\/td><td width=\"99\"><p>10<\/p><\/td><td width=\"86\"><p>48<\/p><\/td><\/tr><tr><td width=\"229\"><p>ESPUMASAG100150<\/p><\/td><td width=\"85\"><p>10x15cm<\/p><\/td><td width=\"99\"><p>5<\/p><\/td><td width=\"86\"><p>24<\/p><\/td><\/tr><tr><td width=\"229\"><p>ESPUMASAG100200<\/p><\/td><td width=\"85\"><p>10x20cm<\/p><\/td><td width=\"99\"><p>5<\/p><\/td><td width=\"86\"><p>24<\/p><\/td><\/tr><tr><td width=\"229\"><p>ESPUMASAG150150<\/p><\/td><td width=\"85\"><p>15x15cm<\/p><\/td><td width=\"99\"><p>5<\/p><\/td><td width=\"86\"><p>24<\/p><\/td><\/tr><tr><td width=\"229\"><p>ESPUMASAG150200<\/p><\/td><td width=\"85\"><p>15x20cm<\/p><\/td><td width=\"99\"><p>10<\/p><\/td><td width=\"86\"><p>48<\/p><\/td><\/tr><tr><td width=\"229\"><p>ESPUMASAG200200<\/p><\/td><td width=\"85\"><p>20x20cm<\/p><\/td><td width=\"99\"><p>3<\/p><\/td><td width=\"86\"><p>24<\/p><\/td><\/tr><tr><td width=\"229\"><p>ESPUMASAG200300<\/p><\/td><td width=\"85\"><p>20x30cm<\/p><\/td><td width=\"99\"><p>3<\/p><\/td><td width=\"86\"><p>24<\/p><\/td><\/tr><\/tbody><\/table><p>Jin\u00e9 velikosti jsou k dispozici na vy\u017e\u00e1d\u00e1n\u00ed.<\/p><p><img decoding=\"async\" class=\"aligncenter\" src=\"https:\/\/pharmaplast-online.net\/wp-content\/uploads\/Wound_Care\/table_of_sizes\/En\/PharmasuperFoam_Silver.png\" alt=\"\" \/><\/p>                        <\/div>\n                    <\/div>\n                                    <div class=\"tab-pane elementkit-tab-pane elementor-repeater-item-ff5082e\" id=\"content-ff5082e69eecd96b4269\" role=\"tabpanel\"\n                         aria-labelledby=\"content-ff5082e69eecd96b4269-tab\">\n                        <div class=\"animated fadeIn\">\n                            <p><a href=\"https:\/\/pharmaplast-online.net\/wp-content\/uploads\/2024\/11\/Espuma-Ag-with-Exulock-tec-Brochure.pdf\">Espuma Ag with Exulock tec Brochure<\/a><\/p><p><a href=\"https:\/\/pharmaplast-online.net\/wp-content\/uploads\/2024\/11\/Espuma-Ag-with-Exulock-tec-Brochure.pdf\"><img decoding=\"async\" class=\"alignnone  wp-image-17145\" src=\"https:\/\/pharmaplast-online.net\/wp-content\/uploads\/2024\/10\/pdf_4726010-300x300.png\" alt=\"\" width=\"51\" height=\"51\" srcset=\"https:\/\/pharmaplast-online.net\/wp-content\/uploads\/2024\/10\/pdf_4726010-300x300.png 300w, https:\/\/pharmaplast-online.net\/wp-content\/uploads\/2024\/10\/pdf_4726010-150x150.png 150w, https:\/\/pharmaplast-online.net\/wp-content\/uploads\/2024\/10\/pdf_4726010-12x12.png 12w, https:\/\/pharmaplast-online.net\/wp-content\/uploads\/2024\/10\/pdf_4726010-24x24.png 24w, https:\/\/pharmaplast-online.net\/wp-content\/uploads\/2024\/10\/pdf_4726010-36x36.png 36w, https:\/\/pharmaplast-online.net\/wp-content\/uploads\/2024\/10\/pdf_4726010-48x48.png 48w, https:\/\/pharmaplast-online.net\/wp-content\/uploads\/2024\/10\/pdf_4726010-100x100.png 100w, https:\/\/pharmaplast-online.net\/wp-content\/uploads\/2024\/10\/pdf_4726010.png 512w\" sizes=\"(max-width: 51px) 100vw, 51px\" \/><\/a><\/p>                        <\/div>\n                    <\/div>\n                                \n            <\/div>\n                    <\/div>\n    <\/div>\t\t\t\t<\/div>\n\t\t\t\t<\/div>\n\t\t\t\t\t<\/div>\n\t\t<\/div>\n\t\t\t\t\t<\/div>\n\t\t<\/section>\n\t\t\t\t<\/div>","protected":false},"excerpt":{"rendered":"<p>Antimicrobial Highly retentive foam dressing.<\/p>","protected":false},"featured_media":16992,"comment_status":"open","ping_status":"closed","template":"","meta":[],"product_brand":[],"product_cat":[266,283,281],"product_tag":[],"class_list":{"0":"post-11504","1":"product","2":"type-product","3":"status-publish","4":"has-post-thumbnail","6":"product_cat-anti-microbial-wound-care","7":"product_cat-foams-silver-ag","8":"product_cat-silver-ag","10":"first","11":"instock","12":"shipping-taxable","13":"product-type-simple"},"acf":[],"_links":{"self":[{"href":"https:\/\/pharmaplast-online.net\/cs\/wp-json\/wp\/v2\/product\/11504","targetHints":{"allow":["GET"]}}],"collection":[{"href":"https:\/\/pharmaplast-online.net\/cs\/wp-json\/wp\/v2\/product"}],"about":[{"href":"https:\/\/pharmaplast-online.net\/cs\/wp-json\/wp\/v2\/types\/product"}],"replies":[{"embeddable":true,"href":"https:\/\/pharmaplast-online.net\/cs\/wp-json\/wp\/v2\/comments?post=11504"}],"version-history":[{"count":14,"href":"https:\/\/pharmaplast-online.net\/cs\/wp-json\/wp\/v2\/product\/11504\/revisions"}],"predecessor-version":[{"id":18174,"href":"https:\/\/pharmaplast-online.net\/cs\/wp-json\/wp\/v2\/product\/11504\/revisions\/18174"}],"wp:featuredmedia":[{"embeddable":true,"href":"https:\/\/pharmaplast-online.net\/cs\/wp-json\/wp\/v2\/media\/16992"}],"wp:attachment":[{"href":"https:\/\/pharmaplast-online.net\/cs\/wp-json\/wp\/v2\/media?parent=11504"}],"wp:term":[{"taxonomy":"product_brand","embeddable":true,"href":"https:\/\/pharmaplast-online.net\/cs\/wp-json\/wp\/v2\/product_brand?post=11504"},{"taxonomy":"product_cat","embeddable":true,"href":"https:\/\/pharmaplast-online.net\/cs\/wp-json\/wp\/v2\/product_cat?post=11504"},{"taxonomy":"product_tag","embeddable":true,"href":"https:\/\/pharmaplast-online.net\/cs\/wp-json\/wp\/v2\/product_tag?post=11504"}],"curies":[{"name":"wp","href":"https:\/\/api.w.org\/{rel}","templated":true}]}}