{"id":7683,"date":"2022-12-15T09:09:38","date_gmt":"2022-12-15T09:09:38","guid":{"rendered":"https:\/\/pharmaplast.mediagate-egy.com\/?post_type=product&#038;p=7683"},"modified":"2026-03-26T08:22:46","modified_gmt":"2026-03-26T08:22:46","slug":"cavidagel","status":"publish","type":"product","link":"https:\/\/pharmaplast-online.net\/cs\/produkt\/cavidagel\/","title":{"rendered":"Cavidagel\u00ae"},"content":{"rendered":"<div data-elementor-type=\"wp-post\" data-elementor-id=\"7683\" class=\"elementor elementor-7683\" data-elementor-post-type=\"product\">\n\t\t\t\t\t\t<section class=\"elementor-section elementor-top-section elementor-element elementor-element-e92fcbc elementor-section-boxed elementor-section-height-default elementor-section-height-default qodef-elementor-content-no\" data-id=\"e92fcbc\" data-element_type=\"section\" data-e-type=\"section\" data-settings=\"{&quot;ekit_has_onepagescroll_dot&quot;:&quot;yes&quot;}\">\n\t\t\t\t\t\t<div class=\"elementor-container elementor-column-gap-default\">\n\t\t\t\t\t<div class=\"elementor-column elementor-col-100 elementor-top-column elementor-element elementor-element-de29f55\" data-id=\"de29f55\" data-element_type=\"column\" data-e-type=\"column\">\n\t\t\t<div class=\"elementor-widget-wrap elementor-element-populated\">\n\t\t\t\t\t\t<div class=\"elementor-element elementor-element-2087a8e elementor-widget elementor-widget-video\" data-id=\"2087a8e\" data-element_type=\"widget\" data-e-type=\"widget\" data-settings=\"{&quot;youtube_url&quot;:&quot;https:\\\/\\\/www.youtube.com\\\/watch?v=Ibx6ye3cWFo&amp;t=13s&quot;,&quot;autoplay&quot;:&quot;yes&quot;,&quot;video_type&quot;:&quot;youtube&quot;,&quot;controls&quot;:&quot;yes&quot;,&quot;ekit_we_effect_on&quot;:&quot;none&quot;}\" data-widget_type=\"video.default\">\n\t\t\t\t<div class=\"elementor-widget-container\">\n\t\t\t\t\t\t\t<div class=\"elementor-wrapper elementor-open-inline\">\n\t\t\t<div class=\"elementor-video\"><\/div>\t\t<\/div>\n\t\t\t\t\t\t<\/div>\n\t\t\t\t<\/div>\n\t\t\t\t\t<\/div>\n\t\t<\/div>\n\t\t\t\t\t<\/div>\n\t\t<\/section>\n\t\t\t\t<section class=\"elementor-section elementor-top-section elementor-element elementor-element-f8bd3c3 elementor-section-boxed elementor-section-height-default elementor-section-height-default qodef-elementor-content-no\" data-id=\"f8bd3c3\" data-element_type=\"section\" data-e-type=\"section\" data-settings=\"{&quot;ekit_has_onepagescroll_dot&quot;:&quot;yes&quot;}\">\n\t\t\t\t\t\t<div class=\"elementor-container elementor-column-gap-default\">\n\t\t\t\t\t<div class=\"elementor-column elementor-col-100 elementor-top-column elementor-element elementor-element-8a75c53\" data-id=\"8a75c53\" data-element_type=\"column\" data-e-type=\"column\">\n\t\t\t<div class=\"elementor-widget-wrap elementor-element-populated\">\n\t\t\t\t\t\t<div class=\"elementor-element elementor-element-3b8a2a9 elementor-widget elementor-widget-elementskit-simple-tab\" data-id=\"3b8a2a9\" data-element_type=\"widget\" data-e-type=\"widget\" data-settings=\"{&quot;ekit_we_effect_on&quot;:&quot;none&quot;}\" data-widget_type=\"elementskit-simple-tab.default\">\n\t\t\t\t<div class=\"elementor-widget-container\">\n\t\t\t\t\t<div class=\"ekit-wid-con\" >        <div class=\"elementkit-tab-wraper\">\n            <ul class=\"nav nav-tabs elementkit-tab-nav  elementskit-fullwidth-tab\">\n                                    <li class=\"elementkit-nav-item elementor-repeater-item-d0363a9\">\n                        <a class=\"elementkit-nav-link  active show left-pos\" id=\"content-d0363a969f0227a02c8e-tab\" data-ekit-handler-id=\"product-info\" data-ekit-toggle=\"tab\" data-target=\"#content-d0363a969f0227a02c8e\" href=\"#Content-d0363a969f0227a02c8e\"\n                            data-ekit-toggle-trigger=\"click\"\n                            aria-describedby=\"Content-d0363a969f0227a02c8e\">\n                            <span class=\"elementskit-tab-icon\"><\/span>                            <span class=\"elementskit-tab-title\">Informace o Produktu<\/span>\n                        <\/a>\n                    <\/li>\n                                        <li class=\"elementkit-nav-item elementor-repeater-item-9b61f69\">\n                        <a class=\"elementkit-nav-link  left-pos\" id=\"content-9b61f6969f0227a02c8e-tab\" data-ekit-handler-id=\"how-to-use\" data-ekit-toggle=\"tab\" data-target=\"#content-9b61f6969f0227a02c8e\" href=\"#Content-9b61f6969f0227a02c8e\"\n                            data-ekit-toggle-trigger=\"click\"\n                            aria-describedby=\"Content-9b61f6969f0227a02c8e\">\n                            <span class=\"elementskit-tab-icon\"><\/span>                            <span class=\"elementskit-tab-title\">N\u00e1vod k pou\u017eit\u00ed<\/span>\n                        <\/a>\n                    <\/li>\n                                        <li class=\"elementkit-nav-item elementor-repeater-item-23affad\">\n                        <a class=\"elementkit-nav-link  left-pos\" id=\"content-23affad69f0227a02c8e-tab\" data-ekit-handler-id=\"sizes-codes\" data-ekit-toggle=\"tab\" data-target=\"#content-23affad69f0227a02c8e\" href=\"#Content-23affad69f0227a02c8e\"\n                            data-ekit-toggle-trigger=\"click\"\n                            aria-describedby=\"Content-23affad69f0227a02c8e\">\n                            <span class=\"elementskit-tab-icon\"><\/span>                            <span class=\"elementskit-tab-title\">Velikosti a K\u00f3dy<\/span>\n                        <\/a>\n                    <\/li>\n                                        <li class=\"elementkit-nav-item elementor-repeater-item-9882644\">\n                        <a class=\"elementkit-nav-link  left-pos\" id=\"content-988264469f0227a02c8e-tab\" data-ekit-handler-id=\"downloads\" data-ekit-toggle=\"tab\" data-target=\"#content-988264469f0227a02c8e\" href=\"#Content-988264469f0227a02c8e\"\n                            data-ekit-toggle-trigger=\"click\"\n                            aria-describedby=\"Content-988264469f0227a02c8e\">\n                            <span class=\"elementskit-tab-icon\"><\/span>                            <span class=\"elementskit-tab-title\">Sta\u017een\u00ed<\/span>\n                        <\/a>\n                    <\/li>\n                                <\/ul>\n\n            <div class=\"tab-content elementkit-tab-content\">\n                                    <div class=\"tab-pane elementkit-tab-pane elementor-repeater-item-d0363a9  active show\" id=\"content-d0363a969f0227a02c8e\" role=\"tabpanel\"\n                         aria-labelledby=\"content-d0363a969f0227a02c8e-tab\">\n                        <div class=\"animated fadeIn\">\n                            <h3>Informace o Produktu<\/h3>\t\t<div data-elementor-type=\"section\" data-elementor-id=\"8585\" class=\"elementor elementor-8585\" data-elementor-post-type=\"elementor_library\">\n\t\t\t\t\t<section class=\"elementor-section elementor-top-section elementor-element elementor-element-3c9a5a4 elementor-section-boxed elementor-section-height-default elementor-section-height-default qodef-elementor-content-no\" data-id=\"3c9a5a4\" data-element_type=\"section\" data-e-type=\"section\" data-settings=\"{&quot;ekit_has_onepagescroll_dot&quot;:&quot;yes&quot;}\">\n\t\t\t\t\t\t<div class=\"elementor-container elementor-column-gap-default\">\n\t\t\t\t\t<div class=\"elementor-column elementor-col-100 elementor-top-column elementor-element elementor-element-8fd3e15\" data-id=\"8fd3e15\" data-element_type=\"column\" data-e-type=\"column\">\n\t\t\t<div class=\"elementor-widget-wrap elementor-element-populated\">\n\t\t\t\t\t\t<div class=\"elementor-element elementor-element-c6fd92e elementor-widget elementor-widget-accordion\" data-id=\"c6fd92e\" data-element_type=\"widget\" data-e-type=\"widget\" data-settings=\"{&quot;ekit_we_effect_on&quot;:&quot;none&quot;}\" data-widget_type=\"accordion.default\">\n\t\t\t\t<div class=\"elementor-widget-container\">\n\t\t\t\t\t\t\t<div class=\"elementor-accordion\">\n\t\t\t\t\t\t\t<div class=\"elementor-accordion-item\">\n\t\t\t\t\t<div id=\"elementor-tab-title-2081\" class=\"elementor-tab-title\" data-tab=\"1\" role=\"button\" aria-controls=\"elementor-tab-content-2081\" aria-expanded=\"false\">\n\t\t\t\t\t\t\t\t\t\t\t\t\t<span class=\"elementor-accordion-icon elementor-accordion-icon-left\" aria-hidden=\"true\">\n\t\t\t\t\t\t\t\t\t\t\t\t\t\t\t<span class=\"elementor-accordion-icon-closed\"><i class=\"fas fa-plus\"><\/i><\/span>\n\t\t\t\t\t\t\t\t<span class=\"elementor-accordion-icon-opened\"><i class=\"fas fa-minus\"><\/i><\/span>\n\t\t\t\t\t\t\t\t\t\t\t\t\t\t<\/span>\n\t\t\t\t\t\t\t\t\t\t\t\t<a class=\"elementor-accordion-title\" tabindex=\"0\">Popis<\/a>\n\t\t\t\t\t<\/div>\n\t\t\t\t\t<div id=\"elementor-tab-content-2081\" class=\"elementor-tab-content elementor-clearfix\" data-tab=\"1\" role=\"region\" aria-labelledby=\"elementor-tab-title-2081\"><p class=\"translation-block\">Cavidagel\u00ae je steriln\u00ed amorfn\u00ed hydrogel s algin\u00e1tem.<\/p>\n<\/div>\n\t\t\t\t<\/div>\n\t\t\t\t\t\t\t<div class=\"elementor-accordion-item\">\n\t\t\t\t\t<div id=\"elementor-tab-title-2082\" class=\"elementor-tab-title\" data-tab=\"2\" role=\"button\" aria-controls=\"elementor-tab-content-2082\" aria-expanded=\"false\">\n\t\t\t\t\t\t\t\t\t\t\t\t\t<span class=\"elementor-accordion-icon elementor-accordion-icon-left\" aria-hidden=\"true\">\n\t\t\t\t\t\t\t\t\t\t\t\t\t\t\t<span class=\"elementor-accordion-icon-closed\"><i class=\"fas fa-plus\"><\/i><\/span>\n\t\t\t\t\t\t\t\t<span class=\"elementor-accordion-icon-opened\"><i class=\"fas fa-minus\"><\/i><\/span>\n\t\t\t\t\t\t\t\t\t\t\t\t\t\t<\/span>\n\t\t\t\t\t\t\t\t\t\t\t\t<a class=\"elementor-accordion-title\" tabindex=\"0\">Vlastnosti<\/a>\n\t\t\t\t\t<\/div>\n\t\t\t\t\t<div id=\"elementor-tab-content-2082\" class=\"elementor-tab-content elementor-clearfix\" data-tab=\"2\" role=\"region\" aria-labelledby=\"elementor-tab-title-2082\"><p>\u2022 Debriding action: <strong>Cavidagel\u00ae<\/strong> rehydrates necrotic tissue and aids debridement.<br \/>\n\u2022 Desloughing action: <strong>Cavidagel\u00ae<\/strong> absorbs slough and exudate without damaging fragile granulation tissue.<br \/>\n\u2022 Creates moist wound healing environment: <strong>Cavidagel\u00ae<\/strong> helps to create an optimal moist wound management environment which<br \/>\npromotes healing, reduces the likelihood of scarring and helps soothe pain.<br \/>\n\u2022 Stable and counteract leakage and maceration: The viscous texture of the gel makes it stay in place, and even after absorption of<br \/>\ndebris and exudate the gel will remain cohesive and counteract leakage and maceration.<br \/>\n\u2022 Easy to remove: The gel is easy to remove due to high cohesion even after absorption of debris and exudate.<\/p>\n<\/div>\n\t\t\t\t<\/div>\n\t\t\t\t\t\t\t<div class=\"elementor-accordion-item\">\n\t\t\t\t\t<div id=\"elementor-tab-title-2083\" class=\"elementor-tab-title\" data-tab=\"3\" role=\"button\" aria-controls=\"elementor-tab-content-2083\" aria-expanded=\"false\">\n\t\t\t\t\t\t\t\t\t\t\t\t\t<span class=\"elementor-accordion-icon elementor-accordion-icon-left\" aria-hidden=\"true\">\n\t\t\t\t\t\t\t\t\t\t\t\t\t\t\t<span class=\"elementor-accordion-icon-closed\"><i class=\"fas fa-plus\"><\/i><\/span>\n\t\t\t\t\t\t\t\t<span class=\"elementor-accordion-icon-opened\"><i class=\"fas fa-minus\"><\/i><\/span>\n\t\t\t\t\t\t\t\t\t\t\t\t\t\t<\/span>\n\t\t\t\t\t\t\t\t\t\t\t\t<a class=\"elementor-accordion-title\" tabindex=\"0\">Ur\u010den\u00e9 Pou\u017eit\u00ed<\/a>\n\t\t\t\t\t<\/div>\n\t\t\t\t\t<div id=\"elementor-tab-content-2083\" class=\"elementor-tab-content elementor-clearfix\" data-tab=\"3\" role=\"region\" aria-labelledby=\"elementor-tab-title-2083\"><ul>\n<li class=\"translation-block\">Cavidagel\u00ae je prim\u00e1rn\u011b ur\u010den k l\u00e9\u010db\u011b nekrotick\u00fdch a strupat\u00fdch ran, nap\u0159. v\u0159ed\u016f doln\u00edch kon\u010detin, dekubit\u016f a neinfikovan\u00fdch v\u0159ed\u016f diabetick\u00e9 nohy.<\/li>\n<li class=\"translation-block\">m\u016f\u017ee b\u00fdt tak\u00e9 pou\u017eit na pop\u00e1leniny prvn\u00edho a druh\u00e9ho stupn\u011b.<\/li>\n<li>Gel m\u016f\u017ee b\u00fdt pou\u017e\u00edv\u00e1n b\u011bhem cel\u00e9ho procesu hojen\u00ed, aby poskytoval vlhk\u00e9 prost\u0159ed\u00ed pro hojen\u00ed ran ve v\u0161ech typech ran, krom\u011b t\u011bch, kter\u00e9 jsou uvedeny v upozorn\u011bn\u00ed.<\/li>\n<\/ul>\n<\/div>\n\t\t\t\t<\/div>\n\t\t\t\t\t\t\t<div class=\"elementor-accordion-item\">\n\t\t\t\t\t<div id=\"elementor-tab-title-2084\" class=\"elementor-tab-title\" data-tab=\"4\" role=\"button\" aria-controls=\"elementor-tab-content-2084\" aria-expanded=\"false\">\n\t\t\t\t\t\t\t\t\t\t\t\t\t<span class=\"elementor-accordion-icon elementor-accordion-icon-left\" aria-hidden=\"true\">\n\t\t\t\t\t\t\t\t\t\t\t\t\t\t\t<span class=\"elementor-accordion-icon-closed\"><i class=\"fas fa-plus\"><\/i><\/span>\n\t\t\t\t\t\t\t\t<span class=\"elementor-accordion-icon-opened\"><i class=\"fas fa-minus\"><\/i><\/span>\n\t\t\t\t\t\t\t\t\t\t\t\t\t\t<\/span>\n\t\t\t\t\t\t\t\t\t\t\t\t<a class=\"elementor-accordion-title\" tabindex=\"0\">Kontraindikace<\/a>\n\t\t\t\t\t<\/div>\n\t\t\t\t\t<div id=\"elementor-tab-content-2084\" class=\"elementor-tab-content elementor-clearfix\" data-tab=\"4\" role=\"region\" aria-labelledby=\"elementor-tab-title-2084\"><\/div>\n\t\t\t\t<\/div>\n\t\t\t\t\t\t\t<div class=\"elementor-accordion-item\">\n\t\t\t\t\t<div id=\"elementor-tab-title-2085\" class=\"elementor-tab-title\" data-tab=\"5\" role=\"button\" aria-controls=\"elementor-tab-content-2085\" aria-expanded=\"false\">\n\t\t\t\t\t\t\t\t\t\t\t\t\t<span class=\"elementor-accordion-icon elementor-accordion-icon-left\" aria-hidden=\"true\">\n\t\t\t\t\t\t\t\t\t\t\t\t\t\t\t<span class=\"elementor-accordion-icon-closed\"><i class=\"fas fa-plus\"><\/i><\/span>\n\t\t\t\t\t\t\t\t<span class=\"elementor-accordion-icon-opened\"><i class=\"fas fa-minus\"><\/i><\/span>\n\t\t\t\t\t\t\t\t\t\t\t\t\t\t<\/span>\n\t\t\t\t\t\t\t\t\t\t\t\t<a class=\"elementor-accordion-title\" tabindex=\"0\">Preventivn\u00ed opat\u0159en\u00ed<\/a>\n\t\t\t\t\t<\/div>\n\t\t\t\t\t<div id=\"elementor-tab-content-2085\" class=\"elementor-tab-content elementor-clearfix\" data-tab=\"5\" role=\"region\" aria-labelledby=\"elementor-tab-title-2085\"><ul>\n<li>Podle uv\u00e1\u017een\u00ed zdravotn\u00edka lze pou\u017e\u00edt u pacient\u016f s lok\u00e1ln\u00ed i syst\u00e9movou infekc\u00ed.<\/li>\n<li>V p\u0159\u00edpad\u011b alergick\u00fdch reakc\u00ed pros\u00edm p\u0159esta\u0148te gel ihned pou\u017e\u00edvat a pora\u010fte se s l\u00e9ka\u0159em.<\/li>\n<li>Pouze k vn\u011bj\u0161\u00edmu pou\u017ei\udbc0\udda1.<\/li>\n<li>V\u00fdrobek nepou\u017e\u00edvejte opakovan\u011b (opakovan\u00e9 pou\u017eit\u00ed m\u016f\u017ee p\u0159edstavovat riziko infekce).<\/li>\n<li>Pokud je obal poru\u0161en\u00fd, produkt nepou\u017e\u00edvejte ani jej op\u011btovn\u011b nesterilizujte.<\/li>\n<\/ul>\n<\/div>\n\t\t\t\t<\/div>\n\t\t\t\t\t\t\t<div class=\"elementor-accordion-item\">\n\t\t\t\t\t<div id=\"elementor-tab-title-2086\" class=\"elementor-tab-title\" data-tab=\"6\" role=\"button\" aria-controls=\"elementor-tab-content-2086\" aria-expanded=\"false\">\n\t\t\t\t\t\t\t\t\t\t\t\t\t<span class=\"elementor-accordion-icon elementor-accordion-icon-left\" aria-hidden=\"true\">\n\t\t\t\t\t\t\t\t\t\t\t\t\t\t\t<span class=\"elementor-accordion-icon-closed\"><i class=\"fas fa-plus\"><\/i><\/span>\n\t\t\t\t\t\t\t\t<span class=\"elementor-accordion-icon-opened\"><i class=\"fas fa-minus\"><\/i><\/span>\n\t\t\t\t\t\t\t\t\t\t\t\t\t\t<\/span>\n\t\t\t\t\t\t\t\t\t\t\t\t<a class=\"elementor-accordion-title\" tabindex=\"0\">Diagram vrstev<\/a>\n\t\t\t\t\t<\/div>\n\t\t\t\t\t<div id=\"elementor-tab-content-2086\" class=\"elementor-tab-content elementor-clearfix\" data-tab=\"6\" role=\"region\" aria-labelledby=\"elementor-tab-title-2086\"><\/div>\n\t\t\t\t<\/div>\n\t\t\t\t\t\t\t<div class=\"elementor-accordion-item\">\n\t\t\t\t\t<div id=\"elementor-tab-title-2087\" class=\"elementor-tab-title\" data-tab=\"7\" role=\"button\" aria-controls=\"elementor-tab-content-2087\" aria-expanded=\"false\">\n\t\t\t\t\t\t\t\t\t\t\t\t\t<span class=\"elementor-accordion-icon elementor-accordion-icon-left\" aria-hidden=\"true\">\n\t\t\t\t\t\t\t\t\t\t\t\t\t\t\t<span class=\"elementor-accordion-icon-closed\"><i class=\"fas fa-plus\"><\/i><\/span>\n\t\t\t\t\t\t\t\t<span class=\"elementor-accordion-icon-opened\"><i class=\"fas fa-minus\"><\/i><\/span>\n\t\t\t\t\t\t\t\t\t\t\t\t\t\t<\/span>\n\t\t\t\t\t\t\t\t\t\t\t\t<a class=\"elementor-accordion-title\" tabindex=\"0\">Frekvence v\u00fdm\u011bny<\/a>\n\t\t\t\t\t<\/div>\n\t\t\t\t\t<div id=\"elementor-tab-content-2087\" class=\"elementor-tab-content elementor-clearfix\" data-tab=\"7\" role=\"region\" aria-labelledby=\"elementor-tab-title-2087\"><\/div>\n\t\t\t\t<\/div>\n\t\t\t\t\t\t\t<div class=\"elementor-accordion-item\">\n\t\t\t\t\t<div id=\"elementor-tab-title-2088\" class=\"elementor-tab-title\" data-tab=\"8\" role=\"button\" aria-controls=\"elementor-tab-content-2088\" aria-expanded=\"false\">\n\t\t\t\t\t\t\t\t\t\t\t\t\t<span class=\"elementor-accordion-icon elementor-accordion-icon-left\" aria-hidden=\"true\">\n\t\t\t\t\t\t\t\t\t\t\t\t\t\t\t<span class=\"elementor-accordion-icon-closed\"><i class=\"fas fa-plus\"><\/i><\/span>\n\t\t\t\t\t\t\t\t<span class=\"elementor-accordion-icon-opened\"><i class=\"fas fa-minus\"><\/i><\/span>\n\t\t\t\t\t\t\t\t\t\t\t\t\t\t<\/span>\n\t\t\t\t\t\t\t\t\t\t\t\t<a class=\"elementor-accordion-title\" tabindex=\"0\">Jak to funguje?<\/a>\n\t\t\t\t\t<\/div>\n\t\t\t\t\t<div id=\"elementor-tab-content-2088\" class=\"elementor-tab-content elementor-clearfix\" data-tab=\"8\" role=\"region\" aria-labelledby=\"elementor-tab-title-2088\"><\/div>\n\t\t\t\t<\/div>\n\t\t\t\t\t\t\t<div class=\"elementor-accordion-item\">\n\t\t\t\t\t<div id=\"elementor-tab-title-2089\" class=\"elementor-tab-title\" data-tab=\"9\" role=\"button\" aria-controls=\"elementor-tab-content-2089\" aria-expanded=\"false\">\n\t\t\t\t\t\t\t\t\t\t\t\t\t<span class=\"elementor-accordion-icon elementor-accordion-icon-left\" aria-hidden=\"true\">\n\t\t\t\t\t\t\t\t\t\t\t\t\t\t\t<span class=\"elementor-accordion-icon-closed\"><i class=\"fas fa-plus\"><\/i><\/span>\n\t\t\t\t\t\t\t\t<span class=\"elementor-accordion-icon-opened\"><i class=\"fas fa-minus\"><\/i><\/span>\n\t\t\t\t\t\t\t\t\t\t\t\t\t\t<\/span>\n\t\t\t\t\t\t\t\t\t\t\t\t<a class=\"elementor-accordion-title\" tabindex=\"0\">\u017divotnost<\/a>\n\t\t\t\t\t<\/div>\n\t\t\t\t\t<div id=\"elementor-tab-content-2089\" class=\"elementor-tab-content elementor-clearfix\" data-tab=\"9\" role=\"region\" aria-labelledby=\"elementor-tab-title-2089\"><\/div>\n\t\t\t\t<\/div>\n\t\t\t\t\t\t\t\t<\/div>\n\t\t\t\t\t\t<\/div>\n\t\t\t\t<\/div>\n\t\t\t\t\t<\/div>\n\t\t<\/div>\n\t\t\t\t\t<\/div>\n\t\t<\/section>\n\t\t\t\t<\/div>\n\t\t                        <\/div>\n                    <\/div>\n                                    <div class=\"tab-pane elementkit-tab-pane elementor-repeater-item-9b61f69\" id=\"content-9b61f6969f0227a02c8e\" role=\"tabpanel\"\n                         aria-labelledby=\"content-9b61f6969f0227a02c8e-tab\">\n                        <div class=\"animated fadeIn\">\n                            <p>\u2022 R\u00e1nu vypl\u00e1chn\u011bte fyziologick\u00fdm roztokem nebo pitnou vodou.<br \/>\u2022 Aby bylo zaji\u0161t\u011bno optim\u00e1ln\u00ed pou\u017ei\udbc0\udda1, aplikujte Cavidagel\u00ae podle n\u00ed\u017ee uveden\u00fdch sch\u00e9mat.<br \/>\u2022 Jemn\u011b osu\u0161te k\u016f\u017ei v okol\u00ed r\u00e1ny.<br \/>\u2022 R\u00e1nu nevypl\u0148ujte do vy\u0161\u0161\u00ed \u00farovn\u011b, ne\u017e je okoln\u00ed k\u016f\u017ee.<\/p><p>\u2022 Zakryjte sekund\u00e1rn\u00edm krytim. U ran s n\u00edzkou a st\u0159edn\u011b silnou exsudac\u00ed pou\u017eijte jako\nsekund\u00e1rn\u00ed kry\udbc0\udda1 hydrokoloid, nap\u0159. Pharmacoll\u00ae Comfort nebo Pharmacoll\u00ae Comfort Plus. U\nran se st\u0159edn\u011b silnou a\u017e vysokou exsudac\u00ed pou\u017eijte jako kry\udbc0\udda1 vysoce absorp\u010dn\u00ed a vysoce\npropustn\u00fd obvaz, nap\u0159. Espuma\u00ae Comfort nebo Espuma\u00ae Comfort Plus. U ran se slabou nebo\n\u017e\u00e1dnou exsudac\u00ed lze Cavdiagel\u00ae zakr\u00fdt filmov\u00fdm obvazem, jako je nap\u0159. Protecfilm\u00ae.<\/p><p>\u2022 Kv\u016fli optimalizaci \u010di\u0161t\u011bn\u00ed nekrotick\u00fdch a strupat\u00fdch ran je doporu\u010deno m\u011bnit Cavidagel\u00ae\nminim\u00e1ln\u011b ka\u017ed\u00fd t\u0159e\udbc0\udda1 den z d\u016fvodu velk\u00e9ho objemu exsud\u00e1tu. V p\u0159\u00edpad\u011b \u010dist\u00fdch ran je nutno\nm\u011bnit Cavidagel\u00ae podle objemu exsud\u00e1tu.<br \/>\u2022 Gel lze z r\u00e1ny odstranit propl\u00e1chnutim fyziologick\u00fdm roztokem nebo pitnou vodou.<\/p><p><img decoding=\"async\" class=\"alignnone size-medium wp-image-20541\" src=\"https:\/\/pharmaplast-online.net\/wp-content\/uploads\/2025\/06\/cavidagel-300x78.png\" alt=\"\" width=\"300\" height=\"78\" srcset=\"https:\/\/pharmaplast-online.net\/wp-content\/uploads\/2025\/06\/cavidagel-300x78.png 300w, https:\/\/pharmaplast-online.net\/wp-content\/uploads\/2025\/06\/cavidagel-18x5.png 18w, https:\/\/pharmaplast-online.net\/wp-content\/uploads\/2025\/06\/cavidagel-24x6.png 24w, https:\/\/pharmaplast-online.net\/wp-content\/uploads\/2025\/06\/cavidagel-36x9.png 36w, https:\/\/pharmaplast-online.net\/wp-content\/uploads\/2025\/06\/cavidagel-48x13.png 48w, https:\/\/pharmaplast-online.net\/wp-content\/uploads\/2025\/06\/cavidagel.png 421w\" sizes=\"(max-width: 300px) 100vw, 300px\" \/><\/p>                        <\/div>\n                    <\/div>\n                                    <div class=\"tab-pane elementkit-tab-pane elementor-repeater-item-23affad\" id=\"content-23affad69f0227a02c8e\" role=\"tabpanel\"\n                         aria-labelledby=\"content-23affad69f0227a02c8e-tab\">\n                        <div class=\"animated fadeIn\">\n                            <table><tbody><tr><td width=\"156\"><p><strong><em>Cavidagel\u00a0<\/em><\/strong><\/p><\/td><td width=\"117\"><p><strong>Code<\/strong><\/p><\/td><td width=\"107\"><p><strong>Size<\/strong><\/p><\/td><td width=\"100\"><p><strong>Unites\/Case<\/strong><\/p><\/td><\/tr><tr><td width=\"156\"><p>Cavidagel Tube<\/p><\/td><td width=\"117\"><p>CAVT15<\/p><\/td><td width=\"107\"><p>15 gm<\/p><\/td><td width=\"100\"><p>48<\/p><\/td><\/tr><tr><td width=\"156\"><p>Cavidagel Tube<\/p><\/td><td width=\"117\"><p>CAVT20<\/p><\/td><td width=\"107\"><p>20 gm<\/p><\/td><td width=\"100\"><p>48<\/p><\/td><\/tr><tr><td width=\"156\"><p>Cavidagel Tube<\/p><\/td><td width=\"117\"><p>CAVT25<\/p><\/td><td width=\"107\"><p>25 gm<\/p><\/td><td width=\"100\"><p>48<\/p><\/td><\/tr><tr><td width=\"156\"><p>Cavidagel Tube<\/p><\/td><td width=\"117\"><p>CAVT30<\/p><\/td><td width=\"107\"><p>30 gm<\/p><\/td><td width=\"100\"><p>48<\/p><\/td><\/tr><tr><td width=\"156\"><p>Cavidagel Tube<\/p><\/td><td width=\"117\"><p>CAVT50<\/p><\/td><td width=\"107\"><p>50 gm<\/p><\/td><td width=\"100\"><p>24<\/p><\/td><\/tr><tr><td width=\"156\"><p>Cavidagel Tube<\/p><\/td><td width=\"117\"><p>CAVT75<\/p><\/td><td width=\"107\"><p>75 gm<\/p><\/td><td width=\"100\"><p>24<\/p><\/td><\/tr><tr><td width=\"156\"><p>Cavidagel Tube<\/p><\/td><td width=\"117\"><p>CAVT85<\/p><\/td><td width=\"107\"><p>85 gm<\/p><\/td><td width=\"100\"><p>24<\/p><\/td><\/tr><tr><td width=\"156\"><p>Cavidagel Sachet<\/p><\/td><td width=\"117\"><p>CAVS6<\/p><\/td><td width=\"107\"><p>6 gm<\/p><\/td><td width=\"100\"><p>1000<\/p><\/td><\/tr><\/tbody><\/table>                        <\/div>\n                    <\/div>\n                                    <div class=\"tab-pane elementkit-tab-pane elementor-repeater-item-9882644\" id=\"content-988264469f0227a02c8e\" role=\"tabpanel\"\n                         aria-labelledby=\"content-988264469f0227a02c8e-tab\">\n                        <div class=\"animated fadeIn\">\n                            <p><a href=\"https:\/\/pharmaplast-online.net\/wp-content\/uploads\/2025\/06\/Cavidagel-Brochure.pdf\">Cavidagel Brochure<\/a><\/p><p><img decoding=\"async\" class=\"alignnone wp-image-20471\" src=\"https:\/\/pharmaplast-online.net\/wp-content\/uploads\/2025\/06\/broucher-300x105.png\" alt=\"\" width=\"119\" height=\"42\" srcset=\"https:\/\/pharmaplast-online.net\/wp-content\/uploads\/2025\/06\/broucher-300x105.png 300w, https:\/\/pharmaplast-online.net\/wp-content\/uploads\/2025\/06\/broucher-18x6.png 18w, https:\/\/pharmaplast-online.net\/wp-content\/uploads\/2025\/06\/broucher-24x8.png 24w, https:\/\/pharmaplast-online.net\/wp-content\/uploads\/2025\/06\/broucher-36x13.png 36w, https:\/\/pharmaplast-online.net\/wp-content\/uploads\/2025\/06\/broucher-48x17.png 48w, https:\/\/pharmaplast-online.net\/wp-content\/uploads\/2025\/06\/broucher-600x211.png 600w, https:\/\/pharmaplast-online.net\/wp-content\/uploads\/2025\/06\/broucher.png 640w\" sizes=\"(max-width: 119px) 100vw, 119px\" \/><\/p>                        <\/div>\n                    <\/div>\n                                \n            <\/div>\n                    <\/div>\n    <\/div>\t\t\t\t<\/div>\n\t\t\t\t<\/div>\n\t\t\t\t\t<\/div>\n\t\t<\/div>\n\t\t\t\t\t<\/div>\n\t\t<\/section>\n\t\t\t\t<\/div>","protected":false},"excerpt":{"rendered":"<p>Sterile amorphous hydrogel with alginate.<\/p>","protected":false},"featured_media":20537,"comment_status":"open","ping_status":"closed","template":"","meta":[],"product_brand":[],"product_cat":[187,193,189],"product_tag":[],"class_list":{"0":"post-7683","1":"product","2":"type-product","3":"status-publish","4":"has-post-thumbnail","6":"product_cat-advanced-wound-care","7":"product_cat-amorphous-hydrogel","8":"product_cat-hydrogels","9":"new","11":"first","12":"instock","13":"shipping-taxable","14":"product-type-simple"},"acf":[],"_links":{"self":[{"href":"https:\/\/pharmaplast-online.net\/cs\/wp-json\/wp\/v2\/product\/7683","targetHints":{"allow":["GET"]}}],"collection":[{"href":"https:\/\/pharmaplast-online.net\/cs\/wp-json\/wp\/v2\/product"}],"about":[{"href":"https:\/\/pharmaplast-online.net\/cs\/wp-json\/wp\/v2\/types\/product"}],"replies":[{"embeddable":true,"href":"https:\/\/pharmaplast-online.net\/cs\/wp-json\/wp\/v2\/comments?post=7683"}],"version-history":[{"count":48,"href":"https:\/\/pharmaplast-online.net\/cs\/wp-json\/wp\/v2\/product\/7683\/revisions"}],"predecessor-version":[{"id":24311,"href":"https:\/\/pharmaplast-online.net\/cs\/wp-json\/wp\/v2\/product\/7683\/revisions\/24311"}],"wp:featuredmedia":[{"embeddable":true,"href":"https:\/\/pharmaplast-online.net\/cs\/wp-json\/wp\/v2\/media\/20537"}],"wp:attachment":[{"href":"https:\/\/pharmaplast-online.net\/cs\/wp-json\/wp\/v2\/media?parent=7683"}],"wp:term":[{"taxonomy":"product_brand","embeddable":true,"href":"https:\/\/pharmaplast-online.net\/cs\/wp-json\/wp\/v2\/product_brand?post=7683"},{"taxonomy":"product_cat","embeddable":true,"href":"https:\/\/pharmaplast-online.net\/cs\/wp-json\/wp\/v2\/product_cat?post=7683"},{"taxonomy":"product_tag","embeddable":true,"href":"https:\/\/pharmaplast-online.net\/cs\/wp-json\/wp\/v2\/product_tag?post=7683"}],"curies":[{"name":"wp","href":"https:\/\/api.w.org\/{rel}","templated":true}]}}