{"id":7801,"date":"2022-12-15T11:24:14","date_gmt":"2022-12-15T11:24:14","guid":{"rendered":"https:\/\/pharmaplast.mediagate-egy.com\/?post_type=product&#038;p=7801"},"modified":"2025-10-23T20:45:25","modified_gmt":"2025-10-23T20:45:25","slug":"pharmapore-ultra-exsorb","status":"publish","type":"product","link":"https:\/\/pharmaplast-online.net\/cs\/produkt\/pharmapore-ultra-exsorb\/","title":{"rendered":"Pharmapore \u00ae Ultra eXsorb"},"content":{"rendered":"<div data-elementor-type=\"wp-post\" data-elementor-id=\"7801\" class=\"elementor elementor-7801\" data-elementor-post-type=\"product\">\n\t\t\t\t\t\t<section class=\"elementor-section elementor-top-section elementor-element elementor-element-d70f91c elementor-section-boxed elementor-section-height-default elementor-section-height-default qodef-elementor-content-no\" data-id=\"d70f91c\" data-element_type=\"section\" data-e-type=\"section\" data-settings=\"{&quot;ekit_has_onepagescroll_dot&quot;:&quot;yes&quot;}\">\n\t\t\t\t\t\t<div class=\"elementor-container elementor-column-gap-default\">\n\t\t\t\t\t<div class=\"elementor-column elementor-col-100 elementor-top-column elementor-element elementor-element-e42a342\" data-id=\"e42a342\" data-element_type=\"column\" data-e-type=\"column\">\n\t\t\t<div class=\"elementor-widget-wrap elementor-element-populated\">\n\t\t\t\t\t\t<div class=\"elementor-element elementor-element-dec0ebd elementor-widget elementor-widget-elementskit-simple-tab\" data-id=\"dec0ebd\" data-element_type=\"widget\" data-e-type=\"widget\" data-settings=\"{&quot;ekit_we_effect_on&quot;:&quot;none&quot;}\" data-widget_type=\"elementskit-simple-tab.default\">\n\t\t\t\t<div class=\"elementor-widget-container\">\n\t\t\t\t\t<div class=\"ekit-wid-con\" >        <div class=\"elementkit-tab-wraper\">\n            <ul class=\"nav nav-tabs elementkit-tab-nav  elementskit-fullwidth-tab\">\n                                    <li class=\"elementkit-nav-item elementor-repeater-item-d0363a9\">\n                        <a class=\"elementkit-nav-link  active show left-pos\" id=\"content-d0363a969f2cacec7f41-tab\" data-ekit-handler-id=\"product-info\" data-ekit-toggle=\"tab\" data-target=\"#content-d0363a969f2cacec7f41\" href=\"#Content-d0363a969f2cacec7f41\"\n                            data-ekit-toggle-trigger=\"click\"\n                            aria-describedby=\"Content-d0363a969f2cacec7f41\">\n                            <span class=\"elementskit-tab-icon\"><\/span>                            <span class=\"elementskit-tab-title\">Informace o Produktu<\/span>\n                        <\/a>\n                    <\/li>\n                                        <li class=\"elementkit-nav-item elementor-repeater-item-9b61f69\">\n                        <a class=\"elementkit-nav-link  left-pos\" id=\"content-9b61f6969f2cacec7f41-tab\" data-ekit-handler-id=\"how-to-use\" data-ekit-toggle=\"tab\" data-target=\"#content-9b61f6969f2cacec7f41\" href=\"#Content-9b61f6969f2cacec7f41\"\n                            data-ekit-toggle-trigger=\"click\"\n                            aria-describedby=\"Content-9b61f6969f2cacec7f41\">\n                            <span class=\"elementskit-tab-icon\"><\/span>                            <span class=\"elementskit-tab-title\">N\u00e1vod k pou\u017eit\u00ed<\/span>\n                        <\/a>\n                    <\/li>\n                                        <li class=\"elementkit-nav-item elementor-repeater-item-23affad\">\n                        <a class=\"elementkit-nav-link  left-pos\" id=\"content-23affad69f2cacec7f41-tab\" data-ekit-handler-id=\"sizes-codes\" data-ekit-toggle=\"tab\" data-target=\"#content-23affad69f2cacec7f41\" href=\"#Content-23affad69f2cacec7f41\"\n                            data-ekit-toggle-trigger=\"click\"\n                            aria-describedby=\"Content-23affad69f2cacec7f41\">\n                            <span class=\"elementskit-tab-icon\"><\/span>                            <span class=\"elementskit-tab-title\">Velikosti a K\u00f3dy<\/span>\n                        <\/a>\n                    <\/li>\n                                        <li class=\"elementkit-nav-item elementor-repeater-item-9c5665d\">\n                        <a class=\"elementkit-nav-link  left-pos\" id=\"content-9c5665d69f2cacec7f41-tab\" data-ekit-handler-id=\"downloads\" data-ekit-toggle=\"tab\" data-target=\"#content-9c5665d69f2cacec7f41\" href=\"#Content-9c5665d69f2cacec7f41\"\n                            data-ekit-toggle-trigger=\"click\"\n                            aria-describedby=\"Content-9c5665d69f2cacec7f41\">\n                            <span class=\"elementskit-tab-icon\"><\/span>                            <span class=\"elementskit-tab-title\">Sta\u017een\u00ed<\/span>\n                        <\/a>\n                    <\/li>\n                                <\/ul>\n\n            <div class=\"tab-content elementkit-tab-content\">\n                                    <div class=\"tab-pane elementkit-tab-pane elementor-repeater-item-d0363a9  active show\" id=\"content-d0363a969f2cacec7f41\" role=\"tabpanel\"\n                         aria-labelledby=\"content-d0363a969f2cacec7f41-tab\">\n                        <div class=\"animated fadeIn\">\n                            <h3>Informace o Produktu<\/h3>\t\t<div data-elementor-type=\"section\" data-elementor-id=\"8585\" class=\"elementor elementor-8585\" data-elementor-post-type=\"elementor_library\">\n\t\t\t\t\t<section class=\"elementor-section elementor-top-section elementor-element elementor-element-3c9a5a4 elementor-section-boxed elementor-section-height-default elementor-section-height-default qodef-elementor-content-no\" data-id=\"3c9a5a4\" data-element_type=\"section\" data-e-type=\"section\" data-settings=\"{&quot;ekit_has_onepagescroll_dot&quot;:&quot;yes&quot;}\">\n\t\t\t\t\t\t<div class=\"elementor-container elementor-column-gap-default\">\n\t\t\t\t\t<div class=\"elementor-column elementor-col-100 elementor-top-column elementor-element elementor-element-8fd3e15\" data-id=\"8fd3e15\" data-element_type=\"column\" data-e-type=\"column\">\n\t\t\t<div class=\"elementor-widget-wrap elementor-element-populated\">\n\t\t\t\t\t\t<div class=\"elementor-element elementor-element-c6fd92e elementor-widget elementor-widget-accordion\" data-id=\"c6fd92e\" data-element_type=\"widget\" data-e-type=\"widget\" data-settings=\"{&quot;ekit_we_effect_on&quot;:&quot;none&quot;}\" data-widget_type=\"accordion.default\">\n\t\t\t\t<div class=\"elementor-widget-container\">\n\t\t\t\t\t\t\t<div class=\"elementor-accordion\">\n\t\t\t\t\t\t\t<div class=\"elementor-accordion-item\">\n\t\t\t\t\t<div id=\"elementor-tab-title-2081\" class=\"elementor-tab-title\" data-tab=\"1\" role=\"button\" aria-controls=\"elementor-tab-content-2081\" aria-expanded=\"false\">\n\t\t\t\t\t\t\t\t\t\t\t\t\t<span class=\"elementor-accordion-icon elementor-accordion-icon-left\" aria-hidden=\"true\">\n\t\t\t\t\t\t\t\t\t\t\t\t\t\t\t<span class=\"elementor-accordion-icon-closed\"><i class=\"fas fa-plus\"><\/i><\/span>\n\t\t\t\t\t\t\t\t<span class=\"elementor-accordion-icon-opened\"><i class=\"fas fa-minus\"><\/i><\/span>\n\t\t\t\t\t\t\t\t\t\t\t\t\t\t<\/span>\n\t\t\t\t\t\t\t\t\t\t\t\t<a class=\"elementor-accordion-title\" tabindex=\"0\">Popis<\/a>\n\t\t\t\t\t<\/div>\n\t\t\t\t\t<div id=\"elementor-tab-content-2081\" class=\"elementor-tab-content elementor-clearfix\" data-tab=\"1\" role=\"region\" aria-labelledby=\"elementor-tab-title-2081\"><p><strong>Pharmapore \u00ae Ultra eXsorb<\/strong> The pad is placed centrally on a nonwoven backing material laminated to breathable, virus-proof, bacteria-proof and waterproof polyurethane film.<\/p>\n<p><span style=\"font-size: medium\"><b><i>eXsorb\u00ae <\/i><\/b>je prim\u00e1rn\u00ed kryt\u00ed ran vyroben\u00e9 ze sm\u011bsi superabsorp\u010dn\u00edch akrylov\u00fdch vl\u00e1ken a visk\u00f3zov\u00fdch vl\u00e1ken, tepeln\u011b laminovan\u00fdch k&nbsp; n\u00edzkop\u0159ilnav\u00e9 PE s\u00edti.<b><i> <\/i><\/b><\/span><\/p>\n<p><span style=\"font-size: medium\">Kryt\u00ed absorbuje a interaguje s exsud\u00e1ty r\u00e1ny a tvo\u0159\u00ed m\u011bkk\u00fd, hydrofiln\u00ed, plyn propou\u0161t\u011bj\u00edc\u00ed gel, kter\u00fd vytv\u00e1\u0159\u00ed vlhk\u00e9 prost\u0159ed\u00ed, o kter\u00e9m se p\u0159edpokl\u00e1d\u00e1, \u017ee napom\u00e1h\u00e1 hojen\u00ed.<\/span><\/p>\n<\/div>\n\t\t\t\t<\/div>\n\t\t\t\t\t\t\t<div class=\"elementor-accordion-item\">\n\t\t\t\t\t<div id=\"elementor-tab-title-2082\" class=\"elementor-tab-title\" data-tab=\"2\" role=\"button\" aria-controls=\"elementor-tab-content-2082\" aria-expanded=\"false\">\n\t\t\t\t\t\t\t\t\t\t\t\t\t<span class=\"elementor-accordion-icon elementor-accordion-icon-left\" aria-hidden=\"true\">\n\t\t\t\t\t\t\t\t\t\t\t\t\t\t\t<span class=\"elementor-accordion-icon-closed\"><i class=\"fas fa-plus\"><\/i><\/span>\n\t\t\t\t\t\t\t\t<span class=\"elementor-accordion-icon-opened\"><i class=\"fas fa-minus\"><\/i><\/span>\n\t\t\t\t\t\t\t\t\t\t\t\t\t\t<\/span>\n\t\t\t\t\t\t\t\t\t\t\t\t<a class=\"elementor-accordion-title\" tabindex=\"0\">Vlastnosti<\/a>\n\t\t\t\t\t<\/div>\n\t\t\t\t\t<div id=\"elementor-tab-content-2082\" class=\"elementor-tab-content elementor-clearfix\" data-tab=\"2\" role=\"region\" aria-labelledby=\"elementor-tab-title-2082\"><ol>\n<li><span style=\"font-size: medium\"><span style=\"font-size: medium\">M\u016f\u017ee absorbovat a zachytit a\u017e 30kr\u00e1t v\u00edce krve a tekutin, ne\u017e je jeho hmotnost.<\/span><\/span><\/li>\n<li><span style=\"font-size: medium\"><span style=\"font-size: medium\">Pol\u0161t\u00e1\u0159ek m\u016f\u017ee rychle absorbovat exsud\u00e1ty r\u00e1ny a vytv\u00e1\u0159et gel. Exsud\u00e1ty jsou uzav\u0159eny uvnit\u0159 kryt\u00ed, pry\u010d od r\u00e1ny a okoln\u00ed poko\u017eky. To zabra\u0148uje maceraci a udr\u017euje vlhk\u00e9 povrchov\u00e9 prost\u0159ed\u00ed, kter\u00e9 napom\u00e1h\u00e1 hojen\u00ed r\u00e1ny.<\/span><\/span><\/li>\n<li><span style=\"font-size: medium\">Pol\u0161t\u00e1\u0159ek udr\u017euje absorbovan\u00e9 exsud\u00e1ty dokonce i po stla\u010den\u00ed.<\/span><\/li>\n<li><span style=\"font-size: medium\">Vysok\u00e1 schopnost absorpce umo\u017e\u0148uje m\u00e9n\u011b \u010dast\u00e9 v\u00fdm\u011bny kryt\u00ed, a tak ponech\u00e1v\u00e1 k\u0159ehkou spodinu r\u00e1ny relativn\u011b v klidu.<\/span><\/li>\n<li><span style=\"font-size: medium\">M\u011bkk\u00fd na\u010dechran\u00fd pohodln\u00fd pol\u0161t\u00e1\u0159ek na r\u00e1ny zaji\u0161\u0165uje tlumic\u00ed efekt.<\/span><\/li>\n<li><span style=\"font-size: medium\"><span style=\"font-size: medium\">Netraumatick\u00e9 a bezbolestn\u00e9 sejmut\u00ed kryt\u00ed.<\/span><\/span><\/li>\n<li><span style=\"font-size: medium\"><span style=\"font-size: medium\">Pou\u017eit\u00ed PE s\u00ed\u0165ky jako kontaktn\u00ed vrstvy s r\u00e1nou umo\u017e\u0148uje rychlou a kontrolovanou absorpci lehk\u00fdch exsud\u00e1t\u016f.<\/span><\/span><\/li>\n<\/ol>\n<\/div>\n\t\t\t\t<\/div>\n\t\t\t\t\t\t\t<div class=\"elementor-accordion-item\">\n\t\t\t\t\t<div id=\"elementor-tab-title-2083\" class=\"elementor-tab-title\" data-tab=\"3\" role=\"button\" aria-controls=\"elementor-tab-content-2083\" aria-expanded=\"false\">\n\t\t\t\t\t\t\t\t\t\t\t\t\t<span class=\"elementor-accordion-icon elementor-accordion-icon-left\" aria-hidden=\"true\">\n\t\t\t\t\t\t\t\t\t\t\t\t\t\t\t<span class=\"elementor-accordion-icon-closed\"><i class=\"fas fa-plus\"><\/i><\/span>\n\t\t\t\t\t\t\t\t<span class=\"elementor-accordion-icon-opened\"><i class=\"fas fa-minus\"><\/i><\/span>\n\t\t\t\t\t\t\t\t\t\t\t\t\t\t<\/span>\n\t\t\t\t\t\t\t\t\t\t\t\t<a class=\"elementor-accordion-title\" tabindex=\"0\">Ur\u010den\u00e9 Pou\u017eit\u00ed<\/a>\n\t\t\t\t\t<\/div>\n\t\t\t\t\t<div id=\"elementor-tab-content-2083\" class=\"elementor-tab-content elementor-clearfix\" data-tab=\"3\" role=\"region\" aria-labelledby=\"elementor-tab-title-2083\"><p>B\u00e9rcov\u00e9 v\u0159edy, dekubity a diabetick\u00e9 v\u0159edy, povrchov\u00e9 pop\u00e1leniny druh\u00e9ho stupn\u011b, poopera\u010dn\u00ed r\u00e1ny.<\/p>\n<\/div>\n\t\t\t\t<\/div>\n\t\t\t\t\t\t\t<div class=\"elementor-accordion-item\">\n\t\t\t\t\t<div id=\"elementor-tab-title-2084\" class=\"elementor-tab-title\" data-tab=\"4\" role=\"button\" aria-controls=\"elementor-tab-content-2084\" aria-expanded=\"false\">\n\t\t\t\t\t\t\t\t\t\t\t\t\t<span class=\"elementor-accordion-icon elementor-accordion-icon-left\" aria-hidden=\"true\">\n\t\t\t\t\t\t\t\t\t\t\t\t\t\t\t<span class=\"elementor-accordion-icon-closed\"><i class=\"fas fa-plus\"><\/i><\/span>\n\t\t\t\t\t\t\t\t<span class=\"elementor-accordion-icon-opened\"><i class=\"fas fa-minus\"><\/i><\/span>\n\t\t\t\t\t\t\t\t\t\t\t\t\t\t<\/span>\n\t\t\t\t\t\t\t\t\t\t\t\t<a class=\"elementor-accordion-title\" tabindex=\"0\">Kontraindikace<\/a>\n\t\t\t\t\t<\/div>\n\t\t\t\t\t<div id=\"elementor-tab-content-2084\" class=\"elementor-tab-content elementor-clearfix\" data-tab=\"4\" role=\"region\" aria-labelledby=\"elementor-tab-title-2084\"><p>\u2022 Nepou\u017e\u00edvejte na o\u010di, sliznice nebo \u0161lachy, proto\u017ee hroz\u00ed riziko dehydratace.<br \/>\n\u2022 Nepou\u017e\u00edvejte na \u017e\u00e1dn\u00e9 dutiny nebo siny, proto\u017ee kryt\u00ed absorpc\u00ed nabobtn\u00e1.<br \/>\n\u2022 Nepou\u017e\u00edvejte na such\u00e9 \/ m\u00e1lo exsuduj\u00edc\u00ed r\u00e1ny, proto\u017ee absorp\u010dn\u00ed kapacita m\u016f\u017ee zp\u016fsobit p\u0159ilepen\u00ed k r\u00e1n\u011b nebo zp\u016fsobit vysych\u00e1n\u00ed r\u00e1ny\na bolestivost.<br \/>\n\u2022 Nepou\u017e\u00edvejte pro pacienty se zn\u00e1mou alergi\u00ed na jak\u00e9koli akryl\u00e1tov\u00e9 l\u00e1tky.<br \/>\n\u2022 Nepou\u017e\u00edvejte jako chirurgickou houbu nebo k dosa\u017een\u00ed hemost\u00e1zy u siln\u011b krv\u00e1cej\u00edc\u00edch poran\u011bn\u00ed.<br \/>\n\u2022 Nepou\u017e\u00edvejte na infikovan\u00e9 r\u00e1ny, pokud nejsou pod l\u00e9ka\u0159sk\u00fdm dohledem.<\/p>\n<\/div>\n\t\t\t\t<\/div>\n\t\t\t\t\t\t\t<div class=\"elementor-accordion-item\">\n\t\t\t\t\t<div id=\"elementor-tab-title-2085\" class=\"elementor-tab-title\" data-tab=\"5\" role=\"button\" aria-controls=\"elementor-tab-content-2085\" aria-expanded=\"false\">\n\t\t\t\t\t\t\t\t\t\t\t\t\t<span class=\"elementor-accordion-icon elementor-accordion-icon-left\" aria-hidden=\"true\">\n\t\t\t\t\t\t\t\t\t\t\t\t\t\t\t<span class=\"elementor-accordion-icon-closed\"><i class=\"fas fa-plus\"><\/i><\/span>\n\t\t\t\t\t\t\t\t<span class=\"elementor-accordion-icon-opened\"><i class=\"fas fa-minus\"><\/i><\/span>\n\t\t\t\t\t\t\t\t\t\t\t\t\t\t<\/span>\n\t\t\t\t\t\t\t\t\t\t\t\t<a class=\"elementor-accordion-title\" tabindex=\"0\">Preventivn\u00ed opat\u0159en\u00ed<\/a>\n\t\t\t\t\t<\/div>\n\t\t\t\t\t<div id=\"elementor-tab-content-2085\" class=\"elementor-tab-content elementor-clearfix\" data-tab=\"5\" role=\"region\" aria-labelledby=\"elementor-tab-title-2085\"><ul>\n<li>Pouze k jednor\u00e1zov\u00e9mu pou\u017eit\u00ed. Opakovan\u00e9 pou\u017eit\u00ed zp\u016fsob\u00ed k\u0159\u00ed\u017eovou kontaminaci.<\/li>\n<li>Zlikvidujte jako kontaminovan\u00fd odpad.<\/li>\n<\/ul>\n<\/div>\n\t\t\t\t<\/div>\n\t\t\t\t\t\t\t<div class=\"elementor-accordion-item\">\n\t\t\t\t\t<div id=\"elementor-tab-title-2086\" class=\"elementor-tab-title\" data-tab=\"6\" role=\"button\" aria-controls=\"elementor-tab-content-2086\" aria-expanded=\"false\">\n\t\t\t\t\t\t\t\t\t\t\t\t\t<span class=\"elementor-accordion-icon elementor-accordion-icon-left\" aria-hidden=\"true\">\n\t\t\t\t\t\t\t\t\t\t\t\t\t\t\t<span class=\"elementor-accordion-icon-closed\"><i class=\"fas fa-plus\"><\/i><\/span>\n\t\t\t\t\t\t\t\t<span class=\"elementor-accordion-icon-opened\"><i class=\"fas fa-minus\"><\/i><\/span>\n\t\t\t\t\t\t\t\t\t\t\t\t\t\t<\/span>\n\t\t\t\t\t\t\t\t\t\t\t\t<a class=\"elementor-accordion-title\" tabindex=\"0\">Diagram vrstev<\/a>\n\t\t\t\t\t<\/div>\n\t\t\t\t\t<div id=\"elementor-tab-content-2086\" class=\"elementor-tab-content elementor-clearfix\" data-tab=\"6\" role=\"region\" aria-labelledby=\"elementor-tab-title-2086\"><\/div>\n\t\t\t\t<\/div>\n\t\t\t\t\t\t\t<div class=\"elementor-accordion-item\">\n\t\t\t\t\t<div id=\"elementor-tab-title-2087\" class=\"elementor-tab-title\" data-tab=\"7\" role=\"button\" aria-controls=\"elementor-tab-content-2087\" aria-expanded=\"false\">\n\t\t\t\t\t\t\t\t\t\t\t\t\t<span class=\"elementor-accordion-icon elementor-accordion-icon-left\" aria-hidden=\"true\">\n\t\t\t\t\t\t\t\t\t\t\t\t\t\t\t<span class=\"elementor-accordion-icon-closed\"><i class=\"fas fa-plus\"><\/i><\/span>\n\t\t\t\t\t\t\t\t<span class=\"elementor-accordion-icon-opened\"><i class=\"fas fa-minus\"><\/i><\/span>\n\t\t\t\t\t\t\t\t\t\t\t\t\t\t<\/span>\n\t\t\t\t\t\t\t\t\t\t\t\t<a class=\"elementor-accordion-title\" tabindex=\"0\">Frekvence v\u00fdm\u011bny<\/a>\n\t\t\t\t\t<\/div>\n\t\t\t\t\t<div id=\"elementor-tab-content-2087\" class=\"elementor-tab-content elementor-clearfix\" data-tab=\"7\" role=\"region\" aria-labelledby=\"elementor-tab-title-2087\"><\/div>\n\t\t\t\t<\/div>\n\t\t\t\t\t\t\t<div class=\"elementor-accordion-item\">\n\t\t\t\t\t<div id=\"elementor-tab-title-2088\" class=\"elementor-tab-title\" data-tab=\"8\" role=\"button\" aria-controls=\"elementor-tab-content-2088\" aria-expanded=\"false\">\n\t\t\t\t\t\t\t\t\t\t\t\t\t<span class=\"elementor-accordion-icon elementor-accordion-icon-left\" aria-hidden=\"true\">\n\t\t\t\t\t\t\t\t\t\t\t\t\t\t\t<span class=\"elementor-accordion-icon-closed\"><i class=\"fas fa-plus\"><\/i><\/span>\n\t\t\t\t\t\t\t\t<span class=\"elementor-accordion-icon-opened\"><i class=\"fas fa-minus\"><\/i><\/span>\n\t\t\t\t\t\t\t\t\t\t\t\t\t\t<\/span>\n\t\t\t\t\t\t\t\t\t\t\t\t<a class=\"elementor-accordion-title\" tabindex=\"0\">Jak to funguje?<\/a>\n\t\t\t\t\t<\/div>\n\t\t\t\t\t<div id=\"elementor-tab-content-2088\" class=\"elementor-tab-content elementor-clearfix\" data-tab=\"8\" role=\"region\" aria-labelledby=\"elementor-tab-title-2088\"><\/div>\n\t\t\t\t<\/div>\n\t\t\t\t\t\t\t<div class=\"elementor-accordion-item\">\n\t\t\t\t\t<div id=\"elementor-tab-title-2089\" class=\"elementor-tab-title\" data-tab=\"9\" role=\"button\" aria-controls=\"elementor-tab-content-2089\" aria-expanded=\"false\">\n\t\t\t\t\t\t\t\t\t\t\t\t\t<span class=\"elementor-accordion-icon elementor-accordion-icon-left\" aria-hidden=\"true\">\n\t\t\t\t\t\t\t\t\t\t\t\t\t\t\t<span class=\"elementor-accordion-icon-closed\"><i class=\"fas fa-plus\"><\/i><\/span>\n\t\t\t\t\t\t\t\t<span class=\"elementor-accordion-icon-opened\"><i class=\"fas fa-minus\"><\/i><\/span>\n\t\t\t\t\t\t\t\t\t\t\t\t\t\t<\/span>\n\t\t\t\t\t\t\t\t\t\t\t\t<a class=\"elementor-accordion-title\" tabindex=\"0\">\u017divotnost<\/a>\n\t\t\t\t\t<\/div>\n\t\t\t\t\t<div id=\"elementor-tab-content-2089\" class=\"elementor-tab-content elementor-clearfix\" data-tab=\"9\" role=\"region\" aria-labelledby=\"elementor-tab-title-2089\"><\/div>\n\t\t\t\t<\/div>\n\t\t\t\t\t\t\t\t<\/div>\n\t\t\t\t\t\t<\/div>\n\t\t\t\t<\/div>\n\t\t\t\t\t<\/div>\n\t\t<\/div>\n\t\t\t\t\t<\/div>\n\t\t<\/section>\n\t\t\t\t<\/div>\n\t\t                        <\/div>\n                    <\/div>\n                                    <div class=\"tab-pane elementkit-tab-pane elementor-repeater-item-9b61f69\" id=\"content-9b61f6969f2cacec7f41\" role=\"tabpanel\"\n                         aria-labelledby=\"content-9b61f6969f2cacec7f41-tab\">\n                        <div class=\"animated fadeIn\">\n                            <p class=\"translation-block\">1. O\u010dist\u011bte r\u00e1nu podle obvykl\u00fdch postup\u016f, pak otev\u0159ete s\u00e1\u010dek.\n2. Sejm\u011bte chlope\u0148, aby se odkryl lepic\u00ed povrch.\n3. P\u0159ilo\u017ete kryt\u00ed na r\u00e1nu.\n4. V p\u0159\u00edpad\u011b obvaz\u016f Island Dressings s r\u00e1me\u010dkem nebo podkladov\u00fdm pap\u00edrem pomalu odstra\u0148te\nr\u00e1me\u010dek nebo podkladov\u00fd pap\u00edr a p\u0159itisknut\u00edm a uhlazen\u00edm okraje f\u00f3lie zajist\u011bte dobr\u00e9 p\u0159ilnut\u00ed.<\/p><p><img fetchpriority=\"high\" decoding=\"async\" class=\"aligncenter wp-image-21110 size-full\" src=\"https:\/\/pharmaplast-online.net\/wp-content\/uploads\/2025\/06\/IFU-29.png\" alt=\"\" width=\"826\" height=\"141\" srcset=\"https:\/\/pharmaplast-online.net\/wp-content\/uploads\/2025\/06\/IFU-29.png 826w, https:\/\/pharmaplast-online.net\/wp-content\/uploads\/2025\/06\/IFU-29-300x51.png 300w, https:\/\/pharmaplast-online.net\/wp-content\/uploads\/2025\/06\/IFU-29-768x131.png 768w, https:\/\/pharmaplast-online.net\/wp-content\/uploads\/2025\/06\/IFU-29-18x3.png 18w, https:\/\/pharmaplast-online.net\/wp-content\/uploads\/2025\/06\/IFU-29-24x4.png 24w, https:\/\/pharmaplast-online.net\/wp-content\/uploads\/2025\/06\/IFU-29-36x6.png 36w, https:\/\/pharmaplast-online.net\/wp-content\/uploads\/2025\/06\/IFU-29-48x8.png 48w, https:\/\/pharmaplast-online.net\/wp-content\/uploads\/2025\/06\/IFU-29-600x102.png 600w\" sizes=\"(max-width: 826px) 100vw, 826px\" \/><\/p>                        <\/div>\n                    <\/div>\n                                    <div class=\"tab-pane elementkit-tab-pane elementor-repeater-item-23affad\" id=\"content-23affad69f2cacec7f41\" role=\"tabpanel\"\n                         aria-labelledby=\"content-23affad69f2cacec7f41-tab\">\n                        <div class=\"animated fadeIn\">\n                            <table><tbody><tr><td width=\"186\"><p><strong>Pharmapore<\/strong><strong>\u00ae<\/strong><strong> Ultra eXsorb<\/strong><\/p><\/td><td width=\"105\"><p><strong>Size<\/strong><\/p><\/td><td width=\"126\"><p><strong>Pieces\/Case<\/strong><\/p><\/td><td width=\"144\"><p><strong>Boxes\/Case <\/strong><\/p><\/td><\/tr><tr><td width=\"186\"><p>POREUEX5070<\/p><\/td><td width=\"105\"><p>5x7cm<\/p><\/td><td width=\"126\"><p>10<\/p><\/td><td width=\"144\"><p>48<\/p><\/td><\/tr><tr><td width=\"186\"><p>POREUEX6070<\/p><\/td><td width=\"105\"><p>6x7cm<\/p><\/td><td width=\"126\"><p>10<\/p><\/td><td width=\"144\"><p>48<\/p><\/td><\/tr><tr><td width=\"186\"><p>POREUEX6080<\/p><\/td><td width=\"105\"><p>6x8cm<\/p><\/td><td width=\"126\"><p>10<\/p><\/td><td width=\"144\"><p>48<\/p><\/td><\/tr><tr><td width=\"186\"><p>POREUEX5090<\/p><\/td><td width=\"105\"><p>5x9cm<\/p><\/td><td width=\"126\"><p>10<\/p><\/td><td width=\"144\"><p>48<\/p><\/td><\/tr><tr><td width=\"186\"><p>POREUEX6083<\/p><\/td><td width=\"105\"><p>6&#215;8.3cm<\/p><\/td><td width=\"126\"><p>10<\/p><\/td><td width=\"144\"><p>48<\/p><\/td><\/tr><tr><td width=\"186\"><p>POREUEX50100<\/p><\/td><td width=\"105\"><p>5x10cm<\/p><\/td><td width=\"126\"><p>10<\/p><\/td><td width=\"144\"><p>48<\/p><\/td><\/tr><tr><td width=\"186\"><p>POREUEX6082<\/p><\/td><td width=\"105\"><p>6&#215;8.25cm<\/p><\/td><td width=\"126\"><p>10<\/p><\/td><td width=\"144\"><p>48<\/p><\/td><\/tr><tr><td width=\"186\"><p>POREUEX6085<\/p><\/td><td width=\"105\"><p>6&#215;8.5cm<\/p><\/td><td width=\"126\"><p>10<\/p><\/td><td width=\"144\"><p>48<\/p><\/td><\/tr><\/tbody><\/table><p>Jin\u00e9 velikosti jsou k dispozici na vy\u017e\u00e1d\u00e1n\u00ed.<\/p>                        <\/div>\n                    <\/div>\n                                    <div class=\"tab-pane elementkit-tab-pane elementor-repeater-item-9c5665d\" id=\"content-9c5665d69f2cacec7f41\" role=\"tabpanel\"\n                         aria-labelledby=\"content-9c5665d69f2cacec7f41-tab\">\n                        <div class=\"animated fadeIn\">\n                            <p><a href=\"https:\/\/pharmaplast-online.net\/wp-content\/uploads\/2024\/10\/eXsorb-and-eXsorb-Carbon-Brochure.pdf\">eXsorb and eXsorb Carbon Brochure<\/a><\/p><p><img decoding=\"async\" class=\"alignnone wp-image-20471\" src=\"https:\/\/pharmaplast-online.net\/wp-content\/uploads\/2025\/06\/broucher-300x105.png\" alt=\"\" width=\"154\" height=\"54\" srcset=\"https:\/\/pharmaplast-online.net\/wp-content\/uploads\/2025\/06\/broucher-300x105.png 300w, https:\/\/pharmaplast-online.net\/wp-content\/uploads\/2025\/06\/broucher-18x6.png 18w, https:\/\/pharmaplast-online.net\/wp-content\/uploads\/2025\/06\/broucher-24x8.png 24w, https:\/\/pharmaplast-online.net\/wp-content\/uploads\/2025\/06\/broucher-36x13.png 36w, https:\/\/pharmaplast-online.net\/wp-content\/uploads\/2025\/06\/broucher-48x17.png 48w, https:\/\/pharmaplast-online.net\/wp-content\/uploads\/2025\/06\/broucher-600x211.png 600w, https:\/\/pharmaplast-online.net\/wp-content\/uploads\/2025\/06\/broucher.png 640w\" sizes=\"(max-width: 154px) 100vw, 154px\" \/><\/p>                        <\/div>\n                    <\/div>\n                                \n            <\/div>\n                    <\/div>\n    <\/div>\t\t\t\t<\/div>\n\t\t\t\t<\/div>\n\t\t\t\t\t<\/div>\n\t\t<\/div>\n\t\t\t\t\t<\/div>\n\t\t<\/section>\n\t\t\t\t<\/div>","protected":false},"excerpt":{"rendered":"<p>Vod\u011bodoln\u00e9 kryt\u00ed ran se superabsorp\u010dn\u00edm pol\u0161t\u00e1\u0159kem na r\u00e1ny<\/p>","protected":false},"featured_media":21090,"comment_status":"open","ping_status":"closed","template":"","meta":[],"product_brand":[],"product_cat":[226,224,223],"product_tag":[],"class_list":{"0":"post-7801","1":"product","2":"type-product","3":"status-publish","4":"has-post-thumbnail","6":"product_cat-extra-absorbent","7":"product_cat-post-op-dressings-surgical-dressings","8":"product_cat-surgical-dressings","9":"new","11":"first","12":"instock","13":"shipping-taxable","14":"product-type-simple"},"acf":[],"_links":{"self":[{"href":"https:\/\/pharmaplast-online.net\/cs\/wp-json\/wp\/v2\/product\/7801","targetHints":{"allow":["GET"]}}],"collection":[{"href":"https:\/\/pharmaplast-online.net\/cs\/wp-json\/wp\/v2\/product"}],"about":[{"href":"https:\/\/pharmaplast-online.net\/cs\/wp-json\/wp\/v2\/types\/product"}],"replies":[{"embeddable":true,"href":"https:\/\/pharmaplast-online.net\/cs\/wp-json\/wp\/v2\/comments?post=7801"}],"version-history":[{"count":18,"href":"https:\/\/pharmaplast-online.net\/cs\/wp-json\/wp\/v2\/product\/7801\/revisions"}],"predecessor-version":[{"id":23386,"href":"https:\/\/pharmaplast-online.net\/cs\/wp-json\/wp\/v2\/product\/7801\/revisions\/23386"}],"wp:featuredmedia":[{"embeddable":true,"href":"https:\/\/pharmaplast-online.net\/cs\/wp-json\/wp\/v2\/media\/21090"}],"wp:attachment":[{"href":"https:\/\/pharmaplast-online.net\/cs\/wp-json\/wp\/v2\/media?parent=7801"}],"wp:term":[{"taxonomy":"product_brand","embeddable":true,"href":"https:\/\/pharmaplast-online.net\/cs\/wp-json\/wp\/v2\/product_brand?post=7801"},{"taxonomy":"product_cat","embeddable":true,"href":"https:\/\/pharmaplast-online.net\/cs\/wp-json\/wp\/v2\/product_cat?post=7801"},{"taxonomy":"product_tag","embeddable":true,"href":"https:\/\/pharmaplast-online.net\/cs\/wp-json\/wp\/v2\/product_tag?post=7801"}],"curies":[{"name":"wp","href":"https:\/\/api.w.org\/{rel}","templated":true}]}}