{"id":7839,"date":"2022-12-15T11:50:50","date_gmt":"2022-12-15T11:50:50","guid":{"rendered":"https:\/\/pharmaplast.mediagate-egy.com\/?post_type=product&#038;p=7839"},"modified":"2025-10-26T18:36:25","modified_gmt":"2025-10-26T18:36:25","slug":"vilowond-pad","status":"publish","type":"product","link":"https:\/\/pharmaplast-online.net\/cs\/produkt\/vilowond-pad\/","title":{"rendered":"Vilowond\u00ae"},"content":{"rendered":"<div data-elementor-type=\"wp-post\" data-elementor-id=\"7839\" class=\"elementor elementor-7839\" data-elementor-post-type=\"product\">\n\t\t\t\t\t\t<section class=\"elementor-section elementor-top-section elementor-element elementor-element-e1f4191 elementor-section-boxed elementor-section-height-default elementor-section-height-default qodef-elementor-content-no\" data-id=\"e1f4191\" data-element_type=\"section\" data-e-type=\"section\" data-settings=\"{&quot;ekit_has_onepagescroll_dot&quot;:&quot;yes&quot;}\">\n\t\t\t\t\t\t<div class=\"elementor-container elementor-column-gap-default\">\n\t\t\t\t\t<div class=\"elementor-column elementor-col-100 elementor-top-column elementor-element elementor-element-28c759e\" data-id=\"28c759e\" data-element_type=\"column\" data-e-type=\"column\">\n\t\t\t<div class=\"elementor-widget-wrap elementor-element-populated\">\n\t\t\t\t\t\t<div class=\"elementor-element elementor-element-ed536c4 elementor-widget elementor-widget-elementskit-simple-tab\" data-id=\"ed536c4\" data-element_type=\"widget\" data-e-type=\"widget\" data-settings=\"{&quot;ekit_we_effect_on&quot;:&quot;none&quot;}\" data-widget_type=\"elementskit-simple-tab.default\">\n\t\t\t\t<div class=\"elementor-widget-container\">\n\t\t\t\t\t<div class=\"ekit-wid-con\" >        <div class=\"elementkit-tab-wraper\">\n            <ul class=\"nav nav-tabs elementkit-tab-nav  elementskit-fullwidth-tab\">\n                                    <li class=\"elementkit-nav-item elementor-repeater-item-d0363a9\">\n                        <a class=\"elementkit-nav-link  active show left-pos\" id=\"content-d0363a969f02ba7e6e67-tab\" data-ekit-handler-id=\"product-info\" data-ekit-toggle=\"tab\" data-target=\"#content-d0363a969f02ba7e6e67\" href=\"#Content-d0363a969f02ba7e6e67\"\n                            data-ekit-toggle-trigger=\"click\"\n                            aria-describedby=\"Content-d0363a969f02ba7e6e67\">\n                            <span class=\"elementskit-tab-icon\"><\/span>                            <span class=\"elementskit-tab-title\">Informace o Produktu<\/span>\n                        <\/a>\n                    <\/li>\n                                        <li class=\"elementkit-nav-item elementor-repeater-item-9b61f69\">\n                        <a class=\"elementkit-nav-link  left-pos\" id=\"content-9b61f6969f02ba7e6e67-tab\" data-ekit-handler-id=\"how-to-use\" data-ekit-toggle=\"tab\" data-target=\"#content-9b61f6969f02ba7e6e67\" href=\"#Content-9b61f6969f02ba7e6e67\"\n                            data-ekit-toggle-trigger=\"click\"\n                            aria-describedby=\"Content-9b61f6969f02ba7e6e67\">\n                            <span class=\"elementskit-tab-icon\"><\/span>                            <span class=\"elementskit-tab-title\">N\u00e1vod k pou\u017eit\u00ed<\/span>\n                        <\/a>\n                    <\/li>\n                                        <li class=\"elementkit-nav-item elementor-repeater-item-23affad\">\n                        <a class=\"elementkit-nav-link  left-pos\" id=\"content-23affad69f02ba7e6e67-tab\" data-ekit-handler-id=\"sizes-codes\" data-ekit-toggle=\"tab\" data-target=\"#content-23affad69f02ba7e6e67\" href=\"#Content-23affad69f02ba7e6e67\"\n                            data-ekit-toggle-trigger=\"click\"\n                            aria-describedby=\"Content-23affad69f02ba7e6e67\">\n                            <span class=\"elementskit-tab-icon\"><\/span>                            <span class=\"elementskit-tab-title\">Velikosti a K\u00f3dy<\/span>\n                        <\/a>\n                    <\/li>\n                                        <li class=\"elementkit-nav-item elementor-repeater-item-9882644\">\n                        <a class=\"elementkit-nav-link  left-pos\" id=\"content-988264469f02ba7e6e67-tab\" data-ekit-handler-id=\"downloads\" data-ekit-toggle=\"tab\" data-target=\"#content-988264469f02ba7e6e67\" href=\"#Content-988264469f02ba7e6e67\"\n                            data-ekit-toggle-trigger=\"click\"\n                            aria-describedby=\"Content-988264469f02ba7e6e67\">\n                            <span class=\"elementskit-tab-icon\"><\/span>                            <span class=\"elementskit-tab-title\">Sta\u017een\u00ed<\/span>\n                        <\/a>\n                    <\/li>\n                                <\/ul>\n\n            <div class=\"tab-content elementkit-tab-content\">\n                                    <div class=\"tab-pane elementkit-tab-pane elementor-repeater-item-d0363a9  active show\" id=\"content-d0363a969f02ba7e6e67\" role=\"tabpanel\"\n                         aria-labelledby=\"content-d0363a969f02ba7e6e67-tab\">\n                        <div class=\"animated fadeIn\">\n                            <h3>Informace o Produktu<\/h3>\t\t<div data-elementor-type=\"section\" data-elementor-id=\"8585\" class=\"elementor elementor-8585\" data-elementor-post-type=\"elementor_library\">\n\t\t\t\t\t<section class=\"elementor-section elementor-top-section elementor-element elementor-element-3c9a5a4 elementor-section-boxed elementor-section-height-default elementor-section-height-default qodef-elementor-content-no\" data-id=\"3c9a5a4\" data-element_type=\"section\" data-e-type=\"section\" data-settings=\"{&quot;ekit_has_onepagescroll_dot&quot;:&quot;yes&quot;}\">\n\t\t\t\t\t\t<div class=\"elementor-container elementor-column-gap-default\">\n\t\t\t\t\t<div class=\"elementor-column elementor-col-100 elementor-top-column elementor-element elementor-element-8fd3e15\" data-id=\"8fd3e15\" data-element_type=\"column\" data-e-type=\"column\">\n\t\t\t<div class=\"elementor-widget-wrap elementor-element-populated\">\n\t\t\t\t\t\t<div class=\"elementor-element elementor-element-c6fd92e elementor-widget elementor-widget-accordion\" data-id=\"c6fd92e\" data-element_type=\"widget\" data-e-type=\"widget\" data-settings=\"{&quot;ekit_we_effect_on&quot;:&quot;none&quot;}\" data-widget_type=\"accordion.default\">\n\t\t\t\t<div class=\"elementor-widget-container\">\n\t\t\t\t\t\t\t<div class=\"elementor-accordion\">\n\t\t\t\t\t\t\t<div class=\"elementor-accordion-item\">\n\t\t\t\t\t<div id=\"elementor-tab-title-2081\" class=\"elementor-tab-title\" data-tab=\"1\" role=\"button\" aria-controls=\"elementor-tab-content-2081\" aria-expanded=\"false\">\n\t\t\t\t\t\t\t\t\t\t\t\t\t<span class=\"elementor-accordion-icon elementor-accordion-icon-left\" aria-hidden=\"true\">\n\t\t\t\t\t\t\t\t\t\t\t\t\t\t\t<span class=\"elementor-accordion-icon-closed\"><i class=\"fas fa-plus\"><\/i><\/span>\n\t\t\t\t\t\t\t\t<span class=\"elementor-accordion-icon-opened\"><i class=\"fas fa-minus\"><\/i><\/span>\n\t\t\t\t\t\t\t\t\t\t\t\t\t\t<\/span>\n\t\t\t\t\t\t\t\t\t\t\t\t<a class=\"elementor-accordion-title\" tabindex=\"0\">Popis<\/a>\n\t\t\t\t\t<\/div>\n\t\t\t\t\t<div id=\"elementor-tab-content-2081\" class=\"elementor-tab-content elementor-clearfix\" data-tab=\"1\" role=\"region\" aria-labelledby=\"elementor-tab-title-2081\"><div class=\"su-spoiler-content su-u-clearfix su-u-trim\">\n<p style=\"text-align: left\" class=\"translation-block\">Vilowond\u00ae se skl\u00e1d\u00e1 z absorp\u010dn\u00edho pol\u0161t\u00e1\u0159ku obalen\u00e9ho v s\u00e1\u010dku, kter\u00e1 m\u00e1 vrstvu s n\u00edzkou p\u0159ilnavos\udbc0\udda1, je\u017e je v kontaktu s r\u00e1nou, a hydrofobn\u00ed\nhorn\u00ed vrstvu.<\/p>\n<p style=\"text-align: left\">\n<\/div>\n<\/div>\n\t\t\t\t<\/div>\n\t\t\t\t\t\t\t<div class=\"elementor-accordion-item\">\n\t\t\t\t\t<div id=\"elementor-tab-title-2082\" class=\"elementor-tab-title\" data-tab=\"2\" role=\"button\" aria-controls=\"elementor-tab-content-2082\" aria-expanded=\"false\">\n\t\t\t\t\t\t\t\t\t\t\t\t\t<span class=\"elementor-accordion-icon elementor-accordion-icon-left\" aria-hidden=\"true\">\n\t\t\t\t\t\t\t\t\t\t\t\t\t\t\t<span class=\"elementor-accordion-icon-closed\"><i class=\"fas fa-plus\"><\/i><\/span>\n\t\t\t\t\t\t\t\t<span class=\"elementor-accordion-icon-opened\"><i class=\"fas fa-minus\"><\/i><\/span>\n\t\t\t\t\t\t\t\t\t\t\t\t\t\t<\/span>\n\t\t\t\t\t\t\t\t\t\t\t\t<a class=\"elementor-accordion-title\" tabindex=\"0\">Vlastnosti<\/a>\n\t\t\t\t\t<\/div>\n\t\t\t\t\t<div id=\"elementor-tab-content-2082\" class=\"elementor-tab-content elementor-clearfix\" data-tab=\"2\" role=\"region\" aria-labelledby=\"elementor-tab-title-2082\"><div class=\"su-spoiler-content su-u-clearfix su-u-trim\">\n<p>\u2022 High absorption capacity more than 9 times the original weight of the dressing.<br \/>\n\u2022 Fluid dispersing layer helps in equally distributing the wound exudates to the highly absorbent fluff to<br \/>\nmaximise the use of the center absorbent layer.<br \/>\n\u2022 The hydrophobic layer is permeable to air and moisture-repellent. It helps preventing strike through and<br \/>\nacts as a barrier from external contamination.<br \/>\n\u2022 Highly conformable, cost-effective and can be used under compression bandages.<br \/>\n\u2022 The additional activated carbon layer effectively adsorb wound\u2019s offensive odors.<\/p>\n<p style=\"text-align: left\">\n<\/div>\n<\/div>\n\t\t\t\t<\/div>\n\t\t\t\t\t\t\t<div class=\"elementor-accordion-item\">\n\t\t\t\t\t<div id=\"elementor-tab-title-2083\" class=\"elementor-tab-title\" data-tab=\"3\" role=\"button\" aria-controls=\"elementor-tab-content-2083\" aria-expanded=\"false\">\n\t\t\t\t\t\t\t\t\t\t\t\t\t<span class=\"elementor-accordion-icon elementor-accordion-icon-left\" aria-hidden=\"true\">\n\t\t\t\t\t\t\t\t\t\t\t\t\t\t\t<span class=\"elementor-accordion-icon-closed\"><i class=\"fas fa-plus\"><\/i><\/span>\n\t\t\t\t\t\t\t\t<span class=\"elementor-accordion-icon-opened\"><i class=\"fas fa-minus\"><\/i><\/span>\n\t\t\t\t\t\t\t\t\t\t\t\t\t\t<\/span>\n\t\t\t\t\t\t\t\t\t\t\t\t<a class=\"elementor-accordion-title\" tabindex=\"0\">Ur\u010den\u00e9 Pou\u017eit\u00ed<\/a>\n\t\t\t\t\t<\/div>\n\t\t\t\t\t<div id=\"elementor-tab-content-2083\" class=\"elementor-tab-content elementor-clearfix\" data-tab=\"3\" role=\"region\" aria-labelledby=\"elementor-tab-title-2083\"><div class=\"su-spoiler-content su-u-clearfix su-u-trim\">\n<p style=\"text-align: left\" class=\"translation-block\">Produktov\u00e1 \u0159ada pol\u0161t\u00e1\u0159k\u016f Vilowond\u00ae je ur\u010dena k absorpci exsud\u00e1t\u016f ran z vysoce exsuduj\u00edc\u00edch ran a k poskytnu\udbc0\udda1 tlumen\u00ed a ochrany m\u00edsta r\u00e1ny.<\/p>\n<p style=\"text-align: left\">\n<\/div>\n<\/div>\n\t\t\t\t<\/div>\n\t\t\t\t\t\t\t<div class=\"elementor-accordion-item\">\n\t\t\t\t\t<div id=\"elementor-tab-title-2084\" class=\"elementor-tab-title\" data-tab=\"4\" role=\"button\" aria-controls=\"elementor-tab-content-2084\" aria-expanded=\"false\">\n\t\t\t\t\t\t\t\t\t\t\t\t\t<span class=\"elementor-accordion-icon elementor-accordion-icon-left\" aria-hidden=\"true\">\n\t\t\t\t\t\t\t\t\t\t\t\t\t\t\t<span class=\"elementor-accordion-icon-closed\"><i class=\"fas fa-plus\"><\/i><\/span>\n\t\t\t\t\t\t\t\t<span class=\"elementor-accordion-icon-opened\"><i class=\"fas fa-minus\"><\/i><\/span>\n\t\t\t\t\t\t\t\t\t\t\t\t\t\t<\/span>\n\t\t\t\t\t\t\t\t\t\t\t\t<a class=\"elementor-accordion-title\" tabindex=\"0\">Kontraindikace<\/a>\n\t\t\t\t\t<\/div>\n\t\t\t\t\t<div id=\"elementor-tab-content-2084\" class=\"elementor-tab-content elementor-clearfix\" data-tab=\"4\" role=\"region\" aria-labelledby=\"elementor-tab-title-2084\"><div class=\"su-spoiler-content su-u-clearfix su-u-trim\">\n<p class=\"translation-block\">1- Nepou\u017e\u00edvejte na such\u00e9 r\u00e1ny nebo r\u00e1ny pokryt\u00e9 tvrdou nekrotickou tk\u00e1n\u00ed.\n2- Nepou\u017e\u00edvejte na pop\u00e1leniny t\u0159etiho stupn\u011b.\n3- Nepou\u017e\u00edvejte v p\u0159\u00edpad\u011b p\u0159ecitliv\u011blos\udbc0\udd9f na jakoukoli ze slo\u017eek kry\udbc0\udda1.<\/p>\n<p style=\"text-align: left\">\n<\/div>\n<\/div>\n\t\t\t\t<\/div>\n\t\t\t\t\t\t\t<div class=\"elementor-accordion-item\">\n\t\t\t\t\t<div id=\"elementor-tab-title-2085\" class=\"elementor-tab-title\" data-tab=\"5\" role=\"button\" aria-controls=\"elementor-tab-content-2085\" aria-expanded=\"false\">\n\t\t\t\t\t\t\t\t\t\t\t\t\t<span class=\"elementor-accordion-icon elementor-accordion-icon-left\" aria-hidden=\"true\">\n\t\t\t\t\t\t\t\t\t\t\t\t\t\t\t<span class=\"elementor-accordion-icon-closed\"><i class=\"fas fa-plus\"><\/i><\/span>\n\t\t\t\t\t\t\t\t<span class=\"elementor-accordion-icon-opened\"><i class=\"fas fa-minus\"><\/i><\/span>\n\t\t\t\t\t\t\t\t\t\t\t\t\t\t<\/span>\n\t\t\t\t\t\t\t\t\t\t\t\t<a class=\"elementor-accordion-title\" tabindex=\"0\">Preventivn\u00ed opat\u0159en\u00ed<\/a>\n\t\t\t\t\t<\/div>\n\t\t\t\t\t<div id=\"elementor-tab-content-2085\" class=\"elementor-tab-content elementor-clearfix\" data-tab=\"5\" role=\"region\" aria-labelledby=\"elementor-tab-title-2085\"><div class=\"su-spoiler su-spoiler-style-default su-spoiler-icon-plus\" data-scroll-offset=\"0\" data-anchor-in-url=\"no\">\n<div class=\"su-spoiler-content su-u-clearfix su-u-trim\">\n<p class=\"translation-block\">1- R\u00e1ny, kter\u00e9 vykazuj\u00ed zn\u00e1mky klinick\u00e9 infekce, mohou b\u00fdt kryt\u00e9 pol\u0161t\u00e1\u0159kem Vilowond\u00ae, ale pouze pod l\u00e9ka\u0159sk\u00fdm dozorem.\n2- Kry\udbc0\udda1 k jednor\u00e1zov\u00e9mu pou\u017ei\udbc0\udda1, opakovan\u00e9 pou\u017ei\udbc0\udda1 m\u016f\u017ee zp\u016fsobit infekci.\n3- Kry\udbc0\udda1 nest\u0159\u00edhejte.<\/p>\n<p>&nbsp;<\/p>\n<\/div>\n<\/div>\n<div class=\"su-spoiler su-spoiler-style-default su-spoiler-icon-plus su-spoiler-closed\" data-scroll-offset=\"0\" data-anchor-in-url=\"no\">\n<div class=\"su-spoiler-title\" role=\"button\"><\/div>\n<\/div>\n<\/div>\n\t\t\t\t<\/div>\n\t\t\t\t\t\t\t<div class=\"elementor-accordion-item\">\n\t\t\t\t\t<div id=\"elementor-tab-title-2086\" class=\"elementor-tab-title\" data-tab=\"6\" role=\"button\" aria-controls=\"elementor-tab-content-2086\" aria-expanded=\"false\">\n\t\t\t\t\t\t\t\t\t\t\t\t\t<span class=\"elementor-accordion-icon elementor-accordion-icon-left\" aria-hidden=\"true\">\n\t\t\t\t\t\t\t\t\t\t\t\t\t\t\t<span class=\"elementor-accordion-icon-closed\"><i class=\"fas fa-plus\"><\/i><\/span>\n\t\t\t\t\t\t\t\t<span class=\"elementor-accordion-icon-opened\"><i class=\"fas fa-minus\"><\/i><\/span>\n\t\t\t\t\t\t\t\t\t\t\t\t\t\t<\/span>\n\t\t\t\t\t\t\t\t\t\t\t\t<a class=\"elementor-accordion-title\" tabindex=\"0\">Diagram vrstev<\/a>\n\t\t\t\t\t<\/div>\n\t\t\t\t\t<div id=\"elementor-tab-content-2086\" class=\"elementor-tab-content elementor-clearfix\" data-tab=\"6\" role=\"region\" aria-labelledby=\"elementor-tab-title-2086\"><p><img decoding=\"async\" class=\"aligncenter wp-image-21798 size-full\" src=\"https:\/\/pharmaplast-online.net\/wp-content\/uploads\/2022\/12\/Vilowond.png\" alt=\"\" width=\"1094\" height=\"507\" srcset=\"https:\/\/pharmaplast-online.net\/wp-content\/uploads\/2022\/12\/Vilowond.png 1094w, https:\/\/pharmaplast-online.net\/wp-content\/uploads\/2022\/12\/Vilowond-300x139.png 300w, https:\/\/pharmaplast-online.net\/wp-content\/uploads\/2022\/12\/Vilowond-1024x475.png 1024w, https:\/\/pharmaplast-online.net\/wp-content\/uploads\/2022\/12\/Vilowond-768x356.png 768w, https:\/\/pharmaplast-online.net\/wp-content\/uploads\/2022\/12\/Vilowond-18x8.png 18w, https:\/\/pharmaplast-online.net\/wp-content\/uploads\/2022\/12\/Vilowond-24x11.png 24w, https:\/\/pharmaplast-online.net\/wp-content\/uploads\/2022\/12\/Vilowond-36x17.png 36w, https:\/\/pharmaplast-online.net\/wp-content\/uploads\/2022\/12\/Vilowond-48x22.png 48w, https:\/\/pharmaplast-online.net\/wp-content\/uploads\/2022\/12\/Vilowond-600x278.png 600w\" sizes=\"(max-width: 1094px) 100vw, 1094px\" \/><\/p>\n<\/div>\n\t\t\t\t<\/div>\n\t\t\t\t\t\t\t<div class=\"elementor-accordion-item\">\n\t\t\t\t\t<div id=\"elementor-tab-title-2087\" class=\"elementor-tab-title\" data-tab=\"7\" role=\"button\" aria-controls=\"elementor-tab-content-2087\" aria-expanded=\"false\">\n\t\t\t\t\t\t\t\t\t\t\t\t\t<span class=\"elementor-accordion-icon elementor-accordion-icon-left\" aria-hidden=\"true\">\n\t\t\t\t\t\t\t\t\t\t\t\t\t\t\t<span class=\"elementor-accordion-icon-closed\"><i class=\"fas fa-plus\"><\/i><\/span>\n\t\t\t\t\t\t\t\t<span class=\"elementor-accordion-icon-opened\"><i class=\"fas fa-minus\"><\/i><\/span>\n\t\t\t\t\t\t\t\t\t\t\t\t\t\t<\/span>\n\t\t\t\t\t\t\t\t\t\t\t\t<a class=\"elementor-accordion-title\" tabindex=\"0\">Frekvence v\u00fdm\u011bny<\/a>\n\t\t\t\t\t<\/div>\n\t\t\t\t\t<div id=\"elementor-tab-content-2087\" class=\"elementor-tab-content elementor-clearfix\" data-tab=\"7\" role=\"region\" aria-labelledby=\"elementor-tab-title-2087\"><p><div class=\"su-spoiler-content su-u-clearfix su-u-trim\">\n<p><span style=\"font-size: medium\">Z\u00e1vis\u00ed na stavu r\u00e1ny. U strupovit\u00fdch nebo t\u011b\u017ece exsuduj\u00edc\u00edch ran mus\u00ed b\u00fdt kryt\u00ed m\u011bn\u011bno denn\u011b. U m\u00e9n\u011b exsuduj\u00edc\u00edch ran m\u016f\u017ee b\u00fdt kryt\u00ed ponech\u00e1no na m\u00edst\u011b po del\u0161\u00ed dobu.<\/span><\/p>\n<\/div><\/p>\n<\/div>\n\t\t\t\t<\/div>\n\t\t\t\t\t\t\t<div class=\"elementor-accordion-item\">\n\t\t\t\t\t<div id=\"elementor-tab-title-2088\" class=\"elementor-tab-title\" data-tab=\"8\" role=\"button\" aria-controls=\"elementor-tab-content-2088\" aria-expanded=\"false\">\n\t\t\t\t\t\t\t\t\t\t\t\t\t<span class=\"elementor-accordion-icon elementor-accordion-icon-left\" aria-hidden=\"true\">\n\t\t\t\t\t\t\t\t\t\t\t\t\t\t\t<span class=\"elementor-accordion-icon-closed\"><i class=\"fas fa-plus\"><\/i><\/span>\n\t\t\t\t\t\t\t\t<span class=\"elementor-accordion-icon-opened\"><i class=\"fas fa-minus\"><\/i><\/span>\n\t\t\t\t\t\t\t\t\t\t\t\t\t\t<\/span>\n\t\t\t\t\t\t\t\t\t\t\t\t<a class=\"elementor-accordion-title\" tabindex=\"0\">Jak to funguje?<\/a>\n\t\t\t\t\t<\/div>\n\t\t\t\t\t<div id=\"elementor-tab-content-2088\" class=\"elementor-tab-content elementor-clearfix\" data-tab=\"8\" role=\"region\" aria-labelledby=\"elementor-tab-title-2088\"><\/div>\n\t\t\t\t<\/div>\n\t\t\t\t\t\t\t<div class=\"elementor-accordion-item\">\n\t\t\t\t\t<div id=\"elementor-tab-title-2089\" class=\"elementor-tab-title\" data-tab=\"9\" role=\"button\" aria-controls=\"elementor-tab-content-2089\" aria-expanded=\"false\">\n\t\t\t\t\t\t\t\t\t\t\t\t\t<span class=\"elementor-accordion-icon elementor-accordion-icon-left\" aria-hidden=\"true\">\n\t\t\t\t\t\t\t\t\t\t\t\t\t\t\t<span class=\"elementor-accordion-icon-closed\"><i class=\"fas fa-plus\"><\/i><\/span>\n\t\t\t\t\t\t\t\t<span class=\"elementor-accordion-icon-opened\"><i class=\"fas fa-minus\"><\/i><\/span>\n\t\t\t\t\t\t\t\t\t\t\t\t\t\t<\/span>\n\t\t\t\t\t\t\t\t\t\t\t\t<a class=\"elementor-accordion-title\" tabindex=\"0\">\u017divotnost<\/a>\n\t\t\t\t\t<\/div>\n\t\t\t\t\t<div id=\"elementor-tab-content-2089\" class=\"elementor-tab-content elementor-clearfix\" data-tab=\"9\" role=\"region\" aria-labelledby=\"elementor-tab-title-2089\"><\/div>\n\t\t\t\t<\/div>\n\t\t\t\t\t\t\t\t<\/div>\n\t\t\t\t\t\t<\/div>\n\t\t\t\t<\/div>\n\t\t\t\t\t<\/div>\n\t\t<\/div>\n\t\t\t\t\t<\/div>\n\t\t<\/section>\n\t\t\t\t<\/div>\n\t\t                        <\/div>\n                    <\/div>\n                                    <div class=\"tab-pane elementkit-tab-pane elementor-repeater-item-9b61f69\" id=\"content-9b61f6969f02ba7e6e67\" role=\"tabpanel\"\n                         aria-labelledby=\"content-9b61f6969f02ba7e6e67-tab\">\n                        <div class=\"animated fadeIn\">\n                            <p><img decoding=\"async\" class=\"aligncenter\" src=\"https:\/\/pharmaplast-online.net\/wp-content\/uploads\/Wound_Care\/how_to_use\/En\/Vilowond_-_Vilowond_Plus.png \" alt=\"\" \/><\/p><p style=\"text-align: left;\" class=\"translation-block\">1- Otev\u0159ete s\u00e1\u010dek.\n2- Aseptickou technikou vyjm\u011bte v\u00fdrobek ze s\u00e1\u010dku.\n3- Um\u00edst\u011bte pol\u0161t\u00e1\u0159ek Vilowond\u00ae do styku s r\u00e1nou tam, kde bude hydrofiln\u00ed vrstva vrstvou, kter\u00e1 je ve styku s r\u00e1nou, a modr\u00e1 hydrofobn\u00ed\nvrstva Blue sm\u011b\u0159uje ven.\n4- Zajist\u011bte kry\udbc0\udda1 na k\u016f\u017ei sekund\u00e1rn\u00edm krytim nebo libovolnou fixa\u010dn\u00ed p\u00e1skou.<\/p><p style=\"text-align: left;\"><img decoding=\"async\" class=\"aligncenter wp-image-21800 size-medium\" src=\"https:\/\/pharmaplast-online.net\/wp-content\/uploads\/2025\/07\/IFU-3-300x77.png\" alt=\"\" width=\"300\" height=\"77\" srcset=\"https:\/\/pharmaplast-online.net\/wp-content\/uploads\/2025\/07\/IFU-3-300x77.png 300w, https:\/\/pharmaplast-online.net\/wp-content\/uploads\/2025\/07\/IFU-3-1024x263.png 1024w, https:\/\/pharmaplast-online.net\/wp-content\/uploads\/2025\/07\/IFU-3-768x197.png 768w, https:\/\/pharmaplast-online.net\/wp-content\/uploads\/2025\/07\/IFU-3-18x5.png 18w, https:\/\/pharmaplast-online.net\/wp-content\/uploads\/2025\/07\/IFU-3-24x6.png 24w, https:\/\/pharmaplast-online.net\/wp-content\/uploads\/2025\/07\/IFU-3-36x9.png 36w, https:\/\/pharmaplast-online.net\/wp-content\/uploads\/2025\/07\/IFU-3-48x12.png 48w, https:\/\/pharmaplast-online.net\/wp-content\/uploads\/2025\/07\/IFU-3-600x154.png 600w, https:\/\/pharmaplast-online.net\/wp-content\/uploads\/2025\/07\/IFU-3.png 1036w\" sizes=\"(max-width: 300px) 100vw, 300px\" \/><\/p>                        <\/div>\n                    <\/div>\n                                    <div class=\"tab-pane elementkit-tab-pane elementor-repeater-item-23affad\" id=\"content-23affad69f02ba7e6e67\" role=\"tabpanel\"\n                         aria-labelledby=\"content-23affad69f02ba7e6e67-tab\">\n                        <div class=\"animated fadeIn\">\n                            <table><tbody><tr><td width=\"97\"><p><em><strong>Vilowond\u00ae<\/strong><\/em><\/p><\/td><td width=\"103\"><p><strong>Size<\/strong><\/p><\/td><td width=\"87\"><p><strong>Pieces\/Case<\/strong><\/p><\/td><td width=\"87\"><p><strong>Boxes\/Case <\/strong><\/p><\/td><\/tr><tr><td width=\"97\"><p>VILO5050<\/p><\/td><td width=\"103\"><p>5cmx5cm<\/p><\/td><td width=\"87\"><p>10<\/p><\/td><td width=\"87\"><p>48<\/p><\/td><\/tr><tr><td width=\"97\"><p>VILO5075<\/p><\/td><td width=\"103\"><p>5cmx7.5cm<\/p><\/td><td width=\"87\"><p>10<\/p><\/td><td width=\"87\"><p>48<\/p><\/td><\/tr><tr><td width=\"97\"><p>VILO7575<\/p><\/td><td width=\"103\"><p>7.5cmx7.5cm<\/p><\/td><td width=\"87\"><p>10<\/p><\/td><td width=\"87\"><p>48<\/p><\/td><\/tr><tr><td width=\"97\"><p>VILO75100<\/p><\/td><td width=\"103\"><p>7.5cmx10cm<\/p><\/td><td width=\"87\"><p>10<\/p><\/td><td width=\"87\"><p>48<\/p><\/td><\/tr><tr><td width=\"97\"><p>VILO100100<\/p><\/td><td width=\"103\"><p>10cmx10cm<\/p><\/td><td width=\"87\"><p>10<\/p><\/td><td width=\"87\"><p>48<\/p><\/td><\/tr><tr><td width=\"97\"><p>VILO100150<\/p><\/td><td width=\"103\"><p>10cmx15cm<\/p><\/td><td width=\"87\"><p>5<\/p><\/td><td width=\"87\"><p>24<\/p><\/td><\/tr><\/tbody><\/table><p><strong>Jin\u00e9 velikosti jsou k dispozici na vy\u017e\u00e1d\u00e1n\u00ed.<\/strong><\/p>                        <\/div>\n                    <\/div>\n                                    <div class=\"tab-pane elementkit-tab-pane elementor-repeater-item-9882644\" id=\"content-988264469f02ba7e6e67\" role=\"tabpanel\"\n                         aria-labelledby=\"content-988264469f02ba7e6e67-tab\">\n                        <div class=\"animated fadeIn\">\n                            <p><a href=\"https:\/\/pharmaplast-online.net\/wp-content\/uploads\/2025\/07\/Vilowond-brochure.pdf\">Vilowond brochure<\/a><\/p><p><img loading=\"lazy\" decoding=\"async\" class=\"alignnone wp-image-20471\" src=\"https:\/\/pharmaplast-online.net\/wp-content\/uploads\/2025\/06\/broucher-300x105.png\" alt=\"\" width=\"134\" height=\"47\" srcset=\"https:\/\/pharmaplast-online.net\/wp-content\/uploads\/2025\/06\/broucher-300x105.png 300w, https:\/\/pharmaplast-online.net\/wp-content\/uploads\/2025\/06\/broucher-18x6.png 18w, https:\/\/pharmaplast-online.net\/wp-content\/uploads\/2025\/06\/broucher-24x8.png 24w, https:\/\/pharmaplast-online.net\/wp-content\/uploads\/2025\/06\/broucher-36x13.png 36w, https:\/\/pharmaplast-online.net\/wp-content\/uploads\/2025\/06\/broucher-48x17.png 48w, https:\/\/pharmaplast-online.net\/wp-content\/uploads\/2025\/06\/broucher-600x211.png 600w, https:\/\/pharmaplast-online.net\/wp-content\/uploads\/2025\/06\/broucher.png 640w\" sizes=\"(max-width: 134px) 100vw, 134px\" \/><\/p><p style=\"text-align: left;\">\u00a0<\/p>                        <\/div>\n                    <\/div>\n                                \n            <\/div>\n                    <\/div>\n    <\/div>\t\t\t\t<\/div>\n\t\t\t\t<\/div>\n\t\t\t\t\t<\/div>\n\t\t<\/div>\n\t\t\t\t\t<\/div>\n\t\t<\/section>\n\t\t\t\t<\/div>","protected":false},"excerpt":{"rendered":"<p>compressa n\u00e3o adesiva, absorvente e antimicrobiana<\/p>","protected":false},"featured_media":21805,"comment_status":"open","ping_status":"closed","template":"","meta":[],"product_brand":[],"product_cat":[236,234,223],"product_tag":[],"class_list":{"0":"post-7839","1":"product","2":"type-product","3":"status-publish","4":"has-post-thumbnail","6":"product_cat-highly-absorbent-dressings-non-adherent-pads","7":"product_cat-non-adherent-pads","8":"product_cat-surgical-dressings","9":"new","11":"first","12":"instock","13":"shipping-taxable","14":"product-type-simple"},"acf":[],"_links":{"self":[{"href":"https:\/\/pharmaplast-online.net\/cs\/wp-json\/wp\/v2\/product\/7839","targetHints":{"allow":["GET"]}}],"collection":[{"href":"https:\/\/pharmaplast-online.net\/cs\/wp-json\/wp\/v2\/product"}],"about":[{"href":"https:\/\/pharmaplast-online.net\/cs\/wp-json\/wp\/v2\/types\/product"}],"replies":[{"embeddable":true,"href":"https:\/\/pharmaplast-online.net\/cs\/wp-json\/wp\/v2\/comments?post=7839"}],"version-history":[{"count":29,"href":"https:\/\/pharmaplast-online.net\/cs\/wp-json\/wp\/v2\/product\/7839\/revisions"}],"predecessor-version":[{"id":23486,"href":"https:\/\/pharmaplast-online.net\/cs\/wp-json\/wp\/v2\/product\/7839\/revisions\/23486"}],"wp:featuredmedia":[{"embeddable":true,"href":"https:\/\/pharmaplast-online.net\/cs\/wp-json\/wp\/v2\/media\/21805"}],"wp:attachment":[{"href":"https:\/\/pharmaplast-online.net\/cs\/wp-json\/wp\/v2\/media?parent=7839"}],"wp:term":[{"taxonomy":"product_brand","embeddable":true,"href":"https:\/\/pharmaplast-online.net\/cs\/wp-json\/wp\/v2\/product_brand?post=7839"},{"taxonomy":"product_cat","embeddable":true,"href":"https:\/\/pharmaplast-online.net\/cs\/wp-json\/wp\/v2\/product_cat?post=7839"},{"taxonomy":"product_tag","embeddable":true,"href":"https:\/\/pharmaplast-online.net\/cs\/wp-json\/wp\/v2\/product_tag?post=7839"}],"curies":[{"name":"wp","href":"https:\/\/api.w.org\/{rel}","templated":true}]}}