{"id":7848,"date":"2022-12-15T12:01:43","date_gmt":"2022-12-15T12:01:43","guid":{"rendered":"https:\/\/pharmaplast.mediagate-egy.com\/?post_type=product&#038;p=7848"},"modified":"2026-03-15T07:27:30","modified_gmt":"2026-03-15T07:27:30","slug":"pharmastrip-fabric","status":"publish","type":"product","link":"https:\/\/pharmaplast-online.net\/cs\/produkt\/pharmastrip-fabric\/","title":{"rendered":"Pharmastrip\u00ae Fabric"},"content":{"rendered":"<div data-elementor-type=\"wp-post\" data-elementor-id=\"7848\" class=\"elementor elementor-7848\" data-elementor-post-type=\"product\">\n\t\t\t\t\t\t<section class=\"elementor-section elementor-top-section elementor-element elementor-element-09112ab elementor-section-boxed elementor-section-height-default elementor-section-height-default qodef-elementor-content-no\" data-id=\"09112ab\" data-element_type=\"section\" data-e-type=\"section\" data-settings=\"{&quot;ekit_has_onepagescroll_dot&quot;:&quot;yes&quot;}\">\n\t\t\t\t\t\t<div class=\"elementor-container elementor-column-gap-default\">\n\t\t\t\t\t<div class=\"elementor-column elementor-col-100 elementor-top-column elementor-element elementor-element-f55ee16\" data-id=\"f55ee16\" data-element_type=\"column\" data-e-type=\"column\">\n\t\t\t<div class=\"elementor-widget-wrap elementor-element-populated\">\n\t\t\t\t\t\t<div class=\"elementor-element elementor-element-fc676a0 elementor-widget elementor-widget-elementskit-simple-tab\" data-id=\"fc676a0\" data-element_type=\"widget\" data-e-type=\"widget\" data-settings=\"{&quot;ekit_we_effect_on&quot;:&quot;none&quot;}\" data-widget_type=\"elementskit-simple-tab.default\">\n\t\t\t\t<div class=\"elementor-widget-container\">\n\t\t\t\t\t<div class=\"ekit-wid-con\" >        <div class=\"elementkit-tab-wraper\">\n            <ul class=\"nav nav-tabs elementkit-tab-nav  elementskit-fullwidth-tab\">\n                                    <li class=\"elementkit-nav-item elementor-repeater-item-d0363a9\">\n                        <a class=\"elementkit-nav-link  active show left-pos\" id=\"content-d0363a969f02135c16e0-tab\" data-ekit-handler-id=\"product-info\" data-ekit-toggle=\"tab\" data-target=\"#content-d0363a969f02135c16e0\" href=\"#Content-d0363a969f02135c16e0\"\n                            data-ekit-toggle-trigger=\"click\"\n                            aria-describedby=\"Content-d0363a969f02135c16e0\">\n                            <span class=\"elementskit-tab-icon\"><\/span>                            <span class=\"elementskit-tab-title\">Informace o Produktu<\/span>\n                        <\/a>\n                    <\/li>\n                                        <li class=\"elementkit-nav-item elementor-repeater-item-9b61f69\">\n                        <a class=\"elementkit-nav-link  left-pos\" id=\"content-9b61f6969f02135c16e0-tab\" data-ekit-handler-id=\"how-to-use\" data-ekit-toggle=\"tab\" data-target=\"#content-9b61f6969f02135c16e0\" href=\"#Content-9b61f6969f02135c16e0\"\n                            data-ekit-toggle-trigger=\"click\"\n                            aria-describedby=\"Content-9b61f6969f02135c16e0\">\n                            <span class=\"elementskit-tab-icon\"><\/span>                            <span class=\"elementskit-tab-title\">N\u00e1vod k pou\u017eit\u00ed<\/span>\n                        <\/a>\n                    <\/li>\n                                        <li class=\"elementkit-nav-item elementor-repeater-item-23affad\">\n                        <a class=\"elementkit-nav-link  left-pos\" id=\"content-23affad69f02135c16e0-tab\" data-ekit-handler-id=\"sizes-codes\" data-ekit-toggle=\"tab\" data-target=\"#content-23affad69f02135c16e0\" href=\"#Content-23affad69f02135c16e0\"\n                            data-ekit-toggle-trigger=\"click\"\n                            aria-describedby=\"Content-23affad69f02135c16e0\">\n                            <span class=\"elementskit-tab-icon\"><\/span>                            <span class=\"elementskit-tab-title\">Velikosti a K\u00f3dy<\/span>\n                        <\/a>\n                    <\/li>\n                                        <li class=\"elementkit-nav-item elementor-repeater-item-9882644\">\n                        <a class=\"elementkit-nav-link  left-pos\" id=\"content-988264469f02135c16e0-tab\" data-ekit-handler-id=\"downloads\" data-ekit-toggle=\"tab\" data-target=\"#content-988264469f02135c16e0\" href=\"#Content-988264469f02135c16e0\"\n                            data-ekit-toggle-trigger=\"click\"\n                            aria-describedby=\"Content-988264469f02135c16e0\">\n                            <span class=\"elementskit-tab-icon\"><\/span>                            <span class=\"elementskit-tab-title\">Sta\u017een\u00ed<\/span>\n                        <\/a>\n                    <\/li>\n                                <\/ul>\n\n            <div class=\"tab-content elementkit-tab-content\">\n                                    <div class=\"tab-pane elementkit-tab-pane elementor-repeater-item-d0363a9  active show\" id=\"content-d0363a969f02135c16e0\" role=\"tabpanel\"\n                         aria-labelledby=\"content-d0363a969f02135c16e0-tab\">\n                        <div class=\"animated fadeIn\">\n                            <h3>Informace o Produktu<\/h3>\t\t<div data-elementor-type=\"section\" data-elementor-id=\"8585\" class=\"elementor elementor-8585\" data-elementor-post-type=\"elementor_library\">\n\t\t\t\t\t<section class=\"elementor-section elementor-top-section elementor-element elementor-element-3c9a5a4 elementor-section-boxed elementor-section-height-default elementor-section-height-default qodef-elementor-content-no\" data-id=\"3c9a5a4\" data-element_type=\"section\" data-e-type=\"section\" data-settings=\"{&quot;ekit_has_onepagescroll_dot&quot;:&quot;yes&quot;}\">\n\t\t\t\t\t\t<div class=\"elementor-container elementor-column-gap-default\">\n\t\t\t\t\t<div class=\"elementor-column elementor-col-100 elementor-top-column elementor-element elementor-element-8fd3e15\" data-id=\"8fd3e15\" data-element_type=\"column\" data-e-type=\"column\">\n\t\t\t<div class=\"elementor-widget-wrap elementor-element-populated\">\n\t\t\t\t\t\t<div class=\"elementor-element elementor-element-c6fd92e elementor-widget elementor-widget-accordion\" data-id=\"c6fd92e\" data-element_type=\"widget\" data-e-type=\"widget\" data-settings=\"{&quot;ekit_we_effect_on&quot;:&quot;none&quot;}\" data-widget_type=\"accordion.default\">\n\t\t\t\t<div class=\"elementor-widget-container\">\n\t\t\t\t\t\t\t<div class=\"elementor-accordion\">\n\t\t\t\t\t\t\t<div class=\"elementor-accordion-item\">\n\t\t\t\t\t<div id=\"elementor-tab-title-2081\" class=\"elementor-tab-title\" data-tab=\"1\" role=\"button\" aria-controls=\"elementor-tab-content-2081\" aria-expanded=\"false\">\n\t\t\t\t\t\t\t\t\t\t\t\t\t<span class=\"elementor-accordion-icon elementor-accordion-icon-left\" aria-hidden=\"true\">\n\t\t\t\t\t\t\t\t\t\t\t\t\t\t\t<span class=\"elementor-accordion-icon-closed\"><i class=\"fas fa-plus\"><\/i><\/span>\n\t\t\t\t\t\t\t\t<span class=\"elementor-accordion-icon-opened\"><i class=\"fas fa-minus\"><\/i><\/span>\n\t\t\t\t\t\t\t\t\t\t\t\t\t\t<\/span>\n\t\t\t\t\t\t\t\t\t\t\t\t<a class=\"elementor-accordion-title\" tabindex=\"0\">Popis<\/a>\n\t\t\t\t\t<\/div>\n\t\t\t\t\t<div id=\"elementor-tab-content-2081\" class=\"elementor-tab-content elementor-clearfix\" data-tab=\"1\" role=\"region\" aria-labelledby=\"elementor-tab-title-2081\"><p><strong>Pharmastrip\u00ae Fabric<\/strong> is made of polyester fabric, non-elastic backing. They are coated with a pressure-sensitive, hypoallergenic adhesive. Can be used on contoured body areas or where bending and movement occur.<\/p>\n<\/div>\n\t\t\t\t<\/div>\n\t\t\t\t\t\t\t<div class=\"elementor-accordion-item\">\n\t\t\t\t\t<div id=\"elementor-tab-title-2082\" class=\"elementor-tab-title\" data-tab=\"2\" role=\"button\" aria-controls=\"elementor-tab-content-2082\" aria-expanded=\"false\">\n\t\t\t\t\t\t\t\t\t\t\t\t\t<span class=\"elementor-accordion-icon elementor-accordion-icon-left\" aria-hidden=\"true\">\n\t\t\t\t\t\t\t\t\t\t\t\t\t\t\t<span class=\"elementor-accordion-icon-closed\"><i class=\"fas fa-plus\"><\/i><\/span>\n\t\t\t\t\t\t\t\t<span class=\"elementor-accordion-icon-opened\"><i class=\"fas fa-minus\"><\/i><\/span>\n\t\t\t\t\t\t\t\t\t\t\t\t\t\t<\/span>\n\t\t\t\t\t\t\t\t\t\t\t\t<a class=\"elementor-accordion-title\" tabindex=\"0\">Vlastnosti<\/a>\n\t\t\t\t\t<\/div>\n\t\t\t\t\t<div id=\"elementor-tab-content-2082\" class=\"elementor-tab-content elementor-clearfix\" data-tab=\"2\" role=\"region\" aria-labelledby=\"elementor-tab-title-2082\"><p><strong>\u2022 Provides a perfect wound support:<\/strong> due to the unique structure of nonwoven with PU layer which<br \/>\ngives flexibility and strength.<br \/>\n\u2022 <strong>Breathable, waterproof and bacteria proof:<\/strong> decreasing the risk of cross infection.<br \/>\n<strong>\u2022 Prevents roll-up:<\/strong> due to the smooth rounded edges.<br \/>\n\u2022 Tan color for a cosmetically pleasing appearance.<br \/>\n\u2022 Fast and easy application to save time.<br \/>\n\u2022 Available in sealed pouches E.O. sterilized.<\/p>\n<\/div>\n\t\t\t\t<\/div>\n\t\t\t\t\t\t\t<div class=\"elementor-accordion-item\">\n\t\t\t\t\t<div id=\"elementor-tab-title-2083\" class=\"elementor-tab-title\" data-tab=\"3\" role=\"button\" aria-controls=\"elementor-tab-content-2083\" aria-expanded=\"false\">\n\t\t\t\t\t\t\t\t\t\t\t\t\t<span class=\"elementor-accordion-icon elementor-accordion-icon-left\" aria-hidden=\"true\">\n\t\t\t\t\t\t\t\t\t\t\t\t\t\t\t<span class=\"elementor-accordion-icon-closed\"><i class=\"fas fa-plus\"><\/i><\/span>\n\t\t\t\t\t\t\t\t<span class=\"elementor-accordion-icon-opened\"><i class=\"fas fa-minus\"><\/i><\/span>\n\t\t\t\t\t\t\t\t\t\t\t\t\t\t<\/span>\n\t\t\t\t\t\t\t\t\t\t\t\t<a class=\"elementor-accordion-title\" tabindex=\"0\">Ur\u010den\u00e9 Pou\u017eit\u00ed<\/a>\n\t\t\t\t\t<\/div>\n\t\t\t\t\t<div id=\"elementor-tab-content-2083\" class=\"elementor-tab-content elementor-clearfix\" data-tab=\"3\" role=\"region\" aria-labelledby=\"elementor-tab-title-2083\"><p class=\"translation-block\">\u2022 Pru\u017en\u00e9 prou\u017eky pro uzav\u0159en\u00ed k\u016f\u017ee se pou\u017e\u00edvaj\u00ed p\u0159i l\u00e9\u010db\u011b tr\u017en\u00fdch ran a chirurgick\u00fdch \u0159ez\u016f.\n\u2022 Lze pou\u017e\u00edvat ve spojen\u00ed se stehy a svorkami na k\u016f\u017ei nebo po jejich odstran\u011bn\u00ed pro podporu r\u00e1ny.<\/p>\n<\/div>\n\t\t\t\t<\/div>\n\t\t\t\t\t\t\t<div class=\"elementor-accordion-item\">\n\t\t\t\t\t<div id=\"elementor-tab-title-2084\" class=\"elementor-tab-title\" data-tab=\"4\" role=\"button\" aria-controls=\"elementor-tab-content-2084\" aria-expanded=\"false\">\n\t\t\t\t\t\t\t\t\t\t\t\t\t<span class=\"elementor-accordion-icon elementor-accordion-icon-left\" aria-hidden=\"true\">\n\t\t\t\t\t\t\t\t\t\t\t\t\t\t\t<span class=\"elementor-accordion-icon-closed\"><i class=\"fas fa-plus\"><\/i><\/span>\n\t\t\t\t\t\t\t\t<span class=\"elementor-accordion-icon-opened\"><i class=\"fas fa-minus\"><\/i><\/span>\n\t\t\t\t\t\t\t\t\t\t\t\t\t\t<\/span>\n\t\t\t\t\t\t\t\t\t\t\t\t<a class=\"elementor-accordion-title\" tabindex=\"0\">Kontraindikace<\/a>\n\t\t\t\t\t<\/div>\n\t\t\t\t\t<div id=\"elementor-tab-content-2084\" class=\"elementor-tab-content elementor-clearfix\" data-tab=\"4\" role=\"region\" aria-labelledby=\"elementor-tab-title-2084\"><p class=\"translation-block\">1. Nepou\u017e\u00edvejte u pacient\u016f se zn\u00e1mou p\u0159ecitliv\u011blos\udbc0\udda1 na akryl\u00e1tov\u00e1 lepidla.\n2. Nepou\u017e\u00edvejte na infikovan\u00e9 r\u00e1ny.\n3. Nepou\u017e\u00edvejte v p\u0159\u00edpad\u011b siln\u011b pnouc\u00edch ran, kter\u00e9 nelze snadno sev\u0159\u00edt prsty nebo kle\u0161t\u011bmi. P\u0159i nadm\u011brn\u00e9m napnu\udbc0\udda1 by mohlo doj\u00edt ke\nst\u0159ihov\u00e9mu nam\u00e1h\u00e1n\u00ed k\u016f\u017ee, tvorb\u011b puch\u00fd\u0159\u016f na k\u016f\u017ei nebo ztr\u00e1t\u011b p\u0159ilnavos\udbc0\udd9f kry\udbc0\udda1.<\/p>\n<\/div>\n\t\t\t\t<\/div>\n\t\t\t\t\t\t\t<div class=\"elementor-accordion-item\">\n\t\t\t\t\t<div id=\"elementor-tab-title-2085\" class=\"elementor-tab-title\" data-tab=\"5\" role=\"button\" aria-controls=\"elementor-tab-content-2085\" aria-expanded=\"false\">\n\t\t\t\t\t\t\t\t\t\t\t\t\t<span class=\"elementor-accordion-icon elementor-accordion-icon-left\" aria-hidden=\"true\">\n\t\t\t\t\t\t\t\t\t\t\t\t\t\t\t<span class=\"elementor-accordion-icon-closed\"><i class=\"fas fa-plus\"><\/i><\/span>\n\t\t\t\t\t\t\t\t<span class=\"elementor-accordion-icon-opened\"><i class=\"fas fa-minus\"><\/i><\/span>\n\t\t\t\t\t\t\t\t\t\t\t\t\t\t<\/span>\n\t\t\t\t\t\t\t\t\t\t\t\t<a class=\"elementor-accordion-title\" tabindex=\"0\">Preventivn\u00ed opat\u0159en\u00ed<\/a>\n\t\t\t\t\t<\/div>\n\t\t\t\t\t<div id=\"elementor-tab-content-2085\" class=\"elementor-tab-content elementor-clearfix\" data-tab=\"5\" role=\"region\" aria-labelledby=\"elementor-tab-title-2085\"><p class=\"translation-block\">1. Ujist\u011bte se, \u017ee je k\u016f\u017ee \u010dist\u00e1, such\u00e1 a bez ko\u017en\u00edho mazu, aby se zajistilo dobr\u00e9 p\u0159ilnu\udbc0\udda1.\n2. Poopera\u010dn\u00ed ed\u00e9m m\u016f\u017ee zp\u016fsobit st\u0159ihov\u00e9 nam\u00e1h\u00e1n\u00ed k\u016f\u017ee, tvorbu puch\u00fd\u0159\u016f na k\u016f\u017ei nebo ztr\u00e1tu p\u0159ilnavos\udbc0\udd9f na obou konc\u00edch prou\u017eku.\n3. Po odstran\u011bn\u00ed prou\u017eku m\u016f\u017ee doj\u00edt k odlupov\u00e1n\u00ed k\u016f\u017ee v d\u016fsledku pou\u017ei\udbc0\udda1 jak\u00e9koli chirurgick\u00e9 p\u00e1sky nebo lepidla.\n4. Vz\u00e1cn\u011b m\u016f\u017ee v d\u016fsledku aplikace lepidel na k\u016f\u017ei doj\u00edt k hypopigmentaci nebo hyperpigmentaci.\n5. P\u0159i testov\u00e1n\u00ed na zdrav\u00fdch dobrovoln\u00edc\u00edch bylo p\u0159\u00edle\u017eitostn\u011b pozorov\u00e1ny m\u00edrn\u00e9 akn\u00e9 a folikulitida.<\/p>\n<\/div>\n\t\t\t\t<\/div>\n\t\t\t\t\t\t\t<div class=\"elementor-accordion-item\">\n\t\t\t\t\t<div id=\"elementor-tab-title-2086\" class=\"elementor-tab-title\" data-tab=\"6\" role=\"button\" aria-controls=\"elementor-tab-content-2086\" aria-expanded=\"false\">\n\t\t\t\t\t\t\t\t\t\t\t\t\t<span class=\"elementor-accordion-icon elementor-accordion-icon-left\" aria-hidden=\"true\">\n\t\t\t\t\t\t\t\t\t\t\t\t\t\t\t<span class=\"elementor-accordion-icon-closed\"><i class=\"fas fa-plus\"><\/i><\/span>\n\t\t\t\t\t\t\t\t<span class=\"elementor-accordion-icon-opened\"><i class=\"fas fa-minus\"><\/i><\/span>\n\t\t\t\t\t\t\t\t\t\t\t\t\t\t<\/span>\n\t\t\t\t\t\t\t\t\t\t\t\t<a class=\"elementor-accordion-title\" tabindex=\"0\">Diagram vrstev<\/a>\n\t\t\t\t\t<\/div>\n\t\t\t\t\t<div id=\"elementor-tab-content-2086\" class=\"elementor-tab-content elementor-clearfix\" data-tab=\"6\" role=\"region\" aria-labelledby=\"elementor-tab-title-2086\"><p><img decoding=\"async\" class=\"aligncenter wp-image-21923 size-full\" src=\"https:\/\/pharmaplast-online.net\/wp-content\/uploads\/2022\/12\/fabric.png\" alt=\"\" width=\"1001\" height=\"501\" srcset=\"https:\/\/pharmaplast-online.net\/wp-content\/uploads\/2022\/12\/fabric.png 1001w, https:\/\/pharmaplast-online.net\/wp-content\/uploads\/2022\/12\/fabric-300x150.png 300w, https:\/\/pharmaplast-online.net\/wp-content\/uploads\/2022\/12\/fabric-768x384.png 768w, https:\/\/pharmaplast-online.net\/wp-content\/uploads\/2022\/12\/fabric-18x9.png 18w, https:\/\/pharmaplast-online.net\/wp-content\/uploads\/2022\/12\/fabric-24x12.png 24w, https:\/\/pharmaplast-online.net\/wp-content\/uploads\/2022\/12\/fabric-36x18.png 36w, https:\/\/pharmaplast-online.net\/wp-content\/uploads\/2022\/12\/fabric-48x24.png 48w, https:\/\/pharmaplast-online.net\/wp-content\/uploads\/2022\/12\/fabric-600x300.png 600w\" sizes=\"(max-width: 1001px) 100vw, 1001px\" \/><\/p>\n<\/div>\n\t\t\t\t<\/div>\n\t\t\t\t\t\t\t<div class=\"elementor-accordion-item\">\n\t\t\t\t\t<div id=\"elementor-tab-title-2087\" class=\"elementor-tab-title\" data-tab=\"7\" role=\"button\" aria-controls=\"elementor-tab-content-2087\" aria-expanded=\"false\">\n\t\t\t\t\t\t\t\t\t\t\t\t\t<span class=\"elementor-accordion-icon elementor-accordion-icon-left\" aria-hidden=\"true\">\n\t\t\t\t\t\t\t\t\t\t\t\t\t\t\t<span class=\"elementor-accordion-icon-closed\"><i class=\"fas fa-plus\"><\/i><\/span>\n\t\t\t\t\t\t\t\t<span class=\"elementor-accordion-icon-opened\"><i class=\"fas fa-minus\"><\/i><\/span>\n\t\t\t\t\t\t\t\t\t\t\t\t\t\t<\/span>\n\t\t\t\t\t\t\t\t\t\t\t\t<a class=\"elementor-accordion-title\" tabindex=\"0\">Frekvence v\u00fdm\u011bny<\/a>\n\t\t\t\t\t<\/div>\n\t\t\t\t\t<div id=\"elementor-tab-content-2087\" class=\"elementor-tab-content elementor-clearfix\" data-tab=\"7\" role=\"region\" aria-labelledby=\"elementor-tab-title-2087\"><\/div>\n\t\t\t\t<\/div>\n\t\t\t\t\t\t\t<div class=\"elementor-accordion-item\">\n\t\t\t\t\t<div id=\"elementor-tab-title-2088\" class=\"elementor-tab-title\" data-tab=\"8\" role=\"button\" aria-controls=\"elementor-tab-content-2088\" aria-expanded=\"false\">\n\t\t\t\t\t\t\t\t\t\t\t\t\t<span class=\"elementor-accordion-icon elementor-accordion-icon-left\" aria-hidden=\"true\">\n\t\t\t\t\t\t\t\t\t\t\t\t\t\t\t<span class=\"elementor-accordion-icon-closed\"><i class=\"fas fa-plus\"><\/i><\/span>\n\t\t\t\t\t\t\t\t<span class=\"elementor-accordion-icon-opened\"><i class=\"fas fa-minus\"><\/i><\/span>\n\t\t\t\t\t\t\t\t\t\t\t\t\t\t<\/span>\n\t\t\t\t\t\t\t\t\t\t\t\t<a class=\"elementor-accordion-title\" tabindex=\"0\">Jak to funguje?<\/a>\n\t\t\t\t\t<\/div>\n\t\t\t\t\t<div id=\"elementor-tab-content-2088\" class=\"elementor-tab-content elementor-clearfix\" data-tab=\"8\" role=\"region\" aria-labelledby=\"elementor-tab-title-2088\"><\/div>\n\t\t\t\t<\/div>\n\t\t\t\t\t\t\t<div class=\"elementor-accordion-item\">\n\t\t\t\t\t<div id=\"elementor-tab-title-2089\" class=\"elementor-tab-title\" data-tab=\"9\" role=\"button\" aria-controls=\"elementor-tab-content-2089\" aria-expanded=\"false\">\n\t\t\t\t\t\t\t\t\t\t\t\t\t<span class=\"elementor-accordion-icon elementor-accordion-icon-left\" aria-hidden=\"true\">\n\t\t\t\t\t\t\t\t\t\t\t\t\t\t\t<span class=\"elementor-accordion-icon-closed\"><i class=\"fas fa-plus\"><\/i><\/span>\n\t\t\t\t\t\t\t\t<span class=\"elementor-accordion-icon-opened\"><i class=\"fas fa-minus\"><\/i><\/span>\n\t\t\t\t\t\t\t\t\t\t\t\t\t\t<\/span>\n\t\t\t\t\t\t\t\t\t\t\t\t<a class=\"elementor-accordion-title\" tabindex=\"0\">\u017divotnost<\/a>\n\t\t\t\t\t<\/div>\n\t\t\t\t\t<div id=\"elementor-tab-content-2089\" class=\"elementor-tab-content elementor-clearfix\" data-tab=\"9\" role=\"region\" aria-labelledby=\"elementor-tab-title-2089\"><\/div>\n\t\t\t\t<\/div>\n\t\t\t\t\t\t\t\t<\/div>\n\t\t\t\t\t\t<\/div>\n\t\t\t\t<\/div>\n\t\t\t\t\t<\/div>\n\t\t<\/div>\n\t\t\t\t\t<\/div>\n\t\t<\/section>\n\t\t\t\t<\/div>\n\t\t                        <\/div>\n                    <\/div>\n                                    <div class=\"tab-pane elementkit-tab-pane elementor-repeater-item-9b61f69\" id=\"content-9b61f6969f02135c16e0\" role=\"tabpanel\"\n                         aria-labelledby=\"content-9b61f6969f02135c16e0-tab\">\n                        <div class=\"animated fadeIn\">\n                            <p class=\"translation-block\">\u2022 Otev\u0159ete bal\u00ed\u010dek. Odstra\u0148te chlope\u0148 na konci karty.\n\u2022 Okraje r\u00e1ny pe\u010dliv\u011b zarovnejte.\n\u2022 Po\u010d\u00ednaje od st\u0159edu r\u00e1ny um\u00edst\u011bte polovinu prou\u017eku na jednu stranu r\u00e1ny, jemn\u011b k n\u011bmu p\u0159it\u00e1hn\u011bte druhou stranu r\u00e1ny a pot\u00e9 prou\u017eek\np\u0159et\u00e1hn\u011bte.\n\u2022 Um\u00eds\u0165ujte prou\u017eky st\u0159\u00eddav\u011b nad a pod prvn\u00ed prou\u017eek \u2013 to pom\u016f\u017ee vyrovnat okraje a udr\u017eet nap\u011b\udbc0\udda1 k\u016f\u017ee rovnom\u011brn\u00e9. Pokra\u010dujte v\ntomto postupu, dokud r\u00e1nu zcela nezav\u0159ete.\n\u2022 Pro dal\u0161\u00ed fixaci, sn\u00ed\u017een\u00ed nap\u011b\udbc0\udda1 a ukotven\u00ed \u0159ad prou\u017ek\u016f na sv\u00e9m m\u00edst\u011b polo\u017ete dva prou\u017eky ver\udbc0\udd9fk\u00e1ln\u011b p\u0159es \u0159ady \u2013 jednu na ka\u017ed\u00e9 stran\u011b r\u00e1ny.<\/p>                        <\/div>\n                    <\/div>\n                                    <div class=\"tab-pane elementkit-tab-pane elementor-repeater-item-23affad\" id=\"content-23affad69f02135c16e0\" role=\"tabpanel\"\n                         aria-labelledby=\"content-23affad69f02135c16e0-tab\">\n                        <div class=\"animated fadeIn\">\n                            <table><tbody><tr><td width=\"106\"><p><strong><em>Product Code <\/em><\/strong><\/p><\/td><td width=\"97\"><p><strong>Pharmastrip\u00ae Fabric <\/strong><\/p><\/td><td width=\"119\"><p><strong>Size<\/strong><\/p><\/td><td width=\"105\"><p><strong>Pouches\/box<\/strong><\/p><\/td><td width=\"87\"><p><strong>Boxes\/Case <\/strong><\/p><\/td><\/tr><tr><td width=\"106\"><p>PHST438<\/p><\/td><td width=\"97\"><p>Pouch of 8 strips<\/p><\/td><td width=\"119\"><p>4mm\u00d738mm<\/p><\/td><td width=\"105\"><p>200<\/p><\/td><td width=\"87\"><p>16<\/p><\/td><\/tr><tr><td width=\"106\"><p>PHST476<\/p><\/td><td width=\"97\"><p>Pouch of 8 strips<\/p><\/td><td width=\"119\"><p>4mm\u00d776mm<\/p><\/td><td width=\"105\"><p>100<\/p><\/td><td width=\"87\"><p>16<\/p><\/td><\/tr><tr><td width=\"106\"><p>PHST6476<\/p><\/td><td width=\"97\"><p>Pouch of 6 strips<\/p><\/td><td width=\"119\"><p>6.4mm\u00d776mm<\/p><\/td><td width=\"105\"><p>100<\/p><\/td><td width=\"87\"><p>16<\/p><\/td><\/tr><tr><td width=\"106\"><p>PHST64102<\/p><\/td><td width=\"97\"><p>Pouch of 10 strips<\/p><\/td><td width=\"119\"><p>6.4mm\u00d7102mm<\/p><\/td><td width=\"105\"><p>100<\/p><\/td><td width=\"87\"><p>16<\/p><\/td><\/tr><tr><td width=\"106\"><p>PHST13102<\/p><\/td><td width=\"97\"><p>Pouch of 6 strips<\/p><\/td><td width=\"119\"><p>13mm\u00d7102mm<\/p><\/td><td width=\"105\"><p>100<\/p><\/td><td width=\"87\"><p>16<\/p><\/td><\/tr><tr><td width=\"106\"><p>PHST26102<\/p><\/td><td width=\"97\"><p>Pouch of 4 strips<\/p><\/td><td width=\"119\"><p>26mm\u00d7102mm<\/p><\/td><td width=\"105\"><p>100<\/p><\/td><td width=\"87\"><p>16<\/p><\/td><\/tr><\/tbody><\/table>                        <\/div>\n                    <\/div>\n                                    <div class=\"tab-pane elementkit-tab-pane elementor-repeater-item-9882644\" id=\"content-988264469f02135c16e0\" role=\"tabpanel\"\n                         aria-labelledby=\"content-988264469f02135c16e0-tab\">\n                        <div class=\"animated fadeIn\">\n                            <p><a href=\"https:\/\/pharmaplast-online.net\/wp-content\/uploads\/2026\/03\/new_Pharmastrip-and-pharmastrip-fabric-brochure-issue-4-07032026.pdf\">Pharmastrip and pharmastrip fabric brochure<\/a><\/p><p><img decoding=\"async\" class=\"alignnone wp-image-20471\" src=\"https:\/\/pharmaplast-online.net\/wp-content\/uploads\/2025\/06\/broucher-300x105.png\" alt=\"\" width=\"151\" height=\"53\" srcset=\"https:\/\/pharmaplast-online.net\/wp-content\/uploads\/2025\/06\/broucher-300x105.png 300w, https:\/\/pharmaplast-online.net\/wp-content\/uploads\/2025\/06\/broucher-18x6.png 18w, https:\/\/pharmaplast-online.net\/wp-content\/uploads\/2025\/06\/broucher-24x8.png 24w, https:\/\/pharmaplast-online.net\/wp-content\/uploads\/2025\/06\/broucher-36x13.png 36w, https:\/\/pharmaplast-online.net\/wp-content\/uploads\/2025\/06\/broucher-48x17.png 48w, https:\/\/pharmaplast-online.net\/wp-content\/uploads\/2025\/06\/broucher-600x211.png 600w, https:\/\/pharmaplast-online.net\/wp-content\/uploads\/2025\/06\/broucher.png 640w\" sizes=\"(max-width: 151px) 100vw, 151px\" \/><\/p>                        <\/div>\n                    <\/div>\n                                \n            <\/div>\n                    <\/div>\n    <\/div>\t\t\t\t<\/div>\n\t\t\t\t<\/div>\n\t\t\t\t\t<\/div>\n\t\t<\/div>\n\t\t\t\t\t<\/div>\n\t\t<\/section>\n\t\t\t\t<\/div>","protected":false},"excerpt":{"rendered":"<p>N\u00e1plasti na uzav\u0159en\u00ed r\u00e1ny<\/p>","protected":false},"featured_media":15498,"comment_status":"open","ping_status":"closed","template":"","meta":[],"product_brand":[],"product_cat":[249,247,223],"product_tag":[],"class_list":{"0":"post-7848","1":"product","2":"type-product","3":"status-publish","4":"has-post-thumbnail","6":"product_cat-fabric","7":"product_cat-skin-closure","8":"product_cat-surgical-dressings","9":"new","11":"first","12":"instock","13":"shipping-taxable","14":"product-type-simple"},"acf":[],"_links":{"self":[{"href":"https:\/\/pharmaplast-online.net\/cs\/wp-json\/wp\/v2\/product\/7848","targetHints":{"allow":["GET"]}}],"collection":[{"href":"https:\/\/pharmaplast-online.net\/cs\/wp-json\/wp\/v2\/product"}],"about":[{"href":"https:\/\/pharmaplast-online.net\/cs\/wp-json\/wp\/v2\/types\/product"}],"replies":[{"embeddable":true,"href":"https:\/\/pharmaplast-online.net\/cs\/wp-json\/wp\/v2\/comments?post=7848"}],"version-history":[{"count":26,"href":"https:\/\/pharmaplast-online.net\/cs\/wp-json\/wp\/v2\/product\/7848\/revisions"}],"predecessor-version":[{"id":24241,"href":"https:\/\/pharmaplast-online.net\/cs\/wp-json\/wp\/v2\/product\/7848\/revisions\/24241"}],"wp:featuredmedia":[{"embeddable":true,"href":"https:\/\/pharmaplast-online.net\/cs\/wp-json\/wp\/v2\/media\/15498"}],"wp:attachment":[{"href":"https:\/\/pharmaplast-online.net\/cs\/wp-json\/wp\/v2\/media?parent=7848"}],"wp:term":[{"taxonomy":"product_brand","embeddable":true,"href":"https:\/\/pharmaplast-online.net\/cs\/wp-json\/wp\/v2\/product_brand?post=7848"},{"taxonomy":"product_cat","embeddable":true,"href":"https:\/\/pharmaplast-online.net\/cs\/wp-json\/wp\/v2\/product_cat?post=7848"},{"taxonomy":"product_tag","embeddable":true,"href":"https:\/\/pharmaplast-online.net\/cs\/wp-json\/wp\/v2\/product_tag?post=7848"}],"curies":[{"name":"wp","href":"https:\/\/api.w.org\/{rel}","templated":true}]}}