{"id":7864,"date":"2022-12-15T12:13:13","date_gmt":"2022-12-15T12:13:13","guid":{"rendered":"https:\/\/pharmaplast.mediagate-egy.com\/?post_type=product&#038;p=7864"},"modified":"2025-11-26T17:33:21","modified_gmt":"2025-11-26T17:33:21","slug":"elastic-plaster","status":"publish","type":"product","link":"https:\/\/pharmaplast-online.net\/cs\/produkt\/elastic-plaster\/","title":{"rendered":"Elastic Plaster"},"content":{"rendered":"<div data-elementor-type=\"wp-post\" data-elementor-id=\"7864\" class=\"elementor elementor-7864\" data-elementor-post-type=\"product\">\n\t\t\t\t\t\t<section class=\"elementor-section elementor-top-section elementor-element elementor-element-7ca7983 elementor-section-boxed elementor-section-height-default elementor-section-height-default qodef-elementor-content-no\" data-id=\"7ca7983\" data-element_type=\"section\" data-e-type=\"section\" data-settings=\"{&quot;ekit_has_onepagescroll_dot&quot;:&quot;yes&quot;}\">\n\t\t\t\t\t\t<div class=\"elementor-container elementor-column-gap-default\">\n\t\t\t\t\t<div class=\"elementor-column elementor-col-100 elementor-top-column elementor-element elementor-element-b66207b\" data-id=\"b66207b\" data-element_type=\"column\" data-e-type=\"column\">\n\t\t\t<div class=\"elementor-widget-wrap elementor-element-populated\">\n\t\t\t\t\t\t<div class=\"elementor-element elementor-element-8ce3948 elementor-widget elementor-widget-elementskit-simple-tab\" data-id=\"8ce3948\" data-element_type=\"widget\" data-e-type=\"widget\" data-settings=\"{&quot;ekit_we_effect_on&quot;:&quot;none&quot;}\" data-widget_type=\"elementskit-simple-tab.default\">\n\t\t\t\t<div class=\"elementor-widget-container\">\n\t\t\t\t\t<div class=\"ekit-wid-con\" >        <div class=\"elementkit-tab-wraper\">\n            <ul class=\"nav nav-tabs elementkit-tab-nav  elementskit-fullwidth-tab\">\n                                    <li class=\"elementkit-nav-item elementor-repeater-item-d0363a9\">\n                        <a class=\"elementkit-nav-link  active show left-pos\" id=\"content-d0363a969f01e9151672-tab\" data-ekit-handler-id=\"product-info\" data-ekit-toggle=\"tab\" data-target=\"#content-d0363a969f01e9151672\" href=\"#Content-d0363a969f01e9151672\"\n                            data-ekit-toggle-trigger=\"click\"\n                            aria-describedby=\"Content-d0363a969f01e9151672\">\n                            <span class=\"elementskit-tab-icon\"><\/span>                            <span class=\"elementskit-tab-title\">Informace o Produktu<\/span>\n                        <\/a>\n                    <\/li>\n                                        <li class=\"elementkit-nav-item elementor-repeater-item-9b61f69\">\n                        <a class=\"elementkit-nav-link  left-pos\" id=\"content-9b61f6969f01e9151672-tab\" data-ekit-handler-id=\"how-to-use\" data-ekit-toggle=\"tab\" data-target=\"#content-9b61f6969f01e9151672\" href=\"#Content-9b61f6969f01e9151672\"\n                            data-ekit-toggle-trigger=\"click\"\n                            aria-describedby=\"Content-9b61f6969f01e9151672\">\n                            <span class=\"elementskit-tab-icon\"><\/span>                            <span class=\"elementskit-tab-title\">N\u00e1vod k pou\u017eit\u00ed<\/span>\n                        <\/a>\n                    <\/li>\n                                        <li class=\"elementkit-nav-item elementor-repeater-item-23affad\">\n                        <a class=\"elementkit-nav-link  left-pos\" id=\"content-23affad69f01e9151672-tab\" data-ekit-handler-id=\"sizes-codes\" data-ekit-toggle=\"tab\" data-target=\"#content-23affad69f01e9151672\" href=\"#Content-23affad69f01e9151672\"\n                            data-ekit-toggle-trigger=\"click\"\n                            aria-describedby=\"Content-23affad69f01e9151672\">\n                            <span class=\"elementskit-tab-icon\"><\/span>                            <span class=\"elementskit-tab-title\">Velikosti a K\u00f3dy<\/span>\n                        <\/a>\n                    <\/li>\n                                        <li class=\"elementkit-nav-item elementor-repeater-item-9882644\">\n                        <a class=\"elementkit-nav-link  left-pos\" id=\"content-988264469f01e9151672-tab\" data-ekit-handler-id=\"downloads\" data-ekit-toggle=\"tab\" data-target=\"#content-988264469f01e9151672\" href=\"#Content-988264469f01e9151672\"\n                            data-ekit-toggle-trigger=\"click\"\n                            aria-describedby=\"Content-988264469f01e9151672\">\n                            <span class=\"elementskit-tab-icon\"><\/span>                            <span class=\"elementskit-tab-title\">Sta\u017een\u00ed<\/span>\n                        <\/a>\n                    <\/li>\n                                <\/ul>\n\n            <div class=\"tab-content elementkit-tab-content\">\n                                    <div class=\"tab-pane elementkit-tab-pane elementor-repeater-item-d0363a9  active show\" id=\"content-d0363a969f01e9151672\" role=\"tabpanel\"\n                         aria-labelledby=\"content-d0363a969f01e9151672-tab\">\n                        <div class=\"animated fadeIn\">\n                            <h3>Informace o Produktu<\/h3>\t\t<div data-elementor-type=\"section\" data-elementor-id=\"8585\" class=\"elementor elementor-8585\" data-elementor-post-type=\"elementor_library\">\n\t\t\t\t\t<section class=\"elementor-section elementor-top-section elementor-element elementor-element-3c9a5a4 elementor-section-boxed elementor-section-height-default elementor-section-height-default qodef-elementor-content-no\" data-id=\"3c9a5a4\" data-element_type=\"section\" data-e-type=\"section\" data-settings=\"{&quot;ekit_has_onepagescroll_dot&quot;:&quot;yes&quot;}\">\n\t\t\t\t\t\t<div class=\"elementor-container elementor-column-gap-default\">\n\t\t\t\t\t<div class=\"elementor-column elementor-col-100 elementor-top-column elementor-element elementor-element-8fd3e15\" data-id=\"8fd3e15\" data-element_type=\"column\" data-e-type=\"column\">\n\t\t\t<div class=\"elementor-widget-wrap elementor-element-populated\">\n\t\t\t\t\t\t<div class=\"elementor-element elementor-element-c6fd92e elementor-widget elementor-widget-accordion\" data-id=\"c6fd92e\" data-element_type=\"widget\" data-e-type=\"widget\" data-settings=\"{&quot;ekit_we_effect_on&quot;:&quot;none&quot;}\" data-widget_type=\"accordion.default\">\n\t\t\t\t<div class=\"elementor-widget-container\">\n\t\t\t\t\t\t\t<div class=\"elementor-accordion\">\n\t\t\t\t\t\t\t<div class=\"elementor-accordion-item\">\n\t\t\t\t\t<div id=\"elementor-tab-title-2081\" class=\"elementor-tab-title\" data-tab=\"1\" role=\"button\" aria-controls=\"elementor-tab-content-2081\" aria-expanded=\"false\">\n\t\t\t\t\t\t\t\t\t\t\t\t\t<span class=\"elementor-accordion-icon elementor-accordion-icon-left\" aria-hidden=\"true\">\n\t\t\t\t\t\t\t\t\t\t\t\t\t\t\t<span class=\"elementor-accordion-icon-closed\"><i class=\"fas fa-plus\"><\/i><\/span>\n\t\t\t\t\t\t\t\t<span class=\"elementor-accordion-icon-opened\"><i class=\"fas fa-minus\"><\/i><\/span>\n\t\t\t\t\t\t\t\t\t\t\t\t\t\t<\/span>\n\t\t\t\t\t\t\t\t\t\t\t\t<a class=\"elementor-accordion-title\" tabindex=\"0\">Popis<\/a>\n\t\t\t\t\t<\/div>\n\t\t\t\t\t<div id=\"elementor-tab-content-2081\" class=\"elementor-tab-content elementor-clearfix\" data-tab=\"1\" role=\"region\" aria-labelledby=\"elementor-tab-title-2081\"><p class=\"translation-block\">Elastick\u00e1 n\u00e1plast je siln\u00e1, bavln\u011bn\u00e1 elastick\u00e1 adhesivn\u00ed n\u00e1plast, kter\u00e1 poskytuje vy\u0161\u0161\u00ed kompresn\u00ed tlak.<\/p>\n<\/div>\n\t\t\t\t<\/div>\n\t\t\t\t\t\t\t<div class=\"elementor-accordion-item\">\n\t\t\t\t\t<div id=\"elementor-tab-title-2082\" class=\"elementor-tab-title\" data-tab=\"2\" role=\"button\" aria-controls=\"elementor-tab-content-2082\" aria-expanded=\"false\">\n\t\t\t\t\t\t\t\t\t\t\t\t\t<span class=\"elementor-accordion-icon elementor-accordion-icon-left\" aria-hidden=\"true\">\n\t\t\t\t\t\t\t\t\t\t\t\t\t\t\t<span class=\"elementor-accordion-icon-closed\"><i class=\"fas fa-plus\"><\/i><\/span>\n\t\t\t\t\t\t\t\t<span class=\"elementor-accordion-icon-opened\"><i class=\"fas fa-minus\"><\/i><\/span>\n\t\t\t\t\t\t\t\t\t\t\t\t\t\t<\/span>\n\t\t\t\t\t\t\t\t\t\t\t\t<a class=\"elementor-accordion-title\" tabindex=\"0\">Vlastnosti<\/a>\n\t\t\t\t\t<\/div>\n\t\t\t\t\t<div id=\"elementor-tab-content-2082\" class=\"elementor-tab-content elementor-clearfix\" data-tab=\"2\" role=\"region\" aria-labelledby=\"elementor-tab-title-2082\"><p>Elastic plaster is intended for:<\/p>\n<p>\u2022 Reducing pro-inflammatory cytokines: resulting in anti-inflammatory effect. Thus, it reduces pain a ema: Thus, it allows the wearing of normal shoes and participation in the normal daily activities, which improves the quality of life<\/p>\n<p>\u2022 Securing of the primary dressing<\/p>\n<p>\u2022 Supporting limbs and joints that need support.<\/p>\n<\/div>\n\t\t\t\t<\/div>\n\t\t\t\t\t\t\t<div class=\"elementor-accordion-item\">\n\t\t\t\t\t<div id=\"elementor-tab-title-2083\" class=\"elementor-tab-title\" data-tab=\"3\" role=\"button\" aria-controls=\"elementor-tab-content-2083\" aria-expanded=\"false\">\n\t\t\t\t\t\t\t\t\t\t\t\t\t<span class=\"elementor-accordion-icon elementor-accordion-icon-left\" aria-hidden=\"true\">\n\t\t\t\t\t\t\t\t\t\t\t\t\t\t\t<span class=\"elementor-accordion-icon-closed\"><i class=\"fas fa-plus\"><\/i><\/span>\n\t\t\t\t\t\t\t\t<span class=\"elementor-accordion-icon-opened\"><i class=\"fas fa-minus\"><\/i><\/span>\n\t\t\t\t\t\t\t\t\t\t\t\t\t\t<\/span>\n\t\t\t\t\t\t\t\t\t\t\t\t<a class=\"elementor-accordion-title\" tabindex=\"0\">Ur\u010den\u00e9 Pou\u017eit\u00ed<\/a>\n\t\t\t\t\t<\/div>\n\t\t\t\t\t<div id=\"elementor-tab-content-2083\" class=\"elementor-tab-content elementor-clearfix\" data-tab=\"3\" role=\"region\" aria-labelledby=\"elementor-tab-title-2083\"><div class=\"su-spoiler-content su-u-clearfix su-u-trim\">\n<ul>\n<li>\u2022Sn\u00ed\u017een\u00ed proz\u00e1n\u011btliv\u00fdch cytokin\u016f: v\u00fdsledkem je\nprotiz\u00e1n\u011btliv\u00fd \u00fa\u010dinek. T\u00edm se sn\u00ed\u017e\u00ed bolest a podpo\u0159\u00ed hojen\u00ed r\u00e1ny.<\/li>\n<li>\u2022Sn\u00ed\u017een\u00ed otoku: Umo\u017en\u00ed to no\u0161en\u00ed b\u011b\u017en\u00e9 obuvi a ka\u017edodenn\u00edch aktivit, \u010d\u00edm\u017e se zlep\u0161\u00ed kvalita \u017eivota.<\/li>\n<li>\u2022Zaji\u0161t\u011bn\u00ed prim\u00e1rn\u00edho kryti<\/li>\n<li>\u2022Podp\u00edr\u00e1 kon\u010detiny a klouby, kter\u00e9 pot\u0159ebuj\u00ed podporu.<\/li>\n<\/ul>\n<\/div>\n<\/div>\n\t\t\t\t<\/div>\n\t\t\t\t\t\t\t<div class=\"elementor-accordion-item\">\n\t\t\t\t\t<div id=\"elementor-tab-title-2084\" class=\"elementor-tab-title\" data-tab=\"4\" role=\"button\" aria-controls=\"elementor-tab-content-2084\" aria-expanded=\"false\">\n\t\t\t\t\t\t\t\t\t\t\t\t\t<span class=\"elementor-accordion-icon elementor-accordion-icon-left\" aria-hidden=\"true\">\n\t\t\t\t\t\t\t\t\t\t\t\t\t\t\t<span class=\"elementor-accordion-icon-closed\"><i class=\"fas fa-plus\"><\/i><\/span>\n\t\t\t\t\t\t\t\t<span class=\"elementor-accordion-icon-opened\"><i class=\"fas fa-minus\"><\/i><\/span>\n\t\t\t\t\t\t\t\t\t\t\t\t\t\t<\/span>\n\t\t\t\t\t\t\t\t\t\t\t\t<a class=\"elementor-accordion-title\" tabindex=\"0\">Kontraindikace<\/a>\n\t\t\t\t\t<\/div>\n\t\t\t\t\t<div id=\"elementor-tab-content-2084\" class=\"elementor-tab-content elementor-clearfix\" data-tab=\"4\" role=\"region\" aria-labelledby=\"elementor-tab-title-2084\"><p>Kompresn\u00ed l\u00e9\u010dbu pou\u017e\u00edvejte obez\u0159etn\u011b a pod p\u0159\u00edm\u00fdm l\u00e9ka\u0159sk\u00fdm dohledem u uveden\u00fdch stav\u016f poko\u017eky.<\/p>\n<\/div>\n\t\t\t\t<\/div>\n\t\t\t\t\t\t\t<div class=\"elementor-accordion-item\">\n\t\t\t\t\t<div id=\"elementor-tab-title-2085\" class=\"elementor-tab-title\" data-tab=\"5\" role=\"button\" aria-controls=\"elementor-tab-content-2085\" aria-expanded=\"false\">\n\t\t\t\t\t\t\t\t\t\t\t\t\t<span class=\"elementor-accordion-icon elementor-accordion-icon-left\" aria-hidden=\"true\">\n\t\t\t\t\t\t\t\t\t\t\t\t\t\t\t<span class=\"elementor-accordion-icon-closed\"><i class=\"fas fa-plus\"><\/i><\/span>\n\t\t\t\t\t\t\t\t<span class=\"elementor-accordion-icon-opened\"><i class=\"fas fa-minus\"><\/i><\/span>\n\t\t\t\t\t\t\t\t\t\t\t\t\t\t<\/span>\n\t\t\t\t\t\t\t\t\t\t\t\t<a class=\"elementor-accordion-title\" tabindex=\"0\">Preventivn\u00ed opat\u0159en\u00ed<\/a>\n\t\t\t\t\t<\/div>\n\t\t\t\t\t<div id=\"elementor-tab-content-2085\" class=\"elementor-tab-content elementor-clearfix\" data-tab=\"5\" role=\"region\" aria-labelledby=\"elementor-tab-title-2085\"><p class=\"translation-block\">P\u0159i pou\u017e\u00edv\u00e1n\u00ed tlakov\u00e9ho obvazu dodr\u017eujte n\u00e1sleduj\u00edc\u00ed opat\u0159en\u00ed, abyste zajistili hladk\u00e9\nhojen\u00ed:1.Vyvarujte se uta\u017een\u00ed obvazu: Pokud obvaz p\u0159\u00edli\u0161 ut\u00e1hnete, zabr\u00e1n\u00ed se cirkulaci krve do\nstla\u010den\u00e9 \u010d\u00e1sti 2.Ova\u017ete jej za m\u00edstem poran\u011bn\u00ed. Ov\u00e1z\u00e1n\u00ed oblasti kolem poran\u011bn\u00ed pom\u00e1h\u00e1 zajistit\nrovnom\u011brn\u00fd tlak.<\/p>\n<\/div>\n\t\t\t\t<\/div>\n\t\t\t\t\t\t\t<div class=\"elementor-accordion-item\">\n\t\t\t\t\t<div id=\"elementor-tab-title-2086\" class=\"elementor-tab-title\" data-tab=\"6\" role=\"button\" aria-controls=\"elementor-tab-content-2086\" aria-expanded=\"false\">\n\t\t\t\t\t\t\t\t\t\t\t\t\t<span class=\"elementor-accordion-icon elementor-accordion-icon-left\" aria-hidden=\"true\">\n\t\t\t\t\t\t\t\t\t\t\t\t\t\t\t<span class=\"elementor-accordion-icon-closed\"><i class=\"fas fa-plus\"><\/i><\/span>\n\t\t\t\t\t\t\t\t<span class=\"elementor-accordion-icon-opened\"><i class=\"fas fa-minus\"><\/i><\/span>\n\t\t\t\t\t\t\t\t\t\t\t\t\t\t<\/span>\n\t\t\t\t\t\t\t\t\t\t\t\t<a class=\"elementor-accordion-title\" tabindex=\"0\">Diagram vrstev<\/a>\n\t\t\t\t\t<\/div>\n\t\t\t\t\t<div id=\"elementor-tab-content-2086\" class=\"elementor-tab-content elementor-clearfix\" data-tab=\"6\" role=\"region\" aria-labelledby=\"elementor-tab-title-2086\"><\/div>\n\t\t\t\t<\/div>\n\t\t\t\t\t\t\t<div class=\"elementor-accordion-item\">\n\t\t\t\t\t<div id=\"elementor-tab-title-2087\" class=\"elementor-tab-title\" data-tab=\"7\" role=\"button\" aria-controls=\"elementor-tab-content-2087\" aria-expanded=\"false\">\n\t\t\t\t\t\t\t\t\t\t\t\t\t<span class=\"elementor-accordion-icon elementor-accordion-icon-left\" aria-hidden=\"true\">\n\t\t\t\t\t\t\t\t\t\t\t\t\t\t\t<span class=\"elementor-accordion-icon-closed\"><i class=\"fas fa-plus\"><\/i><\/span>\n\t\t\t\t\t\t\t\t<span class=\"elementor-accordion-icon-opened\"><i class=\"fas fa-minus\"><\/i><\/span>\n\t\t\t\t\t\t\t\t\t\t\t\t\t\t<\/span>\n\t\t\t\t\t\t\t\t\t\t\t\t<a class=\"elementor-accordion-title\" tabindex=\"0\">Frekvence v\u00fdm\u011bny<\/a>\n\t\t\t\t\t<\/div>\n\t\t\t\t\t<div id=\"elementor-tab-content-2087\" class=\"elementor-tab-content elementor-clearfix\" data-tab=\"7\" role=\"region\" aria-labelledby=\"elementor-tab-title-2087\"><\/div>\n\t\t\t\t<\/div>\n\t\t\t\t\t\t\t<div class=\"elementor-accordion-item\">\n\t\t\t\t\t<div id=\"elementor-tab-title-2088\" class=\"elementor-tab-title\" data-tab=\"8\" role=\"button\" aria-controls=\"elementor-tab-content-2088\" aria-expanded=\"false\">\n\t\t\t\t\t\t\t\t\t\t\t\t\t<span class=\"elementor-accordion-icon elementor-accordion-icon-left\" aria-hidden=\"true\">\n\t\t\t\t\t\t\t\t\t\t\t\t\t\t\t<span class=\"elementor-accordion-icon-closed\"><i class=\"fas fa-plus\"><\/i><\/span>\n\t\t\t\t\t\t\t\t<span class=\"elementor-accordion-icon-opened\"><i class=\"fas fa-minus\"><\/i><\/span>\n\t\t\t\t\t\t\t\t\t\t\t\t\t\t<\/span>\n\t\t\t\t\t\t\t\t\t\t\t\t<a class=\"elementor-accordion-title\" tabindex=\"0\">Jak to funguje?<\/a>\n\t\t\t\t\t<\/div>\n\t\t\t\t\t<div id=\"elementor-tab-content-2088\" class=\"elementor-tab-content elementor-clearfix\" data-tab=\"8\" role=\"region\" aria-labelledby=\"elementor-tab-title-2088\"><\/div>\n\t\t\t\t<\/div>\n\t\t\t\t\t\t\t<div class=\"elementor-accordion-item\">\n\t\t\t\t\t<div id=\"elementor-tab-title-2089\" class=\"elementor-tab-title\" data-tab=\"9\" role=\"button\" aria-controls=\"elementor-tab-content-2089\" aria-expanded=\"false\">\n\t\t\t\t\t\t\t\t\t\t\t\t\t<span class=\"elementor-accordion-icon elementor-accordion-icon-left\" aria-hidden=\"true\">\n\t\t\t\t\t\t\t\t\t\t\t\t\t\t\t<span class=\"elementor-accordion-icon-closed\"><i class=\"fas fa-plus\"><\/i><\/span>\n\t\t\t\t\t\t\t\t<span class=\"elementor-accordion-icon-opened\"><i class=\"fas fa-minus\"><\/i><\/span>\n\t\t\t\t\t\t\t\t\t\t\t\t\t\t<\/span>\n\t\t\t\t\t\t\t\t\t\t\t\t<a class=\"elementor-accordion-title\" tabindex=\"0\">\u017divotnost<\/a>\n\t\t\t\t\t<\/div>\n\t\t\t\t\t<div id=\"elementor-tab-content-2089\" class=\"elementor-tab-content elementor-clearfix\" data-tab=\"9\" role=\"region\" aria-labelledby=\"elementor-tab-title-2089\"><p>5 let.<\/p>\n<\/div>\n\t\t\t\t<\/div>\n\t\t\t\t\t\t\t\t<\/div>\n\t\t\t\t\t\t<\/div>\n\t\t\t\t<\/div>\n\t\t\t\t\t<\/div>\n\t\t<\/div>\n\t\t\t\t\t<\/div>\n\t\t<\/section>\n\t\t\t\t<\/div>\n\t\t                        <\/div>\n                    <\/div>\n                                    <div class=\"tab-pane elementkit-tab-pane elementor-repeater-item-9b61f69\" id=\"content-9b61f6969f01e9151672\" role=\"tabpanel\"\n                         aria-labelledby=\"content-9b61f6969f01e9151672-tab\">\n                        <div class=\"animated fadeIn\">\n                            <p class=\"translation-block\">U kompresn\u00edch band\u00e1\u017e\u00ed na norm\u00e1ln\u011b tvarovan\u00e9 noze se obvod nohy postupn\u011b\nzv\u011bt\u0161uje od kotn\u00edku sm\u011brem ke koleni. Vhodn\u00fd obvaz p\u0159ilo\u017een\u00fd na norm\u00e1ln\u011b tvarovanou nohu\nspir\u00e1lovou technikou a se stejn\u00fdm nap\u011btim vytvo\u0159\u00ed odstup\u0148ovanou kompresi.\n\u010cetnost opakovan\u00e9ho pou\u017ei\udbc0\udda1 obvazu z\u00e1vis\u00ed na n\u011bkolika faktorech, v\u010detn\u011b:\n- Zm\u011bny pr\u016fm\u011bru nohy v d\u016fsledku sn\u00ed\u017een\u00ed otoku.\n- Stavu l\u016f\u017eka r\u00e1ny \u00darovn\u011b exsud\u00e1tu Stavu k\u016f\u017ee.\n- \u00darovn\u011b fyzick\u00e9 aktivity pacienta.\n- Typu prim\u00e1rn\u00ed aplikace, nap\u0159. algin\u00e1t, hydrokoloid, pokud je pou\u017eit, m\u016f\u017ee rovn\u011b\u017e vy\u017eadovat\n\u010dast\u011bj\u0161\u00ed kontrolu a v\u00fdm\u011bnu aplikace. Pokud jsou v\u0161echny tyto faktory vhodn\u011b o\u0161et\u0159eny a jsou\nspln\u011bny vhodn\u00e9 podm\u00ednky, je mo\u017en\u00e9 ponechat obvaz na noze a\u017e 7 dn\u00ed.<\/p>                        <\/div>\n                    <\/div>\n                                    <div class=\"tab-pane elementkit-tab-pane elementor-repeater-item-23affad\" id=\"content-23affad69f01e9151672\" role=\"tabpanel\"\n                         aria-labelledby=\"content-23affad69f01e9151672-tab\">\n                        <div class=\"animated fadeIn\">\n                            <p>\u00a0<\/p><table><tbody><tr><td width=\"131\"><p><strong>Elastic Plaster <\/strong><\/p><\/td><td width=\"114\"><p><strong>Sizes <\/strong><\/p><\/td><td width=\"107\"><p><strong>Pieces \/Boxes<\/strong><\/p><\/td><td width=\"104\"><p><strong>Boxes\/Case <\/strong><\/p><\/td><\/tr><tr><td width=\"131\"><p>ELAST254500<\/p><\/td><td width=\"114\"><p>2.5cmX4.50 m<\/p><\/td><td width=\"107\"><p>1<\/p><\/td><td width=\"104\"><p>400<\/p><\/td><\/tr><tr><td width=\"131\"><p>ELAST504500<\/p><\/td><td width=\"114\"><p>5cmX4.50 m<\/p><\/td><td width=\"107\"><p>1<\/p><\/td><td width=\"104\"><p>200<\/p><\/td><\/tr><tr><td width=\"131\"><p>ELAST754500<\/p><\/td><td width=\"114\"><p>7.5cmX4.50 m<\/p><\/td><td width=\"107\"><p>1<\/p><\/td><td width=\"104\"><p>150<\/p><\/td><\/tr><tr><td width=\"131\"><p>ELAST1004500<\/p><\/td><td width=\"114\"><p>10cmX4.50 m<\/p><\/td><td width=\"107\"><p>1<\/p><\/td><td width=\"104\"><p>100<\/p><\/td><\/tr><tr><td width=\"131\"><p>ELAST1504500<\/p><\/td><td width=\"114\"><p>15cmx4.50m<\/p><\/td><td width=\"107\"><p>1<\/p><\/td><td width=\"104\"><p>75<\/p><\/td><\/tr><tr><td width=\"131\"><p>ELAST2004500<\/p><\/td><td width=\"114\"><p>20cmx4.50m<\/p><\/td><td width=\"107\"><p>1<\/p><\/td><td width=\"104\"><p>50<\/p><\/td><\/tr><tr><td width=\"131\"><p>ELAST3004500<\/p><\/td><td width=\"114\"><p>30cmx4.50m<\/p><\/td><td width=\"107\"><p>1<\/p><\/td><td width=\"104\"><p>50<\/p><\/td><\/tr><tr><td width=\"131\"><p>ELAST252500<\/p><\/td><td width=\"114\"><p>2.5cmx2.5m<\/p><\/td><td width=\"107\"><p>1<\/p><\/td><td width=\"104\"><p>400<\/p><\/td><\/tr><tr><td width=\"131\"><p>ELAST302500<\/p><\/td><td width=\"114\"><p>3cmx2.5m<\/p><\/td><td width=\"107\"><p>1<\/p><\/td><td width=\"104\"><p>400<\/p><\/td><\/tr><tr><td width=\"131\"><p>ELAST602500<\/p><\/td><td width=\"114\"><p>6cmx2.5m<\/p><\/td><td width=\"107\"><p>1<\/p><\/td><td width=\"104\"><p>200<\/p><\/td><\/tr><tr><td width=\"131\"><p>ELAST802500<\/p><\/td><td width=\"114\"><p>8cmx2.5m<\/p><\/td><td width=\"107\"><p>1<\/p><\/td><td width=\"104\"><p>100<\/p><\/td><\/tr><tr><td width=\"131\"><p>ELAST502500<\/p><\/td><td width=\"114\"><p>5cmx2.5m<\/p><\/td><td width=\"107\"><p>1<\/p><\/td><td width=\"104\"><p>200<\/p><\/td><\/tr><tr><td width=\"131\"><p>ELAST752500<\/p><\/td><td width=\"114\"><p>7.5cmx2.5m<\/p><\/td><td width=\"107\"><p>1<\/p><\/td><td width=\"104\"><p>150<\/p><\/td><\/tr><tr><td width=\"131\"><p>ELAST1002500<\/p><\/td><td width=\"114\"><p>10cmx2.5m<\/p><\/td><td width=\"107\"><p>1<\/p><\/td><td width=\"104\"><p>100<\/p><\/td><\/tr><tr><td width=\"131\"><p>ELAST1502500<\/p><\/td><td width=\"114\"><p>15cmx2.5m<\/p><\/td><td width=\"107\"><p>1<\/p><\/td><td width=\"104\"><p>75<\/p><\/td><\/tr><tr><td width=\"131\"><p>ELAST2002500<\/p><\/td><td width=\"114\"><p>20cmx2.5m<\/p><\/td><td width=\"107\"><p>1<\/p><\/td><td width=\"104\"><p>50<\/p><\/td><\/tr><tr><td width=\"131\"><p>ELAST3002500<\/p><\/td><td width=\"114\"><p>30cmx2.5m<\/p><\/td><td width=\"107\"><p>1<\/p><\/td><td width=\"104\"><p>50<\/p><\/td><\/tr><\/tbody><\/table><p>Jin\u00e9 velikosti jsou k dispozici na vy\u017e\u00e1d\u00e1n\u00ed.<\/p><p><img decoding=\"async\" class=\"aligncenter\" src=\"https:\/\/pharmaplast-online.net\/wp-content\/uploads\/Wound_Care\/table_of_sizes\/En\/Elastic_Plaster.png \" alt=\"\" \/><\/p>                        <\/div>\n                    <\/div>\n                                    <div class=\"tab-pane elementkit-tab-pane elementor-repeater-item-9882644\" id=\"content-988264469f01e9151672\" role=\"tabpanel\"\n                         aria-labelledby=\"content-988264469f01e9151672-tab\">\n                        <div class=\"animated fadeIn\">\n                            <p><a href=\"https:\/\/pharmaplast-online.net\/wp-content\/uploads\/2024\/10\/Compression-Bandages-Brochure.pdf\">Compression Bandages Brochure<\/a><\/p><p><img decoding=\"async\" class=\"alignnone wp-image-17145\" src=\"https:\/\/pharmaplast-online.net\/wp-content\/uploads\/2024\/10\/pdf_4726010-300x300.png\" alt=\"\" width=\"47\" height=\"47\" srcset=\"https:\/\/pharmaplast-online.net\/wp-content\/uploads\/2024\/10\/pdf_4726010-300x300.png 300w, https:\/\/pharmaplast-online.net\/wp-content\/uploads\/2024\/10\/pdf_4726010-150x150.png 150w, https:\/\/pharmaplast-online.net\/wp-content\/uploads\/2024\/10\/pdf_4726010-12x12.png 12w, https:\/\/pharmaplast-online.net\/wp-content\/uploads\/2024\/10\/pdf_4726010-24x24.png 24w, https:\/\/pharmaplast-online.net\/wp-content\/uploads\/2024\/10\/pdf_4726010-36x36.png 36w, https:\/\/pharmaplast-online.net\/wp-content\/uploads\/2024\/10\/pdf_4726010-48x48.png 48w, https:\/\/pharmaplast-online.net\/wp-content\/uploads\/2024\/10\/pdf_4726010-100x100.png 100w, https:\/\/pharmaplast-online.net\/wp-content\/uploads\/2024\/10\/pdf_4726010.png 512w\" sizes=\"(max-width: 47px) 100vw, 47px\" \/><\/p>                        <\/div>\n                    <\/div>\n                                \n            <\/div>\n                    <\/div>\n    <\/div>\t\t\t\t<\/div>\n\t\t\t\t<\/div>\n\t\t\t\t\t<\/div>\n\t\t<\/div>\n\t\t\t\t\t<\/div>\n\t\t<\/section>\n\t\t\t\t<\/div>","protected":false},"excerpt":{"rendered":"<p>Strong cotton Elastic adhesive Bandage delivers higher compression pressure.<\/p>","protected":false},"featured_media":16611,"comment_status":"open","ping_status":"closed","template":"","meta":[],"product_brand":[],"product_cat":[259,250,255],"product_tag":[],"class_list":{"0":"post-7864","1":"product","2":"type-product","3":"status-publish","4":"has-post-thumbnail","6":"product_cat-elastic-adhesive-eab","7":"product_cat-medical-adhesive-tapes","8":"product_cat-sports-tapes","9":"new","11":"first","12":"instock","13":"shipping-taxable","14":"product-type-simple"},"acf":[],"_links":{"self":[{"href":"https:\/\/pharmaplast-online.net\/cs\/wp-json\/wp\/v2\/product\/7864","targetHints":{"allow":["GET"]}}],"collection":[{"href":"https:\/\/pharmaplast-online.net\/cs\/wp-json\/wp\/v2\/product"}],"about":[{"href":"https:\/\/pharmaplast-online.net\/cs\/wp-json\/wp\/v2\/types\/product"}],"replies":[{"embeddable":true,"href":"https:\/\/pharmaplast-online.net\/cs\/wp-json\/wp\/v2\/comments?post=7864"}],"version-history":[{"count":21,"href":"https:\/\/pharmaplast-online.net\/cs\/wp-json\/wp\/v2\/product\/7864\/revisions"}],"predecessor-version":[{"id":23603,"href":"https:\/\/pharmaplast-online.net\/cs\/wp-json\/wp\/v2\/product\/7864\/revisions\/23603"}],"wp:featuredmedia":[{"embeddable":true,"href":"https:\/\/pharmaplast-online.net\/cs\/wp-json\/wp\/v2\/media\/16611"}],"wp:attachment":[{"href":"https:\/\/pharmaplast-online.net\/cs\/wp-json\/wp\/v2\/media?parent=7864"}],"wp:term":[{"taxonomy":"product_brand","embeddable":true,"href":"https:\/\/pharmaplast-online.net\/cs\/wp-json\/wp\/v2\/product_brand?post=7864"},{"taxonomy":"product_cat","embeddable":true,"href":"https:\/\/pharmaplast-online.net\/cs\/wp-json\/wp\/v2\/product_cat?post=7864"},{"taxonomy":"product_tag","embeddable":true,"href":"https:\/\/pharmaplast-online.net\/cs\/wp-json\/wp\/v2\/product_tag?post=7864"}],"curies":[{"name":"wp","href":"https:\/\/api.w.org\/{rel}","templated":true}]}}