{"id":7875,"date":"2022-12-15T12:21:34","date_gmt":"2022-12-15T12:21:34","guid":{"rendered":"https:\/\/pharmaplast.mediagate-egy.com\/?post_type=product&#038;p=7875"},"modified":"2025-12-01T20:52:58","modified_gmt":"2025-12-01T20:52:58","slug":"vendapress","status":"publish","type":"product","link":"https:\/\/pharmaplast-online.net\/cs\/produkt\/vendapress\/","title":{"rendered":"Vendapress"},"content":{"rendered":"<div data-elementor-type=\"wp-post\" data-elementor-id=\"7875\" class=\"elementor elementor-7875\" data-elementor-post-type=\"product\">\n\t\t\t\t\t\t<section class=\"elementor-section elementor-top-section elementor-element elementor-element-7e4819a elementor-section-boxed elementor-section-height-default elementor-section-height-default qodef-elementor-content-no\" data-id=\"7e4819a\" data-element_type=\"section\" data-e-type=\"section\" data-settings=\"{&quot;ekit_has_onepagescroll_dot&quot;:&quot;yes&quot;}\">\n\t\t\t\t\t\t<div class=\"elementor-container elementor-column-gap-default\">\n\t\t\t\t\t<div class=\"elementor-column elementor-col-100 elementor-top-column elementor-element elementor-element-0d87eef\" data-id=\"0d87eef\" data-element_type=\"column\" data-e-type=\"column\">\n\t\t\t<div class=\"elementor-widget-wrap elementor-element-populated\">\n\t\t\t\t\t\t<div class=\"elementor-element elementor-element-60305e2 elementor-widget elementor-widget-elementskit-simple-tab\" data-id=\"60305e2\" data-element_type=\"widget\" data-e-type=\"widget\" data-settings=\"{&quot;ekit_we_effect_on&quot;:&quot;none&quot;}\" data-widget_type=\"elementskit-simple-tab.default\">\n\t\t\t\t<div class=\"elementor-widget-container\">\n\t\t\t\t\t<div class=\"ekit-wid-con\" >        <div class=\"elementkit-tab-wraper\">\n            <ul class=\"nav nav-tabs elementkit-tab-nav  elementskit-fullwidth-tab\">\n                                    <li class=\"elementkit-nav-item elementor-repeater-item-d0363a9\">\n                        <a class=\"elementkit-nav-link  active show left-pos\" id=\"content-d0363a969e59229e2cea-tab\" data-ekit-handler-id=\"product-info\" data-ekit-toggle=\"tab\" data-target=\"#content-d0363a969e59229e2cea\" href=\"#Content-d0363a969e59229e2cea\"\n                            data-ekit-toggle-trigger=\"click\"\n                            aria-describedby=\"Content-d0363a969e59229e2cea\">\n                            <span class=\"elementskit-tab-icon\"><\/span>                            <span class=\"elementskit-tab-title\">Informace o Produktu<\/span>\n                        <\/a>\n                    <\/li>\n                                        <li class=\"elementkit-nav-item elementor-repeater-item-9b61f69\">\n                        <a class=\"elementkit-nav-link  left-pos\" id=\"content-9b61f6969e59229e2cea-tab\" data-ekit-handler-id=\"how-to-use\" data-ekit-toggle=\"tab\" data-target=\"#content-9b61f6969e59229e2cea\" href=\"#Content-9b61f6969e59229e2cea\"\n                            data-ekit-toggle-trigger=\"click\"\n                            aria-describedby=\"Content-9b61f6969e59229e2cea\">\n                            <span class=\"elementskit-tab-icon\"><\/span>                            <span class=\"elementskit-tab-title\">N\u00e1vod k pou\u017eit\u00ed<\/span>\n                        <\/a>\n                    <\/li>\n                                        <li class=\"elementkit-nav-item elementor-repeater-item-23affad\">\n                        <a class=\"elementkit-nav-link  left-pos\" id=\"content-23affad69e59229e2cea-tab\" data-ekit-handler-id=\"sizes-codes\" data-ekit-toggle=\"tab\" data-target=\"#content-23affad69e59229e2cea\" href=\"#Content-23affad69e59229e2cea\"\n                            data-ekit-toggle-trigger=\"click\"\n                            aria-describedby=\"Content-23affad69e59229e2cea\">\n                            <span class=\"elementskit-tab-icon\"><\/span>                            <span class=\"elementskit-tab-title\">Velikosti a K\u00f3dy<\/span>\n                        <\/a>\n                    <\/li>\n                                        <li class=\"elementkit-nav-item elementor-repeater-item-9882644\">\n                        <a class=\"elementkit-nav-link  left-pos\" id=\"content-988264469e59229e2cea-tab\" data-ekit-handler-id=\"downloads\" data-ekit-toggle=\"tab\" data-target=\"#content-988264469e59229e2cea\" href=\"#Content-988264469e59229e2cea\"\n                            data-ekit-toggle-trigger=\"click\"\n                            aria-describedby=\"Content-988264469e59229e2cea\">\n                            <span class=\"elementskit-tab-icon\"><\/span>                            <span class=\"elementskit-tab-title\">Sta\u017een\u00ed<\/span>\n                        <\/a>\n                    <\/li>\n                                <\/ul>\n\n            <div class=\"tab-content elementkit-tab-content\">\n                                    <div class=\"tab-pane elementkit-tab-pane elementor-repeater-item-d0363a9  active show\" id=\"content-d0363a969e59229e2cea\" role=\"tabpanel\"\n                         aria-labelledby=\"content-d0363a969e59229e2cea-tab\">\n                        <div class=\"animated fadeIn\">\n                            <h3>Informace o Produktu<\/h3>\t\t<div data-elementor-type=\"section\" data-elementor-id=\"8585\" class=\"elementor elementor-8585\" data-elementor-post-type=\"elementor_library\">\n\t\t\t\t\t<section class=\"elementor-section elementor-top-section elementor-element elementor-element-3c9a5a4 elementor-section-boxed elementor-section-height-default elementor-section-height-default qodef-elementor-content-no\" data-id=\"3c9a5a4\" data-element_type=\"section\" data-e-type=\"section\" data-settings=\"{&quot;ekit_has_onepagescroll_dot&quot;:&quot;yes&quot;}\">\n\t\t\t\t\t\t<div class=\"elementor-container elementor-column-gap-default\">\n\t\t\t\t\t<div class=\"elementor-column elementor-col-100 elementor-top-column elementor-element elementor-element-8fd3e15\" data-id=\"8fd3e15\" data-element_type=\"column\" data-e-type=\"column\">\n\t\t\t<div class=\"elementor-widget-wrap elementor-element-populated\">\n\t\t\t\t\t\t<div class=\"elementor-element elementor-element-c6fd92e elementor-widget elementor-widget-accordion\" data-id=\"c6fd92e\" data-element_type=\"widget\" data-e-type=\"widget\" data-settings=\"{&quot;ekit_we_effect_on&quot;:&quot;none&quot;}\" data-widget_type=\"accordion.default\">\n\t\t\t\t<div class=\"elementor-widget-container\">\n\t\t\t\t\t\t\t<div class=\"elementor-accordion\">\n\t\t\t\t\t\t\t<div class=\"elementor-accordion-item\">\n\t\t\t\t\t<div id=\"elementor-tab-title-2081\" class=\"elementor-tab-title\" data-tab=\"1\" role=\"button\" aria-controls=\"elementor-tab-content-2081\" aria-expanded=\"false\">\n\t\t\t\t\t\t\t\t\t\t\t\t\t<span class=\"elementor-accordion-icon elementor-accordion-icon-left\" aria-hidden=\"true\">\n\t\t\t\t\t\t\t\t\t\t\t\t\t\t\t<span class=\"elementor-accordion-icon-closed\"><i class=\"fas fa-plus\"><\/i><\/span>\n\t\t\t\t\t\t\t\t<span class=\"elementor-accordion-icon-opened\"><i class=\"fas fa-minus\"><\/i><\/span>\n\t\t\t\t\t\t\t\t\t\t\t\t\t\t<\/span>\n\t\t\t\t\t\t\t\t\t\t\t\t<a class=\"elementor-accordion-title\" tabindex=\"0\">Popis<\/a>\n\t\t\t\t\t<\/div>\n\t\t\t\t\t<div id=\"elementor-tab-content-2081\" class=\"elementor-tab-content elementor-clearfix\" data-tab=\"1\" role=\"region\" aria-labelledby=\"elementor-tab-title-2081\"><div class=\"su-spoiler su-spoiler-style-default su-spoiler-icon-plus\" data-scroll-offset=\"0\" data-anchor-in-url=\"no\">\n<div class=\"su-spoiler-content su-u-clearfix su-u-trim\">\n<p class=\"translation-block\"><p><strong>Vendapress<sup>\u00ae<\/sup><\/strong> Nonwoven Cohesive Bandage je \u00fasporn\u00fd samolepic\u00ed obvaz kombinuj\u00edc\u00ed silnou a pru\u017enou netkanou l\u00e1tku s latexov\u00fdm povrchem pro soudr\u017enost.<\/p><\/p>\n<\/div>\n<\/div>\n<div class=\"su-accordion su-u-trim\">\n<div class=\"su-spoiler su-spoiler-style-default su-spoiler-icon-plus su-spoiler-closed\" data-scroll-offset=\"0\" data-anchor-in-url=\"no\">\n<div class=\"su-spoiler-title\" role=\"button\"><\/div>\n<\/div>\n<\/div>\n<\/div>\n\t\t\t\t<\/div>\n\t\t\t\t\t\t\t<div class=\"elementor-accordion-item\">\n\t\t\t\t\t<div id=\"elementor-tab-title-2082\" class=\"elementor-tab-title\" data-tab=\"2\" role=\"button\" aria-controls=\"elementor-tab-content-2082\" aria-expanded=\"false\">\n\t\t\t\t\t\t\t\t\t\t\t\t\t<span class=\"elementor-accordion-icon elementor-accordion-icon-left\" aria-hidden=\"true\">\n\t\t\t\t\t\t\t\t\t\t\t\t\t\t\t<span class=\"elementor-accordion-icon-closed\"><i class=\"fas fa-plus\"><\/i><\/span>\n\t\t\t\t\t\t\t\t<span class=\"elementor-accordion-icon-opened\"><i class=\"fas fa-minus\"><\/i><\/span>\n\t\t\t\t\t\t\t\t\t\t\t\t\t\t<\/span>\n\t\t\t\t\t\t\t\t\t\t\t\t<a class=\"elementor-accordion-title\" tabindex=\"0\">Vlastnosti<\/a>\n\t\t\t\t\t<\/div>\n\t\t\t\t\t<div id=\"elementor-tab-content-2082\" class=\"elementor-tab-content elementor-clearfix\" data-tab=\"2\" role=\"region\" aria-labelledby=\"elementor-tab-title-2082\"><div class=\"su-spoiler-content su-u-clearfix su-u-trim\">\n<p>&nbsp;<\/p>\n<p class=\"translation-block\"><ul>\n<li>Zachov\u00e1v\u00e1 st\u00e1lou kompresi a p\u0159i pou\u017eit\u00ed se neposunuje.<a href=\"https:\/\/pharmaplast-online.net\/wp-content\/uploads\/Wound_Care\/Products\/vendapress\/vendapress_03.png\"><img class=\"wp-image-3924 alignright\" title=\"vendapress_03\" src=\"https:\/\/pharmaplast-online.net\/wp-content\/uploads\/Wound_Care\/Products\/vendapress\/vendapress_03-300x300.png\" alt=\"\" width=\"202\" height=\"202\"><\/a><\/li>\n<li>P\u0159ilep\u00ed se s\u00e1m k sob\u011b \u2013 sponky \u010di \u0161pendl\u00edky nejsou zapot\u0159eb\u00ed.<\/li>\n<li>Snadno se utrhne rukou \u2013 n\u016f\u017eky nejsou zapot\u0159eb\u00ed.<\/li>\n<li>Pohodln\u00fd p\u0159i pohybu \u2013 p\u0159izp\u016fsob\u00ed se slo\u017eit\u011bj\u0161\u00edm kontur\u00e1m t\u011bla.<\/li>\n<li>Lehk\u00fd a por\u00e9zn\u00ed pro pohodl\u00ed a prody\u0161nost.<\/li>\n<li>Snadn\u00e1 aplikace i odstran\u011bn\u00ed \u2013 skv\u011bl\u00e1 alternativa n\u00e1plasti.<\/li>\n<li>Vysoce kvalitn\u00ed lepic\u00ed obvaz, kter\u00fd se lep\u00ed s\u00e1m na sebe a nikdy na k\u016f\u017ei nebo vlasy a p\u0159i jeho pou\u017eit\u00ed nejsou zapot\u0159eb\u00ed \u0161pendl\u00edky, sponky nebo n\u00e1plasti.<\/li>\n<\/ul><\/p>\n<div class=\"su-spoiler-content su-u-clearfix su-u-trim\">\n<ul>\n<li>Podp\u016frn\u00fd z\u00e1bal na v\u00fdrony a namo\u017een\u00ed.<\/li>\n<li>Zajist\u011bte za\u0159\u00edzen\u00ed nebo hadi\u010dky.<\/li>\n<li>Kompresn\u00ed obvaz.<\/li>\n<li>P\u0159ebal na dlahy.<\/li>\n<li>P\u0159ebal pro prim\u00e1rn\u00ed obvazy.<\/li>\n<\/ul>\n<\/div>\n<\/div>\n<\/div>\n\t\t\t\t<\/div>\n\t\t\t\t\t\t\t<div class=\"elementor-accordion-item\">\n\t\t\t\t\t<div id=\"elementor-tab-title-2083\" class=\"elementor-tab-title\" data-tab=\"3\" role=\"button\" aria-controls=\"elementor-tab-content-2083\" aria-expanded=\"false\">\n\t\t\t\t\t\t\t\t\t\t\t\t\t<span class=\"elementor-accordion-icon elementor-accordion-icon-left\" aria-hidden=\"true\">\n\t\t\t\t\t\t\t\t\t\t\t\t\t\t\t<span class=\"elementor-accordion-icon-closed\"><i class=\"fas fa-plus\"><\/i><\/span>\n\t\t\t\t\t\t\t\t<span class=\"elementor-accordion-icon-opened\"><i class=\"fas fa-minus\"><\/i><\/span>\n\t\t\t\t\t\t\t\t\t\t\t\t\t\t<\/span>\n\t\t\t\t\t\t\t\t\t\t\t\t<a class=\"elementor-accordion-title\" tabindex=\"0\">Ur\u010den\u00e9 Pou\u017eit\u00ed<\/a>\n\t\t\t\t\t<\/div>\n\t\t\t\t\t<div id=\"elementor-tab-content-2083\" class=\"elementor-tab-content elementor-clearfix\" data-tab=\"3\" role=\"region\" aria-labelledby=\"elementor-tab-title-2083\"><p>\u2022 Reduced pro-inflammatory cytokines resulting in an anti-inflammatory effect, reducing pain and promoting wound healing.<br \/>\n\u2022 Reduced oedema allows for normal shoe wear and participation in normal Activities of Daily Living, improving quality of life.<br \/>\n\u2022 Securing a primary dressing.<br \/>\n\u2022 Limbs and joints that require support.<\/p>\n<\/div>\n\t\t\t\t<\/div>\n\t\t\t\t\t\t\t<div class=\"elementor-accordion-item\">\n\t\t\t\t\t<div id=\"elementor-tab-title-2084\" class=\"elementor-tab-title\" data-tab=\"4\" role=\"button\" aria-controls=\"elementor-tab-content-2084\" aria-expanded=\"false\">\n\t\t\t\t\t\t\t\t\t\t\t\t\t<span class=\"elementor-accordion-icon elementor-accordion-icon-left\" aria-hidden=\"true\">\n\t\t\t\t\t\t\t\t\t\t\t\t\t\t\t<span class=\"elementor-accordion-icon-closed\"><i class=\"fas fa-plus\"><\/i><\/span>\n\t\t\t\t\t\t\t\t<span class=\"elementor-accordion-icon-opened\"><i class=\"fas fa-minus\"><\/i><\/span>\n\t\t\t\t\t\t\t\t\t\t\t\t\t\t<\/span>\n\t\t\t\t\t\t\t\t\t\t\t\t<a class=\"elementor-accordion-title\" tabindex=\"0\">Kontraindikace<\/a>\n\t\t\t\t\t<\/div>\n\t\t\t\t\t<div id=\"elementor-tab-content-2084\" class=\"elementor-tab-content elementor-clearfix\" data-tab=\"4\" role=\"region\" aria-labelledby=\"elementor-tab-title-2084\"><p>Compression Therapy should be used with caution and under direct medical supervision in skin conditions .<\/p>\n<\/div>\n\t\t\t\t<\/div>\n\t\t\t\t\t\t\t<div class=\"elementor-accordion-item\">\n\t\t\t\t\t<div id=\"elementor-tab-title-2085\" class=\"elementor-tab-title\" data-tab=\"5\" role=\"button\" aria-controls=\"elementor-tab-content-2085\" aria-expanded=\"false\">\n\t\t\t\t\t\t\t\t\t\t\t\t\t<span class=\"elementor-accordion-icon elementor-accordion-icon-left\" aria-hidden=\"true\">\n\t\t\t\t\t\t\t\t\t\t\t\t\t\t\t<span class=\"elementor-accordion-icon-closed\"><i class=\"fas fa-plus\"><\/i><\/span>\n\t\t\t\t\t\t\t\t<span class=\"elementor-accordion-icon-opened\"><i class=\"fas fa-minus\"><\/i><\/span>\n\t\t\t\t\t\t\t\t\t\t\t\t\t\t<\/span>\n\t\t\t\t\t\t\t\t\t\t\t\t<a class=\"elementor-accordion-title\" tabindex=\"0\">Preventivn\u00ed opat\u0159en\u00ed<\/a>\n\t\t\t\t\t<\/div>\n\t\t\t\t\t<div id=\"elementor-tab-content-2085\" class=\"elementor-tab-content elementor-clearfix\" data-tab=\"5\" role=\"region\" aria-labelledby=\"elementor-tab-title-2085\"><p>When bandaging your hand, take the following precautions to ensure a smooth healing process:<br \/>\n\u2022 Avoid pulling the bandage tight. If you make the bandage too tight, it will cut off circulation in your hand. To check if it\u2019s too tight, squeeze one of your fingernails and count to five. The colour should return to your fingernail within two seconds. If it doesn\u2019t, you should loosen it.<br \/>\n\u2022 Wrap beyond the site of the injury. Wrapping the areas surrounding the injury helps to ensure pressure is applied evenly.<\/p>\n<\/div>\n\t\t\t\t<\/div>\n\t\t\t\t\t\t\t<div class=\"elementor-accordion-item\">\n\t\t\t\t\t<div id=\"elementor-tab-title-2086\" class=\"elementor-tab-title\" data-tab=\"6\" role=\"button\" aria-controls=\"elementor-tab-content-2086\" aria-expanded=\"false\">\n\t\t\t\t\t\t\t\t\t\t\t\t\t<span class=\"elementor-accordion-icon elementor-accordion-icon-left\" aria-hidden=\"true\">\n\t\t\t\t\t\t\t\t\t\t\t\t\t\t\t<span class=\"elementor-accordion-icon-closed\"><i class=\"fas fa-plus\"><\/i><\/span>\n\t\t\t\t\t\t\t\t<span class=\"elementor-accordion-icon-opened\"><i class=\"fas fa-minus\"><\/i><\/span>\n\t\t\t\t\t\t\t\t\t\t\t\t\t\t<\/span>\n\t\t\t\t\t\t\t\t\t\t\t\t<a class=\"elementor-accordion-title\" tabindex=\"0\">Diagram vrstev<\/a>\n\t\t\t\t\t<\/div>\n\t\t\t\t\t<div id=\"elementor-tab-content-2086\" class=\"elementor-tab-content elementor-clearfix\" data-tab=\"6\" role=\"region\" aria-labelledby=\"elementor-tab-title-2086\"><\/div>\n\t\t\t\t<\/div>\n\t\t\t\t\t\t\t<div class=\"elementor-accordion-item\">\n\t\t\t\t\t<div id=\"elementor-tab-title-2087\" class=\"elementor-tab-title\" data-tab=\"7\" role=\"button\" aria-controls=\"elementor-tab-content-2087\" aria-expanded=\"false\">\n\t\t\t\t\t\t\t\t\t\t\t\t\t<span class=\"elementor-accordion-icon elementor-accordion-icon-left\" aria-hidden=\"true\">\n\t\t\t\t\t\t\t\t\t\t\t\t\t\t\t<span class=\"elementor-accordion-icon-closed\"><i class=\"fas fa-plus\"><\/i><\/span>\n\t\t\t\t\t\t\t\t<span class=\"elementor-accordion-icon-opened\"><i class=\"fas fa-minus\"><\/i><\/span>\n\t\t\t\t\t\t\t\t\t\t\t\t\t\t<\/span>\n\t\t\t\t\t\t\t\t\t\t\t\t<a class=\"elementor-accordion-title\" tabindex=\"0\">Frekvence v\u00fdm\u011bny<\/a>\n\t\t\t\t\t<\/div>\n\t\t\t\t\t<div id=\"elementor-tab-content-2087\" class=\"elementor-tab-content elementor-clearfix\" data-tab=\"7\" role=\"region\" aria-labelledby=\"elementor-tab-title-2087\"><\/div>\n\t\t\t\t<\/div>\n\t\t\t\t\t\t\t<div class=\"elementor-accordion-item\">\n\t\t\t\t\t<div id=\"elementor-tab-title-2088\" class=\"elementor-tab-title\" data-tab=\"8\" role=\"button\" aria-controls=\"elementor-tab-content-2088\" aria-expanded=\"false\">\n\t\t\t\t\t\t\t\t\t\t\t\t\t<span class=\"elementor-accordion-icon elementor-accordion-icon-left\" aria-hidden=\"true\">\n\t\t\t\t\t\t\t\t\t\t\t\t\t\t\t<span class=\"elementor-accordion-icon-closed\"><i class=\"fas fa-plus\"><\/i><\/span>\n\t\t\t\t\t\t\t\t<span class=\"elementor-accordion-icon-opened\"><i class=\"fas fa-minus\"><\/i><\/span>\n\t\t\t\t\t\t\t\t\t\t\t\t\t\t<\/span>\n\t\t\t\t\t\t\t\t\t\t\t\t<a class=\"elementor-accordion-title\" tabindex=\"0\">Jak to funguje?<\/a>\n\t\t\t\t\t<\/div>\n\t\t\t\t\t<div id=\"elementor-tab-content-2088\" class=\"elementor-tab-content elementor-clearfix\" data-tab=\"8\" role=\"region\" aria-labelledby=\"elementor-tab-title-2088\"><\/div>\n\t\t\t\t<\/div>\n\t\t\t\t\t\t\t<div class=\"elementor-accordion-item\">\n\t\t\t\t\t<div id=\"elementor-tab-title-2089\" class=\"elementor-tab-title\" data-tab=\"9\" role=\"button\" aria-controls=\"elementor-tab-content-2089\" aria-expanded=\"false\">\n\t\t\t\t\t\t\t\t\t\t\t\t\t<span class=\"elementor-accordion-icon elementor-accordion-icon-left\" aria-hidden=\"true\">\n\t\t\t\t\t\t\t\t\t\t\t\t\t\t\t<span class=\"elementor-accordion-icon-closed\"><i class=\"fas fa-plus\"><\/i><\/span>\n\t\t\t\t\t\t\t\t<span class=\"elementor-accordion-icon-opened\"><i class=\"fas fa-minus\"><\/i><\/span>\n\t\t\t\t\t\t\t\t\t\t\t\t\t\t<\/span>\n\t\t\t\t\t\t\t\t\t\t\t\t<a class=\"elementor-accordion-title\" tabindex=\"0\">\u017divotnost<\/a>\n\t\t\t\t\t<\/div>\n\t\t\t\t\t<div id=\"elementor-tab-content-2089\" class=\"elementor-tab-content elementor-clearfix\" data-tab=\"9\" role=\"region\" aria-labelledby=\"elementor-tab-title-2089\"><\/div>\n\t\t\t\t<\/div>\n\t\t\t\t\t\t\t\t<\/div>\n\t\t\t\t\t\t<\/div>\n\t\t\t\t<\/div>\n\t\t\t\t\t<\/div>\n\t\t<\/div>\n\t\t\t\t\t<\/div>\n\t\t<\/section>\n\t\t\t\t<\/div>\n\t\t                        <\/div>\n                    <\/div>\n                                    <div class=\"tab-pane elementkit-tab-pane elementor-repeater-item-9b61f69\" id=\"content-9b61f6969e59229e2cea\" role=\"tabpanel\"\n                         aria-labelledby=\"content-9b61f6969e59229e2cea-tab\">\n                        <div class=\"animated fadeIn\">\n                            <p>For compression bandages, in a normal-shaped leg, the circumference of the leg gradually increases from the ankle up toward the knee. An appropriate bandage applied to a normal-shaped leg with a spiral technique and with the same tension will produce graduated compression. The frequency of reapplication of the bandage will depend on several factors including:<br \/>&#8211; Changes in the leg\u2019s diameter as a result of edema reduction.<br \/>&#8211; The condition of the wound bed Levels of exudate Skin condition.<br \/>&#8211; The patient\u2019s level of physical activity.<br \/>&#8211; The type of primary application, e.g. alginate, hydrocolloid, if one is used, may also necessitate a more frequent inspection and application change. It is possible to leave a bandage on a leg for up to 7 days when all these factors are appropriately addressed and suitable conditions are met.<\/p><p><strong>When to change the bandage:<\/strong><br \/>&#8211; As directed by the health care professional.<br \/>&#8211; When they Become dirty or wet.<br \/>Wash &amp; Reuse instruction: Wash the bandage in lukewarm water by hand. To prolong the life of the bandage DO<br \/>NOT scrub the bandage. Dry the bandage by laying it out flat on a clean surface. After the bandage has dried, roll the bandage as you would after using it. Be sure to smooth out all wrinkles. This is essential for re-bandaging. No ironing is required.<\/p>                        <\/div>\n                    <\/div>\n                                    <div class=\"tab-pane elementkit-tab-pane elementor-repeater-item-23affad\" id=\"content-23affad69e59229e2cea\" role=\"tabpanel\"\n                         aria-labelledby=\"content-23affad69e59229e2cea-tab\">\n                        <div class=\"animated fadeIn\">\n                            <table><tbody><tr><td width=\"131\"><p><strong>Vendapress<\/strong><\/p><\/td><td width=\"114\"><p><strong>Sizes <\/strong><\/p><\/td><td width=\"107\"><p><strong>Pieces \/Boxes<\/strong><\/p><\/td><td width=\"104\"><p><strong>Boxes\/Case <\/strong><\/p><\/td><\/tr><tr><td width=\"131\"><p><strong>VENDALF254500<\/strong><\/p><\/td><td width=\"114\"><p><strong>2.5x450cm<\/strong><\/p><\/td><td width=\"107\"><p>1<\/p><\/td><td width=\"104\"><p>48<\/p><\/td><\/tr><tr><td width=\"131\"><p><strong>VENDALF504500<\/strong><\/p><\/td><td width=\"114\"><p><strong>5x450cm<\/strong><\/p><\/td><td width=\"107\"><p>1<\/p><\/td><td width=\"104\"><p>48<\/p><\/td><\/tr><tr><td width=\"131\"><p><strong>VENDALF604500<\/strong><\/p><\/td><td width=\"114\"><p><strong>6x450cm<\/strong><\/p><\/td><td width=\"107\"><p>1<\/p><\/td><td width=\"104\"><p>48<\/p><\/td><\/tr><tr><td width=\"131\"><p><strong>VENDALF605000<\/strong><\/p><\/td><td width=\"114\"><p><strong>6x500cm<\/strong><\/p><\/td><td width=\"107\"><p>1<\/p><\/td><td width=\"104\"><p>48<\/p><\/td><\/tr><tr><td width=\"131\"><p><strong>VENDALF804500<\/strong><\/p><\/td><td width=\"114\"><p><strong>8x450cm<\/strong><\/p><\/td><td width=\"107\"><p>1<\/p><\/td><td width=\"104\"><p>48<\/p><\/td><\/tr><tr><td width=\"131\"><p><strong>VENDALF805000<\/strong><\/p><\/td><td width=\"114\"><p><strong>8x500cm<\/strong><\/p><\/td><td width=\"107\"><p>1<\/p><\/td><td width=\"104\"><p>48<\/p><\/td><\/tr><tr><td width=\"131\"><p><strong>VENDALF1204500<\/strong><\/p><\/td><td width=\"114\"><p><strong>12x450cm<\/strong><\/p><\/td><td width=\"107\"><p>1<\/p><\/td><td width=\"104\"><p>48<\/p><\/td><\/tr><tr><td width=\"131\"><p><strong>VENDALF754500<\/strong><\/p><\/td><td width=\"114\"><p><strong>7.5x450cm<\/strong><\/p><\/td><td width=\"107\"><p>1<\/p><\/td><td width=\"104\"><p>48<\/p><\/td><\/tr><tr><td width=\"131\"><p><strong>VENDALF1004500<\/strong><\/p><\/td><td width=\"114\"><p><strong>10x450cm<\/strong><\/p><\/td><td width=\"107\"><p>1<\/p><\/td><td width=\"104\"><p>48<\/p><\/td><\/tr><tr><td width=\"131\"><p><strong>VENDALF1205000<\/strong><\/p><\/td><td width=\"114\"><p><strong>12x500cm<\/strong><\/p><\/td><td width=\"107\"><p>1<\/p><\/td><td width=\"104\"><p>48<\/p><\/td><\/tr><tr><td width=\"131\"><p><strong>VENDALF255000<\/strong><\/p><\/td><td width=\"114\"><p><strong>2.5x500cm<\/strong><\/p><\/td><td width=\"107\"><p>1<\/p><\/td><td width=\"104\"><p>48<\/p><\/td><\/tr><tr><td width=\"131\"><p><strong>VENDALF505000<\/strong><\/p><\/td><td width=\"114\"><p><strong>5x500cm<\/strong><\/p><\/td><td width=\"107\"><p>1<\/p><\/td><td width=\"104\"><p>48<\/p><\/td><\/tr><tr><td width=\"131\"><p><strong>VENDALF755000<\/strong><\/p><\/td><td width=\"114\"><p><strong>7.5x500cm<\/strong><\/p><\/td><td width=\"107\"><p>1<\/p><\/td><td width=\"104\"><p>48<\/p><\/td><\/tr><tr><td width=\"131\"><p><strong>VENDALF1005000<\/strong><\/p><\/td><td width=\"114\"><p><strong>10x500cm<\/strong><\/p><\/td><td width=\"107\"><p>1<\/p><\/td><td width=\"104\"><p>48<\/p><\/td><\/tr><\/tbody><\/table><p>\u00a0<\/p><p>Jin\u00e9 velikosti jsou k dispozici na vy\u017e\u00e1d\u00e1n\u00ed.<\/p>                        <\/div>\n                    <\/div>\n                                    <div class=\"tab-pane elementkit-tab-pane elementor-repeater-item-9882644\" id=\"content-988264469e59229e2cea\" role=\"tabpanel\"\n                         aria-labelledby=\"content-988264469e59229e2cea-tab\">\n                        <div class=\"animated fadeIn\">\n                            <p><a href=\"https:\/\/pharmaplast-online.net\/wp-content\/uploads\/2024\/10\/Compression-Bandages-Brochure.pdf\">Compression Bandages Brochure<\/a><\/p><p><img decoding=\"async\" class=\"alignnone wp-image-17145\" src=\"https:\/\/pharmaplast-online.net\/wp-content\/uploads\/2024\/10\/pdf_4726010-300x300.png\" alt=\"\" width=\"47\" height=\"47\" srcset=\"https:\/\/pharmaplast-online.net\/wp-content\/uploads\/2024\/10\/pdf_4726010-300x300.png 300w, https:\/\/pharmaplast-online.net\/wp-content\/uploads\/2024\/10\/pdf_4726010-150x150.png 150w, https:\/\/pharmaplast-online.net\/wp-content\/uploads\/2024\/10\/pdf_4726010-12x12.png 12w, https:\/\/pharmaplast-online.net\/wp-content\/uploads\/2024\/10\/pdf_4726010-24x24.png 24w, https:\/\/pharmaplast-online.net\/wp-content\/uploads\/2024\/10\/pdf_4726010-36x36.png 36w, https:\/\/pharmaplast-online.net\/wp-content\/uploads\/2024\/10\/pdf_4726010-48x48.png 48w, https:\/\/pharmaplast-online.net\/wp-content\/uploads\/2024\/10\/pdf_4726010-100x100.png 100w, https:\/\/pharmaplast-online.net\/wp-content\/uploads\/2024\/10\/pdf_4726010.png 512w\" sizes=\"(max-width: 47px) 100vw, 47px\" \/><\/p>                        <\/div>\n                    <\/div>\n                                \n            <\/div>\n                    <\/div>\n    <\/div>\t\t\t\t<\/div>\n\t\t\t\t<\/div>\n\t\t\t\t\t<\/div>\n\t\t<\/div>\n\t\t\t\t\t<\/div>\n\t\t<\/section>\n\t\t\t\t<\/div>","protected":false},"excerpt":{"rendered":"<p>Self-Adhering, Elastic Nonwoven Cohesive Bandage<\/p>","protected":false},"featured_media":16615,"comment_status":"open","ping_status":"closed","template":"","meta":[],"product_brand":[],"product_cat":[256,250,255],"product_tag":[],"class_list":{"0":"post-7875","1":"product","2":"type-product","3":"status-publish","4":"has-post-thumbnail","6":"product_cat-cohesive","7":"product_cat-medical-adhesive-tapes","8":"product_cat-sports-tapes","9":"new","11":"first","12":"instock","13":"shipping-taxable","14":"product-type-simple"},"acf":[],"_links":{"self":[{"href":"https:\/\/pharmaplast-online.net\/cs\/wp-json\/wp\/v2\/product\/7875","targetHints":{"allow":["GET"]}}],"collection":[{"href":"https:\/\/pharmaplast-online.net\/cs\/wp-json\/wp\/v2\/product"}],"about":[{"href":"https:\/\/pharmaplast-online.net\/cs\/wp-json\/wp\/v2\/types\/product"}],"replies":[{"embeddable":true,"href":"https:\/\/pharmaplast-online.net\/cs\/wp-json\/wp\/v2\/comments?post=7875"}],"version-history":[{"count":30,"href":"https:\/\/pharmaplast-online.net\/cs\/wp-json\/wp\/v2\/product\/7875\/revisions"}],"predecessor-version":[{"id":23642,"href":"https:\/\/pharmaplast-online.net\/cs\/wp-json\/wp\/v2\/product\/7875\/revisions\/23642"}],"wp:featuredmedia":[{"embeddable":true,"href":"https:\/\/pharmaplast-online.net\/cs\/wp-json\/wp\/v2\/media\/16615"}],"wp:attachment":[{"href":"https:\/\/pharmaplast-online.net\/cs\/wp-json\/wp\/v2\/media?parent=7875"}],"wp:term":[{"taxonomy":"product_brand","embeddable":true,"href":"https:\/\/pharmaplast-online.net\/cs\/wp-json\/wp\/v2\/product_brand?post=7875"},{"taxonomy":"product_cat","embeddable":true,"href":"https:\/\/pharmaplast-online.net\/cs\/wp-json\/wp\/v2\/product_cat?post=7875"},{"taxonomy":"product_tag","embeddable":true,"href":"https:\/\/pharmaplast-online.net\/cs\/wp-json\/wp\/v2\/product_tag?post=7875"}],"curies":[{"name":"wp","href":"https:\/\/api.w.org\/{rel}","templated":true}]}}