{"id":7941,"date":"2022-12-15T15:00:19","date_gmt":"2022-12-15T15:00:19","guid":{"rendered":"https:\/\/pharmaplast.mediagate-egy.com\/?post_type=product&#038;p=7941"},"modified":"2024-12-15T18:25:11","modified_gmt":"2024-12-15T18:25:11","slug":"pharmaband-skin-traction-kit","status":"publish","type":"product","link":"https:\/\/pharmaplast-online.net\/cs\/produkt\/pharmaband-skin-traction-kit\/","title":{"rendered":"PharmaBand Skin Traction Kit"},"content":{"rendered":"<div data-elementor-type=\"wp-post\" data-elementor-id=\"7941\" class=\"elementor elementor-7941\" data-elementor-post-type=\"product\">\n\t\t\t\t\t\t<section class=\"elementor-section elementor-top-section elementor-element elementor-element-a4a3457 elementor-section-boxed elementor-section-height-default elementor-section-height-default qodef-elementor-content-no\" data-id=\"a4a3457\" data-element_type=\"section\" data-e-type=\"section\" data-settings=\"{&quot;ekit_has_onepagescroll_dot&quot;:&quot;yes&quot;}\">\n\t\t\t\t\t\t<div class=\"elementor-container elementor-column-gap-default\">\n\t\t\t\t\t<div class=\"elementor-column elementor-col-100 elementor-top-column elementor-element elementor-element-5df0b08\" data-id=\"5df0b08\" data-element_type=\"column\" data-e-type=\"column\">\n\t\t\t<div class=\"elementor-widget-wrap elementor-element-populated\">\n\t\t\t\t\t\t<div class=\"elementor-element elementor-element-407ea97 elementor-widget elementor-widget-elementskit-simple-tab\" data-id=\"407ea97\" data-element_type=\"widget\" data-e-type=\"widget\" data-settings=\"{&quot;ekit_we_effect_on&quot;:&quot;none&quot;}\" data-widget_type=\"elementskit-simple-tab.default\">\n\t\t\t\t<div class=\"elementor-widget-container\">\n\t\t\t\t\t<div class=\"ekit-wid-con\" >        <div class=\"elementkit-tab-wraper\">\n            <ul class=\"nav nav-tabs elementkit-tab-nav  elementskit-fullwidth-tab\">\n                                    <li class=\"elementkit-nav-item elementor-repeater-item-d0363a9\">\n                        <a class=\"elementkit-nav-link  active show left-pos\" id=\"content-d0363a969f2c2f75c51a-tab\" data-ekit-handler-id=\"product-info\" data-ekit-toggle=\"tab\" data-target=\"#content-d0363a969f2c2f75c51a\" href=\"#Content-d0363a969f2c2f75c51a\"\n                            data-ekit-toggle-trigger=\"click\"\n                            aria-describedby=\"Content-d0363a969f2c2f75c51a\">\n                            <span class=\"elementskit-tab-icon\"><\/span>                            <span class=\"elementskit-tab-title\">Informace o Produktu<\/span>\n                        <\/a>\n                    <\/li>\n                                        <li class=\"elementkit-nav-item elementor-repeater-item-9b61f69\">\n                        <a class=\"elementkit-nav-link  left-pos\" id=\"content-9b61f6969f2c2f75c51a-tab\" data-ekit-handler-id=\"how-to-use\" data-ekit-toggle=\"tab\" data-target=\"#content-9b61f6969f2c2f75c51a\" href=\"#Content-9b61f6969f2c2f75c51a\"\n                            data-ekit-toggle-trigger=\"click\"\n                            aria-describedby=\"Content-9b61f6969f2c2f75c51a\">\n                            <span class=\"elementskit-tab-icon\"><\/span>                            <span class=\"elementskit-tab-title\">N\u00e1vod k pou\u017eit\u00ed<\/span>\n                        <\/a>\n                    <\/li>\n                                        <li class=\"elementkit-nav-item elementor-repeater-item-23affad\">\n                        <a class=\"elementkit-nav-link  left-pos\" id=\"content-23affad69f2c2f75c51a-tab\" data-ekit-handler-id=\"sizes-codes\" data-ekit-toggle=\"tab\" data-target=\"#content-23affad69f2c2f75c51a\" href=\"#Content-23affad69f2c2f75c51a\"\n                            data-ekit-toggle-trigger=\"click\"\n                            aria-describedby=\"Content-23affad69f2c2f75c51a\">\n                            <span class=\"elementskit-tab-icon\"><\/span>                            <span class=\"elementskit-tab-title\">Velikosti a K\u00f3dy<\/span>\n                        <\/a>\n                    <\/li>\n                                        <li class=\"elementkit-nav-item elementor-repeater-item-8f1af40\">\n                        <a class=\"elementkit-nav-link  left-pos\" id=\"content-8f1af4069f2c2f75c51a-tab\" data-ekit-handler-id=\"downloads\" data-ekit-toggle=\"tab\" data-target=\"#content-8f1af4069f2c2f75c51a\" href=\"#Content-8f1af4069f2c2f75c51a\"\n                            data-ekit-toggle-trigger=\"click\"\n                            aria-describedby=\"Content-8f1af4069f2c2f75c51a\">\n                            <span class=\"elementskit-tab-icon\"><\/span>                            <span class=\"elementskit-tab-title\">Sta\u017een\u00ed<\/span>\n                        <\/a>\n                    <\/li>\n                                <\/ul>\n\n            <div class=\"tab-content elementkit-tab-content\">\n                                    <div class=\"tab-pane elementkit-tab-pane elementor-repeater-item-d0363a9  active show\" id=\"content-d0363a969f2c2f75c51a\" role=\"tabpanel\"\n                         aria-labelledby=\"content-d0363a969f2c2f75c51a-tab\">\n                        <div class=\"animated fadeIn\">\n                            <h3>Informace o Produktu<\/h3>\t\t<div data-elementor-type=\"section\" data-elementor-id=\"8585\" class=\"elementor elementor-8585\" data-elementor-post-type=\"elementor_library\">\n\t\t\t\t\t<section class=\"elementor-section elementor-top-section elementor-element elementor-element-3c9a5a4 elementor-section-boxed elementor-section-height-default elementor-section-height-default qodef-elementor-content-no\" data-id=\"3c9a5a4\" data-element_type=\"section\" data-e-type=\"section\" data-settings=\"{&quot;ekit_has_onepagescroll_dot&quot;:&quot;yes&quot;}\">\n\t\t\t\t\t\t<div class=\"elementor-container elementor-column-gap-default\">\n\t\t\t\t\t<div class=\"elementor-column elementor-col-100 elementor-top-column elementor-element elementor-element-8fd3e15\" data-id=\"8fd3e15\" data-element_type=\"column\" data-e-type=\"column\">\n\t\t\t<div class=\"elementor-widget-wrap elementor-element-populated\">\n\t\t\t\t\t\t<div class=\"elementor-element elementor-element-c6fd92e elementor-widget elementor-widget-accordion\" data-id=\"c6fd92e\" data-element_type=\"widget\" data-e-type=\"widget\" data-settings=\"{&quot;ekit_we_effect_on&quot;:&quot;none&quot;}\" data-widget_type=\"accordion.default\">\n\t\t\t\t<div class=\"elementor-widget-container\">\n\t\t\t\t\t\t\t<div class=\"elementor-accordion\">\n\t\t\t\t\t\t\t<div class=\"elementor-accordion-item\">\n\t\t\t\t\t<div id=\"elementor-tab-title-2081\" class=\"elementor-tab-title\" data-tab=\"1\" role=\"button\" aria-controls=\"elementor-tab-content-2081\" aria-expanded=\"false\">\n\t\t\t\t\t\t\t\t\t\t\t\t\t<span class=\"elementor-accordion-icon elementor-accordion-icon-left\" aria-hidden=\"true\">\n\t\t\t\t\t\t\t\t\t\t\t\t\t\t\t<span class=\"elementor-accordion-icon-closed\"><i class=\"fas fa-plus\"><\/i><\/span>\n\t\t\t\t\t\t\t\t<span class=\"elementor-accordion-icon-opened\"><i class=\"fas fa-minus\"><\/i><\/span>\n\t\t\t\t\t\t\t\t\t\t\t\t\t\t<\/span>\n\t\t\t\t\t\t\t\t\t\t\t\t<a class=\"elementor-accordion-title\" tabindex=\"0\">Popis<\/a>\n\t\t\t\t\t<\/div>\n\t\t\t\t\t<div id=\"elementor-tab-content-2081\" class=\"elementor-tab-content elementor-clearfix\" data-tab=\"1\" role=\"region\" aria-labelledby=\"elementor-tab-title-2081\"><p><span style=\"font-size: medium\"><span style=\"font-size: medium\">Souprava p\u0159ipraven\u00e1 k pou\u017eit\u00ed nab\u00edz\u00ed neinvazivn\u00ed trakci neoperovan\u00fdch fraktur nebo kon\u010detin po operaci. Jej\u00ed sou\u010d\u00e1st\u00ed je v\u0161e pot\u0159ebn\u00e9 pro bezpe\u010dnou aplikaci trval\u00e9 podpory trakce a je vhodn\u00e1 pro pou\u017eit\u00ed s celou \u0161k\u00e1lou trak\u010dn\u00edch metod.<\/span><\/span><\/p>\n<\/div>\n\t\t\t\t<\/div>\n\t\t\t\t\t\t\t<div class=\"elementor-accordion-item\">\n\t\t\t\t\t<div id=\"elementor-tab-title-2082\" class=\"elementor-tab-title\" data-tab=\"2\" role=\"button\" aria-controls=\"elementor-tab-content-2082\" aria-expanded=\"false\">\n\t\t\t\t\t\t\t\t\t\t\t\t\t<span class=\"elementor-accordion-icon elementor-accordion-icon-left\" aria-hidden=\"true\">\n\t\t\t\t\t\t\t\t\t\t\t\t\t\t\t<span class=\"elementor-accordion-icon-closed\"><i class=\"fas fa-plus\"><\/i><\/span>\n\t\t\t\t\t\t\t\t<span class=\"elementor-accordion-icon-opened\"><i class=\"fas fa-minus\"><\/i><\/span>\n\t\t\t\t\t\t\t\t\t\t\t\t\t\t<\/span>\n\t\t\t\t\t\t\t\t\t\t\t\t<a class=\"elementor-accordion-title\" tabindex=\"0\">Vlastnosti<\/a>\n\t\t\t\t\t<\/div>\n\t\t\t\t\t<div id=\"elementor-tab-content-2082\" class=\"elementor-tab-content elementor-clearfix\" data-tab=\"2\" role=\"region\" aria-labelledby=\"elementor-tab-title-2082\"><div class=\"su-spoiler-content su-u-clearfix su-u-trim\">\n<ul>\n<li><span style=\"font-size: medium\"><span style=\"font-size: medium\">Vysok\u00e1 \u00fa\u010dinnost elastick\u00e9ho obinadla zesiluje dr\u017een\u00ed a pom\u00e1h\u00e1 efektivn\u00ed trakci.<\/span><\/span><\/li>\n<li><span style=\"font-size: medium\"><span style=\"font-size: medium\">Vysok\u00e9 vyhov\u011bn\u00ed n\u00e1rok\u016fm na jednoduchou aplikaci.<\/span><\/span><\/li>\n<li><span style=\"font-size: medium\"><span style=\"font-size: medium\">Dobr\u00e9 charakteristiky t\u0159en\u00ed k\u016f\u017ee.<\/span><\/span><\/li>\n<li><span style=\"font-size: medium\"><span style=\"font-size: medium\">N\u00edzk\u00e1 alergick\u00e1 p\u0159ilnavost.<\/span>\n\n<span style=\"font-size: medium\">Prody\u0161n\u00e1 p\u011bnov\u00e1 v\u00fdstelka, kter\u00e1 tlum\u00ed a ochra\u0148uje kostn\u00ed v\u00fd\u010dn\u011blky.<\/span><\/span><\/li>\n<li><span style=\"font-size: medium\"><span style=\"font-size: medium\">K dispozici ve dvou velikostech (dosp\u011bl\u00ed a d\u011bti).<\/span><\/span><\/li>\n<\/ul>\n<\/div>\n<\/div>\n\t\t\t\t<\/div>\n\t\t\t\t\t\t\t<div class=\"elementor-accordion-item\">\n\t\t\t\t\t<div id=\"elementor-tab-title-2083\" class=\"elementor-tab-title\" data-tab=\"3\" role=\"button\" aria-controls=\"elementor-tab-content-2083\" aria-expanded=\"false\">\n\t\t\t\t\t\t\t\t\t\t\t\t\t<span class=\"elementor-accordion-icon elementor-accordion-icon-left\" aria-hidden=\"true\">\n\t\t\t\t\t\t\t\t\t\t\t\t\t\t\t<span class=\"elementor-accordion-icon-closed\"><i class=\"fas fa-plus\"><\/i><\/span>\n\t\t\t\t\t\t\t\t<span class=\"elementor-accordion-icon-opened\"><i class=\"fas fa-minus\"><\/i><\/span>\n\t\t\t\t\t\t\t\t\t\t\t\t\t\t<\/span>\n\t\t\t\t\t\t\t\t\t\t\t\t<a class=\"elementor-accordion-title\" tabindex=\"0\">Ur\u010den\u00e9 Pou\u017eit\u00ed<\/a>\n\t\t\t\t\t<\/div>\n\t\t\t\t\t<div id=\"elementor-tab-content-2083\" class=\"elementor-tab-content elementor-clearfix\" data-tab=\"3\" role=\"region\" aria-labelledby=\"elementor-tab-title-2083\"><div class=\"su-spoiler-content su-u-clearfix su-u-trim\">\n<ul>\n<li><span style=\"font-size: medium\"><span style=\"font-size: medium\">Souprava pro ko\u017en\u00ed trakci se pou\u017e\u00edv\u00e1 pro vytvo\u0159en\u00ed a udr\u017een\u00ed vyrovn\u00e1n\u00ed kost\u00ed v p\u0159\u00edpad\u011b fraktury nebo dislokace. Pou\u017e\u00edv\u00e1 se tak\u00e9 pro n\u00e1pravu m\u00edrn\u00e9 deformace.<\/span><\/span><\/li>\n<li><span style=\"font-size: medium\">N\u00edzkoalergick\u00e1 adhezivn\u00ed souprava pro tah na k\u016f\u017ei pro dlouhodobou efektivn\u00ed trakci.<\/span><\/li>\n<\/ul>\n<\/div>\n<\/div>\n\t\t\t\t<\/div>\n\t\t\t\t\t\t\t<div class=\"elementor-accordion-item\">\n\t\t\t\t\t<div id=\"elementor-tab-title-2084\" class=\"elementor-tab-title\" data-tab=\"4\" role=\"button\" aria-controls=\"elementor-tab-content-2084\" aria-expanded=\"false\">\n\t\t\t\t\t\t\t\t\t\t\t\t\t<span class=\"elementor-accordion-icon elementor-accordion-icon-left\" aria-hidden=\"true\">\n\t\t\t\t\t\t\t\t\t\t\t\t\t\t\t<span class=\"elementor-accordion-icon-closed\"><i class=\"fas fa-plus\"><\/i><\/span>\n\t\t\t\t\t\t\t\t<span class=\"elementor-accordion-icon-opened\"><i class=\"fas fa-minus\"><\/i><\/span>\n\t\t\t\t\t\t\t\t\t\t\t\t\t\t<\/span>\n\t\t\t\t\t\t\t\t\t\t\t\t<a class=\"elementor-accordion-title\" tabindex=\"0\">Kontraindikace<\/a>\n\t\t\t\t\t<\/div>\n\t\t\t\t\t<div id=\"elementor-tab-content-2084\" class=\"elementor-tab-content elementor-clearfix\" data-tab=\"4\" role=\"region\" aria-labelledby=\"elementor-tab-title-2084\"><div class=\"su-spoiler-content su-u-clearfix su-u-trim\">\n<p><span style=\"font-size: medium\"><p><span style=\"font-size: medium\">Soupravu pro ko\u017en\u00ed trakci nepou\u017e\u00edvejte na k\u016f\u017ei, na kter\u00e9 jsou od\u011brky, tr\u017en\u00e9 r\u00e1ny, chirurgick\u00e9 r\u00e1ny, v\u0159edy, u pacient\u016f se ztr\u00e1tou citu nebo ischemickou chorobou doln\u00edch kon\u010detin.<\/span><\/p><\/span><\/p>\n<\/div>\n<\/div>\n\t\t\t\t<\/div>\n\t\t\t\t\t\t\t<div class=\"elementor-accordion-item\">\n\t\t\t\t\t<div id=\"elementor-tab-title-2085\" class=\"elementor-tab-title\" data-tab=\"5\" role=\"button\" aria-controls=\"elementor-tab-content-2085\" aria-expanded=\"false\">\n\t\t\t\t\t\t\t\t\t\t\t\t\t<span class=\"elementor-accordion-icon elementor-accordion-icon-left\" aria-hidden=\"true\">\n\t\t\t\t\t\t\t\t\t\t\t\t\t\t\t<span class=\"elementor-accordion-icon-closed\"><i class=\"fas fa-plus\"><\/i><\/span>\n\t\t\t\t\t\t\t\t<span class=\"elementor-accordion-icon-opened\"><i class=\"fas fa-minus\"><\/i><\/span>\n\t\t\t\t\t\t\t\t\t\t\t\t\t\t<\/span>\n\t\t\t\t\t\t\t\t\t\t\t\t<a class=\"elementor-accordion-title\" tabindex=\"0\">Preventivn\u00ed opat\u0159en\u00ed<\/a>\n\t\t\t\t\t<\/div>\n\t\t\t\t\t<div id=\"elementor-tab-content-2085\" class=\"elementor-tab-content elementor-clearfix\" data-tab=\"5\" role=\"region\" aria-labelledby=\"elementor-tab-title-2085\"><\/div>\n\t\t\t\t<\/div>\n\t\t\t\t\t\t\t<div class=\"elementor-accordion-item\">\n\t\t\t\t\t<div id=\"elementor-tab-title-2086\" class=\"elementor-tab-title\" data-tab=\"6\" role=\"button\" aria-controls=\"elementor-tab-content-2086\" aria-expanded=\"false\">\n\t\t\t\t\t\t\t\t\t\t\t\t\t<span class=\"elementor-accordion-icon elementor-accordion-icon-left\" aria-hidden=\"true\">\n\t\t\t\t\t\t\t\t\t\t\t\t\t\t\t<span class=\"elementor-accordion-icon-closed\"><i class=\"fas fa-plus\"><\/i><\/span>\n\t\t\t\t\t\t\t\t<span class=\"elementor-accordion-icon-opened\"><i class=\"fas fa-minus\"><\/i><\/span>\n\t\t\t\t\t\t\t\t\t\t\t\t\t\t<\/span>\n\t\t\t\t\t\t\t\t\t\t\t\t<a class=\"elementor-accordion-title\" tabindex=\"0\">Diagram vrstev<\/a>\n\t\t\t\t\t<\/div>\n\t\t\t\t\t<div id=\"elementor-tab-content-2086\" class=\"elementor-tab-content elementor-clearfix\" data-tab=\"6\" role=\"region\" aria-labelledby=\"elementor-tab-title-2086\"><\/div>\n\t\t\t\t<\/div>\n\t\t\t\t\t\t\t<div class=\"elementor-accordion-item\">\n\t\t\t\t\t<div id=\"elementor-tab-title-2087\" class=\"elementor-tab-title\" data-tab=\"7\" role=\"button\" aria-controls=\"elementor-tab-content-2087\" aria-expanded=\"false\">\n\t\t\t\t\t\t\t\t\t\t\t\t\t<span class=\"elementor-accordion-icon elementor-accordion-icon-left\" aria-hidden=\"true\">\n\t\t\t\t\t\t\t\t\t\t\t\t\t\t\t<span class=\"elementor-accordion-icon-closed\"><i class=\"fas fa-plus\"><\/i><\/span>\n\t\t\t\t\t\t\t\t<span class=\"elementor-accordion-icon-opened\"><i class=\"fas fa-minus\"><\/i><\/span>\n\t\t\t\t\t\t\t\t\t\t\t\t\t\t<\/span>\n\t\t\t\t\t\t\t\t\t\t\t\t<a class=\"elementor-accordion-title\" tabindex=\"0\">Frekvence v\u00fdm\u011bny<\/a>\n\t\t\t\t\t<\/div>\n\t\t\t\t\t<div id=\"elementor-tab-content-2087\" class=\"elementor-tab-content elementor-clearfix\" data-tab=\"7\" role=\"region\" aria-labelledby=\"elementor-tab-title-2087\"><\/div>\n\t\t\t\t<\/div>\n\t\t\t\t\t\t\t<div class=\"elementor-accordion-item\">\n\t\t\t\t\t<div id=\"elementor-tab-title-2088\" class=\"elementor-tab-title\" data-tab=\"8\" role=\"button\" aria-controls=\"elementor-tab-content-2088\" aria-expanded=\"false\">\n\t\t\t\t\t\t\t\t\t\t\t\t\t<span class=\"elementor-accordion-icon elementor-accordion-icon-left\" aria-hidden=\"true\">\n\t\t\t\t\t\t\t\t\t\t\t\t\t\t\t<span class=\"elementor-accordion-icon-closed\"><i class=\"fas fa-plus\"><\/i><\/span>\n\t\t\t\t\t\t\t\t<span class=\"elementor-accordion-icon-opened\"><i class=\"fas fa-minus\"><\/i><\/span>\n\t\t\t\t\t\t\t\t\t\t\t\t\t\t<\/span>\n\t\t\t\t\t\t\t\t\t\t\t\t<a class=\"elementor-accordion-title\" tabindex=\"0\">Jak to funguje?<\/a>\n\t\t\t\t\t<\/div>\n\t\t\t\t\t<div id=\"elementor-tab-content-2088\" class=\"elementor-tab-content elementor-clearfix\" data-tab=\"8\" role=\"region\" aria-labelledby=\"elementor-tab-title-2088\"><\/div>\n\t\t\t\t<\/div>\n\t\t\t\t\t\t\t<div class=\"elementor-accordion-item\">\n\t\t\t\t\t<div id=\"elementor-tab-title-2089\" class=\"elementor-tab-title\" data-tab=\"9\" role=\"button\" aria-controls=\"elementor-tab-content-2089\" aria-expanded=\"false\">\n\t\t\t\t\t\t\t\t\t\t\t\t\t<span class=\"elementor-accordion-icon elementor-accordion-icon-left\" aria-hidden=\"true\">\n\t\t\t\t\t\t\t\t\t\t\t\t\t\t\t<span class=\"elementor-accordion-icon-closed\"><i class=\"fas fa-plus\"><\/i><\/span>\n\t\t\t\t\t\t\t\t<span class=\"elementor-accordion-icon-opened\"><i class=\"fas fa-minus\"><\/i><\/span>\n\t\t\t\t\t\t\t\t\t\t\t\t\t\t<\/span>\n\t\t\t\t\t\t\t\t\t\t\t\t<a class=\"elementor-accordion-title\" tabindex=\"0\">\u017divotnost<\/a>\n\t\t\t\t\t<\/div>\n\t\t\t\t\t<div id=\"elementor-tab-content-2089\" class=\"elementor-tab-content elementor-clearfix\" data-tab=\"9\" role=\"region\" aria-labelledby=\"elementor-tab-title-2089\"><\/div>\n\t\t\t\t<\/div>\n\t\t\t\t\t\t\t\t<\/div>\n\t\t\t\t\t\t<\/div>\n\t\t\t\t<\/div>\n\t\t\t\t\t<\/div>\n\t\t<\/div>\n\t\t\t\t\t<\/div>\n\t\t<\/section>\n\t\t\t\t<\/div>\n\t\t                        <\/div>\n                    <\/div>\n                                    <div class=\"tab-pane elementkit-tab-pane elementor-repeater-item-9b61f69\" id=\"content-9b61f6969f2c2f75c51a\" role=\"tabpanel\"\n                         aria-labelledby=\"content-9b61f6969f2c2f75c51a-tab\">\n                        <div class=\"animated fadeIn\">\n                            <p><img decoding=\"async\" class=\"aligncenter\" src=\"https:\/\/pharmaplast-online.net\/wp-content\/uploads\/Wound_Care\/how_to_use\/En\/Cure-Aid_Skin_Traction_Kit.png \" alt=\"\" \/><\/p><ol><li style=\"list-style-type: none;\"><ol><li><span style=\"font-size: medium;\"><span style=\"font-size: medium\">P\u0159ed aplikac\u00ed omyjte kon\u010detinu vodou a m\u00fddlem, poko\u017eka by m\u011bla b\u00fdt pot\u0159ena jodovou tinkturou.<\/span><\/span><\/li><li><span style=\"font-size: medium;\"><span style=\"font-size: medium\">Adhezivn\u00ed popruh je p\u0159ilo\u017een k vnit\u0159n\u00ed stran\u011b nohy, p\u0159\u00edmo pod kolenem a rozvinut tak, aby umo\u017enil um\u00edst\u011bn\u00ed p\u011bny do malleol\u00e1rn\u00ed oblasti a podp\u011brky pod patu. Potom je popruh aplikov\u00e1n na vn\u011bj\u0161\u00ed stranu nohy.<\/span><\/span><\/li><li><span style=\"font-size: medium;\"><span style=\"font-size: medium\">P\u0159i aplikaci popruh\u016f se mus\u00ed zabr\u00e1nit tvorb\u011b z\u00e1hyb\u016f a zk\u0159\u00ed\u017een\u00ed, kter\u00e9 by zp\u016fsobovaly otlaky k\u016f\u017ee. Pokud dojde k tvorb\u011b z\u00e1hyb\u016f, mus\u00ed se zvednout, od\u0159\u00edznout a p\u0159ekr\u00fdt.<\/span><\/span><\/li><li><span style=\"font-size: medium;\"><span style=\"font-size: medium\">Spir\u00e1lov\u011b omotejte elastick\u00e9 obinadlo, v polovin\u011b jej p\u0159ekr\u00fdvejte.<\/span><\/span><\/li><\/ol><\/li><\/ol>                        <\/div>\n                    <\/div>\n                                    <div class=\"tab-pane elementkit-tab-pane elementor-repeater-item-23affad\" id=\"content-23affad69f2c2f75c51a\" role=\"tabpanel\"\n                         aria-labelledby=\"content-23affad69f2c2f75c51a-tab\">\n                        <div class=\"animated fadeIn\">\n                            <p>\u00a0<\/p><table><tbody><tr><td width=\"108\"><p><strong>PharmaBand Skin Traction Kit \u00a0<\/strong><\/p><\/td><td width=\"132\"><p><strong>Sizes <\/strong><\/p><\/td><td width=\"88\"><p><strong>Rolls \/Boxes<\/strong><\/p><\/td><td width=\"108\"><p><strong>Boxes\/Case <\/strong><\/p><\/td><\/tr><tr><td width=\"108\"><p>TRACTIONADULT<\/p><\/td><td width=\"132\"><p>Adult<\/p><\/td><td width=\"88\"><p>1<\/p><\/td><td width=\"108\"><p>24<\/p><\/td><\/tr><tr><td width=\"108\"><p>TRACTIONCHILD<\/p><\/td><td width=\"132\"><p>Child<\/p><\/td><td width=\"88\"><p>1<\/p><\/td><td width=\"108\"><p>24<\/p><\/td><\/tr><\/tbody><\/table><p><img decoding=\"async\" class=\"aligncenter\" src=\"https:\/\/pharmaplast-online.net\/wp-content\/uploads\/Wound_Care\/table_of_sizes\/En\/Cure-Aid_Skin_Traction_Kit.png \" alt=\"\" \/><\/p>                        <\/div>\n                    <\/div>\n                                    <div class=\"tab-pane elementkit-tab-pane elementor-repeater-item-8f1af40\" id=\"content-8f1af4069f2c2f75c51a\" role=\"tabpanel\"\n                         aria-labelledby=\"content-8f1af4069f2c2f75c51a-tab\">\n                        <div class=\"animated fadeIn\">\n                            <p><a href=\"https:\/\/pharmaplast-online.net\/wp-content\/uploads\/2024\/10\/Skin-Traction-kit-brochure.pdf\">Skin Traction kit brochure<\/a><\/p><p><img decoding=\"async\" class=\"\" src=\"https:\/\/pharmaplast-online.net\/wp-content\/uploads\/2024\/10\/pdf_4726010-300x300.png\" width=\"32\" height=\"32\" \/><\/p>                        <\/div>\n                    <\/div>\n                                \n            <\/div>\n                    <\/div>\n    <\/div>\t\t\t\t<\/div>\n\t\t\t\t<\/div>\n\t\t\t\t\t<\/div>\n\t\t<\/div>\n\t\t\t\t\t<\/div>\n\t\t<\/section>\n\t\t\t\t<\/div>","protected":false},"excerpt":{"rendered":"<p>Product Info How to Use Sizes &#038; Codes Downloads Product Info Description Features Indications Contraindications Precautions Layer diagram Frequency of Change How does it work? Shelf Life Clean the limb with soap and water, prior to the application, the skin should be painted with friar\u2019s balsam (Tinct. Benz. co.) The adhesive strapping is applied to [&hellip;]<\/p>\n","protected":false},"featured_media":16635,"comment_status":"open","ping_status":"closed","template":"","meta":[],"product_brand":[],"product_cat":[398,401],"product_tag":[],"class_list":{"0":"post-7941","1":"product","2":"type-product","3":"status-publish","4":"has-post-thumbnail","6":"product_cat-casting-and-bandages","7":"product_cat-skin-traction-kit","8":"new","10":"first","11":"instock","12":"shipping-taxable","13":"product-type-simple"},"acf":[],"_links":{"self":[{"href":"https:\/\/pharmaplast-online.net\/cs\/wp-json\/wp\/v2\/product\/7941","targetHints":{"allow":["GET"]}}],"collection":[{"href":"https:\/\/pharmaplast-online.net\/cs\/wp-json\/wp\/v2\/product"}],"about":[{"href":"https:\/\/pharmaplast-online.net\/cs\/wp-json\/wp\/v2\/types\/product"}],"replies":[{"embeddable":true,"href":"https:\/\/pharmaplast-online.net\/cs\/wp-json\/wp\/v2\/comments?post=7941"}],"version-history":[{"count":27,"href":"https:\/\/pharmaplast-online.net\/cs\/wp-json\/wp\/v2\/product\/7941\/revisions"}],"predecessor-version":[{"id":18997,"href":"https:\/\/pharmaplast-online.net\/cs\/wp-json\/wp\/v2\/product\/7941\/revisions\/18997"}],"wp:featuredmedia":[{"embeddable":true,"href":"https:\/\/pharmaplast-online.net\/cs\/wp-json\/wp\/v2\/media\/16635"}],"wp:attachment":[{"href":"https:\/\/pharmaplast-online.net\/cs\/wp-json\/wp\/v2\/media?parent=7941"}],"wp:term":[{"taxonomy":"product_brand","embeddable":true,"href":"https:\/\/pharmaplast-online.net\/cs\/wp-json\/wp\/v2\/product_brand?post=7941"},{"taxonomy":"product_cat","embeddable":true,"href":"https:\/\/pharmaplast-online.net\/cs\/wp-json\/wp\/v2\/product_cat?post=7941"},{"taxonomy":"product_tag","embeddable":true,"href":"https:\/\/pharmaplast-online.net\/cs\/wp-json\/wp\/v2\/product_tag?post=7941"}],"curies":[{"name":"wp","href":"https:\/\/api.w.org\/{rel}","templated":true}]}}