{"id":7978,"date":"2022-12-15T15:54:31","date_gmt":"2022-12-15T15:54:31","guid":{"rendered":"https:\/\/pharmaplast.mediagate-egy.com\/?post_type=product&#038;p=7978"},"modified":"2026-03-10T09:30:22","modified_gmt":"2026-03-10T09:30:22","slug":"pharmatull-plus","status":"publish","type":"product","link":"https:\/\/pharmaplast-online.net\/cs\/produkt\/pharmatull-plus\/","title":{"rendered":"Pharmatull Plus\u00ae"},"content":{"rendered":"<div data-elementor-type=\"wp-post\" data-elementor-id=\"7978\" class=\"elementor elementor-7978\" data-elementor-post-type=\"product\">\n\t\t\t\t\t\t<section class=\"elementor-section elementor-top-section elementor-element elementor-element-d98e1a3 elementor-section-boxed elementor-section-height-default elementor-section-height-default qodef-elementor-content-no\" data-id=\"d98e1a3\" data-element_type=\"section\" data-e-type=\"section\" data-settings=\"{&quot;ekit_has_onepagescroll_dot&quot;:&quot;yes&quot;}\">\n\t\t\t\t\t\t<div class=\"elementor-container elementor-column-gap-default\">\n\t\t\t\t\t<div class=\"elementor-column elementor-col-100 elementor-top-column elementor-element elementor-element-7f63eb6\" data-id=\"7f63eb6\" data-element_type=\"column\" data-e-type=\"column\">\n\t\t\t<div class=\"elementor-widget-wrap elementor-element-populated\">\n\t\t\t\t\t\t<div class=\"elementor-element elementor-element-e6471a8 elementor-widget elementor-widget-elementskit-simple-tab\" data-id=\"e6471a8\" data-element_type=\"widget\" data-e-type=\"widget\" data-settings=\"{&quot;ekit_we_effect_on&quot;:&quot;none&quot;}\" data-widget_type=\"elementskit-simple-tab.default\">\n\t\t\t\t<div class=\"elementor-widget-container\">\n\t\t\t\t\t<div class=\"ekit-wid-con\" >        <div class=\"elementkit-tab-wraper\">\n            <ul class=\"nav nav-tabs elementkit-tab-nav  elementskit-fullwidth-tab\">\n                                    <li class=\"elementkit-nav-item elementor-repeater-item-d0363a9\">\n                        <a class=\"elementkit-nav-link  active show left-pos\" id=\"content-d0363a969f02a0a7c672-tab\" data-ekit-handler-id=\"product-info\" data-ekit-toggle=\"tab\" data-target=\"#content-d0363a969f02a0a7c672\" href=\"#Content-d0363a969f02a0a7c672\"\n                            data-ekit-toggle-trigger=\"click\"\n                            aria-describedby=\"Content-d0363a969f02a0a7c672\">\n                            <span class=\"elementskit-tab-icon\"><\/span>                            <span class=\"elementskit-tab-title\">Informace o Produktu<\/span>\n                        <\/a>\n                    <\/li>\n                                        <li class=\"elementkit-nav-item elementor-repeater-item-9b61f69\">\n                        <a class=\"elementkit-nav-link  left-pos\" id=\"content-9b61f6969f02a0a7c672-tab\" data-ekit-handler-id=\"how-to-use\" data-ekit-toggle=\"tab\" data-target=\"#content-9b61f6969f02a0a7c672\" href=\"#Content-9b61f6969f02a0a7c672\"\n                            data-ekit-toggle-trigger=\"click\"\n                            aria-describedby=\"Content-9b61f6969f02a0a7c672\">\n                            <span class=\"elementskit-tab-icon\"><\/span>                            <span class=\"elementskit-tab-title\">N\u00e1vod k pou\u017eit\u00ed<\/span>\n                        <\/a>\n                    <\/li>\n                                        <li class=\"elementkit-nav-item elementor-repeater-item-23affad\">\n                        <a class=\"elementkit-nav-link  left-pos\" id=\"content-23affad69f02a0a7c672-tab\" data-ekit-handler-id=\"sizes-codes\" data-ekit-toggle=\"tab\" data-target=\"#content-23affad69f02a0a7c672\" href=\"#Content-23affad69f02a0a7c672\"\n                            data-ekit-toggle-trigger=\"click\"\n                            aria-describedby=\"Content-23affad69f02a0a7c672\">\n                            <span class=\"elementskit-tab-icon\"><\/span>                            <span class=\"elementskit-tab-title\">Velikosti a K\u00f3dy<\/span>\n                        <\/a>\n                    <\/li>\n                                        <li class=\"elementkit-nav-item elementor-repeater-item-9882644\">\n                        <a class=\"elementkit-nav-link  left-pos\" id=\"content-988264469f02a0a7c672-tab\" data-ekit-handler-id=\"downloads\" data-ekit-toggle=\"tab\" data-target=\"#content-988264469f02a0a7c672\" href=\"#Content-988264469f02a0a7c672\"\n                            data-ekit-toggle-trigger=\"click\"\n                            aria-describedby=\"Content-988264469f02a0a7c672\">\n                            <span class=\"elementskit-tab-icon\"><\/span>                            <span class=\"elementskit-tab-title\">Sta\u017een\u00ed<\/span>\n                        <\/a>\n                    <\/li>\n                                <\/ul>\n\n            <div class=\"tab-content elementkit-tab-content\">\n                                    <div class=\"tab-pane elementkit-tab-pane elementor-repeater-item-d0363a9  active show\" id=\"content-d0363a969f02a0a7c672\" role=\"tabpanel\"\n                         aria-labelledby=\"content-d0363a969f02a0a7c672-tab\">\n                        <div class=\"animated fadeIn\">\n                            <h3>Informace o Produktu<\/h3>\t\t<div data-elementor-type=\"section\" data-elementor-id=\"8585\" class=\"elementor elementor-8585\" data-elementor-post-type=\"elementor_library\">\n\t\t\t\t\t<section class=\"elementor-section elementor-top-section elementor-element elementor-element-3c9a5a4 elementor-section-boxed elementor-section-height-default elementor-section-height-default qodef-elementor-content-no\" data-id=\"3c9a5a4\" data-element_type=\"section\" data-e-type=\"section\" data-settings=\"{&quot;ekit_has_onepagescroll_dot&quot;:&quot;yes&quot;}\">\n\t\t\t\t\t\t<div class=\"elementor-container elementor-column-gap-default\">\n\t\t\t\t\t<div class=\"elementor-column elementor-col-100 elementor-top-column elementor-element elementor-element-8fd3e15\" data-id=\"8fd3e15\" data-element_type=\"column\" data-e-type=\"column\">\n\t\t\t<div class=\"elementor-widget-wrap elementor-element-populated\">\n\t\t\t\t\t\t<div class=\"elementor-element elementor-element-c6fd92e elementor-widget elementor-widget-accordion\" data-id=\"c6fd92e\" data-element_type=\"widget\" data-e-type=\"widget\" data-settings=\"{&quot;ekit_we_effect_on&quot;:&quot;none&quot;}\" data-widget_type=\"accordion.default\">\n\t\t\t\t<div class=\"elementor-widget-container\">\n\t\t\t\t\t\t\t<div class=\"elementor-accordion\">\n\t\t\t\t\t\t\t<div class=\"elementor-accordion-item\">\n\t\t\t\t\t<div id=\"elementor-tab-title-2081\" class=\"elementor-tab-title\" data-tab=\"1\" role=\"button\" aria-controls=\"elementor-tab-content-2081\" aria-expanded=\"false\">\n\t\t\t\t\t\t\t\t\t\t\t\t\t<span class=\"elementor-accordion-icon elementor-accordion-icon-left\" aria-hidden=\"true\">\n\t\t\t\t\t\t\t\t\t\t\t\t\t\t\t<span class=\"elementor-accordion-icon-closed\"><i class=\"fas fa-plus\"><\/i><\/span>\n\t\t\t\t\t\t\t\t<span class=\"elementor-accordion-icon-opened\"><i class=\"fas fa-minus\"><\/i><\/span>\n\t\t\t\t\t\t\t\t\t\t\t\t\t\t<\/span>\n\t\t\t\t\t\t\t\t\t\t\t\t<a class=\"elementor-accordion-title\" tabindex=\"0\">Popis<\/a>\n\t\t\t\t\t<\/div>\n\t\t\t\t\t<div id=\"elementor-tab-content-2081\" class=\"elementor-tab-content elementor-clearfix\" data-tab=\"1\" role=\"region\" aria-labelledby=\"elementor-tab-title-2081\"><p class=\"translation-block\"><div class=\"su-spoiler-content su-u-clearfix su-u-trim\">\n<p><span style=\"font-size: medium\"><b>Pharmatull<sup>\u00ae<\/sup> Plus<\/b> je g\u00e1za Leno vyrobena ze 100% absorp\u010dn\u00ed bavln\u011bn\u00e9 nit\u011b impregnovan\u00e9 b\u00edlou, m\u011bkkou paraf\u00ednovou \u017eelatinou. D\u00edky tomu se jedn\u00e1 o nep\u0159ilnav\u00fd a nealergick\u00fd obvaz.<\/span><\/p>\n<p><span style=\"font-size: medium\"><b>Pharmatull<sup>\u00ae<\/sup> Plus<\/b> je kryt\u00ed z parafinov\u00e9 g\u00e1zy obsahuj\u00edc\u00ed chlorhexidin diglukon\u00e1t 0,5%, kter\u00fd m\u00e1 antimikrobi\u00e1ln\u00ed efekt proti \u0161irok\u00e9mu spektru grampozitivn\u00edch a gramnegativn\u00edch bakteri\u00ed.<\/span><\/p>\n<\/div><\/p>\n<\/div>\n\t\t\t\t<\/div>\n\t\t\t\t\t\t\t<div class=\"elementor-accordion-item\">\n\t\t\t\t\t<div id=\"elementor-tab-title-2082\" class=\"elementor-tab-title\" data-tab=\"2\" role=\"button\" aria-controls=\"elementor-tab-content-2082\" aria-expanded=\"false\">\n\t\t\t\t\t\t\t\t\t\t\t\t\t<span class=\"elementor-accordion-icon elementor-accordion-icon-left\" aria-hidden=\"true\">\n\t\t\t\t\t\t\t\t\t\t\t\t\t\t\t<span class=\"elementor-accordion-icon-closed\"><i class=\"fas fa-plus\"><\/i><\/span>\n\t\t\t\t\t\t\t\t<span class=\"elementor-accordion-icon-opened\"><i class=\"fas fa-minus\"><\/i><\/span>\n\t\t\t\t\t\t\t\t\t\t\t\t\t\t<\/span>\n\t\t\t\t\t\t\t\t\t\t\t\t<a class=\"elementor-accordion-title\" tabindex=\"0\">Vlastnosti<\/a>\n\t\t\t\t\t<\/div>\n\t\t\t\t\t<div id=\"elementor-tab-content-2082\" class=\"elementor-tab-content elementor-clearfix\" data-tab=\"2\" role=\"region\" aria-labelledby=\"elementor-tab-title-2082\"><div class=\"su-spoiler-content su-u-clearfix su-u-trim\">\n<ul>\n<li><span style=\"font-size: medium\"> Baleno zvl\u00e1\u0161\u0165 v hlin\u00edkov\u00fdch s\u00e1\u010dc\u00edch<\/span><\/li>\n<\/ul>\n<ul>\n<li><span style=\"font-size: medium\">Sterilov\u00e1no z\u00e1\u0159en\u00edm gama<\/span><\/li>\n<li class=\"translation-block\">Pharmatull\u00ae Plus je vyrobena z propustn\u00e9 bavln\u011bn\u00e9 g\u00e1zy Leno umo\u017e\u0148uj\u00edc\u00ed pronik\u00e1n\u00ed v\u00fdpotku<\/li>\n<\/ul>\n<ul>\n<li class=\"translation-block\">Pharmatull\u00ae Plus je impregnov\u00e1na paraf\u00ednovou \u017eelatinou tvo\u0159\u00edc\u00ed samostatnou vrstvu mezi r\u00e1nou a g\u00e1zou, kter\u00e1 zabra\u0148uje p\u0159ichyt\u00e1v\u00e1n\u00ed do r\u00e1ny a umo\u017e\u0148uje rychl\u00e9 hojen\u00ed<\/li>\n<li>Chr\u00e1n\u00ed nov\u011b vzniklou tk\u00e1\u0148 a minimalizuje bolest u pacienta b\u011bhem v\u00fdm\u011bny obvazu.<\/li>\n<li>G\u00e1za Leno umo\u017e\u0148uje pronik\u00e1n\u00ed v\u00fdpotku, kter\u00fd je pohlcen druh\u00fdm obvazem a nezasych\u00e1 p\u0159\u00edmo na r\u00e1n\u011b<\/li>\n<li>Mo\u017eno st\u0159\u00edhat na libovoln\u00e9 rozm\u011bry.<\/li>\n<\/ul>\n<\/div>\n<\/div>\n\t\t\t\t<\/div>\n\t\t\t\t\t\t\t<div class=\"elementor-accordion-item\">\n\t\t\t\t\t<div id=\"elementor-tab-title-2083\" class=\"elementor-tab-title\" data-tab=\"3\" role=\"button\" aria-controls=\"elementor-tab-content-2083\" aria-expanded=\"false\">\n\t\t\t\t\t\t\t\t\t\t\t\t\t<span class=\"elementor-accordion-icon elementor-accordion-icon-left\" aria-hidden=\"true\">\n\t\t\t\t\t\t\t\t\t\t\t\t\t\t\t<span class=\"elementor-accordion-icon-closed\"><i class=\"fas fa-plus\"><\/i><\/span>\n\t\t\t\t\t\t\t\t<span class=\"elementor-accordion-icon-opened\"><i class=\"fas fa-minus\"><\/i><\/span>\n\t\t\t\t\t\t\t\t\t\t\t\t\t\t<\/span>\n\t\t\t\t\t\t\t\t\t\t\t\t<a class=\"elementor-accordion-title\" tabindex=\"0\">Ur\u010den\u00e9 Pou\u017eit\u00ed<\/a>\n\t\t\t\t\t<\/div>\n\t\t\t\t\t<div id=\"elementor-tab-content-2083\" class=\"elementor-tab-content elementor-clearfix\" data-tab=\"3\" role=\"region\" aria-labelledby=\"elementor-tab-title-2083\"><div class=\"su-spoiler-content su-u-clearfix su-u-trim\">\n<ul>\n<li class=\"translation-block\">Pharmatull\u00ae Plus je pou\u017e\u00edvan\u00e1 jako obvazov\u00e1 vrstva prvn\u00edho kontaktu p\u0159i l\u00e9\u010den\u00ed pop\u00e1lenin, v\u0159ed\u016f, transplantace k\u016f\u017ee a r\u016fznorod\u00fdch \u00faraz\u016f. L\u00e1tka je tak\u00e9 pou\u017e\u00edvan\u00e1 jako p\u0159echodn\u00e9 m\u00e9dium pro \u0161t\u011bpy k\u016f\u017ee.<\/li>\n<li class=\"translation-block\">Pod l\u00e9ka\u0159sk\u00fdm dozorem m\u016f\u017ee b\u00fdt Pharmatull\u00ae Plus t\u00e9\u017e u\u017e\u00edv\u00e1n k o\u0161et\u0159en\u00ed infikovan\u00fdch ran s v\u011bt\u0161\u00edm rizikem infekce.\nPharmatull\u00ae Plus je vhodn\u00e9 uchov\u00e1vat v such\u00e9m a chladn\u00e9m m\u00edst\u011b.<\/li>\n<\/ul>\n<p style=\"text-align: justify\">\n<\/div>\n<\/div>\n\t\t\t\t<\/div>\n\t\t\t\t\t\t\t<div class=\"elementor-accordion-item\">\n\t\t\t\t\t<div id=\"elementor-tab-title-2084\" class=\"elementor-tab-title\" data-tab=\"4\" role=\"button\" aria-controls=\"elementor-tab-content-2084\" aria-expanded=\"false\">\n\t\t\t\t\t\t\t\t\t\t\t\t\t<span class=\"elementor-accordion-icon elementor-accordion-icon-left\" aria-hidden=\"true\">\n\t\t\t\t\t\t\t\t\t\t\t\t\t\t\t<span class=\"elementor-accordion-icon-closed\"><i class=\"fas fa-plus\"><\/i><\/span>\n\t\t\t\t\t\t\t\t<span class=\"elementor-accordion-icon-opened\"><i class=\"fas fa-minus\"><\/i><\/span>\n\t\t\t\t\t\t\t\t\t\t\t\t\t\t<\/span>\n\t\t\t\t\t\t\t\t\t\t\t\t<a class=\"elementor-accordion-title\" tabindex=\"0\">Kontraindikace<\/a>\n\t\t\t\t\t<\/div>\n\t\t\t\t\t<div id=\"elementor-tab-content-2084\" class=\"elementor-tab-content elementor-clearfix\" data-tab=\"4\" role=\"region\" aria-labelledby=\"elementor-tab-title-2084\"><div class=\"su-spoiler-content su-u-clearfix su-u-trim\">\n<ul>\n<li class=\"translation-block\">I p\u0159es absenci jak\u00fdchkoliv kontraindikac\u00ed p\u0159i pou\u017e\u00edv\u00e1n\u00ed Pharmatull\u00ae Plus, v p\u0159\u00edpad\u011b um\u00edst\u011bn\u00ed obvazu na r\u00e1nu s velk\u00fdm v\u00fdpotkem, m\u016f\u017ee nastat macerace k\u016f\u017ee z d\u016fvodu absence mo\u017enosti odtoku v\u00fdpotku z povrchu r\u00e1ny.<\/li>\n<li class=\"translation-block\">V p\u0159\u00edpad\u011b ponech\u00e1n\u00ed  Pharmatull\u00ae Plus na m\u00edst\u011b po del\u0161\u00ed dobu, m\u016f\u017ee se obvaz p\u0159ichytit a b\u011bhem sund\u00e1v\u00e1n\u00ed zp\u016fsobit poran\u011bn\u00ed tk\u00e1n\u011b.<\/li>\n<li class=\"translation-block\"><span style=\"font-size: medium\"><strong>Pharmatull\u00ae Plus <\/strong>by nem\u011bl b\u00fdt pou\u017e\u00edv\u00e1n u pacient\u016f, o kter\u00fdch je zn\u00e1mo, \u017ee jsou p\u0159ecitliv\u011bl\u00ed na chlorhexidin.<\/span><\/li>\n<\/ul>\n<\/div>\n<\/div>\n\t\t\t\t<\/div>\n\t\t\t\t\t\t\t<div class=\"elementor-accordion-item\">\n\t\t\t\t\t<div id=\"elementor-tab-title-2085\" class=\"elementor-tab-title\" data-tab=\"5\" role=\"button\" aria-controls=\"elementor-tab-content-2085\" aria-expanded=\"false\">\n\t\t\t\t\t\t\t\t\t\t\t\t\t<span class=\"elementor-accordion-icon elementor-accordion-icon-left\" aria-hidden=\"true\">\n\t\t\t\t\t\t\t\t\t\t\t\t\t\t\t<span class=\"elementor-accordion-icon-closed\"><i class=\"fas fa-plus\"><\/i><\/span>\n\t\t\t\t\t\t\t\t<span class=\"elementor-accordion-icon-opened\"><i class=\"fas fa-minus\"><\/i><\/span>\n\t\t\t\t\t\t\t\t\t\t\t\t\t\t<\/span>\n\t\t\t\t\t\t\t\t\t\t\t\t<a class=\"elementor-accordion-title\" tabindex=\"0\">Preventivn\u00ed opat\u0159en\u00ed<\/a>\n\t\t\t\t\t<\/div>\n\t\t\t\t\t<div id=\"elementor-tab-content-2085\" class=\"elementor-tab-content elementor-clearfix\" data-tab=\"5\" role=\"region\" aria-labelledby=\"elementor-tab-title-2085\"><\/div>\n\t\t\t\t<\/div>\n\t\t\t\t\t\t\t<div class=\"elementor-accordion-item\">\n\t\t\t\t\t<div id=\"elementor-tab-title-2086\" class=\"elementor-tab-title\" data-tab=\"6\" role=\"button\" aria-controls=\"elementor-tab-content-2086\" aria-expanded=\"false\">\n\t\t\t\t\t\t\t\t\t\t\t\t\t<span class=\"elementor-accordion-icon elementor-accordion-icon-left\" aria-hidden=\"true\">\n\t\t\t\t\t\t\t\t\t\t\t\t\t\t\t<span class=\"elementor-accordion-icon-closed\"><i class=\"fas fa-plus\"><\/i><\/span>\n\t\t\t\t\t\t\t\t<span class=\"elementor-accordion-icon-opened\"><i class=\"fas fa-minus\"><\/i><\/span>\n\t\t\t\t\t\t\t\t\t\t\t\t\t\t<\/span>\n\t\t\t\t\t\t\t\t\t\t\t\t<a class=\"elementor-accordion-title\" tabindex=\"0\">Diagram vrstev<\/a>\n\t\t\t\t\t<\/div>\n\t\t\t\t\t<div id=\"elementor-tab-content-2086\" class=\"elementor-tab-content elementor-clearfix\" data-tab=\"6\" role=\"region\" aria-labelledby=\"elementor-tab-title-2086\"><\/div>\n\t\t\t\t<\/div>\n\t\t\t\t\t\t\t<div class=\"elementor-accordion-item\">\n\t\t\t\t\t<div id=\"elementor-tab-title-2087\" class=\"elementor-tab-title\" data-tab=\"7\" role=\"button\" aria-controls=\"elementor-tab-content-2087\" aria-expanded=\"false\">\n\t\t\t\t\t\t\t\t\t\t\t\t\t<span class=\"elementor-accordion-icon elementor-accordion-icon-left\" aria-hidden=\"true\">\n\t\t\t\t\t\t\t\t\t\t\t\t\t\t\t<span class=\"elementor-accordion-icon-closed\"><i class=\"fas fa-plus\"><\/i><\/span>\n\t\t\t\t\t\t\t\t<span class=\"elementor-accordion-icon-opened\"><i class=\"fas fa-minus\"><\/i><\/span>\n\t\t\t\t\t\t\t\t\t\t\t\t\t\t<\/span>\n\t\t\t\t\t\t\t\t\t\t\t\t<a class=\"elementor-accordion-title\" tabindex=\"0\">Frekvence v\u00fdm\u011bny<\/a>\n\t\t\t\t\t<\/div>\n\t\t\t\t\t<div id=\"elementor-tab-content-2087\" class=\"elementor-tab-content elementor-clearfix\" data-tab=\"7\" role=\"region\" aria-labelledby=\"elementor-tab-title-2087\"><\/div>\n\t\t\t\t<\/div>\n\t\t\t\t\t\t\t<div class=\"elementor-accordion-item\">\n\t\t\t\t\t<div id=\"elementor-tab-title-2088\" class=\"elementor-tab-title\" data-tab=\"8\" role=\"button\" aria-controls=\"elementor-tab-content-2088\" aria-expanded=\"false\">\n\t\t\t\t\t\t\t\t\t\t\t\t\t<span class=\"elementor-accordion-icon elementor-accordion-icon-left\" aria-hidden=\"true\">\n\t\t\t\t\t\t\t\t\t\t\t\t\t\t\t<span class=\"elementor-accordion-icon-closed\"><i class=\"fas fa-plus\"><\/i><\/span>\n\t\t\t\t\t\t\t\t<span class=\"elementor-accordion-icon-opened\"><i class=\"fas fa-minus\"><\/i><\/span>\n\t\t\t\t\t\t\t\t\t\t\t\t\t\t<\/span>\n\t\t\t\t\t\t\t\t\t\t\t\t<a class=\"elementor-accordion-title\" tabindex=\"0\">Jak to funguje?<\/a>\n\t\t\t\t\t<\/div>\n\t\t\t\t\t<div id=\"elementor-tab-content-2088\" class=\"elementor-tab-content elementor-clearfix\" data-tab=\"8\" role=\"region\" aria-labelledby=\"elementor-tab-title-2088\"><\/div>\n\t\t\t\t<\/div>\n\t\t\t\t\t\t\t<div class=\"elementor-accordion-item\">\n\t\t\t\t\t<div id=\"elementor-tab-title-2089\" class=\"elementor-tab-title\" data-tab=\"9\" role=\"button\" aria-controls=\"elementor-tab-content-2089\" aria-expanded=\"false\">\n\t\t\t\t\t\t\t\t\t\t\t\t\t<span class=\"elementor-accordion-icon elementor-accordion-icon-left\" aria-hidden=\"true\">\n\t\t\t\t\t\t\t\t\t\t\t\t\t\t\t<span class=\"elementor-accordion-icon-closed\"><i class=\"fas fa-plus\"><\/i><\/span>\n\t\t\t\t\t\t\t\t<span class=\"elementor-accordion-icon-opened\"><i class=\"fas fa-minus\"><\/i><\/span>\n\t\t\t\t\t\t\t\t\t\t\t\t\t\t<\/span>\n\t\t\t\t\t\t\t\t\t\t\t\t<a class=\"elementor-accordion-title\" tabindex=\"0\">\u017divotnost<\/a>\n\t\t\t\t\t<\/div>\n\t\t\t\t\t<div id=\"elementor-tab-content-2089\" class=\"elementor-tab-content elementor-clearfix\" data-tab=\"9\" role=\"region\" aria-labelledby=\"elementor-tab-title-2089\"><\/div>\n\t\t\t\t<\/div>\n\t\t\t\t\t\t\t\t<\/div>\n\t\t\t\t\t\t<\/div>\n\t\t\t\t<\/div>\n\t\t\t\t\t<\/div>\n\t\t<\/div>\n\t\t\t\t\t<\/div>\n\t\t<\/section>\n\t\t\t\t<\/div>\n\t\t                        <\/div>\n                    <\/div>\n                                    <div class=\"tab-pane elementkit-tab-pane elementor-repeater-item-9b61f69\" id=\"content-9b61f6969f02a0a7c672\" role=\"tabpanel\"\n                         aria-labelledby=\"content-9b61f6969f02a0a7c672-tab\">\n                        <div class=\"animated fadeIn\">\n                            <p>1- Open the pouch.<br \/>2- Remove the protector(s).<br \/>3- Pick up the product using an antiseptic technique.<br \/>4- Place the Pharmatull\u00ae Plus at the wound site.<br \/>5- Cover with a secondary absorbent dressing.<br \/>6- Fix the secondary dressing.<\/p><p>7- Change daily or according to the condition of the wound.<\/p><p><img fetchpriority=\"high\" decoding=\"async\" class=\"aligncenter wp-image-22450 size-full\" src=\"https:\/\/pharmaplast-online.net\/wp-content\/uploads\/2025\/08\/IFU-17.png\" alt=\"\" width=\"721\" height=\"401\" srcset=\"https:\/\/pharmaplast-online.net\/wp-content\/uploads\/2025\/08\/IFU-17.png 721w, https:\/\/pharmaplast-online.net\/wp-content\/uploads\/2025\/08\/IFU-17-300x167.png 300w, https:\/\/pharmaplast-online.net\/wp-content\/uploads\/2025\/08\/IFU-17-18x10.png 18w, https:\/\/pharmaplast-online.net\/wp-content\/uploads\/2025\/08\/IFU-17-24x13.png 24w, https:\/\/pharmaplast-online.net\/wp-content\/uploads\/2025\/08\/IFU-17-36x20.png 36w, https:\/\/pharmaplast-online.net\/wp-content\/uploads\/2025\/08\/IFU-17-48x27.png 48w, https:\/\/pharmaplast-online.net\/wp-content\/uploads\/2025\/08\/IFU-17-600x334.png 600w\" sizes=\"(max-width: 721px) 100vw, 721px\" \/><\/p><p><img decoding=\"async\" class=\"alignleft\" src=\"https:\/\/pharmaplast-online.net\/wp-content\/uploads\/Wound_Care\/how_to_use\/En\/Pharmatull_Plus.png \" alt=\"\" \/><\/p>                        <\/div>\n                    <\/div>\n                                    <div class=\"tab-pane elementkit-tab-pane elementor-repeater-item-23affad\" id=\"content-23affad69f02a0a7c672\" role=\"tabpanel\"\n                         aria-labelledby=\"content-23affad69f02a0a7c672-tab\">\n                        <div class=\"animated fadeIn\">\n                            <table><tbody><tr><td width=\"127\"><p><strong>Pharmatull\u00ae<\/strong> <strong>PLUS<\/strong><\/p><\/td><td width=\"102\"><p><strong>Size<\/strong><\/p><\/td><td width=\"106\"><p><strong>Pieces\/Box <\/strong><\/p><\/td><td width=\"108\"><p><strong>Boxes\/Case <\/strong><\/p><\/td><\/tr><tr><td width=\"127\"><p>TULLPLUS5050<\/p><\/td><td width=\"102\"><p>5x5cm<\/p><\/td><td width=\"106\"><p>10<\/p><\/td><td width=\"108\"><p>48<\/p><\/td><\/tr><tr><td width=\"127\"><p>TULLPLUS50100<\/p><\/td><td width=\"102\"><p>5x10cm<\/p><\/td><td width=\"106\"><p>100<\/p><\/td><td width=\"108\"><p>16<\/p><\/td><\/tr><tr><td width=\"127\"><p>TULLPLUS75100<\/p><\/td><td width=\"102\"><p>7.5x10cm<\/p><\/td><td width=\"106\"><p>100<\/p><\/td><td width=\"108\"><p>16<\/p><\/td><\/tr><tr><td width=\"127\"><p>TULLPLUS75150<\/p><\/td><td width=\"102\"><p>7.5x15cm<\/p><\/td><td width=\"106\"><p>100<\/p><\/td><td width=\"108\"><p>16<\/p><\/td><\/tr><tr><td width=\"127\"><p>TULLPLUS75200<\/p><\/td><td width=\"102\"><p>7.5x20cm<\/p><\/td><td width=\"106\"><p>50<\/p><\/td><td width=\"108\"><p>16<\/p><\/td><\/tr><tr><td width=\"127\"><p>TULLPLUS100100<\/p><\/td><td width=\"102\"><p>10x10cm<\/p><\/td><td width=\"106\"><p>10<\/p><\/td><td width=\"108\"><p>48<\/p><\/td><\/tr><tr><td width=\"127\"><p>TULLPLUS100150<\/p><\/td><td width=\"102\"><p>10x15cm<\/p><\/td><td width=\"106\"><p>10<\/p><\/td><td width=\"108\"><p>24<\/p><\/td><\/tr><tr><td width=\"127\"><p>TULLPLUS100200<\/p><\/td><td width=\"102\"><p>10x20cm<\/p><\/td><td width=\"106\"><p>10<\/p><\/td><td width=\"108\"><p>24<\/p><\/td><\/tr><tr><td width=\"127\"><p>TULLPLUS100400<\/p><\/td><td width=\"102\"><p>10x40cm<\/p><\/td><td width=\"106\"><p>10<\/p><\/td><td width=\"108\"><p>24<\/p><\/td><\/tr><tr><td width=\"127\"><p>TULLPLUS150200<\/p><\/td><td width=\"102\"><p>15x20cm<\/p><\/td><td width=\"106\"><p>10<\/p><\/td><td width=\"108\"><p>24<\/p><\/td><\/tr><tr><td width=\"127\"><p>TULLPLUS150150<\/p><\/td><td width=\"102\"><p>15x15cm<\/p><\/td><td width=\"106\"><p>10<\/p><\/td><td width=\"108\"><p>24<\/p><\/td><\/tr><tr><td width=\"127\"><p>TULLPLUS150400<\/p><\/td><td width=\"102\"><p>15x40cm<\/p><\/td><td width=\"106\"><p>10<\/p><\/td><td width=\"108\"><p>24<\/p><\/td><\/tr><tr><td width=\"127\"><p>TULLPLUS200200<\/p><\/td><td width=\"102\"><p>20x20cm<\/p><\/td><td width=\"106\"><p>10<\/p><\/td><td width=\"108\"><p>24<\/p><\/td><\/tr><tr><td width=\"127\"><p>TULLPLUS200400<\/p><\/td><td width=\"102\"><p>20x40cm<\/p><\/td><td width=\"106\"><p>10<\/p><\/td><td width=\"108\"><p>24<\/p><\/td><\/tr><tr><td width=\"127\"><p>TULLPLUS501000<\/p><\/td><td width=\"102\"><p>5x100cm<\/p><\/td><td width=\"106\"><p>6<\/p><\/td><td width=\"108\"><p>16<\/p><\/td><\/tr><\/tbody><\/table><p>\u00a0<\/p><p>Jin\u00e9 velikosti jsou k dispozici na vy\u017e\u00e1d\u00e1n\u00ed.<\/p>                        <\/div>\n                    <\/div>\n                                    <div class=\"tab-pane elementkit-tab-pane elementor-repeater-item-9882644\" id=\"content-988264469f02a0a7c672\" role=\"tabpanel\"\n                         aria-labelledby=\"content-988264469f02a0a7c672-tab\">\n                        <div class=\"animated fadeIn\">\n                            <p><a href=\"https:\/\/pharmaplast-online.net\/wp-content\/uploads\/2026\/03\/new_Pharmatull-plus-issue-2-19062024-signed-w-date.pdf\">Pharmatull plus Brochure<\/a><\/p><p><img decoding=\"async\" class=\"alignnone wp-image-17145\" src=\"https:\/\/pharmaplast-online.net\/wp-content\/uploads\/2024\/10\/pdf_4726010-300x300.png\" alt=\"\" width=\"32\" height=\"32\" srcset=\"https:\/\/pharmaplast-online.net\/wp-content\/uploads\/2024\/10\/pdf_4726010-300x300.png 300w, https:\/\/pharmaplast-online.net\/wp-content\/uploads\/2024\/10\/pdf_4726010-150x150.png 150w, https:\/\/pharmaplast-online.net\/wp-content\/uploads\/2024\/10\/pdf_4726010-12x12.png 12w, https:\/\/pharmaplast-online.net\/wp-content\/uploads\/2024\/10\/pdf_4726010-24x24.png 24w, https:\/\/pharmaplast-online.net\/wp-content\/uploads\/2024\/10\/pdf_4726010-36x36.png 36w, https:\/\/pharmaplast-online.net\/wp-content\/uploads\/2024\/10\/pdf_4726010-48x48.png 48w, https:\/\/pharmaplast-online.net\/wp-content\/uploads\/2024\/10\/pdf_4726010-100x100.png 100w, https:\/\/pharmaplast-online.net\/wp-content\/uploads\/2024\/10\/pdf_4726010.png 512w\" sizes=\"(max-width: 32px) 100vw, 32px\" \/><\/p>                        <\/div>\n                    <\/div>\n                                \n            <\/div>\n                    <\/div>\n    <\/div>\t\t\t\t<\/div>\n\t\t\t\t<\/div>\n\t\t\t\t\t<\/div>\n\t\t<\/div>\n\t\t\t\t\t<\/div>\n\t\t<\/section>\n\t\t\t\t<\/div>","protected":false},"excerpt":{"rendered":"<p>Paraffin gauze dressing with Chlorhexidine acetate<\/p>","protected":false},"featured_media":17335,"comment_status":"open","ping_status":"closed","template":"","meta":[],"product_brand":[],"product_cat":[266,267,303,269,302],"product_tag":[],"class_list":{"0":"post-7978","1":"product","2":"type-product","3":"status-publish","4":"has-post-thumbnail","6":"product_cat-anti-microbial-wound-care","7":"product_cat-chlorohexidine","8":"product_cat-paraffine","9":"product_cat-wound-contact-layer-chlorohexidine","10":"product_cat-wound-contact-layer-2","11":"new","13":"first","14":"instock","15":"shipping-taxable","16":"product-type-simple"},"acf":[],"_links":{"self":[{"href":"https:\/\/pharmaplast-online.net\/cs\/wp-json\/wp\/v2\/product\/7978","targetHints":{"allow":["GET"]}}],"collection":[{"href":"https:\/\/pharmaplast-online.net\/cs\/wp-json\/wp\/v2\/product"}],"about":[{"href":"https:\/\/pharmaplast-online.net\/cs\/wp-json\/wp\/v2\/types\/product"}],"replies":[{"embeddable":true,"href":"https:\/\/pharmaplast-online.net\/cs\/wp-json\/wp\/v2\/comments?post=7978"}],"version-history":[{"count":39,"href":"https:\/\/pharmaplast-online.net\/cs\/wp-json\/wp\/v2\/product\/7978\/revisions"}],"predecessor-version":[{"id":24653,"href":"https:\/\/pharmaplast-online.net\/cs\/wp-json\/wp\/v2\/product\/7978\/revisions\/24653"}],"wp:featuredmedia":[{"embeddable":true,"href":"https:\/\/pharmaplast-online.net\/cs\/wp-json\/wp\/v2\/media\/17335"}],"wp:attachment":[{"href":"https:\/\/pharmaplast-online.net\/cs\/wp-json\/wp\/v2\/media?parent=7978"}],"wp:term":[{"taxonomy":"product_brand","embeddable":true,"href":"https:\/\/pharmaplast-online.net\/cs\/wp-json\/wp\/v2\/product_brand?post=7978"},{"taxonomy":"product_cat","embeddable":true,"href":"https:\/\/pharmaplast-online.net\/cs\/wp-json\/wp\/v2\/product_cat?post=7978"},{"taxonomy":"product_tag","embeddable":true,"href":"https:\/\/pharmaplast-online.net\/cs\/wp-json\/wp\/v2\/product_tag?post=7978"}],"curies":[{"name":"wp","href":"https:\/\/api.w.org\/{rel}","templated":true}]}}