{"id":8042,"date":"2022-12-19T10:31:05","date_gmt":"2022-12-19T10:31:05","guid":{"rendered":"https:\/\/pharmaplast.mediagate-egy.com\/?post_type=product&#038;p=8042"},"modified":"2025-06-17T18:01:40","modified_gmt":"2025-06-17T18:01:40","slug":"espuma-ag-non-adhesive","status":"publish","type":"product","link":"https:\/\/pharmaplast-online.net\/cs\/produkt\/espuma-ag-non-adhesive\/","title":{"rendered":"ESPUMA\u00ae Ag Non-Adhesive"},"content":{"rendered":"<div data-elementor-type=\"wp-post\" data-elementor-id=\"8042\" class=\"elementor elementor-8042\" data-elementor-post-type=\"product\">\n\t\t\t\t\t\t<section class=\"elementor-section elementor-top-section elementor-element elementor-element-d47e90c elementor-section-boxed elementor-section-height-default elementor-section-height-default qodef-elementor-content-no\" data-id=\"d47e90c\" data-element_type=\"section\" data-e-type=\"section\" data-settings=\"{&quot;ekit_has_onepagescroll_dot&quot;:&quot;yes&quot;}\">\n\t\t\t\t\t\t<div class=\"elementor-container elementor-column-gap-default\">\n\t\t\t\t\t<div class=\"elementor-column elementor-col-100 elementor-top-column elementor-element elementor-element-17e099c\" data-id=\"17e099c\" data-element_type=\"column\" data-e-type=\"column\">\n\t\t\t<div class=\"elementor-widget-wrap elementor-element-populated\">\n\t\t\t\t\t\t<div class=\"elementor-element elementor-element-4356230 elementor-widget elementor-widget-elementskit-simple-tab\" data-id=\"4356230\" data-element_type=\"widget\" data-e-type=\"widget\" data-settings=\"{&quot;ekit_we_effect_on&quot;:&quot;none&quot;}\" data-widget_type=\"elementskit-simple-tab.default\">\n\t\t\t\t<div class=\"elementor-widget-container\">\n\t\t\t\t\t<div class=\"ekit-wid-con\" >        <div class=\"elementkit-tab-wraper\">\n            <ul class=\"nav nav-tabs elementkit-tab-nav  elementskit-fullwidth-tab\">\n                                    <li class=\"elementkit-nav-item elementor-repeater-item-d0363a9\">\n                        <a class=\"elementkit-nav-link  active show left-pos\" id=\"content-d0363a969e1cdf45e6e4-tab\" data-ekit-handler-id=\"product-info\" data-ekit-toggle=\"tab\" data-target=\"#content-d0363a969e1cdf45e6e4\" href=\"#Content-d0363a969e1cdf45e6e4\"\n                            data-ekit-toggle-trigger=\"click\"\n                            aria-describedby=\"Content-d0363a969e1cdf45e6e4\">\n                            <span class=\"elementskit-tab-icon\"><\/span>                            <span class=\"elementskit-tab-title\">Informace o Produktu<\/span>\n                        <\/a>\n                    <\/li>\n                                        <li class=\"elementkit-nav-item elementor-repeater-item-9b61f69\">\n                        <a class=\"elementkit-nav-link  left-pos\" id=\"content-9b61f6969e1cdf45e6e4-tab\" data-ekit-handler-id=\"how-to-use\" data-ekit-toggle=\"tab\" data-target=\"#content-9b61f6969e1cdf45e6e4\" href=\"#Content-9b61f6969e1cdf45e6e4\"\n                            data-ekit-toggle-trigger=\"click\"\n                            aria-describedby=\"Content-9b61f6969e1cdf45e6e4\">\n                            <span class=\"elementskit-tab-icon\"><\/span>                            <span class=\"elementskit-tab-title\">N\u00e1vod k pou\u017eit\u00ed<\/span>\n                        <\/a>\n                    <\/li>\n                                        <li class=\"elementkit-nav-item elementor-repeater-item-0415b93\">\n                        <a class=\"elementkit-nav-link  left-pos\" id=\"content-0415b9369e1cdf45e6e4-tab\" data-ekit-handler-id=\"size-and-codes\" data-ekit-toggle=\"tab\" data-target=\"#content-0415b9369e1cdf45e6e4\" href=\"#Content-0415b9369e1cdf45e6e4\"\n                            data-ekit-toggle-trigger=\"click\"\n                            aria-describedby=\"Content-0415b9369e1cdf45e6e4\">\n                            <span class=\"elementskit-tab-icon\"><\/span>                            <span class=\"elementskit-tab-title\">Size and Codes<\/span>\n                        <\/a>\n                    <\/li>\n                                        <li class=\"elementkit-nav-item elementor-repeater-item-72a341e\">\n                        <a class=\"elementkit-nav-link  left-pos\" id=\"content-72a341e69e1cdf45e6e4-tab\" data-ekit-handler-id=\"downloads\" data-ekit-toggle=\"tab\" data-target=\"#content-72a341e69e1cdf45e6e4\" href=\"#Content-72a341e69e1cdf45e6e4\"\n                            data-ekit-toggle-trigger=\"click\"\n                            aria-describedby=\"Content-72a341e69e1cdf45e6e4\">\n                            <span class=\"elementskit-tab-icon\"><\/span>                            <span class=\"elementskit-tab-title\">Sta\u017een\u00ed<\/span>\n                        <\/a>\n                    <\/li>\n                                <\/ul>\n\n            <div class=\"tab-content elementkit-tab-content\">\n                                    <div class=\"tab-pane elementkit-tab-pane elementor-repeater-item-d0363a9  active show\" id=\"content-d0363a969e1cdf45e6e4\" role=\"tabpanel\"\n                         aria-labelledby=\"content-d0363a969e1cdf45e6e4-tab\">\n                        <div class=\"animated fadeIn\">\n                            <h3>Informace o Produktu<\/h3>\t\t<div data-elementor-type=\"section\" data-elementor-id=\"8585\" class=\"elementor elementor-8585\" data-elementor-post-type=\"elementor_library\">\n\t\t\t\t\t<section class=\"elementor-section elementor-top-section elementor-element elementor-element-3c9a5a4 elementor-section-boxed elementor-section-height-default elementor-section-height-default qodef-elementor-content-no\" data-id=\"3c9a5a4\" data-element_type=\"section\" data-e-type=\"section\" data-settings=\"{&quot;ekit_has_onepagescroll_dot&quot;:&quot;yes&quot;}\">\n\t\t\t\t\t\t<div class=\"elementor-container elementor-column-gap-default\">\n\t\t\t\t\t<div class=\"elementor-column elementor-col-100 elementor-top-column elementor-element elementor-element-8fd3e15\" data-id=\"8fd3e15\" data-element_type=\"column\" data-e-type=\"column\">\n\t\t\t<div class=\"elementor-widget-wrap elementor-element-populated\">\n\t\t\t\t\t\t<div class=\"elementor-element elementor-element-c6fd92e elementor-widget elementor-widget-accordion\" data-id=\"c6fd92e\" data-element_type=\"widget\" data-e-type=\"widget\" data-settings=\"{&quot;ekit_we_effect_on&quot;:&quot;none&quot;}\" data-widget_type=\"accordion.default\">\n\t\t\t\t<div class=\"elementor-widget-container\">\n\t\t\t\t\t\t\t<div class=\"elementor-accordion\">\n\t\t\t\t\t\t\t<div class=\"elementor-accordion-item\">\n\t\t\t\t\t<div id=\"elementor-tab-title-2081\" class=\"elementor-tab-title\" data-tab=\"1\" role=\"button\" aria-controls=\"elementor-tab-content-2081\" aria-expanded=\"false\">\n\t\t\t\t\t\t\t\t\t\t\t\t\t<span class=\"elementor-accordion-icon elementor-accordion-icon-left\" aria-hidden=\"true\">\n\t\t\t\t\t\t\t\t\t\t\t\t\t\t\t<span class=\"elementor-accordion-icon-closed\"><i class=\"fas fa-plus\"><\/i><\/span>\n\t\t\t\t\t\t\t\t<span class=\"elementor-accordion-icon-opened\"><i class=\"fas fa-minus\"><\/i><\/span>\n\t\t\t\t\t\t\t\t\t\t\t\t\t\t<\/span>\n\t\t\t\t\t\t\t\t\t\t\t\t<a class=\"elementor-accordion-title\" tabindex=\"0\">Popis<\/a>\n\t\t\t\t\t<\/div>\n\t\t\t\t\t<div id=\"elementor-tab-content-2081\" class=\"elementor-tab-content elementor-clearfix\" data-tab=\"1\" role=\"region\" aria-labelledby=\"elementor-tab-title-2081\"><div class=\"su-spoiler su-spoiler-style-default su-spoiler-icon-plus\" data-scroll-offset=\"0\" data-anchor-in-url=\"no\">\n<div class=\"su-spoiler-content su-u-clearfix su-u-trim\">\n<p class=\"translation-block\">ESPUMA\u00ae Ag Non-Adhesive: M\u00e1 t\u0159\u00edvrstvou konstrukci vytvo\u0159enou z m\u011bkk\u00e9, siln\u00e9 a elastick\u00e9 polyuretanov\u00e9 p\u011bny, kter\u00e1 je um\u00edst\u011bna mezi vn\u011bj\u0161\u00ed, maxim\u00e1ln\u011b prody\u0161nou polyuretanovou f\u00f3lii a polyuretanovou s\u00ed\u0165 obsahuj\u00edc\u00ed st\u0159\u00edbro, kter\u00e1 p\u0159ich\u00e1z\u00ed do styku s r\u00e1nou.\n\nSt\u0159\u00edbrn\u00e1 s\u00ed\u0165 slou\u017e\u00ed jako antimikrobi\u00e1ln\u00ed bari\u00e9ra zabra\u0148uj\u00edc\u00ed kolonizaci na kryt\u00ed. Tak prodlu\u017euje dobu no\u0161en\u00ed a poskytuje profylaktick\u00fd efekt proti infekci, zejm\u00e9na u ran, u kter\u00fdch hroz\u00ed vysok\u00e9 riziko infekce.<\/p>\n<\/div>\n<\/div>\n<div class=\"su-accordion su-u-trim\">\n<div class=\"su-spoiler su-spoiler-style-default su-spoiler-icon-plus su-spoiler-closed\" data-scroll-offset=\"0\" data-anchor-in-url=\"no\">\n<div class=\"su-spoiler-title\" role=\"button\"><\/div>\n<\/div>\n<\/div>\n<\/div>\n\t\t\t\t<\/div>\n\t\t\t\t\t\t\t<div class=\"elementor-accordion-item\">\n\t\t\t\t\t<div id=\"elementor-tab-title-2082\" class=\"elementor-tab-title\" data-tab=\"2\" role=\"button\" aria-controls=\"elementor-tab-content-2082\" aria-expanded=\"false\">\n\t\t\t\t\t\t\t\t\t\t\t\t\t<span class=\"elementor-accordion-icon elementor-accordion-icon-left\" aria-hidden=\"true\">\n\t\t\t\t\t\t\t\t\t\t\t\t\t\t\t<span class=\"elementor-accordion-icon-closed\"><i class=\"fas fa-plus\"><\/i><\/span>\n\t\t\t\t\t\t\t\t<span class=\"elementor-accordion-icon-opened\"><i class=\"fas fa-minus\"><\/i><\/span>\n\t\t\t\t\t\t\t\t\t\t\t\t\t\t<\/span>\n\t\t\t\t\t\t\t\t\t\t\t\t<a class=\"elementor-accordion-title\" tabindex=\"0\">Vlastnosti<\/a>\n\t\t\t\t\t<\/div>\n\t\t\t\t\t<div id=\"elementor-tab-content-2082\" class=\"elementor-tab-content elementor-clearfix\" data-tab=\"2\" role=\"region\" aria-labelledby=\"elementor-tab-title-2082\"><div class=\"su-spoiler-content su-u-clearfix su-u-trim\">\n<p class=\"translation-block\"><div class=\"su-spoiler-content su-u-clearfix su-u-trim\">\n<ul>\n<li><span style=\"font-size: medium\"><span style=\"font-size: medium\"><strong>Polyuretanov\u00e1 p\u011bna <\/strong>poskytuje tlumic\u00ed \u00fa\u010dinek a vysokou absorp\u010dn\u00ed kapacitu a\u017e 14 g\/g. T\u00edm je dosa\u017eeno such\u00e9ho, ale vlhk\u00e9ho prost\u0159edn\u00ed, kter\u00e9 podporuje v\u0161echny f\u00e1ze hojen\u00ed, obzvl\u00e1\u0161t\u011b pak granula\u010dn\u00ed f\u00e1zi a f\u00e1zi epitelizace.<\/span><\/span>T\u00edmto zp\u016fsobem je urychlen proces hojen\u00ed.<\/li>\n<li><span style=\"font-size: medium\"><strong>Vn\u011bj\u0161\u00ed vrstva z polyuretanov\u00e9 f\u00f3lie <\/strong>je vysoce prody\u0161n\u00e1, rychlost prostupu vodn\u00edch par je a\u017e 5000 g\/m2\/24 hodin. To umo\u017e\u0148uje odpa\u0159en\u00ed exsud\u00e1tu r\u00e1ny absorbovan\u00e9ho p\u011bnou, \u010d\u00edm\u017e je zv\u00fd\u0161ena celkov\u00e1 absorpce kapalin a manipula\u010dn\u00ed kapacita kryt\u00ed. Je tak\u00e9 odoln\u00e9 proti bakteri\u00edm a vod\u011b.<\/span><\/li>\n<li><span style=\"font-size: medium\"><strong>St\u0159\u00edbrn\u00e1 s\u00ed\u0165 <\/strong>zamezuje bakteri\u00e1ln\u00ed kolonizaci na kryt\u00ed, a tud\u00ed\u017e zvy\u0161uje dobu no\u0161en\u00ed a sni\u017euje \u010detnost v\u00fdm\u011bny kryt\u00ed. Nab\u00edz\u00ed jak hygienick\u00e9, tak ekonomick\u00e9 v\u00fdhody.<\/span><\/li>\n<\/ul>\n<\/div><\/p>\n<\/div>\n<\/div>\n\t\t\t\t<\/div>\n\t\t\t\t\t\t\t<div class=\"elementor-accordion-item\">\n\t\t\t\t\t<div id=\"elementor-tab-title-2083\" class=\"elementor-tab-title\" data-tab=\"3\" role=\"button\" aria-controls=\"elementor-tab-content-2083\" aria-expanded=\"false\">\n\t\t\t\t\t\t\t\t\t\t\t\t\t<span class=\"elementor-accordion-icon elementor-accordion-icon-left\" aria-hidden=\"true\">\n\t\t\t\t\t\t\t\t\t\t\t\t\t\t\t<span class=\"elementor-accordion-icon-closed\"><i class=\"fas fa-plus\"><\/i><\/span>\n\t\t\t\t\t\t\t\t<span class=\"elementor-accordion-icon-opened\"><i class=\"fas fa-minus\"><\/i><\/span>\n\t\t\t\t\t\t\t\t\t\t\t\t\t\t<\/span>\n\t\t\t\t\t\t\t\t\t\t\t\t<a class=\"elementor-accordion-title\" tabindex=\"0\">Ur\u010den\u00e9 Pou\u017eit\u00ed<\/a>\n\t\t\t\t\t<\/div>\n\t\t\t\t\t<div id=\"elementor-tab-content-2083\" class=\"elementor-tab-content elementor-clearfix\" data-tab=\"3\" role=\"region\" aria-labelledby=\"elementor-tab-title-2083\"><div class=\"su-spoiler-content su-u-clearfix su-u-trim\">\n<p class=\"translation-block\">\u0160k\u00e1la produkt\u016f ESPUMA\u00ae Ag Non-Adhesive m\u016f\u017ee b\u00fdt pou\u017eita pro n\u00e1sleduj\u00edc\u00ed typy ran a v\u0159ed\u016f se st\u0159edn\u00ed a\u017e t\u011b\u017ekou rychlost\u00ed v\u00fdtoku\/exsudace:<\/p>\n<p class=\"translation-block\"><ul>\n<li><span style=\"font-size: medium\">b\u00e9rcov\u00e9 v\u0159edy f\u00e1ze II a povrchov\u00e9 f\u00e1ze III,<\/span><\/li>\n<li><span style=\"font-size: medium\">ulcerace diabetick\u00e9 nohy druh\u00e9ho a t\u0159et\u00edho stupn\u011b,<\/span><\/li>\n<li><span style=\"font-size: medium\">b\u00e9rcov\u00e9 v\u0159edy zp\u016fsoben\u00e9 \u017eiln\u00ed insuficienc\u00ed,<\/span><\/li>\n<li><span style=\"font-size: medium\">arteri\u00e1ln\u00ed v\u0159edy druh\u00e9ho a t\u0159et\u00edho stupn\u011b,<\/span><\/li>\n<li><span style=\"font-size: medium\">pop\u00e1leniny a od\u011brky druh\u00e9ho stupn\u011b,<\/span><\/li>\n<li><span style=\"font-size: medium\">otev\u0159en\u00e9 opera\u010dn\u00ed r\u00e1ny,<\/span><\/li>\n<li><span style=\"font-size: medium\">od\u0159en\u00e1 poko\u017eka.<\/span><\/li>\n<\/ul><\/p>\n<p class=\"translation-block\">ESPUMA\u00ae Ag Non-Adhesive maj\u00ed stejnou indikaci, nab\u00edzej\u00ed v\u0161ak extra profylaktick\u00fd efekt proti infekci pro p\u0159\u00edpad ran, u kter\u00fdch hroz\u00ed vysok\u00e9 riziko infekce.<\/p>\n<\/div>\n<\/div>\n\t\t\t\t<\/div>\n\t\t\t\t\t\t\t<div class=\"elementor-accordion-item\">\n\t\t\t\t\t<div id=\"elementor-tab-title-2084\" class=\"elementor-tab-title\" data-tab=\"4\" role=\"button\" aria-controls=\"elementor-tab-content-2084\" aria-expanded=\"false\">\n\t\t\t\t\t\t\t\t\t\t\t\t\t<span class=\"elementor-accordion-icon elementor-accordion-icon-left\" aria-hidden=\"true\">\n\t\t\t\t\t\t\t\t\t\t\t\t\t\t\t<span class=\"elementor-accordion-icon-closed\"><i class=\"fas fa-plus\"><\/i><\/span>\n\t\t\t\t\t\t\t\t<span class=\"elementor-accordion-icon-opened\"><i class=\"fas fa-minus\"><\/i><\/span>\n\t\t\t\t\t\t\t\t\t\t\t\t\t\t<\/span>\n\t\t\t\t\t\t\t\t\t\t\t\t<a class=\"elementor-accordion-title\" tabindex=\"0\">Kontraindikace<\/a>\n\t\t\t\t\t<\/div>\n\t\t\t\t\t<div id=\"elementor-tab-content-2084\" class=\"elementor-tab-content elementor-clearfix\" data-tab=\"4\" role=\"region\" aria-labelledby=\"elementor-tab-title-2084\"><p class=\"translation-block\"><div class=\"su-spoiler-content su-u-clearfix su-u-trim\">\n<ul>\n<li><span style=\"font-size: medium\">Produktov\u00e1 \u0159ada <strong>ESPUMA\u00ae Ag Non-Adhesive<\/strong> nesm\u00ed b\u00fdt aplikov\u00e1na na such\u00e9 r\u00e1ny nebo odum\u0159elou tk\u00e1\u0148.<\/span><\/li>\n<li><span style=\"font-size: medium\">Produktov\u00e1 \u0159ada <strong>ESPUMA\u00ae Ag Non-Adhesive<\/strong> nesm\u00ed b\u00fdt pou\u017eita u ran, kter\u00e9 zasahuj\u00ed ke kostem nebo sval\u016fm.<\/span><\/li>\n<li><span style=\"font-size: medium\">V p\u0159\u00edpad\u011b produkt\u016f s antimikrobi\u00e1ln\u00edmi ionty st\u0159\u00edbra m\u00e1me omezen\u00e9 zku\u0161enosti s pou\u017eit\u00edm u novorozenc\u016f, nemluv\u0148at a v pr\u016fb\u011bhu t\u011bhotenstv\u00ed.<\/span><\/li>\n<\/ul>\n<\/div><\/p>\n<\/div>\n\t\t\t\t<\/div>\n\t\t\t\t\t\t\t<div class=\"elementor-accordion-item\">\n\t\t\t\t\t<div id=\"elementor-tab-title-2085\" class=\"elementor-tab-title\" data-tab=\"5\" role=\"button\" aria-controls=\"elementor-tab-content-2085\" aria-expanded=\"false\">\n\t\t\t\t\t\t\t\t\t\t\t\t\t<span class=\"elementor-accordion-icon elementor-accordion-icon-left\" aria-hidden=\"true\">\n\t\t\t\t\t\t\t\t\t\t\t\t\t\t\t<span class=\"elementor-accordion-icon-closed\"><i class=\"fas fa-plus\"><\/i><\/span>\n\t\t\t\t\t\t\t\t<span class=\"elementor-accordion-icon-opened\"><i class=\"fas fa-minus\"><\/i><\/span>\n\t\t\t\t\t\t\t\t\t\t\t\t\t\t<\/span>\n\t\t\t\t\t\t\t\t\t\t\t\t<a class=\"elementor-accordion-title\" tabindex=\"0\">Preventivn\u00ed opat\u0159en\u00ed<\/a>\n\t\t\t\t\t<\/div>\n\t\t\t\t\t<div id=\"elementor-tab-content-2085\" class=\"elementor-tab-content elementor-clearfix\" data-tab=\"5\" role=\"region\" aria-labelledby=\"elementor-tab-title-2085\"><\/div>\n\t\t\t\t<\/div>\n\t\t\t\t\t\t\t<div class=\"elementor-accordion-item\">\n\t\t\t\t\t<div id=\"elementor-tab-title-2086\" class=\"elementor-tab-title\" data-tab=\"6\" role=\"button\" aria-controls=\"elementor-tab-content-2086\" aria-expanded=\"false\">\n\t\t\t\t\t\t\t\t\t\t\t\t\t<span class=\"elementor-accordion-icon elementor-accordion-icon-left\" aria-hidden=\"true\">\n\t\t\t\t\t\t\t\t\t\t\t\t\t\t\t<span class=\"elementor-accordion-icon-closed\"><i class=\"fas fa-plus\"><\/i><\/span>\n\t\t\t\t\t\t\t\t<span class=\"elementor-accordion-icon-opened\"><i class=\"fas fa-minus\"><\/i><\/span>\n\t\t\t\t\t\t\t\t\t\t\t\t\t\t<\/span>\n\t\t\t\t\t\t\t\t\t\t\t\t<a class=\"elementor-accordion-title\" tabindex=\"0\">Diagram vrstev<\/a>\n\t\t\t\t\t<\/div>\n\t\t\t\t\t<div id=\"elementor-tab-content-2086\" class=\"elementor-tab-content elementor-clearfix\" data-tab=\"6\" role=\"region\" aria-labelledby=\"elementor-tab-title-2086\"><\/div>\n\t\t\t\t<\/div>\n\t\t\t\t\t\t\t<div class=\"elementor-accordion-item\">\n\t\t\t\t\t<div id=\"elementor-tab-title-2087\" class=\"elementor-tab-title\" data-tab=\"7\" role=\"button\" aria-controls=\"elementor-tab-content-2087\" aria-expanded=\"false\">\n\t\t\t\t\t\t\t\t\t\t\t\t\t<span class=\"elementor-accordion-icon elementor-accordion-icon-left\" aria-hidden=\"true\">\n\t\t\t\t\t\t\t\t\t\t\t\t\t\t\t<span class=\"elementor-accordion-icon-closed\"><i class=\"fas fa-plus\"><\/i><\/span>\n\t\t\t\t\t\t\t\t<span class=\"elementor-accordion-icon-opened\"><i class=\"fas fa-minus\"><\/i><\/span>\n\t\t\t\t\t\t\t\t\t\t\t\t\t\t<\/span>\n\t\t\t\t\t\t\t\t\t\t\t\t<a class=\"elementor-accordion-title\" tabindex=\"0\">Frekvence v\u00fdm\u011bny<\/a>\n\t\t\t\t\t<\/div>\n\t\t\t\t\t<div id=\"elementor-tab-content-2087\" class=\"elementor-tab-content elementor-clearfix\" data-tab=\"7\" role=\"region\" aria-labelledby=\"elementor-tab-title-2087\"><\/div>\n\t\t\t\t<\/div>\n\t\t\t\t\t\t\t<div class=\"elementor-accordion-item\">\n\t\t\t\t\t<div id=\"elementor-tab-title-2088\" class=\"elementor-tab-title\" data-tab=\"8\" role=\"button\" aria-controls=\"elementor-tab-content-2088\" aria-expanded=\"false\">\n\t\t\t\t\t\t\t\t\t\t\t\t\t<span class=\"elementor-accordion-icon elementor-accordion-icon-left\" aria-hidden=\"true\">\n\t\t\t\t\t\t\t\t\t\t\t\t\t\t\t<span class=\"elementor-accordion-icon-closed\"><i class=\"fas fa-plus\"><\/i><\/span>\n\t\t\t\t\t\t\t\t<span class=\"elementor-accordion-icon-opened\"><i class=\"fas fa-minus\"><\/i><\/span>\n\t\t\t\t\t\t\t\t\t\t\t\t\t\t<\/span>\n\t\t\t\t\t\t\t\t\t\t\t\t<a class=\"elementor-accordion-title\" tabindex=\"0\">Jak to funguje?<\/a>\n\t\t\t\t\t<\/div>\n\t\t\t\t\t<div id=\"elementor-tab-content-2088\" class=\"elementor-tab-content elementor-clearfix\" data-tab=\"8\" role=\"region\" aria-labelledby=\"elementor-tab-title-2088\"><\/div>\n\t\t\t\t<\/div>\n\t\t\t\t\t\t\t<div class=\"elementor-accordion-item\">\n\t\t\t\t\t<div id=\"elementor-tab-title-2089\" class=\"elementor-tab-title\" data-tab=\"9\" role=\"button\" aria-controls=\"elementor-tab-content-2089\" aria-expanded=\"false\">\n\t\t\t\t\t\t\t\t\t\t\t\t\t<span class=\"elementor-accordion-icon elementor-accordion-icon-left\" aria-hidden=\"true\">\n\t\t\t\t\t\t\t\t\t\t\t\t\t\t\t<span class=\"elementor-accordion-icon-closed\"><i class=\"fas fa-plus\"><\/i><\/span>\n\t\t\t\t\t\t\t\t<span class=\"elementor-accordion-icon-opened\"><i class=\"fas fa-minus\"><\/i><\/span>\n\t\t\t\t\t\t\t\t\t\t\t\t\t\t<\/span>\n\t\t\t\t\t\t\t\t\t\t\t\t<a class=\"elementor-accordion-title\" tabindex=\"0\">\u017divotnost<\/a>\n\t\t\t\t\t<\/div>\n\t\t\t\t\t<div id=\"elementor-tab-content-2089\" class=\"elementor-tab-content elementor-clearfix\" data-tab=\"9\" role=\"region\" aria-labelledby=\"elementor-tab-title-2089\"><\/div>\n\t\t\t\t<\/div>\n\t\t\t\t\t\t\t\t<\/div>\n\t\t\t\t\t\t<\/div>\n\t\t\t\t<\/div>\n\t\t\t\t\t<\/div>\n\t\t<\/div>\n\t\t\t\t\t<\/div>\n\t\t<\/section>\n\t\t\t\t<\/div>\n\t\t                        <\/div>\n                    <\/div>\n                                    <div class=\"tab-pane elementkit-tab-pane elementor-repeater-item-9b61f69\" id=\"content-9b61f6969e1cdf45e6e4\" role=\"tabpanel\"\n                         aria-labelledby=\"content-9b61f6969e1cdf45e6e4-tab\">\n                        <div class=\"animated fadeIn\">\n                            <p>1. R\u00e1nu vy\u010dist\u011bte podle m\u00edstn\u00edch klinick\u00fdch protokol\u016f.<br \/>2. Zvolte p\u0159im\u011b\u0159enou velikost kry\udbc0\udda1 tak, aby p\u0159esahovalo okraje r\u00e1ny alespo\u0148 o dva centimetry.<br \/>3. Aseptickou technikou vyjm\u011bte z obalu steriln\u00ed kry\udbc0\udda1.<br \/><strong>Varianty Non-adhesive:<\/strong><br \/>1. Non-Adhesive variants can be cut to fit awkward areas. When used under compression therapy, the dressing must be cut<br \/>to the size of the wound.<br \/>2. P\u0159ilo\u017ete kry\udbc0\udda1 na r\u00e1nu.<br \/>3. K aplikaci a zaji\u0161t\u011bn\u00ed kry\udbc0\udda1 by se m\u011blo pou\u017e\u00edt kry\udbc0\udda1 se sekund\u00e1rn\u00ed vrstvou nebo odpov\u00eddaj\u00edc\u00ed obvaz.<\/p>                        <\/div>\n                    <\/div>\n                                    <div class=\"tab-pane elementkit-tab-pane elementor-repeater-item-0415b93\" id=\"content-0415b9369e1cdf45e6e4\" role=\"tabpanel\"\n                         aria-labelledby=\"content-0415b9369e1cdf45e6e4-tab\">\n                        <div class=\"animated fadeIn\">\n                            <table><tbody><tr><td width=\"162\"><p><strong>Espuma<\/strong><strong>\u00ae<\/strong><strong> Sealed Edges <\/strong><\/p><\/td><td width=\"130\"><p><strong>Size<\/strong><\/p><\/td><td width=\"126\"><p><strong>Pieces\/Case<\/strong><\/p><\/td><td width=\"144\"><p><strong>Boxes\/Case <\/strong><\/p><\/td><\/tr><tr><td width=\"162\"><p>ESPUMAS5050<\/p><\/td><td width=\"130\"><p>50&#215;50 mm<\/p><\/td><td width=\"126\"><p>10<\/p><\/td><td width=\"144\"><p>48<\/p><\/td><\/tr><tr><td width=\"162\"><p>ESPUMAS7575<\/p><\/td><td width=\"130\"><p>75&#215;75 mm<\/p><\/td><td width=\"126\"><p>10<\/p><\/td><td width=\"144\"><p>48<\/p><\/td><\/tr><tr><td width=\"162\"><p>ESPUMAS75100<\/p><\/td><td width=\"130\"><p>75&#215;100 mm<\/p><\/td><td width=\"126\"><p>10<\/p><\/td><td width=\"144\"><p>48<\/p><\/td><\/tr><tr><td width=\"162\"><p>ESPUMAS100100<\/p><\/td><td width=\"130\"><p>100&#215;100 mm<\/p><\/td><td width=\"126\"><p>10<\/p><\/td><td width=\"144\"><p>48<\/p><\/td><\/tr><tr><td width=\"162\"><p>ESPUMAS100150<\/p><\/td><td width=\"130\"><p>100 x 150 mm<\/p><\/td><td width=\"126\"><p><strong>5<\/strong><\/p><\/td><td width=\"144\"><p>24<\/p><\/td><\/tr><tr><td width=\"162\"><p>ESPUMAS100200<\/p><\/td><td width=\"130\"><p>100 x 200 mm<\/p><\/td><td width=\"126\"><p><strong>5<\/strong><\/p><\/td><td width=\"144\"><p>24<\/p><\/td><\/tr><tr><td width=\"162\"><p>ESPUMAS50<\/p><\/td><td width=\"130\"><p>50\u00d8 mm circular<\/p><\/td><td width=\"126\"><p><strong>10<\/strong><\/p><\/td><td width=\"144\"><p>48<\/p><\/td><\/tr><tr><td width=\"162\"><p>ESPUMAS100250<\/p><\/td><td width=\"130\"><p>100&#215;250 mm<\/p><\/td><td width=\"126\"><p><strong>5<\/strong><\/p><\/td><td width=\"144\"><p>24<\/p><\/td><\/tr><tr><td width=\"162\"><p>ESPUMAS120130<\/p><\/td><td width=\"130\"><p>120 x 130 mm Heel<\/p><\/td><td width=\"126\"><p><strong>3<\/strong><\/p><\/td><td width=\"144\"><p>24<\/p><\/td><\/tr><\/tbody><\/table><p>Jin\u00e9 velikosti jsou k dispozici na vy\u017e\u00e1d\u00e1n\u00ed.<\/p>                        <\/div>\n                    <\/div>\n                                    <div class=\"tab-pane elementkit-tab-pane elementor-repeater-item-72a341e\" id=\"content-72a341e69e1cdf45e6e4\" role=\"tabpanel\"\n                         aria-labelledby=\"content-72a341e69e1cdf45e6e4-tab\">\n                        <div class=\"animated fadeIn\">\n                            <p><a href=\"https:\/\/pharmaplast-online.net\/wp-content\/uploads\/2025\/06\/Espuma-Exulock-Family-brochure.pdf\">Espuma Exulock Family brochure<\/a><\/p><p><img decoding=\"async\" class=\"alignnone wp-image-20471\" src=\"https:\/\/pharmaplast-online.net\/wp-content\/uploads\/2025\/06\/broucher-300x105.png\" alt=\"\" width=\"134\" height=\"47\" srcset=\"https:\/\/pharmaplast-online.net\/wp-content\/uploads\/2025\/06\/broucher-300x105.png 300w, https:\/\/pharmaplast-online.net\/wp-content\/uploads\/2025\/06\/broucher-18x6.png 18w, https:\/\/pharmaplast-online.net\/wp-content\/uploads\/2025\/06\/broucher-24x8.png 24w, https:\/\/pharmaplast-online.net\/wp-content\/uploads\/2025\/06\/broucher-36x13.png 36w, https:\/\/pharmaplast-online.net\/wp-content\/uploads\/2025\/06\/broucher-48x17.png 48w, https:\/\/pharmaplast-online.net\/wp-content\/uploads\/2025\/06\/broucher-600x211.png 600w, https:\/\/pharmaplast-online.net\/wp-content\/uploads\/2025\/06\/broucher.png 640w\" sizes=\"(max-width: 134px) 100vw, 134px\" \/><\/p>                        <\/div>\n                    <\/div>\n                                \n            <\/div>\n                    <\/div>\n    <\/div>\t\t\t\t<\/div>\n\t\t\t\t<\/div>\n\t\t\t\t\t<\/div>\n\t\t<\/div>\n\t\t\t\t\t<\/div>\n\t\t<\/section>\n\t\t\t\t<\/div>","protected":false},"excerpt":{"rendered":"<p>Antimicrobial highly retentive foam dressing<\/p>","protected":false},"featured_media":18160,"comment_status":"open","ping_status":"closed","template":"","meta":[],"product_brand":[],"product_cat":[266,283,281],"product_tag":[],"class_list":{"0":"post-8042","1":"product","2":"type-product","3":"status-publish","4":"has-post-thumbnail","6":"product_cat-anti-microbial-wound-care","7":"product_cat-foams-silver-ag","8":"product_cat-silver-ag","9":"new","11":"first","12":"instock","13":"shipping-taxable","14":"product-type-simple"},"acf":[],"_links":{"self":[{"href":"https:\/\/pharmaplast-online.net\/cs\/wp-json\/wp\/v2\/product\/8042","targetHints":{"allow":["GET"]}}],"collection":[{"href":"https:\/\/pharmaplast-online.net\/cs\/wp-json\/wp\/v2\/product"}],"about":[{"href":"https:\/\/pharmaplast-online.net\/cs\/wp-json\/wp\/v2\/types\/product"}],"replies":[{"embeddable":true,"href":"https:\/\/pharmaplast-online.net\/cs\/wp-json\/wp\/v2\/comments?post=8042"}],"version-history":[{"count":24,"href":"https:\/\/pharmaplast-online.net\/cs\/wp-json\/wp\/v2\/product\/8042\/revisions"}],"predecessor-version":[{"id":20664,"href":"https:\/\/pharmaplast-online.net\/cs\/wp-json\/wp\/v2\/product\/8042\/revisions\/20664"}],"wp:featuredmedia":[{"embeddable":true,"href":"https:\/\/pharmaplast-online.net\/cs\/wp-json\/wp\/v2\/media\/18160"}],"wp:attachment":[{"href":"https:\/\/pharmaplast-online.net\/cs\/wp-json\/wp\/v2\/media?parent=8042"}],"wp:term":[{"taxonomy":"product_brand","embeddable":true,"href":"https:\/\/pharmaplast-online.net\/cs\/wp-json\/wp\/v2\/product_brand?post=8042"},{"taxonomy":"product_cat","embeddable":true,"href":"https:\/\/pharmaplast-online.net\/cs\/wp-json\/wp\/v2\/product_cat?post=8042"},{"taxonomy":"product_tag","embeddable":true,"href":"https:\/\/pharmaplast-online.net\/cs\/wp-json\/wp\/v2\/product_tag?post=8042"}],"curies":[{"name":"wp","href":"https:\/\/api.w.org\/{rel}","templated":true}]}}