{"id":8121,"date":"2022-12-19T15:11:21","date_gmt":"2022-12-19T15:11:21","guid":{"rendered":"https:\/\/pharmaplast.mediagate-egy.com\/?post_type=product&#038;p=8121"},"modified":"2024-11-23T18:04:05","modified_gmt":"2024-11-23T18:04:05","slug":"cure-aid-dressing-strip-lipo","status":"publish","type":"product","link":"https:\/\/pharmaplast-online.net\/cs\/produkt\/cure-aid-dressing-strip-lipo\/","title":{"rendered":"Cure-Aid\u00ae Dressing Strip Lipo"},"content":{"rendered":"<div data-elementor-type=\"wp-post\" data-elementor-id=\"8121\" class=\"elementor elementor-8121\" data-elementor-post-type=\"product\">\n\t\t\t\t\t\t<section class=\"elementor-section elementor-top-section elementor-element elementor-element-ad66d50 elementor-section-boxed elementor-section-height-default elementor-section-height-default qodef-elementor-content-no\" data-id=\"ad66d50\" data-element_type=\"section\" data-e-type=\"section\" data-settings=\"{&quot;ekit_has_onepagescroll_dot&quot;:&quot;yes&quot;}\">\n\t\t\t\t\t\t<div class=\"elementor-container elementor-column-gap-default\">\n\t\t\t\t\t<div class=\"elementor-column elementor-col-100 elementor-top-column elementor-element elementor-element-2e97c83\" data-id=\"2e97c83\" data-element_type=\"column\" data-e-type=\"column\">\n\t\t\t<div class=\"elementor-widget-wrap elementor-element-populated\">\n\t\t\t\t\t\t<div class=\"elementor-element elementor-element-3b81e37 elementor-widget elementor-widget-elementskit-simple-tab\" data-id=\"3b81e37\" data-element_type=\"widget\" data-e-type=\"widget\" data-settings=\"{&quot;ekit_we_effect_on&quot;:&quot;none&quot;}\" data-widget_type=\"elementskit-simple-tab.default\">\n\t\t\t\t<div class=\"elementor-widget-container\">\n\t\t\t\t\t<div class=\"ekit-wid-con\" >        <div class=\"elementkit-tab-wraper\">\n            <ul class=\"nav nav-tabs elementkit-tab-nav  elementskit-fullwidth-tab\">\n                                    <li class=\"elementkit-nav-item elementor-repeater-item-d0363a9\">\n                        <a class=\"elementkit-nav-link  active show left-pos\" id=\"content-d0363a969f03b5c049c2-tab\" data-ekit-handler-id=\"product-info\" data-ekit-toggle=\"tab\" data-target=\"#content-d0363a969f03b5c049c2\" href=\"#Content-d0363a969f03b5c049c2\"\n                            data-ekit-toggle-trigger=\"click\"\n                            aria-describedby=\"Content-d0363a969f03b5c049c2\">\n                            <span class=\"elementskit-tab-icon\"><\/span>                            <span class=\"elementskit-tab-title\">Informace o Produktu<\/span>\n                        <\/a>\n                    <\/li>\n                                        <li class=\"elementkit-nav-item elementor-repeater-item-23affad\">\n                        <a class=\"elementkit-nav-link  left-pos\" id=\"content-23affad69f03b5c049c2-tab\" data-ekit-handler-id=\"how-to-use\" data-ekit-toggle=\"tab\" data-target=\"#content-23affad69f03b5c049c2\" href=\"#Content-23affad69f03b5c049c2\"\n                            data-ekit-toggle-trigger=\"click\"\n                            aria-describedby=\"Content-23affad69f03b5c049c2\">\n                            <span class=\"elementskit-tab-icon\"><\/span>                            <span class=\"elementskit-tab-title\">N\u00e1vod k pou\u017eit\u00ed<\/span>\n                        <\/a>\n                    <\/li>\n                                        <li class=\"elementkit-nav-item elementor-repeater-item-35f92e9\">\n                        <a class=\"elementkit-nav-link  left-pos\" id=\"content-35f92e969f03b5c049c2-tab\" data-ekit-handler-id=\"sizes-codes\" data-ekit-toggle=\"tab\" data-target=\"#content-35f92e969f03b5c049c2\" href=\"#Content-35f92e969f03b5c049c2\"\n                            data-ekit-toggle-trigger=\"click\"\n                            aria-describedby=\"Content-35f92e969f03b5c049c2\">\n                            <span class=\"elementskit-tab-icon\"><\/span>                            <span class=\"elementskit-tab-title\">Velikosti a K\u00f3dy<\/span>\n                        <\/a>\n                    <\/li>\n                                        <li class=\"elementkit-nav-item elementor-repeater-item-7ed4720\">\n                        <a class=\"elementkit-nav-link  left-pos\" id=\"content-7ed472069f03b5c049c2-tab\" data-ekit-handler-id=\"downloads\" data-ekit-toggle=\"tab\" data-target=\"#content-7ed472069f03b5c049c2\" href=\"#Content-7ed472069f03b5c049c2\"\n                            data-ekit-toggle-trigger=\"click\"\n                            aria-describedby=\"Content-7ed472069f03b5c049c2\">\n                            <span class=\"elementskit-tab-icon\"><\/span>                            <span class=\"elementskit-tab-title\">Sta\u017een\u00ed<\/span>\n                        <\/a>\n                    <\/li>\n                                <\/ul>\n\n            <div class=\"tab-content elementkit-tab-content\">\n                                    <div class=\"tab-pane elementkit-tab-pane elementor-repeater-item-d0363a9  active show\" id=\"content-d0363a969f03b5c049c2\" role=\"tabpanel\"\n                         aria-labelledby=\"content-d0363a969f03b5c049c2-tab\">\n                        <div class=\"animated fadeIn\">\n                            <h3>Informace o Produktu<\/h3>\t\t<div data-elementor-type=\"section\" data-elementor-id=\"8585\" class=\"elementor elementor-8585\" data-elementor-post-type=\"elementor_library\">\n\t\t\t\t\t<section class=\"elementor-section elementor-top-section elementor-element elementor-element-3c9a5a4 elementor-section-boxed elementor-section-height-default elementor-section-height-default qodef-elementor-content-no\" data-id=\"3c9a5a4\" data-element_type=\"section\" data-e-type=\"section\" data-settings=\"{&quot;ekit_has_onepagescroll_dot&quot;:&quot;yes&quot;}\">\n\t\t\t\t\t\t<div class=\"elementor-container elementor-column-gap-default\">\n\t\t\t\t\t<div class=\"elementor-column elementor-col-100 elementor-top-column elementor-element elementor-element-8fd3e15\" data-id=\"8fd3e15\" data-element_type=\"column\" data-e-type=\"column\">\n\t\t\t<div class=\"elementor-widget-wrap elementor-element-populated\">\n\t\t\t\t\t\t<div class=\"elementor-element elementor-element-c6fd92e elementor-widget elementor-widget-accordion\" data-id=\"c6fd92e\" data-element_type=\"widget\" data-e-type=\"widget\" data-settings=\"{&quot;ekit_we_effect_on&quot;:&quot;none&quot;}\" data-widget_type=\"accordion.default\">\n\t\t\t\t<div class=\"elementor-widget-container\">\n\t\t\t\t\t\t\t<div class=\"elementor-accordion\">\n\t\t\t\t\t\t\t<div class=\"elementor-accordion-item\">\n\t\t\t\t\t<div id=\"elementor-tab-title-2081\" class=\"elementor-tab-title\" data-tab=\"1\" role=\"button\" aria-controls=\"elementor-tab-content-2081\" aria-expanded=\"false\">\n\t\t\t\t\t\t\t\t\t\t\t\t\t<span class=\"elementor-accordion-icon elementor-accordion-icon-left\" aria-hidden=\"true\">\n\t\t\t\t\t\t\t\t\t\t\t\t\t\t\t<span class=\"elementor-accordion-icon-closed\"><i class=\"fas fa-plus\"><\/i><\/span>\n\t\t\t\t\t\t\t\t<span class=\"elementor-accordion-icon-opened\"><i class=\"fas fa-minus\"><\/i><\/span>\n\t\t\t\t\t\t\t\t\t\t\t\t\t\t<\/span>\n\t\t\t\t\t\t\t\t\t\t\t\t<a class=\"elementor-accordion-title\" tabindex=\"0\">Popis<\/a>\n\t\t\t\t\t<\/div>\n\t\t\t\t\t<div id=\"elementor-tab-content-2081\" class=\"elementor-tab-content elementor-clearfix\" data-tab=\"1\" role=\"region\" aria-labelledby=\"elementor-tab-title-2081\"><div class=\"su-spoiler-content su-u-clearfix su-u-trim\">\n<p class=\"translation-block\"><div class=\"su-spoiler-content su-u-clearfix su-u-trim\">\n<p><span style=\"font-size: 12pt\"><strong>Cure-Aid\u00ae Dressing Strip Lipo:<\/strong> Adhezivn\u00ed obvazy pro men\u0161\u00ed r\u00e1ny, je mo\u017en\u00e9 je st\u0159\u00edhat na vhodnou velikost.<\/span><\/p>\n<p><span style=\"font-size: 12pt\">Lipokoloidn\u00ed obvazy jsou absorp\u010dn\u00ed nep\u0159ilnav\u00e9 obvazy. Skl\u00e1daj\u00ed se z gelov\u00e9 nep\u0159ilnav\u00e9 lipokoloidn\u00ed vrstvy, kter\u00e1 p\u0159ich\u00e1z\u00ed do styku s r\u00e1nou, tvo\u0159enou polyesterovou s\u00ed\u0165kou napu\u0161t\u011bnou superabsorp\u010dn\u00edm pr\u00e1\u0161kem, vazel\u00ednou a p\u0159ilnav\u00fdmi polymery.<\/span><\/p>\n<p><span style=\"font-size: 12pt\">Lipokoloidn\u00ed vrstva, kter\u00e1 p\u0159ich\u00e1z\u00ed do styku s r\u00e1nou, je laminov\u00e1na na absorp\u010dn\u00ed netkan\u00e9 chm\u00fd\u0159\u00ed.<\/span><\/p>\n<\/div><\/p>\n<\/div>\n<\/div>\n\t\t\t\t<\/div>\n\t\t\t\t\t\t\t<div class=\"elementor-accordion-item\">\n\t\t\t\t\t<div id=\"elementor-tab-title-2082\" class=\"elementor-tab-title\" data-tab=\"2\" role=\"button\" aria-controls=\"elementor-tab-content-2082\" aria-expanded=\"false\">\n\t\t\t\t\t\t\t\t\t\t\t\t\t<span class=\"elementor-accordion-icon elementor-accordion-icon-left\" aria-hidden=\"true\">\n\t\t\t\t\t\t\t\t\t\t\t\t\t\t\t<span class=\"elementor-accordion-icon-closed\"><i class=\"fas fa-plus\"><\/i><\/span>\n\t\t\t\t\t\t\t\t<span class=\"elementor-accordion-icon-opened\"><i class=\"fas fa-minus\"><\/i><\/span>\n\t\t\t\t\t\t\t\t\t\t\t\t\t\t<\/span>\n\t\t\t\t\t\t\t\t\t\t\t\t<a class=\"elementor-accordion-title\" tabindex=\"0\">Vlastnosti<\/a>\n\t\t\t\t\t<\/div>\n\t\t\t\t\t<div id=\"elementor-tab-content-2082\" class=\"elementor-tab-content elementor-clearfix\" data-tab=\"2\" role=\"region\" aria-labelledby=\"elementor-tab-title-2082\"><div class=\"su-spoiler-content su-u-clearfix su-u-trim\">\n<ul>\n<li><span style=\"font-size: 12pt\"><strong><strong>Hojen\u00ed ve vlhk\u00e9m prost\u0159ed\u00ed:<\/strong><\/strong><\/span><\/li>\n<\/ul>\n<p><span style=\"font-size: 12pt\">Hydrokoloidn\u00ed \u010d\u00e1stice gelu po absorpci exsud\u00e1t\u016f z r\u00e1ny vytv\u00e1\u0159\u00ed vlhk\u00e9 prost\u0159ed\u00ed p\u0159\u00edzniv\u00e9 k hojen\u00ed r\u00e1ny.<\/span><\/p>\n<ul>\n<li><span style=\"font-size: 12pt\"><strong>Bezbolestn\u00e9 a atraumatick\u00e9 odstran\u011bn\u00ed:<\/strong><\/span><\/li>\n<\/ul>\n<p><span style=\"font-size: 12pt\">Vzhledem ke sv\u00e9 tukov\u00e9, a p\u0159esto nemastn\u00e9 povaze, a d\u00edky tvorb\u011b gelu p\u0159i kontaktu s exsud\u00e1ty, je odstran\u011bn\u00ed lipokoloidn\u00edch obvaz\u016f bezbolestn\u00e9 a atraumatick\u00e9 pro r\u00e1nu.<\/span><\/p>\n<ul>\n<li><span style=\"font-size: 12pt\"><strong><strong>Absorbent:<\/strong><\/strong><\/span><\/li>\n<\/ul>\n<p><span style=\"font-size: 12pt\">Laminov\u00e1n\u00ed na netkanou absorp\u010dn\u00ed vrstvu umo\u017e\u0148uje obvazu zvl\u00e1dat r\u016fzn\u00e9 \u00farovn\u011b exsud\u00e1t\u016f.<\/span><\/p>\n<ul>\n<li><span style=\"font-size: 12pt\"><strong>Okam\u017eit\u00e1 absorpce:<\/strong><\/span><\/li>\n<\/ul>\n<p><span style=\"font-size: 12pt\">Exsud\u00e1ty snadno projdou otvory v lipokoloidn\u00ed s\u00ed\u0165ce do vrstvy absorbentu.<\/span><\/p>\n<ul>\n<li><span style=\"font-size: 12pt\"><strong>Exsud\u00e1ty zadr\u017een\u00e9 i pod tlakem:<\/strong><\/span><\/li>\n<\/ul>\n<p><span style=\"font-size: 12pt\">Vlo\u017eka dok\u00e1\u017ee udr\u017eet absorbovan\u00e9 exsud\u00e1ty i p\u0159i stla\u010den\u00ed; to zabra\u0148uje maceraci a zachov\u00e1v\u00e1 vlhk\u00e9 povrchov\u00e9 prost\u0159ed\u00ed pro usnadn\u011bn\u00ed hojen\u00ed ran.<\/span><\/p>\n<ul>\n<li><span style=\"font-size: 12pt\"><strong>Vysoce p\u0159izp\u016fsobiv\u00e9:<\/strong><\/span><\/li>\n<\/ul>\n<p><span style=\"font-size: 12pt\">Obvaz je velmi m\u011bkk\u00fd a p\u0159izp\u016fsobiv\u00fd, proto se dob\u0159e uzp\u016fsob\u00ed tvar\u016fm r\u00e1ny.<\/span><\/p>\n<ul>\n<li><span style=\"font-size: 12pt\"><strong>Podporujte rychl\u00e9 hojen\u00ed stimulac\u00ed proliferace fibroblast\u016f.<\/strong><\/span><\/li>\n<\/ul>\n<\/div>\n<\/div>\n\t\t\t\t<\/div>\n\t\t\t\t\t\t\t<div class=\"elementor-accordion-item\">\n\t\t\t\t\t<div id=\"elementor-tab-title-2083\" class=\"elementor-tab-title\" data-tab=\"3\" role=\"button\" aria-controls=\"elementor-tab-content-2083\" aria-expanded=\"false\">\n\t\t\t\t\t\t\t\t\t\t\t\t\t<span class=\"elementor-accordion-icon elementor-accordion-icon-left\" aria-hidden=\"true\">\n\t\t\t\t\t\t\t\t\t\t\t\t\t\t\t<span class=\"elementor-accordion-icon-closed\"><i class=\"fas fa-plus\"><\/i><\/span>\n\t\t\t\t\t\t\t\t<span class=\"elementor-accordion-icon-opened\"><i class=\"fas fa-minus\"><\/i><\/span>\n\t\t\t\t\t\t\t\t\t\t\t\t\t\t<\/span>\n\t\t\t\t\t\t\t\t\t\t\t\t<a class=\"elementor-accordion-title\" tabindex=\"0\">Ur\u010den\u00e9 Pou\u017eit\u00ed<\/a>\n\t\t\t\t\t<\/div>\n\t\t\t\t\t<div id=\"elementor-tab-content-2083\" class=\"elementor-tab-content elementor-clearfix\" data-tab=\"3\" role=\"region\" aria-labelledby=\"elementor-tab-title-2083\"><div class=\"su-spoiler-content su-u-clearfix su-u-trim\">\n<p><span style=\"font-size: 12pt\"><span style=\"font-size: 12pt\">ou\u017e\u00edvaj\u00ed se jako prim\u00e1rn\u00ed obvazy na p\u0159ekryt\u00ed men\u0161\u00edch ran, aby absorbovaly jak\u00fdkoli exsud\u00e1t a zajistily vlhk\u00e9 prost\u0159ed\u00ed p\u0159\u00edzniv\u00e9 pro hojen\u00ed.<\/span><\/span><\/p>\n<\/div>\n<\/div>\n\t\t\t\t<\/div>\n\t\t\t\t\t\t\t<div class=\"elementor-accordion-item\">\n\t\t\t\t\t<div id=\"elementor-tab-title-2084\" class=\"elementor-tab-title\" data-tab=\"4\" role=\"button\" aria-controls=\"elementor-tab-content-2084\" aria-expanded=\"false\">\n\t\t\t\t\t\t\t\t\t\t\t\t\t<span class=\"elementor-accordion-icon elementor-accordion-icon-left\" aria-hidden=\"true\">\n\t\t\t\t\t\t\t\t\t\t\t\t\t\t\t<span class=\"elementor-accordion-icon-closed\"><i class=\"fas fa-plus\"><\/i><\/span>\n\t\t\t\t\t\t\t\t<span class=\"elementor-accordion-icon-opened\"><i class=\"fas fa-minus\"><\/i><\/span>\n\t\t\t\t\t\t\t\t\t\t\t\t\t\t<\/span>\n\t\t\t\t\t\t\t\t\t\t\t\t<a class=\"elementor-accordion-title\" tabindex=\"0\">Kontraindikace<\/a>\n\t\t\t\t\t<\/div>\n\t\t\t\t\t<div id=\"elementor-tab-content-2084\" class=\"elementor-tab-content elementor-clearfix\" data-tab=\"4\" role=\"region\" aria-labelledby=\"elementor-tab-title-2084\"><div class=\"su-spoiler-content su-u-clearfix su-u-trim\">\n<ol>\n<li><span style=\"font-size: 12pt\"><span style=\"font-size: 14pt\">Nepou\u017e\u00edvejte v p\u0159\u00edpad\u011b citlivosti na jak\u00e9koli slo\u017eky v\u00fdrobku.<\/span><\/span><\/li>\n<li><span style=\"font-size: 12pt\">V\u00fdrobek je steriln\u00ed, nepou\u017e\u00edvejte ho, pokud je obal po\u0161kozen\u00fd.<\/span><\/li>\n<li><span style=\"font-size: 12pt\">V\u00fdrobek je neokluzivn\u00ed, tak\u017ee by mohl b\u00fdt pod l\u00e9ka\u0159sk\u00fdm dohledem pou\u017eit na infikovan\u00e9 r\u00e1ny. Obvaz se mus\u00ed m\u011bnit denn\u011b.<\/span><\/li>\n<li><span style=\"font-size: 12pt\">Skladujte v\u00fdrobek naplocho, chra\u0148te ho p\u0159ed teplem, vlhkost\u00ed a p\u0159\u00edm\u00fdm sv\u011btlem.<\/span><\/li>\n<\/ol>\n<\/div>\n<\/div>\n\t\t\t\t<\/div>\n\t\t\t\t\t\t\t<div class=\"elementor-accordion-item\">\n\t\t\t\t\t<div id=\"elementor-tab-title-2085\" class=\"elementor-tab-title\" data-tab=\"5\" role=\"button\" aria-controls=\"elementor-tab-content-2085\" aria-expanded=\"false\">\n\t\t\t\t\t\t\t\t\t\t\t\t\t<span class=\"elementor-accordion-icon elementor-accordion-icon-left\" aria-hidden=\"true\">\n\t\t\t\t\t\t\t\t\t\t\t\t\t\t\t<span class=\"elementor-accordion-icon-closed\"><i class=\"fas fa-plus\"><\/i><\/span>\n\t\t\t\t\t\t\t\t<span class=\"elementor-accordion-icon-opened\"><i class=\"fas fa-minus\"><\/i><\/span>\n\t\t\t\t\t\t\t\t\t\t\t\t\t\t<\/span>\n\t\t\t\t\t\t\t\t\t\t\t\t<a class=\"elementor-accordion-title\" tabindex=\"0\">Preventivn\u00ed opat\u0159en\u00ed<\/a>\n\t\t\t\t\t<\/div>\n\t\t\t\t\t<div id=\"elementor-tab-content-2085\" class=\"elementor-tab-content elementor-clearfix\" data-tab=\"5\" role=\"region\" aria-labelledby=\"elementor-tab-title-2085\"><\/div>\n\t\t\t\t<\/div>\n\t\t\t\t\t\t\t<div class=\"elementor-accordion-item\">\n\t\t\t\t\t<div id=\"elementor-tab-title-2086\" class=\"elementor-tab-title\" data-tab=\"6\" role=\"button\" aria-controls=\"elementor-tab-content-2086\" aria-expanded=\"false\">\n\t\t\t\t\t\t\t\t\t\t\t\t\t<span class=\"elementor-accordion-icon elementor-accordion-icon-left\" aria-hidden=\"true\">\n\t\t\t\t\t\t\t\t\t\t\t\t\t\t\t<span class=\"elementor-accordion-icon-closed\"><i class=\"fas fa-plus\"><\/i><\/span>\n\t\t\t\t\t\t\t\t<span class=\"elementor-accordion-icon-opened\"><i class=\"fas fa-minus\"><\/i><\/span>\n\t\t\t\t\t\t\t\t\t\t\t\t\t\t<\/span>\n\t\t\t\t\t\t\t\t\t\t\t\t<a class=\"elementor-accordion-title\" tabindex=\"0\">Diagram vrstev<\/a>\n\t\t\t\t\t<\/div>\n\t\t\t\t\t<div id=\"elementor-tab-content-2086\" class=\"elementor-tab-content elementor-clearfix\" data-tab=\"6\" role=\"region\" aria-labelledby=\"elementor-tab-title-2086\"><\/div>\n\t\t\t\t<\/div>\n\t\t\t\t\t\t\t<div class=\"elementor-accordion-item\">\n\t\t\t\t\t<div id=\"elementor-tab-title-2087\" class=\"elementor-tab-title\" data-tab=\"7\" role=\"button\" aria-controls=\"elementor-tab-content-2087\" aria-expanded=\"false\">\n\t\t\t\t\t\t\t\t\t\t\t\t\t<span class=\"elementor-accordion-icon elementor-accordion-icon-left\" aria-hidden=\"true\">\n\t\t\t\t\t\t\t\t\t\t\t\t\t\t\t<span class=\"elementor-accordion-icon-closed\"><i class=\"fas fa-plus\"><\/i><\/span>\n\t\t\t\t\t\t\t\t<span class=\"elementor-accordion-icon-opened\"><i class=\"fas fa-minus\"><\/i><\/span>\n\t\t\t\t\t\t\t\t\t\t\t\t\t\t<\/span>\n\t\t\t\t\t\t\t\t\t\t\t\t<a class=\"elementor-accordion-title\" tabindex=\"0\">Frekvence v\u00fdm\u011bny<\/a>\n\t\t\t\t\t<\/div>\n\t\t\t\t\t<div id=\"elementor-tab-content-2087\" class=\"elementor-tab-content elementor-clearfix\" data-tab=\"7\" role=\"region\" aria-labelledby=\"elementor-tab-title-2087\"><\/div>\n\t\t\t\t<\/div>\n\t\t\t\t\t\t\t<div class=\"elementor-accordion-item\">\n\t\t\t\t\t<div id=\"elementor-tab-title-2088\" class=\"elementor-tab-title\" data-tab=\"8\" role=\"button\" aria-controls=\"elementor-tab-content-2088\" aria-expanded=\"false\">\n\t\t\t\t\t\t\t\t\t\t\t\t\t<span class=\"elementor-accordion-icon elementor-accordion-icon-left\" aria-hidden=\"true\">\n\t\t\t\t\t\t\t\t\t\t\t\t\t\t\t<span class=\"elementor-accordion-icon-closed\"><i class=\"fas fa-plus\"><\/i><\/span>\n\t\t\t\t\t\t\t\t<span class=\"elementor-accordion-icon-opened\"><i class=\"fas fa-minus\"><\/i><\/span>\n\t\t\t\t\t\t\t\t\t\t\t\t\t\t<\/span>\n\t\t\t\t\t\t\t\t\t\t\t\t<a class=\"elementor-accordion-title\" tabindex=\"0\">Jak to funguje?<\/a>\n\t\t\t\t\t<\/div>\n\t\t\t\t\t<div id=\"elementor-tab-content-2088\" class=\"elementor-tab-content elementor-clearfix\" data-tab=\"8\" role=\"region\" aria-labelledby=\"elementor-tab-title-2088\"><div class=\"su-spoiler-content su-u-clearfix su-u-trim\">\n<ol>\n<li><span style=\"font-size: 12pt\">Parafinov\u00e9 komponenty jsou tuky nepol\u00e1rn\u00ed povahy, proto nep\u0159ilnou k pol\u00e1rn\u00edm proteinov\u00fdm exsud\u00e1t\u016fm.<\/span><\/li>\n<li><span style=\"font-size: 12pt\">Hydrokoloidn\u00ed \u010d\u00e1stice absorbuj\u00ed exsud\u00e1ty a zm\u011bn\u00ed se v gel, kter\u00fd zaji\u0161\u0165uje optim\u00e1ln\u011b vlhk\u00e9 prost\u0159ed\u00ed urychluj\u00edc\u00ed hojen\u00ed r\u00e1ny. Krom\u011b toho p\u0159isp\u00edv\u00e1 k nep\u0159ilnavosti v d\u016fsledku synergick\u00e9ho \u00fa\u010dinku mezi gelov\u00fdmi a paraf\u00ednov\u00fdmi komponenty.<\/span><\/li>\n<li><span style=\"font-size: 12pt\">Polyesterov\u00e1 s\u00ed\u0165 umo\u017e\u0148uje pronik\u00e1n\u00ed exsud\u00e1t\u016f, aby se vst\u0159ebaly do vrstvy absorbentu, tak\u017ee p\u0159ebyte\u010dn\u00e9 exsud\u00e1ty nemaj\u00ed \u010das uschnout na lo\u017eisku r\u00e1ny.<\/span><\/li>\n<\/ol>\n<\/div>\n<\/div>\n\t\t\t\t<\/div>\n\t\t\t\t\t\t\t<div class=\"elementor-accordion-item\">\n\t\t\t\t\t<div id=\"elementor-tab-title-2089\" class=\"elementor-tab-title\" data-tab=\"9\" role=\"button\" aria-controls=\"elementor-tab-content-2089\" aria-expanded=\"false\">\n\t\t\t\t\t\t\t\t\t\t\t\t\t<span class=\"elementor-accordion-icon elementor-accordion-icon-left\" aria-hidden=\"true\">\n\t\t\t\t\t\t\t\t\t\t\t\t\t\t\t<span class=\"elementor-accordion-icon-closed\"><i class=\"fas fa-plus\"><\/i><\/span>\n\t\t\t\t\t\t\t\t<span class=\"elementor-accordion-icon-opened\"><i class=\"fas fa-minus\"><\/i><\/span>\n\t\t\t\t\t\t\t\t\t\t\t\t\t\t<\/span>\n\t\t\t\t\t\t\t\t\t\t\t\t<a class=\"elementor-accordion-title\" tabindex=\"0\">\u017divotnost<\/a>\n\t\t\t\t\t<\/div>\n\t\t\t\t\t<div id=\"elementor-tab-content-2089\" class=\"elementor-tab-content elementor-clearfix\" data-tab=\"9\" role=\"region\" aria-labelledby=\"elementor-tab-title-2089\"><\/div>\n\t\t\t\t<\/div>\n\t\t\t\t\t\t\t\t<\/div>\n\t\t\t\t\t\t<\/div>\n\t\t\t\t<\/div>\n\t\t\t\t\t<\/div>\n\t\t<\/div>\n\t\t\t\t\t<\/div>\n\t\t<\/section>\n\t\t\t\t<\/div>\n\t\t                        <\/div>\n                    <\/div>\n                                    <div class=\"tab-pane elementkit-tab-pane elementor-repeater-item-23affad\" id=\"content-23affad69f03b5c049c2\" role=\"tabpanel\"\n                         aria-labelledby=\"content-23affad69f03b5c049c2-tab\">\n                        <div class=\"animated fadeIn\">\n                                                    <\/div>\n                    <\/div>\n                                    <div class=\"tab-pane elementkit-tab-pane elementor-repeater-item-35f92e9\" id=\"content-35f92e969f03b5c049c2\" role=\"tabpanel\"\n                         aria-labelledby=\"content-35f92e969f03b5c049c2-tab\">\n                        <div class=\"animated fadeIn\">\n                            <table><tbody><tr><td width=\"270\"><p><strong><em>Cure-Aid\u00ae Lipo Dressing Strip<\/em><\/strong><\/p><\/td><td width=\"123\"><p><strong>Size<\/strong><\/p><\/td><td width=\"97\"><p><strong>Pieces\/Case<\/strong><\/p><\/td><td width=\"86\"><p><strong>Boxes\/Case <\/strong><\/p><\/td><\/tr><tr><td width=\"270\"><p>DERMILIPO60100<\/p><\/td><td width=\"123\"><p>60x100mm<\/p><\/td><td width=\"97\"><p>10<\/p><\/td><td width=\"86\"><p>120<\/p><\/td><\/tr><tr><td width=\"270\"><p>DERMILIPO80100<\/p><\/td><td width=\"123\"><p>80x100mm<\/p><\/td><td width=\"97\"><p>10<\/p><\/td><td width=\"86\"><p>120<\/p><\/td><\/tr><tr><td width=\"270\"><p>DERMILIPO601000<\/p><\/td><td width=\"123\"><p>60x1000mm<\/p><\/td><td width=\"97\"><p>1<\/p><\/td><td width=\"86\"><p>120<\/p><\/td><\/tr><tr><td width=\"270\"><p>DERMILIPO801000<\/p><\/td><td width=\"123\"><p>80x1000mm<\/p><\/td><td width=\"97\"><p>1<\/p><\/td><td width=\"86\"><p>120<\/p><\/td><\/tr><\/tbody><\/table><p>Jin\u00e9 velikosti jsou k dispozici na vy\u017e\u00e1d\u00e1n\u00ed.<\/p>                        <\/div>\n                    <\/div>\n                                    <div class=\"tab-pane elementkit-tab-pane elementor-repeater-item-7ed4720\" id=\"content-7ed472069f03b5c049c2\" role=\"tabpanel\"\n                         aria-labelledby=\"content-7ed472069f03b5c049c2-tab\">\n                        <div class=\"animated fadeIn\">\n                            <p><a href=\"https:\/\/pharmaplast-online.net\/wp-content\/uploads\/2024\/10\/Lipo-Colloid-Brochure.pdf\">Lipo-Colloid Brochure<\/a><\/p><p><img decoding=\"async\" class=\"alignnone  wp-image-17145\" src=\"https:\/\/pharmaplast-online.net\/wp-content\/uploads\/2024\/10\/pdf_4726010-300x300.png\" alt=\"\" width=\"46\" height=\"46\" srcset=\"https:\/\/pharmaplast-online.net\/wp-content\/uploads\/2024\/10\/pdf_4726010-300x300.png 300w, https:\/\/pharmaplast-online.net\/wp-content\/uploads\/2024\/10\/pdf_4726010-150x150.png 150w, https:\/\/pharmaplast-online.net\/wp-content\/uploads\/2024\/10\/pdf_4726010-12x12.png 12w, https:\/\/pharmaplast-online.net\/wp-content\/uploads\/2024\/10\/pdf_4726010-24x24.png 24w, https:\/\/pharmaplast-online.net\/wp-content\/uploads\/2024\/10\/pdf_4726010-36x36.png 36w, https:\/\/pharmaplast-online.net\/wp-content\/uploads\/2024\/10\/pdf_4726010-48x48.png 48w, https:\/\/pharmaplast-online.net\/wp-content\/uploads\/2024\/10\/pdf_4726010-100x100.png 100w, https:\/\/pharmaplast-online.net\/wp-content\/uploads\/2024\/10\/pdf_4726010.png 512w\" sizes=\"(max-width: 46px) 100vw, 46px\" \/><\/p>                        <\/div>\n                    <\/div>\n                                \n            <\/div>\n                    <\/div>\n    <\/div>\t\t\t\t<\/div>\n\t\t\t\t<\/div>\n\t\t\t\t\t<\/div>\n\t\t<\/div>\n\t\t\t\t\t<\/div>\n\t\t<\/section>\n\t\t\t\t<\/div>","protected":false},"excerpt":{"rendered":"<p>Lipo-colloid Dressing Strip<\/p>","protected":false},"featured_media":16827,"comment_status":"open","ping_status":"closed","template":"","meta":[],"product_brand":[],"product_cat":[348,325,354],"product_tag":[],"class_list":{"0":"post-8121","1":"product","2":"type-product","3":"status-publish","4":"has-post-thumbnail","6":"product_cat-dressing-strip-first-aid-bandages","7":"product_cat-first-aid-bandages","8":"product_cat-lipido-colloid-pad-dressing-strip-first-aid-bandages","9":"new","11":"first","12":"instock","13":"shipping-taxable","14":"product-type-simple"},"acf":[],"_links":{"self":[{"href":"https:\/\/pharmaplast-online.net\/cs\/wp-json\/wp\/v2\/product\/8121","targetHints":{"allow":["GET"]}}],"collection":[{"href":"https:\/\/pharmaplast-online.net\/cs\/wp-json\/wp\/v2\/product"}],"about":[{"href":"https:\/\/pharmaplast-online.net\/cs\/wp-json\/wp\/v2\/types\/product"}],"replies":[{"embeddable":true,"href":"https:\/\/pharmaplast-online.net\/cs\/wp-json\/wp\/v2\/comments?post=8121"}],"version-history":[{"count":29,"href":"https:\/\/pharmaplast-online.net\/cs\/wp-json\/wp\/v2\/product\/8121\/revisions"}],"predecessor-version":[{"id":19004,"href":"https:\/\/pharmaplast-online.net\/cs\/wp-json\/wp\/v2\/product\/8121\/revisions\/19004"}],"wp:featuredmedia":[{"embeddable":true,"href":"https:\/\/pharmaplast-online.net\/cs\/wp-json\/wp\/v2\/media\/16827"}],"wp:attachment":[{"href":"https:\/\/pharmaplast-online.net\/cs\/wp-json\/wp\/v2\/media?parent=8121"}],"wp:term":[{"taxonomy":"product_brand","embeddable":true,"href":"https:\/\/pharmaplast-online.net\/cs\/wp-json\/wp\/v2\/product_brand?post=8121"},{"taxonomy":"product_cat","embeddable":true,"href":"https:\/\/pharmaplast-online.net\/cs\/wp-json\/wp\/v2\/product_cat?post=8121"},{"taxonomy":"product_tag","embeddable":true,"href":"https:\/\/pharmaplast-online.net\/cs\/wp-json\/wp\/v2\/product_tag?post=8121"}],"curies":[{"name":"wp","href":"https:\/\/api.w.org\/{rel}","templated":true}]}}