{"id":8191,"date":"2022-12-20T11:34:10","date_gmt":"2022-12-20T11:34:10","guid":{"rendered":"https:\/\/pharmaplast.mediagate-egy.com\/?post_type=product&#038;p=8191"},"modified":"2025-09-20T10:34:29","modified_gmt":"2025-09-20T10:34:29","slug":"pharmagel-comfort","status":"publish","type":"product","link":"https:\/\/pharmaplast-online.net\/cs\/produkt\/pharmagel-comfort\/","title":{"rendered":"Pharmagel Comfort"},"content":{"rendered":"<div data-elementor-type=\"wp-post\" data-elementor-id=\"8191\" class=\"elementor elementor-8191\" data-elementor-post-type=\"product\">\n\t\t\t\t\t\t<section class=\"elementor-section elementor-top-section elementor-element elementor-element-f01409c elementor-section-boxed elementor-section-height-default elementor-section-height-default qodef-elementor-content-no\" data-id=\"f01409c\" data-element_type=\"section\" data-e-type=\"section\" data-settings=\"{&quot;ekit_has_onepagescroll_dot&quot;:&quot;yes&quot;}\">\n\t\t\t\t\t\t<div class=\"elementor-container elementor-column-gap-default\">\n\t\t\t\t\t<div class=\"elementor-column elementor-col-100 elementor-top-column elementor-element elementor-element-051ed59\" data-id=\"051ed59\" data-element_type=\"column\" data-e-type=\"column\">\n\t\t\t<div class=\"elementor-widget-wrap elementor-element-populated\">\n\t\t\t\t\t\t<div class=\"elementor-element elementor-element-dedbae5 elementor-widget elementor-widget-elementskit-simple-tab\" data-id=\"dedbae5\" data-element_type=\"widget\" data-e-type=\"widget\" data-settings=\"{&quot;ekit_we_effect_on&quot;:&quot;none&quot;}\" data-widget_type=\"elementskit-simple-tab.default\">\n\t\t\t\t<div class=\"elementor-widget-container\">\n\t\t\t\t\t<div class=\"ekit-wid-con\" >        <div class=\"elementkit-tab-wraper\">\n            <ul class=\"nav nav-tabs elementkit-tab-nav  elementskit-fullwidth-tab\">\n                                    <li class=\"elementkit-nav-item elementor-repeater-item-d0363a9\">\n                        <a class=\"elementkit-nav-link  active show left-pos\" id=\"content-d0363a969f171afe7fc9-tab\" data-ekit-handler-id=\"product-info\" data-ekit-toggle=\"tab\" data-target=\"#content-d0363a969f171afe7fc9\" href=\"#Content-d0363a969f171afe7fc9\"\n                            data-ekit-toggle-trigger=\"click\"\n                            aria-describedby=\"Content-d0363a969f171afe7fc9\">\n                            <span class=\"elementskit-tab-icon\"><\/span>                            <span class=\"elementskit-tab-title\">Informace o Produktu<\/span>\n                        <\/a>\n                    <\/li>\n                                        <li class=\"elementkit-nav-item elementor-repeater-item-9b61f69\">\n                        <a class=\"elementkit-nav-link  left-pos\" id=\"content-9b61f6969f171afe7fc9-tab\" data-ekit-handler-id=\"how-to-use\" data-ekit-toggle=\"tab\" data-target=\"#content-9b61f6969f171afe7fc9\" href=\"#Content-9b61f6969f171afe7fc9\"\n                            data-ekit-toggle-trigger=\"click\"\n                            aria-describedby=\"Content-9b61f6969f171afe7fc9\">\n                            <span class=\"elementskit-tab-icon\"><\/span>                            <span class=\"elementskit-tab-title\">N\u00e1vod k pou\u017eit\u00ed<\/span>\n                        <\/a>\n                    <\/li>\n                                        <li class=\"elementkit-nav-item elementor-repeater-item-23affad\">\n                        <a class=\"elementkit-nav-link  left-pos\" id=\"content-23affad69f171afe7fc9-tab\" data-ekit-handler-id=\"sizes-codes\" data-ekit-toggle=\"tab\" data-target=\"#content-23affad69f171afe7fc9\" href=\"#Content-23affad69f171afe7fc9\"\n                            data-ekit-toggle-trigger=\"click\"\n                            aria-describedby=\"Content-23affad69f171afe7fc9\">\n                            <span class=\"elementskit-tab-icon\"><\/span>                            <span class=\"elementskit-tab-title\">Velikosti a K\u00f3dy<\/span>\n                        <\/a>\n                    <\/li>\n                                        <li class=\"elementkit-nav-item elementor-repeater-item-d5e3702\">\n                        <a class=\"elementkit-nav-link  left-pos\" id=\"content-d5e370269f171afe7fc9-tab\" data-ekit-handler-id=\"downloads\" data-ekit-toggle=\"tab\" data-target=\"#content-d5e370269f171afe7fc9\" href=\"#Content-d5e370269f171afe7fc9\"\n                            data-ekit-toggle-trigger=\"click\"\n                            aria-describedby=\"Content-d5e370269f171afe7fc9\">\n                            <span class=\"elementskit-tab-icon\"><\/span>                            <span class=\"elementskit-tab-title\">Sta\u017een\u00ed<\/span>\n                        <\/a>\n                    <\/li>\n                                <\/ul>\n\n            <div class=\"tab-content elementkit-tab-content\">\n                                    <div class=\"tab-pane elementkit-tab-pane elementor-repeater-item-d0363a9  active show\" id=\"content-d0363a969f171afe7fc9\" role=\"tabpanel\"\n                         aria-labelledby=\"content-d0363a969f171afe7fc9-tab\">\n                        <div class=\"animated fadeIn\">\n                            <h3>Informace o Produktu<\/h3>\t\t<div data-elementor-type=\"section\" data-elementor-id=\"8585\" class=\"elementor elementor-8585\" data-elementor-post-type=\"elementor_library\">\n\t\t\t\t\t<section class=\"elementor-section elementor-top-section elementor-element elementor-element-3c9a5a4 elementor-section-boxed elementor-section-height-default elementor-section-height-default qodef-elementor-content-no\" data-id=\"3c9a5a4\" data-element_type=\"section\" data-e-type=\"section\" data-settings=\"{&quot;ekit_has_onepagescroll_dot&quot;:&quot;yes&quot;}\">\n\t\t\t\t\t\t<div class=\"elementor-container elementor-column-gap-default\">\n\t\t\t\t\t<div class=\"elementor-column elementor-col-100 elementor-top-column elementor-element elementor-element-8fd3e15\" data-id=\"8fd3e15\" data-element_type=\"column\" data-e-type=\"column\">\n\t\t\t<div class=\"elementor-widget-wrap elementor-element-populated\">\n\t\t\t\t\t\t<div class=\"elementor-element elementor-element-c6fd92e elementor-widget elementor-widget-accordion\" data-id=\"c6fd92e\" data-element_type=\"widget\" data-e-type=\"widget\" data-settings=\"{&quot;ekit_we_effect_on&quot;:&quot;none&quot;}\" data-widget_type=\"accordion.default\">\n\t\t\t\t<div class=\"elementor-widget-container\">\n\t\t\t\t\t\t\t<div class=\"elementor-accordion\">\n\t\t\t\t\t\t\t<div class=\"elementor-accordion-item\">\n\t\t\t\t\t<div id=\"elementor-tab-title-2081\" class=\"elementor-tab-title\" data-tab=\"1\" role=\"button\" aria-controls=\"elementor-tab-content-2081\" aria-expanded=\"false\">\n\t\t\t\t\t\t\t\t\t\t\t\t\t<span class=\"elementor-accordion-icon elementor-accordion-icon-left\" aria-hidden=\"true\">\n\t\t\t\t\t\t\t\t\t\t\t\t\t\t\t<span class=\"elementor-accordion-icon-closed\"><i class=\"fas fa-plus\"><\/i><\/span>\n\t\t\t\t\t\t\t\t<span class=\"elementor-accordion-icon-opened\"><i class=\"fas fa-minus\"><\/i><\/span>\n\t\t\t\t\t\t\t\t\t\t\t\t\t\t<\/span>\n\t\t\t\t\t\t\t\t\t\t\t\t<a class=\"elementor-accordion-title\" tabindex=\"0\">Popis<\/a>\n\t\t\t\t\t<\/div>\n\t\t\t\t\t<div id=\"elementor-tab-content-2081\" class=\"elementor-tab-content elementor-clearfix\" data-tab=\"1\" role=\"region\" aria-labelledby=\"elementor-tab-title-2081\"><p class=\"translation-block\">Pharmagel Comfort je steriln\u00ed pr\u016fhledn\u00e9 polyuretanov\u00e9 gelov\u00e9 kryt\u00ed s 60% obsahem vody.Pharmagel Comfort obsahuje hypoalergenn\u00ed adhez\u00edvn\u00ed okraj polyuretanov\u00e9 f\u00f3lie, kter\u00fd chr\u00e1n\u00ed p\u0159ed pr\u016fnikem bakt\u00e9ri\u00ed.<\/p>\n<p><strong>Pharmagel<\/strong> poskytuje l\u016f\u017eka r\u00e1ny vlhkost a z\u00e1rove\u0148 absorbuje exsud\u00e1ty, kter\u00e9 v sob\u011b zachyt\u00ed. Tato rovnov\u00e1ha vlhkosti podporuje granulaci a rychlej\u0161\u00ed epitelizaci.<\/p>\n<\/div>\n\t\t\t\t<\/div>\n\t\t\t\t\t\t\t<div class=\"elementor-accordion-item\">\n\t\t\t\t\t<div id=\"elementor-tab-title-2082\" class=\"elementor-tab-title\" data-tab=\"2\" role=\"button\" aria-controls=\"elementor-tab-content-2082\" aria-expanded=\"false\">\n\t\t\t\t\t\t\t\t\t\t\t\t\t<span class=\"elementor-accordion-icon elementor-accordion-icon-left\" aria-hidden=\"true\">\n\t\t\t\t\t\t\t\t\t\t\t\t\t\t\t<span class=\"elementor-accordion-icon-closed\"><i class=\"fas fa-plus\"><\/i><\/span>\n\t\t\t\t\t\t\t\t<span class=\"elementor-accordion-icon-opened\"><i class=\"fas fa-minus\"><\/i><\/span>\n\t\t\t\t\t\t\t\t\t\t\t\t\t\t<\/span>\n\t\t\t\t\t\t\t\t\t\t\t\t<a class=\"elementor-accordion-title\" tabindex=\"0\">Vlastnosti<\/a>\n\t\t\t\t\t<\/div>\n\t\t\t\t\t<div id=\"elementor-tab-content-2082\" class=\"elementor-tab-content elementor-clearfix\" data-tab=\"2\" role=\"region\" aria-labelledby=\"elementor-tab-title-2082\"><div class=\"su-spoiler-content su-u-clearfix su-u-trim\">\n<p class=\"translation-block\"><div class=\"su-spoiler-content su-u-clearfix su-u-trim\">\n<ul>\n<li>Vytv\u00e1\u0159\u00ed vlhk\u00e9 prost\u0159ed\u00ed vhodn\u00e9 pro l\u00e9\u010dbu chronick\u00fdch ran, kter\u00e9 podporuje hojen\u00ed. M\u00edrn\u00fd chladiv\u00fd efekt zvy\u0161uje pohodl\u00ed pacienta.<\/li>\n<li><strong><em>Pharmagel Comfort <\/em><\/strong>se nelep\u00ed na r\u00e1ny a m\u00e1 v\u00fdborn\u00fd tlumiv\u00fd efekt.<\/li>\n<li>Umo\u017e\u0148uje voln\u00fd pr\u016fchod plyn\u016f a vlhk\u00fdch v\u00fdpar\u016f a chr\u00e1n\u00ed poko\u017eku p\u0159ed macerac\u00ed.<\/li>\n<li>Kryt\u00ed po odstran\u011bn\u00ed nenech\u00e1v\u00e1 na r\u00e1n\u011b zbytky.<\/li>\n<li>Kryt\u00ed <strong><em>Pharmagel Comfort <\/em><\/strong>je pr\u016fhledn\u00e9, a umo\u017e\u0148uje tak sledov\u00e1n\u00ed hojiv\u00e9ho procesu bez nutnosti odstra\u0148ov\u00e1n\u00ed. Podporuje tak formov\u00e1n\u00ed nov\u00e9 tk\u00e1n\u011b b\u011bhem granula\u010dn\u00ed f\u00e1ze.<\/li>\n<li><strong><em>Pharmagel Comfort <\/em><\/strong>se nerozpou\u0161t\u00ed v absorbovan\u00fdch exsud\u00e1tech z ran.<\/li>\n<li><strong><em>Pharmagel Comfort <\/em><\/strong>jsou baleny samostatn\u011b v pouzdrech chr\u00e1n\u00edc\u00edch p\u0159ed vlhkost\u00ed a sterilizov\u00e1ny z\u00e1\u0159en\u00edm.<\/li>\n<\/ul>\n<\/div><\/p>\n<\/div>\n<\/div>\n\t\t\t\t<\/div>\n\t\t\t\t\t\t\t<div class=\"elementor-accordion-item\">\n\t\t\t\t\t<div id=\"elementor-tab-title-2083\" class=\"elementor-tab-title\" data-tab=\"3\" role=\"button\" aria-controls=\"elementor-tab-content-2083\" aria-expanded=\"false\">\n\t\t\t\t\t\t\t\t\t\t\t\t\t<span class=\"elementor-accordion-icon elementor-accordion-icon-left\" aria-hidden=\"true\">\n\t\t\t\t\t\t\t\t\t\t\t\t\t\t\t<span class=\"elementor-accordion-icon-closed\"><i class=\"fas fa-plus\"><\/i><\/span>\n\t\t\t\t\t\t\t\t<span class=\"elementor-accordion-icon-opened\"><i class=\"fas fa-minus\"><\/i><\/span>\n\t\t\t\t\t\t\t\t\t\t\t\t\t\t<\/span>\n\t\t\t\t\t\t\t\t\t\t\t\t<a class=\"elementor-accordion-title\" tabindex=\"0\">Ur\u010den\u00e9 Pou\u017eit\u00ed<\/a>\n\t\t\t\t\t<\/div>\n\t\t\t\t\t<div id=\"elementor-tab-content-2083\" class=\"elementor-tab-content elementor-clearfix\" data-tab=\"3\" role=\"region\" aria-labelledby=\"elementor-tab-title-2083\"><div class=\"su-spoiler-content su-u-clearfix su-u-trim\">\n<p><span style=\"font-size: medium\">Vhodn\u00e9 pro l\u00e9\u010dbu chronick\u00fdch a pomalu se hoj\u00edc\u00edch ran ve f\u00e1zi granula\u010dn\u00ed epitelizace.<br \/>\n<\/span><span style=\"font-size: medium\">D\u00edky trojrozm\u011brn\u00e9 struktu\u0159e <strong>Pharmagel Comfort <\/strong>a vysok\u00fdm obsahem vody je vhodn\u00fd pro pou\u017eit\u00ed p\u0159i debridementu a pro pop\u00e1leniny druh\u00e9ho stupn\u011b.<\/span><\/p>\n<\/div>\n<\/div>\n\t\t\t\t<\/div>\n\t\t\t\t\t\t\t<div class=\"elementor-accordion-item\">\n\t\t\t\t\t<div id=\"elementor-tab-title-2084\" class=\"elementor-tab-title\" data-tab=\"4\" role=\"button\" aria-controls=\"elementor-tab-content-2084\" aria-expanded=\"false\">\n\t\t\t\t\t\t\t\t\t\t\t\t\t<span class=\"elementor-accordion-icon elementor-accordion-icon-left\" aria-hidden=\"true\">\n\t\t\t\t\t\t\t\t\t\t\t\t\t\t\t<span class=\"elementor-accordion-icon-closed\"><i class=\"fas fa-plus\"><\/i><\/span>\n\t\t\t\t\t\t\t\t<span class=\"elementor-accordion-icon-opened\"><i class=\"fas fa-minus\"><\/i><\/span>\n\t\t\t\t\t\t\t\t\t\t\t\t\t\t<\/span>\n\t\t\t\t\t\t\t\t\t\t\t\t<a class=\"elementor-accordion-title\" tabindex=\"0\">Kontraindikace<\/a>\n\t\t\t\t\t<\/div>\n\t\t\t\t\t<div id=\"elementor-tab-content-2084\" class=\"elementor-tab-content elementor-clearfix\" data-tab=\"4\" role=\"region\" aria-labelledby=\"elementor-tab-title-2084\"><div class=\"su-spoiler-content su-u-clearfix su-u-trim\">\n<ul>\n<li class=\"translation-block\">Pharmagel Comfort nepou\u017e\u00edvejte u infikovan\u00fdch ran a pop\u00e1lenin t\u0159et\u00edho stupn\u011b, u vysoce exsuduj\u00edc\u00edch ran a u odkryt\u00fdch sval\u016f, kost\u00ed a \u0161lach.<\/li>\n<\/ul>\n<\/div>\n<\/div>\n\t\t\t\t<\/div>\n\t\t\t\t\t\t\t<div class=\"elementor-accordion-item\">\n\t\t\t\t\t<div id=\"elementor-tab-title-2085\" class=\"elementor-tab-title\" data-tab=\"5\" role=\"button\" aria-controls=\"elementor-tab-content-2085\" aria-expanded=\"false\">\n\t\t\t\t\t\t\t\t\t\t\t\t\t<span class=\"elementor-accordion-icon elementor-accordion-icon-left\" aria-hidden=\"true\">\n\t\t\t\t\t\t\t\t\t\t\t\t\t\t\t<span class=\"elementor-accordion-icon-closed\"><i class=\"fas fa-plus\"><\/i><\/span>\n\t\t\t\t\t\t\t\t<span class=\"elementor-accordion-icon-opened\"><i class=\"fas fa-minus\"><\/i><\/span>\n\t\t\t\t\t\t\t\t\t\t\t\t\t\t<\/span>\n\t\t\t\t\t\t\t\t\t\t\t\t<a class=\"elementor-accordion-title\" tabindex=\"0\">Preventivn\u00ed opat\u0159en\u00ed<\/a>\n\t\t\t\t\t<\/div>\n\t\t\t\t\t<div id=\"elementor-tab-content-2085\" class=\"elementor-tab-content elementor-clearfix\" data-tab=\"5\" role=\"region\" aria-labelledby=\"elementor-tab-title-2085\"><p>\u2022 Pharmagel nepou\u017e\u00edvejte pro pacienty se zn\u00e1mou citlivost\u00ed na propylenglykol.<br \/>\n\u2022 V p\u0159\u00edpad\u011b zarudnut\u00ed nebo alergie vyhledejte l\u00e9ka\u0159skou pomoc.<br \/>\n\u2022 Zlikvidujte jako kontaminovan\u00fd odpad.<\/p>\n<\/div>\n\t\t\t\t<\/div>\n\t\t\t\t\t\t\t<div class=\"elementor-accordion-item\">\n\t\t\t\t\t<div id=\"elementor-tab-title-2086\" class=\"elementor-tab-title\" data-tab=\"6\" role=\"button\" aria-controls=\"elementor-tab-content-2086\" aria-expanded=\"false\">\n\t\t\t\t\t\t\t\t\t\t\t\t\t<span class=\"elementor-accordion-icon elementor-accordion-icon-left\" aria-hidden=\"true\">\n\t\t\t\t\t\t\t\t\t\t\t\t\t\t\t<span class=\"elementor-accordion-icon-closed\"><i class=\"fas fa-plus\"><\/i><\/span>\n\t\t\t\t\t\t\t\t<span class=\"elementor-accordion-icon-opened\"><i class=\"fas fa-minus\"><\/i><\/span>\n\t\t\t\t\t\t\t\t\t\t\t\t\t\t<\/span>\n\t\t\t\t\t\t\t\t\t\t\t\t<a class=\"elementor-accordion-title\" tabindex=\"0\">Diagram vrstev<\/a>\n\t\t\t\t\t<\/div>\n\t\t\t\t\t<div id=\"elementor-tab-content-2086\" class=\"elementor-tab-content elementor-clearfix\" data-tab=\"6\" role=\"region\" aria-labelledby=\"elementor-tab-title-2086\"><\/div>\n\t\t\t\t<\/div>\n\t\t\t\t\t\t\t<div class=\"elementor-accordion-item\">\n\t\t\t\t\t<div id=\"elementor-tab-title-2087\" class=\"elementor-tab-title\" data-tab=\"7\" role=\"button\" aria-controls=\"elementor-tab-content-2087\" aria-expanded=\"false\">\n\t\t\t\t\t\t\t\t\t\t\t\t\t<span class=\"elementor-accordion-icon elementor-accordion-icon-left\" aria-hidden=\"true\">\n\t\t\t\t\t\t\t\t\t\t\t\t\t\t\t<span class=\"elementor-accordion-icon-closed\"><i class=\"fas fa-plus\"><\/i><\/span>\n\t\t\t\t\t\t\t\t<span class=\"elementor-accordion-icon-opened\"><i class=\"fas fa-minus\"><\/i><\/span>\n\t\t\t\t\t\t\t\t\t\t\t\t\t\t<\/span>\n\t\t\t\t\t\t\t\t\t\t\t\t<a class=\"elementor-accordion-title\" tabindex=\"0\">Frekvence v\u00fdm\u011bny<\/a>\n\t\t\t\t\t<\/div>\n\t\t\t\t\t<div id=\"elementor-tab-content-2087\" class=\"elementor-tab-content elementor-clearfix\" data-tab=\"7\" role=\"region\" aria-labelledby=\"elementor-tab-title-2087\"><p>\u2022 Obecn\u011b m\u016f\u017ee kryt\u00ed z\u016fstat na m\u00edst\u011b po dobu a\u017e 7 dn\u016f v z\u00e1vislosti na \u00farovni exsudace a klinick\u00e9m stavu r\u00e1ny.<br \/>\n<strong>Odstran\u011bn\u00ed obvazu:<\/strong><br \/>\n\u2022 Pharmagel odstra\u0148te pomal\u00fdm nadzvednut\u00edm kryt\u00ed pomoc\u00ed pinzety, kle\u0161t\u00ed nebo rukou chr\u00e1n\u011bnou rukavic\u00ed.<\/p>\n<\/div>\n\t\t\t\t<\/div>\n\t\t\t\t\t\t\t<div class=\"elementor-accordion-item\">\n\t\t\t\t\t<div id=\"elementor-tab-title-2088\" class=\"elementor-tab-title\" data-tab=\"8\" role=\"button\" aria-controls=\"elementor-tab-content-2088\" aria-expanded=\"false\">\n\t\t\t\t\t\t\t\t\t\t\t\t\t<span class=\"elementor-accordion-icon elementor-accordion-icon-left\" aria-hidden=\"true\">\n\t\t\t\t\t\t\t\t\t\t\t\t\t\t\t<span class=\"elementor-accordion-icon-closed\"><i class=\"fas fa-plus\"><\/i><\/span>\n\t\t\t\t\t\t\t\t<span class=\"elementor-accordion-icon-opened\"><i class=\"fas fa-minus\"><\/i><\/span>\n\t\t\t\t\t\t\t\t\t\t\t\t\t\t<\/span>\n\t\t\t\t\t\t\t\t\t\t\t\t<a class=\"elementor-accordion-title\" tabindex=\"0\">Jak to funguje?<\/a>\n\t\t\t\t\t<\/div>\n\t\t\t\t\t<div id=\"elementor-tab-content-2088\" class=\"elementor-tab-content elementor-clearfix\" data-tab=\"8\" role=\"region\" aria-labelledby=\"elementor-tab-title-2088\"><\/div>\n\t\t\t\t<\/div>\n\t\t\t\t\t\t\t<div class=\"elementor-accordion-item\">\n\t\t\t\t\t<div id=\"elementor-tab-title-2089\" class=\"elementor-tab-title\" data-tab=\"9\" role=\"button\" aria-controls=\"elementor-tab-content-2089\" aria-expanded=\"false\">\n\t\t\t\t\t\t\t\t\t\t\t\t\t<span class=\"elementor-accordion-icon elementor-accordion-icon-left\" aria-hidden=\"true\">\n\t\t\t\t\t\t\t\t\t\t\t\t\t\t\t<span class=\"elementor-accordion-icon-closed\"><i class=\"fas fa-plus\"><\/i><\/span>\n\t\t\t\t\t\t\t\t<span class=\"elementor-accordion-icon-opened\"><i class=\"fas fa-minus\"><\/i><\/span>\n\t\t\t\t\t\t\t\t\t\t\t\t\t\t<\/span>\n\t\t\t\t\t\t\t\t\t\t\t\t<a class=\"elementor-accordion-title\" tabindex=\"0\">\u017divotnost<\/a>\n\t\t\t\t\t<\/div>\n\t\t\t\t\t<div id=\"elementor-tab-content-2089\" class=\"elementor-tab-content elementor-clearfix\" data-tab=\"9\" role=\"region\" aria-labelledby=\"elementor-tab-title-2089\"><\/div>\n\t\t\t\t<\/div>\n\t\t\t\t\t\t\t\t<\/div>\n\t\t\t\t\t\t<\/div>\n\t\t\t\t<\/div>\n\t\t\t\t\t<\/div>\n\t\t<\/div>\n\t\t\t\t\t<\/div>\n\t\t<\/section>\n\t\t\t\t<\/div>\n\t\t                        <\/div>\n                    <\/div>\n                                    <div class=\"tab-pane elementkit-tab-pane elementor-repeater-item-9b61f69\" id=\"content-9b61f6969f171afe7fc9\" role=\"tabpanel\"\n                         aria-labelledby=\"content-9b61f6969f171afe7fc9-tab\">\n                        <div class=\"animated fadeIn\">\n                            <p>\u2022 Vy\u010dist\u011bte r\u00e1nu podle m\u00edstn\u00edch postup\u016f a vypl\u00e1chn\u011bte ji fyziologick\u00fdm roztokem.<br \/>\u2022 Pe\u010dliv\u011b osu\u0161te okoln\u00ed k\u016f\u017ei.<br \/>\u2022 Pharmagel lze podle pot\u0159eby ost\u0159ihnout tak, aby odpov\u00eddal plo\u0161e a tvaru r\u00e1ny.<br \/>N.B. Pharmagel comfort can NOT be cut before use.<br \/>\u2022 Zvolte kryt\u00ed, kter\u00e9 je o n\u011bco v\u011bt\u0161\u00ed ne\u017e r\u00e1na.<br \/>\u2022 Odstra\u0148te ochrannou vrstvu kryt\u00ed.<br \/>\u2022 Aplikujte kryt\u00ed v t\u011bsn\u00e9m kontaktu se spodinou r\u00e1ny a zajist\u011bte, aby byl pokryt\u00fd cel\u00fd povrch.<br \/>\u2022 U Pharmagel p\u0159ikryjte kryt\u00ed vhodn\u00fdm reten\u010dn\u00edm obvazem nebo sekund\u00e1rn\u00edm kryt\u00edm.<br \/>\u2022 U Pharmagel comfort jemn\u011b p\u0159itiskn\u011bte p\u0159ilnav\u00e9 okraje pro pevnou fixaci. Pot\u00e9 odstra\u0148te vn\u011bj\u0161\u00ed podkladovou vrstvu.<\/p><p><img fetchpriority=\"high\" decoding=\"async\" class=\"aligncenter wp-image-20478 size-full\" src=\"https:\/\/pharmaplast-online.net\/wp-content\/uploads\/2025\/06\/pharmagel-Comfort.png\" alt=\"\" width=\"976\" height=\"228\" srcset=\"https:\/\/pharmaplast-online.net\/wp-content\/uploads\/2025\/06\/pharmagel-Comfort.png 976w, https:\/\/pharmaplast-online.net\/wp-content\/uploads\/2025\/06\/pharmagel-Comfort-300x70.png 300w, https:\/\/pharmaplast-online.net\/wp-content\/uploads\/2025\/06\/pharmagel-Comfort-768x179.png 768w, https:\/\/pharmaplast-online.net\/wp-content\/uploads\/2025\/06\/pharmagel-Comfort-18x4.png 18w, https:\/\/pharmaplast-online.net\/wp-content\/uploads\/2025\/06\/pharmagel-Comfort-24x6.png 24w, https:\/\/pharmaplast-online.net\/wp-content\/uploads\/2025\/06\/pharmagel-Comfort-36x8.png 36w, https:\/\/pharmaplast-online.net\/wp-content\/uploads\/2025\/06\/pharmagel-Comfort-48x11.png 48w, https:\/\/pharmaplast-online.net\/wp-content\/uploads\/2025\/06\/pharmagel-Comfort-600x140.png 600w\" sizes=\"(max-width: 976px) 100vw, 976px\" \/><\/p>                        <\/div>\n                    <\/div>\n                                    <div class=\"tab-pane elementkit-tab-pane elementor-repeater-item-23affad\" id=\"content-23affad69f171afe7fc9\" role=\"tabpanel\"\n                         aria-labelledby=\"content-23affad69f171afe7fc9-tab\">\n                        <div class=\"animated fadeIn\">\n                            <table><tbody><tr><td width=\"150\"><p><strong>Pharmagel Comfort<\/strong><\/p><\/td><td width=\"90\"><p><strong>Size<\/strong><\/p><\/td><td width=\"126\"><p><strong>Pieces\/Case<\/strong><\/p><\/td><td width=\"144\"><p><strong>Boxes\/Case <\/strong><\/p><\/td><\/tr><tr><td width=\"150\"><p>GELC4565<\/p><\/td><td width=\"90\"><p>45x65mm<\/p><\/td><td width=\"126\"><p>5<\/p><\/td><td width=\"144\"><p>48<\/p><\/td><\/tr><tr><td width=\"150\"><p>GELC75100<\/p><\/td><td width=\"90\"><p>75x100mm<\/p><\/td><td width=\"126\"><p>5<\/p><\/td><td width=\"144\"><p>48<\/p><\/td><\/tr><tr><td width=\"150\"><p>GELC100100<\/p><\/td><td width=\"90\"><p>100x100mm<\/p><\/td><td width=\"126\"><p>5<\/p><\/td><td width=\"144\"><p>48<\/p><\/td><\/tr><tr><td width=\"150\"><p>GELC150150<\/p><\/td><td width=\"90\"><p>150x150mm<\/p><\/td><td width=\"126\"><p>5<\/p><\/td><td width=\"144\"><p>24<\/p><\/td><\/tr><tr><td width=\"150\"><p>GELC200200<\/p><\/td><td width=\"90\"><p>200x200mm<\/p><\/td><td width=\"126\"><p>5<\/p><\/td><td width=\"144\"><p>24<\/p><\/td><\/tr><tr><td width=\"150\"><p>GELC67110<\/p><\/td><td width=\"90\"><p>67x110mm<\/p><\/td><td width=\"126\"><p>5<\/p><\/td><td width=\"144\"><p>48<\/p><\/td><\/tr><tr><td width=\"150\"><p>GELC4368<\/p><\/td><td width=\"90\"><p>43x68mm<\/p><\/td><td width=\"126\"><p>5<\/p><\/td><td width=\"144\"><p>48<\/p><\/td><\/tr><tr><td width=\"150\"><p>GELC2868<\/p><\/td><td width=\"90\"><p>28x68mm<\/p><\/td><td width=\"126\"><p>5<\/p><\/td><td width=\"144\"><p>48<\/p><\/td><\/tr><tr><td width=\"150\"><p>GELC2235<\/p><\/td><td width=\"90\"><p>22x35mm<\/p><\/td><td width=\"126\"><p>5<\/p><\/td><td width=\"144\"><p>48<\/p><\/td><\/tr><tr><td width=\"150\"><p>GELC2665<\/p><\/td><td width=\"90\"><p>26x65mm<\/p><\/td><td width=\"126\"><p>5<\/p><\/td><td width=\"144\"><p>48<\/p><\/td><\/tr><\/tbody><\/table><p>Jin\u00e9 velikosti jsou k dispozici na vy\u017e\u00e1d\u00e1n\u00ed.<\/p><p><!-- HTML Code: Place this code in the document's body (between the 'body' tags) where the table should appear --><\/p><p><!-- Codes by Quackit.com --><\/p>                        <\/div>\n                    <\/div>\n                                    <div class=\"tab-pane elementkit-tab-pane elementor-repeater-item-d5e3702\" id=\"content-d5e370269f171afe7fc9\" role=\"tabpanel\"\n                         aria-labelledby=\"content-d5e370269f171afe7fc9-tab\">\n                        <div class=\"animated fadeIn\">\n                            <p><a href=\"https:\/\/pharmaplast-online.net\/wp-content\/uploads\/2023\/09\/Pharmagel-Family-A4-brochure-issue-3-16062022.pdf\" target=\"_blank\" rel=\"noopener\">Pharmagel Family Brochure<\/a><\/p><p><a href=\"https:\/\/pharmaplast-online.net\/wp-content\/uploads\/2023\/09\/Pharmagel-Family-A4-brochure-issue-3-16062022.pdf\"><img decoding=\"async\" class=\"alignnone wp-image-20471\" src=\"https:\/\/pharmaplast-online.net\/wp-content\/uploads\/2025\/06\/broucher-300x105.png\" alt=\"\" width=\"148\" height=\"52\" srcset=\"https:\/\/pharmaplast-online.net\/wp-content\/uploads\/2025\/06\/broucher-300x105.png 300w, https:\/\/pharmaplast-online.net\/wp-content\/uploads\/2025\/06\/broucher-18x6.png 18w, https:\/\/pharmaplast-online.net\/wp-content\/uploads\/2025\/06\/broucher-24x8.png 24w, https:\/\/pharmaplast-online.net\/wp-content\/uploads\/2025\/06\/broucher-36x13.png 36w, https:\/\/pharmaplast-online.net\/wp-content\/uploads\/2025\/06\/broucher-48x17.png 48w, https:\/\/pharmaplast-online.net\/wp-content\/uploads\/2025\/06\/broucher-600x211.png 600w, https:\/\/pharmaplast-online.net\/wp-content\/uploads\/2025\/06\/broucher.png 640w\" sizes=\"(max-width: 148px) 100vw, 148px\" \/><\/a><\/p>                        <\/div>\n                    <\/div>\n                                \n            <\/div>\n                    <\/div>\n    <\/div>\t\t\t\t<\/div>\n\t\t\t\t<\/div>\n\t\t\t\t\t<\/div>\n\t\t<\/div>\n\t\t\t\t\t<\/div>\n\t\t<\/section>\n\t\t\t\t<\/div>","protected":false},"excerpt":{"rendered":"<p>Hydrogelov\u00e9 kryt\u00ed a adhezivn\u00edm okrajem<\/p>","protected":false},"featured_media":14759,"comment_status":"open","ping_status":"closed","template":"","meta":[],"product_brand":[],"product_cat":[187,190,189],"product_tag":[488,491,489,490],"class_list":{"0":"post-8191","1":"product","2":"type-product","3":"status-publish","4":"has-post-thumbnail","6":"product_cat-advanced-wound-care","7":"product_cat-hydrogel-dressings","8":"product_cat-hydrogels","9":"product_tag-burns","10":"product_tag-gel","11":"product_tag-polyurethane-gel","12":"product_tag-sterile","13":"new","15":"first","16":"instock","17":"shipping-taxable","18":"product-type-simple"},"acf":[],"_links":{"self":[{"href":"https:\/\/pharmaplast-online.net\/cs\/wp-json\/wp\/v2\/product\/8191","targetHints":{"allow":["GET"]}}],"collection":[{"href":"https:\/\/pharmaplast-online.net\/cs\/wp-json\/wp\/v2\/product"}],"about":[{"href":"https:\/\/pharmaplast-online.net\/cs\/wp-json\/wp\/v2\/types\/product"}],"replies":[{"embeddable":true,"href":"https:\/\/pharmaplast-online.net\/cs\/wp-json\/wp\/v2\/comments?post=8191"}],"version-history":[{"count":44,"href":"https:\/\/pharmaplast-online.net\/cs\/wp-json\/wp\/v2\/product\/8191\/revisions"}],"predecessor-version":[{"id":22968,"href":"https:\/\/pharmaplast-online.net\/cs\/wp-json\/wp\/v2\/product\/8191\/revisions\/22968"}],"wp:featuredmedia":[{"embeddable":true,"href":"https:\/\/pharmaplast-online.net\/cs\/wp-json\/wp\/v2\/media\/14759"}],"wp:attachment":[{"href":"https:\/\/pharmaplast-online.net\/cs\/wp-json\/wp\/v2\/media?parent=8191"}],"wp:term":[{"taxonomy":"product_brand","embeddable":true,"href":"https:\/\/pharmaplast-online.net\/cs\/wp-json\/wp\/v2\/product_brand?post=8191"},{"taxonomy":"product_cat","embeddable":true,"href":"https:\/\/pharmaplast-online.net\/cs\/wp-json\/wp\/v2\/product_cat?post=8191"},{"taxonomy":"product_tag","embeddable":true,"href":"https:\/\/pharmaplast-online.net\/cs\/wp-json\/wp\/v2\/product_tag?post=8191"}],"curies":[{"name":"wp","href":"https:\/\/api.w.org\/{rel}","templated":true}]}}