{"id":9495,"date":"2023-01-25T11:56:55","date_gmt":"2023-01-25T11:56:55","guid":{"rendered":"https:\/\/pharmaplast.mediagate-egy.com\/?post_type=product&#038;p=9495"},"modified":"2026-03-07T20:34:12","modified_gmt":"2026-03-07T20:34:12","slug":"cavicoll","status":"publish","type":"product","link":"https:\/\/pharmaplast-online.net\/cs\/produkt\/cavicoll\/","title":{"rendered":"Cavicoll\u00ae"},"content":{"rendered":"<div data-elementor-type=\"product-post\" data-elementor-id=\"9495\" class=\"elementor elementor-9495\" data-elementor-post-type=\"product\">\n\t\t\t\t\t\t<section class=\"elementor-section elementor-top-section elementor-element elementor-element-c3356a8 elementor-section-boxed elementor-section-height-default elementor-section-height-default qodef-elementor-content-no\" data-id=\"c3356a8\" data-element_type=\"section\" data-e-type=\"section\" data-settings=\"{&quot;ekit_has_onepagescroll_dot&quot;:&quot;yes&quot;}\">\n\t\t\t\t\t\t<div class=\"elementor-container elementor-column-gap-default\">\n\t\t\t\t\t<div class=\"elementor-column elementor-col-100 elementor-top-column elementor-element elementor-element-6f29a7d\" data-id=\"6f29a7d\" data-element_type=\"column\" data-e-type=\"column\">\n\t\t\t<div class=\"elementor-widget-wrap elementor-element-populated\">\n\t\t\t\t\t\t<div class=\"elementor-element elementor-element-a688ec1 elementor-widget elementor-widget-elementskit-simple-tab\" data-id=\"a688ec1\" data-element_type=\"widget\" data-e-type=\"widget\" data-settings=\"{&quot;ekit_we_effect_on&quot;:&quot;none&quot;}\" data-widget_type=\"elementskit-simple-tab.default\">\n\t\t\t\t<div class=\"elementor-widget-container\">\n\t\t\t\t\t<div class=\"ekit-wid-con\" >        <div class=\"elementkit-tab-wraper\">\n            <ul class=\"nav nav-tabs elementkit-tab-nav  elementskit-fullwidth-tab\">\n                                    <li class=\"elementkit-nav-item elementor-repeater-item-d0363a9\">\n                        <a class=\"elementkit-nav-link  active show left-pos\" id=\"content-d0363a969f01e1a65d04-tab\" data-ekit-handler-id=\"product-info\" data-ekit-toggle=\"tab\" data-target=\"#content-d0363a969f01e1a65d04\" href=\"#Content-d0363a969f01e1a65d04\"\n                            data-ekit-toggle-trigger=\"click\"\n                            aria-describedby=\"Content-d0363a969f01e1a65d04\">\n                            <span class=\"elementskit-tab-icon\"><\/span>                            <span class=\"elementskit-tab-title\">Informace o Produktu<\/span>\n                        <\/a>\n                    <\/li>\n                                        <li class=\"elementkit-nav-item elementor-repeater-item-23affad\">\n                        <a class=\"elementkit-nav-link  left-pos\" id=\"content-23affad69f01e1a65d04-tab\" data-ekit-handler-id=\"how-to-use\" data-ekit-toggle=\"tab\" data-target=\"#content-23affad69f01e1a65d04\" href=\"#Content-23affad69f01e1a65d04\"\n                            data-ekit-toggle-trigger=\"click\"\n                            aria-describedby=\"Content-23affad69f01e1a65d04\">\n                            <span class=\"elementskit-tab-icon\"><\/span>                            <span class=\"elementskit-tab-title\">N\u00e1vod k pou\u017eit\u00ed<\/span>\n                        <\/a>\n                    <\/li>\n                                        <li class=\"elementkit-nav-item elementor-repeater-item-a3ff291\">\n                        <a class=\"elementkit-nav-link  left-pos\" id=\"content-a3ff29169f01e1a65d04-tab\" data-ekit-handler-id=\"sizes-codes\" data-ekit-toggle=\"tab\" data-target=\"#content-a3ff29169f01e1a65d04\" href=\"#Content-a3ff29169f01e1a65d04\"\n                            data-ekit-toggle-trigger=\"click\"\n                            aria-describedby=\"Content-a3ff29169f01e1a65d04\">\n                            <span class=\"elementskit-tab-icon\"><\/span>                            <span class=\"elementskit-tab-title\">Velikosti a K\u00f3dy<\/span>\n                        <\/a>\n                    <\/li>\n                                        <li class=\"elementkit-nav-item elementor-repeater-item-f3ed849\">\n                        <a class=\"elementkit-nav-link  left-pos\" id=\"content-f3ed84969f01e1a65d04-tab\" data-ekit-handler-id=\"downloads\" data-ekit-toggle=\"tab\" data-target=\"#content-f3ed84969f01e1a65d04\" href=\"#Content-f3ed84969f01e1a65d04\"\n                            data-ekit-toggle-trigger=\"click\"\n                            aria-describedby=\"Content-f3ed84969f01e1a65d04\">\n                            <span class=\"elementskit-tab-icon\"><\/span>                            <span class=\"elementskit-tab-title\">Sta\u017een\u00ed<\/span>\n                        <\/a>\n                    <\/li>\n                                <\/ul>\n\n            <div class=\"tab-content elementkit-tab-content\">\n                                    <div class=\"tab-pane elementkit-tab-pane elementor-repeater-item-d0363a9  active show\" id=\"content-d0363a969f01e1a65d04\" role=\"tabpanel\"\n                         aria-labelledby=\"content-d0363a969f01e1a65d04-tab\">\n                        <div class=\"animated fadeIn\">\n                            <h3>Informace o Produktu<\/h3>\t\t<div data-elementor-type=\"section\" data-elementor-id=\"8585\" class=\"elementor elementor-8585\" data-elementor-post-type=\"elementor_library\">\n\t\t\t\t\t<section class=\"elementor-section elementor-top-section elementor-element elementor-element-3c9a5a4 elementor-section-boxed elementor-section-height-default elementor-section-height-default qodef-elementor-content-no\" data-id=\"3c9a5a4\" data-element_type=\"section\" data-e-type=\"section\" data-settings=\"{&quot;ekit_has_onepagescroll_dot&quot;:&quot;yes&quot;}\">\n\t\t\t\t\t\t<div class=\"elementor-container elementor-column-gap-default\">\n\t\t\t\t\t<div class=\"elementor-column elementor-col-100 elementor-top-column elementor-element elementor-element-8fd3e15\" data-id=\"8fd3e15\" data-element_type=\"column\" data-e-type=\"column\">\n\t\t\t<div class=\"elementor-widget-wrap elementor-element-populated\">\n\t\t\t\t\t\t<div class=\"elementor-element elementor-element-c6fd92e elementor-widget elementor-widget-accordion\" data-id=\"c6fd92e\" data-element_type=\"widget\" data-e-type=\"widget\" data-settings=\"{&quot;ekit_we_effect_on&quot;:&quot;none&quot;}\" data-widget_type=\"accordion.default\">\n\t\t\t\t<div class=\"elementor-widget-container\">\n\t\t\t\t\t\t\t<div class=\"elementor-accordion\">\n\t\t\t\t\t\t\t<div class=\"elementor-accordion-item\">\n\t\t\t\t\t<div id=\"elementor-tab-title-2081\" class=\"elementor-tab-title\" data-tab=\"1\" role=\"button\" aria-controls=\"elementor-tab-content-2081\" aria-expanded=\"false\">\n\t\t\t\t\t\t\t\t\t\t\t\t\t<span class=\"elementor-accordion-icon elementor-accordion-icon-left\" aria-hidden=\"true\">\n\t\t\t\t\t\t\t\t\t\t\t\t\t\t\t<span class=\"elementor-accordion-icon-closed\"><i class=\"fas fa-plus\"><\/i><\/span>\n\t\t\t\t\t\t\t\t<span class=\"elementor-accordion-icon-opened\"><i class=\"fas fa-minus\"><\/i><\/span>\n\t\t\t\t\t\t\t\t\t\t\t\t\t\t<\/span>\n\t\t\t\t\t\t\t\t\t\t\t\t<a class=\"elementor-accordion-title\" tabindex=\"0\">Popis<\/a>\n\t\t\t\t\t<\/div>\n\t\t\t\t\t<div id=\"elementor-tab-content-2081\" class=\"elementor-tab-content elementor-clearfix\" data-tab=\"1\" role=\"region\" aria-labelledby=\"elementor-tab-title-2081\"><p>Cavicoll\u00ae is a gelatin free hydrocolloid paste sterilized by radiation. It forms gel upon absorbing wound exudates, providing a moist wound environment and supporting granulation and epithelialization.<\/p>\n<\/div>\n\t\t\t\t<\/div>\n\t\t\t\t\t\t\t<div class=\"elementor-accordion-item\">\n\t\t\t\t\t<div id=\"elementor-tab-title-2082\" class=\"elementor-tab-title\" data-tab=\"2\" role=\"button\" aria-controls=\"elementor-tab-content-2082\" aria-expanded=\"false\">\n\t\t\t\t\t\t\t\t\t\t\t\t\t<span class=\"elementor-accordion-icon elementor-accordion-icon-left\" aria-hidden=\"true\">\n\t\t\t\t\t\t\t\t\t\t\t\t\t\t\t<span class=\"elementor-accordion-icon-closed\"><i class=\"fas fa-plus\"><\/i><\/span>\n\t\t\t\t\t\t\t\t<span class=\"elementor-accordion-icon-opened\"><i class=\"fas fa-minus\"><\/i><\/span>\n\t\t\t\t\t\t\t\t\t\t\t\t\t\t<\/span>\n\t\t\t\t\t\t\t\t\t\t\t\t<a class=\"elementor-accordion-title\" tabindex=\"0\">Vlastnosti<\/a>\n\t\t\t\t\t<\/div>\n\t\t\t\t\t<div id=\"elementor-tab-content-2082\" class=\"elementor-tab-content elementor-clearfix\" data-tab=\"2\" role=\"region\" aria-labelledby=\"elementor-tab-title-2082\"><p>\u2022 Healing in moist environment: interacts with wound exudate to form a moist wound environment.<br \/>\n\u2022 Painless and atraumatic removal: Due to its fatty, yet non-greasy, nature, together with the gel formation property upon exudates<br \/>\ncontact, the hydrocolloid paste allows the atraumatic removal of the dressing without damaging newly formed tissue.<br \/>\n\u2022 Absorbent: Due to the fact that Cavicoll\u00ae contains a high percentage of superabsorbent polymer, the paste aids in the absorption of excessive exudate and extend the life of the secondary dressing, increasing the wear time and decreasing dressing change rate.<br \/>\n\u2022 Aids autolytic debridement.<\/p>\n<\/div>\n\t\t\t\t<\/div>\n\t\t\t\t\t\t\t<div class=\"elementor-accordion-item\">\n\t\t\t\t\t<div id=\"elementor-tab-title-2083\" class=\"elementor-tab-title\" data-tab=\"3\" role=\"button\" aria-controls=\"elementor-tab-content-2083\" aria-expanded=\"false\">\n\t\t\t\t\t\t\t\t\t\t\t\t\t<span class=\"elementor-accordion-icon elementor-accordion-icon-left\" aria-hidden=\"true\">\n\t\t\t\t\t\t\t\t\t\t\t\t\t\t\t<span class=\"elementor-accordion-icon-closed\"><i class=\"fas fa-plus\"><\/i><\/span>\n\t\t\t\t\t\t\t\t<span class=\"elementor-accordion-icon-opened\"><i class=\"fas fa-minus\"><\/i><\/span>\n\t\t\t\t\t\t\t\t\t\t\t\t\t\t<\/span>\n\t\t\t\t\t\t\t\t\t\t\t\t<a class=\"elementor-accordion-title\" tabindex=\"0\">Ur\u010den\u00e9 Pou\u017eit\u00ed<\/a>\n\t\t\t\t\t<\/div>\n\t\t\t\t\t<div id=\"elementor-tab-content-2083\" class=\"elementor-tab-content elementor-clearfix\" data-tab=\"3\" role=\"region\" aria-labelledby=\"elementor-tab-title-2083\"><p>Cavicoll\u00ae is intended to be used in association with a secondary dressing such as Protectfilm\u00ae for the management of exuding dermal ulcers, including full-thickness wounds, such as leg ulcers, pressure ulcers and diabetic ulcers.<\/p>\n<\/div>\n\t\t\t\t<\/div>\n\t\t\t\t\t\t\t<div class=\"elementor-accordion-item\">\n\t\t\t\t\t<div id=\"elementor-tab-title-2084\" class=\"elementor-tab-title\" data-tab=\"4\" role=\"button\" aria-controls=\"elementor-tab-content-2084\" aria-expanded=\"false\">\n\t\t\t\t\t\t\t\t\t\t\t\t\t<span class=\"elementor-accordion-icon elementor-accordion-icon-left\" aria-hidden=\"true\">\n\t\t\t\t\t\t\t\t\t\t\t\t\t\t\t<span class=\"elementor-accordion-icon-closed\"><i class=\"fas fa-plus\"><\/i><\/span>\n\t\t\t\t\t\t\t\t<span class=\"elementor-accordion-icon-opened\"><i class=\"fas fa-minus\"><\/i><\/span>\n\t\t\t\t\t\t\t\t\t\t\t\t\t\t<\/span>\n\t\t\t\t\t\t\t\t\t\t\t\t<a class=\"elementor-accordion-title\" tabindex=\"0\">Kontraindikace<\/a>\n\t\t\t\t\t<\/div>\n\t\t\t\t\t<div id=\"elementor-tab-content-2084\" class=\"elementor-tab-content elementor-clearfix\" data-tab=\"4\" role=\"region\" aria-labelledby=\"elementor-tab-title-2084\"><p>Do not use on:<br \/>\n\u2022 Individuals with a known sensitivity to the paste or its components specially Carboxymethylcellulose.<br \/>\n\u2022 Ulcers resulting from infection such as tuberculosis, syphilis or deep fungal infections.<br \/>\n\u2022 Full thickness burns.<br \/>\n\u2022 Ulcers with Exposed bones and tendons.<br \/>\n\u2022 Individuals with active vasculitis.<br \/>\n\u2022 Where there is a possibility of the wound becoming necrotic due to poor vascularisaition.<br \/>\n\u2022 Clinically infected wound (unless used in conjunction with appropriate treatment such as systemic<br \/>\nantibiotics) occlusive dressings such as hydrocolloids should not be used in the presence of anaerobic bacterial infection.<\/p>\n<\/div>\n\t\t\t\t<\/div>\n\t\t\t\t\t\t\t<div class=\"elementor-accordion-item\">\n\t\t\t\t\t<div id=\"elementor-tab-title-2085\" class=\"elementor-tab-title\" data-tab=\"5\" role=\"button\" aria-controls=\"elementor-tab-content-2085\" aria-expanded=\"false\">\n\t\t\t\t\t\t\t\t\t\t\t\t\t<span class=\"elementor-accordion-icon elementor-accordion-icon-left\" aria-hidden=\"true\">\n\t\t\t\t\t\t\t\t\t\t\t\t\t\t\t<span class=\"elementor-accordion-icon-closed\"><i class=\"fas fa-plus\"><\/i><\/span>\n\t\t\t\t\t\t\t\t<span class=\"elementor-accordion-icon-opened\"><i class=\"fas fa-minus\"><\/i><\/span>\n\t\t\t\t\t\t\t\t\t\t\t\t\t\t<\/span>\n\t\t\t\t\t\t\t\t\t\t\t\t<a class=\"elementor-accordion-title\" tabindex=\"0\">Preventivn\u00ed opat\u0159en\u00ed<\/a>\n\t\t\t\t\t<\/div>\n\t\t\t\t\t<div id=\"elementor-tab-content-2085\" class=\"elementor-tab-content elementor-clearfix\" data-tab=\"5\" role=\"region\" aria-labelledby=\"elementor-tab-title-2085\"><\/div>\n\t\t\t\t<\/div>\n\t\t\t\t\t\t\t<div class=\"elementor-accordion-item\">\n\t\t\t\t\t<div id=\"elementor-tab-title-2086\" class=\"elementor-tab-title\" data-tab=\"6\" role=\"button\" aria-controls=\"elementor-tab-content-2086\" aria-expanded=\"false\">\n\t\t\t\t\t\t\t\t\t\t\t\t\t<span class=\"elementor-accordion-icon elementor-accordion-icon-left\" aria-hidden=\"true\">\n\t\t\t\t\t\t\t\t\t\t\t\t\t\t\t<span class=\"elementor-accordion-icon-closed\"><i class=\"fas fa-plus\"><\/i><\/span>\n\t\t\t\t\t\t\t\t<span class=\"elementor-accordion-icon-opened\"><i class=\"fas fa-minus\"><\/i><\/span>\n\t\t\t\t\t\t\t\t\t\t\t\t\t\t<\/span>\n\t\t\t\t\t\t\t\t\t\t\t\t<a class=\"elementor-accordion-title\" tabindex=\"0\">Diagram vrstev<\/a>\n\t\t\t\t\t<\/div>\n\t\t\t\t\t<div id=\"elementor-tab-content-2086\" class=\"elementor-tab-content elementor-clearfix\" data-tab=\"6\" role=\"region\" aria-labelledby=\"elementor-tab-title-2086\"><\/div>\n\t\t\t\t<\/div>\n\t\t\t\t\t\t\t<div class=\"elementor-accordion-item\">\n\t\t\t\t\t<div id=\"elementor-tab-title-2087\" class=\"elementor-tab-title\" data-tab=\"7\" role=\"button\" aria-controls=\"elementor-tab-content-2087\" aria-expanded=\"false\">\n\t\t\t\t\t\t\t\t\t\t\t\t\t<span class=\"elementor-accordion-icon elementor-accordion-icon-left\" aria-hidden=\"true\">\n\t\t\t\t\t\t\t\t\t\t\t\t\t\t\t<span class=\"elementor-accordion-icon-closed\"><i class=\"fas fa-plus\"><\/i><\/span>\n\t\t\t\t\t\t\t\t<span class=\"elementor-accordion-icon-opened\"><i class=\"fas fa-minus\"><\/i><\/span>\n\t\t\t\t\t\t\t\t\t\t\t\t\t\t<\/span>\n\t\t\t\t\t\t\t\t\t\t\t\t<a class=\"elementor-accordion-title\" tabindex=\"0\">Frekvence v\u00fdm\u011bny<\/a>\n\t\t\t\t\t<\/div>\n\t\t\t\t\t<div id=\"elementor-tab-content-2087\" class=\"elementor-tab-content elementor-clearfix\" data-tab=\"7\" role=\"region\" aria-labelledby=\"elementor-tab-title-2087\"><\/div>\n\t\t\t\t<\/div>\n\t\t\t\t\t\t\t<div class=\"elementor-accordion-item\">\n\t\t\t\t\t<div id=\"elementor-tab-title-2088\" class=\"elementor-tab-title\" data-tab=\"8\" role=\"button\" aria-controls=\"elementor-tab-content-2088\" aria-expanded=\"false\">\n\t\t\t\t\t\t\t\t\t\t\t\t\t<span class=\"elementor-accordion-icon elementor-accordion-icon-left\" aria-hidden=\"true\">\n\t\t\t\t\t\t\t\t\t\t\t\t\t\t\t<span class=\"elementor-accordion-icon-closed\"><i class=\"fas fa-plus\"><\/i><\/span>\n\t\t\t\t\t\t\t\t<span class=\"elementor-accordion-icon-opened\"><i class=\"fas fa-minus\"><\/i><\/span>\n\t\t\t\t\t\t\t\t\t\t\t\t\t\t<\/span>\n\t\t\t\t\t\t\t\t\t\t\t\t<a class=\"elementor-accordion-title\" tabindex=\"0\">Jak to funguje?<\/a>\n\t\t\t\t\t<\/div>\n\t\t\t\t\t<div id=\"elementor-tab-content-2088\" class=\"elementor-tab-content elementor-clearfix\" data-tab=\"8\" role=\"region\" aria-labelledby=\"elementor-tab-title-2088\"><p>\u2022Paraffinic components have non-polar fatty nature, so they do not adhere to the polar proteinaceous exudates.<br \/>\n\u2022Hydrocolloid particles absorb exudates and turn to gel which provides optimum moist environment that enhances wound healing. Furthermore, it aids non-adherence due to synergistic action between gel and paraffinic components.<\/p>\n<\/div>\n\t\t\t\t<\/div>\n\t\t\t\t\t\t\t<div class=\"elementor-accordion-item\">\n\t\t\t\t\t<div id=\"elementor-tab-title-2089\" class=\"elementor-tab-title\" data-tab=\"9\" role=\"button\" aria-controls=\"elementor-tab-content-2089\" aria-expanded=\"false\">\n\t\t\t\t\t\t\t\t\t\t\t\t\t<span class=\"elementor-accordion-icon elementor-accordion-icon-left\" aria-hidden=\"true\">\n\t\t\t\t\t\t\t\t\t\t\t\t\t\t\t<span class=\"elementor-accordion-icon-closed\"><i class=\"fas fa-plus\"><\/i><\/span>\n\t\t\t\t\t\t\t\t<span class=\"elementor-accordion-icon-opened\"><i class=\"fas fa-minus\"><\/i><\/span>\n\t\t\t\t\t\t\t\t\t\t\t\t\t\t<\/span>\n\t\t\t\t\t\t\t\t\t\t\t\t<a class=\"elementor-accordion-title\" tabindex=\"0\">\u017divotnost<\/a>\n\t\t\t\t\t<\/div>\n\t\t\t\t\t<div id=\"elementor-tab-content-2089\" class=\"elementor-tab-content elementor-clearfix\" data-tab=\"9\" role=\"region\" aria-labelledby=\"elementor-tab-title-2089\"><\/div>\n\t\t\t\t<\/div>\n\t\t\t\t\t\t\t\t<\/div>\n\t\t\t\t\t\t<\/div>\n\t\t\t\t<\/div>\n\t\t\t\t\t<\/div>\n\t\t<\/div>\n\t\t\t\t\t<\/div>\n\t\t<\/section>\n\t\t\t\t<\/div>\n\t\t                        <\/div>\n                    <\/div>\n                                    <div class=\"tab-pane elementkit-tab-pane elementor-repeater-item-23affad\" id=\"content-23affad69f01e1a65d04\" role=\"tabpanel\"\n                         aria-labelledby=\"content-23affad69f01e1a65d04-tab\">\n                        <div class=\"animated fadeIn\">\n                            <p><strong>a. Preparation of the wound site:<\/strong><br \/>1. Cleanse the wound bed according to the hospital practice.<br \/>2. Irrigate with physiological saline solutoon.<br \/>3. Dry surrounding skin carefully to remove any greasy substances since these will interfere with the<br \/>adhesion of the secondary dressing.<\/p><p><strong>b. Cavicoll\u00ae application:<\/strong><br \/>1. Squeeze the paste into the wound, smooth it using sterile spatula or sterile gloved finger. The surface<br \/>of the paste should not protrude above the level of the surrounding skin (excess paste should be removed).<br \/>2. Select a secondary dressing of appropriate size so that it extends at least for 2.5 cm onto the normal<br \/>skin, apply and hold gently in place to ensure good adhesion of the secondary dressing.<\/p><p><strong>c. Removal:<\/strong><br \/>Cavicoll\u00ae will gradually form a gel-like substance in the presence of wound exudates; this can be removed with saline solution during the dressing change.<br \/>Materials adhering to the wound margins shouldn\u2019t be completely removed if a new dressing is to be<br \/>applied.<\/p>                        <\/div>\n                    <\/div>\n                                    <div class=\"tab-pane elementkit-tab-pane elementor-repeater-item-a3ff291\" id=\"content-a3ff29169f01e1a65d04\" role=\"tabpanel\"\n                         aria-labelledby=\"content-a3ff29169f01e1a65d04-tab\">\n                        <div class=\"animated fadeIn\">\n                            <table><tbody><tr><td width=\"180\"><p><strong>Cavicoll<\/strong><strong>\u00ae<\/strong><\/p><\/td><td width=\"119\"><p><strong>Size<\/strong><\/p><\/td><td width=\"138\"><p><strong>Pieces\/Box <\/strong><\/p><\/td><td width=\"138\"><p><strong>Boxes\/Case <\/strong><\/p><\/td><\/tr><tr><td width=\"180\"><p>COLLPASTE15<\/p><\/td><td width=\"119\"><p>15gm<\/p><\/td><td width=\"138\"><p>1<\/p><\/td><td width=\"138\"><p>48<\/p><\/td><\/tr><tr><td width=\"180\"><p>COLLPASTE30<\/p><\/td><td width=\"119\"><p>30gm<\/p><\/td><td width=\"138\"><p>1<\/p><\/td><td width=\"138\"><p>48<\/p><\/td><\/tr><tr><td width=\"180\"><p>COLLPASTE75<\/p><\/td><td width=\"119\"><p>75gm<\/p><\/td><td width=\"138\"><p>1<\/p><\/td><td width=\"138\"><p>24<\/p><\/td><\/tr><tr><td width=\"180\"><p>COLLPASTE40<\/p><\/td><td width=\"119\"><p>40gm<\/p><\/td><td width=\"138\"><p>1<\/p><\/td><td width=\"138\"><p>24<\/p><\/td><\/tr><tr><td width=\"180\"><p>COLLPASTE50<\/p><\/td><td width=\"119\"><p>50gm<\/p><\/td><td width=\"138\"><p>1<\/p><\/td><td width=\"138\"><p>24<\/p><\/td><\/tr><tr><td width=\"180\"><p>COLLPASTE100<\/p><\/td><td width=\"119\"><p>100gm<\/p><\/td><td width=\"138\"><p>1<\/p><\/td><td width=\"138\"><p>24<\/p><\/td><\/tr><tr><td width=\"180\"><p>COLLPASTE250<\/p><\/td><td width=\"119\"><p>250gm<\/p><\/td><td width=\"138\"><p>1<\/p><\/td><td width=\"138\"><p>8<\/p><\/td><\/tr><\/tbody><\/table><p>\u00a0<\/p><p>Other sizes available upon request<\/p>                        <\/div>\n                    <\/div>\n                                    <div class=\"tab-pane elementkit-tab-pane elementor-repeater-item-f3ed849\" id=\"content-f3ed84969f01e1a65d04\" role=\"tabpanel\"\n                         aria-labelledby=\"content-f3ed84969f01e1a65d04-tab\">\n                        <div class=\"animated fadeIn\">\n                            <p><a href=\"https:\/\/pharmaplast-online.net\/wp-content\/uploads\/2026\/03\/Cavicoll-brochure.pdf\">Cavicoll brochure<\/a><\/p><p><img decoding=\"async\" class=\"alignnone wp-image-17145\" src=\"https:\/\/pharmaplast-online.net\/wp-content\/uploads\/2024\/10\/pdf_4726010-300x300.png\" alt=\"\" width=\"50\" height=\"50\" srcset=\"https:\/\/pharmaplast-online.net\/wp-content\/uploads\/2024\/10\/pdf_4726010-300x300.png 300w, https:\/\/pharmaplast-online.net\/wp-content\/uploads\/2024\/10\/pdf_4726010-150x150.png 150w, https:\/\/pharmaplast-online.net\/wp-content\/uploads\/2024\/10\/pdf_4726010-12x12.png 12w, https:\/\/pharmaplast-online.net\/wp-content\/uploads\/2024\/10\/pdf_4726010-24x24.png 24w, https:\/\/pharmaplast-online.net\/wp-content\/uploads\/2024\/10\/pdf_4726010-36x36.png 36w, https:\/\/pharmaplast-online.net\/wp-content\/uploads\/2024\/10\/pdf_4726010-48x48.png 48w, https:\/\/pharmaplast-online.net\/wp-content\/uploads\/2024\/10\/pdf_4726010-100x100.png 100w, https:\/\/pharmaplast-online.net\/wp-content\/uploads\/2024\/10\/pdf_4726010.png 512w\" sizes=\"(max-width: 50px) 100vw, 50px\" \/><\/p>                        <\/div>\n                    <\/div>\n                                \n            <\/div>\n                    <\/div>\n    <\/div>\t\t\t\t<\/div>\n\t\t\t\t<\/div>\n\t\t\t\t\t<\/div>\n\t\t<\/div>\n\t\t\t\t\t<\/div>\n\t\t<\/section>\n\t\t\t\t<\/div>","protected":false},"excerpt":{"rendered":"<p>Gelatin free hydrocolloid paste<\/p>","protected":false},"featured_media":14625,"comment_status":"open","ping_status":"closed","template":"","meta":[],"product_brand":[],"product_cat":[187,199,201],"product_tag":[],"class_list":{"0":"post-9495","1":"product","2":"type-product","3":"status-publish","4":"has-post-thumbnail","6":"product_cat-advanced-wound-care","7":"product_cat-hydrocolloids","8":"product_cat-paste","10":"first","11":"instock","12":"shipping-taxable","13":"product-type-simple"},"acf":[],"_links":{"self":[{"href":"https:\/\/pharmaplast-online.net\/cs\/wp-json\/wp\/v2\/product\/9495","targetHints":{"allow":["GET"]}}],"collection":[{"href":"https:\/\/pharmaplast-online.net\/cs\/wp-json\/wp\/v2\/product"}],"about":[{"href":"https:\/\/pharmaplast-online.net\/cs\/wp-json\/wp\/v2\/types\/product"}],"replies":[{"embeddable":true,"href":"https:\/\/pharmaplast-online.net\/cs\/wp-json\/wp\/v2\/comments?post=9495"}],"version-history":[{"count":25,"href":"https:\/\/pharmaplast-online.net\/cs\/wp-json\/wp\/v2\/product\/9495\/revisions"}],"predecessor-version":[{"id":24062,"href":"https:\/\/pharmaplast-online.net\/cs\/wp-json\/wp\/v2\/product\/9495\/revisions\/24062"}],"wp:featuredmedia":[{"embeddable":true,"href":"https:\/\/pharmaplast-online.net\/cs\/wp-json\/wp\/v2\/media\/14625"}],"wp:attachment":[{"href":"https:\/\/pharmaplast-online.net\/cs\/wp-json\/wp\/v2\/media?parent=9495"}],"wp:term":[{"taxonomy":"product_brand","embeddable":true,"href":"https:\/\/pharmaplast-online.net\/cs\/wp-json\/wp\/v2\/product_brand?post=9495"},{"taxonomy":"product_cat","embeddable":true,"href":"https:\/\/pharmaplast-online.net\/cs\/wp-json\/wp\/v2\/product_cat?post=9495"},{"taxonomy":"product_tag","embeddable":true,"href":"https:\/\/pharmaplast-online.net\/cs\/wp-json\/wp\/v2\/product_tag?post=9495"}],"curies":[{"name":"wp","href":"https:\/\/api.w.org\/{rel}","templated":true}]}}