{"id":11105,"date":"2023-02-28T14:25:21","date_gmt":"2023-02-28T14:25:21","guid":{"rendered":"https:\/\/pharmaplast.mediagate-egy.com\/?post_type=product&#038;p=11105"},"modified":"2026-04-15T09:31:39","modified_gmt":"2026-04-15T09:31:39","slug":"espuma-gentle-transfer-2","status":"publish","type":"product","link":"https:\/\/pharmaplast-online.net\/de\/produkt\/espuma-gentle-transfer-2\/","title":{"rendered":"ESPUMA\u00ae Gentle Transfer"},"content":{"rendered":"<div data-elementor-type=\"product-post\" data-elementor-id=\"11105\" class=\"elementor elementor-11105\" data-elementor-post-type=\"product\">\n\t\t\t\t\t\t<section class=\"elementor-section elementor-top-section elementor-element elementor-element-3f6c169 elementor-section-boxed elementor-section-height-default elementor-section-height-default qodef-elementor-content-no\" data-id=\"3f6c169\" data-element_type=\"section\" data-e-type=\"section\" data-settings=\"{&quot;ekit_has_onepagescroll_dot&quot;:&quot;yes&quot;}\">\n\t\t\t\t\t\t<div class=\"elementor-container elementor-column-gap-default\">\n\t\t\t\t\t<div class=\"elementor-column elementor-col-100 elementor-top-column elementor-element elementor-element-8213c36\" data-id=\"8213c36\" data-element_type=\"column\" data-e-type=\"column\">\n\t\t\t<div class=\"elementor-widget-wrap elementor-element-populated\">\n\t\t\t\t\t\t<div class=\"elementor-element elementor-element-a5f9dc3 elementor-widget elementor-widget-elementskit-simple-tab\" data-id=\"a5f9dc3\" data-element_type=\"widget\" data-e-type=\"widget\" data-settings=\"{&quot;ekit_we_effect_on&quot;:&quot;none&quot;}\" data-widget_type=\"elementskit-simple-tab.default\">\n\t\t\t\t<div class=\"elementor-widget-container\">\n\t\t\t\t\t<div class=\"ekit-wid-con\" >        <div class=\"elementkit-tab-wraper\">\n            <ul class=\"nav nav-tabs elementkit-tab-nav  elementskit-fullwidth-tab\">\n                                    <li class=\"elementkit-nav-item elementor-repeater-item-d0363a9\">\n                        <a class=\"elementkit-nav-link  active show left-pos\" id=\"content-d0363a969e63b2499b6a-tab\" data-ekit-handler-id=\"product-info\" data-ekit-toggle=\"tab\" data-target=\"#content-d0363a969e63b2499b6a\" href=\"#Content-d0363a969e63b2499b6a\"\n                            data-ekit-toggle-trigger=\"click\"\n                            aria-describedby=\"Content-d0363a969e63b2499b6a\">\n                            <span class=\"elementskit-tab-icon\"><\/span>                            <span class=\"elementskit-tab-title\">Produkt-Infos<\/span>\n                        <\/a>\n                    <\/li>\n                                        <li class=\"elementkit-nav-item elementor-repeater-item-9b61f69\">\n                        <a class=\"elementkit-nav-link  left-pos\" id=\"content-9b61f6969e63b2499b6a-tab\" data-ekit-handler-id=\"how-to-use\" data-ekit-toggle=\"tab\" data-target=\"#content-9b61f6969e63b2499b6a\" href=\"#Content-9b61f6969e63b2499b6a\"\n                            data-ekit-toggle-trigger=\"click\"\n                            aria-describedby=\"Content-9b61f6969e63b2499b6a\">\n                            <span class=\"elementskit-tab-icon\"><\/span>                            <span class=\"elementskit-tab-title\">Gebrauchsanleitung<\/span>\n                        <\/a>\n                    <\/li>\n                                        <li class=\"elementkit-nav-item elementor-repeater-item-23affad\">\n                        <a class=\"elementkit-nav-link  left-pos\" id=\"content-23affad69e63b2499b6a-tab\" data-ekit-handler-id=\"sizes-codes\" data-ekit-toggle=\"tab\" data-target=\"#content-23affad69e63b2499b6a\" href=\"#Content-23affad69e63b2499b6a\"\n                            data-ekit-toggle-trigger=\"click\"\n                            aria-describedby=\"Content-23affad69e63b2499b6a\">\n                            <span class=\"elementskit-tab-icon\"><\/span>                            <span class=\"elementskit-tab-title\">Gr\u00f6\u00dfen und Codes<\/span>\n                        <\/a>\n                    <\/li>\n                                        <li class=\"elementkit-nav-item elementor-repeater-item-9882644\">\n                        <a class=\"elementkit-nav-link  left-pos\" id=\"content-988264469e63b2499b6a-tab\" data-ekit-handler-id=\"downloads\" data-ekit-toggle=\"tab\" data-target=\"#content-988264469e63b2499b6a\" href=\"#Content-988264469e63b2499b6a\"\n                            data-ekit-toggle-trigger=\"click\"\n                            aria-describedby=\"Content-988264469e63b2499b6a\">\n                            <span class=\"elementskit-tab-icon\"><\/span>                            <span class=\"elementskit-tab-title\">downloads<\/span>\n                        <\/a>\n                    <\/li>\n                                <\/ul>\n\n            <div class=\"tab-content elementkit-tab-content\">\n                                    <div class=\"tab-pane elementkit-tab-pane elementor-repeater-item-d0363a9  active show\" id=\"content-d0363a969e63b2499b6a\" role=\"tabpanel\"\n                         aria-labelledby=\"content-d0363a969e63b2499b6a-tab\">\n                        <div class=\"animated fadeIn\">\n                            <h3>Produkt-Infos<\/h3><p>\t\t<div data-elementor-type=\"section\" data-elementor-id=\"8585\" class=\"elementor elementor-8585\" data-elementor-post-type=\"elementor_library\">\n\t\t\t\t\t<section class=\"elementor-section elementor-top-section elementor-element elementor-element-3c9a5a4 elementor-section-boxed elementor-section-height-default elementor-section-height-default qodef-elementor-content-no\" data-id=\"3c9a5a4\" data-element_type=\"section\" data-e-type=\"section\" data-settings=\"{&quot;ekit_has_onepagescroll_dot&quot;:&quot;yes&quot;}\">\n\t\t\t\t\t\t<div class=\"elementor-container elementor-column-gap-default\">\n\t\t\t\t\t<div class=\"elementor-column elementor-col-100 elementor-top-column elementor-element elementor-element-8fd3e15\" data-id=\"8fd3e15\" data-element_type=\"column\" data-e-type=\"column\">\n\t\t\t<div class=\"elementor-widget-wrap elementor-element-populated\">\n\t\t\t\t\t\t<div class=\"elementor-element elementor-element-c6fd92e elementor-widget elementor-widget-accordion\" data-id=\"c6fd92e\" data-element_type=\"widget\" data-e-type=\"widget\" data-settings=\"{&quot;ekit_we_effect_on&quot;:&quot;none&quot;}\" data-widget_type=\"accordion.default\">\n\t\t\t\t<div class=\"elementor-widget-container\">\n\t\t\t\t\t\t\t<div class=\"elementor-accordion\">\n\t\t\t\t\t\t\t<div class=\"elementor-accordion-item\">\n\t\t\t\t\t<div id=\"elementor-tab-title-2081\" class=\"elementor-tab-title\" data-tab=\"1\" role=\"button\" aria-controls=\"elementor-tab-content-2081\" aria-expanded=\"false\">\n\t\t\t\t\t\t\t\t\t\t\t\t\t<span class=\"elementor-accordion-icon elementor-accordion-icon-left\" aria-hidden=\"true\">\n\t\t\t\t\t\t\t\t\t\t\t\t\t\t\t<span class=\"elementor-accordion-icon-closed\"><i class=\"fas fa-plus\"><\/i><\/span>\n\t\t\t\t\t\t\t\t<span class=\"elementor-accordion-icon-opened\"><i class=\"fas fa-minus\"><\/i><\/span>\n\t\t\t\t\t\t\t\t\t\t\t\t\t\t<\/span>\n\t\t\t\t\t\t\t\t\t\t\t\t<a class=\"elementor-accordion-title\" tabindex=\"0\">Beschreibung<\/a>\n\t\t\t\t\t<\/div>\n\t\t\t\t\t<div id=\"elementor-tab-content-2081\" class=\"elementor-tab-content elementor-clearfix\" data-tab=\"1\" role=\"region\" aria-labelledby=\"elementor-tab-title-2081\"><p><strong>ESPUMA<\/strong><strong>\u00ae GENTLE TRANSFER <\/strong>is composed of thin polyurethane foam layer, but without polyurethane top sheet, so that the dressing can transfer exudates away from the wound into a secondary absorbent dressing.<\/p>\n<\/div>\n\t\t\t\t<\/div>\n\t\t\t\t\t\t\t<div class=\"elementor-accordion-item\">\n\t\t\t\t\t<div id=\"elementor-tab-title-2082\" class=\"elementor-tab-title\" data-tab=\"2\" role=\"button\" aria-controls=\"elementor-tab-content-2082\" aria-expanded=\"false\">\n\t\t\t\t\t\t\t\t\t\t\t\t\t<span class=\"elementor-accordion-icon elementor-accordion-icon-left\" aria-hidden=\"true\">\n\t\t\t\t\t\t\t\t\t\t\t\t\t\t\t<span class=\"elementor-accordion-icon-closed\"><i class=\"fas fa-plus\"><\/i><\/span>\n\t\t\t\t\t\t\t\t<span class=\"elementor-accordion-icon-opened\"><i class=\"fas fa-minus\"><\/i><\/span>\n\t\t\t\t\t\t\t\t\t\t\t\t\t\t<\/span>\n\t\t\t\t\t\t\t\t\t\t\t\t<a class=\"elementor-accordion-title\" tabindex=\"0\">Leistungsmerkmale<\/a>\n\t\t\t\t\t<\/div>\n\t\t\t\t\t<div id=\"elementor-tab-content-2082\" class=\"elementor-tab-content elementor-clearfix\" data-tab=\"2\" role=\"region\" aria-labelledby=\"elementor-tab-title-2082\"><p>&nbsp;<\/p>\n<p>&nbsp;<\/p>\n<\/div>\n\t\t\t\t<\/div>\n\t\t\t\t\t\t\t<div class=\"elementor-accordion-item\">\n\t\t\t\t\t<div id=\"elementor-tab-title-2083\" class=\"elementor-tab-title\" data-tab=\"3\" role=\"button\" aria-controls=\"elementor-tab-content-2083\" aria-expanded=\"false\">\n\t\t\t\t\t\t\t\t\t\t\t\t\t<span class=\"elementor-accordion-icon elementor-accordion-icon-left\" aria-hidden=\"true\">\n\t\t\t\t\t\t\t\t\t\t\t\t\t\t\t<span class=\"elementor-accordion-icon-closed\"><i class=\"fas fa-plus\"><\/i><\/span>\n\t\t\t\t\t\t\t\t<span class=\"elementor-accordion-icon-opened\"><i class=\"fas fa-minus\"><\/i><\/span>\n\t\t\t\t\t\t\t\t\t\t\t\t\t\t<\/span>\n\t\t\t\t\t\t\t\t\t\t\t\t<a class=\"elementor-accordion-title\" tabindex=\"0\">Verwendungszweck<\/a>\n\t\t\t\t\t<\/div>\n\t\t\t\t\t<div id=\"elementor-tab-content-2083\" class=\"elementor-tab-content elementor-clearfix\" data-tab=\"3\" role=\"region\" aria-labelledby=\"elementor-tab-title-2083\"><ul>\n<li>Designed for a wide range of exuding and difficult-to-dress wounds.<\/li>\n<li>can also be used as a protective layer on non-exuding wounds and\/or large areas of fragile skin.<\/li>\n<li>can be used under compression.<\/li>\n<\/ul>\n<\/div>\n\t\t\t\t<\/div>\n\t\t\t\t\t\t\t<div class=\"elementor-accordion-item\">\n\t\t\t\t\t<div id=\"elementor-tab-title-2084\" class=\"elementor-tab-title\" data-tab=\"4\" role=\"button\" aria-controls=\"elementor-tab-content-2084\" aria-expanded=\"false\">\n\t\t\t\t\t\t\t\t\t\t\t\t\t<span class=\"elementor-accordion-icon elementor-accordion-icon-left\" aria-hidden=\"true\">\n\t\t\t\t\t\t\t\t\t\t\t\t\t\t\t<span class=\"elementor-accordion-icon-closed\"><i class=\"fas fa-plus\"><\/i><\/span>\n\t\t\t\t\t\t\t\t<span class=\"elementor-accordion-icon-opened\"><i class=\"fas fa-minus\"><\/i><\/span>\n\t\t\t\t\t\t\t\t\t\t\t\t\t\t<\/span>\n\t\t\t\t\t\t\t\t\t\t\t\t<a class=\"elementor-accordion-title\" tabindex=\"0\">Gegenanzeigen<\/a>\n\t\t\t\t\t<\/div>\n\t\t\t\t\t<div id=\"elementor-tab-content-2084\" class=\"elementor-tab-content elementor-clearfix\" data-tab=\"4\" role=\"region\" aria-labelledby=\"elementor-tab-title-2084\"><p>- Het verband mag niet worden gebruikt bij pati\u00ebnten met een bekende overgevoeligheid voor siliconen, polyurethaan of een van de bestanddelen van het verband.<\/p>\n<\/div>\n\t\t\t\t<\/div>\n\t\t\t\t\t\t\t<div class=\"elementor-accordion-item\">\n\t\t\t\t\t<div id=\"elementor-tab-title-2085\" class=\"elementor-tab-title\" data-tab=\"5\" role=\"button\" aria-controls=\"elementor-tab-content-2085\" aria-expanded=\"false\">\n\t\t\t\t\t\t\t\t\t\t\t\t\t<span class=\"elementor-accordion-icon elementor-accordion-icon-left\" aria-hidden=\"true\">\n\t\t\t\t\t\t\t\t\t\t\t\t\t\t\t<span class=\"elementor-accordion-icon-closed\"><i class=\"fas fa-plus\"><\/i><\/span>\n\t\t\t\t\t\t\t\t<span class=\"elementor-accordion-icon-opened\"><i class=\"fas fa-minus\"><\/i><\/span>\n\t\t\t\t\t\t\t\t\t\t\t\t\t\t<\/span>\n\t\t\t\t\t\t\t\t\t\t\t\t<a class=\"elementor-accordion-title\" tabindex=\"0\">Vorsicht<\/a>\n\t\t\t\t\t<\/div>\n\t\t\t\t\t<div id=\"elementor-tab-content-2085\" class=\"elementor-tab-content elementor-clearfix\" data-tab=\"5\" role=\"region\" aria-labelledby=\"elementor-tab-title-2085\"><ul>\n<li>-\tHet verband mag alleen onder toezicht van een zorgverlener worden gebruikt bij ge\u00efnfecteerde wonden.<\/li>\n<li>-\tHergebruik kan leiden tot een verhoogd risico op infectie of kruisbesmetting.<\/li>\n<li><strong><em>Silicone Hydrocellular Dressings<\/em><\/strong> -\tSiliconen hydrocellulaire verbanden mag niet worden gebruikt met oxiderende middelen zoals hypochlorietoplossing of waterstofperoxide, aangezien deze middelen het absorberende polyurethaanbestanddeel van het verband kunnen afbreken.<\/li>\n<li>-\tHet gebruik van het apparaat moet worden gestaakt als er tekenen van huidbeschadiging optreden.<\/li>\n<li>-\tRaadpleeg bij klinische infectieverschijnselen een arts of andere zorgverlener voor de juiste behandeling.<\/li>\n<li>-\tHet gebruik van verbanden als onderdeel van een profylactische therapie sluit de noodzaak niet uit om een uitgebreid protocol ter voorkoming van doorligwonden te blijven ontwikkelen en volgen, zoals ondersteunende oppervlakken, positionering, voeding, hydratatie, huidverzorging en mobiliteit.<\/li>\n<li>-\tBij het aanbrengen van het verband onder medische hulpmiddelen in de buurt van de neus en mond moet men voorzichtig zijn, omdat zich daar vocht kan ophopen dat de hechting be\u00efnvloedt en kan leiden tot verschuiving van het verband.<\/li>\n<li>-\tPati\u00ebnten met epidermolysis bullosa vereisen speciale zorg en moeten worden behandeld door een zorgspecialist in een gespecialiseerde zorginstelling.<\/li>\n<li>-\tHakhoogtes mogen niet worden gebruikt voor drukontlasting, los van drukontlastende hulpmiddelen.<\/li>\n<li>-\tOm het risico op mogelijke infecties of milieuvervuiling te minimaliseren, dient het medisch hulpmiddel te worden afgevoerd volgens de afvalverwerkingsprocedures die zijn vastgelegd in de geldende lokale wetgeving.<\/li>\n<\/ul>\n<\/div>\n\t\t\t\t<\/div>\n\t\t\t\t\t\t\t<div class=\"elementor-accordion-item\">\n\t\t\t\t\t<div id=\"elementor-tab-title-2086\" class=\"elementor-tab-title\" data-tab=\"6\" role=\"button\" aria-controls=\"elementor-tab-content-2086\" aria-expanded=\"false\">\n\t\t\t\t\t\t\t\t\t\t\t\t\t<span class=\"elementor-accordion-icon elementor-accordion-icon-left\" aria-hidden=\"true\">\n\t\t\t\t\t\t\t\t\t\t\t\t\t\t\t<span class=\"elementor-accordion-icon-closed\"><i class=\"fas fa-plus\"><\/i><\/span>\n\t\t\t\t\t\t\t\t<span class=\"elementor-accordion-icon-opened\"><i class=\"fas fa-minus\"><\/i><\/span>\n\t\t\t\t\t\t\t\t\t\t\t\t\t\t<\/span>\n\t\t\t\t\t\t\t\t\t\t\t\t<a class=\"elementor-accordion-title\" tabindex=\"0\">Lagendiagramm<\/a>\n\t\t\t\t\t<\/div>\n\t\t\t\t\t<div id=\"elementor-tab-content-2086\" class=\"elementor-tab-content elementor-clearfix\" data-tab=\"6\" role=\"region\" aria-labelledby=\"elementor-tab-title-2086\"><\/div>\n\t\t\t\t<\/div>\n\t\t\t\t\t\t\t<div class=\"elementor-accordion-item\">\n\t\t\t\t\t<div id=\"elementor-tab-title-2087\" class=\"elementor-tab-title\" data-tab=\"7\" role=\"button\" aria-controls=\"elementor-tab-content-2087\" aria-expanded=\"false\">\n\t\t\t\t\t\t\t\t\t\t\t\t\t<span class=\"elementor-accordion-icon elementor-accordion-icon-left\" aria-hidden=\"true\">\n\t\t\t\t\t\t\t\t\t\t\t\t\t\t\t<span class=\"elementor-accordion-icon-closed\"><i class=\"fas fa-plus\"><\/i><\/span>\n\t\t\t\t\t\t\t\t<span class=\"elementor-accordion-icon-opened\"><i class=\"fas fa-minus\"><\/i><\/span>\n\t\t\t\t\t\t\t\t\t\t\t\t\t\t<\/span>\n\t\t\t\t\t\t\t\t\t\t\t\t<a class=\"elementor-accordion-title\" tabindex=\"0\">H\u00e4ufigkeit der Verbandwechsel<\/a>\n\t\t\t\t\t<\/div>\n\t\t\t\t\t<div id=\"elementor-tab-content-2087\" class=\"elementor-tab-content elementor-clearfix\" data-tab=\"7\" role=\"region\" aria-labelledby=\"elementor-tab-title-2087\"><\/div>\n\t\t\t\t<\/div>\n\t\t\t\t\t\t\t<div class=\"elementor-accordion-item\">\n\t\t\t\t\t<div id=\"elementor-tab-title-2088\" class=\"elementor-tab-title\" data-tab=\"8\" role=\"button\" aria-controls=\"elementor-tab-content-2088\" aria-expanded=\"false\">\n\t\t\t\t\t\t\t\t\t\t\t\t\t<span class=\"elementor-accordion-icon elementor-accordion-icon-left\" aria-hidden=\"true\">\n\t\t\t\t\t\t\t\t\t\t\t\t\t\t\t<span class=\"elementor-accordion-icon-closed\"><i class=\"fas fa-plus\"><\/i><\/span>\n\t\t\t\t\t\t\t\t<span class=\"elementor-accordion-icon-opened\"><i class=\"fas fa-minus\"><\/i><\/span>\n\t\t\t\t\t\t\t\t\t\t\t\t\t\t<\/span>\n\t\t\t\t\t\t\t\t\t\t\t\t<a class=\"elementor-accordion-title\" tabindex=\"0\">Wie wirkt es?<\/a>\n\t\t\t\t\t<\/div>\n\t\t\t\t\t<div id=\"elementor-tab-content-2088\" class=\"elementor-tab-content elementor-clearfix\" data-tab=\"8\" role=\"region\" aria-labelledby=\"elementor-tab-title-2088\"><p class=\"translation-block\">Zachte siliconenverbanden zijn bedekt met een hydrofobe, zachte siliconenlaag die kleverig aanvoelt. Deze verbanden kleven niet aan de vochtige wondbodem, maar hechten zich zachtjes aan de omringende huid.\nZe zijn ontworpen om de pijn bij het verwijderen te minimaliseren en laten geen kleefresten achter op de huid.\nSchuimverbanden zijn gemaakt op basis van polyurethaan en laten zowel gassen als waterdamp door.<\/p>\n<p>Hun hydrofiele eigenschappen zorgen voor een hoog absorptievermogen en bieden tevens thermische isolatie. Schuimverbanden hebben ook een dempende werking, waardoor de druk op pati\u00ebnten die langdurig in het ziekenhuis verblijven, wordt verlicht.\nDit cre\u00ebert een indicatie voor preventieve behandeling van doorligwonden.\nHet zorgt voor een goede vochtbalans in wonden, omdat een vochtige wondomgeving de genezing van zowel acute als chronische wonden versnelt en de groei van nieuw weefsel bevordert.<\/p>\n<\/div>\n\t\t\t\t<\/div>\n\t\t\t\t\t\t\t<div class=\"elementor-accordion-item\">\n\t\t\t\t\t<div id=\"elementor-tab-title-2089\" class=\"elementor-tab-title\" data-tab=\"9\" role=\"button\" aria-controls=\"elementor-tab-content-2089\" aria-expanded=\"false\">\n\t\t\t\t\t\t\t\t\t\t\t\t\t<span class=\"elementor-accordion-icon elementor-accordion-icon-left\" aria-hidden=\"true\">\n\t\t\t\t\t\t\t\t\t\t\t\t\t\t\t<span class=\"elementor-accordion-icon-closed\"><i class=\"fas fa-plus\"><\/i><\/span>\n\t\t\t\t\t\t\t\t<span class=\"elementor-accordion-icon-opened\"><i class=\"fas fa-minus\"><\/i><\/span>\n\t\t\t\t\t\t\t\t\t\t\t\t\t\t<\/span>\n\t\t\t\t\t\t\t\t\t\t\t\t<a class=\"elementor-accordion-title\" tabindex=\"0\">Dauer der Haltbarkeit<\/a>\n\t\t\t\t\t<\/div>\n\t\t\t\t\t<div id=\"elementor-tab-content-2089\" class=\"elementor-tab-content elementor-clearfix\" data-tab=\"9\" role=\"region\" aria-labelledby=\"elementor-tab-title-2089\"><p>3 Years<\/p>\n<\/div>\n\t\t\t\t<\/div>\n\t\t\t\t\t\t\t\t<\/div>\n\t\t\t\t\t\t<\/div>\n\t\t\t\t<\/div>\n\t\t\t\t\t<\/div>\n\t\t<\/div>\n\t\t\t\t\t<\/div>\n\t\t<\/section>\n\t\t\t\t<\/div>\n\t\t<\/p>                        <\/div>\n                    <\/div>\n                                    <div class=\"tab-pane elementkit-tab-pane elementor-repeater-item-9b61f69\" id=\"content-9b61f6969e63b2499b6a\" role=\"tabpanel\"\n                         aria-labelledby=\"content-9b61f6969e63b2499b6a-tab\">\n                        <div class=\"animated fadeIn\">\n                            <p>1. Reinigen Sie die Wunde mit den \u00fcblichen klinischen Verfahren.<br \/>2. Einen ausreichend gro\u00dfen Verband ausw\u00e4hlen, der mindestens zwei Zentimeter \u00fcber die Wundr\u00e4nder hinausragt.<br \/>3. Sterilen Verband mit aseptischen Verfahren aus der Packung nehmen.<br \/><strong>F\u00fcr Varianten mit nicht haftender Kante:<\/strong><br \/>1. Varianten mit nicht haftender Kante k\u00f6nnen f\u00fcr schwierige Bereiche zugeschnitten werden. Bei Verwendung im Rahmen einer Kompressionstherapie muss der Verband auf Wundgr\u00f6\u00dfe zugeschnitten werden.<br \/>2. Trennfolie entfernen und Verband auf Wundbereich platzieren.<br \/>3. Einen zweiten Folienverband oder ein Fixierverband verwenden, um den Verband zu befestigen.<br \/>4. Um den Verband zu entfernen, m\u00fcssen die Ecken des Verbands san\udbc0\udd4c von der Wunde abgehoben werden.<\/p><p>5.<strong>ESPUMA\u00ae Gentle Transfer<\/strong>Bei ESPUMA\u00ae Gentle Transfer mit saugf\u00e4higem Sekund\u00e4rverband sichern.<\/p><p><img decoding=\"async\" class=\"aligncenter wp-image-20799 size-full\" src=\"https:\/\/pharmaplast-online.net\/wp-content\/uploads\/2025\/06\/espuma-gente.png\" alt=\"\" width=\"550\" height=\"86\" srcset=\"https:\/\/pharmaplast-online.net\/wp-content\/uploads\/2025\/06\/espuma-gente.png 550w, https:\/\/pharmaplast-online.net\/wp-content\/uploads\/2025\/06\/espuma-gente-300x47.png 300w, https:\/\/pharmaplast-online.net\/wp-content\/uploads\/2025\/06\/espuma-gente-18x3.png 18w, https:\/\/pharmaplast-online.net\/wp-content\/uploads\/2025\/06\/espuma-gente-24x4.png 24w, https:\/\/pharmaplast-online.net\/wp-content\/uploads\/2025\/06\/espuma-gente-36x6.png 36w, https:\/\/pharmaplast-online.net\/wp-content\/uploads\/2025\/06\/espuma-gente-48x8.png 48w\" sizes=\"(max-width: 550px) 100vw, 550px\" \/><\/p>                        <\/div>\n                    <\/div>\n                                    <div class=\"tab-pane elementkit-tab-pane elementor-repeater-item-23affad\" id=\"content-23affad69e63b2499b6a\" role=\"tabpanel\"\n                         aria-labelledby=\"content-23affad69e63b2499b6a-tab\">\n                        <div class=\"animated fadeIn\">\n                            <table><tbody><tr><td width=\"232\"><p><strong><em>Espuma\u00ae Gentle Transfer<\/em><\/strong><\/p><\/td><td width=\"133\"><p><strong>Size<\/strong><\/p><\/td><td width=\"108\"><p><strong>Pieces\/Case<\/strong><\/p><\/td><td width=\"102\"><p><strong>Boxes\/Case <\/strong><\/p><\/td><\/tr><tr><td width=\"232\"><p>ESPGT7575<\/p><\/td><td width=\"133\"><p>75&#215;75 mm<\/p><\/td><td width=\"108\"><p>10<\/p><\/td><td width=\"102\"><p>48<\/p><\/td><\/tr><tr><td width=\"232\"><p>ESPGT75100<\/p><\/td><td width=\"133\"><p>75&#215;100 mm<\/p><\/td><td width=\"108\"><p>10<\/p><\/td><td width=\"102\"><p>48<\/p><\/td><\/tr><tr><td width=\"232\"><p>ESPGT100100<\/p><\/td><td width=\"133\"><p>100&#215;100 mm<\/p><\/td><td width=\"108\"><p>10<\/p><\/td><td width=\"102\"><p>48<\/p><\/td><\/tr><tr><td width=\"232\"><p>ESPGT150150<\/p><\/td><td width=\"133\"><p>100&#215;150 mm<\/p><\/td><td width=\"108\"><p>5<\/p><\/td><td width=\"102\"><p>24<\/p><\/td><\/tr><tr><td width=\"232\"><p>ESPGT100200<\/p><\/td><td width=\"133\"><p>100&#215;200 mm<\/p><\/td><td width=\"108\"><p>5<\/p><\/td><td width=\"102\"><p>24<\/p><\/td><\/tr><tr><td width=\"232\"><p>ESPGT100250<\/p><\/td><td width=\"133\"><p>100&#215;250 mm<\/p><\/td><td width=\"108\"><p>5<\/p><\/td><td width=\"102\"><p>24<\/p><\/td><\/tr><\/tbody><\/table><p>Andere Gr\u00f6\u00dfen sind auf Anfrage erh\u00e4ltlich.<\/p><p>\u00a0<\/p>                        <\/div>\n                    <\/div>\n                                    <div class=\"tab-pane elementkit-tab-pane elementor-repeater-item-9882644\" id=\"content-988264469e63b2499b6a\" role=\"tabpanel\"\n                         aria-labelledby=\"content-988264469e63b2499b6a-tab\">\n                        <div class=\"animated fadeIn\">\n                            <p><a href=\"https:\/\/pharmaplast-online.net\/wp-content\/uploads\/2026\/04\/new_Silicone-Hydrocellular-Dressings-issue-2-07042026.pdf\">Espuma Gentle Family Brochure<\/a>\u00a0<\/p><p><img decoding=\"async\" class=\"alignnone wp-image-20471\" src=\"https:\/\/pharmaplast-online.net\/wp-content\/uploads\/2025\/06\/broucher-300x105.png\" alt=\"\" width=\"148\" height=\"52\" srcset=\"https:\/\/pharmaplast-online.net\/wp-content\/uploads\/2025\/06\/broucher-300x105.png 300w, https:\/\/pharmaplast-online.net\/wp-content\/uploads\/2025\/06\/broucher-18x6.png 18w, https:\/\/pharmaplast-online.net\/wp-content\/uploads\/2025\/06\/broucher-24x8.png 24w, https:\/\/pharmaplast-online.net\/wp-content\/uploads\/2025\/06\/broucher-36x13.png 36w, https:\/\/pharmaplast-online.net\/wp-content\/uploads\/2025\/06\/broucher-48x17.png 48w, https:\/\/pharmaplast-online.net\/wp-content\/uploads\/2025\/06\/broucher-600x211.png 600w, https:\/\/pharmaplast-online.net\/wp-content\/uploads\/2025\/06\/broucher.png 640w\" sizes=\"(max-width: 148px) 100vw, 148px\" \/><\/p>                        <\/div>\n                    <\/div>\n                                \n            <\/div>\n                    <\/div>\n    <\/div>\t\t\t\t<\/div>\n\t\t\t\t<\/div>\n\t\t\t\t\t<\/div>\n\t\t<\/div>\n\t\t\t\t\t<\/div>\n\t\t<\/section>\n\t\t\t\t<\/div>","protected":false},"excerpt":{"rendered":"<p>Thin polyurethane foam layer, but without polyurethane top sheet.<\/p>","protected":false},"featured_media":17163,"comment_status":"open","ping_status":"closed","template":"","meta":[],"product_brand":[],"product_cat":[187,202,204,214,213],"product_tag":[],"class_list":{"0":"post-11105","1":"product","2":"type-product","3":"status-publish","4":"has-post-thumbnail","6":"product_cat-advanced-wound-care","7":"product_cat-foams","8":"product_cat-silicone-adhesive-foams","9":"product_cat-silicone-adhesive-foams-soft-silicone","10":"product_cat-soft-silicone","12":"first","13":"instock","14":"shipping-taxable","15":"product-type-simple"},"acf":[],"_links":{"self":[{"href":"https:\/\/pharmaplast-online.net\/de\/wp-json\/wp\/v2\/product\/11105","targetHints":{"allow":["GET"]}}],"collection":[{"href":"https:\/\/pharmaplast-online.net\/de\/wp-json\/wp\/v2\/product"}],"about":[{"href":"https:\/\/pharmaplast-online.net\/de\/wp-json\/wp\/v2\/types\/product"}],"replies":[{"embeddable":true,"href":"https:\/\/pharmaplast-online.net\/de\/wp-json\/wp\/v2\/comments?post=11105"}],"version-history":[{"count":59,"href":"https:\/\/pharmaplast-online.net\/de\/wp-json\/wp\/v2\/product\/11105\/revisions"}],"predecessor-version":[{"id":24621,"href":"https:\/\/pharmaplast-online.net\/de\/wp-json\/wp\/v2\/product\/11105\/revisions\/24621"}],"wp:featuredmedia":[{"embeddable":true,"href":"https:\/\/pharmaplast-online.net\/de\/wp-json\/wp\/v2\/media\/17163"}],"wp:attachment":[{"href":"https:\/\/pharmaplast-online.net\/de\/wp-json\/wp\/v2\/media?parent=11105"}],"wp:term":[{"taxonomy":"product_brand","embeddable":true,"href":"https:\/\/pharmaplast-online.net\/de\/wp-json\/wp\/v2\/product_brand?post=11105"},{"taxonomy":"product_cat","embeddable":true,"href":"https:\/\/pharmaplast-online.net\/de\/wp-json\/wp\/v2\/product_cat?post=11105"},{"taxonomy":"product_tag","embeddable":true,"href":"https:\/\/pharmaplast-online.net\/de\/wp-json\/wp\/v2\/product_tag?post=11105"}],"curies":[{"name":"wp","href":"https:\/\/api.w.org\/{rel}","templated":true}]}}