{"id":7812,"date":"2022-12-15T11:32:32","date_gmt":"2022-12-15T11:32:32","guid":{"rendered":"https:\/\/pharmaplast.mediagate-egy.com\/?post_type=product&#038;p=7812"},"modified":"2025-10-26T19:56:32","modified_gmt":"2025-10-26T19:56:32","slug":"pharmapore-ultra-copy-2","status":"publish","type":"product","link":"https:\/\/pharmaplast-online.net\/de\/produkt\/pharmapore-ultra-copy-2\/","title":{"rendered":"Pharmapad Carbon"},"content":{"rendered":"<div data-elementor-type=\"wp-post\" data-elementor-id=\"7812\" class=\"elementor elementor-7812\" data-elementor-post-type=\"product\">\n\t\t\t\t\t\t<section class=\"elementor-section elementor-top-section elementor-element elementor-element-6518eb6 elementor-section-boxed elementor-section-height-default elementor-section-height-default qodef-elementor-content-no\" data-id=\"6518eb6\" data-element_type=\"section\" data-e-type=\"section\" data-settings=\"{&quot;ekit_has_onepagescroll_dot&quot;:&quot;yes&quot;}\">\n\t\t\t\t\t\t<div class=\"elementor-container elementor-column-gap-default\">\n\t\t\t\t\t<div class=\"elementor-column elementor-col-100 elementor-top-column elementor-element elementor-element-a3d4f65\" data-id=\"a3d4f65\" data-element_type=\"column\" data-e-type=\"column\">\n\t\t\t<div class=\"elementor-widget-wrap elementor-element-populated\">\n\t\t\t\t\t\t<div class=\"elementor-element elementor-element-62eecd4 elementor-widget elementor-widget-elementskit-simple-tab\" data-id=\"62eecd4\" data-element_type=\"widget\" data-e-type=\"widget\" data-settings=\"{&quot;ekit_we_effect_on&quot;:&quot;none&quot;}\" data-widget_type=\"elementskit-simple-tab.default\">\n\t\t\t\t<div class=\"elementor-widget-container\">\n\t\t\t\t\t<div class=\"ekit-wid-con\" >        <div class=\"elementkit-tab-wraper\">\n            <ul class=\"nav nav-tabs elementkit-tab-nav  elementskit-fullwidth-tab\">\n                                    <li class=\"elementkit-nav-item elementor-repeater-item-d0363a9\">\n                        <a class=\"elementkit-nav-link  active show left-pos\" id=\"content-d0363a969f4169ea4d46-tab\" data-ekit-handler-id=\"product-info\" data-ekit-toggle=\"tab\" data-target=\"#content-d0363a969f4169ea4d46\" href=\"#Content-d0363a969f4169ea4d46\"\n                            data-ekit-toggle-trigger=\"click\"\n                            aria-describedby=\"Content-d0363a969f4169ea4d46\">\n                            <span class=\"elementskit-tab-icon\"><\/span>                            <span class=\"elementskit-tab-title\">Produkt-Infos<\/span>\n                        <\/a>\n                    <\/li>\n                                        <li class=\"elementkit-nav-item elementor-repeater-item-9b61f69\">\n                        <a class=\"elementkit-nav-link  left-pos\" id=\"content-9b61f6969f4169ea4d46-tab\" data-ekit-handler-id=\"how-to-use\" data-ekit-toggle=\"tab\" data-target=\"#content-9b61f6969f4169ea4d46\" href=\"#Content-9b61f6969f4169ea4d46\"\n                            data-ekit-toggle-trigger=\"click\"\n                            aria-describedby=\"Content-9b61f6969f4169ea4d46\">\n                            <span class=\"elementskit-tab-icon\"><\/span>                            <span class=\"elementskit-tab-title\">Gebrauchsanleitung<\/span>\n                        <\/a>\n                    <\/li>\n                                        <li class=\"elementkit-nav-item elementor-repeater-item-23affad\">\n                        <a class=\"elementkit-nav-link  left-pos\" id=\"content-23affad69f4169ea4d46-tab\" data-ekit-handler-id=\"sizes-codes\" data-ekit-toggle=\"tab\" data-target=\"#content-23affad69f4169ea4d46\" href=\"#Content-23affad69f4169ea4d46\"\n                            data-ekit-toggle-trigger=\"click\"\n                            aria-describedby=\"Content-23affad69f4169ea4d46\">\n                            <span class=\"elementskit-tab-icon\"><\/span>                            <span class=\"elementskit-tab-title\">Gr\u00f6\u00dfen und Codes<\/span>\n                        <\/a>\n                    <\/li>\n                                        <li class=\"elementkit-nav-item elementor-repeater-item-9882644\">\n                        <a class=\"elementkit-nav-link  left-pos\" id=\"content-988264469f4169ea4d46-tab\" data-ekit-handler-id=\"downloads\" data-ekit-toggle=\"tab\" data-target=\"#content-988264469f4169ea4d46\" href=\"#Content-988264469f4169ea4d46\"\n                            data-ekit-toggle-trigger=\"click\"\n                            aria-describedby=\"Content-988264469f4169ea4d46\">\n                            <span class=\"elementskit-tab-icon\"><\/span>                            <span class=\"elementskit-tab-title\">downloads<\/span>\n                        <\/a>\n                    <\/li>\n                                <\/ul>\n\n            <div class=\"tab-content elementkit-tab-content\">\n                                    <div class=\"tab-pane elementkit-tab-pane elementor-repeater-item-d0363a9  active show\" id=\"content-d0363a969f4169ea4d46\" role=\"tabpanel\"\n                         aria-labelledby=\"content-d0363a969f4169ea4d46-tab\">\n                        <div class=\"animated fadeIn\">\n                            <h3>Produkt-Infos<\/h3>\t\t<div data-elementor-type=\"section\" data-elementor-id=\"8585\" class=\"elementor elementor-8585\" data-elementor-post-type=\"elementor_library\">\n\t\t\t\t\t<section class=\"elementor-section elementor-top-section elementor-element elementor-element-3c9a5a4 elementor-section-boxed elementor-section-height-default elementor-section-height-default qodef-elementor-content-no\" data-id=\"3c9a5a4\" data-element_type=\"section\" data-e-type=\"section\" data-settings=\"{&quot;ekit_has_onepagescroll_dot&quot;:&quot;yes&quot;}\">\n\t\t\t\t\t\t<div class=\"elementor-container elementor-column-gap-default\">\n\t\t\t\t\t<div class=\"elementor-column elementor-col-100 elementor-top-column elementor-element elementor-element-8fd3e15\" data-id=\"8fd3e15\" data-element_type=\"column\" data-e-type=\"column\">\n\t\t\t<div class=\"elementor-widget-wrap elementor-element-populated\">\n\t\t\t\t\t\t<div class=\"elementor-element elementor-element-c6fd92e elementor-widget elementor-widget-accordion\" data-id=\"c6fd92e\" data-element_type=\"widget\" data-e-type=\"widget\" data-settings=\"{&quot;ekit_we_effect_on&quot;:&quot;none&quot;}\" data-widget_type=\"accordion.default\">\n\t\t\t\t<div class=\"elementor-widget-container\">\n\t\t\t\t\t\t\t<div class=\"elementor-accordion\">\n\t\t\t\t\t\t\t<div class=\"elementor-accordion-item\">\n\t\t\t\t\t<div id=\"elementor-tab-title-2081\" class=\"elementor-tab-title\" data-tab=\"1\" role=\"button\" aria-controls=\"elementor-tab-content-2081\" aria-expanded=\"false\">\n\t\t\t\t\t\t\t\t\t\t\t\t\t<span class=\"elementor-accordion-icon elementor-accordion-icon-left\" aria-hidden=\"true\">\n\t\t\t\t\t\t\t\t\t\t\t\t\t\t\t<span class=\"elementor-accordion-icon-closed\"><i class=\"fas fa-plus\"><\/i><\/span>\n\t\t\t\t\t\t\t\t<span class=\"elementor-accordion-icon-opened\"><i class=\"fas fa-minus\"><\/i><\/span>\n\t\t\t\t\t\t\t\t\t\t\t\t\t\t<\/span>\n\t\t\t\t\t\t\t\t\t\t\t\t<a class=\"elementor-accordion-title\" tabindex=\"0\">Beschreibung<\/a>\n\t\t\t\t\t<\/div>\n\t\t\t\t\t<div id=\"elementor-tab-content-2081\" class=\"elementor-tab-content elementor-clearfix\" data-tab=\"1\" role=\"region\" aria-labelledby=\"elementor-tab-title-2081\"><p class=\"translation-block\"><span style=\"font-size: medium\"><strong>Pharmapad Carbon<\/strong> ist ein d\u00fcnner mit einer Schicht aus aktivierter Holzkohle, wodurch der Verband sich optimal f\u00fcr Wunden mit einem unangenehmen Geruch eignet<\/span><\/p>\n<\/div>\n\t\t\t\t<\/div>\n\t\t\t\t\t\t\t<div class=\"elementor-accordion-item\">\n\t\t\t\t\t<div id=\"elementor-tab-title-2082\" class=\"elementor-tab-title\" data-tab=\"2\" role=\"button\" aria-controls=\"elementor-tab-content-2082\" aria-expanded=\"false\">\n\t\t\t\t\t\t\t\t\t\t\t\t\t<span class=\"elementor-accordion-icon elementor-accordion-icon-left\" aria-hidden=\"true\">\n\t\t\t\t\t\t\t\t\t\t\t\t\t\t\t<span class=\"elementor-accordion-icon-closed\"><i class=\"fas fa-plus\"><\/i><\/span>\n\t\t\t\t\t\t\t\t<span class=\"elementor-accordion-icon-opened\"><i class=\"fas fa-minus\"><\/i><\/span>\n\t\t\t\t\t\t\t\t\t\t\t\t\t\t<\/span>\n\t\t\t\t\t\t\t\t\t\t\t\t<a class=\"elementor-accordion-title\" tabindex=\"0\">Leistungsmerkmale<\/a>\n\t\t\t\t\t<\/div>\n\t\t\t\t\t<div id=\"elementor-tab-content-2082\" class=\"elementor-tab-content elementor-clearfix\" data-tab=\"2\" role=\"region\" aria-labelledby=\"elementor-tab-title-2082\"><div class=\"su-spoiler-content su-u-clearfix su-u-trim\">\n<ul>\n<li class=\"translation-block\"><span style=\"font-size: medium\"><strong>Pharmapad Carbon<\/strong> besteht aus drei Schichten: die Schicht aus aktivierter Holzkohle befindet sich zwischen zwei Schichten aus nonwoven Viskose mit einer Polyamidw\u00e4rmeverbindung, wodurch das Verkleben des Verbandes mit der Wunde verhindert wird und der Verband eine sehr gute Saugf\u00e4higkeit aufweist. <\/span><\/li>\n<li><span style=\"font-size: medium\"><strong>Pharmapad Carbon <\/strong>wird durch Sekund\u00e4rfixierung wie Protectfilm\u00ae gesichert<\/span><\/li>\n<li class=\"translation-block\"><span style=\"font-size: medium\"><strong>Pharmapad Carbon<\/strong> is individually packed in peelable pouch and E.O sterilized.<\/span><\/li>\n<\/ul>\n<\/div>\n<div class=\"su-spoiler-content su-u-clearfix su-u-trim\">\n<ul>\n<li><span style=\"font-size: medium\"><span style=\"font-size: medium\">Saugf\u00e4higes nonwoven Polster erm\u00f6glicht eine schnell kontrollierte Saugf\u00e4higkeit einer geringen Exsudatmenge und verhindert, dass das Exsudat durch den Verband dringt.<\/span><\/span><\/li>\n<li><span style=\"font-size: medium\"><span style=\"font-size: medium\">Aseptische Eigenschaften des Verbandes werden durch eine individuelle sterile Schalenverpackung jeder Einheit zugesichert<\/span><\/span><\/li>\n<li class=\"translation-block\"><span style=\"font-size: medium\">Die bei <strong>Pharmapad Carbon<\/strong> verwendete Schicht aus aktivierter Holzkohle neutralisiert einen unangenehmen Geruch.<\/span><\/li>\n<\/ul>\n<\/div>\n<\/div>\n\t\t\t\t<\/div>\n\t\t\t\t\t\t\t<div class=\"elementor-accordion-item\">\n\t\t\t\t\t<div id=\"elementor-tab-title-2083\" class=\"elementor-tab-title\" data-tab=\"3\" role=\"button\" aria-controls=\"elementor-tab-content-2083\" aria-expanded=\"false\">\n\t\t\t\t\t\t\t\t\t\t\t\t\t<span class=\"elementor-accordion-icon elementor-accordion-icon-left\" aria-hidden=\"true\">\n\t\t\t\t\t\t\t\t\t\t\t\t\t\t\t<span class=\"elementor-accordion-icon-closed\"><i class=\"fas fa-plus\"><\/i><\/span>\n\t\t\t\t\t\t\t\t<span class=\"elementor-accordion-icon-opened\"><i class=\"fas fa-minus\"><\/i><\/span>\n\t\t\t\t\t\t\t\t\t\t\t\t\t\t<\/span>\n\t\t\t\t\t\t\t\t\t\t\t\t<a class=\"elementor-accordion-title\" tabindex=\"0\">Verwendungszweck<\/a>\n\t\t\t\t\t<\/div>\n\t\t\t\t\t<div id=\"elementor-tab-content-2083\" class=\"elementor-tab-content elementor-clearfix\" data-tab=\"3\" role=\"region\" aria-labelledby=\"elementor-tab-title-2083\"><p>Pharmapad is indicated for the protection and absorption of wound exudates from:<br \/>\n\u2022 Lightly exuding wounds.<br \/>\n\u2022 Clean post-operative incisions.<br \/>\n\u2022 For first aid use, e.g. cuts and abrasions.<br \/>\n\u2022 Second degree burns.<br \/>\n\u2022Variants containing carbon are indicated for malodorous acute or chronic wounds.<\/p>\n<\/div>\n\t\t\t\t<\/div>\n\t\t\t\t\t\t\t<div class=\"elementor-accordion-item\">\n\t\t\t\t\t<div id=\"elementor-tab-title-2084\" class=\"elementor-tab-title\" data-tab=\"4\" role=\"button\" aria-controls=\"elementor-tab-content-2084\" aria-expanded=\"false\">\n\t\t\t\t\t\t\t\t\t\t\t\t\t<span class=\"elementor-accordion-icon elementor-accordion-icon-left\" aria-hidden=\"true\">\n\t\t\t\t\t\t\t\t\t\t\t\t\t\t\t<span class=\"elementor-accordion-icon-closed\"><i class=\"fas fa-plus\"><\/i><\/span>\n\t\t\t\t\t\t\t\t<span class=\"elementor-accordion-icon-opened\"><i class=\"fas fa-minus\"><\/i><\/span>\n\t\t\t\t\t\t\t\t\t\t\t\t\t\t<\/span>\n\t\t\t\t\t\t\t\t\t\t\t\t<a class=\"elementor-accordion-title\" tabindex=\"0\">Gegenanzeigen<\/a>\n\t\t\t\t\t<\/div>\n\t\t\t\t\t<div id=\"elementor-tab-content-2084\" class=\"elementor-tab-content elementor-clearfix\" data-tab=\"4\" role=\"region\" aria-labelledby=\"elementor-tab-title-2084\"><\/div>\n\t\t\t\t<\/div>\n\t\t\t\t\t\t\t<div class=\"elementor-accordion-item\">\n\t\t\t\t\t<div id=\"elementor-tab-title-2085\" class=\"elementor-tab-title\" data-tab=\"5\" role=\"button\" aria-controls=\"elementor-tab-content-2085\" aria-expanded=\"false\">\n\t\t\t\t\t\t\t\t\t\t\t\t\t<span class=\"elementor-accordion-icon elementor-accordion-icon-left\" aria-hidden=\"true\">\n\t\t\t\t\t\t\t\t\t\t\t\t\t\t\t<span class=\"elementor-accordion-icon-closed\"><i class=\"fas fa-plus\"><\/i><\/span>\n\t\t\t\t\t\t\t\t<span class=\"elementor-accordion-icon-opened\"><i class=\"fas fa-minus\"><\/i><\/span>\n\t\t\t\t\t\t\t\t\t\t\t\t\t\t<\/span>\n\t\t\t\t\t\t\t\t\t\t\t\t<a class=\"elementor-accordion-title\" tabindex=\"0\">Vorsicht<\/a>\n\t\t\t\t\t<\/div>\n\t\t\t\t\t<div id=\"elementor-tab-content-2085\" class=\"elementor-tab-content elementor-clearfix\" data-tab=\"5\" role=\"region\" aria-labelledby=\"elementor-tab-title-2085\"><\/div>\n\t\t\t\t<\/div>\n\t\t\t\t\t\t\t<div class=\"elementor-accordion-item\">\n\t\t\t\t\t<div id=\"elementor-tab-title-2086\" class=\"elementor-tab-title\" data-tab=\"6\" role=\"button\" aria-controls=\"elementor-tab-content-2086\" aria-expanded=\"false\">\n\t\t\t\t\t\t\t\t\t\t\t\t\t<span class=\"elementor-accordion-icon elementor-accordion-icon-left\" aria-hidden=\"true\">\n\t\t\t\t\t\t\t\t\t\t\t\t\t\t\t<span class=\"elementor-accordion-icon-closed\"><i class=\"fas fa-plus\"><\/i><\/span>\n\t\t\t\t\t\t\t\t<span class=\"elementor-accordion-icon-opened\"><i class=\"fas fa-minus\"><\/i><\/span>\n\t\t\t\t\t\t\t\t\t\t\t\t\t\t<\/span>\n\t\t\t\t\t\t\t\t\t\t\t\t<a class=\"elementor-accordion-title\" tabindex=\"0\">Lagendiagramm<\/a>\n\t\t\t\t\t<\/div>\n\t\t\t\t\t<div id=\"elementor-tab-content-2086\" class=\"elementor-tab-content elementor-clearfix\" data-tab=\"6\" role=\"region\" aria-labelledby=\"elementor-tab-title-2086\"><p><img decoding=\"async\" class=\"aligncenter wp-image-21816 size-large\" src=\"https:\/\/pharmaplast-online.net\/wp-content\/uploads\/2022\/12\/Pharmapad-Carbon-01-01-1024x522.png\" alt=\"\" width=\"1024\" height=\"522\" srcset=\"https:\/\/pharmaplast-online.net\/wp-content\/uploads\/2022\/12\/Pharmapad-Carbon-01-01-1024x522.png 1024w, https:\/\/pharmaplast-online.net\/wp-content\/uploads\/2022\/12\/Pharmapad-Carbon-01-01-300x153.png 300w, https:\/\/pharmaplast-online.net\/wp-content\/uploads\/2022\/12\/Pharmapad-Carbon-01-01-768x392.png 768w, https:\/\/pharmaplast-online.net\/wp-content\/uploads\/2022\/12\/Pharmapad-Carbon-01-01-1536x783.png 1536w, https:\/\/pharmaplast-online.net\/wp-content\/uploads\/2022\/12\/Pharmapad-Carbon-01-01-2048x1045.png 2048w, https:\/\/pharmaplast-online.net\/wp-content\/uploads\/2022\/12\/Pharmapad-Carbon-01-01-18x9.png 18w, https:\/\/pharmaplast-online.net\/wp-content\/uploads\/2022\/12\/Pharmapad-Carbon-01-01-24x12.png 24w, https:\/\/pharmaplast-online.net\/wp-content\/uploads\/2022\/12\/Pharmapad-Carbon-01-01-36x18.png 36w, https:\/\/pharmaplast-online.net\/wp-content\/uploads\/2022\/12\/Pharmapad-Carbon-01-01-48x24.png 48w, https:\/\/pharmaplast-online.net\/wp-content\/uploads\/2022\/12\/Pharmapad-Carbon-01-01-600x306.png 600w\" sizes=\"(max-width: 1024px) 100vw, 1024px\" \/><\/p>\n<\/div>\n\t\t\t\t<\/div>\n\t\t\t\t\t\t\t<div class=\"elementor-accordion-item\">\n\t\t\t\t\t<div id=\"elementor-tab-title-2087\" class=\"elementor-tab-title\" data-tab=\"7\" role=\"button\" aria-controls=\"elementor-tab-content-2087\" aria-expanded=\"false\">\n\t\t\t\t\t\t\t\t\t\t\t\t\t<span class=\"elementor-accordion-icon elementor-accordion-icon-left\" aria-hidden=\"true\">\n\t\t\t\t\t\t\t\t\t\t\t\t\t\t\t<span class=\"elementor-accordion-icon-closed\"><i class=\"fas fa-plus\"><\/i><\/span>\n\t\t\t\t\t\t\t\t<span class=\"elementor-accordion-icon-opened\"><i class=\"fas fa-minus\"><\/i><\/span>\n\t\t\t\t\t\t\t\t\t\t\t\t\t\t<\/span>\n\t\t\t\t\t\t\t\t\t\t\t\t<a class=\"elementor-accordion-title\" tabindex=\"0\">H\u00e4ufigkeit der Verbandwechsel<\/a>\n\t\t\t\t\t<\/div>\n\t\t\t\t\t<div id=\"elementor-tab-content-2087\" class=\"elementor-tab-content elementor-clearfix\" data-tab=\"7\" role=\"region\" aria-labelledby=\"elementor-tab-title-2087\"><\/div>\n\t\t\t\t<\/div>\n\t\t\t\t\t\t\t<div class=\"elementor-accordion-item\">\n\t\t\t\t\t<div id=\"elementor-tab-title-2088\" class=\"elementor-tab-title\" data-tab=\"8\" role=\"button\" aria-controls=\"elementor-tab-content-2088\" aria-expanded=\"false\">\n\t\t\t\t\t\t\t\t\t\t\t\t\t<span class=\"elementor-accordion-icon elementor-accordion-icon-left\" aria-hidden=\"true\">\n\t\t\t\t\t\t\t\t\t\t\t\t\t\t\t<span class=\"elementor-accordion-icon-closed\"><i class=\"fas fa-plus\"><\/i><\/span>\n\t\t\t\t\t\t\t\t<span class=\"elementor-accordion-icon-opened\"><i class=\"fas fa-minus\"><\/i><\/span>\n\t\t\t\t\t\t\t\t\t\t\t\t\t\t<\/span>\n\t\t\t\t\t\t\t\t\t\t\t\t<a class=\"elementor-accordion-title\" tabindex=\"0\">Wie wirkt es?<\/a>\n\t\t\t\t\t<\/div>\n\t\t\t\t\t<div id=\"elementor-tab-content-2088\" class=\"elementor-tab-content elementor-clearfix\" data-tab=\"8\" role=\"region\" aria-labelledby=\"elementor-tab-title-2088\"><\/div>\n\t\t\t\t<\/div>\n\t\t\t\t\t\t\t<div class=\"elementor-accordion-item\">\n\t\t\t\t\t<div id=\"elementor-tab-title-2089\" class=\"elementor-tab-title\" data-tab=\"9\" role=\"button\" aria-controls=\"elementor-tab-content-2089\" aria-expanded=\"false\">\n\t\t\t\t\t\t\t\t\t\t\t\t\t<span class=\"elementor-accordion-icon elementor-accordion-icon-left\" aria-hidden=\"true\">\n\t\t\t\t\t\t\t\t\t\t\t\t\t\t\t<span class=\"elementor-accordion-icon-closed\"><i class=\"fas fa-plus\"><\/i><\/span>\n\t\t\t\t\t\t\t\t<span class=\"elementor-accordion-icon-opened\"><i class=\"fas fa-minus\"><\/i><\/span>\n\t\t\t\t\t\t\t\t\t\t\t\t\t\t<\/span>\n\t\t\t\t\t\t\t\t\t\t\t\t<a class=\"elementor-accordion-title\" tabindex=\"0\">Dauer der Haltbarkeit<\/a>\n\t\t\t\t\t<\/div>\n\t\t\t\t\t<div id=\"elementor-tab-content-2089\" class=\"elementor-tab-content elementor-clearfix\" data-tab=\"9\" role=\"region\" aria-labelledby=\"elementor-tab-title-2089\"><\/div>\n\t\t\t\t<\/div>\n\t\t\t\t\t\t\t\t<\/div>\n\t\t\t\t\t\t<\/div>\n\t\t\t\t<\/div>\n\t\t\t\t\t<\/div>\n\t\t<\/div>\n\t\t\t\t\t<\/div>\n\t\t<\/section>\n\t\t\t\t<\/div>\n\t\t                        <\/div>\n                    <\/div>\n                                    <div class=\"tab-pane elementkit-tab-pane elementor-repeater-item-9b61f69\" id=\"content-9b61f6969f4169ea4d46\" role=\"tabpanel\"\n                         aria-labelledby=\"content-9b61f6969f4169ea4d46-tab\">\n                        <div class=\"animated fadeIn\">\n                            <p>&#8211; Open the pouch<br \/>&#8211; Remove the product out of the pouch using aseptic technique<br \/>&#8211; Place the dressing in contact with the wound, the dressing can be used on both sides.<br \/>&#8211; Secure the dressing to skin with secondary dressing or any fixation tape.<\/p><p><img decoding=\"async\" class=\"aligncenter wp-image-21818 size-full\" src=\"https:\/\/pharmaplast-online.net\/wp-content\/uploads\/2025\/07\/IFU-4.png\" alt=\"\" width=\"709\" height=\"193\" srcset=\"https:\/\/pharmaplast-online.net\/wp-content\/uploads\/2025\/07\/IFU-4.png 709w, https:\/\/pharmaplast-online.net\/wp-content\/uploads\/2025\/07\/IFU-4-300x82.png 300w, https:\/\/pharmaplast-online.net\/wp-content\/uploads\/2025\/07\/IFU-4-18x5.png 18w, https:\/\/pharmaplast-online.net\/wp-content\/uploads\/2025\/07\/IFU-4-24x7.png 24w, https:\/\/pharmaplast-online.net\/wp-content\/uploads\/2025\/07\/IFU-4-36x10.png 36w, https:\/\/pharmaplast-online.net\/wp-content\/uploads\/2025\/07\/IFU-4-48x13.png 48w, https:\/\/pharmaplast-online.net\/wp-content\/uploads\/2025\/07\/IFU-4-600x163.png 600w\" sizes=\"(max-width: 709px) 100vw, 709px\" \/><\/p>                        <\/div>\n                    <\/div>\n                                    <div class=\"tab-pane elementkit-tab-pane elementor-repeater-item-23affad\" id=\"content-23affad69f4169ea4d46\" role=\"tabpanel\"\n                         aria-labelledby=\"content-23affad69f4169ea4d46-tab\">\n                        <div class=\"animated fadeIn\">\n                            <table><tbody><tr><td width=\"186\"><p><strong>Pharmapad Carbon<\/strong><\/p><\/td><td width=\"105\"><p><strong>Size<\/strong><\/p><\/td><td width=\"126\"><p><strong>Pieces\/Case<\/strong><\/p><\/td><td width=\"144\"><p><strong>Boxes\/Case <\/strong><\/p><\/td><\/tr><tr><td width=\"186\"><p>PADC5050<\/p><\/td><td width=\"105\"><p>5cmx5cm<\/p><\/td><td width=\"126\"><p>100<\/p><\/td><td width=\"144\"><p>16<\/p><\/td><\/tr><tr><td width=\"186\"><p>PADC5075<\/p><\/td><td width=\"105\"><p>5cmx7.5cm<\/p><\/td><td width=\"126\"><p>100<\/p><\/td><td width=\"144\"><p>16<\/p><\/td><\/tr><tr><td width=\"186\"><p>PADC75100<\/p><\/td><td width=\"105\"><p>7.5cmx10cm<\/p><\/td><td width=\"126\"><p>50<\/p><\/td><td width=\"144\"><p>16<\/p><\/td><\/tr><tr><td width=\"186\"><p>PADC75150<\/p><\/td><td width=\"105\"><p>7.5cmx15cm<\/p><\/td><td width=\"126\"><p>50<\/p><\/td><td width=\"144\"><p>16<\/p><\/td><\/tr><tr><td width=\"186\"><p>PADC75200<\/p><\/td><td width=\"105\"><p>7.5cmx20cm<\/p><\/td><td width=\"126\"><p>40<\/p><\/td><td width=\"144\"><p>16<\/p><\/td><\/tr><tr><td width=\"186\"><p>PADC100100<\/p><\/td><td width=\"105\"><p>10cmx10cm<\/p><\/td><td width=\"126\"><p>50<\/p><\/td><td width=\"144\"><p>16<\/p><\/td><\/tr><tr><td width=\"186\"><p>PADC100150<\/p><\/td><td width=\"105\"><p>10cmx15cm<\/p><\/td><td width=\"126\"><p>50<\/p><\/td><td width=\"144\"><p>16<\/p><\/td><\/tr><tr><td width=\"186\"><p>PADC100200<\/p><\/td><td width=\"105\"><p>10cmx20cm<\/p><\/td><td width=\"126\"><p>40<\/p><\/td><td width=\"144\"><p>16<\/p><\/td><\/tr><\/tbody><\/table><p>Andere Gr\u00f6\u00dfen sind auf Anfrage erh\u00e4ltlich.<\/p>                        <\/div>\n                    <\/div>\n                                    <div class=\"tab-pane elementkit-tab-pane elementor-repeater-item-9882644\" id=\"content-988264469f4169ea4d46\" role=\"tabpanel\"\n                         aria-labelledby=\"content-988264469f4169ea4d46-tab\">\n                        <div class=\"animated fadeIn\">\n                            <p><a href=\"https:\/\/pharmaplast-online.net\/wp-content\/uploads\/2025\/07\/Pharmapad-\u00ae-Pharmapad-Carbon-\u00ae-A4-brochure.pdf\">Pharmapad \u00ae &amp; Pharmapad Carbon \u00ae A4 brochure<\/a><\/p><p><img loading=\"lazy\" decoding=\"async\" class=\"alignnone  wp-image-20471\" src=\"https:\/\/pharmaplast-online.net\/wp-content\/uploads\/2025\/06\/broucher-300x105.png\" alt=\"\" width=\"163\" height=\"57\" srcset=\"https:\/\/pharmaplast-online.net\/wp-content\/uploads\/2025\/06\/broucher-300x105.png 300w, https:\/\/pharmaplast-online.net\/wp-content\/uploads\/2025\/06\/broucher-18x6.png 18w, https:\/\/pharmaplast-online.net\/wp-content\/uploads\/2025\/06\/broucher-24x8.png 24w, https:\/\/pharmaplast-online.net\/wp-content\/uploads\/2025\/06\/broucher-36x13.png 36w, https:\/\/pharmaplast-online.net\/wp-content\/uploads\/2025\/06\/broucher-48x17.png 48w, https:\/\/pharmaplast-online.net\/wp-content\/uploads\/2025\/06\/broucher-600x211.png 600w, https:\/\/pharmaplast-online.net\/wp-content\/uploads\/2025\/06\/broucher.png 640w\" sizes=\"(max-width: 163px) 100vw, 163px\" \/><\/p><p>\u00a0<\/p><p>\u00a0<\/p><p>\u00a0<\/p><p>\u00a0<\/p><p>\u00a0<\/p>                        <\/div>\n                    <\/div>\n                                \n            <\/div>\n                    <\/div>\n    <\/div>\t\t\t\t<\/div>\n\t\t\t\t<\/div>\n\t\t\t\t\t<\/div>\n\t\t<\/div>\n\t\t\t\t\t<\/div>\n\t\t<\/section>\n\t\t\t\t<\/div>","protected":false},"excerpt":{"rendered":"<p>Aktivkohleverband<\/p>","protected":false},"featured_media":15504,"comment_status":"open","ping_status":"closed","template":"","meta":[],"product_brand":[],"product_cat":[235,242,241,223],"product_tag":[],"class_list":{"0":"post-7812","1":"product","2":"type-product","3":"status-publish","4":"has-post-thumbnail","6":"product_cat-absorbent-pads","7":"product_cat-absorbent-pads-deodorizing-dressings","8":"product_cat-deodorizing-dressings","9":"product_cat-surgical-dressings","10":"new","12":"first","13":"instock","14":"shipping-taxable","15":"product-type-simple"},"acf":[],"_links":{"self":[{"href":"https:\/\/pharmaplast-online.net\/de\/wp-json\/wp\/v2\/product\/7812","targetHints":{"allow":["GET"]}}],"collection":[{"href":"https:\/\/pharmaplast-online.net\/de\/wp-json\/wp\/v2\/product"}],"about":[{"href":"https:\/\/pharmaplast-online.net\/de\/wp-json\/wp\/v2\/types\/product"}],"replies":[{"embeddable":true,"href":"https:\/\/pharmaplast-online.net\/de\/wp-json\/wp\/v2\/comments?post=7812"}],"version-history":[{"count":22,"href":"https:\/\/pharmaplast-online.net\/de\/wp-json\/wp\/v2\/product\/7812\/revisions"}],"predecessor-version":[{"id":23488,"href":"https:\/\/pharmaplast-online.net\/de\/wp-json\/wp\/v2\/product\/7812\/revisions\/23488"}],"wp:featuredmedia":[{"embeddable":true,"href":"https:\/\/pharmaplast-online.net\/de\/wp-json\/wp\/v2\/media\/15504"}],"wp:attachment":[{"href":"https:\/\/pharmaplast-online.net\/de\/wp-json\/wp\/v2\/media?parent=7812"}],"wp:term":[{"taxonomy":"product_brand","embeddable":true,"href":"https:\/\/pharmaplast-online.net\/de\/wp-json\/wp\/v2\/product_brand?post=7812"},{"taxonomy":"product_cat","embeddable":true,"href":"https:\/\/pharmaplast-online.net\/de\/wp-json\/wp\/v2\/product_cat?post=7812"},{"taxonomy":"product_tag","embeddable":true,"href":"https:\/\/pharmaplast-online.net\/de\/wp-json\/wp\/v2\/product_tag?post=7812"}],"curies":[{"name":"wp","href":"https:\/\/api.w.org\/{rel}","templated":true}]}}