{"id":7988,"date":"2022-12-15T16:03:35","date_gmt":"2022-12-15T16:03:35","guid":{"rendered":"https:\/\/pharmaplast.mediagate-egy.com\/?post_type=product&#038;p=7988"},"modified":"2024-12-07T06:11:06","modified_gmt":"2024-12-07T06:11:06","slug":"unnaplast","status":"publish","type":"product","link":"https:\/\/pharmaplast-online.net\/de\/produkt\/unnaplast\/","title":{"rendered":"Unnaplast"},"content":{"rendered":"<div data-elementor-type=\"wp-post\" data-elementor-id=\"7988\" class=\"elementor elementor-7988\" data-elementor-post-type=\"product\">\n\t\t\t\t\t\t<section class=\"elementor-section elementor-top-section elementor-element elementor-element-7b830e1 elementor-section-boxed elementor-section-height-default elementor-section-height-default qodef-elementor-content-no\" data-id=\"7b830e1\" data-element_type=\"section\" data-e-type=\"section\" data-settings=\"{&quot;ekit_has_onepagescroll_dot&quot;:&quot;yes&quot;}\">\n\t\t\t\t\t\t<div class=\"elementor-container elementor-column-gap-default\">\n\t\t\t\t\t<div class=\"elementor-column elementor-col-100 elementor-top-column elementor-element elementor-element-d561e40\" data-id=\"d561e40\" data-element_type=\"column\" data-e-type=\"column\">\n\t\t\t<div class=\"elementor-widget-wrap elementor-element-populated\">\n\t\t\t\t\t\t<div class=\"elementor-element elementor-element-49cdb5c elementor-widget elementor-widget-elementskit-simple-tab\" data-id=\"49cdb5c\" data-element_type=\"widget\" data-e-type=\"widget\" data-settings=\"{&quot;ekit_we_effect_on&quot;:&quot;none&quot;}\" data-widget_type=\"elementskit-simple-tab.default\">\n\t\t\t\t<div class=\"elementor-widget-container\">\n\t\t\t\t\t<div class=\"ekit-wid-con\" >        <div class=\"elementkit-tab-wraper\">\n            <ul class=\"nav nav-tabs elementkit-tab-nav  elementskit-fullwidth-tab\">\n                                    <li class=\"elementkit-nav-item elementor-repeater-item-d0363a9\">\n                        <a class=\"elementkit-nav-link  active show left-pos\" id=\"content-d0363a969eeceaf8adc8-tab\" data-ekit-handler-id=\"product-info\" data-ekit-toggle=\"tab\" data-target=\"#content-d0363a969eeceaf8adc8\" href=\"#Content-d0363a969eeceaf8adc8\"\n                            data-ekit-toggle-trigger=\"click\"\n                            aria-describedby=\"Content-d0363a969eeceaf8adc8\">\n                            <span class=\"elementskit-tab-icon\"><\/span>                            <span class=\"elementskit-tab-title\">Produkt-Infos<\/span>\n                        <\/a>\n                    <\/li>\n                                        <li class=\"elementkit-nav-item elementor-repeater-item-9b61f69\">\n                        <a class=\"elementkit-nav-link  left-pos\" id=\"content-9b61f6969eeceaf8adc8-tab\" data-ekit-handler-id=\"how-to-use\" data-ekit-toggle=\"tab\" data-target=\"#content-9b61f6969eeceaf8adc8\" href=\"#Content-9b61f6969eeceaf8adc8\"\n                            data-ekit-toggle-trigger=\"click\"\n                            aria-describedby=\"Content-9b61f6969eeceaf8adc8\">\n                            <span class=\"elementskit-tab-icon\"><\/span>                            <span class=\"elementskit-tab-title\">Gebrauchsanleitung<\/span>\n                        <\/a>\n                    <\/li>\n                                        <li class=\"elementkit-nav-item elementor-repeater-item-23affad\">\n                        <a class=\"elementkit-nav-link  left-pos\" id=\"content-23affad69eeceaf8adc8-tab\" data-ekit-handler-id=\"sizes-codes\" data-ekit-toggle=\"tab\" data-target=\"#content-23affad69eeceaf8adc8\" href=\"#Content-23affad69eeceaf8adc8\"\n                            data-ekit-toggle-trigger=\"click\"\n                            aria-describedby=\"Content-23affad69eeceaf8adc8\">\n                            <span class=\"elementskit-tab-icon\"><\/span>                            <span class=\"elementskit-tab-title\">Gr\u00f6\u00dfen und Codes<\/span>\n                        <\/a>\n                    <\/li>\n                                        <li class=\"elementkit-nav-item elementor-repeater-item-9882644\">\n                        <a class=\"elementkit-nav-link  left-pos\" id=\"content-988264469eeceaf8adc8-tab\" data-ekit-handler-id=\"downloads\" data-ekit-toggle=\"tab\" data-target=\"#content-988264469eeceaf8adc8\" href=\"#Content-988264469eeceaf8adc8\"\n                            data-ekit-toggle-trigger=\"click\"\n                            aria-describedby=\"Content-988264469eeceaf8adc8\">\n                            <span class=\"elementskit-tab-icon\"><\/span>                            <span class=\"elementskit-tab-title\">downloads<\/span>\n                        <\/a>\n                    <\/li>\n                                <\/ul>\n\n            <div class=\"tab-content elementkit-tab-content\">\n                                    <div class=\"tab-pane elementkit-tab-pane elementor-repeater-item-d0363a9  active show\" id=\"content-d0363a969eeceaf8adc8\" role=\"tabpanel\"\n                         aria-labelledby=\"content-d0363a969eeceaf8adc8-tab\">\n                        <div class=\"animated fadeIn\">\n                            <h3>Produkt-Infos<\/h3>\t\t<div data-elementor-type=\"section\" data-elementor-id=\"8585\" class=\"elementor elementor-8585\" data-elementor-post-type=\"elementor_library\">\n\t\t\t\t\t<section class=\"elementor-section elementor-top-section elementor-element elementor-element-3c9a5a4 elementor-section-boxed elementor-section-height-default elementor-section-height-default qodef-elementor-content-no\" data-id=\"3c9a5a4\" data-element_type=\"section\" data-e-type=\"section\" data-settings=\"{&quot;ekit_has_onepagescroll_dot&quot;:&quot;yes&quot;}\">\n\t\t\t\t\t\t<div class=\"elementor-container elementor-column-gap-default\">\n\t\t\t\t\t<div class=\"elementor-column elementor-col-100 elementor-top-column elementor-element elementor-element-8fd3e15\" data-id=\"8fd3e15\" data-element_type=\"column\" data-e-type=\"column\">\n\t\t\t<div class=\"elementor-widget-wrap elementor-element-populated\">\n\t\t\t\t\t\t<div class=\"elementor-element elementor-element-c6fd92e elementor-widget elementor-widget-accordion\" data-id=\"c6fd92e\" data-element_type=\"widget\" data-e-type=\"widget\" data-settings=\"{&quot;ekit_we_effect_on&quot;:&quot;none&quot;}\" data-widget_type=\"accordion.default\">\n\t\t\t\t<div class=\"elementor-widget-container\">\n\t\t\t\t\t\t\t<div class=\"elementor-accordion\">\n\t\t\t\t\t\t\t<div class=\"elementor-accordion-item\">\n\t\t\t\t\t<div id=\"elementor-tab-title-2081\" class=\"elementor-tab-title\" data-tab=\"1\" role=\"button\" aria-controls=\"elementor-tab-content-2081\" aria-expanded=\"false\">\n\t\t\t\t\t\t\t\t\t\t\t\t\t<span class=\"elementor-accordion-icon elementor-accordion-icon-left\" aria-hidden=\"true\">\n\t\t\t\t\t\t\t\t\t\t\t\t\t\t\t<span class=\"elementor-accordion-icon-closed\"><i class=\"fas fa-plus\"><\/i><\/span>\n\t\t\t\t\t\t\t\t<span class=\"elementor-accordion-icon-opened\"><i class=\"fas fa-minus\"><\/i><\/span>\n\t\t\t\t\t\t\t\t\t\t\t\t\t\t<\/span>\n\t\t\t\t\t\t\t\t\t\t\t\t<a class=\"elementor-accordion-title\" tabindex=\"0\">Beschreibung<\/a>\n\t\t\t\t\t<\/div>\n\t\t\t\t\t<div id=\"elementor-tab-content-2081\" class=\"elementor-tab-content elementor-clearfix\" data-tab=\"1\" role=\"region\" aria-labelledby=\"elementor-tab-title-2081\"><p><span style=\"font-size: medium\">Offen gewebte, leichte Baumwollbinde mit Webkanten, impr\u00e4gniert mit einer salbenartigen Zinkoxidpaste mit oder ohne Calamin.<\/span><\/p>\n<\/div>\n\t\t\t\t<\/div>\n\t\t\t\t\t\t\t<div class=\"elementor-accordion-item\">\n\t\t\t\t\t<div id=\"elementor-tab-title-2082\" class=\"elementor-tab-title\" data-tab=\"2\" role=\"button\" aria-controls=\"elementor-tab-content-2082\" aria-expanded=\"false\">\n\t\t\t\t\t\t\t\t\t\t\t\t\t<span class=\"elementor-accordion-icon elementor-accordion-icon-left\" aria-hidden=\"true\">\n\t\t\t\t\t\t\t\t\t\t\t\t\t\t\t<span class=\"elementor-accordion-icon-closed\"><i class=\"fas fa-plus\"><\/i><\/span>\n\t\t\t\t\t\t\t\t<span class=\"elementor-accordion-icon-opened\"><i class=\"fas fa-minus\"><\/i><\/span>\n\t\t\t\t\t\t\t\t\t\t\t\t\t\t<\/span>\n\t\t\t\t\t\t\t\t\t\t\t\t<a class=\"elementor-accordion-title\" tabindex=\"0\">Leistungsmerkmale<\/a>\n\t\t\t\t\t<\/div>\n\t\t\t\t\t<div id=\"elementor-tab-content-2082\" class=\"elementor-tab-content elementor-clearfix\" data-tab=\"2\" role=\"region\" aria-labelledby=\"elementor-tab-title-2082\"><div class=\"su-spoiler-content su-u-clearfix su-u-trim\">\n<ul>\n<li><strong><span style=\"font-size: medium\"><strong> Kompression ist entscheidend!<\/strong><\/span><\/strong><\/li>\n<\/ul>\n<p class=\"translation-block\"><ul>\n<li><span style=\"font-size: medium\">Reduziert \u00d6deme mechanisch.<\/span><\/li>\n<li><span style=\"font-size: medium\">Verbessert die Durchblutung.<\/span><\/li>\n<li><span style=\"font-size: medium\">Beschleunigt die Heilung.<\/span><\/li>\n<\/ul><\/p>\n<ul>\n<li><span style=\"font-size: medium\"><strong><strong>Topische Behandlung:<\/strong><\/strong><\/span><\/li>\n<\/ul>\n<p class=\"translation-block\"><ul>\n<li><span style=\"font-size: medium\">Schafft eine feuchte Wundheilungsumgebung \u00fcber einer Beinulzeration.<\/span><\/li>\n<li><span style=\"font-size: medium\">Reduziert Infektionen.<\/span><\/li>\n<li><span style=\"font-size: medium\">Tr\u00e4gt zur Reduzierung von Hautreizungen bei.<\/span><\/li>\n<li><span style=\"font-size: medium\">Angenehm zu tragen, beruhigt und sch\u00fctzt umliegende Haut.<\/span><\/li>\n<li><span style=\"font-size: medium\">Calamin verhindert Juckreiz und Reizungen der Haut.<\/span><\/li>\n<\/ul><\/p>\n<p>&nbsp;<\/p>\n<\/div>\n<div class=\"su-spoiler-content su-u-clearfix su-u-trim\">\n<p><strong><span style=\"font-size: small\"><img decoding=\"async\" style=\"float: right\" src=\"https:\/\/pharmaplast-online.net\/wp-content\/uploads\/Wound_Care\/Products\/Unnaplast\/unna_photo.jpg\" alt=\"\" width=\"350\" height=\"404\" border=\"0\" \/><\/span><\/strong><\/p>\n<p class=\"translation-block\"><ul>\n<li><span style=\"font-size: medium\">Feste Webkanten reduziert die Zahl der in die Wunde abgesto\u00dfenen Fasern.<\/span><\/li>\n<li><span style=\"font-size: medium\">Keine empfindlichkeitsinduzierenden Konservierungsmittel.<\/span><\/li>\n<li><span style=\"font-size: medium\">Kann in Verbindung mit einer Kompressionstherapie verwendet werden.<\/span><\/li>\n<li><span style=\"font-size: medium\">Calamin lindert Juckreiz und beruhigt die Haut.<\/span><\/li>\n<li><span style=\"font-size: medium\">Die entz\u00fcndungshemmenden und antibakteriellen Eigenschaften von Zinkoxid tragen zur Wundheilung bei.<\/span><\/li>\n<li><span style=\"font-size: medium\">Einfach anzulegen und zu entfernen f\u00fcr problemlose und atraumatische Verbandswechsel.<\/span><\/li>\n<li><span style=\"font-size: medium\">Kein Austrocknen w\u00e4hrend des Gebrauchs.<\/span><\/li>\n<li><span style=\"font-size: medium\">Kein t\u00e4glicher Verbandswechsel erforderlich; Verbandswechsel sp\u00e4testens nach sieben Tagen oder fr\u00fcher bei Austritt von Wundfl\u00fcssigkeit.<\/span><\/li>\n<\/ul><\/p>\n<\/div>\n<\/div>\n\t\t\t\t<\/div>\n\t\t\t\t\t\t\t<div class=\"elementor-accordion-item\">\n\t\t\t\t\t<div id=\"elementor-tab-title-2083\" class=\"elementor-tab-title\" data-tab=\"3\" role=\"button\" aria-controls=\"elementor-tab-content-2083\" aria-expanded=\"false\">\n\t\t\t\t\t\t\t\t\t\t\t\t\t<span class=\"elementor-accordion-icon elementor-accordion-icon-left\" aria-hidden=\"true\">\n\t\t\t\t\t\t\t\t\t\t\t\t\t\t\t<span class=\"elementor-accordion-icon-closed\"><i class=\"fas fa-plus\"><\/i><\/span>\n\t\t\t\t\t\t\t\t<span class=\"elementor-accordion-icon-opened\"><i class=\"fas fa-minus\"><\/i><\/span>\n\t\t\t\t\t\t\t\t\t\t\t\t\t\t<\/span>\n\t\t\t\t\t\t\t\t\t\t\t\t<a class=\"elementor-accordion-title\" tabindex=\"0\">Verwendungszweck<\/a>\n\t\t\t\t\t<\/div>\n\t\t\t\t\t<div id=\"elementor-tab-content-2083\" class=\"elementor-tab-content elementor-clearfix\" data-tab=\"3\" role=\"region\" aria-labelledby=\"elementor-tab-title-2083\"><div class=\"su-spoiler-content su-u-clearfix su-u-trim\">\n<p><span style=\"font-size: medium\">Ulcus cruris venosum, bestimmte ekzemat\u00f6se Eruptionen, Lymph\u00f6dem, Thrombophlebitis, leichte Frakturen, Sportverletzungen, Verstauchungen und Zerrungen sowie Verbrennungen.<\/span><\/p>\n<\/div>\n<\/div>\n\t\t\t\t<\/div>\n\t\t\t\t\t\t\t<div class=\"elementor-accordion-item\">\n\t\t\t\t\t<div id=\"elementor-tab-title-2084\" class=\"elementor-tab-title\" data-tab=\"4\" role=\"button\" aria-controls=\"elementor-tab-content-2084\" aria-expanded=\"false\">\n\t\t\t\t\t\t\t\t\t\t\t\t\t<span class=\"elementor-accordion-icon elementor-accordion-icon-left\" aria-hidden=\"true\">\n\t\t\t\t\t\t\t\t\t\t\t\t\t\t\t<span class=\"elementor-accordion-icon-closed\"><i class=\"fas fa-plus\"><\/i><\/span>\n\t\t\t\t\t\t\t\t<span class=\"elementor-accordion-icon-opened\"><i class=\"fas fa-minus\"><\/i><\/span>\n\t\t\t\t\t\t\t\t\t\t\t\t\t\t<\/span>\n\t\t\t\t\t\t\t\t\t\t\t\t<a class=\"elementor-accordion-title\" tabindex=\"0\">Gegenanzeigen<\/a>\n\t\t\t\t\t<\/div>\n\t\t\t\t\t<div id=\"elementor-tab-content-2084\" class=\"elementor-tab-content elementor-clearfix\" data-tab=\"4\" role=\"region\" aria-labelledby=\"elementor-tab-title-2084\"><div class=\"su-spoiler-content su-u-clearfix su-u-trim\">\n<ol>\n<li><span style=\"font-size: medium\">1- \u00dcberempfindlichkeit gegen einen Bestandteil der Paste und akute ekzemat\u00f6se L\u00e4sionen.<\/span><\/li>\n<li><span style=\"font-size: medium\">2- Anwendung auf stark mazerierter Haut vermeiden.<\/span><\/li>\n<\/ol>\n<\/div>\n<\/div>\n\t\t\t\t<\/div>\n\t\t\t\t\t\t\t<div class=\"elementor-accordion-item\">\n\t\t\t\t\t<div id=\"elementor-tab-title-2085\" class=\"elementor-tab-title\" data-tab=\"5\" role=\"button\" aria-controls=\"elementor-tab-content-2085\" aria-expanded=\"false\">\n\t\t\t\t\t\t\t\t\t\t\t\t\t<span class=\"elementor-accordion-icon elementor-accordion-icon-left\" aria-hidden=\"true\">\n\t\t\t\t\t\t\t\t\t\t\t\t\t\t\t<span class=\"elementor-accordion-icon-closed\"><i class=\"fas fa-plus\"><\/i><\/span>\n\t\t\t\t\t\t\t\t<span class=\"elementor-accordion-icon-opened\"><i class=\"fas fa-minus\"><\/i><\/span>\n\t\t\t\t\t\t\t\t\t\t\t\t\t\t<\/span>\n\t\t\t\t\t\t\t\t\t\t\t\t<a class=\"elementor-accordion-title\" tabindex=\"0\">Vorsicht<\/a>\n\t\t\t\t\t<\/div>\n\t\t\t\t\t<div id=\"elementor-tab-content-2085\" class=\"elementor-tab-content elementor-clearfix\" data-tab=\"5\" role=\"region\" aria-labelledby=\"elementor-tab-title-2085\"><\/div>\n\t\t\t\t<\/div>\n\t\t\t\t\t\t\t<div class=\"elementor-accordion-item\">\n\t\t\t\t\t<div id=\"elementor-tab-title-2086\" class=\"elementor-tab-title\" data-tab=\"6\" role=\"button\" aria-controls=\"elementor-tab-content-2086\" aria-expanded=\"false\">\n\t\t\t\t\t\t\t\t\t\t\t\t\t<span class=\"elementor-accordion-icon elementor-accordion-icon-left\" aria-hidden=\"true\">\n\t\t\t\t\t\t\t\t\t\t\t\t\t\t\t<span class=\"elementor-accordion-icon-closed\"><i class=\"fas fa-plus\"><\/i><\/span>\n\t\t\t\t\t\t\t\t<span class=\"elementor-accordion-icon-opened\"><i class=\"fas fa-minus\"><\/i><\/span>\n\t\t\t\t\t\t\t\t\t\t\t\t\t\t<\/span>\n\t\t\t\t\t\t\t\t\t\t\t\t<a class=\"elementor-accordion-title\" tabindex=\"0\">Lagendiagramm<\/a>\n\t\t\t\t\t<\/div>\n\t\t\t\t\t<div id=\"elementor-tab-content-2086\" class=\"elementor-tab-content elementor-clearfix\" data-tab=\"6\" role=\"region\" aria-labelledby=\"elementor-tab-title-2086\"><\/div>\n\t\t\t\t<\/div>\n\t\t\t\t\t\t\t<div class=\"elementor-accordion-item\">\n\t\t\t\t\t<div id=\"elementor-tab-title-2087\" class=\"elementor-tab-title\" data-tab=\"7\" role=\"button\" aria-controls=\"elementor-tab-content-2087\" aria-expanded=\"false\">\n\t\t\t\t\t\t\t\t\t\t\t\t\t<span class=\"elementor-accordion-icon elementor-accordion-icon-left\" aria-hidden=\"true\">\n\t\t\t\t\t\t\t\t\t\t\t\t\t\t\t<span class=\"elementor-accordion-icon-closed\"><i class=\"fas fa-plus\"><\/i><\/span>\n\t\t\t\t\t\t\t\t<span class=\"elementor-accordion-icon-opened\"><i class=\"fas fa-minus\"><\/i><\/span>\n\t\t\t\t\t\t\t\t\t\t\t\t\t\t<\/span>\n\t\t\t\t\t\t\t\t\t\t\t\t<a class=\"elementor-accordion-title\" tabindex=\"0\">H\u00e4ufigkeit der Verbandwechsel<\/a>\n\t\t\t\t\t<\/div>\n\t\t\t\t\t<div id=\"elementor-tab-content-2087\" class=\"elementor-tab-content elementor-clearfix\" data-tab=\"7\" role=\"region\" aria-labelledby=\"elementor-tab-title-2087\"><\/div>\n\t\t\t\t<\/div>\n\t\t\t\t\t\t\t<div class=\"elementor-accordion-item\">\n\t\t\t\t\t<div id=\"elementor-tab-title-2088\" class=\"elementor-tab-title\" data-tab=\"8\" role=\"button\" aria-controls=\"elementor-tab-content-2088\" aria-expanded=\"false\">\n\t\t\t\t\t\t\t\t\t\t\t\t\t<span class=\"elementor-accordion-icon elementor-accordion-icon-left\" aria-hidden=\"true\">\n\t\t\t\t\t\t\t\t\t\t\t\t\t\t\t<span class=\"elementor-accordion-icon-closed\"><i class=\"fas fa-plus\"><\/i><\/span>\n\t\t\t\t\t\t\t\t<span class=\"elementor-accordion-icon-opened\"><i class=\"fas fa-minus\"><\/i><\/span>\n\t\t\t\t\t\t\t\t\t\t\t\t\t\t<\/span>\n\t\t\t\t\t\t\t\t\t\t\t\t<a class=\"elementor-accordion-title\" tabindex=\"0\">Wie wirkt es?<\/a>\n\t\t\t\t\t<\/div>\n\t\t\t\t\t<div id=\"elementor-tab-content-2088\" class=\"elementor-tab-content elementor-clearfix\" data-tab=\"8\" role=\"region\" aria-labelledby=\"elementor-tab-title-2088\"><\/div>\n\t\t\t\t<\/div>\n\t\t\t\t\t\t\t<div class=\"elementor-accordion-item\">\n\t\t\t\t\t<div id=\"elementor-tab-title-2089\" class=\"elementor-tab-title\" data-tab=\"9\" role=\"button\" aria-controls=\"elementor-tab-content-2089\" aria-expanded=\"false\">\n\t\t\t\t\t\t\t\t\t\t\t\t\t<span class=\"elementor-accordion-icon elementor-accordion-icon-left\" aria-hidden=\"true\">\n\t\t\t\t\t\t\t\t\t\t\t\t\t\t\t<span class=\"elementor-accordion-icon-closed\"><i class=\"fas fa-plus\"><\/i><\/span>\n\t\t\t\t\t\t\t\t<span class=\"elementor-accordion-icon-opened\"><i class=\"fas fa-minus\"><\/i><\/span>\n\t\t\t\t\t\t\t\t\t\t\t\t\t\t<\/span>\n\t\t\t\t\t\t\t\t\t\t\t\t<a class=\"elementor-accordion-title\" tabindex=\"0\">Dauer der Haltbarkeit<\/a>\n\t\t\t\t\t<\/div>\n\t\t\t\t\t<div id=\"elementor-tab-content-2089\" class=\"elementor-tab-content elementor-clearfix\" data-tab=\"9\" role=\"region\" aria-labelledby=\"elementor-tab-title-2089\"><p><span style=\"font-size: medium\">Drei Jahre.<\/span><\/p>\n<\/div>\n\t\t\t\t<\/div>\n\t\t\t\t\t\t\t\t<\/div>\n\t\t\t\t\t\t<\/div>\n\t\t\t\t<\/div>\n\t\t\t\t\t<\/div>\n\t\t<\/div>\n\t\t\t\t\t<\/div>\n\t\t<\/section>\n\t\t\t\t<\/div>\n\t\t                        <\/div>\n                    <\/div>\n                                    <div class=\"tab-pane elementkit-tab-pane elementor-repeater-item-9b61f69\" id=\"content-9b61f6969eeceaf8adc8\" role=\"tabpanel\"\n                         aria-labelledby=\"content-9b61f6969eeceaf8adc8-tab\">\n                        <div class=\"animated fadeIn\">\n                            <p><img decoding=\"async\" class=\"aligncenter\" src=\"https:\/\/pharmaplast-online.net\/wp-content\/uploads\/Wound_Care\/how_to_use\/En\/Unnaplast.png \" alt=\"\" \/><\/p><ol><li><span style=\"font-size: medium;\"><span style=\"font-size: medium\">H\u00e4nde waschen und Handschuhe anlegen.<\/span><\/span><\/li><li><span style=\"font-size: medium;\"><span style=\"font-size: medium\">Ulzeration und Haut \u00fcberpr\u00fcfen. Gr\u00f6\u00dfe, Austritt und Wundfl\u00fcssigkeit &amp; Erscheinungsbild der Ulzeration beurteilen.<\/span><\/span><\/li><li><span style=\"font-size: medium;\"><span style=\"font-size: medium\">Den Wundbereich vorsichtig mit einem Schwamm und einem Reinigungsmittel s\u00e4ubern. Mit physiologischer Kochsalzl\u00f6sung sp\u00fclen.<\/span><\/span><\/li><li><span style=\"font-size: medium;\"><span style=\"font-size: medium\">Den Wundbereich vorsichtig mit einem Schwamm und einem Reinigungsmittel s\u00e4ubern. Mit physiologischer Kochsalzl\u00f6sung sp\u00fclen.<\/span><\/span><\/li><li class=\"translation-block\"><span style=\"font-size: medium\"><strong>Unnaplast<\/strong><strong><em><sup>\u00ae<\/sup><\/em><\/strong> in einer kreisf\u00f6rmigen Bewegung vom Fu\u00df bis zum Knie anlegen. Der Verband sollte dicht, aber nicht zu fest an der Haut anliegen. Im Sinne einer vollst\u00e4ndigen Abdeckung des Bereichs ist darauf zu achten, dass sich die einzelnen Lagen des Verbands jeweils um die H\u00e4lfte ihrer Breite \u00fcberlappen.<\/span><\/li><li><span style=\"font-size: medium;\"><span style=\"font-size: medium\">Unter festem gleichm\u00e4\u00dfigem Druck das Bein des Patienten bis zum Knie einbinden. Den Verband beim Anlegen mit der anderen Hand am Fu\u00df ausstreichen und gl\u00e4tten.<\/span><\/span><\/li><li><span style=\"font-size: medium;\"><span style=\"font-size: medium\">Zur Fixierung des Verbands und zur Aufrechterhaltung der Kompression eine elastische oder koh\u00e4sive Bandage anbringen.<\/span><\/span><\/li><li><span style=\"font-size: medium;\"><span style=\"font-size: medium\">Den Fu\u00df des Patienten auf Anzeichen einer Beeintr\u00e4chtigung wie etwa Zyanose, Verlust der Sensorik oder Schwellung beobachten (dies w\u00fcrde bedeuten, dass der Verband zu fest sitzt und neu gewickelt werden muss).<\/span><\/span><\/li><li><span style=\"font-size: medium;\"><span style=\"font-size: medium\">Den Verband 5 bis 7 Tage oder f\u00fcr den vom Arzt angeordneten Zeitraum am Fu\u00df lassen.<\/span><\/span><\/li><li><span style=\"font-size: medium;\"><span style=\"font-size: medium\">Den Verband mit einem Mundspatel und einer Verbandsschere oder einem Skalpell entfernen.<\/span><\/span><\/li><\/ol><p><img decoding=\"async\" class=\"aligncenter\" src=\"https:\/\/pharmaplast-online.net\/wp-content\/uploads\/Wound_Care\/Products\/Unnaplast\/unna_how_to_use.jpg\" alt=\"\" width=\"553\" height=\"146\" \/><\/p>                        <\/div>\n                    <\/div>\n                                    <div class=\"tab-pane elementkit-tab-pane elementor-repeater-item-23affad\" id=\"content-23affad69eeceaf8adc8\" role=\"tabpanel\"\n                         aria-labelledby=\"content-23affad69eeceaf8adc8-tab\">\n                        <div class=\"animated fadeIn\">\n                            <p>\u00a0<\/p><table><tbody><tr><td width=\"114\"><p><strong>Unnaplast<\/strong><\/p><\/td><td width=\"150\"><p><strong>Unnaplast\u00ae Calamine<\/strong><\/p><\/td><td width=\"126\"><p><strong>Sizes <\/strong><\/p><\/td><td width=\"102\"><p><strong>Pieces \/Boxes<\/strong><\/p><\/td><td width=\"84\"><p><strong>Boxes\/Case <\/strong><\/p><\/td><\/tr><tr><td width=\"114\"><p>UNNA759140<\/p><\/td><td width=\"150\"><p>UNNACAL759140<\/p><\/td><td width=\"126\"><p>7.5 cm x 9.14 mts<\/p><\/td><td width=\"102\"><p>1<\/p><\/td><td width=\"84\"><p>12<\/p><\/td><\/tr><tr><td width=\"114\"><p>UNNA1009140<\/p><\/td><td width=\"150\"><p>UNNACAL1009140<\/p><\/td><td width=\"126\"><p>10 cm x 9.14 mts<\/p><\/td><td width=\"102\"><p>1<\/p><\/td><td width=\"84\"><p>12<\/p><\/td><\/tr><tr><td width=\"114\"><p>UNNA754550<\/p><\/td><td width=\"150\"><p>UNNACAL754550<\/p><\/td><td width=\"126\"><p>7.5 cm x 4.55 mts<\/p><\/td><td width=\"102\"><p>1<\/p><\/td><td width=\"84\"><p>12<\/p><\/td><\/tr><tr><td width=\"114\"><p>UNNA1004550<\/p><\/td><td width=\"150\"><p>UNNACAL1004550<\/p><\/td><td width=\"126\"><p>10 cm x 4.55 mts<\/p><\/td><td width=\"102\"><p>1<\/p><\/td><td width=\"84\"><p>12<\/p><\/td><\/tr><tr><td width=\"114\"><p>UNNA1209140<\/p><\/td><td width=\"150\"><p>UNNACAL1209140<\/p><\/td><td width=\"126\"><p>12 cm x 9.14 mts<\/p><\/td><td width=\"102\"><p>1<\/p><\/td><td width=\"84\"><p>12<\/p><\/td><\/tr><tr><td width=\"114\"><p>UNNA1003600<\/p><\/td><td width=\"150\"><p>UNNACAL1003600<\/p><\/td><td width=\"126\"><p>10 cm x 3.6 mts<\/p><\/td><td width=\"102\"><p>1<\/p><\/td><td width=\"84\"><p>12<\/p><\/td><\/tr><tr><td width=\"114\"><p>UNNA753600<\/p><\/td><td width=\"150\"><p>UNNACAL753600<\/p><\/td><td width=\"126\"><p>7.5 cm x 3.6 mts<\/p><\/td><td width=\"102\"><p>1<\/p><\/td><td width=\"84\"><p>12<\/p><\/td><\/tr><tr><td width=\"114\"><p>UNNA1203600<\/p><\/td><td width=\"150\"><p>UNNACAL1203600<\/p><\/td><td width=\"126\"><p>12 cm x 3.6 mts<\/p><\/td><td width=\"102\"><p>1<\/p><\/td><td width=\"84\"><p>12<\/p><\/td><\/tr><\/tbody><\/table><p><img decoding=\"async\" class=\"alignleft\" src=\"https:\/\/pharmaplast-online.net\/wp-content\/uploads\/Wound_Care\/table_of_sizes\/En\/Unnaplast.png \" alt=\"\" \/><\/p>                        <\/div>\n                    <\/div>\n                                    <div class=\"tab-pane elementkit-tab-pane elementor-repeater-item-9882644\" id=\"content-988264469eeceaf8adc8\" role=\"tabpanel\"\n                         aria-labelledby=\"content-988264469eeceaf8adc8-tab\">\n                        <div class=\"animated fadeIn\">\n                            <p><a href=\"https:\/\/pharmaplast-online.net\/wp-content\/uploads\/2024\/10\/Unnaplast-Brochure.pdf\">Unnaplast Brochure<\/a><\/p><p><img loading=\"lazy\" decoding=\"async\" class=\"\" src=\"https:\/\/pharmaplast-online.net\/wp-content\/uploads\/2024\/10\/pdf_4726010-300x300.png\" width=\"41\" height=\"41\" \/><\/p>                        <\/div>\n                    <\/div>\n                                \n            <\/div>\n                    <\/div>\n    <\/div>\t\t\t\t<\/div>\n\t\t\t\t<\/div>\n\t\t\t\t\t<\/div>\n\t\t<\/div>\n\t\t\t\t\t<\/div>\n\t\t<\/section>\n\t\t\t\t<\/div>","protected":false},"excerpt":{"rendered":"<p>Open weave cotton bandage with zinc oxide paste.<\/p>","protected":false},"featured_media":16626,"comment_status":"open","ping_status":"closed","template":"","meta":[],"product_brand":[],"product_cat":[302,306],"product_tag":[],"class_list":{"0":"post-7988","1":"product","2":"type-product","3":"status-publish","4":"has-post-thumbnail","6":"product_cat-wound-contact-layer-2","7":"product_cat-zinc-oxide","8":"new","10":"first","11":"instock","12":"shipping-taxable","13":"product-type-simple"},"acf":[],"_links":{"self":[{"href":"https:\/\/pharmaplast-online.net\/de\/wp-json\/wp\/v2\/product\/7988","targetHints":{"allow":["GET"]}}],"collection":[{"href":"https:\/\/pharmaplast-online.net\/de\/wp-json\/wp\/v2\/product"}],"about":[{"href":"https:\/\/pharmaplast-online.net\/de\/wp-json\/wp\/v2\/types\/product"}],"replies":[{"embeddable":true,"href":"https:\/\/pharmaplast-online.net\/de\/wp-json\/wp\/v2\/comments?post=7988"}],"version-history":[{"count":28,"href":"https:\/\/pharmaplast-online.net\/de\/wp-json\/wp\/v2\/product\/7988\/revisions"}],"predecessor-version":[{"id":18987,"href":"https:\/\/pharmaplast-online.net\/de\/wp-json\/wp\/v2\/product\/7988\/revisions\/18987"}],"wp:featuredmedia":[{"embeddable":true,"href":"https:\/\/pharmaplast-online.net\/de\/wp-json\/wp\/v2\/media\/16626"}],"wp:attachment":[{"href":"https:\/\/pharmaplast-online.net\/de\/wp-json\/wp\/v2\/media?parent=7988"}],"wp:term":[{"taxonomy":"product_brand","embeddable":true,"href":"https:\/\/pharmaplast-online.net\/de\/wp-json\/wp\/v2\/product_brand?post=7988"},{"taxonomy":"product_cat","embeddable":true,"href":"https:\/\/pharmaplast-online.net\/de\/wp-json\/wp\/v2\/product_cat?post=7988"},{"taxonomy":"product_tag","embeddable":true,"href":"https:\/\/pharmaplast-online.net\/de\/wp-json\/wp\/v2\/product_tag?post=7988"}],"curies":[{"name":"wp","href":"https:\/\/api.w.org\/{rel}","templated":true}]}}