{"id":9603,"date":"2023-01-25T14:48:00","date_gmt":"2023-01-25T14:48:00","guid":{"rendered":"https:\/\/pharmaplast.mediagate-egy.com\/?post_type=product&#038;p=9603"},"modified":"2024-10-29T09:02:56","modified_gmt":"2024-10-29T09:02:56","slug":"pharmaband","status":"publish","type":"product","link":"https:\/\/pharmaplast-online.net\/de\/produkt\/pharmaband\/","title":{"rendered":"PharmaBand Cool"},"content":{"rendered":"<div data-elementor-type=\"product-post\" data-elementor-id=\"9603\" class=\"elementor elementor-9603\" data-elementor-post-type=\"product\">\n\t\t\t\t\t\t<section class=\"elementor-section elementor-top-section elementor-element elementor-element-5595f79 elementor-section-boxed elementor-section-height-default elementor-section-height-default qodef-elementor-content-no\" data-id=\"5595f79\" data-element_type=\"section\" data-e-type=\"section\" data-settings=\"{&quot;ekit_has_onepagescroll_dot&quot;:&quot;yes&quot;}\">\n\t\t\t\t\t\t<div class=\"elementor-container elementor-column-gap-default\">\n\t\t\t\t\t<div class=\"elementor-column elementor-col-100 elementor-top-column elementor-element elementor-element-6bd3fe9\" data-id=\"6bd3fe9\" data-element_type=\"column\" data-e-type=\"column\">\n\t\t\t<div class=\"elementor-widget-wrap elementor-element-populated\">\n\t\t\t\t\t\t<div class=\"elementor-element elementor-element-fdc0eb8 elementor-widget elementor-widget-elementskit-simple-tab\" data-id=\"fdc0eb8\" data-element_type=\"widget\" data-e-type=\"widget\" data-settings=\"{&quot;ekit_we_effect_on&quot;:&quot;none&quot;}\" data-widget_type=\"elementskit-simple-tab.default\">\n\t\t\t\t<div class=\"elementor-widget-container\">\n\t\t\t\t\t<div class=\"ekit-wid-con\" >        <div class=\"elementkit-tab-wraper\">\n            <ul class=\"nav nav-tabs elementkit-tab-nav  elementskit-fullwidth-tab\">\n                                    <li class=\"elementkit-nav-item elementor-repeater-item-d0363a9\">\n                        <a class=\"elementkit-nav-link  active show left-pos\" id=\"content-d0363a969e1a56b72732-tab\" data-ekit-handler-id=\"product-info\" data-ekit-toggle=\"tab\" data-target=\"#content-d0363a969e1a56b72732\" href=\"#Content-d0363a969e1a56b72732\"\n                            data-ekit-toggle-trigger=\"click\"\n                            aria-describedby=\"Content-d0363a969e1a56b72732\">\n                            <span class=\"elementskit-tab-icon\"><\/span>                            <span class=\"elementskit-tab-title\">Produkt-Infos<\/span>\n                        <\/a>\n                    <\/li>\n                                        <li class=\"elementkit-nav-item elementor-repeater-item-9b61f69\">\n                        <a class=\"elementkit-nav-link  left-pos\" id=\"content-9b61f6969e1a56b72732-tab\" data-ekit-handler-id=\"how-to-use\" data-ekit-toggle=\"tab\" data-target=\"#content-9b61f6969e1a56b72732\" href=\"#Content-9b61f6969e1a56b72732\"\n                            data-ekit-toggle-trigger=\"click\"\n                            aria-describedby=\"Content-9b61f6969e1a56b72732\">\n                            <span class=\"elementskit-tab-icon\"><\/span>                            <span class=\"elementskit-tab-title\">Gebrauchsanleitung<\/span>\n                        <\/a>\n                    <\/li>\n                                        <li class=\"elementkit-nav-item elementor-repeater-item-23affad\">\n                        <a class=\"elementkit-nav-link  left-pos\" id=\"content-23affad69e1a56b72732-tab\" data-ekit-handler-id=\"sizes-codes\" data-ekit-toggle=\"tab\" data-target=\"#content-23affad69e1a56b72732\" href=\"#Content-23affad69e1a56b72732\"\n                            data-ekit-toggle-trigger=\"click\"\n                            aria-describedby=\"Content-23affad69e1a56b72732\">\n                            <span class=\"elementskit-tab-icon\"><\/span>                            <span class=\"elementskit-tab-title\">Gr\u00f6\u00dfen und Codes<\/span>\n                        <\/a>\n                    <\/li>\n                                        <li class=\"elementkit-nav-item elementor-repeater-item-9882644\">\n                        <a class=\"elementkit-nav-link  left-pos\" id=\"content-988264469e1a56b72732-tab\" data-ekit-handler-id=\"downloads\" data-ekit-toggle=\"tab\" data-target=\"#content-988264469e1a56b72732\" href=\"#Content-988264469e1a56b72732\"\n                            data-ekit-toggle-trigger=\"click\"\n                            aria-describedby=\"Content-988264469e1a56b72732\">\n                            <span class=\"elementskit-tab-icon\"><\/span>                            <span class=\"elementskit-tab-title\">downloads<\/span>\n                        <\/a>\n                    <\/li>\n                                <\/ul>\n\n            <div class=\"tab-content elementkit-tab-content\">\n                                    <div class=\"tab-pane elementkit-tab-pane elementor-repeater-item-d0363a9  active show\" id=\"content-d0363a969e1a56b72732\" role=\"tabpanel\"\n                         aria-labelledby=\"content-d0363a969e1a56b72732-tab\">\n                        <div class=\"animated fadeIn\">\n                            <h3>Produkt-Infos<\/h3>\t\t<div data-elementor-type=\"section\" data-elementor-id=\"8585\" class=\"elementor elementor-8585\" data-elementor-post-type=\"elementor_library\">\n\t\t\t\t\t<section class=\"elementor-section elementor-top-section elementor-element elementor-element-3c9a5a4 elementor-section-boxed elementor-section-height-default elementor-section-height-default qodef-elementor-content-no\" data-id=\"3c9a5a4\" data-element_type=\"section\" data-e-type=\"section\" data-settings=\"{&quot;ekit_has_onepagescroll_dot&quot;:&quot;yes&quot;}\">\n\t\t\t\t\t\t<div class=\"elementor-container elementor-column-gap-default\">\n\t\t\t\t\t<div class=\"elementor-column elementor-col-100 elementor-top-column elementor-element elementor-element-8fd3e15\" data-id=\"8fd3e15\" data-element_type=\"column\" data-e-type=\"column\">\n\t\t\t<div class=\"elementor-widget-wrap elementor-element-populated\">\n\t\t\t\t\t\t<div class=\"elementor-element elementor-element-c6fd92e elementor-widget elementor-widget-accordion\" data-id=\"c6fd92e\" data-element_type=\"widget\" data-e-type=\"widget\" data-settings=\"{&quot;ekit_we_effect_on&quot;:&quot;none&quot;}\" data-widget_type=\"accordion.default\">\n\t\t\t\t<div class=\"elementor-widget-container\">\n\t\t\t\t\t\t\t<div class=\"elementor-accordion\">\n\t\t\t\t\t\t\t<div class=\"elementor-accordion-item\">\n\t\t\t\t\t<div id=\"elementor-tab-title-2081\" class=\"elementor-tab-title\" data-tab=\"1\" role=\"button\" aria-controls=\"elementor-tab-content-2081\" aria-expanded=\"false\">\n\t\t\t\t\t\t\t\t\t\t\t\t\t<span class=\"elementor-accordion-icon elementor-accordion-icon-left\" aria-hidden=\"true\">\n\t\t\t\t\t\t\t\t\t\t\t\t\t\t\t<span class=\"elementor-accordion-icon-closed\"><i class=\"fas fa-plus\"><\/i><\/span>\n\t\t\t\t\t\t\t\t<span class=\"elementor-accordion-icon-opened\"><i class=\"fas fa-minus\"><\/i><\/span>\n\t\t\t\t\t\t\t\t\t\t\t\t\t\t<\/span>\n\t\t\t\t\t\t\t\t\t\t\t\t<a class=\"elementor-accordion-title\" tabindex=\"0\">Beschreibung<\/a>\n\t\t\t\t\t<\/div>\n\t\t\t\t\t<div id=\"elementor-tab-content-2081\" class=\"elementor-tab-content elementor-clearfix\" data-tab=\"1\" role=\"region\" aria-labelledby=\"elementor-tab-title-2081\"><p>Gebrauchsfertiger K\u00fchlverband, der unmittelbare K\u00fchlung und Schmerzlinderung beim Behandeln von Verletzungen, Muskelschmerzen und Zerrungen bietet.<\/p>\n<p>Dieser Verband reduziert die Genesungszeit von Verletzungen, indem K\u00fchl- und Kompressionsprozesse in einem Schritt mit einfacher Anwendung vereint werden.<\/p>\n<\/div>\n\t\t\t\t<\/div>\n\t\t\t\t\t\t\t<div class=\"elementor-accordion-item\">\n\t\t\t\t\t<div id=\"elementor-tab-title-2082\" class=\"elementor-tab-title\" data-tab=\"2\" role=\"button\" aria-controls=\"elementor-tab-content-2082\" aria-expanded=\"false\">\n\t\t\t\t\t\t\t\t\t\t\t\t\t<span class=\"elementor-accordion-icon elementor-accordion-icon-left\" aria-hidden=\"true\">\n\t\t\t\t\t\t\t\t\t\t\t\t\t\t\t<span class=\"elementor-accordion-icon-closed\"><i class=\"fas fa-plus\"><\/i><\/span>\n\t\t\t\t\t\t\t\t<span class=\"elementor-accordion-icon-opened\"><i class=\"fas fa-minus\"><\/i><\/span>\n\t\t\t\t\t\t\t\t\t\t\t\t\t\t<\/span>\n\t\t\t\t\t\t\t\t\t\t\t\t<a class=\"elementor-accordion-title\" tabindex=\"0\">Leistungsmerkmale<\/a>\n\t\t\t\t\t<\/div>\n\t\t\t\t\t<div id=\"elementor-tab-content-2082\" class=\"elementor-tab-content elementor-clearfix\" data-tab=\"2\" role=\"region\" aria-labelledby=\"elementor-tab-title-2082\"><div class=\"su-spoiler-content su-u-clearfix su-u-trim\">\n<p class=\"translation-block\"><div class=\"su-spoiler-content su-u-clearfix su-u-trim\"><p><\/p>\n<ol>\n<li><span style=\"font-size: 14pt\">Sekundenschnelle Schmerzlinderung.<a href=\"https:\/\/pharmaplast-online.net\/wp-content\/uploads\/Wound_Care\/Products\/pharmaband_cool\/pharamband_cool_02.png\"><img class=\"size-full wp-image-3891 alignright\" title=\"pharamband_cool_02\" src=\"https:\/\/pharmaplast-online.net\/wp-content\/uploads\/Wound_Care\/Products\/pharmaband_cool\/pharamband_cool_02.png\" alt=\"\" width=\"211\" height=\"142\"><\/a><\/span><\/li>\n<li><span style=\"font-size: 14pt\">K\u00fchlwirkung f\u00fcr 2 bis 3 Stunden.<\/span><\/li>\n<li><span style=\"font-size: 14pt\">Keine K\u00fchlung erforderlich, einfach anzuwenden und zu transportieren.<\/span><\/li>\n<li><span style=\"font-size: 14pt\">Kann nach dem Trocknen als normale Kreppbinde wiederverwendet werden.<\/span><\/li>\n<li><span style=\"font-size: 14pt\">Konstanter, gleichm\u00e4\u00dfiger Druck auf die Wunde.<\/span><\/li>\n<li><span style=\"font-size: 14pt\">Flexibel und atmungsaktiv.<\/span><\/li>\n<\/ol>\n<p><span style=\"font-size: 14pt\"><\/span><\/p><\/div><\/p>\n<\/div>\n<\/div>\n\t\t\t\t<\/div>\n\t\t\t\t\t\t\t<div class=\"elementor-accordion-item\">\n\t\t\t\t\t<div id=\"elementor-tab-title-2083\" class=\"elementor-tab-title\" data-tab=\"3\" role=\"button\" aria-controls=\"elementor-tab-content-2083\" aria-expanded=\"false\">\n\t\t\t\t\t\t\t\t\t\t\t\t\t<span class=\"elementor-accordion-icon elementor-accordion-icon-left\" aria-hidden=\"true\">\n\t\t\t\t\t\t\t\t\t\t\t\t\t\t\t<span class=\"elementor-accordion-icon-closed\"><i class=\"fas fa-plus\"><\/i><\/span>\n\t\t\t\t\t\t\t\t<span class=\"elementor-accordion-icon-opened\"><i class=\"fas fa-minus\"><\/i><\/span>\n\t\t\t\t\t\t\t\t\t\t\t\t\t\t<\/span>\n\t\t\t\t\t\t\t\t\t\t\t\t<a class=\"elementor-accordion-title\" tabindex=\"0\">Verwendungszweck<\/a>\n\t\t\t\t\t<\/div>\n\t\t\t\t\t<div id=\"elementor-tab-content-2083\" class=\"elementor-tab-content elementor-clearfix\" data-tab=\"3\" role=\"region\" aria-labelledby=\"elementor-tab-title-2083\"><div class=\"su-spoiler-content su-u-clearfix su-u-trim\">\n<p>K\u00e4ltetherapie bei Verstauchungen, Zerrungen, Beulen und Prellungen.<\/p>\n<p>Bei sportlichen Wettk\u00e4mpfen und Outdoor-Aktivit\u00e4ten.<\/p>\n<\/div>\n<\/div>\n\t\t\t\t<\/div>\n\t\t\t\t\t\t\t<div class=\"elementor-accordion-item\">\n\t\t\t\t\t<div id=\"elementor-tab-title-2084\" class=\"elementor-tab-title\" data-tab=\"4\" role=\"button\" aria-controls=\"elementor-tab-content-2084\" aria-expanded=\"false\">\n\t\t\t\t\t\t\t\t\t\t\t\t\t<span class=\"elementor-accordion-icon elementor-accordion-icon-left\" aria-hidden=\"true\">\n\t\t\t\t\t\t\t\t\t\t\t\t\t\t\t<span class=\"elementor-accordion-icon-closed\"><i class=\"fas fa-plus\"><\/i><\/span>\n\t\t\t\t\t\t\t\t<span class=\"elementor-accordion-icon-opened\"><i class=\"fas fa-minus\"><\/i><\/span>\n\t\t\t\t\t\t\t\t\t\t\t\t\t\t<\/span>\n\t\t\t\t\t\t\t\t\t\t\t\t<a class=\"elementor-accordion-title\" tabindex=\"0\">Gegenanzeigen<\/a>\n\t\t\t\t\t<\/div>\n\t\t\t\t\t<div id=\"elementor-tab-content-2084\" class=\"elementor-tab-content elementor-clearfix\" data-tab=\"4\" role=\"region\" aria-labelledby=\"elementor-tab-title-2084\"><\/div>\n\t\t\t\t<\/div>\n\t\t\t\t\t\t\t<div class=\"elementor-accordion-item\">\n\t\t\t\t\t<div id=\"elementor-tab-title-2085\" class=\"elementor-tab-title\" data-tab=\"5\" role=\"button\" aria-controls=\"elementor-tab-content-2085\" aria-expanded=\"false\">\n\t\t\t\t\t\t\t\t\t\t\t\t\t<span class=\"elementor-accordion-icon elementor-accordion-icon-left\" aria-hidden=\"true\">\n\t\t\t\t\t\t\t\t\t\t\t\t\t\t\t<span class=\"elementor-accordion-icon-closed\"><i class=\"fas fa-plus\"><\/i><\/span>\n\t\t\t\t\t\t\t\t<span class=\"elementor-accordion-icon-opened\"><i class=\"fas fa-minus\"><\/i><\/span>\n\t\t\t\t\t\t\t\t\t\t\t\t\t\t<\/span>\n\t\t\t\t\t\t\t\t\t\t\t\t<a class=\"elementor-accordion-title\" tabindex=\"0\">Vorsicht<\/a>\n\t\t\t\t\t<\/div>\n\t\t\t\t\t<div id=\"elementor-tab-content-2085\" class=\"elementor-tab-content elementor-clearfix\" data-tab=\"5\" role=\"region\" aria-labelledby=\"elementor-tab-title-2085\"><p class=\"translation-block\"><div class=\"su-spoiler-content su-u-clearfix su-u-trim\"><p><\/p>\n<p><span style=\"font-size: 14pt\">\u2013 F\u00fcr Kinder unzug\u00e4nglich aufbewahren. Bei Verschlucken medizinische Hilfe aufsuchen.<\/span><\/p>\n<p><span style=\"font-size: 14pt\">\u2013 Nicht auf Augen oder Mund anwenden.<\/span><\/p>\n<p><span style=\"font-size: 14pt\">\u2013 Nicht auf rissiger oder verletzter Haut anwenden.<\/span><\/p>\n<p><span style=\"font-size: 14pt\"><\/span><\/p><\/div><\/p>\n<\/div>\n\t\t\t\t<\/div>\n\t\t\t\t\t\t\t<div class=\"elementor-accordion-item\">\n\t\t\t\t\t<div id=\"elementor-tab-title-2086\" class=\"elementor-tab-title\" data-tab=\"6\" role=\"button\" aria-controls=\"elementor-tab-content-2086\" aria-expanded=\"false\">\n\t\t\t\t\t\t\t\t\t\t\t\t\t<span class=\"elementor-accordion-icon elementor-accordion-icon-left\" aria-hidden=\"true\">\n\t\t\t\t\t\t\t\t\t\t\t\t\t\t\t<span class=\"elementor-accordion-icon-closed\"><i class=\"fas fa-plus\"><\/i><\/span>\n\t\t\t\t\t\t\t\t<span class=\"elementor-accordion-icon-opened\"><i class=\"fas fa-minus\"><\/i><\/span>\n\t\t\t\t\t\t\t\t\t\t\t\t\t\t<\/span>\n\t\t\t\t\t\t\t\t\t\t\t\t<a class=\"elementor-accordion-title\" tabindex=\"0\">Lagendiagramm<\/a>\n\t\t\t\t\t<\/div>\n\t\t\t\t\t<div id=\"elementor-tab-content-2086\" class=\"elementor-tab-content elementor-clearfix\" data-tab=\"6\" role=\"region\" aria-labelledby=\"elementor-tab-title-2086\"><\/div>\n\t\t\t\t<\/div>\n\t\t\t\t\t\t\t<div class=\"elementor-accordion-item\">\n\t\t\t\t\t<div id=\"elementor-tab-title-2087\" class=\"elementor-tab-title\" data-tab=\"7\" role=\"button\" aria-controls=\"elementor-tab-content-2087\" aria-expanded=\"false\">\n\t\t\t\t\t\t\t\t\t\t\t\t\t<span class=\"elementor-accordion-icon elementor-accordion-icon-left\" aria-hidden=\"true\">\n\t\t\t\t\t\t\t\t\t\t\t\t\t\t\t<span class=\"elementor-accordion-icon-closed\"><i class=\"fas fa-plus\"><\/i><\/span>\n\t\t\t\t\t\t\t\t<span class=\"elementor-accordion-icon-opened\"><i class=\"fas fa-minus\"><\/i><\/span>\n\t\t\t\t\t\t\t\t\t\t\t\t\t\t<\/span>\n\t\t\t\t\t\t\t\t\t\t\t\t<a class=\"elementor-accordion-title\" tabindex=\"0\">H\u00e4ufigkeit der Verbandwechsel<\/a>\n\t\t\t\t\t<\/div>\n\t\t\t\t\t<div id=\"elementor-tab-content-2087\" class=\"elementor-tab-content elementor-clearfix\" data-tab=\"7\" role=\"region\" aria-labelledby=\"elementor-tab-title-2087\"><\/div>\n\t\t\t\t<\/div>\n\t\t\t\t\t\t\t<div class=\"elementor-accordion-item\">\n\t\t\t\t\t<div id=\"elementor-tab-title-2088\" class=\"elementor-tab-title\" data-tab=\"8\" role=\"button\" aria-controls=\"elementor-tab-content-2088\" aria-expanded=\"false\">\n\t\t\t\t\t\t\t\t\t\t\t\t\t<span class=\"elementor-accordion-icon elementor-accordion-icon-left\" aria-hidden=\"true\">\n\t\t\t\t\t\t\t\t\t\t\t\t\t\t\t<span class=\"elementor-accordion-icon-closed\"><i class=\"fas fa-plus\"><\/i><\/span>\n\t\t\t\t\t\t\t\t<span class=\"elementor-accordion-icon-opened\"><i class=\"fas fa-minus\"><\/i><\/span>\n\t\t\t\t\t\t\t\t\t\t\t\t\t\t<\/span>\n\t\t\t\t\t\t\t\t\t\t\t\t<a class=\"elementor-accordion-title\" tabindex=\"0\">Wie wirkt es?<\/a>\n\t\t\t\t\t<\/div>\n\t\t\t\t\t<div id=\"elementor-tab-content-2088\" class=\"elementor-tab-content elementor-clearfix\" data-tab=\"8\" role=\"region\" aria-labelledby=\"elementor-tab-title-2088\"><p><a href=\"https:\/\/pharmaplast-online.net\/wp-content\/uploads\/Wound_Care\/Products\/pharmaband_cool\/pharamband_cool_03.png\"><img decoding=\"async\" class=\"size-thumbnail wp-image-3892 alignright\" title=\"pharamband_cool_03\" src=\"https:\/\/pharmaplast-online.net\/wp-content\/uploads\/Wound_Care\/Products\/pharmaband_cool\/pharamband_cool_03-150x150.png\" alt=\"\" width=\"150\" height=\"150\" \/><\/a><\/p>\n<p>&nbsp;<\/p>\n<p>Kompressionsverband, getr\u00e4nkt mit einer speziell formulierten L\u00f6sung, die bei Kontakt mit der Haut verdunstet und so den Anwendungsbereich k\u00fchlt.<\/p>\n<p>Der K\u00fchlverband reduziert Schwellungen und bietet eine ausreichende K\u00fchlung, um die Behandlung wirksamer zu machen.<\/p>\n<\/div>\n\t\t\t\t<\/div>\n\t\t\t\t\t\t\t<div class=\"elementor-accordion-item\">\n\t\t\t\t\t<div id=\"elementor-tab-title-2089\" class=\"elementor-tab-title\" data-tab=\"9\" role=\"button\" aria-controls=\"elementor-tab-content-2089\" aria-expanded=\"false\">\n\t\t\t\t\t\t\t\t\t\t\t\t\t<span class=\"elementor-accordion-icon elementor-accordion-icon-left\" aria-hidden=\"true\">\n\t\t\t\t\t\t\t\t\t\t\t\t\t\t\t<span class=\"elementor-accordion-icon-closed\"><i class=\"fas fa-plus\"><\/i><\/span>\n\t\t\t\t\t\t\t\t<span class=\"elementor-accordion-icon-opened\"><i class=\"fas fa-minus\"><\/i><\/span>\n\t\t\t\t\t\t\t\t\t\t\t\t\t\t<\/span>\n\t\t\t\t\t\t\t\t\t\t\t\t<a class=\"elementor-accordion-title\" tabindex=\"0\">Dauer der Haltbarkeit<\/a>\n\t\t\t\t\t<\/div>\n\t\t\t\t\t<div id=\"elementor-tab-content-2089\" class=\"elementor-tab-content elementor-clearfix\" data-tab=\"9\" role=\"region\" aria-labelledby=\"elementor-tab-title-2089\"><\/div>\n\t\t\t\t<\/div>\n\t\t\t\t\t\t\t\t<\/div>\n\t\t\t\t\t\t<\/div>\n\t\t\t\t<\/div>\n\t\t\t\t\t<\/div>\n\t\t<\/div>\n\t\t\t\t\t<\/div>\n\t\t<\/section>\n\t\t\t\t<\/div>\n\t\t                        <\/div>\n                    <\/div>\n                                    <div class=\"tab-pane elementkit-tab-pane elementor-repeater-item-9b61f69\" id=\"content-9b61f6969e1a56b72732\" role=\"tabpanel\"\n                         aria-labelledby=\"content-9b61f6969e1a56b72732-tab\">\n                        <div class=\"animated fadeIn\">\n                            <p><span style=\"font-size: 14pt\">1- Verpackung \u00f6ffnen und den Verband mitsamt Inhalt aus der Verpackung nehmen.<\/span><\/p><p><span style=\"font-size: 14pt\">2- Den Verband leicht dehnen, w\u00e4hrend er um den betroffenen Bereich gewickelt wird.<\/span><\/p><p class=\"translation-block\"><span style=\"font-size: 14pt\">3- Den <strong>PharmaBand Cool <\/strong>Verband nicht abdecken, um die Luftzirkulation zu gew\u00e4hrleisten, da sonst die Leistung beeintr\u00e4chtigt wird.<\/span><\/p>                        <\/div>\n                    <\/div>\n                                    <div class=\"tab-pane elementkit-tab-pane elementor-repeater-item-23affad\" id=\"content-23affad69e1a56b72732\" role=\"tabpanel\"\n                         aria-labelledby=\"content-23affad69e1a56b72732-tab\">\n                        <div class=\"animated fadeIn\">\n                            <table><tbody><tr><td width=\"139\"><p><strong>PharmaBand Cool<\/strong><\/p><\/td><td width=\"137\"><p><strong>Sizes <\/strong><\/p><\/td><\/tr><tr><td width=\"139\"><p><strong>COOL753200<\/strong><\/p><\/td><td width=\"137\"><p><strong>7.5x320cm<\/strong><\/p><\/td><\/tr><tr><td width=\"139\"><p><strong>COOL1003200<\/strong><\/p><\/td><td width=\"137\"><p><strong>10x320cm<\/strong><\/p><\/td><\/tr><\/tbody><\/table>                        <\/div>\n                    <\/div>\n                                    <div class=\"tab-pane elementkit-tab-pane elementor-repeater-item-9882644\" id=\"content-988264469e1a56b72732\" role=\"tabpanel\"\n                         aria-labelledby=\"content-988264469e1a56b72732-tab\">\n                        <div class=\"animated fadeIn\">\n                            <p><a href=\"https:\/\/pharmaplast-online.net\/wp-content\/uploads\/2024\/10\/Pharamband-Cool-Brochure.pdf\">Pharamband Cool Brochure<\/a><\/p><p><img decoding=\"async\" class=\"alignnone wp-image-17145\" src=\"https:\/\/pharmaplast-online.net\/wp-content\/uploads\/2024\/10\/pdf_4726010-300x300.png\" alt=\"\" width=\"32\" height=\"32\" srcset=\"https:\/\/pharmaplast-online.net\/wp-content\/uploads\/2024\/10\/pdf_4726010-300x300.png 300w, https:\/\/pharmaplast-online.net\/wp-content\/uploads\/2024\/10\/pdf_4726010-150x150.png 150w, https:\/\/pharmaplast-online.net\/wp-content\/uploads\/2024\/10\/pdf_4726010-12x12.png 12w, https:\/\/pharmaplast-online.net\/wp-content\/uploads\/2024\/10\/pdf_4726010-24x24.png 24w, https:\/\/pharmaplast-online.net\/wp-content\/uploads\/2024\/10\/pdf_4726010-36x36.png 36w, https:\/\/pharmaplast-online.net\/wp-content\/uploads\/2024\/10\/pdf_4726010-48x48.png 48w, https:\/\/pharmaplast-online.net\/wp-content\/uploads\/2024\/10\/pdf_4726010-100x100.png 100w, https:\/\/pharmaplast-online.net\/wp-content\/uploads\/2024\/10\/pdf_4726010.png 512w\" sizes=\"(max-width: 32px) 100vw, 32px\" \/><\/p>                        <\/div>\n                    <\/div>\n                                \n            <\/div>\n                    <\/div>\n    <\/div>\t\t\t\t<\/div>\n\t\t\t\t<\/div>\n\t\t\t\t\t<\/div>\n\t\t<\/div>\n\t\t\t\t\t<\/div>\n\t\t<\/section>\n\t\t\t\t<\/div>","protected":false},"excerpt":{"rendered":"<p>Product Info How to Use Sizes &#038; Codes Downloads Product Info Description Features Indications Contraindications Precautions Layer diagram Frequency of Change How does it work? Shelf Life 1- Open the Pouch and take the bandage with its content out of the pouch. 2- Stretch the bandage slightly while wrapping it around the affected area. 3- [&hellip;]<\/p>\n","protected":false},"featured_media":16603,"comment_status":"open","ping_status":"closed","template":"","meta":[],"product_brand":[],"product_cat":[258,324,250,317,255],"product_tag":[],"class_list":{"0":"post-9603","1":"product","2":"type-product","3":"status-publish","4":"has-post-thumbnail","6":"product_cat-crepe","7":"product_cat-ice-cooling-bandages","8":"product_cat-medical-adhesive-tapes","9":"product_cat-pain-relief","10":"product_cat-sports-tapes","12":"first","13":"instock","14":"shipping-taxable","15":"product-type-simple"},"acf":[],"_links":{"self":[{"href":"https:\/\/pharmaplast-online.net\/de\/wp-json\/wp\/v2\/product\/9603","targetHints":{"allow":["GET"]}}],"collection":[{"href":"https:\/\/pharmaplast-online.net\/de\/wp-json\/wp\/v2\/product"}],"about":[{"href":"https:\/\/pharmaplast-online.net\/de\/wp-json\/wp\/v2\/types\/product"}],"replies":[{"embeddable":true,"href":"https:\/\/pharmaplast-online.net\/de\/wp-json\/wp\/v2\/comments?post=9603"}],"version-history":[{"count":21,"href":"https:\/\/pharmaplast-online.net\/de\/wp-json\/wp\/v2\/product\/9603\/revisions"}],"predecessor-version":[{"id":17423,"href":"https:\/\/pharmaplast-online.net\/de\/wp-json\/wp\/v2\/product\/9603\/revisions\/17423"}],"wp:featuredmedia":[{"embeddable":true,"href":"https:\/\/pharmaplast-online.net\/de\/wp-json\/wp\/v2\/media\/16603"}],"wp:attachment":[{"href":"https:\/\/pharmaplast-online.net\/de\/wp-json\/wp\/v2\/media?parent=9603"}],"wp:term":[{"taxonomy":"product_brand","embeddable":true,"href":"https:\/\/pharmaplast-online.net\/de\/wp-json\/wp\/v2\/product_brand?post=9603"},{"taxonomy":"product_cat","embeddable":true,"href":"https:\/\/pharmaplast-online.net\/de\/wp-json\/wp\/v2\/product_cat?post=9603"},{"taxonomy":"product_tag","embeddable":true,"href":"https:\/\/pharmaplast-online.net\/de\/wp-json\/wp\/v2\/product_tag?post=9603"}],"curies":[{"name":"wp","href":"https:\/\/api.w.org\/{rel}","templated":true}]}}