{"id":11105,"date":"2023-02-28T14:25:21","date_gmt":"2023-02-28T14:25:21","guid":{"rendered":"https:\/\/pharmaplast.mediagate-egy.com\/?post_type=product&#038;p=11105"},"modified":"2026-04-15T09:31:39","modified_gmt":"2026-04-15T09:31:39","slug":"espuma-gentle-transfer-2","status":"publish","type":"product","link":"https:\/\/pharmaplast-online.net\/es\/producto\/espuma-gentle-transfer-2\/","title":{"rendered":"ESPUMA\u00ae Gentle Transfer"},"content":{"rendered":"<div data-elementor-type=\"product-post\" data-elementor-id=\"11105\" class=\"elementor elementor-11105\" data-elementor-post-type=\"product\">\n\t\t\t\t\t\t<section class=\"elementor-section elementor-top-section elementor-element elementor-element-3f6c169 elementor-section-boxed elementor-section-height-default elementor-section-height-default qodef-elementor-content-no\" data-id=\"3f6c169\" data-element_type=\"section\" data-e-type=\"section\" data-settings=\"{&quot;ekit_has_onepagescroll_dot&quot;:&quot;yes&quot;}\">\n\t\t\t\t\t\t<div class=\"elementor-container elementor-column-gap-default\">\n\t\t\t\t\t<div class=\"elementor-column elementor-col-100 elementor-top-column elementor-element elementor-element-8213c36\" data-id=\"8213c36\" data-element_type=\"column\" data-e-type=\"column\">\n\t\t\t<div class=\"elementor-widget-wrap elementor-element-populated\">\n\t\t\t\t\t\t<div class=\"elementor-element elementor-element-a5f9dc3 elementor-widget elementor-widget-elementskit-simple-tab\" data-id=\"a5f9dc3\" data-element_type=\"widget\" data-e-type=\"widget\" data-settings=\"{&quot;ekit_we_effect_on&quot;:&quot;none&quot;}\" data-widget_type=\"elementskit-simple-tab.default\">\n\t\t\t\t<div class=\"elementor-widget-container\">\n\t\t\t\t\t<div class=\"ekit-wid-con\" >        <div class=\"elementkit-tab-wraper\">\n            <ul class=\"nav nav-tabs elementkit-tab-nav  elementskit-fullwidth-tab\">\n                                    <li class=\"elementkit-nav-item elementor-repeater-item-d0363a9\">\n                        <a class=\"elementkit-nav-link  active show left-pos\" id=\"content-d0363a969e5a50279369-tab\" data-ekit-handler-id=\"product-info\" data-ekit-toggle=\"tab\" data-target=\"#content-d0363a969e5a50279369\" href=\"#Content-d0363a969e5a50279369\"\n                            data-ekit-toggle-trigger=\"click\"\n                            aria-describedby=\"Content-d0363a969e5a50279369\">\n                            <span class=\"elementskit-tab-icon\"><\/span>                            <span class=\"elementskit-tab-title\">Informaci\u00f3n del Droducto<\/span>\n                        <\/a>\n                    <\/li>\n                                        <li class=\"elementkit-nav-item elementor-repeater-item-9b61f69\">\n                        <a class=\"elementkit-nav-link  left-pos\" id=\"content-9b61f6969e5a50279369-tab\" data-ekit-handler-id=\"how-to-use\" data-ekit-toggle=\"tab\" data-target=\"#content-9b61f6969e5a50279369\" href=\"#Content-9b61f6969e5a50279369\"\n                            data-ekit-toggle-trigger=\"click\"\n                            aria-describedby=\"Content-9b61f6969e5a50279369\">\n                            <span class=\"elementskit-tab-icon\"><\/span>                            <span class=\"elementskit-tab-title\">Instrucciones de uso:<\/span>\n                        <\/a>\n                    <\/li>\n                                        <li class=\"elementkit-nav-item elementor-repeater-item-23affad\">\n                        <a class=\"elementkit-nav-link  left-pos\" id=\"content-23affad69e5a50279369-tab\" data-ekit-handler-id=\"sizes-codes\" data-ekit-toggle=\"tab\" data-target=\"#content-23affad69e5a50279369\" href=\"#Content-23affad69e5a50279369\"\n                            data-ekit-toggle-trigger=\"click\"\n                            aria-describedby=\"Content-23affad69e5a50279369\">\n                            <span class=\"elementskit-tab-icon\"><\/span>                            <span class=\"elementskit-tab-title\">Sizes &amp; Codes<\/span>\n                        <\/a>\n                    <\/li>\n                                        <li class=\"elementkit-nav-item elementor-repeater-item-9882644\">\n                        <a class=\"elementkit-nav-link  left-pos\" id=\"content-988264469e5a50279369-tab\" data-ekit-handler-id=\"downloads\" data-ekit-toggle=\"tab\" data-target=\"#content-988264469e5a50279369\" href=\"#Content-988264469e5a50279369\"\n                            data-ekit-toggle-trigger=\"click\"\n                            aria-describedby=\"Content-988264469e5a50279369\">\n                            <span class=\"elementskit-tab-icon\"><\/span>                            <span class=\"elementskit-tab-title\">Descarga<\/span>\n                        <\/a>\n                    <\/li>\n                                <\/ul>\n\n            <div class=\"tab-content elementkit-tab-content\">\n                                    <div class=\"tab-pane elementkit-tab-pane elementor-repeater-item-d0363a9  active show\" id=\"content-d0363a969e5a50279369\" role=\"tabpanel\"\n                         aria-labelledby=\"content-d0363a969e5a50279369-tab\">\n                        <div class=\"animated fadeIn\">\n                            <h3>Informaci\u00f3n del Droducto<\/h3>\t\t<div data-elementor-type=\"section\" data-elementor-id=\"8585\" class=\"elementor elementor-8585\" data-elementor-post-type=\"elementor_library\">\n\t\t\t\t\t<section class=\"elementor-section elementor-top-section elementor-element elementor-element-3c9a5a4 elementor-section-boxed elementor-section-height-default elementor-section-height-default qodef-elementor-content-no\" data-id=\"3c9a5a4\" data-element_type=\"section\" data-e-type=\"section\" data-settings=\"{&quot;ekit_has_onepagescroll_dot&quot;:&quot;yes&quot;}\">\n\t\t\t\t\t\t<div class=\"elementor-container elementor-column-gap-default\">\n\t\t\t\t\t<div class=\"elementor-column elementor-col-100 elementor-top-column elementor-element elementor-element-8fd3e15\" data-id=\"8fd3e15\" data-element_type=\"column\" data-e-type=\"column\">\n\t\t\t<div class=\"elementor-widget-wrap elementor-element-populated\">\n\t\t\t\t\t\t<div class=\"elementor-element elementor-element-c6fd92e elementor-widget elementor-widget-accordion\" data-id=\"c6fd92e\" data-element_type=\"widget\" data-e-type=\"widget\" data-settings=\"{&quot;ekit_we_effect_on&quot;:&quot;none&quot;}\" data-widget_type=\"accordion.default\">\n\t\t\t\t<div class=\"elementor-widget-container\">\n\t\t\t\t\t\t\t<div class=\"elementor-accordion\">\n\t\t\t\t\t\t\t<div class=\"elementor-accordion-item\">\n\t\t\t\t\t<div id=\"elementor-tab-title-2081\" class=\"elementor-tab-title\" data-tab=\"1\" role=\"button\" aria-controls=\"elementor-tab-content-2081\" aria-expanded=\"false\">\n\t\t\t\t\t\t\t\t\t\t\t\t\t<span class=\"elementor-accordion-icon elementor-accordion-icon-left\" aria-hidden=\"true\">\n\t\t\t\t\t\t\t\t\t\t\t\t\t\t\t<span class=\"elementor-accordion-icon-closed\"><i class=\"fas fa-plus\"><\/i><\/span>\n\t\t\t\t\t\t\t\t<span class=\"elementor-accordion-icon-opened\"><i class=\"fas fa-minus\"><\/i><\/span>\n\t\t\t\t\t\t\t\t\t\t\t\t\t\t<\/span>\n\t\t\t\t\t\t\t\t\t\t\t\t<a class=\"elementor-accordion-title\" tabindex=\"0\">Descripci\u00f3n<\/a>\n\t\t\t\t\t<\/div>\n\t\t\t\t\t<div id=\"elementor-tab-content-2081\" class=\"elementor-tab-content elementor-clearfix\" data-tab=\"1\" role=\"region\" aria-labelledby=\"elementor-tab-title-2081\"><p><strong>ESPUMA<\/strong><strong>\u00ae GENTLE TRANSFER <\/strong>is composed of thin polyurethane foam layer, but without polyurethane top sheet, so that the dressing can transfer exudates away from the wound into a secondary absorbent dressing.<\/p>\n<\/div>\n\t\t\t\t<\/div>\n\t\t\t\t\t\t\t<div class=\"elementor-accordion-item\">\n\t\t\t\t\t<div id=\"elementor-tab-title-2082\" class=\"elementor-tab-title\" data-tab=\"2\" role=\"button\" aria-controls=\"elementor-tab-content-2082\" aria-expanded=\"false\">\n\t\t\t\t\t\t\t\t\t\t\t\t\t<span class=\"elementor-accordion-icon elementor-accordion-icon-left\" aria-hidden=\"true\">\n\t\t\t\t\t\t\t\t\t\t\t\t\t\t\t<span class=\"elementor-accordion-icon-closed\"><i class=\"fas fa-plus\"><\/i><\/span>\n\t\t\t\t\t\t\t\t<span class=\"elementor-accordion-icon-opened\"><i class=\"fas fa-minus\"><\/i><\/span>\n\t\t\t\t\t\t\t\t\t\t\t\t\t\t<\/span>\n\t\t\t\t\t\t\t\t\t\t\t\t<a class=\"elementor-accordion-title\" tabindex=\"0\">Beneficios<\/a>\n\t\t\t\t\t<\/div>\n\t\t\t\t\t<div id=\"elementor-tab-content-2082\" class=\"elementor-tab-content elementor-clearfix\" data-tab=\"2\" role=\"region\" aria-labelledby=\"elementor-tab-title-2082\"><p>&nbsp;<\/p>\n<p>&nbsp;<\/p>\n<\/div>\n\t\t\t\t<\/div>\n\t\t\t\t\t\t\t<div class=\"elementor-accordion-item\">\n\t\t\t\t\t<div id=\"elementor-tab-title-2083\" class=\"elementor-tab-title\" data-tab=\"3\" role=\"button\" aria-controls=\"elementor-tab-content-2083\" aria-expanded=\"false\">\n\t\t\t\t\t\t\t\t\t\t\t\t\t<span class=\"elementor-accordion-icon elementor-accordion-icon-left\" aria-hidden=\"true\">\n\t\t\t\t\t\t\t\t\t\t\t\t\t\t\t<span class=\"elementor-accordion-icon-closed\"><i class=\"fas fa-plus\"><\/i><\/span>\n\t\t\t\t\t\t\t\t<span class=\"elementor-accordion-icon-opened\"><i class=\"fas fa-minus\"><\/i><\/span>\n\t\t\t\t\t\t\t\t\t\t\t\t\t\t<\/span>\n\t\t\t\t\t\t\t\t\t\t\t\t<a class=\"elementor-accordion-title\" tabindex=\"0\">Uso Previsto<\/a>\n\t\t\t\t\t<\/div>\n\t\t\t\t\t<div id=\"elementor-tab-content-2083\" class=\"elementor-tab-content elementor-clearfix\" data-tab=\"3\" role=\"region\" aria-labelledby=\"elementor-tab-title-2083\"><ul>\n<li>Designed for a wide range of exuding and difficult-to-dress wounds.<\/li>\n<li>can also be used as a protective layer on non-exuding wounds and\/or large areas of fragile skin.<\/li>\n<li>can be used under compression.<\/li>\n<\/ul>\n<\/div>\n\t\t\t\t<\/div>\n\t\t\t\t\t\t\t<div class=\"elementor-accordion-item\">\n\t\t\t\t\t<div id=\"elementor-tab-title-2084\" class=\"elementor-tab-title\" data-tab=\"4\" role=\"button\" aria-controls=\"elementor-tab-content-2084\" aria-expanded=\"false\">\n\t\t\t\t\t\t\t\t\t\t\t\t\t<span class=\"elementor-accordion-icon elementor-accordion-icon-left\" aria-hidden=\"true\">\n\t\t\t\t\t\t\t\t\t\t\t\t\t\t\t<span class=\"elementor-accordion-icon-closed\"><i class=\"fas fa-plus\"><\/i><\/span>\n\t\t\t\t\t\t\t\t<span class=\"elementor-accordion-icon-opened\"><i class=\"fas fa-minus\"><\/i><\/span>\n\t\t\t\t\t\t\t\t\t\t\t\t\t\t<\/span>\n\t\t\t\t\t\t\t\t\t\t\t\t<a class=\"elementor-accordion-title\" tabindex=\"0\">Contraindicaciones<\/a>\n\t\t\t\t\t<\/div>\n\t\t\t\t\t<div id=\"elementor-tab-content-2084\" class=\"elementor-tab-content elementor-clearfix\" data-tab=\"4\" role=\"region\" aria-labelledby=\"elementor-tab-title-2084\"><p>- El ap\u00f3sito no debe utilizarse en pacientes con sensibilidad conocida a la silicona, al poliuretano o a cualquiera de los componentes del ap\u00f3sito.<\/p>\n<\/div>\n\t\t\t\t<\/div>\n\t\t\t\t\t\t\t<div class=\"elementor-accordion-item\">\n\t\t\t\t\t<div id=\"elementor-tab-title-2085\" class=\"elementor-tab-title\" data-tab=\"5\" role=\"button\" aria-controls=\"elementor-tab-content-2085\" aria-expanded=\"false\">\n\t\t\t\t\t\t\t\t\t\t\t\t\t<span class=\"elementor-accordion-icon elementor-accordion-icon-left\" aria-hidden=\"true\">\n\t\t\t\t\t\t\t\t\t\t\t\t\t\t\t<span class=\"elementor-accordion-icon-closed\"><i class=\"fas fa-plus\"><\/i><\/span>\n\t\t\t\t\t\t\t\t<span class=\"elementor-accordion-icon-opened\"><i class=\"fas fa-minus\"><\/i><\/span>\n\t\t\t\t\t\t\t\t\t\t\t\t\t\t<\/span>\n\t\t\t\t\t\t\t\t\t\t\t\t<a class=\"elementor-accordion-title\" tabindex=\"0\">Precauciones<\/a>\n\t\t\t\t\t<\/div>\n\t\t\t\t\t<div id=\"elementor-tab-content-2085\" class=\"elementor-tab-content elementor-clearfix\" data-tab=\"5\" role=\"region\" aria-labelledby=\"elementor-tab-title-2085\"><ul>\n<li>-\tEl ap\u00f3sito s\u00f3lo puede utilizarse en heridas infectadas bajo el cuidado de un profesional de la salud.<\/li>\n<li>-\tLa reutilizaci\u00f3n puede provocar un mayor riesgo de infecci\u00f3n o contaminaci\u00f3n cruzada.<\/li>\n<li><strong><em>Silicone Hydrocellular Dressings<\/em><\/strong> -\tAp\u00f3sitos hidrocelulares de siliconaNo debe utilizarse con agentes oxidantes como soluci\u00f3n de hipoclorito o per\u00f3xido de hidr\u00f3geno, ya que estos agentes pueden descomponer el componente de poliuretano absorbente del ap\u00f3sito.<\/li>\n<li>-\tSe debe suspender el uso del dispositivo si aparecen signos de desprendimiento de la piel.<\/li>\n<li>-\tEn caso de signos de infecci\u00f3n cl\u00ednica, consulte a un profesional de la salud para recibir el tratamiento adecuado.<\/li>\n<li>-\tEl uso de ap\u00f3sitos como parte de una terapia profil\u00e1ctica no excluye la necesidad de seguir desarrollando y siguiendo un protocolo integral de prevenci\u00f3n de lesiones por presi\u00f3n, es decir, superficies de apoyo, posicionamiento, nutrici\u00f3n, hidrataci\u00f3n, cuidado de la piel y movilidad.<\/li>\n<li>-\tSe debe tener cuidado al utilizar el ap\u00f3sito debajo de dispositivos m\u00e9dicos cerca de la nariz y la boca, donde puede acumularse humedad y afectar la adherencia, provocando el movimiento del ap\u00f3sito.<\/li>\n<li>-\tLos pacientes con Epiderm\u00f3lisis Bullosa requieren un manejo especial y deben ser manejados por especialistas en atenci\u00f3n m\u00e9dica en centros de salud especializados.<\/li>\n<li>-\tLos tama\u00f1os de tac\u00f3n no deben utilizarse para aliviar la presi\u00f3n independientemente de los dispositivos de alivio de presi\u00f3n.<\/li>\n<li>-\tPara minimizar el riesgo de una posible infecci\u00f3n o contaminaci\u00f3n ambiental, la eliminaci\u00f3n del dispositivo m\u00e9dico debe seguir los procedimientos de eliminaci\u00f3n de acuerdo con las leyes locales aplicables.<\/li>\n<\/ul>\n<\/div>\n\t\t\t\t<\/div>\n\t\t\t\t\t\t\t<div class=\"elementor-accordion-item\">\n\t\t\t\t\t<div id=\"elementor-tab-title-2086\" class=\"elementor-tab-title\" data-tab=\"6\" role=\"button\" aria-controls=\"elementor-tab-content-2086\" aria-expanded=\"false\">\n\t\t\t\t\t\t\t\t\t\t\t\t\t<span class=\"elementor-accordion-icon elementor-accordion-icon-left\" aria-hidden=\"true\">\n\t\t\t\t\t\t\t\t\t\t\t\t\t\t\t<span class=\"elementor-accordion-icon-closed\"><i class=\"fas fa-plus\"><\/i><\/span>\n\t\t\t\t\t\t\t\t<span class=\"elementor-accordion-icon-opened\"><i class=\"fas fa-minus\"><\/i><\/span>\n\t\t\t\t\t\t\t\t\t\t\t\t\t\t<\/span>\n\t\t\t\t\t\t\t\t\t\t\t\t<a class=\"elementor-accordion-title\" tabindex=\"0\">Diagrama de capas<\/a>\n\t\t\t\t\t<\/div>\n\t\t\t\t\t<div id=\"elementor-tab-content-2086\" class=\"elementor-tab-content elementor-clearfix\" data-tab=\"6\" role=\"region\" aria-labelledby=\"elementor-tab-title-2086\"><\/div>\n\t\t\t\t<\/div>\n\t\t\t\t\t\t\t<div class=\"elementor-accordion-item\">\n\t\t\t\t\t<div id=\"elementor-tab-title-2087\" class=\"elementor-tab-title\" data-tab=\"7\" role=\"button\" aria-controls=\"elementor-tab-content-2087\" aria-expanded=\"false\">\n\t\t\t\t\t\t\t\t\t\t\t\t\t<span class=\"elementor-accordion-icon elementor-accordion-icon-left\" aria-hidden=\"true\">\n\t\t\t\t\t\t\t\t\t\t\t\t\t\t\t<span class=\"elementor-accordion-icon-closed\"><i class=\"fas fa-plus\"><\/i><\/span>\n\t\t\t\t\t\t\t\t<span class=\"elementor-accordion-icon-opened\"><i class=\"fas fa-minus\"><\/i><\/span>\n\t\t\t\t\t\t\t\t\t\t\t\t\t\t<\/span>\n\t\t\t\t\t\t\t\t\t\t\t\t<a class=\"elementor-accordion-title\" tabindex=\"0\">Frecuencia de cambio del ap\u00f3sito<\/a>\n\t\t\t\t\t<\/div>\n\t\t\t\t\t<div id=\"elementor-tab-content-2087\" class=\"elementor-tab-content elementor-clearfix\" data-tab=\"7\" role=\"region\" aria-labelledby=\"elementor-tab-title-2087\"><\/div>\n\t\t\t\t<\/div>\n\t\t\t\t\t\t\t<div class=\"elementor-accordion-item\">\n\t\t\t\t\t<div id=\"elementor-tab-title-2088\" class=\"elementor-tab-title\" data-tab=\"8\" role=\"button\" aria-controls=\"elementor-tab-content-2088\" aria-expanded=\"false\">\n\t\t\t\t\t\t\t\t\t\t\t\t\t<span class=\"elementor-accordion-icon elementor-accordion-icon-left\" aria-hidden=\"true\">\n\t\t\t\t\t\t\t\t\t\t\t\t\t\t\t<span class=\"elementor-accordion-icon-closed\"><i class=\"fas fa-plus\"><\/i><\/span>\n\t\t\t\t\t\t\t\t<span class=\"elementor-accordion-icon-opened\"><i class=\"fas fa-minus\"><\/i><\/span>\n\t\t\t\t\t\t\t\t\t\t\t\t\t\t<\/span>\n\t\t\t\t\t\t\t\t\t\t\t\t<a class=\"elementor-accordion-title\" tabindex=\"0\">How does it work?<\/a>\n\t\t\t\t\t<\/div>\n\t\t\t\t\t<div id=\"elementor-tab-content-2088\" class=\"elementor-tab-content elementor-clearfix\" data-tab=\"8\" role=\"region\" aria-labelledby=\"elementor-tab-title-2088\"><p class=\"translation-block\">Los ap\u00f3sitos de silicona blanda est\u00e1n recubiertos con una capa de silicona blanda hidrof\u00f3bica y pegajosa al tacto. Estos ap\u00f3sitos no se adhieren al lecho h\u00famedo de la herida, sino que se adhieren suavemente a la piel circundante.\nEst\u00e1n dise\u00f1ados para minimizar el trauma al retirarlos y no dejan residuos adhesivos en la piel.<\/p>\n<p>- Los ap\u00f3sitos de espuma est\u00e1n hechos de una base de poliuretano y son permeables tanto a los gases como al vapor de agua.\nSus propiedades hidr\u00f3filas les confieren una alta capacidad de absorci\u00f3n y, al mismo tiempo, proporcionan aislamiento t\u00e9rmico. Los ap\u00f3sitos de espuma tambi\u00e9n proporcionan una acci\u00f3n amortiguadora que permite aliviar la presi\u00f3n en pacientes sometidos a largos periodos de hospitalizaci\u00f3n.\nEsto crea una indicaci\u00f3n profil\u00e1ctica para las \u00falceras por presi\u00f3n.<\/p>\n<\/div>\n\t\t\t\t<\/div>\n\t\t\t\t\t\t\t<div class=\"elementor-accordion-item\">\n\t\t\t\t\t<div id=\"elementor-tab-title-2089\" class=\"elementor-tab-title\" data-tab=\"9\" role=\"button\" aria-controls=\"elementor-tab-content-2089\" aria-expanded=\"false\">\n\t\t\t\t\t\t\t\t\t\t\t\t\t<span class=\"elementor-accordion-icon elementor-accordion-icon-left\" aria-hidden=\"true\">\n\t\t\t\t\t\t\t\t\t\t\t\t\t\t\t<span class=\"elementor-accordion-icon-closed\"><i class=\"fas fa-plus\"><\/i><\/span>\n\t\t\t\t\t\t\t\t<span class=\"elementor-accordion-icon-opened\"><i class=\"fas fa-minus\"><\/i><\/span>\n\t\t\t\t\t\t\t\t\t\t\t\t\t\t<\/span>\n\t\t\t\t\t\t\t\t\t\t\t\t<a class=\"elementor-accordion-title\" tabindex=\"0\">Shelf Life<\/a>\n\t\t\t\t\t<\/div>\n\t\t\t\t\t<div id=\"elementor-tab-content-2089\" class=\"elementor-tab-content elementor-clearfix\" data-tab=\"9\" role=\"region\" aria-labelledby=\"elementor-tab-title-2089\"><p>3 Years<\/p>\n<\/div>\n\t\t\t\t<\/div>\n\t\t\t\t\t\t\t\t<\/div>\n\t\t\t\t\t\t<\/div>\n\t\t\t\t<\/div>\n\t\t\t\t\t<\/div>\n\t\t<\/div>\n\t\t\t\t\t<\/div>\n\t\t<\/section>\n\t\t\t\t<\/div>\n\t\t                        <\/div>\n                    <\/div>\n                                    <div class=\"tab-pane elementkit-tab-pane elementor-repeater-item-9b61f69\" id=\"content-9b61f6969e5a50279369\" role=\"tabpanel\"\n                         aria-labelledby=\"content-9b61f6969e5a50279369-tab\">\n                        <div class=\"animated fadeIn\">\n                            <p>1. Limpiar la herida seg\u00fan los protocolos cl\u00ednicos locales.<br \/>2. Seleccionar un tama\u00f1o de ap\u00f3sito adecuado que solape el margen de la herida al menos dos centimetros.<br \/>3. Retirar el ap\u00f3sito est\u00e9ril del paquete utilizando una t\u00e9cnica as\u00e9ptica.<br \/><strong>Para variantes con borde no adhesivo:<\/strong><br \/>1. Pueden cortarse variantes con borde no adhesivo para que se adapten a \u00e1reas diticiles. Cuando se utilice en terapia de compresi\u00f3n, el ap\u00f3sito debe cortarse al tama\u00f1o de la herida.<br \/>2. Debe retirarse el recubrimiento protector y colocar el ap\u00f3sito en el lugar de la herida.<br \/>3. Debe utilizarse un ap\u00f3sito con pel\u00edcula secundaria o un vendaje ajustado para fijar el ap\u00f3sito en su lugar.<br \/>4. Para retirar el ap\u00f3sito, levante suavemente las esquinas del ap\u00f3sito de la herida.<\/p><p>5.<strong>ESPUMA\u00ae Gentle Transfer<\/strong>Para ESPUMA\u00ae Gentle Transfer, fijar con un ap\u00f3sito absorbente secundario.<\/p><p><img decoding=\"async\" class=\"aligncenter wp-image-20799 size-full\" src=\"https:\/\/pharmaplast-online.net\/wp-content\/uploads\/2025\/06\/espuma-gente.png\" alt=\"\" width=\"550\" height=\"86\" srcset=\"https:\/\/pharmaplast-online.net\/wp-content\/uploads\/2025\/06\/espuma-gente.png 550w, https:\/\/pharmaplast-online.net\/wp-content\/uploads\/2025\/06\/espuma-gente-300x47.png 300w, https:\/\/pharmaplast-online.net\/wp-content\/uploads\/2025\/06\/espuma-gente-18x3.png 18w, https:\/\/pharmaplast-online.net\/wp-content\/uploads\/2025\/06\/espuma-gente-24x4.png 24w, https:\/\/pharmaplast-online.net\/wp-content\/uploads\/2025\/06\/espuma-gente-36x6.png 36w, https:\/\/pharmaplast-online.net\/wp-content\/uploads\/2025\/06\/espuma-gente-48x8.png 48w\" sizes=\"(max-width: 550px) 100vw, 550px\" \/><\/p>                        <\/div>\n                    <\/div>\n                                    <div class=\"tab-pane elementkit-tab-pane elementor-repeater-item-23affad\" id=\"content-23affad69e5a50279369\" role=\"tabpanel\"\n                         aria-labelledby=\"content-23affad69e5a50279369-tab\">\n                        <div class=\"animated fadeIn\">\n                            <table><tbody><tr><td width=\"232\"><p><strong><em>Espuma\u00ae Gentle Transfer<\/em><\/strong><\/p><\/td><td width=\"133\"><p><strong>Size<\/strong><\/p><\/td><td width=\"108\"><p><strong>Pieces\/Case<\/strong><\/p><\/td><td width=\"102\"><p><strong>Boxes\/Case <\/strong><\/p><\/td><\/tr><tr><td width=\"232\"><p>ESPGT7575<\/p><\/td><td width=\"133\"><p>75&#215;75 mm<\/p><\/td><td width=\"108\"><p>10<\/p><\/td><td width=\"102\"><p>48<\/p><\/td><\/tr><tr><td width=\"232\"><p>ESPGT75100<\/p><\/td><td width=\"133\"><p>75&#215;100 mm<\/p><\/td><td width=\"108\"><p>10<\/p><\/td><td width=\"102\"><p>48<\/p><\/td><\/tr><tr><td width=\"232\"><p>ESPGT100100<\/p><\/td><td width=\"133\"><p>100&#215;100 mm<\/p><\/td><td width=\"108\"><p>10<\/p><\/td><td width=\"102\"><p>48<\/p><\/td><\/tr><tr><td width=\"232\"><p>ESPGT150150<\/p><\/td><td width=\"133\"><p>100&#215;150 mm<\/p><\/td><td width=\"108\"><p>5<\/p><\/td><td width=\"102\"><p>24<\/p><\/td><\/tr><tr><td width=\"232\"><p>ESPGT100200<\/p><\/td><td width=\"133\"><p>100&#215;200 mm<\/p><\/td><td width=\"108\"><p>5<\/p><\/td><td width=\"102\"><p>24<\/p><\/td><\/tr><tr><td width=\"232\"><p>ESPGT100250<\/p><\/td><td width=\"133\"><p>100&#215;250 mm<\/p><\/td><td width=\"108\"><p>5<\/p><\/td><td width=\"102\"><p>24<\/p><\/td><\/tr><\/tbody><\/table><p>Hay otros tama\u00f1os disponibles bajo pedido.<\/p><p>\u00a0<\/p>                        <\/div>\n                    <\/div>\n                                    <div class=\"tab-pane elementkit-tab-pane elementor-repeater-item-9882644\" id=\"content-988264469e5a50279369\" role=\"tabpanel\"\n                         aria-labelledby=\"content-988264469e5a50279369-tab\">\n                        <div class=\"animated fadeIn\">\n                            <p><a href=\"https:\/\/pharmaplast-online.net\/wp-content\/uploads\/2026\/04\/new_Silicone-Hydrocellular-Dressings-issue-2-07042026.pdf\">Espuma Gentle Family Brochure<\/a>\u00a0<\/p><p><img decoding=\"async\" class=\"alignnone wp-image-20471\" src=\"https:\/\/pharmaplast-online.net\/wp-content\/uploads\/2025\/06\/broucher-300x105.png\" alt=\"\" width=\"148\" height=\"52\" srcset=\"https:\/\/pharmaplast-online.net\/wp-content\/uploads\/2025\/06\/broucher-300x105.png 300w, https:\/\/pharmaplast-online.net\/wp-content\/uploads\/2025\/06\/broucher-18x6.png 18w, https:\/\/pharmaplast-online.net\/wp-content\/uploads\/2025\/06\/broucher-24x8.png 24w, https:\/\/pharmaplast-online.net\/wp-content\/uploads\/2025\/06\/broucher-36x13.png 36w, https:\/\/pharmaplast-online.net\/wp-content\/uploads\/2025\/06\/broucher-48x17.png 48w, https:\/\/pharmaplast-online.net\/wp-content\/uploads\/2025\/06\/broucher-600x211.png 600w, https:\/\/pharmaplast-online.net\/wp-content\/uploads\/2025\/06\/broucher.png 640w\" sizes=\"(max-width: 148px) 100vw, 148px\" \/><\/p>                        <\/div>\n                    <\/div>\n                                \n            <\/div>\n                    <\/div>\n    <\/div>\t\t\t\t<\/div>\n\t\t\t\t<\/div>\n\t\t\t\t\t<\/div>\n\t\t<\/div>\n\t\t\t\t\t<\/div>\n\t\t<\/section>\n\t\t\t\t<\/div>","protected":false},"excerpt":{"rendered":"<p>Thin polyurethane foam layer, but without polyurethane top sheet.<\/p>","protected":false},"featured_media":17163,"comment_status":"open","ping_status":"closed","template":"","meta":[],"product_brand":[],"product_cat":[187,202,204,214,213],"product_tag":[],"class_list":{"0":"post-11105","1":"product","2":"type-product","3":"status-publish","4":"has-post-thumbnail","6":"product_cat-advanced-wound-care","7":"product_cat-foams","8":"product_cat-silicone-adhesive-foams","9":"product_cat-silicone-adhesive-foams-soft-silicone","10":"product_cat-soft-silicone","12":"first","13":"instock","14":"shipping-taxable","15":"product-type-simple"},"acf":[],"_links":{"self":[{"href":"https:\/\/pharmaplast-online.net\/es\/wp-json\/wp\/v2\/product\/11105","targetHints":{"allow":["GET"]}}],"collection":[{"href":"https:\/\/pharmaplast-online.net\/es\/wp-json\/wp\/v2\/product"}],"about":[{"href":"https:\/\/pharmaplast-online.net\/es\/wp-json\/wp\/v2\/types\/product"}],"replies":[{"embeddable":true,"href":"https:\/\/pharmaplast-online.net\/es\/wp-json\/wp\/v2\/comments?post=11105"}],"version-history":[{"count":59,"href":"https:\/\/pharmaplast-online.net\/es\/wp-json\/wp\/v2\/product\/11105\/revisions"}],"predecessor-version":[{"id":24621,"href":"https:\/\/pharmaplast-online.net\/es\/wp-json\/wp\/v2\/product\/11105\/revisions\/24621"}],"wp:featuredmedia":[{"embeddable":true,"href":"https:\/\/pharmaplast-online.net\/es\/wp-json\/wp\/v2\/media\/17163"}],"wp:attachment":[{"href":"https:\/\/pharmaplast-online.net\/es\/wp-json\/wp\/v2\/media?parent=11105"}],"wp:term":[{"taxonomy":"product_brand","embeddable":true,"href":"https:\/\/pharmaplast-online.net\/es\/wp-json\/wp\/v2\/product_brand?post=11105"},{"taxonomy":"product_cat","embeddable":true,"href":"https:\/\/pharmaplast-online.net\/es\/wp-json\/wp\/v2\/product_cat?post=11105"},{"taxonomy":"product_tag","embeddable":true,"href":"https:\/\/pharmaplast-online.net\/es\/wp-json\/wp\/v2\/product_tag?post=11105"}],"curies":[{"name":"wp","href":"https:\/\/api.w.org\/{rel}","templated":true}]}}