{"id":7801,"date":"2022-12-15T11:24:14","date_gmt":"2022-12-15T11:24:14","guid":{"rendered":"https:\/\/pharmaplast.mediagate-egy.com\/?post_type=product&#038;p=7801"},"modified":"2025-10-23T20:45:25","modified_gmt":"2025-10-23T20:45:25","slug":"pharmapore-ultra-exsorb","status":"publish","type":"product","link":"https:\/\/pharmaplast-online.net\/es\/producto\/pharmapore-ultra-exsorb\/","title":{"rendered":"Pharmapore \u00ae Ultra eXsorb"},"content":{"rendered":"<div data-elementor-type=\"wp-post\" data-elementor-id=\"7801\" class=\"elementor elementor-7801\" data-elementor-post-type=\"product\">\n\t\t\t\t\t\t<section class=\"elementor-section elementor-top-section elementor-element elementor-element-d70f91c elementor-section-boxed elementor-section-height-default elementor-section-height-default qodef-elementor-content-no\" data-id=\"d70f91c\" data-element_type=\"section\" data-e-type=\"section\" data-settings=\"{&quot;ekit_has_onepagescroll_dot&quot;:&quot;yes&quot;}\">\n\t\t\t\t\t\t<div class=\"elementor-container elementor-column-gap-default\">\n\t\t\t\t\t<div class=\"elementor-column elementor-col-100 elementor-top-column elementor-element elementor-element-e42a342\" data-id=\"e42a342\" data-element_type=\"column\" data-e-type=\"column\">\n\t\t\t<div class=\"elementor-widget-wrap elementor-element-populated\">\n\t\t\t\t\t\t<div class=\"elementor-element elementor-element-dec0ebd elementor-widget elementor-widget-elementskit-simple-tab\" data-id=\"dec0ebd\" data-element_type=\"widget\" data-e-type=\"widget\" data-settings=\"{&quot;ekit_we_effect_on&quot;:&quot;none&quot;}\" data-widget_type=\"elementskit-simple-tab.default\">\n\t\t\t\t<div class=\"elementor-widget-container\">\n\t\t\t\t\t<div class=\"ekit-wid-con\" >        <div class=\"elementkit-tab-wraper\">\n            <ul class=\"nav nav-tabs elementkit-tab-nav  elementskit-fullwidth-tab\">\n                                    <li class=\"elementkit-nav-item elementor-repeater-item-d0363a9\">\n                        <a class=\"elementkit-nav-link  active show left-pos\" id=\"content-d0363a969f2cacec7f41-tab\" data-ekit-handler-id=\"product-info\" data-ekit-toggle=\"tab\" data-target=\"#content-d0363a969f2cacec7f41\" href=\"#Content-d0363a969f2cacec7f41\"\n                            data-ekit-toggle-trigger=\"click\"\n                            aria-describedby=\"Content-d0363a969f2cacec7f41\">\n                            <span class=\"elementskit-tab-icon\"><\/span>                            <span class=\"elementskit-tab-title\">Informaci\u00f3n del Droducto<\/span>\n                        <\/a>\n                    <\/li>\n                                        <li class=\"elementkit-nav-item elementor-repeater-item-9b61f69\">\n                        <a class=\"elementkit-nav-link  left-pos\" id=\"content-9b61f6969f2cacec7f41-tab\" data-ekit-handler-id=\"how-to-use\" data-ekit-toggle=\"tab\" data-target=\"#content-9b61f6969f2cacec7f41\" href=\"#Content-9b61f6969f2cacec7f41\"\n                            data-ekit-toggle-trigger=\"click\"\n                            aria-describedby=\"Content-9b61f6969f2cacec7f41\">\n                            <span class=\"elementskit-tab-icon\"><\/span>                            <span class=\"elementskit-tab-title\">Instrucciones de uso:<\/span>\n                        <\/a>\n                    <\/li>\n                                        <li class=\"elementkit-nav-item elementor-repeater-item-23affad\">\n                        <a class=\"elementkit-nav-link  left-pos\" id=\"content-23affad69f2cacec7f41-tab\" data-ekit-handler-id=\"sizes-codes\" data-ekit-toggle=\"tab\" data-target=\"#content-23affad69f2cacec7f41\" href=\"#Content-23affad69f2cacec7f41\"\n                            data-ekit-toggle-trigger=\"click\"\n                            aria-describedby=\"Content-23affad69f2cacec7f41\">\n                            <span class=\"elementskit-tab-icon\"><\/span>                            <span class=\"elementskit-tab-title\">Sizes &amp; Codes<\/span>\n                        <\/a>\n                    <\/li>\n                                        <li class=\"elementkit-nav-item elementor-repeater-item-9c5665d\">\n                        <a class=\"elementkit-nav-link  left-pos\" id=\"content-9c5665d69f2cacec7f41-tab\" data-ekit-handler-id=\"downloads\" data-ekit-toggle=\"tab\" data-target=\"#content-9c5665d69f2cacec7f41\" href=\"#Content-9c5665d69f2cacec7f41\"\n                            data-ekit-toggle-trigger=\"click\"\n                            aria-describedby=\"Content-9c5665d69f2cacec7f41\">\n                            <span class=\"elementskit-tab-icon\"><\/span>                            <span class=\"elementskit-tab-title\">Descarga<\/span>\n                        <\/a>\n                    <\/li>\n                                <\/ul>\n\n            <div class=\"tab-content elementkit-tab-content\">\n                                    <div class=\"tab-pane elementkit-tab-pane elementor-repeater-item-d0363a9  active show\" id=\"content-d0363a969f2cacec7f41\" role=\"tabpanel\"\n                         aria-labelledby=\"content-d0363a969f2cacec7f41-tab\">\n                        <div class=\"animated fadeIn\">\n                            <h3>Informaci\u00f3n del Droducto<\/h3>\t\t<div data-elementor-type=\"section\" data-elementor-id=\"8585\" class=\"elementor elementor-8585\" data-elementor-post-type=\"elementor_library\">\n\t\t\t\t\t<section class=\"elementor-section elementor-top-section elementor-element elementor-element-3c9a5a4 elementor-section-boxed elementor-section-height-default elementor-section-height-default qodef-elementor-content-no\" data-id=\"3c9a5a4\" data-element_type=\"section\" data-e-type=\"section\" data-settings=\"{&quot;ekit_has_onepagescroll_dot&quot;:&quot;yes&quot;}\">\n\t\t\t\t\t\t<div class=\"elementor-container elementor-column-gap-default\">\n\t\t\t\t\t<div class=\"elementor-column elementor-col-100 elementor-top-column elementor-element elementor-element-8fd3e15\" data-id=\"8fd3e15\" data-element_type=\"column\" data-e-type=\"column\">\n\t\t\t<div class=\"elementor-widget-wrap elementor-element-populated\">\n\t\t\t\t\t\t<div class=\"elementor-element elementor-element-c6fd92e elementor-widget elementor-widget-accordion\" data-id=\"c6fd92e\" data-element_type=\"widget\" data-e-type=\"widget\" data-settings=\"{&quot;ekit_we_effect_on&quot;:&quot;none&quot;}\" data-widget_type=\"accordion.default\">\n\t\t\t\t<div class=\"elementor-widget-container\">\n\t\t\t\t\t\t\t<div class=\"elementor-accordion\">\n\t\t\t\t\t\t\t<div class=\"elementor-accordion-item\">\n\t\t\t\t\t<div id=\"elementor-tab-title-2081\" class=\"elementor-tab-title\" data-tab=\"1\" role=\"button\" aria-controls=\"elementor-tab-content-2081\" aria-expanded=\"false\">\n\t\t\t\t\t\t\t\t\t\t\t\t\t<span class=\"elementor-accordion-icon elementor-accordion-icon-left\" aria-hidden=\"true\">\n\t\t\t\t\t\t\t\t\t\t\t\t\t\t\t<span class=\"elementor-accordion-icon-closed\"><i class=\"fas fa-plus\"><\/i><\/span>\n\t\t\t\t\t\t\t\t<span class=\"elementor-accordion-icon-opened\"><i class=\"fas fa-minus\"><\/i><\/span>\n\t\t\t\t\t\t\t\t\t\t\t\t\t\t<\/span>\n\t\t\t\t\t\t\t\t\t\t\t\t<a class=\"elementor-accordion-title\" tabindex=\"0\">Descripci\u00f3n<\/a>\n\t\t\t\t\t<\/div>\n\t\t\t\t\t<div id=\"elementor-tab-content-2081\" class=\"elementor-tab-content elementor-clearfix\" data-tab=\"1\" role=\"region\" aria-labelledby=\"elementor-tab-title-2081\"><p><strong>Pharmapore \u00ae Ultra eXsorb<\/strong> The pad is placed centrally on a nonwoven backing material laminated to breathable, virus-proof, bacteria-proof and waterproof polyurethane film.<\/p>\n<p>eXsorb\u00ae  es un ap\u00f3sito primario para heridas fabricado con una mezcla superabsorbente de fibras de acr\u00edlico y viscosa, termolaminado y con una red de PE de baja adherencia.<\/p>\n<p>El ap\u00f3sito absorbe e interact\u00faa con los exudados de la herida para formar un gel suave, hidrof\u00edlico y permeable al aire que proporciona la humedad que precisa la herida para su cicatrizaci\u00f3n.<\/p>\n<\/div>\n\t\t\t\t<\/div>\n\t\t\t\t\t\t\t<div class=\"elementor-accordion-item\">\n\t\t\t\t\t<div id=\"elementor-tab-title-2082\" class=\"elementor-tab-title\" data-tab=\"2\" role=\"button\" aria-controls=\"elementor-tab-content-2082\" aria-expanded=\"false\">\n\t\t\t\t\t\t\t\t\t\t\t\t\t<span class=\"elementor-accordion-icon elementor-accordion-icon-left\" aria-hidden=\"true\">\n\t\t\t\t\t\t\t\t\t\t\t\t\t\t\t<span class=\"elementor-accordion-icon-closed\"><i class=\"fas fa-plus\"><\/i><\/span>\n\t\t\t\t\t\t\t\t<span class=\"elementor-accordion-icon-opened\"><i class=\"fas fa-minus\"><\/i><\/span>\n\t\t\t\t\t\t\t\t\t\t\t\t\t\t<\/span>\n\t\t\t\t\t\t\t\t\t\t\t\t<a class=\"elementor-accordion-title\" tabindex=\"0\">Beneficios<\/a>\n\t\t\t\t\t<\/div>\n\t\t\t\t\t<div id=\"elementor-tab-content-2082\" class=\"elementor-tab-content elementor-clearfix\" data-tab=\"2\" role=\"region\" aria-labelledby=\"elementor-tab-title-2082\"><ol>\n<li><span style=\"font-size: medium\">Puede absorber y atrapar 30\u00a0veces su peso en sangre y l\u00edquido.<\/span><\/li>\n<li><span style=\"font-size: medium\">La almohadilla puede absorber r\u00e1pidamente los exudados de la herida y formar un gel. Los exudados quedan atrapados en el interior del ap\u00f3sito, fuera del alcance de la herida y la piel adyacente; de esta manera se evita la maceraci\u00f3n y retiene la humedad de la superficie que facilita la cicatrizaci\u00f3n.<\/span><\/li>\n<li><span style=\"font-size: medium\">La almohadilla puede mantener los exudados absorbidos incluso bajo presi\u00f3n.<\/span><\/li>\n<li><span style=\"font-size: medium\">La gran absorbencia permite un menor n\u00famero de cambios del ap\u00f3sito, con lo que no se altera sobremanera el fr\u00e1gil lecho de la herida.<\/span><\/li>\n<li><span style=\"font-size: medium\">La almohadilla suave y sedosa que est\u00e1 en contacto con la herida ofrece un efecto protector.<\/span><\/li>\n<li><span style=\"font-size: medium\">Retirada del ap\u00f3sito indolora y sin traumatismo.<\/span><\/li>\n<li><span style=\"font-size: medium\">La presencia de la red de PE como capa de contacto con la herida permite una absorci\u00f3n r\u00e1pida y controlada de los exudados ligeros.<\/span><\/li>\n<\/ol>\n<\/div>\n\t\t\t\t<\/div>\n\t\t\t\t\t\t\t<div class=\"elementor-accordion-item\">\n\t\t\t\t\t<div id=\"elementor-tab-title-2083\" class=\"elementor-tab-title\" data-tab=\"3\" role=\"button\" aria-controls=\"elementor-tab-content-2083\" aria-expanded=\"false\">\n\t\t\t\t\t\t\t\t\t\t\t\t\t<span class=\"elementor-accordion-icon elementor-accordion-icon-left\" aria-hidden=\"true\">\n\t\t\t\t\t\t\t\t\t\t\t\t\t\t\t<span class=\"elementor-accordion-icon-closed\"><i class=\"fas fa-plus\"><\/i><\/span>\n\t\t\t\t\t\t\t\t<span class=\"elementor-accordion-icon-opened\"><i class=\"fas fa-minus\"><\/i><\/span>\n\t\t\t\t\t\t\t\t\t\t\t\t\t\t<\/span>\n\t\t\t\t\t\t\t\t\t\t\t\t<a class=\"elementor-accordion-title\" tabindex=\"0\">Uso Previsto<\/a>\n\t\t\t\t\t<\/div>\n\t\t\t\t\t<div id=\"elementor-tab-content-2083\" class=\"elementor-tab-content elementor-clearfix\" data-tab=\"3\" role=\"region\" aria-labelledby=\"elementor-tab-title-2083\"><p>\u00dalceras de piernas, \u00falceras por presi\u00f3n, \u00falceras diab\u00e9ticas, quemaduras superficiales de segundo grado y heridas posoperatorias.<\/p>\n<\/div>\n\t\t\t\t<\/div>\n\t\t\t\t\t\t\t<div class=\"elementor-accordion-item\">\n\t\t\t\t\t<div id=\"elementor-tab-title-2084\" class=\"elementor-tab-title\" data-tab=\"4\" role=\"button\" aria-controls=\"elementor-tab-content-2084\" aria-expanded=\"false\">\n\t\t\t\t\t\t\t\t\t\t\t\t\t<span class=\"elementor-accordion-icon elementor-accordion-icon-left\" aria-hidden=\"true\">\n\t\t\t\t\t\t\t\t\t\t\t\t\t\t\t<span class=\"elementor-accordion-icon-closed\"><i class=\"fas fa-plus\"><\/i><\/span>\n\t\t\t\t\t\t\t\t<span class=\"elementor-accordion-icon-opened\"><i class=\"fas fa-minus\"><\/i><\/span>\n\t\t\t\t\t\t\t\t\t\t\t\t\t\t<\/span>\n\t\t\t\t\t\t\t\t\t\t\t\t<a class=\"elementor-accordion-title\" tabindex=\"0\">Contraindicaciones<\/a>\n\t\t\t\t\t<\/div>\n\t\t\t\t\t<div id=\"elementor-tab-content-2084\" class=\"elementor-tab-content elementor-clearfix\" data-tab=\"4\" role=\"region\" aria-labelledby=\"elementor-tab-title-2084\"><p>\u2022 No utilizar en ojos, membranas mucosas o tendones, debido al riesgo de deshidrataci\u00f3n.<br \/>\n\u2022 No utilizar en cavidades o senos, dado que el ap\u00f3sito se hinchar\u00e1 durante la absorci\u00f3n.<br \/>\n\u2022 No utilizar en heridas secas o de exudado leve, ya que la capacidad absorbente puede hacer que el ap\u00f3sito que se pegue a la herida o que la herida se seque y duela.<br \/>\n\u2022 No utilizar en pacientes con alergia conocida a sustancias acr\u00edlicas.<br \/>\n\u2022 No utilizar como esponja quir\u00fargica ni para lograr la hemostasis en heridas de sangrado abundante.<br \/>\n\u2022 No utilizar en heridas infectadas, a menos que se haga bajo supervisi\u00f3n m\u00e9dica.<\/p>\n<\/div>\n\t\t\t\t<\/div>\n\t\t\t\t\t\t\t<div class=\"elementor-accordion-item\">\n\t\t\t\t\t<div id=\"elementor-tab-title-2085\" class=\"elementor-tab-title\" data-tab=\"5\" role=\"button\" aria-controls=\"elementor-tab-content-2085\" aria-expanded=\"false\">\n\t\t\t\t\t\t\t\t\t\t\t\t\t<span class=\"elementor-accordion-icon elementor-accordion-icon-left\" aria-hidden=\"true\">\n\t\t\t\t\t\t\t\t\t\t\t\t\t\t\t<span class=\"elementor-accordion-icon-closed\"><i class=\"fas fa-plus\"><\/i><\/span>\n\t\t\t\t\t\t\t\t<span class=\"elementor-accordion-icon-opened\"><i class=\"fas fa-minus\"><\/i><\/span>\n\t\t\t\t\t\t\t\t\t\t\t\t\t\t<\/span>\n\t\t\t\t\t\t\t\t\t\t\t\t<a class=\"elementor-accordion-title\" tabindex=\"0\">Precauciones<\/a>\n\t\t\t\t\t<\/div>\n\t\t\t\t\t<div id=\"elementor-tab-content-2085\" class=\"elementor-tab-content elementor-clearfix\" data-tab=\"5\" role=\"region\" aria-labelledby=\"elementor-tab-title-2085\"><ul>\n<li>Para un solo uso \u00fanicamente. Su reutilizaci\u00f3n causar\u00e1 una contaminaci\u00f3n cruzada.<\/li>\n<li>Desechar el producto como residuo contaminado.<\/li>\n<\/ul>\n<\/div>\n\t\t\t\t<\/div>\n\t\t\t\t\t\t\t<div class=\"elementor-accordion-item\">\n\t\t\t\t\t<div id=\"elementor-tab-title-2086\" class=\"elementor-tab-title\" data-tab=\"6\" role=\"button\" aria-controls=\"elementor-tab-content-2086\" aria-expanded=\"false\">\n\t\t\t\t\t\t\t\t\t\t\t\t\t<span class=\"elementor-accordion-icon elementor-accordion-icon-left\" aria-hidden=\"true\">\n\t\t\t\t\t\t\t\t\t\t\t\t\t\t\t<span class=\"elementor-accordion-icon-closed\"><i class=\"fas fa-plus\"><\/i><\/span>\n\t\t\t\t\t\t\t\t<span class=\"elementor-accordion-icon-opened\"><i class=\"fas fa-minus\"><\/i><\/span>\n\t\t\t\t\t\t\t\t\t\t\t\t\t\t<\/span>\n\t\t\t\t\t\t\t\t\t\t\t\t<a class=\"elementor-accordion-title\" tabindex=\"0\">Diagrama de capas<\/a>\n\t\t\t\t\t<\/div>\n\t\t\t\t\t<div id=\"elementor-tab-content-2086\" class=\"elementor-tab-content elementor-clearfix\" data-tab=\"6\" role=\"region\" aria-labelledby=\"elementor-tab-title-2086\"><\/div>\n\t\t\t\t<\/div>\n\t\t\t\t\t\t\t<div class=\"elementor-accordion-item\">\n\t\t\t\t\t<div id=\"elementor-tab-title-2087\" class=\"elementor-tab-title\" data-tab=\"7\" role=\"button\" aria-controls=\"elementor-tab-content-2087\" aria-expanded=\"false\">\n\t\t\t\t\t\t\t\t\t\t\t\t\t<span class=\"elementor-accordion-icon elementor-accordion-icon-left\" aria-hidden=\"true\">\n\t\t\t\t\t\t\t\t\t\t\t\t\t\t\t<span class=\"elementor-accordion-icon-closed\"><i class=\"fas fa-plus\"><\/i><\/span>\n\t\t\t\t\t\t\t\t<span class=\"elementor-accordion-icon-opened\"><i class=\"fas fa-minus\"><\/i><\/span>\n\t\t\t\t\t\t\t\t\t\t\t\t\t\t<\/span>\n\t\t\t\t\t\t\t\t\t\t\t\t<a class=\"elementor-accordion-title\" tabindex=\"0\">Frecuencia de cambio del ap\u00f3sito<\/a>\n\t\t\t\t\t<\/div>\n\t\t\t\t\t<div id=\"elementor-tab-content-2087\" class=\"elementor-tab-content elementor-clearfix\" data-tab=\"7\" role=\"region\" aria-labelledby=\"elementor-tab-title-2087\"><\/div>\n\t\t\t\t<\/div>\n\t\t\t\t\t\t\t<div class=\"elementor-accordion-item\">\n\t\t\t\t\t<div id=\"elementor-tab-title-2088\" class=\"elementor-tab-title\" data-tab=\"8\" role=\"button\" aria-controls=\"elementor-tab-content-2088\" aria-expanded=\"false\">\n\t\t\t\t\t\t\t\t\t\t\t\t\t<span class=\"elementor-accordion-icon elementor-accordion-icon-left\" aria-hidden=\"true\">\n\t\t\t\t\t\t\t\t\t\t\t\t\t\t\t<span class=\"elementor-accordion-icon-closed\"><i class=\"fas fa-plus\"><\/i><\/span>\n\t\t\t\t\t\t\t\t<span class=\"elementor-accordion-icon-opened\"><i class=\"fas fa-minus\"><\/i><\/span>\n\t\t\t\t\t\t\t\t\t\t\t\t\t\t<\/span>\n\t\t\t\t\t\t\t\t\t\t\t\t<a class=\"elementor-accordion-title\" tabindex=\"0\">How does it work?<\/a>\n\t\t\t\t\t<\/div>\n\t\t\t\t\t<div id=\"elementor-tab-content-2088\" class=\"elementor-tab-content elementor-clearfix\" data-tab=\"8\" role=\"region\" aria-labelledby=\"elementor-tab-title-2088\"><\/div>\n\t\t\t\t<\/div>\n\t\t\t\t\t\t\t<div class=\"elementor-accordion-item\">\n\t\t\t\t\t<div id=\"elementor-tab-title-2089\" class=\"elementor-tab-title\" data-tab=\"9\" role=\"button\" aria-controls=\"elementor-tab-content-2089\" aria-expanded=\"false\">\n\t\t\t\t\t\t\t\t\t\t\t\t\t<span class=\"elementor-accordion-icon elementor-accordion-icon-left\" aria-hidden=\"true\">\n\t\t\t\t\t\t\t\t\t\t\t\t\t\t\t<span class=\"elementor-accordion-icon-closed\"><i class=\"fas fa-plus\"><\/i><\/span>\n\t\t\t\t\t\t\t\t<span class=\"elementor-accordion-icon-opened\"><i class=\"fas fa-minus\"><\/i><\/span>\n\t\t\t\t\t\t\t\t\t\t\t\t\t\t<\/span>\n\t\t\t\t\t\t\t\t\t\t\t\t<a class=\"elementor-accordion-title\" tabindex=\"0\">Shelf Life<\/a>\n\t\t\t\t\t<\/div>\n\t\t\t\t\t<div id=\"elementor-tab-content-2089\" class=\"elementor-tab-content elementor-clearfix\" data-tab=\"9\" role=\"region\" aria-labelledby=\"elementor-tab-title-2089\"><\/div>\n\t\t\t\t<\/div>\n\t\t\t\t\t\t\t\t<\/div>\n\t\t\t\t\t\t<\/div>\n\t\t\t\t<\/div>\n\t\t\t\t\t<\/div>\n\t\t<\/div>\n\t\t\t\t\t<\/div>\n\t\t<\/section>\n\t\t\t\t<\/div>\n\t\t                        <\/div>\n                    <\/div>\n                                    <div class=\"tab-pane elementkit-tab-pane elementor-repeater-item-9b61f69\" id=\"content-9b61f6969f2cacec7f41\" role=\"tabpanel\"\n                         aria-labelledby=\"content-9b61f6969f2cacec7f41-tab\">\n                        <div class=\"animated fadeIn\">\n                            <p class=\"translation-block\">1. Limpie la herida seg\u00fan los procedimientos habituales y, a continuaci\u00f3n, abra la bolsa.\n2. Retire las pesta\u00f1as para exponer la superficie adhesiva.\n3. Coloque el ap\u00f3sito en el lugar de la herida.\n4. En el caso de ap\u00f3sitos Island Dressings con sistema de aplicaci\u00f3n de marco o papel de soporte, retire lentamente el marco o el papel de soporte mientras presiona y alisa el borde de la pel\u00edcula para garantizar una buena adhesi\u00f3n.<\/p><p><img fetchpriority=\"high\" decoding=\"async\" class=\"aligncenter wp-image-21110 size-full\" src=\"https:\/\/pharmaplast-online.net\/wp-content\/uploads\/2025\/06\/IFU-29.png\" alt=\"\" width=\"826\" height=\"141\" srcset=\"https:\/\/pharmaplast-online.net\/wp-content\/uploads\/2025\/06\/IFU-29.png 826w, https:\/\/pharmaplast-online.net\/wp-content\/uploads\/2025\/06\/IFU-29-300x51.png 300w, https:\/\/pharmaplast-online.net\/wp-content\/uploads\/2025\/06\/IFU-29-768x131.png 768w, https:\/\/pharmaplast-online.net\/wp-content\/uploads\/2025\/06\/IFU-29-18x3.png 18w, https:\/\/pharmaplast-online.net\/wp-content\/uploads\/2025\/06\/IFU-29-24x4.png 24w, https:\/\/pharmaplast-online.net\/wp-content\/uploads\/2025\/06\/IFU-29-36x6.png 36w, https:\/\/pharmaplast-online.net\/wp-content\/uploads\/2025\/06\/IFU-29-48x8.png 48w, https:\/\/pharmaplast-online.net\/wp-content\/uploads\/2025\/06\/IFU-29-600x102.png 600w\" sizes=\"(max-width: 826px) 100vw, 826px\" \/><\/p>                        <\/div>\n                    <\/div>\n                                    <div class=\"tab-pane elementkit-tab-pane elementor-repeater-item-23affad\" id=\"content-23affad69f2cacec7f41\" role=\"tabpanel\"\n                         aria-labelledby=\"content-23affad69f2cacec7f41-tab\">\n                        <div class=\"animated fadeIn\">\n                            <table><tbody><tr><td width=\"186\"><p><strong>Pharmapore<\/strong><strong>\u00ae<\/strong><strong> Ultra eXsorb<\/strong><\/p><\/td><td width=\"105\"><p><strong>Size<\/strong><\/p><\/td><td width=\"126\"><p><strong>Pieces\/Case<\/strong><\/p><\/td><td width=\"144\"><p><strong>Boxes\/Case <\/strong><\/p><\/td><\/tr><tr><td width=\"186\"><p>POREUEX5070<\/p><\/td><td width=\"105\"><p>5x7cm<\/p><\/td><td width=\"126\"><p>10<\/p><\/td><td width=\"144\"><p>48<\/p><\/td><\/tr><tr><td width=\"186\"><p>POREUEX6070<\/p><\/td><td width=\"105\"><p>6x7cm<\/p><\/td><td width=\"126\"><p>10<\/p><\/td><td width=\"144\"><p>48<\/p><\/td><\/tr><tr><td width=\"186\"><p>POREUEX6080<\/p><\/td><td width=\"105\"><p>6x8cm<\/p><\/td><td width=\"126\"><p>10<\/p><\/td><td width=\"144\"><p>48<\/p><\/td><\/tr><tr><td width=\"186\"><p>POREUEX5090<\/p><\/td><td width=\"105\"><p>5x9cm<\/p><\/td><td width=\"126\"><p>10<\/p><\/td><td width=\"144\"><p>48<\/p><\/td><\/tr><tr><td width=\"186\"><p>POREUEX6083<\/p><\/td><td width=\"105\"><p>6&#215;8.3cm<\/p><\/td><td width=\"126\"><p>10<\/p><\/td><td width=\"144\"><p>48<\/p><\/td><\/tr><tr><td width=\"186\"><p>POREUEX50100<\/p><\/td><td width=\"105\"><p>5x10cm<\/p><\/td><td width=\"126\"><p>10<\/p><\/td><td width=\"144\"><p>48<\/p><\/td><\/tr><tr><td width=\"186\"><p>POREUEX6082<\/p><\/td><td width=\"105\"><p>6&#215;8.25cm<\/p><\/td><td width=\"126\"><p>10<\/p><\/td><td width=\"144\"><p>48<\/p><\/td><\/tr><tr><td width=\"186\"><p>POREUEX6085<\/p><\/td><td width=\"105\"><p>6&#215;8.5cm<\/p><\/td><td width=\"126\"><p>10<\/p><\/td><td width=\"144\"><p>48<\/p><\/td><\/tr><\/tbody><\/table><p>Hay otros tama\u00f1os disponibles bajo pedido.<\/p>                        <\/div>\n                    <\/div>\n                                    <div class=\"tab-pane elementkit-tab-pane elementor-repeater-item-9c5665d\" id=\"content-9c5665d69f2cacec7f41\" role=\"tabpanel\"\n                         aria-labelledby=\"content-9c5665d69f2cacec7f41-tab\">\n                        <div class=\"animated fadeIn\">\n                            <p><a href=\"https:\/\/pharmaplast-online.net\/wp-content\/uploads\/2024\/10\/eXsorb-and-eXsorb-Carbon-Brochure.pdf\">eXsorb and eXsorb Carbon Brochure<\/a><\/p><p><img decoding=\"async\" class=\"alignnone wp-image-20471\" src=\"https:\/\/pharmaplast-online.net\/wp-content\/uploads\/2025\/06\/broucher-300x105.png\" alt=\"\" width=\"154\" height=\"54\" srcset=\"https:\/\/pharmaplast-online.net\/wp-content\/uploads\/2025\/06\/broucher-300x105.png 300w, https:\/\/pharmaplast-online.net\/wp-content\/uploads\/2025\/06\/broucher-18x6.png 18w, https:\/\/pharmaplast-online.net\/wp-content\/uploads\/2025\/06\/broucher-24x8.png 24w, https:\/\/pharmaplast-online.net\/wp-content\/uploads\/2025\/06\/broucher-36x13.png 36w, https:\/\/pharmaplast-online.net\/wp-content\/uploads\/2025\/06\/broucher-48x17.png 48w, https:\/\/pharmaplast-online.net\/wp-content\/uploads\/2025\/06\/broucher-600x211.png 600w, https:\/\/pharmaplast-online.net\/wp-content\/uploads\/2025\/06\/broucher.png 640w\" sizes=\"(max-width: 154px) 100vw, 154px\" \/><\/p>                        <\/div>\n                    <\/div>\n                                \n            <\/div>\n                    <\/div>\n    <\/div>\t\t\t\t<\/div>\n\t\t\t\t<\/div>\n\t\t\t\t\t<\/div>\n\t\t<\/div>\n\t\t\t\t\t<\/div>\n\t\t<\/section>\n\t\t\t\t<\/div>","protected":false},"excerpt":{"rendered":"<p>Ap\u00f3sito impermeable con almohadilla superabsorbente<\/p>","protected":false},"featured_media":21090,"comment_status":"open","ping_status":"closed","template":"","meta":[],"product_brand":[],"product_cat":[226,224,223],"product_tag":[],"class_list":{"0":"post-7801","1":"product","2":"type-product","3":"status-publish","4":"has-post-thumbnail","6":"product_cat-extra-absorbent","7":"product_cat-post-op-dressings-surgical-dressings","8":"product_cat-surgical-dressings","9":"new","11":"first","12":"instock","13":"shipping-taxable","14":"product-type-simple"},"acf":[],"_links":{"self":[{"href":"https:\/\/pharmaplast-online.net\/es\/wp-json\/wp\/v2\/product\/7801","targetHints":{"allow":["GET"]}}],"collection":[{"href":"https:\/\/pharmaplast-online.net\/es\/wp-json\/wp\/v2\/product"}],"about":[{"href":"https:\/\/pharmaplast-online.net\/es\/wp-json\/wp\/v2\/types\/product"}],"replies":[{"embeddable":true,"href":"https:\/\/pharmaplast-online.net\/es\/wp-json\/wp\/v2\/comments?post=7801"}],"version-history":[{"count":18,"href":"https:\/\/pharmaplast-online.net\/es\/wp-json\/wp\/v2\/product\/7801\/revisions"}],"predecessor-version":[{"id":23386,"href":"https:\/\/pharmaplast-online.net\/es\/wp-json\/wp\/v2\/product\/7801\/revisions\/23386"}],"wp:featuredmedia":[{"embeddable":true,"href":"https:\/\/pharmaplast-online.net\/es\/wp-json\/wp\/v2\/media\/21090"}],"wp:attachment":[{"href":"https:\/\/pharmaplast-online.net\/es\/wp-json\/wp\/v2\/media?parent=7801"}],"wp:term":[{"taxonomy":"product_brand","embeddable":true,"href":"https:\/\/pharmaplast-online.net\/es\/wp-json\/wp\/v2\/product_brand?post=7801"},{"taxonomy":"product_cat","embeddable":true,"href":"https:\/\/pharmaplast-online.net\/es\/wp-json\/wp\/v2\/product_cat?post=7801"},{"taxonomy":"product_tag","embeddable":true,"href":"https:\/\/pharmaplast-online.net\/es\/wp-json\/wp\/v2\/product_tag?post=7801"}],"curies":[{"name":"wp","href":"https:\/\/api.w.org\/{rel}","templated":true}]}}