{"id":8042,"date":"2022-12-19T10:31:05","date_gmt":"2022-12-19T10:31:05","guid":{"rendered":"https:\/\/pharmaplast.mediagate-egy.com\/?post_type=product&#038;p=8042"},"modified":"2025-06-17T18:01:40","modified_gmt":"2025-06-17T18:01:40","slug":"espuma-ag-non-adhesive","status":"publish","type":"product","link":"https:\/\/pharmaplast-online.net\/fr\/produit\/espuma-ag-non-adhesive\/","title":{"rendered":"<span style=\"font-size: medium\">Les pansements <strong>ESPUMA\u00ae Ag Non-Adhesive<\/strong> ne doivent pas \u00eatre appliqu\u00e9s sur des plaies atteignant les os ou les muscles.<\/span>"},"content":{"rendered":"<div data-elementor-type=\"wp-post\" data-elementor-id=\"8042\" class=\"elementor elementor-8042\" data-elementor-post-type=\"product\">\n\t\t\t\t\t\t<section class=\"elementor-section elementor-top-section elementor-element elementor-element-d47e90c elementor-section-boxed elementor-section-height-default elementor-section-height-default qodef-elementor-content-no\" data-id=\"d47e90c\" data-element_type=\"section\" data-e-type=\"section\" data-settings=\"{&quot;ekit_has_onepagescroll_dot&quot;:&quot;yes&quot;}\">\n\t\t\t\t\t\t<div class=\"elementor-container elementor-column-gap-default\">\n\t\t\t\t\t<div class=\"elementor-column elementor-col-100 elementor-top-column elementor-element elementor-element-17e099c\" data-id=\"17e099c\" data-element_type=\"column\" data-e-type=\"column\">\n\t\t\t<div class=\"elementor-widget-wrap elementor-element-populated\">\n\t\t\t\t\t\t<div class=\"elementor-element elementor-element-4356230 elementor-widget elementor-widget-elementskit-simple-tab\" data-id=\"4356230\" data-element_type=\"widget\" data-e-type=\"widget\" data-settings=\"{&quot;ekit_we_effect_on&quot;:&quot;none&quot;}\" data-widget_type=\"elementskit-simple-tab.default\">\n\t\t\t\t<div class=\"elementor-widget-container\">\n\t\t\t\t\t<div class=\"ekit-wid-con\" >        <div class=\"elementkit-tab-wraper\">\n            <ul class=\"nav nav-tabs elementkit-tab-nav  elementskit-fullwidth-tab\">\n                                    <li class=\"elementkit-nav-item elementor-repeater-item-d0363a9\">\n                        <a class=\"elementkit-nav-link  active show left-pos\" id=\"content-d0363a969e1cdf45e6e4-tab\" data-ekit-handler-id=\"product-info\" data-ekit-toggle=\"tab\" data-target=\"#content-d0363a969e1cdf45e6e4\" href=\"#Content-d0363a969e1cdf45e6e4\"\n                            data-ekit-toggle-trigger=\"click\"\n                            aria-describedby=\"Content-d0363a969e1cdf45e6e4\">\n                            <span class=\"elementskit-tab-icon\"><\/span>                            <span class=\"elementskit-tab-title\">Informations Sur Le Produit<\/span>\n                        <\/a>\n                    <\/li>\n                                        <li class=\"elementkit-nav-item elementor-repeater-item-9b61f69\">\n                        <a class=\"elementkit-nav-link  left-pos\" id=\"content-9b61f6969e1cdf45e6e4-tab\" data-ekit-handler-id=\"how-to-use\" data-ekit-toggle=\"tab\" data-target=\"#content-9b61f6969e1cdf45e6e4\" href=\"#Content-9b61f6969e1cdf45e6e4\"\n                            data-ekit-toggle-trigger=\"click\"\n                            aria-describedby=\"Content-9b61f6969e1cdf45e6e4\">\n                            <span class=\"elementskit-tab-icon\"><\/span>                            <span class=\"elementskit-tab-title\">Consignes D\u2019utilisation<\/span>\n                        <\/a>\n                    <\/li>\n                                        <li class=\"elementkit-nav-item elementor-repeater-item-0415b93\">\n                        <a class=\"elementkit-nav-link  left-pos\" id=\"content-0415b9369e1cdf45e6e4-tab\" data-ekit-handler-id=\"size-and-codes\" data-ekit-toggle=\"tab\" data-target=\"#content-0415b9369e1cdf45e6e4\" href=\"#Content-0415b9369e1cdf45e6e4\"\n                            data-ekit-toggle-trigger=\"click\"\n                            aria-describedby=\"Content-0415b9369e1cdf45e6e4\">\n                            <span class=\"elementskit-tab-icon\"><\/span>                            <span class=\"elementskit-tab-title\">Tailles et Codes<\/span>\n                        <\/a>\n                    <\/li>\n                                        <li class=\"elementkit-nav-item elementor-repeater-item-72a341e\">\n                        <a class=\"elementkit-nav-link  left-pos\" id=\"content-72a341e69e1cdf45e6e4-tab\" data-ekit-handler-id=\"downloads\" data-ekit-toggle=\"tab\" data-target=\"#content-72a341e69e1cdf45e6e4\" href=\"#Content-72a341e69e1cdf45e6e4\"\n                            data-ekit-toggle-trigger=\"click\"\n                            aria-describedby=\"Content-72a341e69e1cdf45e6e4\">\n                            <span class=\"elementskit-tab-icon\"><\/span>                            <span class=\"elementskit-tab-title\">T\u00e9l\u00e9chargement<\/span>\n                        <\/a>\n                    <\/li>\n                                <\/ul>\n\n            <div class=\"tab-content elementkit-tab-content\">\n                                    <div class=\"tab-pane elementkit-tab-pane elementor-repeater-item-d0363a9  active show\" id=\"content-d0363a969e1cdf45e6e4\" role=\"tabpanel\"\n                         aria-labelledby=\"content-d0363a969e1cdf45e6e4-tab\">\n                        <div class=\"animated fadeIn\">\n                            <h3>Informations Sur Le Produit<\/h3>\t\t<div data-elementor-type=\"section\" data-elementor-id=\"8585\" class=\"elementor elementor-8585\" data-elementor-post-type=\"elementor_library\">\n\t\t\t\t\t<section class=\"elementor-section elementor-top-section elementor-element elementor-element-3c9a5a4 elementor-section-boxed elementor-section-height-default elementor-section-height-default qodef-elementor-content-no\" data-id=\"3c9a5a4\" data-element_type=\"section\" data-e-type=\"section\" data-settings=\"{&quot;ekit_has_onepagescroll_dot&quot;:&quot;yes&quot;}\">\n\t\t\t\t\t\t<div class=\"elementor-container elementor-column-gap-default\">\n\t\t\t\t\t<div class=\"elementor-column elementor-col-100 elementor-top-column elementor-element elementor-element-8fd3e15\" data-id=\"8fd3e15\" data-element_type=\"column\" data-e-type=\"column\">\n\t\t\t<div class=\"elementor-widget-wrap elementor-element-populated\">\n\t\t\t\t\t\t<div class=\"elementor-element elementor-element-c6fd92e elementor-widget elementor-widget-accordion\" data-id=\"c6fd92e\" data-element_type=\"widget\" data-e-type=\"widget\" data-settings=\"{&quot;ekit_we_effect_on&quot;:&quot;none&quot;}\" data-widget_type=\"accordion.default\">\n\t\t\t\t<div class=\"elementor-widget-container\">\n\t\t\t\t\t\t\t<div class=\"elementor-accordion\">\n\t\t\t\t\t\t\t<div class=\"elementor-accordion-item\">\n\t\t\t\t\t<div id=\"elementor-tab-title-2081\" class=\"elementor-tab-title\" data-tab=\"1\" role=\"button\" aria-controls=\"elementor-tab-content-2081\" aria-expanded=\"false\">\n\t\t\t\t\t\t\t\t\t\t\t\t\t<span class=\"elementor-accordion-icon elementor-accordion-icon-left\" aria-hidden=\"true\">\n\t\t\t\t\t\t\t\t\t\t\t\t\t\t\t<span class=\"elementor-accordion-icon-closed\"><i class=\"fas fa-plus\"><\/i><\/span>\n\t\t\t\t\t\t\t\t<span class=\"elementor-accordion-icon-opened\"><i class=\"fas fa-minus\"><\/i><\/span>\n\t\t\t\t\t\t\t\t\t\t\t\t\t\t<\/span>\n\t\t\t\t\t\t\t\t\t\t\t\t<a class=\"elementor-accordion-title\" tabindex=\"0\">Description<\/a>\n\t\t\t\t\t<\/div>\n\t\t\t\t\t<div id=\"elementor-tab-content-2081\" class=\"elementor-tab-content elementor-clearfix\" data-tab=\"1\" role=\"region\" aria-labelledby=\"elementor-tab-title-2081\"><div class=\"su-spoiler su-spoiler-style-default su-spoiler-icon-plus\" data-scroll-offset=\"0\" data-anchor-in-url=\"no\">\n<div class=\"su-spoiler-content su-u-clearfix su-u-trim\">\n<p class=\"translation-block\"><div class=\"su-spoiler-content su-u-clearfix su-u-trim\">\n<p><span style=\"font-size: medium\"><strong>ESPUMA\u00ae Ag Non-Adhesive : <\/strong>a&nbsp; une structure tri-lamin\u00e9e en mousse polyur\u00e9thane, molle, \u00e9paisse et \u00e9lastique ins\u00e9r\u00e9e entre une couche en polyur\u00e9thane externe respirant et une couche en polyur\u00e9thane perfor\u00e9 en contact avec la plaie.<\/span><\/p>\n<p><span style=\"font-size: medium\">La maille d\u2019argent agit comme une barri\u00e8re antimicrobienne qui emp\u00eache la colonisation sur le pansement et augmente ainsi la dur\u00e9e d\u2019utilisation et produit un effet prophylactique contre l\u2019infection en cas de plaies \u00e0 risque d\u2019infection \u00e9lev\u00e9.<\/span><\/p>\n<\/div><\/p>\n<\/div>\n<\/div>\n<div class=\"su-accordion su-u-trim\">\n<div class=\"su-spoiler su-spoiler-style-default su-spoiler-icon-plus su-spoiler-closed\" data-scroll-offset=\"0\" data-anchor-in-url=\"no\">\n<div class=\"su-spoiler-title\" role=\"button\"><\/div>\n<\/div>\n<\/div>\n<\/div>\n\t\t\t\t<\/div>\n\t\t\t\t\t\t\t<div class=\"elementor-accordion-item\">\n\t\t\t\t\t<div id=\"elementor-tab-title-2082\" class=\"elementor-tab-title\" data-tab=\"2\" role=\"button\" aria-controls=\"elementor-tab-content-2082\" aria-expanded=\"false\">\n\t\t\t\t\t\t\t\t\t\t\t\t\t<span class=\"elementor-accordion-icon elementor-accordion-icon-left\" aria-hidden=\"true\">\n\t\t\t\t\t\t\t\t\t\t\t\t\t\t\t<span class=\"elementor-accordion-icon-closed\"><i class=\"fas fa-plus\"><\/i><\/span>\n\t\t\t\t\t\t\t\t<span class=\"elementor-accordion-icon-opened\"><i class=\"fas fa-minus\"><\/i><\/span>\n\t\t\t\t\t\t\t\t\t\t\t\t\t\t<\/span>\n\t\t\t\t\t\t\t\t\t\t\t\t<a class=\"elementor-accordion-title\" tabindex=\"0\">Caract\u00e9ristiques<\/a>\n\t\t\t\t\t<\/div>\n\t\t\t\t\t<div id=\"elementor-tab-content-2082\" class=\"elementor-tab-content elementor-clearfix\" data-tab=\"2\" role=\"region\" aria-labelledby=\"elementor-tab-title-2082\"><div class=\"su-spoiler-content su-u-clearfix su-u-trim\">\n<p class=\"translation-block\"><div class=\"su-spoiler-content su-u-clearfix su-u-trim\">\n<ul>\n<li><span style=\"font-size: medium\"><span style=\"font-size: medium\"><strong>La mousse en polyur\u00e9thane <\/strong>a un effet matelass\u00e9 et une capacit\u00e9 \u00e9lev\u00e9e d\u2019absorption d\u2019au plus 14 g\/g. Elle cr\u00e9e un environnement sec mais humide qui favorise toutes les phases de gu\u00e9rison de la plaie en particulier la granulation et la phase d\u2019\u00e9pith\u00e9lialisation.<\/span><\/span>Ce pansement acc\u00e9l\u00e8re ainsi la gu\u00e9rison de la plaie.<\/li>\n<li><span style=\"font-size: medium\"><strong>La couche externe en polyur\u00e9thane <\/strong>est hautement respirante au plus 5000 g\/m2\/24h MVTR. Ceci permet une \u00e9vaporation des exsudats de la plaie absorb\u00e9s par la plaie et une r\u00e9cup\u00e9ration totale des liquides par le pansement. Le pansement est aussi antibact\u00e9rien et imperm\u00e9able.<\/span><\/li>\n<li><span style=\"font-size: medium\"><strong>La maille argent <\/strong>emp\u00eache la colonisation de bact\u00e9ries sur le pansement, ce qui augmente la dur\u00e9e d\u2019utilisation du pansement et r\u00e9duit la fr\u00e9quence de changement du pansement. Ce pansement pr\u00e9sente des avantages hygi\u00e9niques et \u00e9conomiques.<\/span><\/li>\n<\/ul>\n<\/div><\/p>\n<\/div>\n<\/div>\n\t\t\t\t<\/div>\n\t\t\t\t\t\t\t<div class=\"elementor-accordion-item\">\n\t\t\t\t\t<div id=\"elementor-tab-title-2083\" class=\"elementor-tab-title\" data-tab=\"3\" role=\"button\" aria-controls=\"elementor-tab-content-2083\" aria-expanded=\"false\">\n\t\t\t\t\t\t\t\t\t\t\t\t\t<span class=\"elementor-accordion-icon elementor-accordion-icon-left\" aria-hidden=\"true\">\n\t\t\t\t\t\t\t\t\t\t\t\t\t\t\t<span class=\"elementor-accordion-icon-closed\"><i class=\"fas fa-plus\"><\/i><\/span>\n\t\t\t\t\t\t\t\t<span class=\"elementor-accordion-icon-opened\"><i class=\"fas fa-minus\"><\/i><\/span>\n\t\t\t\t\t\t\t\t\t\t\t\t\t\t<\/span>\n\t\t\t\t\t\t\t\t\t\t\t\t<a class=\"elementor-accordion-title\" tabindex=\"0\">Usage Pr\u00e9vu:<\/a>\n\t\t\t\t\t<\/div>\n\t\t\t\t\t<div id=\"elementor-tab-content-2083\" class=\"elementor-tab-content elementor-clearfix\" data-tab=\"3\" role=\"region\" aria-labelledby=\"elementor-tab-title-2083\"><div class=\"su-spoiler-content su-u-clearfix su-u-trim\">\n<p class=\"translation-block\"><span style=\"font-size: medium\">La gamme de produits <strong>ESPUMA\u00ae Ag Non-Adhesive<\/strong>&nbsp;peut \u00eatre utilis\u00e9e pour les types de plaie suivants et les ulc\u00e8res \u00e0 exsudation mod\u00e9r\u00e9e \u00e0 \u00e9lev\u00e9e :<\/span><\/p>\n<p class=\"translation-block\">Ulc\u00e8res de pression de phase II et superficiels de phase III.Ulc\u00e8res diab\u00e9tiques de pied d\u2019\u00e9paisseur pleine et partielleUlc\u00e8res veineux de la jambe.Ulc\u00e8res art\u00e9riels d\u2019\u00e9paisseur pleine et partielle.Br\u00fblures et abrasions d\u2019\u00e9paisseur partielle.Plaies chirurgicales ouvertes.L\u00e9sions cutan\u00e9es.<\/p>\n<p class=\"translation-block\">ESPUMA\u00ae Ag Non-Adhesive ont les m\u00eames indications que ci-dessus mais pr\u00e9sentent aussi un effet prophylactique contre l\u2019infection en cas de plaie \u00e0 risque d\u2019infection \u00e9lev\u00e9.<\/p>\n<\/div>\n<\/div>\n\t\t\t\t<\/div>\n\t\t\t\t\t\t\t<div class=\"elementor-accordion-item\">\n\t\t\t\t\t<div id=\"elementor-tab-title-2084\" class=\"elementor-tab-title\" data-tab=\"4\" role=\"button\" aria-controls=\"elementor-tab-content-2084\" aria-expanded=\"false\">\n\t\t\t\t\t\t\t\t\t\t\t\t\t<span class=\"elementor-accordion-icon elementor-accordion-icon-left\" aria-hidden=\"true\">\n\t\t\t\t\t\t\t\t\t\t\t\t\t\t\t<span class=\"elementor-accordion-icon-closed\"><i class=\"fas fa-plus\"><\/i><\/span>\n\t\t\t\t\t\t\t\t<span class=\"elementor-accordion-icon-opened\"><i class=\"fas fa-minus\"><\/i><\/span>\n\t\t\t\t\t\t\t\t\t\t\t\t\t\t<\/span>\n\t\t\t\t\t\t\t\t\t\t\t\t<a class=\"elementor-accordion-title\" tabindex=\"0\">Contre-indications<\/a>\n\t\t\t\t\t<\/div>\n\t\t\t\t\t<div id=\"elementor-tab-content-2084\" class=\"elementor-tab-content elementor-clearfix\" data-tab=\"4\" role=\"region\" aria-labelledby=\"elementor-tab-title-2084\"><p class=\"translation-block\">Les pansements ESPUMA\u00ae Ag Non-Adhesive ne doivent pas \u00eatre appliqu\u00e9s sur des plaies s\u00e8ches ou des tissus n\u00e9crotiques.Les pansements ESPUMA\u00ae Ag Non-Adhesive ne doivent pas \u00eatre appliqu\u00e9s sur des plaies atteignant les os ou les muscles.L'utilisation de produits contenant des ions d\u2019argent antimicrobiens doit \u00eatre limit\u00e9e pour les n\u00e9onataux, les nourrissons et durant la grossesse<\/p>\n<\/div>\n\t\t\t\t<\/div>\n\t\t\t\t\t\t\t<div class=\"elementor-accordion-item\">\n\t\t\t\t\t<div id=\"elementor-tab-title-2085\" class=\"elementor-tab-title\" data-tab=\"5\" role=\"button\" aria-controls=\"elementor-tab-content-2085\" aria-expanded=\"false\">\n\t\t\t\t\t\t\t\t\t\t\t\t\t<span class=\"elementor-accordion-icon elementor-accordion-icon-left\" aria-hidden=\"true\">\n\t\t\t\t\t\t\t\t\t\t\t\t\t\t\t<span class=\"elementor-accordion-icon-closed\"><i class=\"fas fa-plus\"><\/i><\/span>\n\t\t\t\t\t\t\t\t<span class=\"elementor-accordion-icon-opened\"><i class=\"fas fa-minus\"><\/i><\/span>\n\t\t\t\t\t\t\t\t\t\t\t\t\t\t<\/span>\n\t\t\t\t\t\t\t\t\t\t\t\t<a class=\"elementor-accordion-title\" tabindex=\"0\">Pr\u00e9cautions<\/a>\n\t\t\t\t\t<\/div>\n\t\t\t\t\t<div id=\"elementor-tab-content-2085\" class=\"elementor-tab-content elementor-clearfix\" data-tab=\"5\" role=\"region\" aria-labelledby=\"elementor-tab-title-2085\"><\/div>\n\t\t\t\t<\/div>\n\t\t\t\t\t\t\t<div class=\"elementor-accordion-item\">\n\t\t\t\t\t<div id=\"elementor-tab-title-2086\" class=\"elementor-tab-title\" data-tab=\"6\" role=\"button\" aria-controls=\"elementor-tab-content-2086\" aria-expanded=\"false\">\n\t\t\t\t\t\t\t\t\t\t\t\t\t<span class=\"elementor-accordion-icon elementor-accordion-icon-left\" aria-hidden=\"true\">\n\t\t\t\t\t\t\t\t\t\t\t\t\t\t\t<span class=\"elementor-accordion-icon-closed\"><i class=\"fas fa-plus\"><\/i><\/span>\n\t\t\t\t\t\t\t\t<span class=\"elementor-accordion-icon-opened\"><i class=\"fas fa-minus\"><\/i><\/span>\n\t\t\t\t\t\t\t\t\t\t\t\t\t\t<\/span>\n\t\t\t\t\t\t\t\t\t\t\t\t<a class=\"elementor-accordion-title\" tabindex=\"0\">Sch\u00e9ma des couches<\/a>\n\t\t\t\t\t<\/div>\n\t\t\t\t\t<div id=\"elementor-tab-content-2086\" class=\"elementor-tab-content elementor-clearfix\" data-tab=\"6\" role=\"region\" aria-labelledby=\"elementor-tab-title-2086\"><\/div>\n\t\t\t\t<\/div>\n\t\t\t\t\t\t\t<div class=\"elementor-accordion-item\">\n\t\t\t\t\t<div id=\"elementor-tab-title-2087\" class=\"elementor-tab-title\" data-tab=\"7\" role=\"button\" aria-controls=\"elementor-tab-content-2087\" aria-expanded=\"false\">\n\t\t\t\t\t\t\t\t\t\t\t\t\t<span class=\"elementor-accordion-icon elementor-accordion-icon-left\" aria-hidden=\"true\">\n\t\t\t\t\t\t\t\t\t\t\t\t\t\t\t<span class=\"elementor-accordion-icon-closed\"><i class=\"fas fa-plus\"><\/i><\/span>\n\t\t\t\t\t\t\t\t<span class=\"elementor-accordion-icon-opened\"><i class=\"fas fa-minus\"><\/i><\/span>\n\t\t\t\t\t\t\t\t\t\t\t\t\t\t<\/span>\n\t\t\t\t\t\t\t\t\t\t\t\t<a class=\"elementor-accordion-title\" tabindex=\"0\">Fr\u00e9quence de changement<\/a>\n\t\t\t\t\t<\/div>\n\t\t\t\t\t<div id=\"elementor-tab-content-2087\" class=\"elementor-tab-content elementor-clearfix\" data-tab=\"7\" role=\"region\" aria-labelledby=\"elementor-tab-title-2087\"><\/div>\n\t\t\t\t<\/div>\n\t\t\t\t\t\t\t<div class=\"elementor-accordion-item\">\n\t\t\t\t\t<div id=\"elementor-tab-title-2088\" class=\"elementor-tab-title\" data-tab=\"8\" role=\"button\" aria-controls=\"elementor-tab-content-2088\" aria-expanded=\"false\">\n\t\t\t\t\t\t\t\t\t\t\t\t\t<span class=\"elementor-accordion-icon elementor-accordion-icon-left\" aria-hidden=\"true\">\n\t\t\t\t\t\t\t\t\t\t\t\t\t\t\t<span class=\"elementor-accordion-icon-closed\"><i class=\"fas fa-plus\"><\/i><\/span>\n\t\t\t\t\t\t\t\t<span class=\"elementor-accordion-icon-opened\"><i class=\"fas fa-minus\"><\/i><\/span>\n\t\t\t\t\t\t\t\t\t\t\t\t\t\t<\/span>\n\t\t\t\t\t\t\t\t\t\t\t\t<a class=\"elementor-accordion-title\" tabindex=\"0\">Comment \u00e7a fonctionne?<\/a>\n\t\t\t\t\t<\/div>\n\t\t\t\t\t<div id=\"elementor-tab-content-2088\" class=\"elementor-tab-content elementor-clearfix\" data-tab=\"8\" role=\"region\" aria-labelledby=\"elementor-tab-title-2088\"><\/div>\n\t\t\t\t<\/div>\n\t\t\t\t\t\t\t<div class=\"elementor-accordion-item\">\n\t\t\t\t\t<div id=\"elementor-tab-title-2089\" class=\"elementor-tab-title\" data-tab=\"9\" role=\"button\" aria-controls=\"elementor-tab-content-2089\" aria-expanded=\"false\">\n\t\t\t\t\t\t\t\t\t\t\t\t\t<span class=\"elementor-accordion-icon elementor-accordion-icon-left\" aria-hidden=\"true\">\n\t\t\t\t\t\t\t\t\t\t\t\t\t\t\t<span class=\"elementor-accordion-icon-closed\"><i class=\"fas fa-plus\"><\/i><\/span>\n\t\t\t\t\t\t\t\t<span class=\"elementor-accordion-icon-opened\"><i class=\"fas fa-minus\"><\/i><\/span>\n\t\t\t\t\t\t\t\t\t\t\t\t\t\t<\/span>\n\t\t\t\t\t\t\t\t\t\t\t\t<a class=\"elementor-accordion-title\" tabindex=\"0\">Dur\u00e9e de conservation<\/a>\n\t\t\t\t\t<\/div>\n\t\t\t\t\t<div id=\"elementor-tab-content-2089\" class=\"elementor-tab-content elementor-clearfix\" data-tab=\"9\" role=\"region\" aria-labelledby=\"elementor-tab-title-2089\"><\/div>\n\t\t\t\t<\/div>\n\t\t\t\t\t\t\t\t<\/div>\n\t\t\t\t\t\t<\/div>\n\t\t\t\t<\/div>\n\t\t\t\t\t<\/div>\n\t\t<\/div>\n\t\t\t\t\t<\/div>\n\t\t<\/section>\n\t\t\t\t<\/div>\n\t\t                        <\/div>\n                    <\/div>\n                                    <div class=\"tab-pane elementkit-tab-pane elementor-repeater-item-9b61f69\" id=\"content-9b61f6969e1cdf45e6e4\" role=\"tabpanel\"\n                         aria-labelledby=\"content-9b61f6969e1cdf45e6e4-tab\">\n                        <div class=\"animated fadeIn\">\n                            <p>1. Laver la plaie selon les protocoles cliniques locaux.<br \/>2. S\u00e9lectionner une taille de pansement adapt\u00e9e qui recouvre la plaie avec au moins deux centim\u00e8tres de marge.<br \/>3. Retirer le pansement st\u00e9rile de l\u2019emballage en utilisant une technique aseptique.<br \/><strong>Pour les variantes non adh\u00e9sives:<\/strong><br \/>1. Non-Adhesive variants can be cut to fit awkward areas. When used under compression therapy, the dressing must be cut<br \/>to the size of the wound.<br \/>2. Placer le pansement sur le site de la plaie.<br \/>3. Un pansement film secondaire ou un bandage souple doit \u00eatre utilis\u00e9 afin de maintenir le pansement en place.<\/p>                        <\/div>\n                    <\/div>\n                                    <div class=\"tab-pane elementkit-tab-pane elementor-repeater-item-0415b93\" id=\"content-0415b9369e1cdf45e6e4\" role=\"tabpanel\"\n                         aria-labelledby=\"content-0415b9369e1cdf45e6e4-tab\">\n                        <div class=\"animated fadeIn\">\n                            <table><tbody><tr><td width=\"162\"><p><strong>Espuma<\/strong><strong>\u00ae<\/strong><strong> Sealed Edges <\/strong><\/p><\/td><td width=\"130\"><p><strong>Size<\/strong><\/p><\/td><td width=\"126\"><p><strong>Pieces\/Case<\/strong><\/p><\/td><td width=\"144\"><p><strong>Boxes\/Case <\/strong><\/p><\/td><\/tr><tr><td width=\"162\"><p>ESPUMAS5050<\/p><\/td><td width=\"130\"><p>50&#215;50 mm<\/p><\/td><td width=\"126\"><p>10<\/p><\/td><td width=\"144\"><p>48<\/p><\/td><\/tr><tr><td width=\"162\"><p>ESPUMAS7575<\/p><\/td><td width=\"130\"><p>75&#215;75 mm<\/p><\/td><td width=\"126\"><p>10<\/p><\/td><td width=\"144\"><p>48<\/p><\/td><\/tr><tr><td width=\"162\"><p>ESPUMAS75100<\/p><\/td><td width=\"130\"><p>75&#215;100 mm<\/p><\/td><td width=\"126\"><p>10<\/p><\/td><td width=\"144\"><p>48<\/p><\/td><\/tr><tr><td width=\"162\"><p>ESPUMAS100100<\/p><\/td><td width=\"130\"><p>100&#215;100 mm<\/p><\/td><td width=\"126\"><p>10<\/p><\/td><td width=\"144\"><p>48<\/p><\/td><\/tr><tr><td width=\"162\"><p>ESPUMAS100150<\/p><\/td><td width=\"130\"><p>100 x 150 mm<\/p><\/td><td width=\"126\"><p><strong>5<\/strong><\/p><\/td><td width=\"144\"><p>24<\/p><\/td><\/tr><tr><td width=\"162\"><p>ESPUMAS100200<\/p><\/td><td width=\"130\"><p>100 x 200 mm<\/p><\/td><td width=\"126\"><p><strong>5<\/strong><\/p><\/td><td width=\"144\"><p>24<\/p><\/td><\/tr><tr><td width=\"162\"><p>ESPUMAS50<\/p><\/td><td width=\"130\"><p>50\u00d8 mm circular<\/p><\/td><td width=\"126\"><p><strong>10<\/strong><\/p><\/td><td width=\"144\"><p>48<\/p><\/td><\/tr><tr><td width=\"162\"><p>ESPUMAS100250<\/p><\/td><td width=\"130\"><p>100&#215;250 mm<\/p><\/td><td width=\"126\"><p><strong>5<\/strong><\/p><\/td><td width=\"144\"><p>24<\/p><\/td><\/tr><tr><td width=\"162\"><p>ESPUMAS120130<\/p><\/td><td width=\"130\"><p>120 x 130 mm Heel<\/p><\/td><td width=\"126\"><p><strong>3<\/strong><\/p><\/td><td width=\"144\"><p>24<\/p><\/td><\/tr><\/tbody><\/table><p>D'autres tailles sont disponibles sur demande.<\/p>                        <\/div>\n                    <\/div>\n                                    <div class=\"tab-pane elementkit-tab-pane elementor-repeater-item-72a341e\" id=\"content-72a341e69e1cdf45e6e4\" role=\"tabpanel\"\n                         aria-labelledby=\"content-72a341e69e1cdf45e6e4-tab\">\n                        <div class=\"animated fadeIn\">\n                            <p><a href=\"https:\/\/pharmaplast-online.net\/wp-content\/uploads\/2025\/06\/Espuma-Exulock-Family-brochure.pdf\">Espuma Exulock Family brochure<\/a><\/p><p><img decoding=\"async\" class=\"alignnone wp-image-20471\" src=\"https:\/\/pharmaplast-online.net\/wp-content\/uploads\/2025\/06\/broucher-300x105.png\" alt=\"\" width=\"134\" height=\"47\" srcset=\"https:\/\/pharmaplast-online.net\/wp-content\/uploads\/2025\/06\/broucher-300x105.png 300w, https:\/\/pharmaplast-online.net\/wp-content\/uploads\/2025\/06\/broucher-18x6.png 18w, https:\/\/pharmaplast-online.net\/wp-content\/uploads\/2025\/06\/broucher-24x8.png 24w, https:\/\/pharmaplast-online.net\/wp-content\/uploads\/2025\/06\/broucher-36x13.png 36w, https:\/\/pharmaplast-online.net\/wp-content\/uploads\/2025\/06\/broucher-48x17.png 48w, https:\/\/pharmaplast-online.net\/wp-content\/uploads\/2025\/06\/broucher-600x211.png 600w, https:\/\/pharmaplast-online.net\/wp-content\/uploads\/2025\/06\/broucher.png 640w\" sizes=\"(max-width: 134px) 100vw, 134px\" \/><\/p>                        <\/div>\n                    <\/div>\n                                \n            <\/div>\n                    <\/div>\n    <\/div>\t\t\t\t<\/div>\n\t\t\t\t<\/div>\n\t\t\t\t\t<\/div>\n\t\t<\/div>\n\t\t\t\t\t<\/div>\n\t\t<\/section>\n\t\t\t\t<\/div>","protected":false},"excerpt":{"rendered":"<p>Antimicrobial highly retentive foam dressing<\/p>","protected":false},"featured_media":18160,"comment_status":"open","ping_status":"closed","template":"","meta":[],"product_brand":[],"product_cat":[266,283,281],"product_tag":[],"class_list":{"0":"post-8042","1":"product","2":"type-product","3":"status-publish","4":"has-post-thumbnail","6":"product_cat-anti-microbial-wound-care","7":"product_cat-foams-silver-ag","8":"product_cat-silver-ag","9":"new","11":"first","12":"instock","13":"shipping-taxable","14":"product-type-simple"},"acf":[],"_links":{"self":[{"href":"https:\/\/pharmaplast-online.net\/fr\/wp-json\/wp\/v2\/product\/8042","targetHints":{"allow":["GET"]}}],"collection":[{"href":"https:\/\/pharmaplast-online.net\/fr\/wp-json\/wp\/v2\/product"}],"about":[{"href":"https:\/\/pharmaplast-online.net\/fr\/wp-json\/wp\/v2\/types\/product"}],"replies":[{"embeddable":true,"href":"https:\/\/pharmaplast-online.net\/fr\/wp-json\/wp\/v2\/comments?post=8042"}],"version-history":[{"count":24,"href":"https:\/\/pharmaplast-online.net\/fr\/wp-json\/wp\/v2\/product\/8042\/revisions"}],"predecessor-version":[{"id":20664,"href":"https:\/\/pharmaplast-online.net\/fr\/wp-json\/wp\/v2\/product\/8042\/revisions\/20664"}],"wp:featuredmedia":[{"embeddable":true,"href":"https:\/\/pharmaplast-online.net\/fr\/wp-json\/wp\/v2\/media\/18160"}],"wp:attachment":[{"href":"https:\/\/pharmaplast-online.net\/fr\/wp-json\/wp\/v2\/media?parent=8042"}],"wp:term":[{"taxonomy":"product_brand","embeddable":true,"href":"https:\/\/pharmaplast-online.net\/fr\/wp-json\/wp\/v2\/product_brand?post=8042"},{"taxonomy":"product_cat","embeddable":true,"href":"https:\/\/pharmaplast-online.net\/fr\/wp-json\/wp\/v2\/product_cat?post=8042"},{"taxonomy":"product_tag","embeddable":true,"href":"https:\/\/pharmaplast-online.net\/fr\/wp-json\/wp\/v2\/product_tag?post=8042"}],"curies":[{"name":"wp","href":"https:\/\/api.w.org\/{rel}","templated":true}]}}