{"id":8106,"date":"2022-12-19T15:02:39","date_gmt":"2022-12-19T15:02:39","guid":{"rendered":"https:\/\/pharmaplast.mediagate-egy.com\/?post_type=product&#038;p=8106"},"modified":"2024-11-07T19:14:03","modified_gmt":"2024-11-07T19:14:03","slug":"cure-aid-dressing-strip-exsorb","status":"publish","type":"product","link":"https:\/\/pharmaplast-online.net\/fr\/produit\/cure-aid-dressing-strip-exsorb\/","title":{"rendered":"Cure-Aid\u00ae Dressing Strip eXsorb"},"content":{"rendered":"<div data-elementor-type=\"wp-post\" data-elementor-id=\"8106\" class=\"elementor elementor-8106\" data-elementor-post-type=\"product\">\n\t\t\t\t\t\t<section class=\"elementor-section elementor-top-section elementor-element elementor-element-101fdee elementor-section-boxed elementor-section-height-default elementor-section-height-default qodef-elementor-content-no\" data-id=\"101fdee\" data-element_type=\"section\" data-e-type=\"section\" data-settings=\"{&quot;ekit_has_onepagescroll_dot&quot;:&quot;yes&quot;}\">\n\t\t\t\t\t\t<div class=\"elementor-container elementor-column-gap-default\">\n\t\t\t\t\t<div class=\"elementor-column elementor-col-100 elementor-top-column elementor-element elementor-element-b0316e9\" data-id=\"b0316e9\" data-element_type=\"column\" data-e-type=\"column\">\n\t\t\t<div class=\"elementor-widget-wrap elementor-element-populated\">\n\t\t\t\t\t\t<div class=\"elementor-element elementor-element-b846b43 elementor-widget elementor-widget-elementskit-simple-tab\" data-id=\"b846b43\" data-element_type=\"widget\" data-e-type=\"widget\" data-settings=\"{&quot;ekit_we_effect_on&quot;:&quot;none&quot;}\" data-widget_type=\"elementskit-simple-tab.default\">\n\t\t\t\t<div class=\"elementor-widget-container\">\n\t\t\t\t\t<div class=\"ekit-wid-con\" >        <div class=\"elementkit-tab-wraper\">\n            <ul class=\"nav nav-tabs elementkit-tab-nav  elementskit-fullwidth-tab\">\n                                    <li class=\"elementkit-nav-item elementor-repeater-item-d0363a9\">\n                        <a class=\"elementkit-nav-link  active show left-pos\" id=\"content-d0363a969f02136541de-tab\" data-ekit-handler-id=\"product-info\" data-ekit-toggle=\"tab\" data-target=\"#content-d0363a969f02136541de\" href=\"#Content-d0363a969f02136541de\"\n                            data-ekit-toggle-trigger=\"click\"\n                            aria-describedby=\"Content-d0363a969f02136541de\">\n                            <span class=\"elementskit-tab-icon\"><\/span>                            <span class=\"elementskit-tab-title\">Informations Sur Le Produit<\/span>\n                        <\/a>\n                    <\/li>\n                                        <li class=\"elementkit-nav-item elementor-repeater-item-9b61f69\">\n                        <a class=\"elementkit-nav-link  left-pos\" id=\"content-9b61f6969f02136541de-tab\" data-ekit-handler-id=\"how-to-use\" data-ekit-toggle=\"tab\" data-target=\"#content-9b61f6969f02136541de\" href=\"#Content-9b61f6969f02136541de\"\n                            data-ekit-toggle-trigger=\"click\"\n                            aria-describedby=\"Content-9b61f6969f02136541de\">\n                            <span class=\"elementskit-tab-icon\"><\/span>                            <span class=\"elementskit-tab-title\">Consignes D\u2019utilisation<\/span>\n                        <\/a>\n                    <\/li>\n                                        <li class=\"elementkit-nav-item elementor-repeater-item-23affad\">\n                        <a class=\"elementkit-nav-link  left-pos\" id=\"content-23affad69f02136541de-tab\" data-ekit-handler-id=\"sizes-codes\" data-ekit-toggle=\"tab\" data-target=\"#content-23affad69f02136541de\" href=\"#Content-23affad69f02136541de\"\n                            data-ekit-toggle-trigger=\"click\"\n                            aria-describedby=\"Content-23affad69f02136541de\">\n                            <span class=\"elementskit-tab-icon\"><\/span>                            <span class=\"elementskit-tab-title\">Tailles et Codes<\/span>\n                        <\/a>\n                    <\/li>\n                                        <li class=\"elementkit-nav-item elementor-repeater-item-7094b8a\">\n                        <a class=\"elementkit-nav-link  left-pos\" id=\"content-7094b8a69f02136541de-tab\" data-ekit-handler-id=\"downloads\" data-ekit-toggle=\"tab\" data-target=\"#content-7094b8a69f02136541de\" href=\"#Content-7094b8a69f02136541de\"\n                            data-ekit-toggle-trigger=\"click\"\n                            aria-describedby=\"Content-7094b8a69f02136541de\">\n                            <span class=\"elementskit-tab-icon\"><\/span>                            <span class=\"elementskit-tab-title\">T\u00e9l\u00e9chargement<\/span>\n                        <\/a>\n                    <\/li>\n                                <\/ul>\n\n            <div class=\"tab-content elementkit-tab-content\">\n                                    <div class=\"tab-pane elementkit-tab-pane elementor-repeater-item-d0363a9  active show\" id=\"content-d0363a969f02136541de\" role=\"tabpanel\"\n                         aria-labelledby=\"content-d0363a969f02136541de-tab\">\n                        <div class=\"animated fadeIn\">\n                            <h3>Informations Sur Le Produit<\/h3>\t\t<div data-elementor-type=\"section\" data-elementor-id=\"8585\" class=\"elementor elementor-8585\" data-elementor-post-type=\"elementor_library\">\n\t\t\t\t\t<section class=\"elementor-section elementor-top-section elementor-element elementor-element-3c9a5a4 elementor-section-boxed elementor-section-height-default elementor-section-height-default qodef-elementor-content-no\" data-id=\"3c9a5a4\" data-element_type=\"section\" data-e-type=\"section\" data-settings=\"{&quot;ekit_has_onepagescroll_dot&quot;:&quot;yes&quot;}\">\n\t\t\t\t\t\t<div class=\"elementor-container elementor-column-gap-default\">\n\t\t\t\t\t<div class=\"elementor-column elementor-col-100 elementor-top-column elementor-element elementor-element-8fd3e15\" data-id=\"8fd3e15\" data-element_type=\"column\" data-e-type=\"column\">\n\t\t\t<div class=\"elementor-widget-wrap elementor-element-populated\">\n\t\t\t\t\t\t<div class=\"elementor-element elementor-element-c6fd92e elementor-widget elementor-widget-accordion\" data-id=\"c6fd92e\" data-element_type=\"widget\" data-e-type=\"widget\" data-settings=\"{&quot;ekit_we_effect_on&quot;:&quot;none&quot;}\" data-widget_type=\"accordion.default\">\n\t\t\t\t<div class=\"elementor-widget-container\">\n\t\t\t\t\t\t\t<div class=\"elementor-accordion\">\n\t\t\t\t\t\t\t<div class=\"elementor-accordion-item\">\n\t\t\t\t\t<div id=\"elementor-tab-title-2081\" class=\"elementor-tab-title\" data-tab=\"1\" role=\"button\" aria-controls=\"elementor-tab-content-2081\" aria-expanded=\"false\">\n\t\t\t\t\t\t\t\t\t\t\t\t\t<span class=\"elementor-accordion-icon elementor-accordion-icon-left\" aria-hidden=\"true\">\n\t\t\t\t\t\t\t\t\t\t\t\t\t\t\t<span class=\"elementor-accordion-icon-closed\"><i class=\"fas fa-plus\"><\/i><\/span>\n\t\t\t\t\t\t\t\t<span class=\"elementor-accordion-icon-opened\"><i class=\"fas fa-minus\"><\/i><\/span>\n\t\t\t\t\t\t\t\t\t\t\t\t\t\t<\/span>\n\t\t\t\t\t\t\t\t\t\t\t\t<a class=\"elementor-accordion-title\" tabindex=\"0\">Description<\/a>\n\t\t\t\t\t<\/div>\n\t\t\t\t\t<div id=\"elementor-tab-content-2081\" class=\"elementor-tab-content elementor-clearfix\" data-tab=\"1\" role=\"region\" aria-labelledby=\"elementor-tab-title-2081\"><div class=\"su-spoiler-content su-u-clearfix su-u-trim\">\n<p style=\"text-align: justify\"><span style=\"font-size: medium\"><b>Cure-Aid\u00ae Dressing Strip eXsorb<\/b> pansement avec compresse tr\u00e8s absorbante. <\/span><span style=\"font-size: medium\"><span style=\"font-size: medium\"><b><i>eXsorb<\/i><\/b><b><i>\u00ae <\/i><\/b><b><i> <\/i><\/b>est une gamme de pansements primaires con\u00e7us dans un m\u00e9lange de fibres acrylique et de fibres viscose, appliqu\u00e9 thermiquement \u00e0 une maille PE adh\u00e9rente.<\/span> <\/span><span style=\"font-size: medium\"><span style=\"font-size: medium\">Le pansement absorbe et interagit avec l\u2019exsudat de la plaie pour former un gel doux, hydrophile, perm\u00e9able au gaz qui produit un environnement humide qui favorise la cicatrisation.<\/span> <\/span><span style=\"font-size: medium\">Au contact des exsudats de la plaie, liode exerce une forte action antimicrobienne? contre les bactries gram positives et gram ngatives, les levures et les champignons.<\/span><\/p>\n<\/div>\n<\/div>\n\t\t\t\t<\/div>\n\t\t\t\t\t\t\t<div class=\"elementor-accordion-item\">\n\t\t\t\t\t<div id=\"elementor-tab-title-2082\" class=\"elementor-tab-title\" data-tab=\"2\" role=\"button\" aria-controls=\"elementor-tab-content-2082\" aria-expanded=\"false\">\n\t\t\t\t\t\t\t\t\t\t\t\t\t<span class=\"elementor-accordion-icon elementor-accordion-icon-left\" aria-hidden=\"true\">\n\t\t\t\t\t\t\t\t\t\t\t\t\t\t\t<span class=\"elementor-accordion-icon-closed\"><i class=\"fas fa-plus\"><\/i><\/span>\n\t\t\t\t\t\t\t\t<span class=\"elementor-accordion-icon-opened\"><i class=\"fas fa-minus\"><\/i><\/span>\n\t\t\t\t\t\t\t\t\t\t\t\t\t\t<\/span>\n\t\t\t\t\t\t\t\t\t\t\t\t<a class=\"elementor-accordion-title\" tabindex=\"0\">Caract\u00e9ristiques<\/a>\n\t\t\t\t\t<\/div>\n\t\t\t\t\t<div id=\"elementor-tab-content-2082\" class=\"elementor-tab-content elementor-clearfix\" data-tab=\"2\" role=\"region\" aria-labelledby=\"elementor-tab-title-2082\"><div class=\"su-spoiler-content su-u-clearfix su-u-trim\">\n<ol style=\"text-align: justify\">\n<li><span style=\"font-size: medium\">Peut absorber et pi\u00e9ger jusqu'\u00e0 30 fois son poids de sang et de liquides.<\/span><\/li>\n<li><span style=\"font-size: medium\">Le tampon absorbe rapidement les exsudats de la plaie et forment un gel. Les exsudats sont retenus \u00e0 l\u2019int\u00e9rieur du pansement loin de la plaie et de la peau environnante\u00a0; ceci \u00e9vite une mac\u00e9ration et maintient un environnement humide pour faciliter la cicatrisation de la plaie.<\/span><\/li>\n<li><span style=\"font-size: medium\">Le tampon peut aussi maintenir les exsudats absorb\u00e9s sous compression.<\/span><\/li>\n<li><span style=\"font-size: medium\">L'absorption \u00e9lev\u00e9e \u00e9vite le changement fr\u00e9quent de pansements permettant ainsi de ne pas trop toucher la plaie.<\/span><\/li>\n<li><span style=\"font-size: medium\">Tampon doux et moelleux pour une sensation douce et confortable.<\/span><\/li>\n<li><span style=\"font-size: medium\">Retrait du pansement atraumatique et sans douleur .<\/span><\/li>\n<li><span style=\"font-size: medium\">La pr\u00e9sence du maillage PE en contact avec la plaie permet l\u2019absorption rapide et contr\u00f4l\u00e9e des exsudats l\u00e9gers. <\/span><\/li>\n<\/ol>\n<\/div>\n<\/div>\n\t\t\t\t<\/div>\n\t\t\t\t\t\t\t<div class=\"elementor-accordion-item\">\n\t\t\t\t\t<div id=\"elementor-tab-title-2083\" class=\"elementor-tab-title\" data-tab=\"3\" role=\"button\" aria-controls=\"elementor-tab-content-2083\" aria-expanded=\"false\">\n\t\t\t\t\t\t\t\t\t\t\t\t\t<span class=\"elementor-accordion-icon elementor-accordion-icon-left\" aria-hidden=\"true\">\n\t\t\t\t\t\t\t\t\t\t\t\t\t\t\t<span class=\"elementor-accordion-icon-closed\"><i class=\"fas fa-plus\"><\/i><\/span>\n\t\t\t\t\t\t\t\t<span class=\"elementor-accordion-icon-opened\"><i class=\"fas fa-minus\"><\/i><\/span>\n\t\t\t\t\t\t\t\t\t\t\t\t\t\t<\/span>\n\t\t\t\t\t\t\t\t\t\t\t\t<a class=\"elementor-accordion-title\" tabindex=\"0\">Usage Pr\u00e9vu:<\/a>\n\t\t\t\t\t<\/div>\n\t\t\t\t\t<div id=\"elementor-tab-content-2083\" class=\"elementor-tab-content elementor-clearfix\" data-tab=\"3\" role=\"region\" aria-labelledby=\"elementor-tab-title-2083\"><div class=\"su-spoiler-content su-u-clearfix su-u-trim\">\n<p style=\"text-align: justify\"><span style=\"font-size: medium\"><div class=\"su-spoiler-content su-u-clearfix su-u-trim\">\n<p><span style=\"font-size: medium\"><strong>&nbsp;<\/strong>Pour recouvrir des \u00e9gratignures et des blessures mineures. Peut aussi \u00eatre utilis\u00e9 comme un pansement de premier secours pour arr\u00eater un saignement.<\/span><\/p>\n<\/div><\/span><\/p>\n<\/div>\n<\/div>\n\t\t\t\t<\/div>\n\t\t\t\t\t\t\t<div class=\"elementor-accordion-item\">\n\t\t\t\t\t<div id=\"elementor-tab-title-2084\" class=\"elementor-tab-title\" data-tab=\"4\" role=\"button\" aria-controls=\"elementor-tab-content-2084\" aria-expanded=\"false\">\n\t\t\t\t\t\t\t\t\t\t\t\t\t<span class=\"elementor-accordion-icon elementor-accordion-icon-left\" aria-hidden=\"true\">\n\t\t\t\t\t\t\t\t\t\t\t\t\t\t\t<span class=\"elementor-accordion-icon-closed\"><i class=\"fas fa-plus\"><\/i><\/span>\n\t\t\t\t\t\t\t\t<span class=\"elementor-accordion-icon-opened\"><i class=\"fas fa-minus\"><\/i><\/span>\n\t\t\t\t\t\t\t\t\t\t\t\t\t\t<\/span>\n\t\t\t\t\t\t\t\t\t\t\t\t<a class=\"elementor-accordion-title\" tabindex=\"0\">Contre-indications<\/a>\n\t\t\t\t\t<\/div>\n\t\t\t\t\t<div id=\"elementor-tab-content-2084\" class=\"elementor-tab-content elementor-clearfix\" data-tab=\"4\" role=\"region\" aria-labelledby=\"elementor-tab-title-2084\"><div class=\"su-spoiler-content su-u-clearfix su-u-trim\">\n<p style=\"text-align: justify\"><span style=\"font-size: medium\"><div class=\"su-spoiler-content su-u-clearfix su-u-trim\">\n<ul>\n<li><span style=\"font-size: medium\">Plaies s\u00e8ches ou plaies couvertes d\u2019un tissu n\u00e9crotique dur.<\/span><\/li>\n<li><span style=\"font-size: medium\">Il n\u2019existe aucune contre-indication absolue pour l\u2019utilisation de cette gamme de pansements.<\/span><\/li>\n<li><span style=\"font-size: medium\">Ne pas utiliser sur les personnes ayant une sensibilit\u00e9 connue \u00e0 l\u2019un des composants du pansement.<\/span><\/li>\n<\/ul>\n<\/div><\/span><\/p>\n<\/div>\n<\/div>\n\t\t\t\t<\/div>\n\t\t\t\t\t\t\t<div class=\"elementor-accordion-item\">\n\t\t\t\t\t<div id=\"elementor-tab-title-2085\" class=\"elementor-tab-title\" data-tab=\"5\" role=\"button\" aria-controls=\"elementor-tab-content-2085\" aria-expanded=\"false\">\n\t\t\t\t\t\t\t\t\t\t\t\t\t<span class=\"elementor-accordion-icon elementor-accordion-icon-left\" aria-hidden=\"true\">\n\t\t\t\t\t\t\t\t\t\t\t\t\t\t\t<span class=\"elementor-accordion-icon-closed\"><i class=\"fas fa-plus\"><\/i><\/span>\n\t\t\t\t\t\t\t\t<span class=\"elementor-accordion-icon-opened\"><i class=\"fas fa-minus\"><\/i><\/span>\n\t\t\t\t\t\t\t\t\t\t\t\t\t\t<\/span>\n\t\t\t\t\t\t\t\t\t\t\t\t<a class=\"elementor-accordion-title\" tabindex=\"0\">Pr\u00e9cautions<\/a>\n\t\t\t\t\t<\/div>\n\t\t\t\t\t<div id=\"elementor-tab-content-2085\" class=\"elementor-tab-content elementor-clearfix\" data-tab=\"5\" role=\"region\" aria-labelledby=\"elementor-tab-title-2085\"><p><span style=\"font-size: medium\">Les plaies pr\u00e9sentant des signes d\u2019infection clinique peuvent \u00eatre soign\u00e9es avec le pansement Vilowond\u00ae Carbon, mais le pansement doit \u00eatre chang\u00e9 tous les jours et l\u2019utilisation d\u2019un traitement antibiotique \u00e0 action syst\u00e9mique doit \u00eatre envisag\u00e9. <b>Cure-Aid\u00ae Dressing Strip eXsorb<\/b> but the dressing should be changed daily and the use of systemic antibiotic therapy considered. The dressing should not be used on patients with a known sensitivity to this dressing or one of its components.<\/span><\/p>\n<\/div>\n\t\t\t\t<\/div>\n\t\t\t\t\t\t\t<div class=\"elementor-accordion-item\">\n\t\t\t\t\t<div id=\"elementor-tab-title-2086\" class=\"elementor-tab-title\" data-tab=\"6\" role=\"button\" aria-controls=\"elementor-tab-content-2086\" aria-expanded=\"false\">\n\t\t\t\t\t\t\t\t\t\t\t\t\t<span class=\"elementor-accordion-icon elementor-accordion-icon-left\" aria-hidden=\"true\">\n\t\t\t\t\t\t\t\t\t\t\t\t\t\t\t<span class=\"elementor-accordion-icon-closed\"><i class=\"fas fa-plus\"><\/i><\/span>\n\t\t\t\t\t\t\t\t<span class=\"elementor-accordion-icon-opened\"><i class=\"fas fa-minus\"><\/i><\/span>\n\t\t\t\t\t\t\t\t\t\t\t\t\t\t<\/span>\n\t\t\t\t\t\t\t\t\t\t\t\t<a class=\"elementor-accordion-title\" tabindex=\"0\">Sch\u00e9ma des couches<\/a>\n\t\t\t\t\t<\/div>\n\t\t\t\t\t<div id=\"elementor-tab-content-2086\" class=\"elementor-tab-content elementor-clearfix\" data-tab=\"6\" role=\"region\" aria-labelledby=\"elementor-tab-title-2086\"><\/div>\n\t\t\t\t<\/div>\n\t\t\t\t\t\t\t<div class=\"elementor-accordion-item\">\n\t\t\t\t\t<div id=\"elementor-tab-title-2087\" class=\"elementor-tab-title\" data-tab=\"7\" role=\"button\" aria-controls=\"elementor-tab-content-2087\" aria-expanded=\"false\">\n\t\t\t\t\t\t\t\t\t\t\t\t\t<span class=\"elementor-accordion-icon elementor-accordion-icon-left\" aria-hidden=\"true\">\n\t\t\t\t\t\t\t\t\t\t\t\t\t\t\t<span class=\"elementor-accordion-icon-closed\"><i class=\"fas fa-plus\"><\/i><\/span>\n\t\t\t\t\t\t\t\t<span class=\"elementor-accordion-icon-opened\"><i class=\"fas fa-minus\"><\/i><\/span>\n\t\t\t\t\t\t\t\t\t\t\t\t\t\t<\/span>\n\t\t\t\t\t\t\t\t\t\t\t\t<a class=\"elementor-accordion-title\" tabindex=\"0\">Fr\u00e9quence de changement<\/a>\n\t\t\t\t\t<\/div>\n\t\t\t\t\t<div id=\"elementor-tab-content-2087\" class=\"elementor-tab-content elementor-clearfix\" data-tab=\"7\" role=\"region\" aria-labelledby=\"elementor-tab-title-2087\"><p><span style=\"font-size: medium\"><div class=\"su-spoiler-content su-u-clearfix su-u-trim\">\n<p><span style=\"font-size: medium\">Cela d\u00e9pend de l\u2019\u00e9tat de plaie. Si la plaie a une forte exsudation, le pansement doit \u00eatre chang\u00e9 tous les jours. Pour les plaies \u00e0 exsudation faible, le pansement peut \u00eatre laiss\u00e9 plus longtemps.<\/span><\/p>\n<\/div><\/span><\/p>\n<\/div>\n\t\t\t\t<\/div>\n\t\t\t\t\t\t\t<div class=\"elementor-accordion-item\">\n\t\t\t\t\t<div id=\"elementor-tab-title-2088\" class=\"elementor-tab-title\" data-tab=\"8\" role=\"button\" aria-controls=\"elementor-tab-content-2088\" aria-expanded=\"false\">\n\t\t\t\t\t\t\t\t\t\t\t\t\t<span class=\"elementor-accordion-icon elementor-accordion-icon-left\" aria-hidden=\"true\">\n\t\t\t\t\t\t\t\t\t\t\t\t\t\t\t<span class=\"elementor-accordion-icon-closed\"><i class=\"fas fa-plus\"><\/i><\/span>\n\t\t\t\t\t\t\t\t<span class=\"elementor-accordion-icon-opened\"><i class=\"fas fa-minus\"><\/i><\/span>\n\t\t\t\t\t\t\t\t\t\t\t\t\t\t<\/span>\n\t\t\t\t\t\t\t\t\t\t\t\t<a class=\"elementor-accordion-title\" tabindex=\"0\">Comment \u00e7a fonctionne?<\/a>\n\t\t\t\t\t<\/div>\n\t\t\t\t\t<div id=\"elementor-tab-content-2088\" class=\"elementor-tab-content elementor-clearfix\" data-tab=\"8\" role=\"region\" aria-labelledby=\"elementor-tab-title-2088\"><\/div>\n\t\t\t\t<\/div>\n\t\t\t\t\t\t\t<div class=\"elementor-accordion-item\">\n\t\t\t\t\t<div id=\"elementor-tab-title-2089\" class=\"elementor-tab-title\" data-tab=\"9\" role=\"button\" aria-controls=\"elementor-tab-content-2089\" aria-expanded=\"false\">\n\t\t\t\t\t\t\t\t\t\t\t\t\t<span class=\"elementor-accordion-icon elementor-accordion-icon-left\" aria-hidden=\"true\">\n\t\t\t\t\t\t\t\t\t\t\t\t\t\t\t<span class=\"elementor-accordion-icon-closed\"><i class=\"fas fa-plus\"><\/i><\/span>\n\t\t\t\t\t\t\t\t<span class=\"elementor-accordion-icon-opened\"><i class=\"fas fa-minus\"><\/i><\/span>\n\t\t\t\t\t\t\t\t\t\t\t\t\t\t<\/span>\n\t\t\t\t\t\t\t\t\t\t\t\t<a class=\"elementor-accordion-title\" tabindex=\"0\">Dur\u00e9e de conservation<\/a>\n\t\t\t\t\t<\/div>\n\t\t\t\t\t<div id=\"elementor-tab-content-2089\" class=\"elementor-tab-content elementor-clearfix\" data-tab=\"9\" role=\"region\" aria-labelledby=\"elementor-tab-title-2089\"><\/div>\n\t\t\t\t<\/div>\n\t\t\t\t\t\t\t\t<\/div>\n\t\t\t\t\t\t<\/div>\n\t\t\t\t<\/div>\n\t\t\t\t\t<\/div>\n\t\t<\/div>\n\t\t\t\t\t<\/div>\n\t\t<\/section>\n\t\t\t\t<\/div>\n\t\t                        <\/div>\n                    <\/div>\n                                    <div class=\"tab-pane elementkit-tab-pane elementor-repeater-item-9b61f69\" id=\"content-9b61f6969f02136541de\" role=\"tabpanel\"\n                         aria-labelledby=\"content-9b61f6969f02136541de-tab\">\n                        <div class=\"animated fadeIn\">\n                            <img decoding=\"async\" class=\"aligncenter\" src=\"https:\/\/pharmaplast-online.net\/wp-content\/uploads\/Wound_Care\/how_to_use\/En\/Cure-Aid_Dressing_Strip_eXsorb.png \" alt=\"\">                        <\/div>\n                    <\/div>\n                                    <div class=\"tab-pane elementkit-tab-pane elementor-repeater-item-23affad\" id=\"content-23affad69f02136541de\" role=\"tabpanel\"\n                         aria-labelledby=\"content-23affad69f02136541de-tab\">\n                        <div class=\"animated fadeIn\">\n                            <table><tbody><tr><td width=\"222\"><p><strong><em>Cure -Aid\u00ae Dressing Strip eXsorb\u00ae<\/em><\/strong><\/p><\/td><td width=\"114\"><p><strong>Size<\/strong><\/p><\/td><td width=\"142\"><p><strong>Pieces\/Case<\/strong><\/p><\/td><td width=\"86\"><p><strong>Boxes\/Case <\/strong><\/p><\/td><\/tr><tr><td width=\"222\"><p>DERMIEX2040<\/p><\/td><td width=\"114\"><p>2&#215;4 cm<\/p><\/td><td width=\"142\"><p>100<\/p><\/td><td width=\"86\"><p>60<\/p><\/td><\/tr><tr><td width=\"222\"><p>DERMIEX2060<\/p><\/td><td width=\"114\"><p>2&#215;6 cm<\/p><\/td><td width=\"142\"><p>100<\/p><\/td><td width=\"86\"><p>60<\/p><\/td><\/tr><tr><td width=\"222\"><p>DERMIEX20120<\/p><\/td><td width=\"114\"><p>2X12cm<\/p><\/td><td width=\"142\"><p>100<\/p><\/td><td width=\"86\"><p>60<\/p><\/td><\/tr><tr><td width=\"222\"><p>DERMIEX30120<\/p><\/td><td width=\"114\"><p>3x12cm<\/p><\/td><td width=\"142\"><p>100<\/p><\/td><td width=\"86\"><p>60<\/p><\/td><\/tr><tr><td width=\"222\"><p>DERMIEX20180<\/p><\/td><td width=\"114\"><p>2x18cm<\/p><\/td><td width=\"142\"><p>100<\/p><\/td><td width=\"86\"><p>60<\/p><\/td><\/tr><tr><td width=\"222\"><p>DERMIEX30180<\/p><\/td><td width=\"114\"><p>3x18cm<\/p><\/td><td width=\"142\"><p>100<\/p><\/td><td width=\"86\"><p>60<\/p><\/td><\/tr><tr><td width=\"222\"><p>DERMIEX40100<\/p><\/td><td width=\"114\"><p>4X10cm<\/p><\/td><td width=\"142\"><p>10<\/p><\/td><td width=\"86\"><p>120<\/p><\/td><\/tr><tr><td width=\"222\"><p>DERMIEX60100<\/p><\/td><td width=\"114\"><p>6X10cm<\/p><\/td><td width=\"142\"><p>10<\/p><\/td><td width=\"86\"><p>120<\/p><\/td><\/tr><tr><td width=\"222\"><p>DERMIEX70100<\/p><\/td><td width=\"114\"><p>7x10cm<\/p><\/td><td width=\"142\"><p>10<\/p><\/td><td width=\"86\"><p>120<\/p><\/td><\/tr><tr><td width=\"222\"><p>DERMIEX80100<\/p><\/td><td width=\"114\"><p>8x10cm<\/p><\/td><td width=\"142\"><p>10<\/p><\/td><td width=\"86\"><p>120<\/p><\/td><\/tr><\/tbody><\/table><p>D'autres tailles sont disponibles sur demande.<\/p><p><img decoding=\"async\" class=\"aligncenter\" src=\"https:\/\/pharmaplast-online.net\/wp-content\/uploads\/Wound_Care\/how_to_use\/En\/Cure-Aid_Dressing_Strip_eXsorb.png \" alt=\"\" \/><\/p>                        <\/div>\n                    <\/div>\n                                    <div class=\"tab-pane elementkit-tab-pane elementor-repeater-item-7094b8a\" id=\"content-7094b8a69f02136541de\" role=\"tabpanel\"\n                         aria-labelledby=\"content-7094b8a69f02136541de-tab\">\n                        <div class=\"animated fadeIn\">\n                            <p><a href=\"https:\/\/pharmaplast-online.net\/wp-content\/uploads\/2024\/10\/eXsorb-and-eXsorb-Carbon-Brochure.pdf\">eXsorb\u00a0 Brochure<\/a><\/p><p><img decoding=\"async\" class=\"alignnone  wp-image-17145\" src=\"https:\/\/pharmaplast-online.net\/wp-content\/uploads\/2024\/10\/pdf_4726010-300x300.png\" alt=\"\" width=\"46\" height=\"46\" srcset=\"https:\/\/pharmaplast-online.net\/wp-content\/uploads\/2024\/10\/pdf_4726010-300x300.png 300w, https:\/\/pharmaplast-online.net\/wp-content\/uploads\/2024\/10\/pdf_4726010-150x150.png 150w, https:\/\/pharmaplast-online.net\/wp-content\/uploads\/2024\/10\/pdf_4726010-12x12.png 12w, https:\/\/pharmaplast-online.net\/wp-content\/uploads\/2024\/10\/pdf_4726010-24x24.png 24w, https:\/\/pharmaplast-online.net\/wp-content\/uploads\/2024\/10\/pdf_4726010-36x36.png 36w, https:\/\/pharmaplast-online.net\/wp-content\/uploads\/2024\/10\/pdf_4726010-48x48.png 48w, https:\/\/pharmaplast-online.net\/wp-content\/uploads\/2024\/10\/pdf_4726010-100x100.png 100w, https:\/\/pharmaplast-online.net\/wp-content\/uploads\/2024\/10\/pdf_4726010.png 512w\" sizes=\"(max-width: 46px) 100vw, 46px\" \/><\/p><p>\u00a0<\/p>                        <\/div>\n                    <\/div>\n                                \n            <\/div>\n                    <\/div>\n    <\/div>\t\t\t\t<\/div>\n\t\t\t\t<\/div>\n\t\t\t\t\t<\/div>\n\t\t<\/div>\n\t\t\t\t\t<\/div>\n\t\t<\/section>\n\t\t\t\t<\/div>","protected":false},"excerpt":{"rendered":"<p>Dressing Strip with Superabsorbent Pad<\/p>","protected":false},"featured_media":16827,"comment_status":"open","ping_status":"closed","template":"","meta":[],"product_brand":[],"product_cat":[348,352,325],"product_tag":[],"class_list":{"0":"post-8106","1":"product","2":"type-product","3":"status-publish","4":"has-post-thumbnail","6":"product_cat-dressing-strip-first-aid-bandages","7":"product_cat-extra-absorbent-pad-dressing-strip-first-aid-bandages","8":"product_cat-first-aid-bandages","9":"new","11":"first","12":"instock","13":"shipping-taxable","14":"product-type-simple"},"acf":[],"_links":{"self":[{"href":"https:\/\/pharmaplast-online.net\/fr\/wp-json\/wp\/v2\/product\/8106","targetHints":{"allow":["GET"]}}],"collection":[{"href":"https:\/\/pharmaplast-online.net\/fr\/wp-json\/wp\/v2\/product"}],"about":[{"href":"https:\/\/pharmaplast-online.net\/fr\/wp-json\/wp\/v2\/types\/product"}],"replies":[{"embeddable":true,"href":"https:\/\/pharmaplast-online.net\/fr\/wp-json\/wp\/v2\/comments?post=8106"}],"version-history":[{"count":25,"href":"https:\/\/pharmaplast-online.net\/fr\/wp-json\/wp\/v2\/product\/8106\/revisions"}],"predecessor-version":[{"id":18521,"href":"https:\/\/pharmaplast-online.net\/fr\/wp-json\/wp\/v2\/product\/8106\/revisions\/18521"}],"wp:featuredmedia":[{"embeddable":true,"href":"https:\/\/pharmaplast-online.net\/fr\/wp-json\/wp\/v2\/media\/16827"}],"wp:attachment":[{"href":"https:\/\/pharmaplast-online.net\/fr\/wp-json\/wp\/v2\/media?parent=8106"}],"wp:term":[{"taxonomy":"product_brand","embeddable":true,"href":"https:\/\/pharmaplast-online.net\/fr\/wp-json\/wp\/v2\/product_brand?post=8106"},{"taxonomy":"product_cat","embeddable":true,"href":"https:\/\/pharmaplast-online.net\/fr\/wp-json\/wp\/v2\/product_cat?post=8106"},{"taxonomy":"product_tag","embeddable":true,"href":"https:\/\/pharmaplast-online.net\/fr\/wp-json\/wp\/v2\/product_tag?post=8106"}],"curies":[{"name":"wp","href":"https:\/\/api.w.org\/{rel}","templated":true}]}}