{"id":9598,"date":"2023-01-25T14:41:55","date_gmt":"2023-01-25T14:41:55","guid":{"rendered":"https:\/\/pharmaplast.mediagate-egy.com\/?post_type=product&#038;p=9598"},"modified":"2025-11-19T19:26:24","modified_gmt":"2025-11-19T19:26:24","slug":"pharmafix-pu","status":"publish","type":"product","link":"https:\/\/pharmaplast-online.net\/fr\/produit\/pharmafix-pu\/","title":{"rendered":"Pharmafix\u00ae PU"},"content":{"rendered":"<div data-elementor-type=\"product-post\" data-elementor-id=\"9598\" class=\"elementor elementor-9598\" data-elementor-post-type=\"product\">\n\t\t\t\t\t\t<section class=\"elementor-section elementor-top-section elementor-element elementor-element-e9518a6 elementor-section-boxed elementor-section-height-default elementor-section-height-default qodef-elementor-content-no\" data-id=\"e9518a6\" data-element_type=\"section\" data-e-type=\"section\" data-settings=\"{&quot;ekit_has_onepagescroll_dot&quot;:&quot;yes&quot;}\">\n\t\t\t\t\t\t<div class=\"elementor-container elementor-column-gap-default\">\n\t\t\t\t\t<div class=\"elementor-column elementor-col-100 elementor-top-column elementor-element elementor-element-62f0063\" data-id=\"62f0063\" data-element_type=\"column\" data-e-type=\"column\">\n\t\t\t<div class=\"elementor-widget-wrap elementor-element-populated\">\n\t\t\t\t\t\t<div class=\"elementor-element elementor-element-59ffa9a elementor-widget elementor-widget-elementskit-simple-tab\" data-id=\"59ffa9a\" data-element_type=\"widget\" data-e-type=\"widget\" data-settings=\"{&quot;ekit_we_effect_on&quot;:&quot;none&quot;}\" data-widget_type=\"elementskit-simple-tab.default\">\n\t\t\t\t<div class=\"elementor-widget-container\">\n\t\t\t\t\t<div class=\"ekit-wid-con\" >        <div class=\"elementkit-tab-wraper\">\n            <ul class=\"nav nav-tabs elementkit-tab-nav  elementskit-fullwidth-tab\">\n                                    <li class=\"elementkit-nav-item elementor-repeater-item-d0363a9\">\n                        <a class=\"elementkit-nav-link  active show left-pos\" id=\"content-d0363a969f17129603be-tab\" data-ekit-handler-id=\"product-info\" data-ekit-toggle=\"tab\" data-target=\"#content-d0363a969f17129603be\" href=\"#Content-d0363a969f17129603be\"\n                            data-ekit-toggle-trigger=\"click\"\n                            aria-describedby=\"Content-d0363a969f17129603be\">\n                            <span class=\"elementskit-tab-icon\"><\/span>                            <span class=\"elementskit-tab-title\">Informations Sur Le Produit<\/span>\n                        <\/a>\n                    <\/li>\n                                        <li class=\"elementkit-nav-item elementor-repeater-item-9b61f69\">\n                        <a class=\"elementkit-nav-link  left-pos\" id=\"content-9b61f6969f17129603be-tab\" data-ekit-handler-id=\"how-to-use\" data-ekit-toggle=\"tab\" data-target=\"#content-9b61f6969f17129603be\" href=\"#Content-9b61f6969f17129603be\"\n                            data-ekit-toggle-trigger=\"click\"\n                            aria-describedby=\"Content-9b61f6969f17129603be\">\n                            <span class=\"elementskit-tab-icon\"><\/span>                            <span class=\"elementskit-tab-title\">Consignes D\u2019utilisation<\/span>\n                        <\/a>\n                    <\/li>\n                                        <li class=\"elementkit-nav-item elementor-repeater-item-23affad\">\n                        <a class=\"elementkit-nav-link  left-pos\" id=\"content-23affad69f17129603be-tab\" data-ekit-handler-id=\"sizes-codes\" data-ekit-toggle=\"tab\" data-target=\"#content-23affad69f17129603be\" href=\"#Content-23affad69f17129603be\"\n                            data-ekit-toggle-trigger=\"click\"\n                            aria-describedby=\"Content-23affad69f17129603be\">\n                            <span class=\"elementskit-tab-icon\"><\/span>                            <span class=\"elementskit-tab-title\">Tailles et Codes<\/span>\n                        <\/a>\n                    <\/li>\n                                        <li class=\"elementkit-nav-item elementor-repeater-item-9882644\">\n                        <a class=\"elementkit-nav-link  left-pos\" id=\"content-988264469f17129603be-tab\" data-ekit-handler-id=\"downloads\" data-ekit-toggle=\"tab\" data-target=\"#content-988264469f17129603be\" href=\"#Content-988264469f17129603be\"\n                            data-ekit-toggle-trigger=\"click\"\n                            aria-describedby=\"Content-988264469f17129603be\">\n                            <span class=\"elementskit-tab-icon\"><\/span>                            <span class=\"elementskit-tab-title\">T\u00e9l\u00e9chargement<\/span>\n                        <\/a>\n                    <\/li>\n                                <\/ul>\n\n            <div class=\"tab-content elementkit-tab-content\">\n                                    <div class=\"tab-pane elementkit-tab-pane elementor-repeater-item-d0363a9  active show\" id=\"content-d0363a969f17129603be\" role=\"tabpanel\"\n                         aria-labelledby=\"content-d0363a969f17129603be-tab\">\n                        <div class=\"animated fadeIn\">\n                            <h3>Informations Sur Le Produit<\/h3>\t\t<div data-elementor-type=\"section\" data-elementor-id=\"8585\" class=\"elementor elementor-8585\" data-elementor-post-type=\"elementor_library\">\n\t\t\t\t\t<section class=\"elementor-section elementor-top-section elementor-element elementor-element-3c9a5a4 elementor-section-boxed elementor-section-height-default elementor-section-height-default qodef-elementor-content-no\" data-id=\"3c9a5a4\" data-element_type=\"section\" data-e-type=\"section\" data-settings=\"{&quot;ekit_has_onepagescroll_dot&quot;:&quot;yes&quot;}\">\n\t\t\t\t\t\t<div class=\"elementor-container elementor-column-gap-default\">\n\t\t\t\t\t<div class=\"elementor-column elementor-col-100 elementor-top-column elementor-element elementor-element-8fd3e15\" data-id=\"8fd3e15\" data-element_type=\"column\" data-e-type=\"column\">\n\t\t\t<div class=\"elementor-widget-wrap elementor-element-populated\">\n\t\t\t\t\t\t<div class=\"elementor-element elementor-element-c6fd92e elementor-widget elementor-widget-accordion\" data-id=\"c6fd92e\" data-element_type=\"widget\" data-e-type=\"widget\" data-settings=\"{&quot;ekit_we_effect_on&quot;:&quot;none&quot;}\" data-widget_type=\"accordion.default\">\n\t\t\t\t<div class=\"elementor-widget-container\">\n\t\t\t\t\t\t\t<div class=\"elementor-accordion\">\n\t\t\t\t\t\t\t<div class=\"elementor-accordion-item\">\n\t\t\t\t\t<div id=\"elementor-tab-title-2081\" class=\"elementor-tab-title\" data-tab=\"1\" role=\"button\" aria-controls=\"elementor-tab-content-2081\" aria-expanded=\"false\">\n\t\t\t\t\t\t\t\t\t\t\t\t\t<span class=\"elementor-accordion-icon elementor-accordion-icon-left\" aria-hidden=\"true\">\n\t\t\t\t\t\t\t\t\t\t\t\t\t\t\t<span class=\"elementor-accordion-icon-closed\"><i class=\"fas fa-plus\"><\/i><\/span>\n\t\t\t\t\t\t\t\t<span class=\"elementor-accordion-icon-opened\"><i class=\"fas fa-minus\"><\/i><\/span>\n\t\t\t\t\t\t\t\t\t\t\t\t\t\t<\/span>\n\t\t\t\t\t\t\t\t\t\t\t\t<a class=\"elementor-accordion-title\" tabindex=\"0\">Description<\/a>\n\t\t\t\t\t<\/div>\n\t\t\t\t\t<div id=\"elementor-tab-content-2081\" class=\"elementor-tab-content elementor-clearfix\" data-tab=\"1\" role=\"region\" aria-labelledby=\"elementor-tab-title-2081\"><p>Made of thin, flexible, water-proof, bacterial &amp; virus-proof polyurethane film coated on one side with a hypoallergenic adhesive and protected with a grid printed silicon paper with a crack-back cut for easy application.<\/p>\n<\/div>\n\t\t\t\t<\/div>\n\t\t\t\t\t\t\t<div class=\"elementor-accordion-item\">\n\t\t\t\t\t<div id=\"elementor-tab-title-2082\" class=\"elementor-tab-title\" data-tab=\"2\" role=\"button\" aria-controls=\"elementor-tab-content-2082\" aria-expanded=\"false\">\n\t\t\t\t\t\t\t\t\t\t\t\t\t<span class=\"elementor-accordion-icon elementor-accordion-icon-left\" aria-hidden=\"true\">\n\t\t\t\t\t\t\t\t\t\t\t\t\t\t\t<span class=\"elementor-accordion-icon-closed\"><i class=\"fas fa-plus\"><\/i><\/span>\n\t\t\t\t\t\t\t\t<span class=\"elementor-accordion-icon-opened\"><i class=\"fas fa-minus\"><\/i><\/span>\n\t\t\t\t\t\t\t\t\t\t\t\t\t\t<\/span>\n\t\t\t\t\t\t\t\t\t\t\t\t<a class=\"elementor-accordion-title\" tabindex=\"0\">Caract\u00e9ristiques<\/a>\n\t\t\t\t\t<\/div>\n\t\t\t\t\t<div id=\"elementor-tab-content-2082\" class=\"elementor-tab-content elementor-clearfix\" data-tab=\"2\" role=\"region\" aria-labelledby=\"elementor-tab-title-2082\"><div class=\"su-spoiler-content su-u-clearfix su-u-trim\">\n<p class=\"translation-block\"><ul>\n<li><b>Pharmafix \u2013 PU<\/b> <span style=\"font-size: medium\"> \u2013 le film est imperm\u00e9able \u00e0 l\u2019eau et aide \u00e0 la pr\u00e9vention de la contamination par bact\u00e9ries. Sa haute perm\u00e9abilit\u00e9 \u00e0 la vapeur d\u2019eauemp\u00eache l\u2019accumulation de transpiration et de fluide sous le pansement. L\u2019adh\u00e9sif acrylique r\u00e9duit au minimum le risque d\u2019endommagement de la peau lorsqu\u2019il est \u00f4t\u00e9, particuli\u00e8rement apr\u00e8s de longues p\u00e9riodes d\u2019utilisation.<\/span><\/li>\n<li><b>Pharmafix \u2013 PU<\/b> <span style=\"font-size: medium\"> a \u00e9t\u00e9 con\u00e7u pour permettre l\u2019application facile du film au-dessus des pansements et des tubes. Le film est fortement conforme et extensible pour augmenter le confort du patient.<\/span><\/li>\n<li><b>Syst\u00e8me unique sous forme de rouleau<\/b> <span style=\"font-size: medium\"> \u2013 le format unique et novateur permet l\u2019utilisation rapide et \u00e9conomique du film PU en vue de poser des pansements confortables et imperm\u00e9ables \u00e0 l\u2019eau.<\/span><\/li>\n<\/ul><\/p>\n<p><b style=\"font-size: medium\">Pharmafix<\/b><b style=\"font-size: medium\"><sup>\u00ae<\/sup><\/b><b style=\"font-size: medium\"> PU <\/b><span style=\"font-size: medium\">le film est \u00e9tanche et aide \u00e0 pr\u00e9venir la contamination bact\u00e9rienne.<br \/>\n<\/span><span style=\"font-size: medium\">Sa haute perm\u00e9abilit\u00e9 \u00e0 la vapeur d'eau emp\u00eache l'accumulation de transpiration et de liquide sous le pansement.<br \/>\n<\/span><span style=\"font-size: medium\">L'adh\u00e9sif hypoallerg\u00e9nique minimise le risque de l\u00e9sions cutan\u00e9es lors du retrait, en particulier apr\u00e8s de longues p\u00e9riodes d'usure.<br \/>\n<\/span><\/p>\n<\/div>\n<\/div>\n\t\t\t\t<\/div>\n\t\t\t\t\t\t\t<div class=\"elementor-accordion-item\">\n\t\t\t\t\t<div id=\"elementor-tab-title-2083\" class=\"elementor-tab-title\" data-tab=\"3\" role=\"button\" aria-controls=\"elementor-tab-content-2083\" aria-expanded=\"false\">\n\t\t\t\t\t\t\t\t\t\t\t\t\t<span class=\"elementor-accordion-icon elementor-accordion-icon-left\" aria-hidden=\"true\">\n\t\t\t\t\t\t\t\t\t\t\t\t\t\t\t<span class=\"elementor-accordion-icon-closed\"><i class=\"fas fa-plus\"><\/i><\/span>\n\t\t\t\t\t\t\t\t<span class=\"elementor-accordion-icon-opened\"><i class=\"fas fa-minus\"><\/i><\/span>\n\t\t\t\t\t\t\t\t\t\t\t\t\t\t<\/span>\n\t\t\t\t\t\t\t\t\t\t\t\t<a class=\"elementor-accordion-title\" tabindex=\"0\">Usage Pr\u00e9vu:<\/a>\n\t\t\t\t\t<\/div>\n\t\t\t\t\t<div id=\"elementor-tab-content-2083\" class=\"elementor-tab-content elementor-clearfix\" data-tab=\"3\" role=\"region\" aria-labelledby=\"elementor-tab-title-2083\"><p>\u2022 Retention of primary dressing or low adherent dressings.<br \/>\n\u2022 To secure catheters and drainage tubes.<br \/>\n\u2022 Attachment of leg bags, stoma devices, etc.<br \/>\n\u2022 Breathable surgical tape.<\/p>\n<\/div>\n\t\t\t\t<\/div>\n\t\t\t\t\t\t\t<div class=\"elementor-accordion-item\">\n\t\t\t\t\t<div id=\"elementor-tab-title-2084\" class=\"elementor-tab-title\" data-tab=\"4\" role=\"button\" aria-controls=\"elementor-tab-content-2084\" aria-expanded=\"false\">\n\t\t\t\t\t\t\t\t\t\t\t\t\t<span class=\"elementor-accordion-icon elementor-accordion-icon-left\" aria-hidden=\"true\">\n\t\t\t\t\t\t\t\t\t\t\t\t\t\t\t<span class=\"elementor-accordion-icon-closed\"><i class=\"fas fa-plus\"><\/i><\/span>\n\t\t\t\t\t\t\t\t<span class=\"elementor-accordion-icon-opened\"><i class=\"fas fa-minus\"><\/i><\/span>\n\t\t\t\t\t\t\t\t\t\t\t\t\t\t<\/span>\n\t\t\t\t\t\t\t\t\t\t\t\t<a class=\"elementor-accordion-title\" tabindex=\"0\">Contre-indications<\/a>\n\t\t\t\t\t<\/div>\n\t\t\t\t\t<div id=\"elementor-tab-content-2084\" class=\"elementor-tab-content elementor-clearfix\" data-tab=\"4\" role=\"region\" aria-labelledby=\"elementor-tab-title-2084\"><p>\u2022 Do not use on an infected wound unless under medical supervision.<br \/>\n\u2022 Do not use in case of sensitivity to any of the tape components and Medical adhesives<\/p>\n<\/div>\n\t\t\t\t<\/div>\n\t\t\t\t\t\t\t<div class=\"elementor-accordion-item\">\n\t\t\t\t\t<div id=\"elementor-tab-title-2085\" class=\"elementor-tab-title\" data-tab=\"5\" role=\"button\" aria-controls=\"elementor-tab-content-2085\" aria-expanded=\"false\">\n\t\t\t\t\t\t\t\t\t\t\t\t\t<span class=\"elementor-accordion-icon elementor-accordion-icon-left\" aria-hidden=\"true\">\n\t\t\t\t\t\t\t\t\t\t\t\t\t\t\t<span class=\"elementor-accordion-icon-closed\"><i class=\"fas fa-plus\"><\/i><\/span>\n\t\t\t\t\t\t\t\t<span class=\"elementor-accordion-icon-opened\"><i class=\"fas fa-minus\"><\/i><\/span>\n\t\t\t\t\t\t\t\t\t\t\t\t\t\t<\/span>\n\t\t\t\t\t\t\t\t\t\t\t\t<a class=\"elementor-accordion-title\" tabindex=\"0\">Pr\u00e9cautions<\/a>\n\t\t\t\t\t<\/div>\n\t\t\t\t\t<div id=\"elementor-tab-content-2085\" class=\"elementor-tab-content elementor-clearfix\" data-tab=\"5\" role=\"region\" aria-labelledby=\"elementor-tab-title-2085\"><\/div>\n\t\t\t\t<\/div>\n\t\t\t\t\t\t\t<div class=\"elementor-accordion-item\">\n\t\t\t\t\t<div id=\"elementor-tab-title-2086\" class=\"elementor-tab-title\" data-tab=\"6\" role=\"button\" aria-controls=\"elementor-tab-content-2086\" aria-expanded=\"false\">\n\t\t\t\t\t\t\t\t\t\t\t\t\t<span class=\"elementor-accordion-icon elementor-accordion-icon-left\" aria-hidden=\"true\">\n\t\t\t\t\t\t\t\t\t\t\t\t\t\t\t<span class=\"elementor-accordion-icon-closed\"><i class=\"fas fa-plus\"><\/i><\/span>\n\t\t\t\t\t\t\t\t<span class=\"elementor-accordion-icon-opened\"><i class=\"fas fa-minus\"><\/i><\/span>\n\t\t\t\t\t\t\t\t\t\t\t\t\t\t<\/span>\n\t\t\t\t\t\t\t\t\t\t\t\t<a class=\"elementor-accordion-title\" tabindex=\"0\">Sch\u00e9ma des couches<\/a>\n\t\t\t\t\t<\/div>\n\t\t\t\t\t<div id=\"elementor-tab-content-2086\" class=\"elementor-tab-content elementor-clearfix\" data-tab=\"6\" role=\"region\" aria-labelledby=\"elementor-tab-title-2086\"><\/div>\n\t\t\t\t<\/div>\n\t\t\t\t\t\t\t<div class=\"elementor-accordion-item\">\n\t\t\t\t\t<div id=\"elementor-tab-title-2087\" class=\"elementor-tab-title\" data-tab=\"7\" role=\"button\" aria-controls=\"elementor-tab-content-2087\" aria-expanded=\"false\">\n\t\t\t\t\t\t\t\t\t\t\t\t\t<span class=\"elementor-accordion-icon elementor-accordion-icon-left\" aria-hidden=\"true\">\n\t\t\t\t\t\t\t\t\t\t\t\t\t\t\t<span class=\"elementor-accordion-icon-closed\"><i class=\"fas fa-plus\"><\/i><\/span>\n\t\t\t\t\t\t\t\t<span class=\"elementor-accordion-icon-opened\"><i class=\"fas fa-minus\"><\/i><\/span>\n\t\t\t\t\t\t\t\t\t\t\t\t\t\t<\/span>\n\t\t\t\t\t\t\t\t\t\t\t\t<a class=\"elementor-accordion-title\" tabindex=\"0\">Fr\u00e9quence de changement<\/a>\n\t\t\t\t\t<\/div>\n\t\t\t\t\t<div id=\"elementor-tab-content-2087\" class=\"elementor-tab-content elementor-clearfix\" data-tab=\"7\" role=\"region\" aria-labelledby=\"elementor-tab-title-2087\"><\/div>\n\t\t\t\t<\/div>\n\t\t\t\t\t\t\t<div class=\"elementor-accordion-item\">\n\t\t\t\t\t<div id=\"elementor-tab-title-2088\" class=\"elementor-tab-title\" data-tab=\"8\" role=\"button\" aria-controls=\"elementor-tab-content-2088\" aria-expanded=\"false\">\n\t\t\t\t\t\t\t\t\t\t\t\t\t<span class=\"elementor-accordion-icon elementor-accordion-icon-left\" aria-hidden=\"true\">\n\t\t\t\t\t\t\t\t\t\t\t\t\t\t\t<span class=\"elementor-accordion-icon-closed\"><i class=\"fas fa-plus\"><\/i><\/span>\n\t\t\t\t\t\t\t\t<span class=\"elementor-accordion-icon-opened\"><i class=\"fas fa-minus\"><\/i><\/span>\n\t\t\t\t\t\t\t\t\t\t\t\t\t\t<\/span>\n\t\t\t\t\t\t\t\t\t\t\t\t<a class=\"elementor-accordion-title\" tabindex=\"0\">Comment \u00e7a fonctionne?<\/a>\n\t\t\t\t\t<\/div>\n\t\t\t\t\t<div id=\"elementor-tab-content-2088\" class=\"elementor-tab-content elementor-clearfix\" data-tab=\"8\" role=\"region\" aria-labelledby=\"elementor-tab-title-2088\"><p><b style=\"font-size: medium\">Pharmafix<\/b><b style=\"font-size: medium\"><sup>\u00ae<\/sup><\/b><b style=\"font-size: medium\"> PU<\/b><span style=\"font-size: medium\"> a \u00e9t\u00e9 con\u00e7u pour permettre une application facile du film sur les pansements et les tubes. Le film est hautement conformable et extensible pour augmenter le confort du patient.<br \/>\n<\/span><b style=\"font-size: medium\">Unique roll system \u2013<\/b><span style=\"font-size: medium\"> Le format de rouleau unique et novateur permet une utilisation rapide et \u00e9conomique du film PU pour cr\u00e9er une fixation confortable et \u00e9tanche pour les pansements.<\/span><\/p>\n<\/div>\n\t\t\t\t<\/div>\n\t\t\t\t\t\t\t<div class=\"elementor-accordion-item\">\n\t\t\t\t\t<div id=\"elementor-tab-title-2089\" class=\"elementor-tab-title\" data-tab=\"9\" role=\"button\" aria-controls=\"elementor-tab-content-2089\" aria-expanded=\"false\">\n\t\t\t\t\t\t\t\t\t\t\t\t\t<span class=\"elementor-accordion-icon elementor-accordion-icon-left\" aria-hidden=\"true\">\n\t\t\t\t\t\t\t\t\t\t\t\t\t\t\t<span class=\"elementor-accordion-icon-closed\"><i class=\"fas fa-plus\"><\/i><\/span>\n\t\t\t\t\t\t\t\t<span class=\"elementor-accordion-icon-opened\"><i class=\"fas fa-minus\"><\/i><\/span>\n\t\t\t\t\t\t\t\t\t\t\t\t\t\t<\/span>\n\t\t\t\t\t\t\t\t\t\t\t\t<a class=\"elementor-accordion-title\" tabindex=\"0\">Dur\u00e9e de conservation<\/a>\n\t\t\t\t\t<\/div>\n\t\t\t\t\t<div id=\"elementor-tab-content-2089\" class=\"elementor-tab-content elementor-clearfix\" data-tab=\"9\" role=\"region\" aria-labelledby=\"elementor-tab-title-2089\"><p>5 ans.<\/p>\n<\/div>\n\t\t\t\t<\/div>\n\t\t\t\t\t\t\t\t<\/div>\n\t\t\t\t\t\t<\/div>\n\t\t\t\t<\/div>\n\t\t\t\t\t<\/div>\n\t\t<\/div>\n\t\t\t\t\t<\/div>\n\t\t<\/section>\n\t\t\t\t<\/div>\n\t\t                        <\/div>\n                    <\/div>\n                                    <div class=\"tab-pane elementkit-tab-pane elementor-repeater-item-9b61f69\" id=\"content-9b61f6969f17129603be\" role=\"tabpanel\"\n                         aria-labelledby=\"content-9b61f6969f17129603be-tab\">\n                        <div class=\"animated fadeIn\">\n                            <p><iframe title=\"Pharmafix\u00ae PU\" width=\"1300\" height=\"731\" src=\"https:\/\/www.youtube.com\/embed\/8fq0QoRbNyA?feature=oembed\" frameborder=\"0\" allow=\"accelerometer; autoplay; clipboard-write; encrypted-media; gyroscope; picture-in-picture; web-share\" referrerpolicy=\"strict-origin-when-cross-origin\" allowfullscreen><\/iframe><\/p><p>\u00a0<\/p><p><img decoding=\"async\" class=\"aligncenter\" src=\"https:\/\/pharmaplast-online.net\/wp-content\/uploads\/Wound_Care\/how_to_use\/En\/Pharmafix_PU.png \" alt=\"\" \/><\/p>                        <\/div>\n                    <\/div>\n                                    <div class=\"tab-pane elementkit-tab-pane elementor-repeater-item-23affad\" id=\"content-23affad69f17129603be\" role=\"tabpanel\"\n                         aria-labelledby=\"content-23affad69f17129603be-tab\">\n                        <div class=\"animated fadeIn\">\n                            <p>\u00a0<\/p><table><tbody><tr><td width=\"131\"><p><strong>Pharmafix PU<\/strong><\/p><\/td><td width=\"114\"><p><strong>Sizes <\/strong><\/p><\/td><td width=\"107\"><p><strong>Pieces \/Boxes<\/strong><\/p><\/td><td width=\"104\"><p><strong>Boxes\/Case <\/strong><\/p><\/td><\/tr><tr><td width=\"131\"><p>FIXPU254550<\/p><\/td><td width=\"114\"><p>2.5cmx4.55m<\/p><\/td><td width=\"107\"><p>2<\/p><\/td><td width=\"104\"><p>72<\/p><\/td><\/tr><tr><td width=\"131\"><p>FIXPU504550<\/p><\/td><td width=\"114\"><p>5cmx4.55m<\/p><\/td><td width=\"107\"><p>1<\/p><\/td><td width=\"104\"><p>72<\/p><\/td><\/tr><tr><td width=\"131\"><p>FIXPU754550<\/p><\/td><td width=\"114\"><p>7.5cmx4.55m<\/p><\/td><td width=\"107\"><p>1<\/p><\/td><td width=\"104\"><p>36<\/p><\/td><\/tr><tr><td width=\"131\"><p>FIXPU1004550<\/p><\/td><td width=\"114\"><p>10cmx4.55m<\/p><\/td><td width=\"107\"><p>1<\/p><\/td><td width=\"104\"><p>36<\/p><\/td><\/tr><tr><td width=\"131\"><p>FIXPU1504550<\/p><\/td><td width=\"114\"><p>15cmx4.55m<\/p><\/td><td width=\"107\"><p>1<\/p><\/td><td width=\"104\"><p>36<\/p><\/td><\/tr><tr><td width=\"131\"><p>FIXPU2004550<\/p><\/td><td width=\"114\"><p>20cmx4.55m<\/p><\/td><td width=\"107\"><p>1<\/p><\/td><td width=\"104\"><p>18<\/p><\/td><\/tr><tr><td width=\"131\"><p>FIXPU3004550<\/p><\/td><td width=\"114\"><p>30cmx4.55m<\/p><\/td><td width=\"107\"><p>1<\/p><\/td><td width=\"104\"><p>18<\/p><\/td><\/tr><tr><td width=\"131\"><p>FIXPU255000<\/p><\/td><td width=\"114\"><p>2.5cmx5m<\/p><\/td><td width=\"107\"><p>2<\/p><\/td><td width=\"104\"><p>72<\/p><\/td><\/tr><tr><td width=\"131\"><p>FIXPU505000<\/p><\/td><td width=\"114\"><p>5cmx5m<\/p><\/td><td width=\"107\"><p>1<\/p><\/td><td width=\"104\"><p>72<\/p><\/td><\/tr><tr><td width=\"131\"><p>FIXPU755000<\/p><\/td><td width=\"114\"><p>7.5cmx5m<\/p><\/td><td width=\"107\"><p>1<\/p><\/td><td width=\"104\"><p>36<\/p><\/td><\/tr><tr><td width=\"131\"><p>FIXPU1005000<\/p><\/td><td width=\"114\"><p>10cmx5m<\/p><\/td><td width=\"107\"><p>1<\/p><\/td><td width=\"104\"><p>36<\/p><\/td><\/tr><tr><td width=\"131\"><p>FIXPU1505000<\/p><\/td><td width=\"114\"><p>15cmx5m<\/p><\/td><td width=\"107\"><p>1<\/p><\/td><td width=\"104\"><p>36<\/p><\/td><\/tr><tr><td width=\"131\"><p>FIXPU2005000<\/p><\/td><td width=\"114\"><p>20cmx5m<\/p><\/td><td width=\"107\"><p>1<\/p><\/td><td width=\"104\"><p>18<\/p><\/td><\/tr><tr><td width=\"131\"><p>FIXPU3005000<\/p><\/td><td width=\"114\"><p>30cmx5m<\/p><\/td><td width=\"107\"><p>1<\/p><\/td><td width=\"104\"><p>18<\/p><\/td><\/tr><\/tbody><\/table><p>D'autres tailles sont disponibles sur demande.<\/p><p><img decoding=\"async\" class=\"aligncenter\" src=\"https:\/\/pharmaplast-online.net\/wp-content\/uploads\/Wound_Care\/table_of_sizes\/En\/Pharmafix_PU.png \" alt=\"\" \/><\/p>                        <\/div>\n                    <\/div>\n                                    <div class=\"tab-pane elementkit-tab-pane elementor-repeater-item-9882644\" id=\"content-988264469f17129603be\" role=\"tabpanel\"\n                         aria-labelledby=\"content-988264469f17129603be-tab\">\n                        <div class=\"animated fadeIn\">\n                            <p><a href=\"https:\/\/pharmaplast-online.net\/wp-content\/uploads\/2024\/10\/Pharmafix-PU-Brochure.pdf\">Pharmafix PU Brochure<\/a><\/p><p><img decoding=\"async\" class=\"alignnone wp-image-17145\" src=\"https:\/\/pharmaplast-online.net\/wp-content\/uploads\/2024\/10\/pdf_4726010-300x300.png\" alt=\"\" width=\"43\" height=\"43\" srcset=\"https:\/\/pharmaplast-online.net\/wp-content\/uploads\/2024\/10\/pdf_4726010-300x300.png 300w, https:\/\/pharmaplast-online.net\/wp-content\/uploads\/2024\/10\/pdf_4726010-150x150.png 150w, https:\/\/pharmaplast-online.net\/wp-content\/uploads\/2024\/10\/pdf_4726010-12x12.png 12w, https:\/\/pharmaplast-online.net\/wp-content\/uploads\/2024\/10\/pdf_4726010-24x24.png 24w, https:\/\/pharmaplast-online.net\/wp-content\/uploads\/2024\/10\/pdf_4726010-36x36.png 36w, https:\/\/pharmaplast-online.net\/wp-content\/uploads\/2024\/10\/pdf_4726010-48x48.png 48w, https:\/\/pharmaplast-online.net\/wp-content\/uploads\/2024\/10\/pdf_4726010-100x100.png 100w, https:\/\/pharmaplast-online.net\/wp-content\/uploads\/2024\/10\/pdf_4726010.png 512w\" sizes=\"(max-width: 43px) 100vw, 43px\" \/><\/p>                        <\/div>\n                    <\/div>\n                                \n            <\/div>\n                    <\/div>\n    <\/div>\t\t\t\t<\/div>\n\t\t\t\t<\/div>\n\t\t\t\t\t<\/div>\n\t\t<\/div>\n\t\t\t\t\t<\/div>\n\t\t<\/section>\n\t\t\t\t<\/div>","protected":false},"excerpt":{"rendered":"<p><span style=\"font-size: medium;\">\u00a0Pansement de fixation sous forme de film transparent \u00e9tanche<\/span><\/p>","protected":false},"featured_media":16598,"comment_status":"open","ping_status":"closed","template":"","meta":[],"product_brand":[],"product_cat":[251,250,254],"product_tag":[],"class_list":{"0":"post-9598","1":"product","2":"type-product","3":"status-publish","4":"has-post-thumbnail","6":"product_cat-fixation-tapes","7":"product_cat-medical-adhesive-tapes","8":"product_cat-waterproof-transparent","10":"first","11":"instock","12":"shipping-taxable","13":"product-type-simple"},"acf":[],"_links":{"self":[{"href":"https:\/\/pharmaplast-online.net\/fr\/wp-json\/wp\/v2\/product\/9598","targetHints":{"allow":["GET"]}}],"collection":[{"href":"https:\/\/pharmaplast-online.net\/fr\/wp-json\/wp\/v2\/product"}],"about":[{"href":"https:\/\/pharmaplast-online.net\/fr\/wp-json\/wp\/v2\/types\/product"}],"replies":[{"embeddable":true,"href":"https:\/\/pharmaplast-online.net\/fr\/wp-json\/wp\/v2\/comments?post=9598"}],"version-history":[{"count":16,"href":"https:\/\/pharmaplast-online.net\/fr\/wp-json\/wp\/v2\/product\/9598\/revisions"}],"predecessor-version":[{"id":23576,"href":"https:\/\/pharmaplast-online.net\/fr\/wp-json\/wp\/v2\/product\/9598\/revisions\/23576"}],"wp:featuredmedia":[{"embeddable":true,"href":"https:\/\/pharmaplast-online.net\/fr\/wp-json\/wp\/v2\/media\/16598"}],"wp:attachment":[{"href":"https:\/\/pharmaplast-online.net\/fr\/wp-json\/wp\/v2\/media?parent=9598"}],"wp:term":[{"taxonomy":"product_brand","embeddable":true,"href":"https:\/\/pharmaplast-online.net\/fr\/wp-json\/wp\/v2\/product_brand?post=9598"},{"taxonomy":"product_cat","embeddable":true,"href":"https:\/\/pharmaplast-online.net\/fr\/wp-json\/wp\/v2\/product_cat?post=9598"},{"taxonomy":"product_tag","embeddable":true,"href":"https:\/\/pharmaplast-online.net\/fr\/wp-json\/wp\/v2\/product_tag?post=9598"}],"curies":[{"name":"wp","href":"https:\/\/api.w.org\/{rel}","templated":true}]}}