{"id":11458,"date":"2023-03-05T15:47:24","date_gmt":"2023-03-05T15:47:24","guid":{"rendered":"https:\/\/pharmaplast.mediagate-egy.com\/?post_type=product&#038;p=11458"},"modified":"2024-11-02T13:29:33","modified_gmt":"2024-11-02T13:29:33","slug":"vilowond-povi-adhesive-film-frame-style","status":"publish","type":"product","link":"https:\/\/pharmaplast-online.net\/it\/prodotto\/vilowond-povi-adhesive-film-frame-style\/","title":{"rendered":"Vilowond\u00ae POVI Adhesive Film Frame Style"},"content":{"rendered":"<div data-elementor-type=\"product-post\" data-elementor-id=\"11458\" class=\"elementor elementor-11458\" data-elementor-post-type=\"product\">\n\t\t\t\t\t\t<section class=\"elementor-section elementor-top-section elementor-element elementor-element-aceb177 elementor-section-boxed elementor-section-height-default elementor-section-height-default qodef-elementor-content-no\" data-id=\"aceb177\" data-element_type=\"section\" data-e-type=\"section\" data-settings=\"{&quot;ekit_has_onepagescroll_dot&quot;:&quot;yes&quot;}\">\n\t\t\t\t\t\t<div class=\"elementor-container elementor-column-gap-default\">\n\t\t\t\t\t<div class=\"elementor-column elementor-col-100 elementor-top-column elementor-element elementor-element-0d55815\" data-id=\"0d55815\" data-element_type=\"column\" data-e-type=\"column\">\n\t\t\t<div class=\"elementor-widget-wrap elementor-element-populated\">\n\t\t\t\t\t\t<div class=\"elementor-element elementor-element-b472742 elementor-widget elementor-widget-elementskit-simple-tab\" data-id=\"b472742\" data-element_type=\"widget\" data-e-type=\"widget\" data-settings=\"{&quot;ekit_we_effect_on&quot;:&quot;none&quot;}\" data-widget_type=\"elementskit-simple-tab.default\">\n\t\t\t\t<div class=\"elementor-widget-container\">\n\t\t\t\t\t<div class=\"ekit-wid-con\" >        <div class=\"elementkit-tab-wraper\">\n            <ul class=\"nav nav-tabs elementkit-tab-nav  elementskit-fullwidth-tab\">\n                                    <li class=\"elementkit-nav-item elementor-repeater-item-d0363a9\">\n                        <a class=\"elementkit-nav-link  active show left-pos\" id=\"content-d0363a969e1a47b26d86-tab\" data-ekit-handler-id=\"product-info\" data-ekit-toggle=\"tab\" data-target=\"#content-d0363a969e1a47b26d86\" href=\"#Content-d0363a969e1a47b26d86\"\n                            data-ekit-toggle-trigger=\"click\"\n                            aria-describedby=\"Content-d0363a969e1a47b26d86\">\n                            <span class=\"elementskit-tab-icon\"><\/span>                            <span class=\"elementskit-tab-title\">InfoProdotto<\/span>\n                        <\/a>\n                    <\/li>\n                                        <li class=\"elementkit-nav-item elementor-repeater-item-9b61f69\">\n                        <a class=\"elementkit-nav-link  left-pos\" id=\"content-9b61f6969e1a47b26d86-tab\" data-ekit-handler-id=\"how-to-use\" data-ekit-toggle=\"tab\" data-target=\"#content-9b61f6969e1a47b26d86\" href=\"#Content-9b61f6969e1a47b26d86\"\n                            data-ekit-toggle-trigger=\"click\"\n                            aria-describedby=\"Content-9b61f6969e1a47b26d86\">\n                            <span class=\"elementskit-tab-icon\"><\/span>                            <span class=\"elementskit-tab-title\">Istruzioni per l\u2019uso<\/span>\n                        <\/a>\n                    <\/li>\n                                        <li class=\"elementkit-nav-item elementor-repeater-item-23affad\">\n                        <a class=\"elementkit-nav-link  left-pos\" id=\"content-23affad69e1a47b26d86-tab\" data-ekit-handler-id=\"sizes-codes\" data-ekit-toggle=\"tab\" data-target=\"#content-23affad69e1a47b26d86\" href=\"#Content-23affad69e1a47b26d86\"\n                            data-ekit-toggle-trigger=\"click\"\n                            aria-describedby=\"Content-23affad69e1a47b26d86\">\n                            <span class=\"elementskit-tab-icon\"><\/span>                            <span class=\"elementskit-tab-title\">Dimensioni e Codici<\/span>\n                        <\/a>\n                    <\/li>\n                                        <li class=\"elementkit-nav-item elementor-repeater-item-3fbbf4f\">\n                        <a class=\"elementkit-nav-link  left-pos\" id=\"content-3fbbf4f69e1a47b26d86-tab\" data-ekit-handler-id=\"downloads\" data-ekit-toggle=\"tab\" data-target=\"#content-3fbbf4f69e1a47b26d86\" href=\"#Content-3fbbf4f69e1a47b26d86\"\n                            data-ekit-toggle-trigger=\"click\"\n                            aria-describedby=\"Content-3fbbf4f69e1a47b26d86\">\n                            <span class=\"elementskit-tab-icon\"><\/span>                            <span class=\"elementskit-tab-title\">scaricamento<\/span>\n                        <\/a>\n                    <\/li>\n                                <\/ul>\n\n            <div class=\"tab-content elementkit-tab-content\">\n                                    <div class=\"tab-pane elementkit-tab-pane elementor-repeater-item-d0363a9  active show\" id=\"content-d0363a969e1a47b26d86\" role=\"tabpanel\"\n                         aria-labelledby=\"content-d0363a969e1a47b26d86-tab\">\n                        <div class=\"animated fadeIn\">\n                            <h3>InfoProdotto<\/h3>\t\t<div data-elementor-type=\"section\" data-elementor-id=\"8585\" class=\"elementor elementor-8585\" data-elementor-post-type=\"elementor_library\">\n\t\t\t\t\t<section class=\"elementor-section elementor-top-section elementor-element elementor-element-3c9a5a4 elementor-section-boxed elementor-section-height-default elementor-section-height-default qodef-elementor-content-no\" data-id=\"3c9a5a4\" data-element_type=\"section\" data-e-type=\"section\" data-settings=\"{&quot;ekit_has_onepagescroll_dot&quot;:&quot;yes&quot;}\">\n\t\t\t\t\t\t<div class=\"elementor-container elementor-column-gap-default\">\n\t\t\t\t\t<div class=\"elementor-column elementor-col-100 elementor-top-column elementor-element elementor-element-8fd3e15\" data-id=\"8fd3e15\" data-element_type=\"column\" data-e-type=\"column\">\n\t\t\t<div class=\"elementor-widget-wrap elementor-element-populated\">\n\t\t\t\t\t\t<div class=\"elementor-element elementor-element-c6fd92e elementor-widget elementor-widget-accordion\" data-id=\"c6fd92e\" data-element_type=\"widget\" data-e-type=\"widget\" data-settings=\"{&quot;ekit_we_effect_on&quot;:&quot;none&quot;}\" data-widget_type=\"accordion.default\">\n\t\t\t\t<div class=\"elementor-widget-container\">\n\t\t\t\t\t\t\t<div class=\"elementor-accordion\">\n\t\t\t\t\t\t\t<div class=\"elementor-accordion-item\">\n\t\t\t\t\t<div id=\"elementor-tab-title-2081\" class=\"elementor-tab-title\" data-tab=\"1\" role=\"button\" aria-controls=\"elementor-tab-content-2081\" aria-expanded=\"false\">\n\t\t\t\t\t\t\t\t\t\t\t\t\t<span class=\"elementor-accordion-icon elementor-accordion-icon-left\" aria-hidden=\"true\">\n\t\t\t\t\t\t\t\t\t\t\t\t\t\t\t<span class=\"elementor-accordion-icon-closed\"><i class=\"fas fa-plus\"><\/i><\/span>\n\t\t\t\t\t\t\t\t<span class=\"elementor-accordion-icon-opened\"><i class=\"fas fa-minus\"><\/i><\/span>\n\t\t\t\t\t\t\t\t\t\t\t\t\t\t<\/span>\n\t\t\t\t\t\t\t\t\t\t\t\t<a class=\"elementor-accordion-title\" tabindex=\"0\">Descrizione<\/a>\n\t\t\t\t\t<\/div>\n\t\t\t\t\t<div id=\"elementor-tab-content-2081\" class=\"elementor-tab-content elementor-clearfix\" data-tab=\"1\" role=\"region\" aria-labelledby=\"elementor-tab-title-2081\"><div class=\"su-spoiler-content su-u-clearfix su-u-trim\">\n<p><span style=\"font-size: medium\"><strong>Vilowond\u00ae POVI Adhesive Film Frame Style<\/strong> is a virus proof, bacteria proof and waterproof polyurethane film with antimicrobial absorbent iodine ointment containing wound pad. The frame delivery system is for easy handling of the dressing.<br \/>\n<\/span><span style=\"font-size: medium\">I cerotti possono essere formati da diversi materiali di supporto, ad esempio film di polietilene, film di poliuretano, tessuto rigido, tessuto elastico, non-tessuto rigido, non-tessuto elastico, schiuma di PE, film di PE stampato con disegni per bambini.<br \/>\n<\/span><span style=\"font-size: medium\">PharmaPOVI una medicazione primaria per ferite costituita da un feltrino di non-tessuto rivestito con una garza imbevuta di tintura di iodio. L'intera struttura rivestita da una rete di PE che agisce come strato di contatto non aderente alla ferita.<\/span><\/p>\n<\/div>\n<\/div>\n\t\t\t\t<\/div>\n\t\t\t\t\t\t\t<div class=\"elementor-accordion-item\">\n\t\t\t\t\t<div id=\"elementor-tab-title-2082\" class=\"elementor-tab-title\" data-tab=\"2\" role=\"button\" aria-controls=\"elementor-tab-content-2082\" aria-expanded=\"false\">\n\t\t\t\t\t\t\t\t\t\t\t\t\t<span class=\"elementor-accordion-icon elementor-accordion-icon-left\" aria-hidden=\"true\">\n\t\t\t\t\t\t\t\t\t\t\t\t\t\t\t<span class=\"elementor-accordion-icon-closed\"><i class=\"fas fa-plus\"><\/i><\/span>\n\t\t\t\t\t\t\t\t<span class=\"elementor-accordion-icon-opened\"><i class=\"fas fa-minus\"><\/i><\/span>\n\t\t\t\t\t\t\t\t\t\t\t\t\t\t<\/span>\n\t\t\t\t\t\t\t\t\t\t\t\t<a class=\"elementor-accordion-title\" tabindex=\"0\">Caratteristiche<\/a>\n\t\t\t\t\t<\/div>\n\t\t\t\t\t<div id=\"elementor-tab-content-2082\" class=\"elementor-tab-content elementor-clearfix\" data-tab=\"2\" role=\"region\" aria-labelledby=\"elementor-tab-title-2082\"><div class=\"su-spoiler-content su-u-clearfix su-u-trim\">\n<p><span style=\"font-size: medium\"><strong>1- <\/strong><strong>Attivit antimicrobica:<\/em><\/strong><\/p><br \/>\n<\/strong><\/span><span style=\"font-size: medium\">Due to the presence of iodine, <strong>Vilowond\u00ae POVI Adhesive Film Frame Style <\/strong>\u00a0has a strong antimicrobial activity, so it\u2019s ideal for protecting the wound, even if infected.<br \/>\n<\/span><span style=\"font-size: medium\">Lo iodopovidone (PVP-I) distrugge e non \u00e8 tollerato dalla maggior parte dei microrganismi.<\/span><\/p>\n<p><span style=\"font-size: medium\"><strong>2- <\/strong><strong><em>Sicurezza:<\/em><br \/>\n<\/strong><\/span><span style=\"font-size: medium\">Unlike other iodine impregnated gauze dressings available in the market, <strong>Vilowond\u00ae POVI Adhesive Film Frame Style <\/strong>is non-cytotoxic, non-irritant and non-sensitizing,<br \/>\n<\/span><span style=\"font-size: medium\"><strong>Vilowond\u00ae POVI Adhesive Film Frame Style\u00a0<\/strong> Il prodotto \u00e8 specificamente progettato per consentire a quantit\u00e0 controllate di iodio di raggiungere il letto della ferita per prevenire la citotossicit\u00e0.<br \/>\n<\/span><span style=\"font-size: medium\"><strong>3- <\/strong><strong><em>Potere assorbente:<\/em><br \/>\n<\/strong><\/span><span style=\"font-size: medium\"><strong>Vilowond\u00ae POVI Adhesive Film Frame Style\u00a0<\/strong> ha il vantaggio rispetto alle garze impregnate di iodio non aderenti sul mercato di non richiedere una medicazione assorbente secondaria perch\u00e9 contiene feltro assorbente laminato al strato contenente iodio.<\/span><br \/>\n<\/span><span style=\"font-size: medium\"><strong>4- <\/strong><strong>Non aderente:<br \/>\n<\/strong><\/span><span style=\"font-size: medium\">La presenza dell'unguento a base di PEG insieme alla rete in PE come strato a contatto con la ferita rende la medicazione non aderente, quindi pu\u00f2 essere facilmente rimossa senza dolore o trauma.<\/span><\/p>\n<\/div>\n<\/div>\n\t\t\t\t<\/div>\n\t\t\t\t\t\t\t<div class=\"elementor-accordion-item\">\n\t\t\t\t\t<div id=\"elementor-tab-title-2083\" class=\"elementor-tab-title\" data-tab=\"3\" role=\"button\" aria-controls=\"elementor-tab-content-2083\" aria-expanded=\"false\">\n\t\t\t\t\t\t\t\t\t\t\t\t\t<span class=\"elementor-accordion-icon elementor-accordion-icon-left\" aria-hidden=\"true\">\n\t\t\t\t\t\t\t\t\t\t\t\t\t\t\t<span class=\"elementor-accordion-icon-closed\"><i class=\"fas fa-plus\"><\/i><\/span>\n\t\t\t\t\t\t\t\t<span class=\"elementor-accordion-icon-opened\"><i class=\"fas fa-minus\"><\/i><\/span>\n\t\t\t\t\t\t\t\t\t\t\t\t\t\t<\/span>\n\t\t\t\t\t\t\t\t\t\t\t\t<a class=\"elementor-accordion-title\" tabindex=\"0\">Scopo Previsto<\/a>\n\t\t\t\t\t<\/div>\n\t\t\t\t\t<div id=\"elementor-tab-content-2083\" class=\"elementor-tab-content elementor-clearfix\" data-tab=\"3\" role=\"region\" aria-labelledby=\"elementor-tab-title-2083\"><div class=\"su-spoiler-content su-u-clearfix su-u-trim\">\n<p class=\"translation-block\"><span style=\"font-size: medium\">come per <b>Pharmapore<\/b><b>\u00ae <\/b><b>I.V POVI<\/b>, ma con l\u2019aggiunta dell\u2019impermeabilit\u00e0 e dell\u2019azione antibatterica e antivirale del film di poliuretano.<\/span><\/p>\n<\/div>\n<\/div>\n\t\t\t\t<\/div>\n\t\t\t\t\t\t\t<div class=\"elementor-accordion-item\">\n\t\t\t\t\t<div id=\"elementor-tab-title-2084\" class=\"elementor-tab-title\" data-tab=\"4\" role=\"button\" aria-controls=\"elementor-tab-content-2084\" aria-expanded=\"false\">\n\t\t\t\t\t\t\t\t\t\t\t\t\t<span class=\"elementor-accordion-icon elementor-accordion-icon-left\" aria-hidden=\"true\">\n\t\t\t\t\t\t\t\t\t\t\t\t\t\t\t<span class=\"elementor-accordion-icon-closed\"><i class=\"fas fa-plus\"><\/i><\/span>\n\t\t\t\t\t\t\t\t<span class=\"elementor-accordion-icon-opened\"><i class=\"fas fa-minus\"><\/i><\/span>\n\t\t\t\t\t\t\t\t\t\t\t\t\t\t<\/span>\n\t\t\t\t\t\t\t\t\t\t\t\t<a class=\"elementor-accordion-title\" tabindex=\"0\">Controindicazioni<\/a>\n\t\t\t\t\t<\/div>\n\t\t\t\t\t<div id=\"elementor-tab-content-2084\" class=\"elementor-tab-content elementor-clearfix\" data-tab=\"4\" role=\"region\" aria-labelledby=\"elementor-tab-title-2084\"><p class=\"translation-block\"><div class=\"su-spoiler-content su-u-clearfix su-u-trim\">\n<ol>\n<li><span style=\"font-size: medium\">Non utilizzare medicazioni per ferite contenenti iodopovidone (PVP-I) in pazienti con sensibilit\u00e0 nota allo iodio o a uno dei componenti.<\/span><\/li>\n<li><span style=\"font-size: medium\">Prima e dopo l\u2019uso di radioiodio.<\/span><\/li>\n<li><span style=\"font-size: medium\">Se si sta eseguendo una terapia per disturbi renali.<\/span><\/li>\n<li><span style=\"font-size: medium\">Nelle donne incinte e che allattano al seno.<\/span><\/li>\n<\/ol>\n<\/div><\/p>\n<\/div>\n\t\t\t\t<\/div>\n\t\t\t\t\t\t\t<div class=\"elementor-accordion-item\">\n\t\t\t\t\t<div id=\"elementor-tab-title-2085\" class=\"elementor-tab-title\" data-tab=\"5\" role=\"button\" aria-controls=\"elementor-tab-content-2085\" aria-expanded=\"false\">\n\t\t\t\t\t\t\t\t\t\t\t\t\t<span class=\"elementor-accordion-icon elementor-accordion-icon-left\" aria-hidden=\"true\">\n\t\t\t\t\t\t\t\t\t\t\t\t\t\t\t<span class=\"elementor-accordion-icon-closed\"><i class=\"fas fa-plus\"><\/i><\/span>\n\t\t\t\t\t\t\t\t<span class=\"elementor-accordion-icon-opened\"><i class=\"fas fa-minus\"><\/i><\/span>\n\t\t\t\t\t\t\t\t\t\t\t\t\t\t<\/span>\n\t\t\t\t\t\t\t\t\t\t\t\t<a class=\"elementor-accordion-title\" tabindex=\"0\">Precauzioni<\/a>\n\t\t\t\t\t<\/div>\n\t\t\t\t\t<div id=\"elementor-tab-content-2085\" class=\"elementor-tab-content elementor-clearfix\" data-tab=\"5\" role=\"region\" aria-labelledby=\"elementor-tab-title-2085\"><\/div>\n\t\t\t\t<\/div>\n\t\t\t\t\t\t\t<div class=\"elementor-accordion-item\">\n\t\t\t\t\t<div id=\"elementor-tab-title-2086\" class=\"elementor-tab-title\" data-tab=\"6\" role=\"button\" aria-controls=\"elementor-tab-content-2086\" aria-expanded=\"false\">\n\t\t\t\t\t\t\t\t\t\t\t\t\t<span class=\"elementor-accordion-icon elementor-accordion-icon-left\" aria-hidden=\"true\">\n\t\t\t\t\t\t\t\t\t\t\t\t\t\t\t<span class=\"elementor-accordion-icon-closed\"><i class=\"fas fa-plus\"><\/i><\/span>\n\t\t\t\t\t\t\t\t<span class=\"elementor-accordion-icon-opened\"><i class=\"fas fa-minus\"><\/i><\/span>\n\t\t\t\t\t\t\t\t\t\t\t\t\t\t<\/span>\n\t\t\t\t\t\t\t\t\t\t\t\t<a class=\"elementor-accordion-title\" tabindex=\"0\">Diagramma degli strati<\/a>\n\t\t\t\t\t<\/div>\n\t\t\t\t\t<div id=\"elementor-tab-content-2086\" class=\"elementor-tab-content elementor-clearfix\" data-tab=\"6\" role=\"region\" aria-labelledby=\"elementor-tab-title-2086\"><\/div>\n\t\t\t\t<\/div>\n\t\t\t\t\t\t\t<div class=\"elementor-accordion-item\">\n\t\t\t\t\t<div id=\"elementor-tab-title-2087\" class=\"elementor-tab-title\" data-tab=\"7\" role=\"button\" aria-controls=\"elementor-tab-content-2087\" aria-expanded=\"false\">\n\t\t\t\t\t\t\t\t\t\t\t\t\t<span class=\"elementor-accordion-icon elementor-accordion-icon-left\" aria-hidden=\"true\">\n\t\t\t\t\t\t\t\t\t\t\t\t\t\t\t<span class=\"elementor-accordion-icon-closed\"><i class=\"fas fa-plus\"><\/i><\/span>\n\t\t\t\t\t\t\t\t<span class=\"elementor-accordion-icon-opened\"><i class=\"fas fa-minus\"><\/i><\/span>\n\t\t\t\t\t\t\t\t\t\t\t\t\t\t<\/span>\n\t\t\t\t\t\t\t\t\t\t\t\t<a class=\"elementor-accordion-title\" tabindex=\"0\">Frequenza di sostituzione della medicazione<\/a>\n\t\t\t\t\t<\/div>\n\t\t\t\t\t<div id=\"elementor-tab-content-2087\" class=\"elementor-tab-content elementor-clearfix\" data-tab=\"7\" role=\"region\" aria-labelledby=\"elementor-tab-title-2087\"><\/div>\n\t\t\t\t<\/div>\n\t\t\t\t\t\t\t<div class=\"elementor-accordion-item\">\n\t\t\t\t\t<div id=\"elementor-tab-title-2088\" class=\"elementor-tab-title\" data-tab=\"8\" role=\"button\" aria-controls=\"elementor-tab-content-2088\" aria-expanded=\"false\">\n\t\t\t\t\t\t\t\t\t\t\t\t\t<span class=\"elementor-accordion-icon elementor-accordion-icon-left\" aria-hidden=\"true\">\n\t\t\t\t\t\t\t\t\t\t\t\t\t\t\t<span class=\"elementor-accordion-icon-closed\"><i class=\"fas fa-plus\"><\/i><\/span>\n\t\t\t\t\t\t\t\t<span class=\"elementor-accordion-icon-opened\"><i class=\"fas fa-minus\"><\/i><\/span>\n\t\t\t\t\t\t\t\t\t\t\t\t\t\t<\/span>\n\t\t\t\t\t\t\t\t\t\t\t\t<a class=\"elementor-accordion-title\" tabindex=\"0\">Come funziona?<\/a>\n\t\t\t\t\t<\/div>\n\t\t\t\t\t<div id=\"elementor-tab-content-2088\" class=\"elementor-tab-content elementor-clearfix\" data-tab=\"8\" role=\"region\" aria-labelledby=\"elementor-tab-title-2088\"><\/div>\n\t\t\t\t<\/div>\n\t\t\t\t\t\t\t<div class=\"elementor-accordion-item\">\n\t\t\t\t\t<div id=\"elementor-tab-title-2089\" class=\"elementor-tab-title\" data-tab=\"9\" role=\"button\" aria-controls=\"elementor-tab-content-2089\" aria-expanded=\"false\">\n\t\t\t\t\t\t\t\t\t\t\t\t\t<span class=\"elementor-accordion-icon elementor-accordion-icon-left\" aria-hidden=\"true\">\n\t\t\t\t\t\t\t\t\t\t\t\t\t\t\t<span class=\"elementor-accordion-icon-closed\"><i class=\"fas fa-plus\"><\/i><\/span>\n\t\t\t\t\t\t\t\t<span class=\"elementor-accordion-icon-opened\"><i class=\"fas fa-minus\"><\/i><\/span>\n\t\t\t\t\t\t\t\t\t\t\t\t\t\t<\/span>\n\t\t\t\t\t\t\t\t\t\t\t\t<a class=\"elementor-accordion-title\" tabindex=\"0\">Periodo di validit\u00e0<\/a>\n\t\t\t\t\t<\/div>\n\t\t\t\t\t<div id=\"elementor-tab-content-2089\" class=\"elementor-tab-content elementor-clearfix\" data-tab=\"9\" role=\"region\" aria-labelledby=\"elementor-tab-title-2089\"><\/div>\n\t\t\t\t<\/div>\n\t\t\t\t\t\t\t\t<\/div>\n\t\t\t\t\t\t<\/div>\n\t\t\t\t<\/div>\n\t\t\t\t\t<\/div>\n\t\t<\/div>\n\t\t\t\t\t<\/div>\n\t\t<\/section>\n\t\t\t\t<\/div>\n\t\t                        <\/div>\n                    <\/div>\n                                    <div class=\"tab-pane elementkit-tab-pane elementor-repeater-item-9b61f69\" id=\"content-9b61f6969e1a47b26d86\" role=\"tabpanel\"\n                         aria-labelledby=\"content-9b61f6969e1a47b26d86-tab\">\n                        <div class=\"animated fadeIn\">\n                            <img decoding=\"async\" class=\"aligncenter\" src=\"https:\/\/pharmaplast-online.net\/wp-content\/uploads\/Wound_Care\/how_to_use\/En\/Pharmapore_PU_POVI_Frame_Style.png \" alt=\"\">                        <\/div>\n                    <\/div>\n                                    <div class=\"tab-pane elementkit-tab-pane elementor-repeater-item-23affad\" id=\"content-23affad69e1a47b26d86\" role=\"tabpanel\"\n                         aria-labelledby=\"content-23affad69e1a47b26d86-tab\">\n                        <div class=\"animated fadeIn\">\n                            <p>\u00a0<\/p><table><tbody><tr><td width=\"210\"><p><strong>Vilowond\u00ae POVI Adhesive Film Frame Style <\/strong><\/p><\/td><td width=\"112\"><p><strong>Sizes <\/strong><\/p><\/td><td width=\"94\"><p><strong>Pieces\/Boxes<\/strong><\/p><\/td><td width=\"98\"><p><strong>Boxes\/Case <\/strong><\/p><\/td><\/tr><tr><td width=\"210\"><p>VILOPOVIPUFS6070<\/p><\/td><td width=\"112\"><p>6 cm X 7 cm<\/p><\/td><td width=\"94\"><p>150<\/p><\/td><td width=\"98\"><p>8<\/p><\/td><\/tr><tr><td width=\"210\"><p>VILOPOVIPUFS100100<\/p><\/td><td width=\"112\"><p>10 cm X 10 cm<\/p><\/td><td width=\"94\"><p>100<\/p><\/td><td width=\"98\"><p>8<\/p><\/td><\/tr><tr><td width=\"210\"><p>VILOPOVIPUFS100150<\/p><\/td><td width=\"112\"><p>10 cm X 15 cm<\/p><\/td><td width=\"94\"><p>50<\/p><\/td><td width=\"98\"><p>8<\/p><\/td><\/tr><tr><td width=\"210\"><p>VILOPOVIPUFS100200<\/p><\/td><td width=\"112\"><p>10 cm X 20 cm<\/p><\/td><td width=\"94\"><p>40<\/p><\/td><td width=\"98\"><p>8<\/p><\/td><\/tr><tr><td width=\"210\"><p>VILOPOVIPUFS100250<\/p><\/td><td width=\"112\"><p>10 cm X 25 cm<\/p><\/td><td width=\"94\"><p>40<\/p><\/td><td width=\"98\"><p>8<\/p><\/td><\/tr><tr><td width=\"210\"><p>VILOPOVIPUFS100300<\/p><\/td><td width=\"112\"><p>10 cm X 30 cm<\/p><\/td><td width=\"94\"><p>40<\/p><\/td><td width=\"98\"><p>8<\/p><\/td><\/tr><\/tbody><\/table><p><img decoding=\"async\" class=\"aligncenter\" src=\"https:\/\/pharmaplast-online.net\/wp-content\/uploads\/Wound_Care\/table_of_sizes\/En\/Pharmapore_PU_POVI_Frame_Style.png \" alt=\"\" \/><\/p>                        <\/div>\n                    <\/div>\n                                    <div class=\"tab-pane elementkit-tab-pane elementor-repeater-item-3fbbf4f\" id=\"content-3fbbf4f69e1a47b26d86\" role=\"tabpanel\"\n                         aria-labelledby=\"content-3fbbf4f69e1a47b26d86-tab\">\n                        <div class=\"animated fadeIn\">\n                            <p><a href=\"https:\/\/pharmaplast-online.net\/wp-content\/uploads\/2024\/10\/Vilowond-POVI-Brochure.pdf\">Vilowond POVI Brochure<\/a><\/p><p><img decoding=\"async\" class=\"alignnone wp-image-17145\" src=\"https:\/\/pharmaplast-online.net\/wp-content\/uploads\/2024\/10\/pdf_4726010-300x300.png\" alt=\"\" width=\"49\" height=\"49\" srcset=\"https:\/\/pharmaplast-online.net\/wp-content\/uploads\/2024\/10\/pdf_4726010-300x300.png 300w, https:\/\/pharmaplast-online.net\/wp-content\/uploads\/2024\/10\/pdf_4726010-150x150.png 150w, https:\/\/pharmaplast-online.net\/wp-content\/uploads\/2024\/10\/pdf_4726010-12x12.png 12w, https:\/\/pharmaplast-online.net\/wp-content\/uploads\/2024\/10\/pdf_4726010-24x24.png 24w, https:\/\/pharmaplast-online.net\/wp-content\/uploads\/2024\/10\/pdf_4726010-36x36.png 36w, https:\/\/pharmaplast-online.net\/wp-content\/uploads\/2024\/10\/pdf_4726010-48x48.png 48w, https:\/\/pharmaplast-online.net\/wp-content\/uploads\/2024\/10\/pdf_4726010-100x100.png 100w, https:\/\/pharmaplast-online.net\/wp-content\/uploads\/2024\/10\/pdf_4726010.png 512w\" sizes=\"(max-width: 49px) 100vw, 49px\" \/><\/p>                        <\/div>\n                    <\/div>\n                                \n            <\/div>\n                    <\/div>\n    <\/div>\t\t\t\t<\/div>\n\t\t\t\t<\/div>\n\t\t\t\t\t<\/div>\n\t\t<\/div>\n\t\t\t\t\t<\/div>\n\t\t<\/section>\n\t\t\t\t<\/div>","protected":false},"excerpt":{"rendered":"<p>Antimicrobial Transparent adhesive film dressing with Iodine.<\/p>","protected":false},"featured_media":16955,"comment_status":"open","ping_status":"closed","template":"","meta":[],"product_brand":[],"product_cat":[266,278,275],"product_tag":[],"class_list":{"0":"post-11458","1":"product","2":"type-product","3":"status-publish","4":"has-post-thumbnail","6":"product_cat-anti-microbial-wound-care","7":"product_cat-post-op-dressings-povidone-iodine","8":"product_cat-povidone-iodine","10":"first","11":"instock","12":"shipping-taxable","13":"product-type-simple"},"acf":[],"_links":{"self":[{"href":"https:\/\/pharmaplast-online.net\/it\/wp-json\/wp\/v2\/product\/11458","targetHints":{"allow":["GET"]}}],"collection":[{"href":"https:\/\/pharmaplast-online.net\/it\/wp-json\/wp\/v2\/product"}],"about":[{"href":"https:\/\/pharmaplast-online.net\/it\/wp-json\/wp\/v2\/types\/product"}],"replies":[{"embeddable":true,"href":"https:\/\/pharmaplast-online.net\/it\/wp-json\/wp\/v2\/comments?post=11458"}],"version-history":[{"count":15,"href":"https:\/\/pharmaplast-online.net\/it\/wp-json\/wp\/v2\/product\/11458\/revisions"}],"predecessor-version":[{"id":17895,"href":"https:\/\/pharmaplast-online.net\/it\/wp-json\/wp\/v2\/product\/11458\/revisions\/17895"}],"wp:featuredmedia":[{"embeddable":true,"href":"https:\/\/pharmaplast-online.net\/it\/wp-json\/wp\/v2\/media\/16955"}],"wp:attachment":[{"href":"https:\/\/pharmaplast-online.net\/it\/wp-json\/wp\/v2\/media?parent=11458"}],"wp:term":[{"taxonomy":"product_brand","embeddable":true,"href":"https:\/\/pharmaplast-online.net\/it\/wp-json\/wp\/v2\/product_brand?post=11458"},{"taxonomy":"product_cat","embeddable":true,"href":"https:\/\/pharmaplast-online.net\/it\/wp-json\/wp\/v2\/product_cat?post=11458"},{"taxonomy":"product_tag","embeddable":true,"href":"https:\/\/pharmaplast-online.net\/it\/wp-json\/wp\/v2\/product_tag?post=11458"}],"curies":[{"name":"wp","href":"https:\/\/api.w.org\/{rel}","templated":true}]}}