{"id":11037,"date":"2023-02-28T13:18:13","date_gmt":"2023-02-28T13:18:13","guid":{"rendered":"https:\/\/pharmaplast.mediagate-egy.com\/?post_type=product&#038;p=11037"},"modified":"2026-04-28T09:20:44","modified_gmt":"2026-04-28T09:20:44","slug":"espuma-adhesive-plus","status":"publish","type":"product","link":"https:\/\/pharmaplast-online.net\/pl\/produkt\/espuma-adhesive-plus\/","title":{"rendered":"Espuma\u00ae Adhesive Plus"},"content":{"rendered":"<div data-elementor-type=\"wp-post\" data-elementor-id=\"11037\" class=\"elementor elementor-11037\" data-elementor-post-type=\"product\">\n\t\t\t\t\t\t<section class=\"elementor-section elementor-top-section elementor-element elementor-element-b1463d2 elementor-section-boxed elementor-section-height-default elementor-section-height-default qodef-elementor-content-no\" data-id=\"b1463d2\" data-element_type=\"section\" data-e-type=\"section\" data-settings=\"{&quot;ekit_has_onepagescroll_dot&quot;:&quot;yes&quot;}\">\n\t\t\t\t\t\t<div class=\"elementor-container elementor-column-gap-default\">\n\t\t\t\t\t<div class=\"elementor-column elementor-col-100 elementor-top-column elementor-element elementor-element-502814e\" data-id=\"502814e\" data-element_type=\"column\" data-e-type=\"column\">\n\t\t\t<div class=\"elementor-widget-wrap elementor-element-populated\">\n\t\t\t\t\t\t<div class=\"elementor-element elementor-element-002497c elementor-widget elementor-widget-elementskit-simple-tab\" data-id=\"002497c\" data-element_type=\"widget\" data-e-type=\"widget\" data-settings=\"{&quot;ekit_we_effect_on&quot;:&quot;none&quot;}\" data-widget_type=\"elementskit-simple-tab.default\">\n\t\t\t\t<div class=\"elementor-widget-container\">\n\t\t\t\t\t<div class=\"ekit-wid-con\" >        <div class=\"elementkit-tab-wraper\">\n            <ul class=\"nav nav-tabs elementkit-tab-nav  elementskit-fullwidth-tab\">\n                                    <li class=\"elementkit-nav-item elementor-repeater-item-d0363a9\">\n                        <a class=\"elementkit-nav-link  active show left-pos\" id=\"content-d0363a969f2ccd3ddada-tab\" data-ekit-handler-id=\"product-info\" data-ekit-toggle=\"tab\" data-target=\"#content-d0363a969f2ccd3ddada\" href=\"#Content-d0363a969f2ccd3ddada\"\n                            data-ekit-toggle-trigger=\"click\"\n                            aria-describedby=\"Content-d0363a969f2ccd3ddada\">\n                            <span class=\"elementskit-tab-icon\"><\/span>                            <span class=\"elementskit-tab-title\">Informacje o Produkcie<\/span>\n                        <\/a>\n                    <\/li>\n                                        <li class=\"elementkit-nav-item elementor-repeater-item-9b61f69\">\n                        <a class=\"elementkit-nav-link  left-pos\" id=\"content-9b61f6969f2ccd3ddada-tab\" data-ekit-handler-id=\"how-to-use\" data-ekit-toggle=\"tab\" data-target=\"#content-9b61f6969f2ccd3ddada\" href=\"#Content-9b61f6969f2ccd3ddada\"\n                            data-ekit-toggle-trigger=\"click\"\n                            aria-describedby=\"Content-9b61f6969f2ccd3ddada\">\n                            <span class=\"elementskit-tab-icon\"><\/span>                            <span class=\"elementskit-tab-title\">Instrukcja U\u017cycia<\/span>\n                        <\/a>\n                    <\/li>\n                                        <li class=\"elementkit-nav-item elementor-repeater-item-23affad\">\n                        <a class=\"elementkit-nav-link  left-pos\" id=\"content-23affad69f2ccd3ddada-tab\" data-ekit-handler-id=\"sizes-codes\" data-ekit-toggle=\"tab\" data-target=\"#content-23affad69f2ccd3ddada\" href=\"#Content-23affad69f2ccd3ddada\"\n                            data-ekit-toggle-trigger=\"click\"\n                            aria-describedby=\"Content-23affad69f2ccd3ddada\">\n                            <span class=\"elementskit-tab-icon\"><\/span>                            <span class=\"elementskit-tab-title\">Rozmiary i Kody<\/span>\n                        <\/a>\n                    <\/li>\n                                        <li class=\"elementkit-nav-item elementor-repeater-item-b955027\">\n                        <a class=\"elementkit-nav-link  left-pos\" id=\"content-b95502769f2ccd3ddada-tab\" data-ekit-handler-id=\"downloads\" data-ekit-toggle=\"tab\" data-target=\"#content-b95502769f2ccd3ddada\" href=\"#Content-b95502769f2ccd3ddada\"\n                            data-ekit-toggle-trigger=\"click\"\n                            aria-describedby=\"Content-b95502769f2ccd3ddada\">\n                            <span class=\"elementskit-tab-icon\"><\/span>                            <span class=\"elementskit-tab-title\">Pobieranie<\/span>\n                        <\/a>\n                    <\/li>\n                                <\/ul>\n\n            <div class=\"tab-content elementkit-tab-content\">\n                                    <div class=\"tab-pane elementkit-tab-pane elementor-repeater-item-d0363a9  active show\" id=\"content-d0363a969f2ccd3ddada\" role=\"tabpanel\"\n                         aria-labelledby=\"content-d0363a969f2ccd3ddada-tab\">\n                        <div class=\"animated fadeIn\">\n                            <h3>Informacje o Produkcie<\/h3>\t\t<div data-elementor-type=\"section\" data-elementor-id=\"8585\" class=\"elementor elementor-8585\" data-elementor-post-type=\"elementor_library\">\n\t\t\t\t\t<section class=\"elementor-section elementor-top-section elementor-element elementor-element-3c9a5a4 elementor-section-boxed elementor-section-height-default elementor-section-height-default qodef-elementor-content-no\" data-id=\"3c9a5a4\" data-element_type=\"section\" data-e-type=\"section\" data-settings=\"{&quot;ekit_has_onepagescroll_dot&quot;:&quot;yes&quot;}\">\n\t\t\t\t\t\t<div class=\"elementor-container elementor-column-gap-default\">\n\t\t\t\t\t<div class=\"elementor-column elementor-col-100 elementor-top-column elementor-element elementor-element-8fd3e15\" data-id=\"8fd3e15\" data-element_type=\"column\" data-e-type=\"column\">\n\t\t\t<div class=\"elementor-widget-wrap elementor-element-populated\">\n\t\t\t\t\t\t<div class=\"elementor-element elementor-element-c6fd92e elementor-widget elementor-widget-accordion\" data-id=\"c6fd92e\" data-element_type=\"widget\" data-e-type=\"widget\" data-settings=\"{&quot;ekit_we_effect_on&quot;:&quot;none&quot;}\" data-widget_type=\"accordion.default\">\n\t\t\t\t<div class=\"elementor-widget-container\">\n\t\t\t\t\t\t\t<div class=\"elementor-accordion\">\n\t\t\t\t\t\t\t<div class=\"elementor-accordion-item\">\n\t\t\t\t\t<div id=\"elementor-tab-title-2081\" class=\"elementor-tab-title\" data-tab=\"1\" role=\"button\" aria-controls=\"elementor-tab-content-2081\" aria-expanded=\"false\">\n\t\t\t\t\t\t\t\t\t\t\t\t\t<span class=\"elementor-accordion-icon elementor-accordion-icon-left\" aria-hidden=\"true\">\n\t\t\t\t\t\t\t\t\t\t\t\t\t\t\t<span class=\"elementor-accordion-icon-closed\"><i class=\"fas fa-plus\"><\/i><\/span>\n\t\t\t\t\t\t\t\t<span class=\"elementor-accordion-icon-opened\"><i class=\"fas fa-minus\"><\/i><\/span>\n\t\t\t\t\t\t\t\t\t\t\t\t\t\t<\/span>\n\t\t\t\t\t\t\t\t\t\t\t\t<a class=\"elementor-accordion-title\" tabindex=\"0\">Opis<\/a>\n\t\t\t\t\t<\/div>\n\t\t\t\t\t<div id=\"elementor-tab-content-2081\" class=\"elementor-tab-content elementor-clearfix\" data-tab=\"1\" role=\"region\" aria-labelledby=\"elementor-tab-title-2081\"><p><strong>ESPUMA\u00ae ADHESIVE PLUS <\/strong>is the same composites of <strong>ESPUMA\u00ae NON-ADHESIVE<\/strong>, placed centrally on a colloid Adhesive polyurethane film substrate that extends beyond the margin of the island pad.<\/p>\n<\/div>\n\t\t\t\t<\/div>\n\t\t\t\t\t\t\t<div class=\"elementor-accordion-item\">\n\t\t\t\t\t<div id=\"elementor-tab-title-2082\" class=\"elementor-tab-title\" data-tab=\"2\" role=\"button\" aria-controls=\"elementor-tab-content-2082\" aria-expanded=\"false\">\n\t\t\t\t\t\t\t\t\t\t\t\t\t<span class=\"elementor-accordion-icon elementor-accordion-icon-left\" aria-hidden=\"true\">\n\t\t\t\t\t\t\t\t\t\t\t\t\t\t\t<span class=\"elementor-accordion-icon-closed\"><i class=\"fas fa-plus\"><\/i><\/span>\n\t\t\t\t\t\t\t\t<span class=\"elementor-accordion-icon-opened\"><i class=\"fas fa-minus\"><\/i><\/span>\n\t\t\t\t\t\t\t\t\t\t\t\t\t\t<\/span>\n\t\t\t\t\t\t\t\t\t\t\t\t<a class=\"elementor-accordion-title\" tabindex=\"0\">W\u0142a\u015bciwo\u015bci<\/a>\n\t\t\t\t\t<\/div>\n\t\t\t\t\t<div id=\"elementor-tab-content-2082\" class=\"elementor-tab-content elementor-clearfix\" data-tab=\"2\" role=\"region\" aria-labelledby=\"elementor-tab-title-2082\"><\/div>\n\t\t\t\t<\/div>\n\t\t\t\t\t\t\t<div class=\"elementor-accordion-item\">\n\t\t\t\t\t<div id=\"elementor-tab-title-2083\" class=\"elementor-tab-title\" data-tab=\"3\" role=\"button\" aria-controls=\"elementor-tab-content-2083\" aria-expanded=\"false\">\n\t\t\t\t\t\t\t\t\t\t\t\t\t<span class=\"elementor-accordion-icon elementor-accordion-icon-left\" aria-hidden=\"true\">\n\t\t\t\t\t\t\t\t\t\t\t\t\t\t\t<span class=\"elementor-accordion-icon-closed\"><i class=\"fas fa-plus\"><\/i><\/span>\n\t\t\t\t\t\t\t\t<span class=\"elementor-accordion-icon-opened\"><i class=\"fas fa-minus\"><\/i><\/span>\n\t\t\t\t\t\t\t\t\t\t\t\t\t\t<\/span>\n\t\t\t\t\t\t\t\t\t\t\t\t<a class=\"elementor-accordion-title\" tabindex=\"0\">Przeznaczenie<\/a>\n\t\t\t\t\t<\/div>\n\t\t\t\t\t<div id=\"elementor-tab-content-2083\" class=\"elementor-tab-content elementor-clearfix\" data-tab=\"3\" role=\"region\" aria-labelledby=\"elementor-tab-title-2083\"><div class=\"su-spoiler-content su-u-clearfix su-u-trim\">\n<p>Under supervision of a healthcare professional, dressings can be used in management of partial to full thickness wounds including:<\/p>\n<ul>\n<li>Ulcers (venous, arterial, diabetic)<\/li>\n<li>Odle\u017cyny<\/li>\n<li>-\tMiejsca dawstwa<\/li>\n<li><span style=\"font-size: medium\">rany pooperacyjne,<\/span><\/li>\n<li>Second degree burns<\/li>\n<li>Skin abrasions<\/li>\n<\/ul>\n<p>Can be used throughout the healing process to provide protection for the types of wounds indicated.<\/p>\n<p>&nbsp;<\/p>\n<\/div>\n<\/div>\n\t\t\t\t<\/div>\n\t\t\t\t\t\t\t<div class=\"elementor-accordion-item\">\n\t\t\t\t\t<div id=\"elementor-tab-title-2084\" class=\"elementor-tab-title\" data-tab=\"4\" role=\"button\" aria-controls=\"elementor-tab-content-2084\" aria-expanded=\"false\">\n\t\t\t\t\t\t\t\t\t\t\t\t\t<span class=\"elementor-accordion-icon elementor-accordion-icon-left\" aria-hidden=\"true\">\n\t\t\t\t\t\t\t\t\t\t\t\t\t\t\t<span class=\"elementor-accordion-icon-closed\"><i class=\"fas fa-plus\"><\/i><\/span>\n\t\t\t\t\t\t\t\t<span class=\"elementor-accordion-icon-opened\"><i class=\"fas fa-minus\"><\/i><\/span>\n\t\t\t\t\t\t\t\t\t\t\t\t\t\t<\/span>\n\t\t\t\t\t\t\t\t\t\t\t\t<a class=\"elementor-accordion-title\" tabindex=\"0\">Przeciwwskazania<\/a>\n\t\t\t\t\t<\/div>\n\t\t\t\t\t<div id=\"elementor-tab-content-2084\" class=\"elementor-tab-content elementor-clearfix\" data-tab=\"4\" role=\"region\" aria-labelledby=\"elementor-tab-title-2084\"><div class=\"su-spoiler-content su-u-clearfix su-u-trim\">\n<ul>\n<li>Do not use in case of known sensitivity to polyurethanes or polyacrylates.<\/li>\n<li>The dressing shall not be used on third degree burns and wounds with excessive bleeding.<\/li>\n<li>The dressing shall not be used as a primary dressing on dry wounds, dry eschar, sinus tracts.<\/li>\n<\/ul>\n<p>&nbsp;<\/p>\n<\/div>\n<\/div>\n\t\t\t\t<\/div>\n\t\t\t\t\t\t\t<div class=\"elementor-accordion-item\">\n\t\t\t\t\t<div id=\"elementor-tab-title-2085\" class=\"elementor-tab-title\" data-tab=\"5\" role=\"button\" aria-controls=\"elementor-tab-content-2085\" aria-expanded=\"false\">\n\t\t\t\t\t\t\t\t\t\t\t\t\t<span class=\"elementor-accordion-icon elementor-accordion-icon-left\" aria-hidden=\"true\">\n\t\t\t\t\t\t\t\t\t\t\t\t\t\t\t<span class=\"elementor-accordion-icon-closed\"><i class=\"fas fa-plus\"><\/i><\/span>\n\t\t\t\t\t\t\t\t<span class=\"elementor-accordion-icon-opened\"><i class=\"fas fa-minus\"><\/i><\/span>\n\t\t\t\t\t\t\t\t\t\t\t\t\t\t<\/span>\n\t\t\t\t\t\t\t\t\t\t\t\t<a class=\"elementor-accordion-title\" tabindex=\"0\">\u015arodki ostro\u017cno\u015bci<\/a>\n\t\t\t\t\t<\/div>\n\t\t\t\t\t<div id=\"elementor-tab-content-2085\" class=\"elementor-tab-content elementor-clearfix\" data-tab=\"5\" role=\"region\" aria-labelledby=\"elementor-tab-title-2085\"><ul>\n<li>Dressings can be used on patients who are in treatment for a local or systemic infection at the discretion of a healthcare professional.<\/li>\n<li>Sterility of the dressing is guaranteed unless the pouch is damaged or opened prior to use.<\/li>\n<li>Do not cover the dressing with occlusive films or tapes, as they may reduce moisture vapor loss, which could impair the effectiveness of the dressing.<\/li>\n<li>The dressing should not be used in combination with oxidizing agents such as hydrogen peroxide or hypochlorite solution as these solutions may affect the structure and performance of the polyurethane foam. Ensure that any other evaporating solution is completely dried off before dressing application.<\/li>\n<li>At the time of dressing change, if the dressing is adhered to the wound surface, saturate with normal saline.<\/li>\n<li>Consult a healthcare professional if there are signs of infection or sensitivity (allergic reaction).<\/li>\n<li>Reuse of the dressing may lead to increased risk of infection or cross contamination.<\/li>\n<li>A healthcare professional should frequently inspect and manage wounds which are solely or partially caused by arterial insuffi\u00adciency in accordance with local standards.<\/li>\n<li>Cavity sizes are not for use in dry wounds or deep cavity wounds with only a small opening.<\/li>\n<li>-\tAby zminimalizowa\u0107 ryzyko potencjalnego zaka\u017cenia lub zanieczyszczenia \u015brodowiska, utylizacja urz\u0105dzenia medycznego powinna odbywa\u0107 si\u0119 zgodnie z procedurami zgodnymi z obowi\u0105zuj\u0105cymi przepisami lokalnymi<\/li>\n<\/ul>\n<\/div>\n\t\t\t\t<\/div>\n\t\t\t\t\t\t\t<div class=\"elementor-accordion-item\">\n\t\t\t\t\t<div id=\"elementor-tab-title-2086\" class=\"elementor-tab-title\" data-tab=\"6\" role=\"button\" aria-controls=\"elementor-tab-content-2086\" aria-expanded=\"false\">\n\t\t\t\t\t\t\t\t\t\t\t\t\t<span class=\"elementor-accordion-icon elementor-accordion-icon-left\" aria-hidden=\"true\">\n\t\t\t\t\t\t\t\t\t\t\t\t\t\t\t<span class=\"elementor-accordion-icon-closed\"><i class=\"fas fa-plus\"><\/i><\/span>\n\t\t\t\t\t\t\t\t<span class=\"elementor-accordion-icon-opened\"><i class=\"fas fa-minus\"><\/i><\/span>\n\t\t\t\t\t\t\t\t\t\t\t\t\t\t<\/span>\n\t\t\t\t\t\t\t\t\t\t\t\t<a class=\"elementor-accordion-title\" tabindex=\"0\">schemat warstw<\/a>\n\t\t\t\t\t<\/div>\n\t\t\t\t\t<div id=\"elementor-tab-content-2086\" class=\"elementor-tab-content elementor-clearfix\" data-tab=\"6\" role=\"region\" aria-labelledby=\"elementor-tab-title-2086\"><\/div>\n\t\t\t\t<\/div>\n\t\t\t\t\t\t\t<div class=\"elementor-accordion-item\">\n\t\t\t\t\t<div id=\"elementor-tab-title-2087\" class=\"elementor-tab-title\" data-tab=\"7\" role=\"button\" aria-controls=\"elementor-tab-content-2087\" aria-expanded=\"false\">\n\t\t\t\t\t\t\t\t\t\t\t\t\t<span class=\"elementor-accordion-icon elementor-accordion-icon-left\" aria-hidden=\"true\">\n\t\t\t\t\t\t\t\t\t\t\t\t\t\t\t<span class=\"elementor-accordion-icon-closed\"><i class=\"fas fa-plus\"><\/i><\/span>\n\t\t\t\t\t\t\t\t<span class=\"elementor-accordion-icon-opened\"><i class=\"fas fa-minus\"><\/i><\/span>\n\t\t\t\t\t\t\t\t\t\t\t\t\t\t<\/span>\n\t\t\t\t\t\t\t\t\t\t\t\t<a class=\"elementor-accordion-title\" tabindex=\"0\">Cz\u0119stotliwo\u015b\u0107 zmiany opatrunku<\/a>\n\t\t\t\t\t<\/div>\n\t\t\t\t\t<div id=\"elementor-tab-content-2087\" class=\"elementor-tab-content elementor-clearfix\" data-tab=\"7\" role=\"region\" aria-labelledby=\"elementor-tab-title-2087\"><\/div>\n\t\t\t\t<\/div>\n\t\t\t\t\t\t\t<div class=\"elementor-accordion-item\">\n\t\t\t\t\t<div id=\"elementor-tab-title-2088\" class=\"elementor-tab-title\" data-tab=\"8\" role=\"button\" aria-controls=\"elementor-tab-content-2088\" aria-expanded=\"false\">\n\t\t\t\t\t\t\t\t\t\t\t\t\t<span class=\"elementor-accordion-icon elementor-accordion-icon-left\" aria-hidden=\"true\">\n\t\t\t\t\t\t\t\t\t\t\t\t\t\t\t<span class=\"elementor-accordion-icon-closed\"><i class=\"fas fa-plus\"><\/i><\/span>\n\t\t\t\t\t\t\t\t<span class=\"elementor-accordion-icon-opened\"><i class=\"fas fa-minus\"><\/i><\/span>\n\t\t\t\t\t\t\t\t\t\t\t\t\t\t<\/span>\n\t\t\t\t\t\t\t\t\t\t\t\t<a class=\"elementor-accordion-title\" tabindex=\"0\">Jak to dzia\u0142a?<\/a>\n\t\t\t\t\t<\/div>\n\t\t\t\t\t<div id=\"elementor-tab-content-2088\" class=\"elementor-tab-content elementor-clearfix\" data-tab=\"8\" role=\"region\" aria-labelledby=\"elementor-tab-title-2088\"><p>Hydrocellular dressings are made from a polyurethane base and are permeable to both gases and water vapor. Their hydrophilic properties allow high absorptive properties while they also provide thermal insulation. Foam dressings also provide a cushioning action that allows pressure relief for patients subjected to long hospitalization periods. This creates a prophylactic indication for pressure injuries.<\/p>\n<\/div>\n\t\t\t\t<\/div>\n\t\t\t\t\t\t\t<div class=\"elementor-accordion-item\">\n\t\t\t\t\t<div id=\"elementor-tab-title-2089\" class=\"elementor-tab-title\" data-tab=\"9\" role=\"button\" aria-controls=\"elementor-tab-content-2089\" aria-expanded=\"false\">\n\t\t\t\t\t\t\t\t\t\t\t\t\t<span class=\"elementor-accordion-icon elementor-accordion-icon-left\" aria-hidden=\"true\">\n\t\t\t\t\t\t\t\t\t\t\t\t\t\t\t<span class=\"elementor-accordion-icon-closed\"><i class=\"fas fa-plus\"><\/i><\/span>\n\t\t\t\t\t\t\t\t<span class=\"elementor-accordion-icon-opened\"><i class=\"fas fa-minus\"><\/i><\/span>\n\t\t\t\t\t\t\t\t\t\t\t\t\t\t<\/span>\n\t\t\t\t\t\t\t\t\t\t\t\t<a class=\"elementor-accordion-title\" tabindex=\"0\">Okres przechowywania<\/a>\n\t\t\t\t\t<\/div>\n\t\t\t\t\t<div id=\"elementor-tab-content-2089\" class=\"elementor-tab-content elementor-clearfix\" data-tab=\"9\" role=\"region\" aria-labelledby=\"elementor-tab-title-2089\"><\/div>\n\t\t\t\t<\/div>\n\t\t\t\t\t\t\t\t<\/div>\n\t\t\t\t\t\t<\/div>\n\t\t\t\t<\/div>\n\t\t\t\t\t<\/div>\n\t\t<\/div>\n\t\t\t\t\t<\/div>\n\t\t<\/section>\n\t\t\t\t<\/div>\n\t\t                        <\/div>\n                    <\/div>\n                                    <div class=\"tab-pane elementkit-tab-pane elementor-repeater-item-9b61f69\" id=\"content-9b61f6969f2ccd3ddada\" role=\"tabpanel\"\n                         aria-labelledby=\"content-9b61f6969f2ccd3ddada-tab\">\n                        <div class=\"animated fadeIn\">\n                            <p>1. Oczy\u015bci\u0107 ran\u0119 zgodnie z miejscowymi protoko\u0142ami klinicznymi.<br \/>2. Wybra\u0107 odpowiedni rozmiar opatrunku, kt\u00f3ry zachodzi na brzeg rany na co najmniej dwa centymetry.<br \/>3. Wyj\u0105\u0107 ja\u0142owy opatrunek z opakowania, stosuj\u0105c technik\u0119 aseptyczn\u0105.<\/p><p><strong>W przypadku wariant\u00f3w samoprzylepnych:<\/strong><br \/>1. Usun\u0105\u0107 \u015brodkowe okno papierowe (je\u015bli wyst\u0119puje).<br \/>2. Usun\u0105\u0107 du\u017c\u0105 klap\u0119 warstwy zabezpieczaj\u0105cej, aby ods\u0142oni\u0107 cz\u0119\u015b\u0107 samoprzylepn\u0105 opatrunku.<br \/>3. Umie\u015bci\u0107 na miejscu, zdejmuj\u0105c mniejsz\u0105 klap\u0119 warstwy zabezpieczaj\u0105cej opatrunku.<br \/>4. Powoli zdejmowa\u0107 ramk\u0119 papierow\u0105, wyg\u0142adzaj\u0105c opatrunek dooko\u0142a, aby zapewni\u0107 dobr\u0105 przyczepno\u015b\u0107.<br \/>5. Aby zdj\u0105\u0107 opatrunek, nale\u017cy obluzowa\u0107 brzeg, a nast\u0119pnie podnie\u015b\u0107 opatrunek z rany.<\/p><p><img fetchpriority=\"high\" decoding=\"async\" class=\"aligncenter wp-image-20898 size-full\" src=\"https:\/\/pharmaplast-online.net\/wp-content\/uploads\/2025\/06\/IFU-12.png\" alt=\"\" width=\"802\" height=\"157\" srcset=\"https:\/\/pharmaplast-online.net\/wp-content\/uploads\/2025\/06\/IFU-12.png 802w, https:\/\/pharmaplast-online.net\/wp-content\/uploads\/2025\/06\/IFU-12-300x59.png 300w, https:\/\/pharmaplast-online.net\/wp-content\/uploads\/2025\/06\/IFU-12-768x150.png 768w, https:\/\/pharmaplast-online.net\/wp-content\/uploads\/2025\/06\/IFU-12-18x4.png 18w, https:\/\/pharmaplast-online.net\/wp-content\/uploads\/2025\/06\/IFU-12-24x5.png 24w, https:\/\/pharmaplast-online.net\/wp-content\/uploads\/2025\/06\/IFU-12-36x7.png 36w, https:\/\/pharmaplast-online.net\/wp-content\/uploads\/2025\/06\/IFU-12-48x9.png 48w, https:\/\/pharmaplast-online.net\/wp-content\/uploads\/2025\/06\/IFU-12-600x117.png 600w\" sizes=\"(max-width: 802px) 100vw, 802px\" \/><\/p>                        <\/div>\n                    <\/div>\n                                    <div class=\"tab-pane elementkit-tab-pane elementor-repeater-item-23affad\" id=\"content-23affad69f2ccd3ddada\" role=\"tabpanel\"\n                         aria-labelledby=\"content-23affad69f2ccd3ddada-tab\">\n                        <div class=\"animated fadeIn\">\n                            <table><tbody><tr><td width=\"162\"><p><strong>Espuma<\/strong><strong>\u00ae<\/strong><strong> Adhesive Plus<\/strong><\/p><\/td><td width=\"130\"><p><strong>Size<\/strong><\/p><\/td><td width=\"126\"><p><strong>Pieces\/Case<\/strong><\/p><\/td><td width=\"144\"><p><strong>Boxes\/Case <\/strong><\/p><\/td><\/tr><tr><td width=\"162\"><p>ESPADHPLUS5050<\/p><\/td><td width=\"130\"><p>50&#215;50 mm<\/p><\/td><td width=\"126\"><p>10<\/p><\/td><td width=\"144\"><p>48<\/p><\/td><\/tr><tr><td width=\"162\"><p>ESPADHPLUS7575<\/p><\/td><td width=\"130\"><p>75&#215;75 mm<\/p><\/td><td width=\"126\"><p>10<\/p><\/td><td width=\"144\"><p>48<\/p><\/td><\/tr><tr><td width=\"162\"><p>ESPADHPLUS75100<\/p><\/td><td width=\"130\"><p>75&#215;100 mm<\/p><\/td><td width=\"126\"><p>10<\/p><\/td><td width=\"144\"><p>48<\/p><\/td><\/tr><tr><td width=\"162\"><p>ESPADHPLUS100100<\/p><\/td><td width=\"130\"><p>100&#215;100 mm<\/p><\/td><td width=\"126\"><p>10<\/p><\/td><td width=\"144\"><p>48<\/p><\/td><\/tr><tr><td width=\"162\"><p>ESPADHPLUS100150<\/p><\/td><td width=\"130\"><p>100 x 150 mm<\/p><\/td><td width=\"126\"><p><strong>5<\/strong><\/p><\/td><td width=\"144\"><p>24<\/p><\/td><\/tr><tr><td width=\"162\"><p>ESPADHPLUS100200<\/p><\/td><td width=\"130\"><p>100 x 200 mm<\/p><\/td><td width=\"126\"><p><strong>5<\/strong><\/p><\/td><td width=\"144\"><p>24<\/p><\/td><\/tr><tr><td width=\"162\"><p>ESPADHPLUS100250<\/p><\/td><td width=\"130\"><p>100&#215;250 mm<\/p><\/td><td width=\"126\"><p><strong>5<\/strong><\/p><\/td><td width=\"144\"><p>24<\/p><\/td><\/tr><tr><td width=\"162\"><p>ESPADHPLUS100300<\/p><\/td><td width=\"130\"><p>100&#215;300 mm<\/p><\/td><td width=\"126\"><p><strong>5<\/strong><\/p><\/td><td width=\"144\"><p>24<\/p><\/td><\/tr><\/tbody><\/table><p>Inne rozmiary s\u0105 dost\u0119pne na zam\u00f3wienie.<\/p>                        <\/div>\n                    <\/div>\n                                    <div class=\"tab-pane elementkit-tab-pane elementor-repeater-item-b955027\" id=\"content-b95502769f2ccd3ddada\" role=\"tabpanel\"\n                         aria-labelledby=\"content-b95502769f2ccd3ddada-tab\">\n                        <div class=\"animated fadeIn\">\n                            <p><a href=\"https:\/\/pharmaplast-online.net\/wp-content\/uploads\/2026\/04\/hydrocellular-dressings-brochure-MDR-issue2-12112024.pdf\">Espuma Exulock Family brochure<\/a><\/p><p><img decoding=\"async\" class=\"alignnone wp-image-20471\" src=\"https:\/\/pharmaplast-online.net\/wp-content\/uploads\/2025\/06\/broucher-300x105.png\" alt=\"\" width=\"148\" height=\"52\" srcset=\"https:\/\/pharmaplast-online.net\/wp-content\/uploads\/2025\/06\/broucher-300x105.png 300w, https:\/\/pharmaplast-online.net\/wp-content\/uploads\/2025\/06\/broucher-18x6.png 18w, https:\/\/pharmaplast-online.net\/wp-content\/uploads\/2025\/06\/broucher-24x8.png 24w, https:\/\/pharmaplast-online.net\/wp-content\/uploads\/2025\/06\/broucher-36x13.png 36w, https:\/\/pharmaplast-online.net\/wp-content\/uploads\/2025\/06\/broucher-48x17.png 48w, https:\/\/pharmaplast-online.net\/wp-content\/uploads\/2025\/06\/broucher-600x211.png 600w, https:\/\/pharmaplast-online.net\/wp-content\/uploads\/2025\/06\/broucher.png 640w\" sizes=\"(max-width: 148px) 100vw, 148px\" \/><\/p>                        <\/div>\n                    <\/div>\n                                \n            <\/div>\n                    <\/div>\n    <\/div>\t\t\t\t<\/div>\n\t\t\t\t<\/div>\n\t\t\t\t\t<\/div>\n\t\t<\/div>\n\t\t\t\t\t<\/div>\n\t\t<\/section>\n\t\t\t\t<\/div>","protected":false},"excerpt":{"rendered":"<p>Wysoce ch\u0142onny opatrunek piankowy z przylepnym brzegiem hydrokoloidowym<\/p>","protected":false},"featured_media":15348,"comment_status":"open","ping_status":"closed","template":"","meta":[],"product_brand":[],"product_cat":[187,202,203],"product_tag":[],"class_list":{"0":"post-11037","1":"product","2":"type-product","3":"status-publish","4":"has-post-thumbnail","6":"product_cat-advanced-wound-care","7":"product_cat-foams","8":"product_cat-pu-foams","9":"new","11":"first","12":"instock","13":"shipping-taxable","14":"product-type-simple"},"acf":[],"_links":{"self":[{"href":"https:\/\/pharmaplast-online.net\/pl\/wp-json\/wp\/v2\/product\/11037","targetHints":{"allow":["GET"]}}],"collection":[{"href":"https:\/\/pharmaplast-online.net\/pl\/wp-json\/wp\/v2\/product"}],"about":[{"href":"https:\/\/pharmaplast-online.net\/pl\/wp-json\/wp\/v2\/types\/product"}],"replies":[{"embeddable":true,"href":"https:\/\/pharmaplast-online.net\/pl\/wp-json\/wp\/v2\/comments?post=11037"}],"version-history":[{"count":35,"href":"https:\/\/pharmaplast-online.net\/pl\/wp-json\/wp\/v2\/product\/11037\/revisions"}],"predecessor-version":[{"id":24679,"href":"https:\/\/pharmaplast-online.net\/pl\/wp-json\/wp\/v2\/product\/11037\/revisions\/24679"}],"wp:featuredmedia":[{"embeddable":true,"href":"https:\/\/pharmaplast-online.net\/pl\/wp-json\/wp\/v2\/media\/15348"}],"wp:attachment":[{"href":"https:\/\/pharmaplast-online.net\/pl\/wp-json\/wp\/v2\/media?parent=11037"}],"wp:term":[{"taxonomy":"product_brand","embeddable":true,"href":"https:\/\/pharmaplast-online.net\/pl\/wp-json\/wp\/v2\/product_brand?post=11037"},{"taxonomy":"product_cat","embeddable":true,"href":"https:\/\/pharmaplast-online.net\/pl\/wp-json\/wp\/v2\/product_cat?post=11037"},{"taxonomy":"product_tag","embeddable":true,"href":"https:\/\/pharmaplast-online.net\/pl\/wp-json\/wp\/v2\/product_tag?post=11037"}],"curies":[{"name":"wp","href":"https:\/\/api.w.org\/{rel}","templated":true}]}}