{"id":11171,"date":"2023-03-01T13:25:58","date_gmt":"2023-03-01T13:25:58","guid":{"rendered":"https:\/\/pharmaplast.mediagate-egy.com\/?post_type=product&#038;p=11171"},"modified":"2025-10-22T20:08:42","modified_gmt":"2025-10-22T20:08:42","slug":"protectfilm-adhesive-border","status":"publish","type":"product","link":"https:\/\/pharmaplast-online.net\/pl\/produkt\/protectfilm-adhesive-border\/","title":{"rendered":"Protectfilm\u00ae Adhesive Border"},"content":{"rendered":"<div data-elementor-type=\"product-post\" data-elementor-id=\"11171\" class=\"elementor elementor-11171\" data-elementor-post-type=\"product\">\n\t\t\t\t\t\t<section class=\"elementor-section elementor-top-section elementor-element elementor-element-abdfffb elementor-section-boxed elementor-section-height-default elementor-section-height-default qodef-elementor-content-no\" data-id=\"abdfffb\" data-element_type=\"section\" data-e-type=\"section\" data-settings=\"{&quot;ekit_has_onepagescroll_dot&quot;:&quot;yes&quot;}\">\n\t\t\t\t\t\t<div class=\"elementor-container elementor-column-gap-default\">\n\t\t\t\t\t<div class=\"elementor-column elementor-col-100 elementor-top-column elementor-element elementor-element-b5bbbc4\" data-id=\"b5bbbc4\" data-element_type=\"column\" data-e-type=\"column\">\n\t\t\t<div class=\"elementor-widget-wrap elementor-element-populated\">\n\t\t\t\t\t\t<div class=\"elementor-element elementor-element-1b6afe0 elementor-widget elementor-widget-elementskit-simple-tab\" data-id=\"1b6afe0\" data-element_type=\"widget\" data-e-type=\"widget\" data-settings=\"{&quot;ekit_we_effect_on&quot;:&quot;none&quot;}\" data-widget_type=\"elementskit-simple-tab.default\">\n\t\t\t\t<div class=\"elementor-widget-container\">\n\t\t\t\t\t<div class=\"ekit-wid-con\" >        <div class=\"elementkit-tab-wraper\">\n            <ul class=\"nav nav-tabs elementkit-tab-nav  elementskit-fullwidth-tab\">\n                                    <li class=\"elementkit-nav-item elementor-repeater-item-d0363a9\">\n                        <a class=\"elementkit-nav-link  active show left-pos\" id=\"content-d0363a969e1a10e5f167-tab\" data-ekit-handler-id=\"product-info\" data-ekit-toggle=\"tab\" data-target=\"#content-d0363a969e1a10e5f167\" href=\"#Content-d0363a969e1a10e5f167\"\n                            data-ekit-toggle-trigger=\"click\"\n                            aria-describedby=\"Content-d0363a969e1a10e5f167\">\n                            <span class=\"elementskit-tab-icon\"><\/span>                            <span class=\"elementskit-tab-title\">Informacje o Produkcie<\/span>\n                        <\/a>\n                    <\/li>\n                                        <li class=\"elementkit-nav-item elementor-repeater-item-9b61f69\">\n                        <a class=\"elementkit-nav-link  left-pos\" id=\"content-9b61f6969e1a10e5f167-tab\" data-ekit-handler-id=\"how-to-use\" data-ekit-toggle=\"tab\" data-target=\"#content-9b61f6969e1a10e5f167\" href=\"#Content-9b61f6969e1a10e5f167\"\n                            data-ekit-toggle-trigger=\"click\"\n                            aria-describedby=\"Content-9b61f6969e1a10e5f167\">\n                            <span class=\"elementskit-tab-icon\"><\/span>                            <span class=\"elementskit-tab-title\">Instrukcja U\u017cycia<\/span>\n                        <\/a>\n                    <\/li>\n                                        <li class=\"elementkit-nav-item elementor-repeater-item-23affad\">\n                        <a class=\"elementkit-nav-link  left-pos\" id=\"content-23affad69e1a10e5f167-tab\" data-ekit-handler-id=\"sizes-codes\" data-ekit-toggle=\"tab\" data-target=\"#content-23affad69e1a10e5f167\" href=\"#Content-23affad69e1a10e5f167\"\n                            data-ekit-toggle-trigger=\"click\"\n                            aria-describedby=\"Content-23affad69e1a10e5f167\">\n                            <span class=\"elementskit-tab-icon\"><\/span>                            <span class=\"elementskit-tab-title\">Rozmiary i Kody<\/span>\n                        <\/a>\n                    <\/li>\n                                        <li class=\"elementkit-nav-item elementor-repeater-item-de626a0\">\n                        <a class=\"elementkit-nav-link  left-pos\" id=\"content-de626a069e1a10e5f167-tab\" data-ekit-handler-id=\"downloads\" data-ekit-toggle=\"tab\" data-target=\"#content-de626a069e1a10e5f167\" href=\"#Content-de626a069e1a10e5f167\"\n                            data-ekit-toggle-trigger=\"click\"\n                            aria-describedby=\"Content-de626a069e1a10e5f167\">\n                            <span class=\"elementskit-tab-icon\"><\/span>                            <span class=\"elementskit-tab-title\">Pobieranie<\/span>\n                        <\/a>\n                    <\/li>\n                                <\/ul>\n\n            <div class=\"tab-content elementkit-tab-content\">\n                                    <div class=\"tab-pane elementkit-tab-pane elementor-repeater-item-d0363a9  active show\" id=\"content-d0363a969e1a10e5f167\" role=\"tabpanel\"\n                         aria-labelledby=\"content-d0363a969e1a10e5f167-tab\">\n                        <div class=\"animated fadeIn\">\n                            <h3>Informacje o Produkcie<\/h3>\t\t<div data-elementor-type=\"section\" data-elementor-id=\"8585\" class=\"elementor elementor-8585\" data-elementor-post-type=\"elementor_library\">\n\t\t\t\t\t<section class=\"elementor-section elementor-top-section elementor-element elementor-element-3c9a5a4 elementor-section-boxed elementor-section-height-default elementor-section-height-default qodef-elementor-content-no\" data-id=\"3c9a5a4\" data-element_type=\"section\" data-e-type=\"section\" data-settings=\"{&quot;ekit_has_onepagescroll_dot&quot;:&quot;yes&quot;}\">\n\t\t\t\t\t\t<div class=\"elementor-container elementor-column-gap-default\">\n\t\t\t\t\t<div class=\"elementor-column elementor-col-100 elementor-top-column elementor-element elementor-element-8fd3e15\" data-id=\"8fd3e15\" data-element_type=\"column\" data-e-type=\"column\">\n\t\t\t<div class=\"elementor-widget-wrap elementor-element-populated\">\n\t\t\t\t\t\t<div class=\"elementor-element elementor-element-c6fd92e elementor-widget elementor-widget-accordion\" data-id=\"c6fd92e\" data-element_type=\"widget\" data-e-type=\"widget\" data-settings=\"{&quot;ekit_we_effect_on&quot;:&quot;none&quot;}\" data-widget_type=\"accordion.default\">\n\t\t\t\t<div class=\"elementor-widget-container\">\n\t\t\t\t\t\t\t<div class=\"elementor-accordion\">\n\t\t\t\t\t\t\t<div class=\"elementor-accordion-item\">\n\t\t\t\t\t<div id=\"elementor-tab-title-2081\" class=\"elementor-tab-title\" data-tab=\"1\" role=\"button\" aria-controls=\"elementor-tab-content-2081\" aria-expanded=\"false\">\n\t\t\t\t\t\t\t\t\t\t\t\t\t<span class=\"elementor-accordion-icon elementor-accordion-icon-left\" aria-hidden=\"true\">\n\t\t\t\t\t\t\t\t\t\t\t\t\t\t\t<span class=\"elementor-accordion-icon-closed\"><i class=\"fas fa-plus\"><\/i><\/span>\n\t\t\t\t\t\t\t\t<span class=\"elementor-accordion-icon-opened\"><i class=\"fas fa-minus\"><\/i><\/span>\n\t\t\t\t\t\t\t\t\t\t\t\t\t\t<\/span>\n\t\t\t\t\t\t\t\t\t\t\t\t<a class=\"elementor-accordion-title\" tabindex=\"0\">Opis<\/a>\n\t\t\t\t\t<\/div>\n\t\t\t\t\t<div id=\"elementor-tab-content-2081\" class=\"elementor-tab-content elementor-clearfix\" data-tab=\"1\" role=\"region\" aria-labelledby=\"elementor-tab-title-2081\"><p><strong>Protectfilm\u00ae<\/strong> to przezroczyste, ochronne opatrunki na ran\u0119, sk\u0142adaj\u0105ce si\u0119 z cienkiego, wodoodpornego, odpornego na bakterie i wirusy filmu poliuretanowego pokrytego hipoalergicznym klejem.<\/p>\n<p><strong>Protectfilm\u00ae Adhesive border<\/strong> to przepuszczaj\u0105cy powietrze, przezroczysty, ochronny film poliuretanowy z samoprzylepnym brzegiem i woln\u0105 od kleju powierzchni\u0105 \u015brodkow\u0105, kt\u00f3ra zapobiega niepo\u017c\u0105danemu przyleganiu do \u0142o\u017cyska rany i umo\u017cliwia usuni\u0119cie opatrunku bez\nb\u00f3lu lub urazu.<\/p>\n<\/div>\n\t\t\t\t<\/div>\n\t\t\t\t\t\t\t<div class=\"elementor-accordion-item\">\n\t\t\t\t\t<div id=\"elementor-tab-title-2082\" class=\"elementor-tab-title\" data-tab=\"2\" role=\"button\" aria-controls=\"elementor-tab-content-2082\" aria-expanded=\"false\">\n\t\t\t\t\t\t\t\t\t\t\t\t\t<span class=\"elementor-accordion-icon elementor-accordion-icon-left\" aria-hidden=\"true\">\n\t\t\t\t\t\t\t\t\t\t\t\t\t\t\t<span class=\"elementor-accordion-icon-closed\"><i class=\"fas fa-plus\"><\/i><\/span>\n\t\t\t\t\t\t\t\t<span class=\"elementor-accordion-icon-opened\"><i class=\"fas fa-minus\"><\/i><\/span>\n\t\t\t\t\t\t\t\t\t\t\t\t\t\t<\/span>\n\t\t\t\t\t\t\t\t\t\t\t\t<a class=\"elementor-accordion-title\" tabindex=\"0\">W\u0142a\u015bciwo\u015bci<\/a>\n\t\t\t\t\t<\/div>\n\t\t\t\t\t<div id=\"elementor-tab-content-2082\" class=\"elementor-tab-content elementor-clearfix\" data-tab=\"2\" role=\"region\" aria-labelledby=\"elementor-tab-title-2082\"><p class=\"translation-block\"><div class=\"su-spoiler-content su-u-clearfix su-u-trim\">\n<ul>\n<li><span style=\"font-size: medium\">Utrzymuje ran\u0119 w stanie niezak\u0142\u00f3conym<\/span><\/li>\n<li><span style=\"font-size: medium\">Bardzo \u0142atwy do za\u0142o\u017cenia.<\/span><\/li>\n<li><span style=\"font-size: medium\">Warstwa przezroczysta pozwala na obserwacj\u0119 procesu gojenia bez zdejmowania opatrunku.<\/span><\/li>\n<li><span style=\"font-size: medium\">Pacjent mo\u017ce bez \u017cadnego ryzyka bra\u0107 prysznic.<\/span><\/li>\n<li><span style=\"font-size: medium\"><b>Protectfilm <\/b>pozwala na oddychanie rany oraz na eliminacj\u0119 pary wodnej, co chroni sk\u00f3r\u0119 przed maceracj\u0105. Opatrunek mo\u017cna utrzymywa\u0107 w jednym miejscu przez 5 dni, co zmniejsza liczb\u0119 ingerencji w miejscu rany.<\/span><\/li>\n<\/ul>\n<p><span style=\"font-size: medium\">&nbsp;<\/span><\/p><\/div><\/p>\n<\/div>\n\t\t\t\t<\/div>\n\t\t\t\t\t\t\t<div class=\"elementor-accordion-item\">\n\t\t\t\t\t<div id=\"elementor-tab-title-2083\" class=\"elementor-tab-title\" data-tab=\"3\" role=\"button\" aria-controls=\"elementor-tab-content-2083\" aria-expanded=\"false\">\n\t\t\t\t\t\t\t\t\t\t\t\t\t<span class=\"elementor-accordion-icon elementor-accordion-icon-left\" aria-hidden=\"true\">\n\t\t\t\t\t\t\t\t\t\t\t\t\t\t\t<span class=\"elementor-accordion-icon-closed\"><i class=\"fas fa-plus\"><\/i><\/span>\n\t\t\t\t\t\t\t\t<span class=\"elementor-accordion-icon-opened\"><i class=\"fas fa-minus\"><\/i><\/span>\n\t\t\t\t\t\t\t\t\t\t\t\t\t\t<\/span>\n\t\t\t\t\t\t\t\t\t\t\t\t<a class=\"elementor-accordion-title\" tabindex=\"0\">Przeznaczenie<\/a>\n\t\t\t\t\t<\/div>\n\t\t\t\t\t<div id=\"elementor-tab-content-2083\" class=\"elementor-tab-content elementor-clearfix\" data-tab=\"3\" role=\"region\" aria-labelledby=\"elementor-tab-title-2083\"><p class=\"translation-block\">\u2022 Jako opatrunek podstawowy, ma pokrywa\u0107 i chroni\u0107 rany suche lub o niewielkim wysi\u0119ku, takie jak: otarcia, zranienia i obszary tarcia.\n\u2022 Jako opatrunek wt\u00f3rny jest stosowany jako urz\u0105dzenie mocuj\u0105ce, zabezpieczaj\u0105ce miejsca wprowadzenia cewnika i pokrywaj\u0105ce inne\nopatrunki podstawowe, takie jak alginiany, hydro\u017cele, materia\u0142y typu Hydrofiber i pianki.<\/p>\n<\/div>\n\t\t\t\t<\/div>\n\t\t\t\t\t\t\t<div class=\"elementor-accordion-item\">\n\t\t\t\t\t<div id=\"elementor-tab-title-2084\" class=\"elementor-tab-title\" data-tab=\"4\" role=\"button\" aria-controls=\"elementor-tab-content-2084\" aria-expanded=\"false\">\n\t\t\t\t\t\t\t\t\t\t\t\t\t<span class=\"elementor-accordion-icon elementor-accordion-icon-left\" aria-hidden=\"true\">\n\t\t\t\t\t\t\t\t\t\t\t\t\t\t\t<span class=\"elementor-accordion-icon-closed\"><i class=\"fas fa-plus\"><\/i><\/span>\n\t\t\t\t\t\t\t\t<span class=\"elementor-accordion-icon-opened\"><i class=\"fas fa-minus\"><\/i><\/span>\n\t\t\t\t\t\t\t\t\t\t\t\t\t\t<\/span>\n\t\t\t\t\t\t\t\t\t\t\t\t<a class=\"elementor-accordion-title\" tabindex=\"0\">Przeciwwskazania<\/a>\n\t\t\t\t\t<\/div>\n\t\t\t\t\t<div id=\"elementor-tab-content-2084\" class=\"elementor-tab-content elementor-clearfix\" data-tab=\"4\" role=\"region\" aria-labelledby=\"elementor-tab-title-2084\"><\/div>\n\t\t\t\t<\/div>\n\t\t\t\t\t\t\t<div class=\"elementor-accordion-item\">\n\t\t\t\t\t<div id=\"elementor-tab-title-2085\" class=\"elementor-tab-title\" data-tab=\"5\" role=\"button\" aria-controls=\"elementor-tab-content-2085\" aria-expanded=\"false\">\n\t\t\t\t\t\t\t\t\t\t\t\t\t<span class=\"elementor-accordion-icon elementor-accordion-icon-left\" aria-hidden=\"true\">\n\t\t\t\t\t\t\t\t\t\t\t\t\t\t\t<span class=\"elementor-accordion-icon-closed\"><i class=\"fas fa-plus\"><\/i><\/span>\n\t\t\t\t\t\t\t\t<span class=\"elementor-accordion-icon-opened\"><i class=\"fas fa-minus\"><\/i><\/span>\n\t\t\t\t\t\t\t\t\t\t\t\t\t\t<\/span>\n\t\t\t\t\t\t\t\t\t\t\t\t<a class=\"elementor-accordion-title\" tabindex=\"0\">\u015arodki ostro\u017cno\u015bci<\/a>\n\t\t\t\t\t<\/div>\n\t\t\t\t\t<div id=\"elementor-tab-content-2085\" class=\"elementor-tab-content elementor-clearfix\" data-tab=\"5\" role=\"region\" aria-labelledby=\"elementor-tab-title-2085\"><p class=\"translation-block\">\u2022 Ja\u0142owo\u015b\u0107 opatrunku jest gwarantowana, chyba \u017ce woreczek zostanie uszkodzony lub otwarty przed u\u017cyciem.\n\u2022 Wy\u0142\u0105cznie do jednorazowego u\u017cytku. Ponowne u\u017cycie mo\u017ce spowodowa\u0107 zaka\u017cenie krzy\u017cowe.\n\u2022 Nie nale\u017cy u\u017cywa\u0107 po up\u0142ywie terminu wa\u017cno\u015bci.\n\u2022 Nie nale\u017cy stosowa\u0107 u pacjent\u00f3w wra\u017cliwych na klej akrylowy.\n\u2022 Nie nale\u017cy stosowa\u0107 na ranach zaka\u017conych lub krwawi\u0105cych, chyba \u017ce pod nadzorem lekarza.\n\u2022 Powt\u00f3rne zastosowanie mo\u017ce spowodowa\u0107 uszkodzenie sk\u00f3ry u pacjent\u00f3w z cienk\u0105 lub delikatn\u0105 sk\u00f3r\u0105.<\/p>\n<\/div>\n\t\t\t\t<\/div>\n\t\t\t\t\t\t\t<div class=\"elementor-accordion-item\">\n\t\t\t\t\t<div id=\"elementor-tab-title-2086\" class=\"elementor-tab-title\" data-tab=\"6\" role=\"button\" aria-controls=\"elementor-tab-content-2086\" aria-expanded=\"false\">\n\t\t\t\t\t\t\t\t\t\t\t\t\t<span class=\"elementor-accordion-icon elementor-accordion-icon-left\" aria-hidden=\"true\">\n\t\t\t\t\t\t\t\t\t\t\t\t\t\t\t<span class=\"elementor-accordion-icon-closed\"><i class=\"fas fa-plus\"><\/i><\/span>\n\t\t\t\t\t\t\t\t<span class=\"elementor-accordion-icon-opened\"><i class=\"fas fa-minus\"><\/i><\/span>\n\t\t\t\t\t\t\t\t\t\t\t\t\t\t<\/span>\n\t\t\t\t\t\t\t\t\t\t\t\t<a class=\"elementor-accordion-title\" tabindex=\"0\">schemat warstw<\/a>\n\t\t\t\t\t<\/div>\n\t\t\t\t\t<div id=\"elementor-tab-content-2086\" class=\"elementor-tab-content elementor-clearfix\" data-tab=\"6\" role=\"region\" aria-labelledby=\"elementor-tab-title-2086\"><\/div>\n\t\t\t\t<\/div>\n\t\t\t\t\t\t\t<div class=\"elementor-accordion-item\">\n\t\t\t\t\t<div id=\"elementor-tab-title-2087\" class=\"elementor-tab-title\" data-tab=\"7\" role=\"button\" aria-controls=\"elementor-tab-content-2087\" aria-expanded=\"false\">\n\t\t\t\t\t\t\t\t\t\t\t\t\t<span class=\"elementor-accordion-icon elementor-accordion-icon-left\" aria-hidden=\"true\">\n\t\t\t\t\t\t\t\t\t\t\t\t\t\t\t<span class=\"elementor-accordion-icon-closed\"><i class=\"fas fa-plus\"><\/i><\/span>\n\t\t\t\t\t\t\t\t<span class=\"elementor-accordion-icon-opened\"><i class=\"fas fa-minus\"><\/i><\/span>\n\t\t\t\t\t\t\t\t\t\t\t\t\t\t<\/span>\n\t\t\t\t\t\t\t\t\t\t\t\t<a class=\"elementor-accordion-title\" tabindex=\"0\">Cz\u0119stotliwo\u015b\u0107 zmiany opatrunku<\/a>\n\t\t\t\t\t<\/div>\n\t\t\t\t\t<div id=\"elementor-tab-content-2087\" class=\"elementor-tab-content elementor-clearfix\" data-tab=\"7\" role=\"region\" aria-labelledby=\"elementor-tab-title-2087\"><\/div>\n\t\t\t\t<\/div>\n\t\t\t\t\t\t\t<div class=\"elementor-accordion-item\">\n\t\t\t\t\t<div id=\"elementor-tab-title-2088\" class=\"elementor-tab-title\" data-tab=\"8\" role=\"button\" aria-controls=\"elementor-tab-content-2088\" aria-expanded=\"false\">\n\t\t\t\t\t\t\t\t\t\t\t\t\t<span class=\"elementor-accordion-icon elementor-accordion-icon-left\" aria-hidden=\"true\">\n\t\t\t\t\t\t\t\t\t\t\t\t\t\t\t<span class=\"elementor-accordion-icon-closed\"><i class=\"fas fa-plus\"><\/i><\/span>\n\t\t\t\t\t\t\t\t<span class=\"elementor-accordion-icon-opened\"><i class=\"fas fa-minus\"><\/i><\/span>\n\t\t\t\t\t\t\t\t\t\t\t\t\t\t<\/span>\n\t\t\t\t\t\t\t\t\t\t\t\t<a class=\"elementor-accordion-title\" tabindex=\"0\">Jak to dzia\u0142a?<\/a>\n\t\t\t\t\t<\/div>\n\t\t\t\t\t<div id=\"elementor-tab-content-2088\" class=\"elementor-tab-content elementor-clearfix\" data-tab=\"8\" role=\"region\" aria-labelledby=\"elementor-tab-title-2088\"><\/div>\n\t\t\t\t<\/div>\n\t\t\t\t\t\t\t<div class=\"elementor-accordion-item\">\n\t\t\t\t\t<div id=\"elementor-tab-title-2089\" class=\"elementor-tab-title\" data-tab=\"9\" role=\"button\" aria-controls=\"elementor-tab-content-2089\" aria-expanded=\"false\">\n\t\t\t\t\t\t\t\t\t\t\t\t\t<span class=\"elementor-accordion-icon elementor-accordion-icon-left\" aria-hidden=\"true\">\n\t\t\t\t\t\t\t\t\t\t\t\t\t\t\t<span class=\"elementor-accordion-icon-closed\"><i class=\"fas fa-plus\"><\/i><\/span>\n\t\t\t\t\t\t\t\t<span class=\"elementor-accordion-icon-opened\"><i class=\"fas fa-minus\"><\/i><\/span>\n\t\t\t\t\t\t\t\t\t\t\t\t\t\t<\/span>\n\t\t\t\t\t\t\t\t\t\t\t\t<a class=\"elementor-accordion-title\" tabindex=\"0\">Okres przechowywania<\/a>\n\t\t\t\t\t<\/div>\n\t\t\t\t\t<div id=\"elementor-tab-content-2089\" class=\"elementor-tab-content elementor-clearfix\" data-tab=\"9\" role=\"region\" aria-labelledby=\"elementor-tab-title-2089\"><\/div>\n\t\t\t\t<\/div>\n\t\t\t\t\t\t\t\t<\/div>\n\t\t\t\t\t\t<\/div>\n\t\t\t\t<\/div>\n\t\t\t\t\t<\/div>\n\t\t<\/div>\n\t\t\t\t\t<\/div>\n\t\t<\/section>\n\t\t\t\t<\/div>\n\t\t                        <\/div>\n                    <\/div>\n                                    <div class=\"tab-pane elementkit-tab-pane elementor-repeater-item-9b61f69\" id=\"content-9b61f6969e1a10e5f167\" role=\"tabpanel\"\n                         aria-labelledby=\"content-9b61f6969e1a10e5f167-tab\">\n                        <div class=\"animated fadeIn\">\n                            <p class=\"translation-block\">1. Oczy\u015bci\u0107 ran\u0119 i dok\u0142adnie osuszy\u0107 otaczaj\u0105c\u0105 sk\u00f3r\u0119.\n2. Usun\u0105\u0107 warstwy zabezpieczaj\u0105ce opatrunek.\n3. Obejrze\u0107 miejsce poprzez film i wy\u015brodkowa\u0107 opatrunek na ranie, nie rozci\u0105ga\u0107 podczas nak\u0142adania.<\/p><p><img fetchpriority=\"high\" decoding=\"async\" class=\"aligncenter wp-image-21028 size-full\" src=\"https:\/\/pharmaplast-online.net\/wp-content\/uploads\/2025\/06\/IFU-21.png\" alt=\"\" width=\"807\" height=\"149\" srcset=\"https:\/\/pharmaplast-online.net\/wp-content\/uploads\/2025\/06\/IFU-21.png 807w, https:\/\/pharmaplast-online.net\/wp-content\/uploads\/2025\/06\/IFU-21-300x55.png 300w, https:\/\/pharmaplast-online.net\/wp-content\/uploads\/2025\/06\/IFU-21-768x142.png 768w, https:\/\/pharmaplast-online.net\/wp-content\/uploads\/2025\/06\/IFU-21-18x3.png 18w, https:\/\/pharmaplast-online.net\/wp-content\/uploads\/2025\/06\/IFU-21-24x4.png 24w, https:\/\/pharmaplast-online.net\/wp-content\/uploads\/2025\/06\/IFU-21-36x7.png 36w, https:\/\/pharmaplast-online.net\/wp-content\/uploads\/2025\/06\/IFU-21-48x9.png 48w, https:\/\/pharmaplast-online.net\/wp-content\/uploads\/2025\/06\/IFU-21-600x111.png 600w\" sizes=\"(max-width: 807px) 100vw, 807px\" \/><\/p>                        <\/div>\n                    <\/div>\n                                    <div class=\"tab-pane elementkit-tab-pane elementor-repeater-item-23affad\" id=\"content-23affad69e1a10e5f167\" role=\"tabpanel\"\n                         aria-labelledby=\"content-23affad69e1a10e5f167-tab\">\n                        <div class=\"animated fadeIn\">\n                            <table><tbody><tr><td width=\"186\"><p><strong>Protectfilm<\/strong><strong>\u00ae<\/strong><strong> Adhesive Border <\/strong><\/p><\/td><td width=\"105\"><p><strong>Size<\/strong><\/p><\/td><td width=\"126\"><p><strong>Pieces\/Case<\/strong><\/p><\/td><td width=\"144\"><p><strong>Boxes\/Case <\/strong><\/p><\/td><\/tr><tr><td width=\"186\"><p>PFZ6070ADH<\/p><\/td><td width=\"105\"><p>6cmx7cm<\/p><\/td><td width=\"126\"><p>100<\/p><\/td><td width=\"144\"><p>16<\/p><\/td><\/tr><tr><td width=\"186\"><p>PFZ5075ADH<\/p><\/td><td width=\"105\"><p>5cmx7.5cm<\/p><\/td><td width=\"126\"><p>100<\/p><\/td><td width=\"144\"><p>16<\/p><\/td><\/tr><tr><td width=\"186\"><p>PFZ75100ADH<\/p><\/td><td width=\"105\"><p>7.5cmx10cm<\/p><\/td><td width=\"126\"><p>100<\/p><\/td><td width=\"144\"><p>16<\/p><\/td><\/tr><tr><td width=\"186\"><p>PFZ75120ADH<\/p><\/td><td width=\"105\"><p>7.5cmx12cm<\/p><\/td><td width=\"126\"><p>60<\/p><\/td><td width=\"144\"><p>16<\/p><\/td><\/tr><tr><td width=\"186\"><p>PFZ5082ADH<\/p><\/td><td width=\"105\"><p>5cmx8.2cm<\/p><\/td><td width=\"126\"><p>100<\/p><\/td><td width=\"144\"><p>16<\/p><\/td><\/tr><tr><td width=\"186\"><p>PFZ6585ADH<\/p><\/td><td width=\"105\"><p>6.5cmx8.5cm<\/p><\/td><td width=\"126\"><p>100<\/p><\/td><td width=\"144\"><p>16<\/p><\/td><\/tr><tr><td width=\"186\"><p>PFZ100120ADH<\/p><\/td><td width=\"105\"><p>10cmx12cm<\/p><\/td><td width=\"126\"><p>60<\/p><\/td><td width=\"144\"><p>16<\/p><\/td><\/tr><tr><td width=\"186\"><p>PFZ100140ADH<\/p><\/td><td width=\"105\"><p>10cmx14cm<\/p><\/td><td width=\"126\"><p>60<\/p><\/td><td width=\"144\"><p>16<\/p><\/td><\/tr><\/tbody><\/table><p>Inne rozmiary s\u0105 dost\u0119pne na zam\u00f3wienie.<\/p>                        <\/div>\n                    <\/div>\n                                    <div class=\"tab-pane elementkit-tab-pane elementor-repeater-item-de626a0\" id=\"content-de626a069e1a10e5f167\" role=\"tabpanel\"\n                         aria-labelledby=\"content-de626a069e1a10e5f167-tab\">\n                        <div class=\"animated fadeIn\">\n                            <p><a href=\"https:\/\/pharmaplast-online.net\/wp-content\/uploads\/2025\/06\/Protectfilm-Family-brochure.pdf\">Protectfilm Family brochure<\/a><\/p><p><img decoding=\"async\" class=\"alignnone wp-image-20471\" src=\"https:\/\/pharmaplast-online.net\/wp-content\/uploads\/2025\/06\/broucher-300x105.png\" alt=\"\" width=\"146\" height=\"51\" srcset=\"https:\/\/pharmaplast-online.net\/wp-content\/uploads\/2025\/06\/broucher-300x105.png 300w, https:\/\/pharmaplast-online.net\/wp-content\/uploads\/2025\/06\/broucher-18x6.png 18w, https:\/\/pharmaplast-online.net\/wp-content\/uploads\/2025\/06\/broucher-24x8.png 24w, https:\/\/pharmaplast-online.net\/wp-content\/uploads\/2025\/06\/broucher-36x13.png 36w, https:\/\/pharmaplast-online.net\/wp-content\/uploads\/2025\/06\/broucher-48x17.png 48w, https:\/\/pharmaplast-online.net\/wp-content\/uploads\/2025\/06\/broucher-600x211.png 600w, https:\/\/pharmaplast-online.net\/wp-content\/uploads\/2025\/06\/broucher.png 640w\" sizes=\"(max-width: 146px) 100vw, 146px\" \/><\/p>                        <\/div>\n                    <\/div>\n                                \n            <\/div>\n                    <\/div>\n    <\/div>\t\t\t\t<\/div>\n\t\t\t\t<\/div>\n\t\t\t\t\t<\/div>\n\t\t<\/div>\n\t\t\t\t\t<\/div>\n\t\t<\/section>\n\t\t\t\t<\/div>","protected":false},"excerpt":{"rendered":"<p>Opatrunek z filmem z samoprzylepn\u0105 cz\u0119\u015bci\u0105 \u015brodkow\u0105<\/p>","protected":false},"featured_media":21002,"comment_status":"open","ping_status":"closed","template":"","meta":[],"product_brand":[],"product_cat":[224,223,225],"product_tag":[],"class_list":{"0":"post-11171","1":"product","2":"type-product","3":"status-publish","4":"has-post-thumbnail","6":"product_cat-post-op-dressings-surgical-dressings","7":"product_cat-surgical-dressings","8":"product_cat-traditional","10":"first","11":"instock","12":"shipping-taxable","13":"product-type-simple"},"acf":[],"_links":{"self":[{"href":"https:\/\/pharmaplast-online.net\/pl\/wp-json\/wp\/v2\/product\/11171","targetHints":{"allow":["GET"]}}],"collection":[{"href":"https:\/\/pharmaplast-online.net\/pl\/wp-json\/wp\/v2\/product"}],"about":[{"href":"https:\/\/pharmaplast-online.net\/pl\/wp-json\/wp\/v2\/types\/product"}],"replies":[{"embeddable":true,"href":"https:\/\/pharmaplast-online.net\/pl\/wp-json\/wp\/v2\/comments?post=11171"}],"version-history":[{"count":15,"href":"https:\/\/pharmaplast-online.net\/pl\/wp-json\/wp\/v2\/product\/11171\/revisions"}],"predecessor-version":[{"id":23369,"href":"https:\/\/pharmaplast-online.net\/pl\/wp-json\/wp\/v2\/product\/11171\/revisions\/23369"}],"wp:featuredmedia":[{"embeddable":true,"href":"https:\/\/pharmaplast-online.net\/pl\/wp-json\/wp\/v2\/media\/21002"}],"wp:attachment":[{"href":"https:\/\/pharmaplast-online.net\/pl\/wp-json\/wp\/v2\/media?parent=11171"}],"wp:term":[{"taxonomy":"product_brand","embeddable":true,"href":"https:\/\/pharmaplast-online.net\/pl\/wp-json\/wp\/v2\/product_brand?post=11171"},{"taxonomy":"product_cat","embeddable":true,"href":"https:\/\/pharmaplast-online.net\/pl\/wp-json\/wp\/v2\/product_cat?post=11171"},{"taxonomy":"product_tag","embeddable":true,"href":"https:\/\/pharmaplast-online.net\/pl\/wp-json\/wp\/v2\/product_tag?post=11171"}],"curies":[{"name":"wp","href":"https:\/\/api.w.org\/{rel}","templated":true}]}}