{"id":11468,"date":"2023-03-05T15:54:40","date_gmt":"2023-03-05T15:54:40","guid":{"rendered":"https:\/\/pharmaplast.mediagate-egy.com\/?post_type=product&#038;p=11468"},"modified":"2024-11-02T13:34:47","modified_gmt":"2024-11-02T13:34:47","slug":"vilowond-povi-iv-adhesive","status":"publish","type":"product","link":"https:\/\/pharmaplast-online.net\/pl\/produkt\/vilowond-povi-iv-adhesive\/","title":{"rendered":"Vilowond\u00ae POVI IV Adhesive"},"content":{"rendered":"<div data-elementor-type=\"product-post\" data-elementor-id=\"11468\" class=\"elementor elementor-11468\" data-elementor-post-type=\"product\">\n\t\t\t\t\t\t<section class=\"elementor-section elementor-top-section elementor-element elementor-element-f156b88 elementor-section-boxed elementor-section-height-default elementor-section-height-default qodef-elementor-content-no\" data-id=\"f156b88\" data-element_type=\"section\" data-e-type=\"section\" data-settings=\"{&quot;ekit_has_onepagescroll_dot&quot;:&quot;yes&quot;}\">\n\t\t\t\t\t\t<div class=\"elementor-container elementor-column-gap-default\">\n\t\t\t\t\t<div class=\"elementor-column elementor-col-100 elementor-top-column elementor-element elementor-element-028a639\" data-id=\"028a639\" data-element_type=\"column\" data-e-type=\"column\">\n\t\t\t<div class=\"elementor-widget-wrap elementor-element-populated\">\n\t\t\t\t\t\t<div class=\"elementor-element elementor-element-2707aba elementor-widget elementor-widget-elementskit-simple-tab\" data-id=\"2707aba\" data-element_type=\"widget\" data-e-type=\"widget\" data-settings=\"{&quot;ekit_we_effect_on&quot;:&quot;none&quot;}\" data-widget_type=\"elementskit-simple-tab.default\">\n\t\t\t\t<div class=\"elementor-widget-container\">\n\t\t\t\t\t<div class=\"ekit-wid-con\" >        <div class=\"elementkit-tab-wraper\">\n            <ul class=\"nav nav-tabs elementkit-tab-nav  elementskit-fullwidth-tab\">\n                                    <li class=\"elementkit-nav-item elementor-repeater-item-d0363a9\">\n                        <a class=\"elementkit-nav-link  active show left-pos\" id=\"content-d0363a969f026ce3cf67-tab\" data-ekit-handler-id=\"product-info\" data-ekit-toggle=\"tab\" data-target=\"#content-d0363a969f026ce3cf67\" href=\"#Content-d0363a969f026ce3cf67\"\n                            data-ekit-toggle-trigger=\"click\"\n                            aria-describedby=\"Content-d0363a969f026ce3cf67\">\n                            <span class=\"elementskit-tab-icon\"><\/span>                            <span class=\"elementskit-tab-title\">Informacje o Produkcie<\/span>\n                        <\/a>\n                    <\/li>\n                                        <li class=\"elementkit-nav-item elementor-repeater-item-9b61f69\">\n                        <a class=\"elementkit-nav-link  left-pos\" id=\"content-9b61f6969f026ce3cf67-tab\" data-ekit-handler-id=\"how-to-use\" data-ekit-toggle=\"tab\" data-target=\"#content-9b61f6969f026ce3cf67\" href=\"#Content-9b61f6969f026ce3cf67\"\n                            data-ekit-toggle-trigger=\"click\"\n                            aria-describedby=\"Content-9b61f6969f026ce3cf67\">\n                            <span class=\"elementskit-tab-icon\"><\/span>                            <span class=\"elementskit-tab-title\">Instrukcja U\u017cycia<\/span>\n                        <\/a>\n                    <\/li>\n                                        <li class=\"elementkit-nav-item elementor-repeater-item-23affad\">\n                        <a class=\"elementkit-nav-link  left-pos\" id=\"content-23affad69f026ce3cf67-tab\" data-ekit-handler-id=\"sizes-codes\" data-ekit-toggle=\"tab\" data-target=\"#content-23affad69f026ce3cf67\" href=\"#Content-23affad69f026ce3cf67\"\n                            data-ekit-toggle-trigger=\"click\"\n                            aria-describedby=\"Content-23affad69f026ce3cf67\">\n                            <span class=\"elementskit-tab-icon\"><\/span>                            <span class=\"elementskit-tab-title\">Rozmiary i Kody<\/span>\n                        <\/a>\n                    <\/li>\n                                        <li class=\"elementkit-nav-item elementor-repeater-item-520bb7e\">\n                        <a class=\"elementkit-nav-link  left-pos\" id=\"content-520bb7e69f026ce3cf67-tab\" data-ekit-handler-id=\"downloads\" data-ekit-toggle=\"tab\" data-target=\"#content-520bb7e69f026ce3cf67\" href=\"#Content-520bb7e69f026ce3cf67\"\n                            data-ekit-toggle-trigger=\"click\"\n                            aria-describedby=\"Content-520bb7e69f026ce3cf67\">\n                            <span class=\"elementskit-tab-icon\"><\/span>                            <span class=\"elementskit-tab-title\">Pobieranie<\/span>\n                        <\/a>\n                    <\/li>\n                                <\/ul>\n\n            <div class=\"tab-content elementkit-tab-content\">\n                                    <div class=\"tab-pane elementkit-tab-pane elementor-repeater-item-d0363a9  active show\" id=\"content-d0363a969f026ce3cf67\" role=\"tabpanel\"\n                         aria-labelledby=\"content-d0363a969f026ce3cf67-tab\">\n                        <div class=\"animated fadeIn\">\n                            <h3>Informacje o Produkcie<\/h3>\t\t<div data-elementor-type=\"section\" data-elementor-id=\"8585\" class=\"elementor elementor-8585\" data-elementor-post-type=\"elementor_library\">\n\t\t\t\t\t<section class=\"elementor-section elementor-top-section elementor-element elementor-element-3c9a5a4 elementor-section-boxed elementor-section-height-default elementor-section-height-default qodef-elementor-content-no\" data-id=\"3c9a5a4\" data-element_type=\"section\" data-e-type=\"section\" data-settings=\"{&quot;ekit_has_onepagescroll_dot&quot;:&quot;yes&quot;}\">\n\t\t\t\t\t\t<div class=\"elementor-container elementor-column-gap-default\">\n\t\t\t\t\t<div class=\"elementor-column elementor-col-100 elementor-top-column elementor-element elementor-element-8fd3e15\" data-id=\"8fd3e15\" data-element_type=\"column\" data-e-type=\"column\">\n\t\t\t<div class=\"elementor-widget-wrap elementor-element-populated\">\n\t\t\t\t\t\t<div class=\"elementor-element elementor-element-c6fd92e elementor-widget elementor-widget-accordion\" data-id=\"c6fd92e\" data-element_type=\"widget\" data-e-type=\"widget\" data-settings=\"{&quot;ekit_we_effect_on&quot;:&quot;none&quot;}\" data-widget_type=\"accordion.default\">\n\t\t\t\t<div class=\"elementor-widget-container\">\n\t\t\t\t\t\t\t<div class=\"elementor-accordion\">\n\t\t\t\t\t\t\t<div class=\"elementor-accordion-item\">\n\t\t\t\t\t<div id=\"elementor-tab-title-2081\" class=\"elementor-tab-title\" data-tab=\"1\" role=\"button\" aria-controls=\"elementor-tab-content-2081\" aria-expanded=\"false\">\n\t\t\t\t\t\t\t\t\t\t\t\t\t<span class=\"elementor-accordion-icon elementor-accordion-icon-left\" aria-hidden=\"true\">\n\t\t\t\t\t\t\t\t\t\t\t\t\t\t\t<span class=\"elementor-accordion-icon-closed\"><i class=\"fas fa-plus\"><\/i><\/span>\n\t\t\t\t\t\t\t\t<span class=\"elementor-accordion-icon-opened\"><i class=\"fas fa-minus\"><\/i><\/span>\n\t\t\t\t\t\t\t\t\t\t\t\t\t\t<\/span>\n\t\t\t\t\t\t\t\t\t\t\t\t<a class=\"elementor-accordion-title\" tabindex=\"0\">Opis<\/a>\n\t\t\t\t\t<\/div>\n\t\t\t\t\t<div id=\"elementor-tab-content-2081\" class=\"elementor-tab-content elementor-clearfix\" data-tab=\"1\" role=\"region\" aria-labelledby=\"elementor-tab-title-2081\"><div class=\"su-spoiler-content su-u-clearfix su-u-trim\">\n<p><span style=\"font-size: medium\"><strong>Vilowond\u00ae POVI IV Adhesive<\/strong>\u00a0 is a non woven dressing for skin sensitive people, having incision along the middle and antimicrobial absorbent iodine ointment containing wound pad at the end of Incision, located in central position.<br \/>\n<\/span><span style=\"font-size: medium\">Plastry mog by wykonane z rnych materia?w, takich jak warstwa polietylenowa, warstwa poliuretanowa, sztywny materia, elastyczny materia, elastyczny materia niepleciony, sztywny materia niepleciony, pianka PE, pianka PE z nadrukiem dla dzieci.<br \/>\n<\/span><span style=\"font-size: medium\">PharmaPOVIto podstawowy, niepleciony opatrunek filcowy laminowany gaz impregnowan jodem; cay opatrunek jest jednoczenie laminowany siatk polietylenow penic rol nieprzywierajcej warstwy kontaktowej.<\/span><\/p>\n<\/div>\n<\/div>\n\t\t\t\t<\/div>\n\t\t\t\t\t\t\t<div class=\"elementor-accordion-item\">\n\t\t\t\t\t<div id=\"elementor-tab-title-2082\" class=\"elementor-tab-title\" data-tab=\"2\" role=\"button\" aria-controls=\"elementor-tab-content-2082\" aria-expanded=\"false\">\n\t\t\t\t\t\t\t\t\t\t\t\t\t<span class=\"elementor-accordion-icon elementor-accordion-icon-left\" aria-hidden=\"true\">\n\t\t\t\t\t\t\t\t\t\t\t\t\t\t\t<span class=\"elementor-accordion-icon-closed\"><i class=\"fas fa-plus\"><\/i><\/span>\n\t\t\t\t\t\t\t\t<span class=\"elementor-accordion-icon-opened\"><i class=\"fas fa-minus\"><\/i><\/span>\n\t\t\t\t\t\t\t\t\t\t\t\t\t\t<\/span>\n\t\t\t\t\t\t\t\t\t\t\t\t<a class=\"elementor-accordion-title\" tabindex=\"0\">W\u0142a\u015bciwo\u015bci<\/a>\n\t\t\t\t\t<\/div>\n\t\t\t\t\t<div id=\"elementor-tab-content-2082\" class=\"elementor-tab-content elementor-clearfix\" data-tab=\"2\" role=\"region\" aria-labelledby=\"elementor-tab-title-2082\"><div class=\"su-spoiler-content su-u-clearfix su-u-trim\">\n<p><span style=\"font-size: medium\"><strong>1- <\/strong><strong>Antybakteryjne:<br \/>\n<\/strong><\/span><span style=\"font-size: medium\">Due to the presence of iodine, <strong>Vilowond\u00ae POVI IV Adhesive<\/strong> \u00a0has a strong antimicrobial activity, so it\u2019s ideal for protecting the wound, even if infected.<br \/>\n<\/span><span style=\"font-size: medium\">Wi\u0119kszo\u015b\u0107 mikroorganizm\u00f3w nie wykazuje odporno\u015bci ani tolerancji na jod PVP-J.<br \/>\n<\/span><span style=\"font-size: medium\"><strong>2- <\/strong><strong>Bezpieczna:<br \/>\n<\/strong><\/span><span style=\"font-size: medium\">Unlike other iodine impregnated gauze dressings available in the market, <strong>Vilowond\u00ae POVI IV Adhesive<\/strong> \u00a0is non-cytotoxic, non-irritant and non-sensitizing,<br \/>\n<\/span><span style=\"font-size: medium\">Produkt zosta\u0142 specjalnie zaprojektowany, aby umo\u017cliwi\u0107 dotarcie kontrolowanych ilo\u015bci jodu do \u0142o\u017cyska rany w celu zapobie\u017cenia cytotoksyczno\u015bci.<br \/>\n<\/span><span style=\"font-size: medium\"><strong>3- <\/strong><strong>Absorbent:<br \/>\n<\/strong><\/span><span style=\"font-size: medium\"><strong>Vilowond\u00ae POVI IV Adhesive<\/strong>\u00a0 ma t\u0119 przewag\u0119 nad nieprzywieraj\u0105c\u0105 gaz\u0105 impregnowan\u0105 jodem na rynku, \u017ce nie wymaga wt\u00f3rnego opatrunku ch\u0142onnego, poniewa\u017c zawiera ch\u0142onny filc laminowany do warstwa zawieraj\u0105ca jod.<\/span><br \/>\n<\/span><strong style=\"font-size: medium\">4- <\/strong><strong style=\"font-size: medium\">Nieprzestrzegaj\u0105cy:<br \/>\n<\/strong><span style=\"font-size: medium\">Obecno\u015b\u0107 ma\u015bci na bazie PEG wraz z siatk\u0105 PE jako warstw\u0105 kontaktow\u0105 sprawia, \u017ce opatrunek nie przylega, dzi\u0119ki czemu mo\u017cna go \u0142atwo usun\u0105\u0107 bez b\u00f3lu i uraz\u00f3w.<\/span><\/p>\n<\/div>\n<\/div>\n\t\t\t\t<\/div>\n\t\t\t\t\t\t\t<div class=\"elementor-accordion-item\">\n\t\t\t\t\t<div id=\"elementor-tab-title-2083\" class=\"elementor-tab-title\" data-tab=\"3\" role=\"button\" aria-controls=\"elementor-tab-content-2083\" aria-expanded=\"false\">\n\t\t\t\t\t\t\t\t\t\t\t\t\t<span class=\"elementor-accordion-icon elementor-accordion-icon-left\" aria-hidden=\"true\">\n\t\t\t\t\t\t\t\t\t\t\t\t\t\t\t<span class=\"elementor-accordion-icon-closed\"><i class=\"fas fa-plus\"><\/i><\/span>\n\t\t\t\t\t\t\t\t<span class=\"elementor-accordion-icon-opened\"><i class=\"fas fa-minus\"><\/i><\/span>\n\t\t\t\t\t\t\t\t\t\t\t\t\t\t<\/span>\n\t\t\t\t\t\t\t\t\t\t\t\t<a class=\"elementor-accordion-title\" tabindex=\"0\">Przeznaczenie<\/a>\n\t\t\t\t\t<\/div>\n\t\t\t\t\t<div id=\"elementor-tab-content-2083\" class=\"elementor-tab-content elementor-clearfix\" data-tab=\"3\" role=\"region\" aria-labelledby=\"elementor-tab-title-2083\"><div class=\"su-spoiler-content su-u-clearfix su-u-trim\">\n<p><span style=\"font-size: medium\"><p>opatrunki mocuj\u0105ce cewniki i kaniule oraz zastosowania profilaktyczne zapobiegaj\u0105ce infekcjom zwi\u0105zanym z cewnikiem.<\/p><\/span><\/p>\n<\/div>\n<\/div>\n\t\t\t\t<\/div>\n\t\t\t\t\t\t\t<div class=\"elementor-accordion-item\">\n\t\t\t\t\t<div id=\"elementor-tab-title-2084\" class=\"elementor-tab-title\" data-tab=\"4\" role=\"button\" aria-controls=\"elementor-tab-content-2084\" aria-expanded=\"false\">\n\t\t\t\t\t\t\t\t\t\t\t\t\t<span class=\"elementor-accordion-icon elementor-accordion-icon-left\" aria-hidden=\"true\">\n\t\t\t\t\t\t\t\t\t\t\t\t\t\t\t<span class=\"elementor-accordion-icon-closed\"><i class=\"fas fa-plus\"><\/i><\/span>\n\t\t\t\t\t\t\t\t<span class=\"elementor-accordion-icon-opened\"><i class=\"fas fa-minus\"><\/i><\/span>\n\t\t\t\t\t\t\t\t\t\t\t\t\t\t<\/span>\n\t\t\t\t\t\t\t\t\t\t\t\t<a class=\"elementor-accordion-title\" tabindex=\"0\">Przeciwwskazania<\/a>\n\t\t\t\t\t<\/div>\n\t\t\t\t\t<div id=\"elementor-tab-content-2084\" class=\"elementor-tab-content elementor-clearfix\" data-tab=\"4\" role=\"region\" aria-labelledby=\"elementor-tab-title-2084\"><div class=\"su-spoiler-content su-u-clearfix su-u-trim\">\n<p class=\"translation-block\"><div class=\"su-spoiler-content su-u-clearfix su-u-trim\">\n<ol>\n<li><span style=\"font-size: medium\">Nie stosowa\u0107 opatrunk\u00f3w zawieraj\u0105cych jod PVP-J w przypadku pacjent\u00f3w wra\u017cliwych na jod lub kt\u00f3ry\u015b z pozosta\u0142ych sk\u0142adnik\u00f3w opatrunku.<\/span><\/li>\n<li><span style=\"font-size: medium\">Nie stosowa\u0107 przed i po leczeniu radiojodem.<\/span><\/li>\n<li><span style=\"font-size: medium\">Nie stosowa\u0107 w leczeniu schorze\u0144 nerkowych.<\/span><\/li>\n<li><span style=\"font-size: medium\">Nie stosowa\u0107 w okresie ci\u0105\u017cy i karmienia piersi\u0105.<\/span><\/li>\n<\/ol>\n<\/div><\/p>\n<p>&nbsp;<\/p>\n<\/div>\n<\/div>\n\t\t\t\t<\/div>\n\t\t\t\t\t\t\t<div class=\"elementor-accordion-item\">\n\t\t\t\t\t<div id=\"elementor-tab-title-2085\" class=\"elementor-tab-title\" data-tab=\"5\" role=\"button\" aria-controls=\"elementor-tab-content-2085\" aria-expanded=\"false\">\n\t\t\t\t\t\t\t\t\t\t\t\t\t<span class=\"elementor-accordion-icon elementor-accordion-icon-left\" aria-hidden=\"true\">\n\t\t\t\t\t\t\t\t\t\t\t\t\t\t\t<span class=\"elementor-accordion-icon-closed\"><i class=\"fas fa-plus\"><\/i><\/span>\n\t\t\t\t\t\t\t\t<span class=\"elementor-accordion-icon-opened\"><i class=\"fas fa-minus\"><\/i><\/span>\n\t\t\t\t\t\t\t\t\t\t\t\t\t\t<\/span>\n\t\t\t\t\t\t\t\t\t\t\t\t<a class=\"elementor-accordion-title\" tabindex=\"0\">\u015arodki ostro\u017cno\u015bci<\/a>\n\t\t\t\t\t<\/div>\n\t\t\t\t\t<div id=\"elementor-tab-content-2085\" class=\"elementor-tab-content elementor-clearfix\" data-tab=\"5\" role=\"region\" aria-labelledby=\"elementor-tab-title-2085\"><\/div>\n\t\t\t\t<\/div>\n\t\t\t\t\t\t\t<div class=\"elementor-accordion-item\">\n\t\t\t\t\t<div id=\"elementor-tab-title-2086\" class=\"elementor-tab-title\" data-tab=\"6\" role=\"button\" aria-controls=\"elementor-tab-content-2086\" aria-expanded=\"false\">\n\t\t\t\t\t\t\t\t\t\t\t\t\t<span class=\"elementor-accordion-icon elementor-accordion-icon-left\" aria-hidden=\"true\">\n\t\t\t\t\t\t\t\t\t\t\t\t\t\t\t<span class=\"elementor-accordion-icon-closed\"><i class=\"fas fa-plus\"><\/i><\/span>\n\t\t\t\t\t\t\t\t<span class=\"elementor-accordion-icon-opened\"><i class=\"fas fa-minus\"><\/i><\/span>\n\t\t\t\t\t\t\t\t\t\t\t\t\t\t<\/span>\n\t\t\t\t\t\t\t\t\t\t\t\t<a class=\"elementor-accordion-title\" tabindex=\"0\">schemat warstw<\/a>\n\t\t\t\t\t<\/div>\n\t\t\t\t\t<div id=\"elementor-tab-content-2086\" class=\"elementor-tab-content elementor-clearfix\" data-tab=\"6\" role=\"region\" aria-labelledby=\"elementor-tab-title-2086\"><\/div>\n\t\t\t\t<\/div>\n\t\t\t\t\t\t\t<div class=\"elementor-accordion-item\">\n\t\t\t\t\t<div id=\"elementor-tab-title-2087\" class=\"elementor-tab-title\" data-tab=\"7\" role=\"button\" aria-controls=\"elementor-tab-content-2087\" aria-expanded=\"false\">\n\t\t\t\t\t\t\t\t\t\t\t\t\t<span class=\"elementor-accordion-icon elementor-accordion-icon-left\" aria-hidden=\"true\">\n\t\t\t\t\t\t\t\t\t\t\t\t\t\t\t<span class=\"elementor-accordion-icon-closed\"><i class=\"fas fa-plus\"><\/i><\/span>\n\t\t\t\t\t\t\t\t<span class=\"elementor-accordion-icon-opened\"><i class=\"fas fa-minus\"><\/i><\/span>\n\t\t\t\t\t\t\t\t\t\t\t\t\t\t<\/span>\n\t\t\t\t\t\t\t\t\t\t\t\t<a class=\"elementor-accordion-title\" tabindex=\"0\">Cz\u0119stotliwo\u015b\u0107 zmiany opatrunku<\/a>\n\t\t\t\t\t<\/div>\n\t\t\t\t\t<div id=\"elementor-tab-content-2087\" class=\"elementor-tab-content elementor-clearfix\" data-tab=\"7\" role=\"region\" aria-labelledby=\"elementor-tab-title-2087\"><\/div>\n\t\t\t\t<\/div>\n\t\t\t\t\t\t\t<div class=\"elementor-accordion-item\">\n\t\t\t\t\t<div id=\"elementor-tab-title-2088\" class=\"elementor-tab-title\" data-tab=\"8\" role=\"button\" aria-controls=\"elementor-tab-content-2088\" aria-expanded=\"false\">\n\t\t\t\t\t\t\t\t\t\t\t\t\t<span class=\"elementor-accordion-icon elementor-accordion-icon-left\" aria-hidden=\"true\">\n\t\t\t\t\t\t\t\t\t\t\t\t\t\t\t<span class=\"elementor-accordion-icon-closed\"><i class=\"fas fa-plus\"><\/i><\/span>\n\t\t\t\t\t\t\t\t<span class=\"elementor-accordion-icon-opened\"><i class=\"fas fa-minus\"><\/i><\/span>\n\t\t\t\t\t\t\t\t\t\t\t\t\t\t<\/span>\n\t\t\t\t\t\t\t\t\t\t\t\t<a class=\"elementor-accordion-title\" tabindex=\"0\">Jak to dzia\u0142a?<\/a>\n\t\t\t\t\t<\/div>\n\t\t\t\t\t<div id=\"elementor-tab-content-2088\" class=\"elementor-tab-content elementor-clearfix\" data-tab=\"8\" role=\"region\" aria-labelledby=\"elementor-tab-title-2088\"><\/div>\n\t\t\t\t<\/div>\n\t\t\t\t\t\t\t<div class=\"elementor-accordion-item\">\n\t\t\t\t\t<div id=\"elementor-tab-title-2089\" class=\"elementor-tab-title\" data-tab=\"9\" role=\"button\" aria-controls=\"elementor-tab-content-2089\" aria-expanded=\"false\">\n\t\t\t\t\t\t\t\t\t\t\t\t\t<span class=\"elementor-accordion-icon elementor-accordion-icon-left\" aria-hidden=\"true\">\n\t\t\t\t\t\t\t\t\t\t\t\t\t\t\t<span class=\"elementor-accordion-icon-closed\"><i class=\"fas fa-plus\"><\/i><\/span>\n\t\t\t\t\t\t\t\t<span class=\"elementor-accordion-icon-opened\"><i class=\"fas fa-minus\"><\/i><\/span>\n\t\t\t\t\t\t\t\t\t\t\t\t\t\t<\/span>\n\t\t\t\t\t\t\t\t\t\t\t\t<a class=\"elementor-accordion-title\" tabindex=\"0\">Okres przechowywania<\/a>\n\t\t\t\t\t<\/div>\n\t\t\t\t\t<div id=\"elementor-tab-content-2089\" class=\"elementor-tab-content elementor-clearfix\" data-tab=\"9\" role=\"region\" aria-labelledby=\"elementor-tab-title-2089\"><\/div>\n\t\t\t\t<\/div>\n\t\t\t\t\t\t\t\t<\/div>\n\t\t\t\t\t\t<\/div>\n\t\t\t\t<\/div>\n\t\t\t\t\t<\/div>\n\t\t<\/div>\n\t\t\t\t\t<\/div>\n\t\t<\/section>\n\t\t\t\t<\/div>\n\t\t                        <\/div>\n                    <\/div>\n                                    <div class=\"tab-pane elementkit-tab-pane elementor-repeater-item-9b61f69\" id=\"content-9b61f6969f026ce3cf67\" role=\"tabpanel\"\n                         aria-labelledby=\"content-9b61f6969f026ce3cf67-tab\">\n                        <div class=\"animated fadeIn\">\n                            <img decoding=\"async\" class=\"aligncenter\" src=\"https:\/\/pharmaplast-online.net\/wp-content\/uploads\/Wound_Care\/how_to_use\/En\/Pharmapore_IV_POVI.png \" alt=\"\">                        <\/div>\n                    <\/div>\n                                    <div class=\"tab-pane elementkit-tab-pane elementor-repeater-item-23affad\" id=\"content-23affad69f026ce3cf67\" role=\"tabpanel\"\n                         aria-labelledby=\"content-23affad69f026ce3cf67-tab\">\n                        <div class=\"animated fadeIn\">\n                            <p>\u00a0<\/p><table><tbody><tr><td width=\"210\"><p><strong>Vilowond\u00ae POVI IV Adhesive<\/strong><\/p><\/td><td width=\"112\"><p><strong>Sizes <\/strong><\/p><\/td><td width=\"94\"><p><strong>Pieces\/Boxes<\/strong><\/p><\/td><td width=\"98\"><p><strong>Boxes\/Case <\/strong><\/p><\/td><\/tr><tr><td width=\"210\"><p>ViloPOVIIV76<\/p><\/td><td width=\"112\"><p>7 cm x 6 cm<\/p><\/td><td width=\"94\"><p>100<\/p><\/td><td width=\"98\"><p>16<\/p><\/td><\/tr><tr><td width=\"210\"><p>ViloPOVIIV1012<\/p><\/td><td width=\"112\"><p>10 cm x 12 cm<\/p><\/td><td width=\"94\"><p>100<\/p><\/td><td width=\"98\"><p>16<\/p><\/td><\/tr><tr><td width=\"210\"><p>ViloPOVIIV68<\/p><\/td><td width=\"112\"><p>6 cm x 8 cm<\/p><\/td><td width=\"94\"><p>100<\/p><\/td><td width=\"98\"><p>16<\/p><\/td><\/tr><\/tbody><\/table><p><img decoding=\"async\" class=\"aligncenter\" src=\"https:\/\/pharmaplast-online.net\/wp-content\/uploads\/Wound_Care\/table_of_sizes\/En\/Pharmapore_IV_POVI.png \" alt=\"\" \/><\/p>                        <\/div>\n                    <\/div>\n                                    <div class=\"tab-pane elementkit-tab-pane elementor-repeater-item-520bb7e\" id=\"content-520bb7e69f026ce3cf67\" role=\"tabpanel\"\n                         aria-labelledby=\"content-520bb7e69f026ce3cf67-tab\">\n                        <div class=\"animated fadeIn\">\n                            <p><a href=\"https:\/\/pharmaplast-online.net\/wp-content\/uploads\/2024\/10\/Vilowond-POVI-Brochure.pdf\">Vilowond POVI Brochure<\/a><\/p><p><img decoding=\"async\" class=\"alignnone wp-image-17145\" src=\"https:\/\/pharmaplast-online.net\/wp-content\/uploads\/2024\/10\/pdf_4726010-300x300.png\" alt=\"\" width=\"49\" height=\"49\" srcset=\"https:\/\/pharmaplast-online.net\/wp-content\/uploads\/2024\/10\/pdf_4726010-300x300.png 300w, https:\/\/pharmaplast-online.net\/wp-content\/uploads\/2024\/10\/pdf_4726010-150x150.png 150w, https:\/\/pharmaplast-online.net\/wp-content\/uploads\/2024\/10\/pdf_4726010-12x12.png 12w, https:\/\/pharmaplast-online.net\/wp-content\/uploads\/2024\/10\/pdf_4726010-24x24.png 24w, https:\/\/pharmaplast-online.net\/wp-content\/uploads\/2024\/10\/pdf_4726010-36x36.png 36w, https:\/\/pharmaplast-online.net\/wp-content\/uploads\/2024\/10\/pdf_4726010-48x48.png 48w, https:\/\/pharmaplast-online.net\/wp-content\/uploads\/2024\/10\/pdf_4726010-100x100.png 100w, https:\/\/pharmaplast-online.net\/wp-content\/uploads\/2024\/10\/pdf_4726010.png 512w\" sizes=\"(max-width: 49px) 100vw, 49px\" \/><\/p>                        <\/div>\n                    <\/div>\n                                \n            <\/div>\n                    <\/div>\n    <\/div>\t\t\t\t<\/div>\n\t\t\t\t<\/div>\n\t\t\t\t\t<\/div>\n\t\t<\/div>\n\t\t\t\t\t<\/div>\n\t\t<\/section>\n\t\t\t\t<\/div>","protected":false},"excerpt":{"rendered":"<p>Antimicrobial Nonwoven Cannula fixation dressing with Iodine.<\/p>","protected":false},"featured_media":11470,"comment_status":"open","ping_status":"closed","template":"","meta":[],"product_brand":[],"product_cat":[266,279,275],"product_tag":[],"class_list":{"0":"post-11468","1":"product","2":"type-product","3":"status-publish","4":"has-post-thumbnail","6":"product_cat-anti-microbial-wound-care","7":"product_cat-iv-dressings-povidone-iodine","8":"product_cat-povidone-iodine","10":"first","11":"instock","12":"shipping-taxable","13":"product-type-simple"},"acf":[],"_links":{"self":[{"href":"https:\/\/pharmaplast-online.net\/pl\/wp-json\/wp\/v2\/product\/11468","targetHints":{"allow":["GET"]}}],"collection":[{"href":"https:\/\/pharmaplast-online.net\/pl\/wp-json\/wp\/v2\/product"}],"about":[{"href":"https:\/\/pharmaplast-online.net\/pl\/wp-json\/wp\/v2\/types\/product"}],"replies":[{"embeddable":true,"href":"https:\/\/pharmaplast-online.net\/pl\/wp-json\/wp\/v2\/comments?post=11468"}],"version-history":[{"count":14,"href":"https:\/\/pharmaplast-online.net\/pl\/wp-json\/wp\/v2\/product\/11468\/revisions"}],"predecessor-version":[{"id":17901,"href":"https:\/\/pharmaplast-online.net\/pl\/wp-json\/wp\/v2\/product\/11468\/revisions\/17901"}],"wp:featuredmedia":[{"embeddable":true,"href":"https:\/\/pharmaplast-online.net\/pl\/wp-json\/wp\/v2\/media\/11470"}],"wp:attachment":[{"href":"https:\/\/pharmaplast-online.net\/pl\/wp-json\/wp\/v2\/media?parent=11468"}],"wp:term":[{"taxonomy":"product_brand","embeddable":true,"href":"https:\/\/pharmaplast-online.net\/pl\/wp-json\/wp\/v2\/product_brand?post=11468"},{"taxonomy":"product_cat","embeddable":true,"href":"https:\/\/pharmaplast-online.net\/pl\/wp-json\/wp\/v2\/product_cat?post=11468"},{"taxonomy":"product_tag","embeddable":true,"href":"https:\/\/pharmaplast-online.net\/pl\/wp-json\/wp\/v2\/product_tag?post=11468"}],"curies":[{"name":"wp","href":"https:\/\/api.w.org\/{rel}","templated":true}]}}