{"id":11504,"date":"2023-03-06T10:02:57","date_gmt":"2023-03-06T10:02:57","guid":{"rendered":"https:\/\/pharmaplast.mediagate-egy.com\/?post_type=product&#038;p=11504"},"modified":"2024-11-05T19:28:36","modified_gmt":"2024-11-05T19:28:36","slug":"espuma-ag-sealed-edges","status":"publish","type":"product","link":"https:\/\/pharmaplast-online.net\/pl\/produkt\/espuma-ag-sealed-edges\/","title":{"rendered":"ESPUMA\u00aeAg Sealed Edges"},"content":{"rendered":"<div data-elementor-type=\"product-post\" data-elementor-id=\"11504\" class=\"elementor elementor-11504\" data-elementor-post-type=\"product\">\n\t\t\t\t\t\t<section class=\"elementor-section elementor-top-section elementor-element elementor-element-ac06980 elementor-section-boxed elementor-section-height-default elementor-section-height-default qodef-elementor-content-no\" data-id=\"ac06980\" data-element_type=\"section\" data-e-type=\"section\" data-settings=\"{&quot;ekit_has_onepagescroll_dot&quot;:&quot;yes&quot;}\">\n\t\t\t\t\t\t<div class=\"elementor-container elementor-column-gap-default\">\n\t\t\t\t\t<div class=\"elementor-column elementor-col-100 elementor-top-column elementor-element elementor-element-b63f048\" data-id=\"b63f048\" data-element_type=\"column\" data-e-type=\"column\">\n\t\t\t<div class=\"elementor-widget-wrap elementor-element-populated\">\n\t\t\t\t\t\t<div class=\"elementor-element elementor-element-61be8ef elementor-widget elementor-widget-elementskit-simple-tab\" data-id=\"61be8ef\" data-element_type=\"widget\" data-e-type=\"widget\" data-settings=\"{&quot;ekit_we_effect_on&quot;:&quot;none&quot;}\" data-widget_type=\"elementskit-simple-tab.default\">\n\t\t\t\t<div class=\"elementor-widget-container\">\n\t\t\t\t\t<div class=\"ekit-wid-con\" >        <div class=\"elementkit-tab-wraper\">\n            <ul class=\"nav nav-tabs elementkit-tab-nav  elementskit-fullwidth-tab\">\n                                    <li class=\"elementkit-nav-item elementor-repeater-item-d0363a9\">\n                        <a class=\"elementkit-nav-link  active show left-pos\" id=\"content-d0363a969eecd96b4269-tab\" data-ekit-handler-id=\"product-info\" data-ekit-toggle=\"tab\" data-target=\"#content-d0363a969eecd96b4269\" href=\"#Content-d0363a969eecd96b4269\"\n                            data-ekit-toggle-trigger=\"click\"\n                            aria-describedby=\"Content-d0363a969eecd96b4269\">\n                            <span class=\"elementskit-tab-icon\"><\/span>                            <span class=\"elementskit-tab-title\">Informacje o Produkcie<\/span>\n                        <\/a>\n                    <\/li>\n                                        <li class=\"elementkit-nav-item elementor-repeater-item-9b61f69\">\n                        <a class=\"elementkit-nav-link  left-pos\" id=\"content-9b61f6969eecd96b4269-tab\" data-ekit-handler-id=\"how-to-use\" data-ekit-toggle=\"tab\" data-target=\"#content-9b61f6969eecd96b4269\" href=\"#Content-9b61f6969eecd96b4269\"\n                            data-ekit-toggle-trigger=\"click\"\n                            aria-describedby=\"Content-9b61f6969eecd96b4269\">\n                            <span class=\"elementskit-tab-icon\"><\/span>                            <span class=\"elementskit-tab-title\">Instrukcja U\u017cycia<\/span>\n                        <\/a>\n                    <\/li>\n                                        <li class=\"elementkit-nav-item elementor-repeater-item-23affad\">\n                        <a class=\"elementkit-nav-link  left-pos\" id=\"content-23affad69eecd96b4269-tab\" data-ekit-handler-id=\"sizes-codes\" data-ekit-toggle=\"tab\" data-target=\"#content-23affad69eecd96b4269\" href=\"#Content-23affad69eecd96b4269\"\n                            data-ekit-toggle-trigger=\"click\"\n                            aria-describedby=\"Content-23affad69eecd96b4269\">\n                            <span class=\"elementskit-tab-icon\"><\/span>                            <span class=\"elementskit-tab-title\">Rozmiary i Kody<\/span>\n                        <\/a>\n                    <\/li>\n                                        <li class=\"elementkit-nav-item elementor-repeater-item-ff5082e\">\n                        <a class=\"elementkit-nav-link  left-pos\" id=\"content-ff5082e69eecd96b4269-tab\" data-ekit-handler-id=\"downloads\" data-ekit-toggle=\"tab\" data-target=\"#content-ff5082e69eecd96b4269\" href=\"#Content-ff5082e69eecd96b4269\"\n                            data-ekit-toggle-trigger=\"click\"\n                            aria-describedby=\"Content-ff5082e69eecd96b4269\">\n                            <span class=\"elementskit-tab-icon\"><\/span>                            <span class=\"elementskit-tab-title\">Pobieranie<\/span>\n                        <\/a>\n                    <\/li>\n                                <\/ul>\n\n            <div class=\"tab-content elementkit-tab-content\">\n                                    <div class=\"tab-pane elementkit-tab-pane elementor-repeater-item-d0363a9  active show\" id=\"content-d0363a969eecd96b4269\" role=\"tabpanel\"\n                         aria-labelledby=\"content-d0363a969eecd96b4269-tab\">\n                        <div class=\"animated fadeIn\">\n                            <h3>Informacje o Produkcie<\/h3>\t\t<div data-elementor-type=\"section\" data-elementor-id=\"8585\" class=\"elementor elementor-8585\" data-elementor-post-type=\"elementor_library\">\n\t\t\t\t\t<section class=\"elementor-section elementor-top-section elementor-element elementor-element-3c9a5a4 elementor-section-boxed elementor-section-height-default elementor-section-height-default qodef-elementor-content-no\" data-id=\"3c9a5a4\" data-element_type=\"section\" data-e-type=\"section\" data-settings=\"{&quot;ekit_has_onepagescroll_dot&quot;:&quot;yes&quot;}\">\n\t\t\t\t\t\t<div class=\"elementor-container elementor-column-gap-default\">\n\t\t\t\t\t<div class=\"elementor-column elementor-col-100 elementor-top-column elementor-element elementor-element-8fd3e15\" data-id=\"8fd3e15\" data-element_type=\"column\" data-e-type=\"column\">\n\t\t\t<div class=\"elementor-widget-wrap elementor-element-populated\">\n\t\t\t\t\t\t<div class=\"elementor-element elementor-element-c6fd92e elementor-widget elementor-widget-accordion\" data-id=\"c6fd92e\" data-element_type=\"widget\" data-e-type=\"widget\" data-settings=\"{&quot;ekit_we_effect_on&quot;:&quot;none&quot;}\" data-widget_type=\"accordion.default\">\n\t\t\t\t<div class=\"elementor-widget-container\">\n\t\t\t\t\t\t\t<div class=\"elementor-accordion\">\n\t\t\t\t\t\t\t<div class=\"elementor-accordion-item\">\n\t\t\t\t\t<div id=\"elementor-tab-title-2081\" class=\"elementor-tab-title\" data-tab=\"1\" role=\"button\" aria-controls=\"elementor-tab-content-2081\" aria-expanded=\"false\">\n\t\t\t\t\t\t\t\t\t\t\t\t\t<span class=\"elementor-accordion-icon elementor-accordion-icon-left\" aria-hidden=\"true\">\n\t\t\t\t\t\t\t\t\t\t\t\t\t\t\t<span class=\"elementor-accordion-icon-closed\"><i class=\"fas fa-plus\"><\/i><\/span>\n\t\t\t\t\t\t\t\t<span class=\"elementor-accordion-icon-opened\"><i class=\"fas fa-minus\"><\/i><\/span>\n\t\t\t\t\t\t\t\t\t\t\t\t\t\t<\/span>\n\t\t\t\t\t\t\t\t\t\t\t\t<a class=\"elementor-accordion-title\" tabindex=\"0\">Opis<\/a>\n\t\t\t\t\t<\/div>\n\t\t\t\t\t<div id=\"elementor-tab-content-2081\" class=\"elementor-tab-content elementor-clearfix\" data-tab=\"1\" role=\"region\" aria-labelledby=\"elementor-tab-title-2081\"><p class=\"translation-block\"><span style=\"font-size: medium\">Nel caso di PharmaSuperfoam Carbon Silver, l\u2019esperienza nei neonati, nei bambini piccoli e nelle donne in gravidanza \u00e8 limitata.<\/span><\/p>\n<\/div>\n\t\t\t\t<\/div>\n\t\t\t\t\t\t\t<div class=\"elementor-accordion-item\">\n\t\t\t\t\t<div id=\"elementor-tab-title-2082\" class=\"elementor-tab-title\" data-tab=\"2\" role=\"button\" aria-controls=\"elementor-tab-content-2082\" aria-expanded=\"false\">\n\t\t\t\t\t\t\t\t\t\t\t\t\t<span class=\"elementor-accordion-icon elementor-accordion-icon-left\" aria-hidden=\"true\">\n\t\t\t\t\t\t\t\t\t\t\t\t\t\t\t<span class=\"elementor-accordion-icon-closed\"><i class=\"fas fa-plus\"><\/i><\/span>\n\t\t\t\t\t\t\t\t<span class=\"elementor-accordion-icon-opened\"><i class=\"fas fa-minus\"><\/i><\/span>\n\t\t\t\t\t\t\t\t\t\t\t\t\t\t<\/span>\n\t\t\t\t\t\t\t\t\t\t\t\t<a class=\"elementor-accordion-title\" tabindex=\"0\">W\u0142a\u015bciwo\u015bci<\/a>\n\t\t\t\t\t<\/div>\n\t\t\t\t\t<div id=\"elementor-tab-content-2082\" class=\"elementor-tab-content elementor-clearfix\" data-tab=\"2\" role=\"region\" aria-labelledby=\"elementor-tab-title-2082\"><div class=\"su-spoiler-content su-u-clearfix su-u-trim\">\n<p><span style=\"font-size: medium\"><span style=\"font-size: medium\">&nbsp;wysoka ch\u0142onno\u015b\u0107 \u2013 nawet 10 razy wi\u0119ksza waga opatrunku,<\/span><br \/>\n<\/span><span style=\"font-size: medium\">The sealed edges of the dressing allow longer wear time without risk of maceration of the skin surrounding the wound, because exudates cannot leak laterally even when foam is saturated with exudates or<br \/>\ncompressed under a compression therapy.<br \/>\n<\/span><span style=\"font-size: medium\"><span style=\"font-size: medium\">mniejsza cz\u0119stotliwo\u015b\u0107 zmiany opatrunku,<\/span><br \/>\n<\/span><span style=\"font-size: medium\"><span style=\"font-size: medium\">Siatka zawieraj\u0105ca srebro od strony kontaktu z ran\u0105 stanowi bakteriob\u00f3jcz\u0105 barier\u0105 zapobiegaj\u0105c\u0105 kolonizacji powierzchni opatrunku, zapewniaj\u0105c w ten spos\u00f3b bardziej higieniczne warunki, zw\u0142aszcza w przypadku ran o wysokim ryzyku infekcji,<\/span><br \/>\n<\/span><span style=\"font-size: medium\"><span style=\"font-size: medium\">Zewn\u0119trzna warstwa poliuretanowa przepuszcza powietrze i pozwala wyparowa\u0107 wch\u0142oni\u0119tym wysi\u0119kom. Zwi\u0119ksza to og\u00f3lne mo\u017cliwo\u015bci wch\u0142aniania p\u0142yn\u00f3w przez piank\u0119.<\/span><\/span><\/p>\n<p style=\"text-align: justify\">\n<\/div>\n<\/div>\n\t\t\t\t<\/div>\n\t\t\t\t\t\t\t<div class=\"elementor-accordion-item\">\n\t\t\t\t\t<div id=\"elementor-tab-title-2083\" class=\"elementor-tab-title\" data-tab=\"3\" role=\"button\" aria-controls=\"elementor-tab-content-2083\" aria-expanded=\"false\">\n\t\t\t\t\t\t\t\t\t\t\t\t\t<span class=\"elementor-accordion-icon elementor-accordion-icon-left\" aria-hidden=\"true\">\n\t\t\t\t\t\t\t\t\t\t\t\t\t\t\t<span class=\"elementor-accordion-icon-closed\"><i class=\"fas fa-plus\"><\/i><\/span>\n\t\t\t\t\t\t\t\t<span class=\"elementor-accordion-icon-opened\"><i class=\"fas fa-minus\"><\/i><\/span>\n\t\t\t\t\t\t\t\t\t\t\t\t\t\t<\/span>\n\t\t\t\t\t\t\t\t\t\t\t\t<a class=\"elementor-accordion-title\" tabindex=\"0\">Przeznaczenie<\/a>\n\t\t\t\t\t<\/div>\n\t\t\t\t\t<div id=\"elementor-tab-content-2083\" class=\"elementor-tab-content elementor-clearfix\" data-tab=\"3\" role=\"region\" aria-labelledby=\"elementor-tab-title-2083\"><div class=\"su-spoiler-content su-u-clearfix su-u-trim\">\n<p style=\"text-align: justify\" class=\"translation-block\"><span style=\"font-size: medium\">Seria produkt\u00f3w <b>PharmasuperFoam Silver<\/b> mo\u017ce by\u0107 stosowana w nast\u0119puj\u0105cych przypadkach ran i owrzodze\u0144 ze \u015brednim<\/span><\/p>\n<p class=\"translation-block\"><ul>\n<li><span style=\"font-size: medium\">owrzodzenie powsta\u0142e w wyniku ucisku \u2013 faza II i powierzchowna faza III,<\/span><\/li>\n<li><span style=\"font-size: medium\">cz\u0119\u015bciowe i pe\u0142ne cukrzycowe owrzodzenie stopy,<\/span><\/li>\n<li><span style=\"font-size: medium\">owrzodzenie n\u00f3g spowodowane niewydolno\u015bci\u0105 \u017cyln\u0105,<\/span><\/li>\n<li><span style=\"font-size: medium\">cz\u0119\u015bciowe i pe\u0142ne owrzodzenie t\u0119tnicze,<\/span><\/li>\n<li><span style=\"font-size: medium\">oparzenia drugiego stopnia i zadrapania,<\/span><\/li>\n<li><span style=\"font-size: medium\">otwarte rany chirurgiczne,<\/span><\/li>\n<li><span style=\"font-size: medium\"><span style=\"font-size: medium\">rozci\u0119cia sk\u00f3ry. <b><\/b><\/span><\/span><\/li>\n<\/ul><\/p>\n<p style=\"text-align: justify\">\n<\/div>\n<\/div>\n\t\t\t\t<\/div>\n\t\t\t\t\t\t\t<div class=\"elementor-accordion-item\">\n\t\t\t\t\t<div id=\"elementor-tab-title-2084\" class=\"elementor-tab-title\" data-tab=\"4\" role=\"button\" aria-controls=\"elementor-tab-content-2084\" aria-expanded=\"false\">\n\t\t\t\t\t\t\t\t\t\t\t\t\t<span class=\"elementor-accordion-icon elementor-accordion-icon-left\" aria-hidden=\"true\">\n\t\t\t\t\t\t\t\t\t\t\t\t\t\t\t<span class=\"elementor-accordion-icon-closed\"><i class=\"fas fa-plus\"><\/i><\/span>\n\t\t\t\t\t\t\t\t<span class=\"elementor-accordion-icon-opened\"><i class=\"fas fa-minus\"><\/i><\/span>\n\t\t\t\t\t\t\t\t\t\t\t\t\t\t<\/span>\n\t\t\t\t\t\t\t\t\t\t\t\t<a class=\"elementor-accordion-title\" tabindex=\"0\">Przeciwwskazania<\/a>\n\t\t\t\t\t<\/div>\n\t\t\t\t\t<div id=\"elementor-tab-content-2084\" class=\"elementor-tab-content elementor-clearfix\" data-tab=\"4\" role=\"region\" aria-labelledby=\"elementor-tab-title-2084\"><div class=\"su-spoiler-content su-u-clearfix su-u-trim\">\n<p class=\"translation-block\"><div class=\"su-spoiler-content su-u-clearfix su-u-trim\">\n<p>\u2022 Nie stosowa\u0107 w po\u0142\u0105czeniu z utleniaczami, poniewa\u017c roztwory podchlorynowe lub roztwory nadtlenku wodoru mog\u0105 zniszczy\u0107 hydrokom\u00f3rkowy sk\u0142adnik opatrunku.<\/p>\n<p>\u2022 Produkt\u00f3w zawieraj\u0105cych bakteriob\u00f3jcze jony srebra nie badano pod k\u0105tem bezpiecze\u0144stwa noworodk\u00f3w, niemowl\u0105t<\/p>\n<p>i w czasie ci\u0105\u017cy.<\/p>\n<\/div><\/p>\n<\/div>\n<\/div>\n\t\t\t\t<\/div>\n\t\t\t\t\t\t\t<div class=\"elementor-accordion-item\">\n\t\t\t\t\t<div id=\"elementor-tab-title-2085\" class=\"elementor-tab-title\" data-tab=\"5\" role=\"button\" aria-controls=\"elementor-tab-content-2085\" aria-expanded=\"false\">\n\t\t\t\t\t\t\t\t\t\t\t\t\t<span class=\"elementor-accordion-icon elementor-accordion-icon-left\" aria-hidden=\"true\">\n\t\t\t\t\t\t\t\t\t\t\t\t\t\t\t<span class=\"elementor-accordion-icon-closed\"><i class=\"fas fa-plus\"><\/i><\/span>\n\t\t\t\t\t\t\t\t<span class=\"elementor-accordion-icon-opened\"><i class=\"fas fa-minus\"><\/i><\/span>\n\t\t\t\t\t\t\t\t\t\t\t\t\t\t<\/span>\n\t\t\t\t\t\t\t\t\t\t\t\t<a class=\"elementor-accordion-title\" tabindex=\"0\">\u015arodki ostro\u017cno\u015bci<\/a>\n\t\t\t\t\t<\/div>\n\t\t\t\t\t<div id=\"elementor-tab-content-2085\" class=\"elementor-tab-content elementor-clearfix\" data-tab=\"5\" role=\"region\" aria-labelledby=\"elementor-tab-title-2085\"><\/div>\n\t\t\t\t<\/div>\n\t\t\t\t\t\t\t<div class=\"elementor-accordion-item\">\n\t\t\t\t\t<div id=\"elementor-tab-title-2086\" class=\"elementor-tab-title\" data-tab=\"6\" role=\"button\" aria-controls=\"elementor-tab-content-2086\" aria-expanded=\"false\">\n\t\t\t\t\t\t\t\t\t\t\t\t\t<span class=\"elementor-accordion-icon elementor-accordion-icon-left\" aria-hidden=\"true\">\n\t\t\t\t\t\t\t\t\t\t\t\t\t\t\t<span class=\"elementor-accordion-icon-closed\"><i class=\"fas fa-plus\"><\/i><\/span>\n\t\t\t\t\t\t\t\t<span class=\"elementor-accordion-icon-opened\"><i class=\"fas fa-minus\"><\/i><\/span>\n\t\t\t\t\t\t\t\t\t\t\t\t\t\t<\/span>\n\t\t\t\t\t\t\t\t\t\t\t\t<a class=\"elementor-accordion-title\" tabindex=\"0\">schemat warstw<\/a>\n\t\t\t\t\t<\/div>\n\t\t\t\t\t<div id=\"elementor-tab-content-2086\" class=\"elementor-tab-content elementor-clearfix\" data-tab=\"6\" role=\"region\" aria-labelledby=\"elementor-tab-title-2086\"><\/div>\n\t\t\t\t<\/div>\n\t\t\t\t\t\t\t<div class=\"elementor-accordion-item\">\n\t\t\t\t\t<div id=\"elementor-tab-title-2087\" class=\"elementor-tab-title\" data-tab=\"7\" role=\"button\" aria-controls=\"elementor-tab-content-2087\" aria-expanded=\"false\">\n\t\t\t\t\t\t\t\t\t\t\t\t\t<span class=\"elementor-accordion-icon elementor-accordion-icon-left\" aria-hidden=\"true\">\n\t\t\t\t\t\t\t\t\t\t\t\t\t\t\t<span class=\"elementor-accordion-icon-closed\"><i class=\"fas fa-plus\"><\/i><\/span>\n\t\t\t\t\t\t\t\t<span class=\"elementor-accordion-icon-opened\"><i class=\"fas fa-minus\"><\/i><\/span>\n\t\t\t\t\t\t\t\t\t\t\t\t\t\t<\/span>\n\t\t\t\t\t\t\t\t\t\t\t\t<a class=\"elementor-accordion-title\" tabindex=\"0\">Cz\u0119stotliwo\u015b\u0107 zmiany opatrunku<\/a>\n\t\t\t\t\t<\/div>\n\t\t\t\t\t<div id=\"elementor-tab-content-2087\" class=\"elementor-tab-content elementor-clearfix\" data-tab=\"7\" role=\"region\" aria-labelledby=\"elementor-tab-title-2087\"><\/div>\n\t\t\t\t<\/div>\n\t\t\t\t\t\t\t<div class=\"elementor-accordion-item\">\n\t\t\t\t\t<div id=\"elementor-tab-title-2088\" class=\"elementor-tab-title\" data-tab=\"8\" role=\"button\" aria-controls=\"elementor-tab-content-2088\" aria-expanded=\"false\">\n\t\t\t\t\t\t\t\t\t\t\t\t\t<span class=\"elementor-accordion-icon elementor-accordion-icon-left\" aria-hidden=\"true\">\n\t\t\t\t\t\t\t\t\t\t\t\t\t\t\t<span class=\"elementor-accordion-icon-closed\"><i class=\"fas fa-plus\"><\/i><\/span>\n\t\t\t\t\t\t\t\t<span class=\"elementor-accordion-icon-opened\"><i class=\"fas fa-minus\"><\/i><\/span>\n\t\t\t\t\t\t\t\t\t\t\t\t\t\t<\/span>\n\t\t\t\t\t\t\t\t\t\t\t\t<a class=\"elementor-accordion-title\" tabindex=\"0\">Jak to dzia\u0142a?<\/a>\n\t\t\t\t\t<\/div>\n\t\t\t\t\t<div id=\"elementor-tab-content-2088\" class=\"elementor-tab-content elementor-clearfix\" data-tab=\"8\" role=\"region\" aria-labelledby=\"elementor-tab-title-2088\"><\/div>\n\t\t\t\t<\/div>\n\t\t\t\t\t\t\t<div class=\"elementor-accordion-item\">\n\t\t\t\t\t<div id=\"elementor-tab-title-2089\" class=\"elementor-tab-title\" data-tab=\"9\" role=\"button\" aria-controls=\"elementor-tab-content-2089\" aria-expanded=\"false\">\n\t\t\t\t\t\t\t\t\t\t\t\t\t<span class=\"elementor-accordion-icon elementor-accordion-icon-left\" aria-hidden=\"true\">\n\t\t\t\t\t\t\t\t\t\t\t\t\t\t\t<span class=\"elementor-accordion-icon-closed\"><i class=\"fas fa-plus\"><\/i><\/span>\n\t\t\t\t\t\t\t\t<span class=\"elementor-accordion-icon-opened\"><i class=\"fas fa-minus\"><\/i><\/span>\n\t\t\t\t\t\t\t\t\t\t\t\t\t\t<\/span>\n\t\t\t\t\t\t\t\t\t\t\t\t<a class=\"elementor-accordion-title\" tabindex=\"0\">Okres przechowywania<\/a>\n\t\t\t\t\t<\/div>\n\t\t\t\t\t<div id=\"elementor-tab-content-2089\" class=\"elementor-tab-content elementor-clearfix\" data-tab=\"9\" role=\"region\" aria-labelledby=\"elementor-tab-title-2089\"><\/div>\n\t\t\t\t<\/div>\n\t\t\t\t\t\t\t\t<\/div>\n\t\t\t\t\t\t<\/div>\n\t\t\t\t<\/div>\n\t\t\t\t\t<\/div>\n\t\t<\/div>\n\t\t\t\t\t<\/div>\n\t\t<\/section>\n\t\t\t\t<\/div>\n\t\t                        <\/div>\n                    <\/div>\n                                    <div class=\"tab-pane elementkit-tab-pane elementor-repeater-item-9b61f69\" id=\"content-9b61f6969eecd96b4269\" role=\"tabpanel\"\n                         aria-labelledby=\"content-9b61f6969eecd96b4269-tab\">\n                        <div class=\"animated fadeIn\">\n                            <p>1. Oczy\u015bci\u0107 ran\u0119 zgodnie z miejscowymi protoko\u0142ami klinicznymi.<br \/>2. Wybra\u0107 odpowiedni rozmiar opatrunku, kt\u00f3ry zachodzi na brzeg rany na co najmniej dwa centymetry.<br \/>3. Wyj\u0105\u0107 ja\u0142owy opatrunek z opakowania, stosuj\u0105c technik\u0119 aseptyczn\u0105.<br \/><strong>W przypadku wariant\u00f3w niesamoprzylepnych:<\/strong><br \/>1. Non-Adhesive variants can be cut to fit awkward areas. When used under compression therapy, the dressing must be cut to the size of<br \/>the wound.<br \/>2. Na\u0142o\u017cy\u0107 opatrunek na ran\u0119.<br \/>3. Zabezpieczy\u0107 opatrunek na miejscu za pomoc\u0105 opatrunku wt\u00f3rnego z filmem lub banda\u017ca elastycznego.<\/p><p><strong>&#8211; Dressing change and removal:<\/strong><br \/>\u2022 Dressing change frequency will depend on patient condition as well as wound exudate level.<br \/>Change dressing when reached its maximum exudate management level or as instructed by a healthcare professional.<br \/>\u2022 To remove an adhesive dressing, loosen the adhesive film border before lifting the dressing away from the wound.<br \/>\u2022 To remove non-adhesive dressing, gently lift the corners of the dressing away from the wound.<br \/>\u2022 Cleanse the wound prior to application of new dressing.<\/p><p><img decoding=\"async\" class=\"aligncenter\" src=\"https:\/\/pharmaplast-online.net\/wp-content\/uploads\/Wound_Care\/how_to_use\/En\/PharmasuperFoam_Silver.png\" alt=\"\" \/><\/p>                        <\/div>\n                    <\/div>\n                                    <div class=\"tab-pane elementkit-tab-pane elementor-repeater-item-23affad\" id=\"content-23affad69eecd96b4269\" role=\"tabpanel\"\n                         aria-labelledby=\"content-23affad69eecd96b4269-tab\">\n                        <div class=\"animated fadeIn\">\n                            <p>\u00a0<\/p><table><tbody><tr><td width=\"229\"><p><strong><em>Espuma\u00ae Ag Sealed Edges<\/em><\/strong><\/p><\/td><td width=\"85\"><p><strong>Size<\/strong><\/p><\/td><td width=\"99\"><p><strong>Pieces\/Case<\/strong><\/p><\/td><td width=\"86\"><p><strong>Boxes\/Case <\/strong><\/p><\/td><\/tr><tr><td width=\"229\"><p>ESPUMASAG7575<\/p><\/td><td width=\"85\"><p>7.5&#215;7.5cm<\/p><\/td><td width=\"99\"><p>10<\/p><\/td><td width=\"86\"><p>48<\/p><\/td><\/tr><tr><td width=\"229\"><p>ESPUMASAG100100<\/p><\/td><td width=\"85\"><p>10x10cm<\/p><\/td><td width=\"99\"><p>10<\/p><\/td><td width=\"86\"><p>48<\/p><\/td><\/tr><tr><td width=\"229\"><p>ESPUMASAG100150<\/p><\/td><td width=\"85\"><p>10x15cm<\/p><\/td><td width=\"99\"><p>5<\/p><\/td><td width=\"86\"><p>24<\/p><\/td><\/tr><tr><td width=\"229\"><p>ESPUMASAG100200<\/p><\/td><td width=\"85\"><p>10x20cm<\/p><\/td><td width=\"99\"><p>5<\/p><\/td><td width=\"86\"><p>24<\/p><\/td><\/tr><tr><td width=\"229\"><p>ESPUMASAG150150<\/p><\/td><td width=\"85\"><p>15x15cm<\/p><\/td><td width=\"99\"><p>5<\/p><\/td><td width=\"86\"><p>24<\/p><\/td><\/tr><tr><td width=\"229\"><p>ESPUMASAG150200<\/p><\/td><td width=\"85\"><p>15x20cm<\/p><\/td><td width=\"99\"><p>10<\/p><\/td><td width=\"86\"><p>48<\/p><\/td><\/tr><tr><td width=\"229\"><p>ESPUMASAG200200<\/p><\/td><td width=\"85\"><p>20x20cm<\/p><\/td><td width=\"99\"><p>3<\/p><\/td><td width=\"86\"><p>24<\/p><\/td><\/tr><tr><td width=\"229\"><p>ESPUMASAG200300<\/p><\/td><td width=\"85\"><p>20x30cm<\/p><\/td><td width=\"99\"><p>3<\/p><\/td><td width=\"86\"><p>24<\/p><\/td><\/tr><\/tbody><\/table><p>Inne rozmiary s\u0105 dost\u0119pne na zam\u00f3wienie.<\/p><p><img decoding=\"async\" class=\"aligncenter\" src=\"https:\/\/pharmaplast-online.net\/wp-content\/uploads\/Wound_Care\/table_of_sizes\/En\/PharmasuperFoam_Silver.png\" alt=\"\" \/><\/p>                        <\/div>\n                    <\/div>\n                                    <div class=\"tab-pane elementkit-tab-pane elementor-repeater-item-ff5082e\" id=\"content-ff5082e69eecd96b4269\" role=\"tabpanel\"\n                         aria-labelledby=\"content-ff5082e69eecd96b4269-tab\">\n                        <div class=\"animated fadeIn\">\n                            <p><a href=\"https:\/\/pharmaplast-online.net\/wp-content\/uploads\/2024\/11\/Espuma-Ag-with-Exulock-tec-Brochure.pdf\">Espuma Ag with Exulock tec Brochure<\/a><\/p><p><a href=\"https:\/\/pharmaplast-online.net\/wp-content\/uploads\/2024\/11\/Espuma-Ag-with-Exulock-tec-Brochure.pdf\"><img decoding=\"async\" class=\"alignnone  wp-image-17145\" src=\"https:\/\/pharmaplast-online.net\/wp-content\/uploads\/2024\/10\/pdf_4726010-300x300.png\" alt=\"\" width=\"51\" height=\"51\" srcset=\"https:\/\/pharmaplast-online.net\/wp-content\/uploads\/2024\/10\/pdf_4726010-300x300.png 300w, https:\/\/pharmaplast-online.net\/wp-content\/uploads\/2024\/10\/pdf_4726010-150x150.png 150w, https:\/\/pharmaplast-online.net\/wp-content\/uploads\/2024\/10\/pdf_4726010-12x12.png 12w, https:\/\/pharmaplast-online.net\/wp-content\/uploads\/2024\/10\/pdf_4726010-24x24.png 24w, https:\/\/pharmaplast-online.net\/wp-content\/uploads\/2024\/10\/pdf_4726010-36x36.png 36w, https:\/\/pharmaplast-online.net\/wp-content\/uploads\/2024\/10\/pdf_4726010-48x48.png 48w, https:\/\/pharmaplast-online.net\/wp-content\/uploads\/2024\/10\/pdf_4726010-100x100.png 100w, https:\/\/pharmaplast-online.net\/wp-content\/uploads\/2024\/10\/pdf_4726010.png 512w\" sizes=\"(max-width: 51px) 100vw, 51px\" \/><\/a><\/p>                        <\/div>\n                    <\/div>\n                                \n            <\/div>\n                    <\/div>\n    <\/div>\t\t\t\t<\/div>\n\t\t\t\t<\/div>\n\t\t\t\t\t<\/div>\n\t\t<\/div>\n\t\t\t\t\t<\/div>\n\t\t<\/section>\n\t\t\t\t<\/div>","protected":false},"excerpt":{"rendered":"<p>Antimicrobial Highly retentive foam dressing.<\/p>","protected":false},"featured_media":16992,"comment_status":"open","ping_status":"closed","template":"","meta":[],"product_brand":[],"product_cat":[266,283,281],"product_tag":[],"class_list":{"0":"post-11504","1":"product","2":"type-product","3":"status-publish","4":"has-post-thumbnail","6":"product_cat-anti-microbial-wound-care","7":"product_cat-foams-silver-ag","8":"product_cat-silver-ag","10":"first","11":"instock","12":"shipping-taxable","13":"product-type-simple"},"acf":[],"_links":{"self":[{"href":"https:\/\/pharmaplast-online.net\/pl\/wp-json\/wp\/v2\/product\/11504","targetHints":{"allow":["GET"]}}],"collection":[{"href":"https:\/\/pharmaplast-online.net\/pl\/wp-json\/wp\/v2\/product"}],"about":[{"href":"https:\/\/pharmaplast-online.net\/pl\/wp-json\/wp\/v2\/types\/product"}],"replies":[{"embeddable":true,"href":"https:\/\/pharmaplast-online.net\/pl\/wp-json\/wp\/v2\/comments?post=11504"}],"version-history":[{"count":14,"href":"https:\/\/pharmaplast-online.net\/pl\/wp-json\/wp\/v2\/product\/11504\/revisions"}],"predecessor-version":[{"id":18174,"href":"https:\/\/pharmaplast-online.net\/pl\/wp-json\/wp\/v2\/product\/11504\/revisions\/18174"}],"wp:featuredmedia":[{"embeddable":true,"href":"https:\/\/pharmaplast-online.net\/pl\/wp-json\/wp\/v2\/media\/16992"}],"wp:attachment":[{"href":"https:\/\/pharmaplast-online.net\/pl\/wp-json\/wp\/v2\/media?parent=11504"}],"wp:term":[{"taxonomy":"product_brand","embeddable":true,"href":"https:\/\/pharmaplast-online.net\/pl\/wp-json\/wp\/v2\/product_brand?post=11504"},{"taxonomy":"product_cat","embeddable":true,"href":"https:\/\/pharmaplast-online.net\/pl\/wp-json\/wp\/v2\/product_cat?post=11504"},{"taxonomy":"product_tag","embeddable":true,"href":"https:\/\/pharmaplast-online.net\/pl\/wp-json\/wp\/v2\/product_tag?post=11504"}],"curies":[{"name":"wp","href":"https:\/\/api.w.org\/{rel}","templated":true}]}}