{"id":15866,"date":"2024-09-11T13:00:29","date_gmt":"2024-09-11T13:00:29","guid":{"rendered":"https:\/\/pharmaplast-online.net\/?post_type=product&#038;p=15866"},"modified":"2025-06-03T20:25:47","modified_gmt":"2025-06-03T20:25:47","slug":"bunion-shield","status":"publish","type":"product","link":"https:\/\/pharmaplast-online.net\/pl\/produkt\/bunion-shield\/","title":{"rendered":"Bunion Shield"},"content":{"rendered":"<div data-elementor-type=\"product-post\" data-elementor-id=\"15866\" class=\"elementor elementor-15866\" data-elementor-post-type=\"product\">\n\t\t\t\t\t\t<section class=\"elementor-section elementor-top-section elementor-element elementor-element-1727a2a6 elementor-section-boxed elementor-section-height-default elementor-section-height-default qodef-elementor-content-no\" data-id=\"1727a2a6\" data-element_type=\"section\" data-e-type=\"section\" data-settings=\"{&quot;ekit_has_onepagescroll_dot&quot;:&quot;yes&quot;}\">\n\t\t\t\t\t\t<div class=\"elementor-container elementor-column-gap-default\">\n\t\t\t\t\t<div class=\"elementor-column elementor-col-100 elementor-top-column elementor-element elementor-element-624be0a\" data-id=\"624be0a\" data-element_type=\"column\" data-e-type=\"column\">\n\t\t\t<div class=\"elementor-widget-wrap elementor-element-populated\">\n\t\t\t\t\t\t<div class=\"elementor-element elementor-element-55806790 elementor-widget elementor-widget-elementskit-simple-tab\" data-id=\"55806790\" data-element_type=\"widget\" data-e-type=\"widget\" data-settings=\"{&quot;ekit_we_effect_on&quot;:&quot;none&quot;}\" data-widget_type=\"elementskit-simple-tab.default\">\n\t\t\t\t<div class=\"elementor-widget-container\">\n\t\t\t\t\t<div class=\"ekit-wid-con\" >        <div class=\"elementkit-tab-wraper\">\n            <ul class=\"nav nav-tabs elementkit-tab-nav  elementskit-fullwidth-tab\">\n                                    <li class=\"elementkit-nav-item elementor-repeater-item-d0363a9\">\n                        <a class=\"elementkit-nav-link  active show left-pos\" id=\"content-d0363a969e1a114ac48b-tab\" data-ekit-handler-id=\"product-info\" data-ekit-toggle=\"tab\" data-target=\"#content-d0363a969e1a114ac48b\" href=\"#Content-d0363a969e1a114ac48b\"\n                            data-ekit-toggle-trigger=\"click\"\n                            aria-describedby=\"Content-d0363a969e1a114ac48b\">\n                            <span class=\"elementskit-tab-icon\"><\/span>                            <span class=\"elementskit-tab-title\">Informacje o Produkcie<\/span>\n                        <\/a>\n                    <\/li>\n                                        <li class=\"elementkit-nav-item elementor-repeater-item-9b61f69\">\n                        <a class=\"elementkit-nav-link  left-pos\" id=\"content-9b61f6969e1a114ac48b-tab\" data-ekit-handler-id=\"how-to-use\" data-ekit-toggle=\"tab\" data-target=\"#content-9b61f6969e1a114ac48b\" href=\"#Content-9b61f6969e1a114ac48b\"\n                            data-ekit-toggle-trigger=\"click\"\n                            aria-describedby=\"Content-9b61f6969e1a114ac48b\">\n                            <span class=\"elementskit-tab-icon\"><\/span>                            <span class=\"elementskit-tab-title\">Instrukcja U\u017cycia<\/span>\n                        <\/a>\n                    <\/li>\n                                        <li class=\"elementkit-nav-item elementor-repeater-item-23affad\">\n                        <a class=\"elementkit-nav-link  left-pos\" id=\"content-23affad69e1a114ac48b-tab\" data-ekit-handler-id=\"sizes-codes\" data-ekit-toggle=\"tab\" data-target=\"#content-23affad69e1a114ac48b\" href=\"#Content-23affad69e1a114ac48b\"\n                            data-ekit-toggle-trigger=\"click\"\n                            aria-describedby=\"Content-23affad69e1a114ac48b\">\n                            <span class=\"elementskit-tab-icon\"><\/span>                            <span class=\"elementskit-tab-title\">Rozmiary i Kody<\/span>\n                        <\/a>\n                    <\/li>\n                                        <li class=\"elementkit-nav-item elementor-repeater-item-9882644\">\n                        <a class=\"elementkit-nav-link  left-pos\" id=\"content-988264469e1a114ac48b-tab\" data-ekit-handler-id=\"downloads\" data-ekit-toggle=\"tab\" data-target=\"#content-988264469e1a114ac48b\" href=\"#Content-988264469e1a114ac48b\"\n                            data-ekit-toggle-trigger=\"click\"\n                            aria-describedby=\"Content-988264469e1a114ac48b\">\n                            <span class=\"elementskit-tab-icon\"><\/span>                            <span class=\"elementskit-tab-title\">Pobieranie<\/span>\n                        <\/a>\n                    <\/li>\n                                <\/ul>\n\n            <div class=\"tab-content elementkit-tab-content\">\n                                    <div class=\"tab-pane elementkit-tab-pane elementor-repeater-item-d0363a9  active show\" id=\"content-d0363a969e1a114ac48b\" role=\"tabpanel\"\n                         aria-labelledby=\"content-d0363a969e1a114ac48b-tab\">\n                        <div class=\"animated fadeIn\">\n                            <h3>Informacje o Produkcie<\/h3>\t\t<div data-elementor-type=\"section\" data-elementor-id=\"8585\" class=\"elementor elementor-8585\" data-elementor-post-type=\"elementor_library\">\n\t\t\t\t\t<section class=\"elementor-section elementor-top-section elementor-element elementor-element-3c9a5a4 elementor-section-boxed elementor-section-height-default elementor-section-height-default qodef-elementor-content-no\" data-id=\"3c9a5a4\" data-element_type=\"section\" data-e-type=\"section\" data-settings=\"{&quot;ekit_has_onepagescroll_dot&quot;:&quot;yes&quot;}\">\n\t\t\t\t\t\t<div class=\"elementor-container elementor-column-gap-default\">\n\t\t\t\t\t<div class=\"elementor-column elementor-col-100 elementor-top-column elementor-element elementor-element-8fd3e15\" data-id=\"8fd3e15\" data-element_type=\"column\" data-e-type=\"column\">\n\t\t\t<div class=\"elementor-widget-wrap elementor-element-populated\">\n\t\t\t\t\t\t<div class=\"elementor-element elementor-element-c6fd92e elementor-widget elementor-widget-accordion\" data-id=\"c6fd92e\" data-element_type=\"widget\" data-e-type=\"widget\" data-settings=\"{&quot;ekit_we_effect_on&quot;:&quot;none&quot;}\" data-widget_type=\"accordion.default\">\n\t\t\t\t<div class=\"elementor-widget-container\">\n\t\t\t\t\t\t\t<div class=\"elementor-accordion\">\n\t\t\t\t\t\t\t<div class=\"elementor-accordion-item\">\n\t\t\t\t\t<div id=\"elementor-tab-title-2081\" class=\"elementor-tab-title\" data-tab=\"1\" role=\"button\" aria-controls=\"elementor-tab-content-2081\" aria-expanded=\"false\">\n\t\t\t\t\t\t\t\t\t\t\t\t\t<span class=\"elementor-accordion-icon elementor-accordion-icon-left\" aria-hidden=\"true\">\n\t\t\t\t\t\t\t\t\t\t\t\t\t\t\t<span class=\"elementor-accordion-icon-closed\"><i class=\"fas fa-plus\"><\/i><\/span>\n\t\t\t\t\t\t\t\t<span class=\"elementor-accordion-icon-opened\"><i class=\"fas fa-minus\"><\/i><\/span>\n\t\t\t\t\t\t\t\t\t\t\t\t\t\t<\/span>\n\t\t\t\t\t\t\t\t\t\t\t\t<a class=\"elementor-accordion-title\" tabindex=\"0\">Opis<\/a>\n\t\t\t\t\t<\/div>\n\t\t\t\t\t<div id=\"elementor-tab-content-2081\" class=\"elementor-tab-content elementor-clearfix\" data-tab=\"1\" role=\"region\" aria-labelledby=\"elementor-tab-title-2081\"><p><strong>The Bunion Protector, composed of soft and skin-friendly gel, covers the stressed bunion from friction and direct pressure, reducing discomfort.<\/strong><\/p>\n<\/div>\n\t\t\t\t<\/div>\n\t\t\t\t\t\t\t<div class=\"elementor-accordion-item\">\n\t\t\t\t\t<div id=\"elementor-tab-title-2082\" class=\"elementor-tab-title\" data-tab=\"2\" role=\"button\" aria-controls=\"elementor-tab-content-2082\" aria-expanded=\"false\">\n\t\t\t\t\t\t\t\t\t\t\t\t\t<span class=\"elementor-accordion-icon elementor-accordion-icon-left\" aria-hidden=\"true\">\n\t\t\t\t\t\t\t\t\t\t\t\t\t\t\t<span class=\"elementor-accordion-icon-closed\"><i class=\"fas fa-plus\"><\/i><\/span>\n\t\t\t\t\t\t\t\t<span class=\"elementor-accordion-icon-opened\"><i class=\"fas fa-minus\"><\/i><\/span>\n\t\t\t\t\t\t\t\t\t\t\t\t\t\t<\/span>\n\t\t\t\t\t\t\t\t\t\t\t\t<a class=\"elementor-accordion-title\" tabindex=\"0\">W\u0142a\u015bciwo\u015bci<\/a>\n\t\t\t\t\t<\/div>\n\t\t\t\t\t<div id=\"elementor-tab-content-2082\" class=\"elementor-tab-content elementor-clearfix\" data-tab=\"2\" role=\"region\" aria-labelledby=\"elementor-tab-title-2082\"><ul>\n<li><strong>Our soft and flexible gel shield provides cushioning, protection, and pressure <\/strong><\/li>\n<li><strong>The thin design suits most footwear.<\/strong><\/li>\n<li><strong>Reduces scarring after <\/strong><\/li>\n<li><strong>Hypoallergenic, latex-free.<\/strong><\/li>\n<li><strong>Provides moisturizing <\/strong><\/li>\n<li><strong>Gentle on <\/strong><\/li>\n<li><strong>Odorless and neutral in color<\/strong><\/li>\n<li><strong>Hypoallergenic\u00a0<\/strong><\/li>\n<\/ul>\n<\/div>\n\t\t\t\t<\/div>\n\t\t\t\t\t\t\t<div class=\"elementor-accordion-item\">\n\t\t\t\t\t<div id=\"elementor-tab-title-2083\" class=\"elementor-tab-title\" data-tab=\"3\" role=\"button\" aria-controls=\"elementor-tab-content-2083\" aria-expanded=\"false\">\n\t\t\t\t\t\t\t\t\t\t\t\t\t<span class=\"elementor-accordion-icon elementor-accordion-icon-left\" aria-hidden=\"true\">\n\t\t\t\t\t\t\t\t\t\t\t\t\t\t\t<span class=\"elementor-accordion-icon-closed\"><i class=\"fas fa-plus\"><\/i><\/span>\n\t\t\t\t\t\t\t\t<span class=\"elementor-accordion-icon-opened\"><i class=\"fas fa-minus\"><\/i><\/span>\n\t\t\t\t\t\t\t\t\t\t\t\t\t\t<\/span>\n\t\t\t\t\t\t\t\t\t\t\t\t<a class=\"elementor-accordion-title\" tabindex=\"0\">Przeznaczenie<\/a>\n\t\t\t\t\t<\/div>\n\t\t\t\t\t<div id=\"elementor-tab-content-2083\" class=\"elementor-tab-content elementor-clearfix\" data-tab=\"3\" role=\"region\" aria-labelledby=\"elementor-tab-title-2083\"><p><strong>-Provides relief for big toe joint pain and reduces skin inflammation caused by shoe friction.<\/strong><\/p>\n<p><strong>&#8211; Protects the thumb and knuckles from unp.leasant pressure.<\/strong><\/p>\n<p><strong>-Gel Bunion Protector protects against pressure and friction, minimizing pain and cushioning shock with each step you take.<\/strong><\/p>\n<\/div>\n\t\t\t\t<\/div>\n\t\t\t\t\t\t\t<div class=\"elementor-accordion-item\">\n\t\t\t\t\t<div id=\"elementor-tab-title-2084\" class=\"elementor-tab-title\" data-tab=\"4\" role=\"button\" aria-controls=\"elementor-tab-content-2084\" aria-expanded=\"false\">\n\t\t\t\t\t\t\t\t\t\t\t\t\t<span class=\"elementor-accordion-icon elementor-accordion-icon-left\" aria-hidden=\"true\">\n\t\t\t\t\t\t\t\t\t\t\t\t\t\t\t<span class=\"elementor-accordion-icon-closed\"><i class=\"fas fa-plus\"><\/i><\/span>\n\t\t\t\t\t\t\t\t<span class=\"elementor-accordion-icon-opened\"><i class=\"fas fa-minus\"><\/i><\/span>\n\t\t\t\t\t\t\t\t\t\t\t\t\t\t<\/span>\n\t\t\t\t\t\t\t\t\t\t\t\t<a class=\"elementor-accordion-title\" tabindex=\"0\">Przeciwwskazania<\/a>\n\t\t\t\t\t<\/div>\n\t\t\t\t\t<div id=\"elementor-tab-content-2084\" class=\"elementor-tab-content elementor-clearfix\" data-tab=\"4\" role=\"region\" aria-labelledby=\"elementor-tab-title-2084\"><\/div>\n\t\t\t\t<\/div>\n\t\t\t\t\t\t\t<div class=\"elementor-accordion-item\">\n\t\t\t\t\t<div id=\"elementor-tab-title-2085\" class=\"elementor-tab-title\" data-tab=\"5\" role=\"button\" aria-controls=\"elementor-tab-content-2085\" aria-expanded=\"false\">\n\t\t\t\t\t\t\t\t\t\t\t\t\t<span class=\"elementor-accordion-icon elementor-accordion-icon-left\" aria-hidden=\"true\">\n\t\t\t\t\t\t\t\t\t\t\t\t\t\t\t<span class=\"elementor-accordion-icon-closed\"><i class=\"fas fa-plus\"><\/i><\/span>\n\t\t\t\t\t\t\t\t<span class=\"elementor-accordion-icon-opened\"><i class=\"fas fa-minus\"><\/i><\/span>\n\t\t\t\t\t\t\t\t\t\t\t\t\t\t<\/span>\n\t\t\t\t\t\t\t\t\t\t\t\t<a class=\"elementor-accordion-title\" tabindex=\"0\">\u015arodki ostro\u017cno\u015bci<\/a>\n\t\t\t\t\t<\/div>\n\t\t\t\t\t<div id=\"elementor-tab-content-2085\" class=\"elementor-tab-content elementor-clearfix\" data-tab=\"5\" role=\"region\" aria-labelledby=\"elementor-tab-title-2085\"><\/div>\n\t\t\t\t<\/div>\n\t\t\t\t\t\t\t<div class=\"elementor-accordion-item\">\n\t\t\t\t\t<div id=\"elementor-tab-title-2086\" class=\"elementor-tab-title\" data-tab=\"6\" role=\"button\" aria-controls=\"elementor-tab-content-2086\" aria-expanded=\"false\">\n\t\t\t\t\t\t\t\t\t\t\t\t\t<span class=\"elementor-accordion-icon elementor-accordion-icon-left\" aria-hidden=\"true\">\n\t\t\t\t\t\t\t\t\t\t\t\t\t\t\t<span class=\"elementor-accordion-icon-closed\"><i class=\"fas fa-plus\"><\/i><\/span>\n\t\t\t\t\t\t\t\t<span class=\"elementor-accordion-icon-opened\"><i class=\"fas fa-minus\"><\/i><\/span>\n\t\t\t\t\t\t\t\t\t\t\t\t\t\t<\/span>\n\t\t\t\t\t\t\t\t\t\t\t\t<a class=\"elementor-accordion-title\" tabindex=\"0\">schemat warstw<\/a>\n\t\t\t\t\t<\/div>\n\t\t\t\t\t<div id=\"elementor-tab-content-2086\" class=\"elementor-tab-content elementor-clearfix\" data-tab=\"6\" role=\"region\" aria-labelledby=\"elementor-tab-title-2086\"><\/div>\n\t\t\t\t<\/div>\n\t\t\t\t\t\t\t<div class=\"elementor-accordion-item\">\n\t\t\t\t\t<div id=\"elementor-tab-title-2087\" class=\"elementor-tab-title\" data-tab=\"7\" role=\"button\" aria-controls=\"elementor-tab-content-2087\" aria-expanded=\"false\">\n\t\t\t\t\t\t\t\t\t\t\t\t\t<span class=\"elementor-accordion-icon elementor-accordion-icon-left\" aria-hidden=\"true\">\n\t\t\t\t\t\t\t\t\t\t\t\t\t\t\t<span class=\"elementor-accordion-icon-closed\"><i class=\"fas fa-plus\"><\/i><\/span>\n\t\t\t\t\t\t\t\t<span class=\"elementor-accordion-icon-opened\"><i class=\"fas fa-minus\"><\/i><\/span>\n\t\t\t\t\t\t\t\t\t\t\t\t\t\t<\/span>\n\t\t\t\t\t\t\t\t\t\t\t\t<a class=\"elementor-accordion-title\" tabindex=\"0\">Cz\u0119stotliwo\u015b\u0107 zmiany opatrunku<\/a>\n\t\t\t\t\t<\/div>\n\t\t\t\t\t<div id=\"elementor-tab-content-2087\" class=\"elementor-tab-content elementor-clearfix\" data-tab=\"7\" role=\"region\" aria-labelledby=\"elementor-tab-title-2087\"><\/div>\n\t\t\t\t<\/div>\n\t\t\t\t\t\t\t<div class=\"elementor-accordion-item\">\n\t\t\t\t\t<div id=\"elementor-tab-title-2088\" class=\"elementor-tab-title\" data-tab=\"8\" role=\"button\" aria-controls=\"elementor-tab-content-2088\" aria-expanded=\"false\">\n\t\t\t\t\t\t\t\t\t\t\t\t\t<span class=\"elementor-accordion-icon elementor-accordion-icon-left\" aria-hidden=\"true\">\n\t\t\t\t\t\t\t\t\t\t\t\t\t\t\t<span class=\"elementor-accordion-icon-closed\"><i class=\"fas fa-plus\"><\/i><\/span>\n\t\t\t\t\t\t\t\t<span class=\"elementor-accordion-icon-opened\"><i class=\"fas fa-minus\"><\/i><\/span>\n\t\t\t\t\t\t\t\t\t\t\t\t\t\t<\/span>\n\t\t\t\t\t\t\t\t\t\t\t\t<a class=\"elementor-accordion-title\" tabindex=\"0\">Jak to dzia\u0142a?<\/a>\n\t\t\t\t\t<\/div>\n\t\t\t\t\t<div id=\"elementor-tab-content-2088\" class=\"elementor-tab-content elementor-clearfix\" data-tab=\"8\" role=\"region\" aria-labelledby=\"elementor-tab-title-2088\"><\/div>\n\t\t\t\t<\/div>\n\t\t\t\t\t\t\t<div class=\"elementor-accordion-item\">\n\t\t\t\t\t<div id=\"elementor-tab-title-2089\" class=\"elementor-tab-title\" data-tab=\"9\" role=\"button\" aria-controls=\"elementor-tab-content-2089\" aria-expanded=\"false\">\n\t\t\t\t\t\t\t\t\t\t\t\t\t<span class=\"elementor-accordion-icon elementor-accordion-icon-left\" aria-hidden=\"true\">\n\t\t\t\t\t\t\t\t\t\t\t\t\t\t\t<span class=\"elementor-accordion-icon-closed\"><i class=\"fas fa-plus\"><\/i><\/span>\n\t\t\t\t\t\t\t\t<span class=\"elementor-accordion-icon-opened\"><i class=\"fas fa-minus\"><\/i><\/span>\n\t\t\t\t\t\t\t\t\t\t\t\t\t\t<\/span>\n\t\t\t\t\t\t\t\t\t\t\t\t<a class=\"elementor-accordion-title\" tabindex=\"0\">Okres przechowywania<\/a>\n\t\t\t\t\t<\/div>\n\t\t\t\t\t<div id=\"elementor-tab-content-2089\" class=\"elementor-tab-content elementor-clearfix\" data-tab=\"9\" role=\"region\" aria-labelledby=\"elementor-tab-title-2089\"><\/div>\n\t\t\t\t<\/div>\n\t\t\t\t\t\t\t\t<\/div>\n\t\t\t\t\t\t<\/div>\n\t\t\t\t<\/div>\n\t\t\t\t\t<\/div>\n\t\t<\/div>\n\t\t\t\t\t<\/div>\n\t\t<\/section>\n\t\t\t\t<\/div>\n\t\t                        <\/div>\n                    <\/div>\n                                    <div class=\"tab-pane elementkit-tab-pane elementor-repeater-item-9b61f69\" id=\"content-9b61f6969e1a114ac48b\" role=\"tabpanel\"\n                         aria-labelledby=\"content-9b61f6969e1a114ac48b-tab\">\n                        <div class=\"animated fadeIn\">\n                                                    <\/div>\n                    <\/div>\n                                    <div class=\"tab-pane elementkit-tab-pane elementor-repeater-item-23affad\" id=\"content-23affad69e1a114ac48b\" role=\"tabpanel\"\n                         aria-labelledby=\"content-23affad69e1a114ac48b-tab\">\n                        <div class=\"animated fadeIn\">\n                                                    <\/div>\n                    <\/div>\n                                    <div class=\"tab-pane elementkit-tab-pane elementor-repeater-item-9882644\" id=\"content-988264469e1a114ac48b\" role=\"tabpanel\"\n                         aria-labelledby=\"content-988264469e1a114ac48b-tab\">\n                        <div class=\"animated fadeIn\">\n                                                    <\/div>\n                    <\/div>\n                                \n            <\/div>\n                    <\/div>\n    <\/div>\t\t\t\t<\/div>\n\t\t\t\t<\/div>\n\t\t\t\t\t<\/div>\n\t\t<\/div>\n\t\t\t\t\t<\/div>\n\t\t<\/section>\n\t\t\t\t<\/div>","protected":false},"excerpt":{"rendered":"<p>Product Info How to Use Sizes &amp; Codes Downloads Product Info Description Features Indications Contraindications Precautions Layer diagram Frequency of Change How does it work? Shelf Life<\/p>","protected":false},"featured_media":20319,"comment_status":"open","ping_status":"closed","template":"","meta":[],"product_brand":[],"product_cat":[522,534],"product_tag":[],"class_list":{"0":"post-15866","1":"product","2":"type-product","3":"status-publish","4":"has-post-thumbnail","6":"product_cat-insoles-foot-care-2","7":"product_cat-silicone-accessories","9":"first","10":"instock","11":"shipping-taxable","12":"product-type-simple"},"acf":[],"_links":{"self":[{"href":"https:\/\/pharmaplast-online.net\/pl\/wp-json\/wp\/v2\/product\/15866","targetHints":{"allow":["GET"]}}],"collection":[{"href":"https:\/\/pharmaplast-online.net\/pl\/wp-json\/wp\/v2\/product"}],"about":[{"href":"https:\/\/pharmaplast-online.net\/pl\/wp-json\/wp\/v2\/types\/product"}],"replies":[{"embeddable":true,"href":"https:\/\/pharmaplast-online.net\/pl\/wp-json\/wp\/v2\/comments?post=15866"}],"version-history":[{"count":14,"href":"https:\/\/pharmaplast-online.net\/pl\/wp-json\/wp\/v2\/product\/15866\/revisions"}],"predecessor-version":[{"id":20318,"href":"https:\/\/pharmaplast-online.net\/pl\/wp-json\/wp\/v2\/product\/15866\/revisions\/20318"}],"wp:featuredmedia":[{"embeddable":true,"href":"https:\/\/pharmaplast-online.net\/pl\/wp-json\/wp\/v2\/media\/20319"}],"wp:attachment":[{"href":"https:\/\/pharmaplast-online.net\/pl\/wp-json\/wp\/v2\/media?parent=15866"}],"wp:term":[{"taxonomy":"product_brand","embeddable":true,"href":"https:\/\/pharmaplast-online.net\/pl\/wp-json\/wp\/v2\/product_brand?post=15866"},{"taxonomy":"product_cat","embeddable":true,"href":"https:\/\/pharmaplast-online.net\/pl\/wp-json\/wp\/v2\/product_cat?post=15866"},{"taxonomy":"product_tag","embeddable":true,"href":"https:\/\/pharmaplast-online.net\/pl\/wp-json\/wp\/v2\/product_tag?post=15866"}],"curies":[{"name":"wp","href":"https:\/\/api.w.org\/{rel}","templated":true}]}}