{"id":7978,"date":"2022-12-15T15:54:31","date_gmt":"2022-12-15T15:54:31","guid":{"rendered":"https:\/\/pharmaplast.mediagate-egy.com\/?post_type=product&#038;p=7978"},"modified":"2026-03-10T09:30:22","modified_gmt":"2026-03-10T09:30:22","slug":"pharmatull-plus","status":"publish","type":"product","link":"https:\/\/pharmaplast-online.net\/pl\/produkt\/pharmatull-plus\/","title":{"rendered":"Pharmatull Plus\u00ae"},"content":{"rendered":"<div data-elementor-type=\"wp-post\" data-elementor-id=\"7978\" class=\"elementor elementor-7978\" data-elementor-post-type=\"product\">\n\t\t\t\t\t\t<section class=\"elementor-section elementor-top-section elementor-element elementor-element-d98e1a3 elementor-section-boxed elementor-section-height-default elementor-section-height-default qodef-elementor-content-no\" data-id=\"d98e1a3\" data-element_type=\"section\" data-e-type=\"section\" data-settings=\"{&quot;ekit_has_onepagescroll_dot&quot;:&quot;yes&quot;}\">\n\t\t\t\t\t\t<div class=\"elementor-container elementor-column-gap-default\">\n\t\t\t\t\t<div class=\"elementor-column elementor-col-100 elementor-top-column elementor-element elementor-element-7f63eb6\" data-id=\"7f63eb6\" data-element_type=\"column\" data-e-type=\"column\">\n\t\t\t<div class=\"elementor-widget-wrap elementor-element-populated\">\n\t\t\t\t\t\t<div class=\"elementor-element elementor-element-e6471a8 elementor-widget elementor-widget-elementskit-simple-tab\" data-id=\"e6471a8\" data-element_type=\"widget\" data-e-type=\"widget\" data-settings=\"{&quot;ekit_we_effect_on&quot;:&quot;none&quot;}\" data-widget_type=\"elementskit-simple-tab.default\">\n\t\t\t\t<div class=\"elementor-widget-container\">\n\t\t\t\t\t<div class=\"ekit-wid-con\" >        <div class=\"elementkit-tab-wraper\">\n            <ul class=\"nav nav-tabs elementkit-tab-nav  elementskit-fullwidth-tab\">\n                                    <li class=\"elementkit-nav-item elementor-repeater-item-d0363a9\">\n                        <a class=\"elementkit-nav-link  active show left-pos\" id=\"content-d0363a969e19e38e730e-tab\" data-ekit-handler-id=\"product-info\" data-ekit-toggle=\"tab\" data-target=\"#content-d0363a969e19e38e730e\" href=\"#Content-d0363a969e19e38e730e\"\n                            data-ekit-toggle-trigger=\"click\"\n                            aria-describedby=\"Content-d0363a969e19e38e730e\">\n                            <span class=\"elementskit-tab-icon\"><\/span>                            <span class=\"elementskit-tab-title\">Informacje o Produkcie<\/span>\n                        <\/a>\n                    <\/li>\n                                        <li class=\"elementkit-nav-item elementor-repeater-item-9b61f69\">\n                        <a class=\"elementkit-nav-link  left-pos\" id=\"content-9b61f6969e19e38e730e-tab\" data-ekit-handler-id=\"how-to-use\" data-ekit-toggle=\"tab\" data-target=\"#content-9b61f6969e19e38e730e\" href=\"#Content-9b61f6969e19e38e730e\"\n                            data-ekit-toggle-trigger=\"click\"\n                            aria-describedby=\"Content-9b61f6969e19e38e730e\">\n                            <span class=\"elementskit-tab-icon\"><\/span>                            <span class=\"elementskit-tab-title\">Instrukcja U\u017cycia<\/span>\n                        <\/a>\n                    <\/li>\n                                        <li class=\"elementkit-nav-item elementor-repeater-item-23affad\">\n                        <a class=\"elementkit-nav-link  left-pos\" id=\"content-23affad69e19e38e730e-tab\" data-ekit-handler-id=\"sizes-codes\" data-ekit-toggle=\"tab\" data-target=\"#content-23affad69e19e38e730e\" href=\"#Content-23affad69e19e38e730e\"\n                            data-ekit-toggle-trigger=\"click\"\n                            aria-describedby=\"Content-23affad69e19e38e730e\">\n                            <span class=\"elementskit-tab-icon\"><\/span>                            <span class=\"elementskit-tab-title\">Rozmiary i Kody<\/span>\n                        <\/a>\n                    <\/li>\n                                        <li class=\"elementkit-nav-item elementor-repeater-item-9882644\">\n                        <a class=\"elementkit-nav-link  left-pos\" id=\"content-988264469e19e38e730e-tab\" data-ekit-handler-id=\"downloads\" data-ekit-toggle=\"tab\" data-target=\"#content-988264469e19e38e730e\" href=\"#Content-988264469e19e38e730e\"\n                            data-ekit-toggle-trigger=\"click\"\n                            aria-describedby=\"Content-988264469e19e38e730e\">\n                            <span class=\"elementskit-tab-icon\"><\/span>                            <span class=\"elementskit-tab-title\">Pobieranie<\/span>\n                        <\/a>\n                    <\/li>\n                                <\/ul>\n\n            <div class=\"tab-content elementkit-tab-content\">\n                                    <div class=\"tab-pane elementkit-tab-pane elementor-repeater-item-d0363a9  active show\" id=\"content-d0363a969e19e38e730e\" role=\"tabpanel\"\n                         aria-labelledby=\"content-d0363a969e19e38e730e-tab\">\n                        <div class=\"animated fadeIn\">\n                            <h3>Informacje o Produkcie<\/h3>\t\t<div data-elementor-type=\"section\" data-elementor-id=\"8585\" class=\"elementor elementor-8585\" data-elementor-post-type=\"elementor_library\">\n\t\t\t\t\t<section class=\"elementor-section elementor-top-section elementor-element elementor-element-3c9a5a4 elementor-section-boxed elementor-section-height-default elementor-section-height-default qodef-elementor-content-no\" data-id=\"3c9a5a4\" data-element_type=\"section\" data-e-type=\"section\" data-settings=\"{&quot;ekit_has_onepagescroll_dot&quot;:&quot;yes&quot;}\">\n\t\t\t\t\t\t<div class=\"elementor-container elementor-column-gap-default\">\n\t\t\t\t\t<div class=\"elementor-column elementor-col-100 elementor-top-column elementor-element elementor-element-8fd3e15\" data-id=\"8fd3e15\" data-element_type=\"column\" data-e-type=\"column\">\n\t\t\t<div class=\"elementor-widget-wrap elementor-element-populated\">\n\t\t\t\t\t\t<div class=\"elementor-element elementor-element-c6fd92e elementor-widget elementor-widget-accordion\" data-id=\"c6fd92e\" data-element_type=\"widget\" data-e-type=\"widget\" data-settings=\"{&quot;ekit_we_effect_on&quot;:&quot;none&quot;}\" data-widget_type=\"accordion.default\">\n\t\t\t\t<div class=\"elementor-widget-container\">\n\t\t\t\t\t\t\t<div class=\"elementor-accordion\">\n\t\t\t\t\t\t\t<div class=\"elementor-accordion-item\">\n\t\t\t\t\t<div id=\"elementor-tab-title-2081\" class=\"elementor-tab-title\" data-tab=\"1\" role=\"button\" aria-controls=\"elementor-tab-content-2081\" aria-expanded=\"false\">\n\t\t\t\t\t\t\t\t\t\t\t\t\t<span class=\"elementor-accordion-icon elementor-accordion-icon-left\" aria-hidden=\"true\">\n\t\t\t\t\t\t\t\t\t\t\t\t\t\t\t<span class=\"elementor-accordion-icon-closed\"><i class=\"fas fa-plus\"><\/i><\/span>\n\t\t\t\t\t\t\t\t<span class=\"elementor-accordion-icon-opened\"><i class=\"fas fa-minus\"><\/i><\/span>\n\t\t\t\t\t\t\t\t\t\t\t\t\t\t<\/span>\n\t\t\t\t\t\t\t\t\t\t\t\t<a class=\"elementor-accordion-title\" tabindex=\"0\">Opis<\/a>\n\t\t\t\t\t<\/div>\n\t\t\t\t\t<div id=\"elementor-tab-content-2081\" class=\"elementor-tab-content elementor-clearfix\" data-tab=\"1\" role=\"region\" aria-labelledby=\"elementor-tab-title-2081\"><p class=\"translation-block\">Pharmatull\u00ae Plus nale\u017cy przechowywa\u0107 w suchym i ch\u0142odnym miejscu.<\/p>\n<\/div>\n\t\t\t\t<\/div>\n\t\t\t\t\t\t\t<div class=\"elementor-accordion-item\">\n\t\t\t\t\t<div id=\"elementor-tab-title-2082\" class=\"elementor-tab-title\" data-tab=\"2\" role=\"button\" aria-controls=\"elementor-tab-content-2082\" aria-expanded=\"false\">\n\t\t\t\t\t\t\t\t\t\t\t\t\t<span class=\"elementor-accordion-icon elementor-accordion-icon-left\" aria-hidden=\"true\">\n\t\t\t\t\t\t\t\t\t\t\t\t\t\t\t<span class=\"elementor-accordion-icon-closed\"><i class=\"fas fa-plus\"><\/i><\/span>\n\t\t\t\t\t\t\t\t<span class=\"elementor-accordion-icon-opened\"><i class=\"fas fa-minus\"><\/i><\/span>\n\t\t\t\t\t\t\t\t\t\t\t\t\t\t<\/span>\n\t\t\t\t\t\t\t\t\t\t\t\t<a class=\"elementor-accordion-title\" tabindex=\"0\">W\u0142a\u015bciwo\u015bci<\/a>\n\t\t\t\t\t<\/div>\n\t\t\t\t\t<div id=\"elementor-tab-content-2082\" class=\"elementor-tab-content elementor-clearfix\" data-tab=\"2\" role=\"region\" aria-labelledby=\"elementor-tab-title-2082\"><div class=\"su-spoiler-content su-u-clearfix su-u-trim\">\n<ul>\n<li><span style=\"font-size: medium\"> Pakowana indywidualnie w aluminiowe saszetki<\/span><\/li>\n<\/ul>\n<ul>\n<li><span style=\"font-size: medium\">Sterylizowana promieniowaniem gamma<\/span><\/li>\n<li class=\"translation-block\">Pharmatull\u00ae Plus wykonana jest z przenikalnej gazy bawe\u0142nianej Leno umo\u017cliwiaj\u0105cej na przenikanie wysi\u0119ku.<\/li>\n<\/ul>\n<ul>\n<li class=\"translation-block\">Pharmatull Plus jest impregnowana galaretk\u0105 parafinow\u0105 tworz\u0105c\u0105 odr\u0119bn\u0105 warstw\u0119 pomi\u0119dzy ran\u0105 a gaz\u0105 i zapobiegaj\u0105c\u0105 przywieraniu do rany oraz umo\u017cliwiaj\u0105c\u0105 szybkie gojenie.<\/li>\n<li>Ochrania nowoutworzon\u0105 tkank\u0119 i minimalizuje b\u00f3l u pacjenta podczas zmiany opatrunku.<\/li>\n<li>Gaza Leno pozwala na przenikanie wysi\u0119ku kt\u00f3ry jest wch\u0142aniany przez drugi opatrunek i nie zasycha bezpo\u015brednio na ranie.<\/li>\n<li>Mo\u017cna przycina\u0107 do dowolnych rozmiar\u00f3w.<\/li>\n<\/ul>\n<\/div>\n<\/div>\n\t\t\t\t<\/div>\n\t\t\t\t\t\t\t<div class=\"elementor-accordion-item\">\n\t\t\t\t\t<div id=\"elementor-tab-title-2083\" class=\"elementor-tab-title\" data-tab=\"3\" role=\"button\" aria-controls=\"elementor-tab-content-2083\" aria-expanded=\"false\">\n\t\t\t\t\t\t\t\t\t\t\t\t\t<span class=\"elementor-accordion-icon elementor-accordion-icon-left\" aria-hidden=\"true\">\n\t\t\t\t\t\t\t\t\t\t\t\t\t\t\t<span class=\"elementor-accordion-icon-closed\"><i class=\"fas fa-plus\"><\/i><\/span>\n\t\t\t\t\t\t\t\t<span class=\"elementor-accordion-icon-opened\"><i class=\"fas fa-minus\"><\/i><\/span>\n\t\t\t\t\t\t\t\t\t\t\t\t\t\t<\/span>\n\t\t\t\t\t\t\t\t\t\t\t\t<a class=\"elementor-accordion-title\" tabindex=\"0\">Przeznaczenie<\/a>\n\t\t\t\t\t<\/div>\n\t\t\t\t\t<div id=\"elementor-tab-content-2083\" class=\"elementor-tab-content elementor-clearfix\" data-tab=\"3\" role=\"region\" aria-labelledby=\"elementor-tab-title-2083\"><div class=\"su-spoiler-content su-u-clearfix su-u-trim\">\n<ul>\n<li class=\"translation-block\">Pharmatull\u00ae Plus u\u017cywana jest jako warstwa opatrunkowa pierwszego kontaktu w leczeniu oparze\u0144, owrzodze\u0144, przeszczep\u00f3w sk\u00f3ry oraz r\u00f3\u017cnorodnych obra\u017ce\u0144. Materia\u0142 u\u017cywany jest tak\u017ce jako medium przej\u015bciowe dla przeszczep\u00f3w sk\u00f3ry.<\/li>\n<li class=\"translation-block\">Pod nadzorem lekarza , Pharmatull\u00ae Plus mo\u017ce by\u0107 tak\u017ce stosowana do opatrywania ran zaka\u017conych o zwi\u0119kszonym ryzyku infekcji.Pharmatull\u00ae Plus nale\u017cy przechowywa\u0107 w suchym i ch\u0142odnym miejscu .<\/li>\n<\/ul>\n<p style=\"text-align: justify\">\n<\/div>\n<\/div>\n\t\t\t\t<\/div>\n\t\t\t\t\t\t\t<div class=\"elementor-accordion-item\">\n\t\t\t\t\t<div id=\"elementor-tab-title-2084\" class=\"elementor-tab-title\" data-tab=\"4\" role=\"button\" aria-controls=\"elementor-tab-content-2084\" aria-expanded=\"false\">\n\t\t\t\t\t\t\t\t\t\t\t\t\t<span class=\"elementor-accordion-icon elementor-accordion-icon-left\" aria-hidden=\"true\">\n\t\t\t\t\t\t\t\t\t\t\t\t\t\t\t<span class=\"elementor-accordion-icon-closed\"><i class=\"fas fa-plus\"><\/i><\/span>\n\t\t\t\t\t\t\t\t<span class=\"elementor-accordion-icon-opened\"><i class=\"fas fa-minus\"><\/i><\/span>\n\t\t\t\t\t\t\t\t\t\t\t\t\t\t<\/span>\n\t\t\t\t\t\t\t\t\t\t\t\t<a class=\"elementor-accordion-title\" tabindex=\"0\">Przeciwwskazania<\/a>\n\t\t\t\t\t<\/div>\n\t\t\t\t\t<div id=\"elementor-tab-content-2084\" class=\"elementor-tab-content elementor-clearfix\" data-tab=\"4\" role=\"region\" aria-labelledby=\"elementor-tab-title-2084\"><div class=\"su-spoiler-content su-u-clearfix su-u-trim\">\n<ul>\n<li class=\"translation-block\">Chocia\u017c brak jest jakichkolwiek przeciwwskaza\u0144 w stosowaniu Pharmatull\u00ae Plus, w przypadku umieszczenia opatrunku na ranie o du\u017cym wysi\u0119ku mo\u017ce doj\u015b\u0107 do maceracji sk\u00f3ry ze wzgl\u0119du na brak mo\u017cliwo\u015bci swobodnego odp\u0142ywu wysi\u0119ku z powierzchni rany.<\/li>\n<li class=\"translation-block\">W przypadku pozostawienia Pharmatull\u00ae Plus na miejscu przez d\u0142u\u017cszy czas, opatrunek mo\u017ce przywiera\u0107 i podczas zdejmowania powodowa\u0107 obra\u017cenie tkanki<\/li>\n<li class=\"translation-block\"><span style=\"font-size: medium\"><strong>Pharmatull\u00ae Plus <\/strong>nie powinien by\u0107 stosowany u pacjent\u00f3w, o kt\u00f3rych wiadomo, \u017ce s\u0105 nadwra\u017cliwi na chlorheksydyn\u0119.<\/span><\/li>\n<\/ul>\n<\/div>\n<\/div>\n\t\t\t\t<\/div>\n\t\t\t\t\t\t\t<div class=\"elementor-accordion-item\">\n\t\t\t\t\t<div id=\"elementor-tab-title-2085\" class=\"elementor-tab-title\" data-tab=\"5\" role=\"button\" aria-controls=\"elementor-tab-content-2085\" aria-expanded=\"false\">\n\t\t\t\t\t\t\t\t\t\t\t\t\t<span class=\"elementor-accordion-icon elementor-accordion-icon-left\" aria-hidden=\"true\">\n\t\t\t\t\t\t\t\t\t\t\t\t\t\t\t<span class=\"elementor-accordion-icon-closed\"><i class=\"fas fa-plus\"><\/i><\/span>\n\t\t\t\t\t\t\t\t<span class=\"elementor-accordion-icon-opened\"><i class=\"fas fa-minus\"><\/i><\/span>\n\t\t\t\t\t\t\t\t\t\t\t\t\t\t<\/span>\n\t\t\t\t\t\t\t\t\t\t\t\t<a class=\"elementor-accordion-title\" tabindex=\"0\">\u015arodki ostro\u017cno\u015bci<\/a>\n\t\t\t\t\t<\/div>\n\t\t\t\t\t<div id=\"elementor-tab-content-2085\" class=\"elementor-tab-content elementor-clearfix\" data-tab=\"5\" role=\"region\" aria-labelledby=\"elementor-tab-title-2085\"><\/div>\n\t\t\t\t<\/div>\n\t\t\t\t\t\t\t<div class=\"elementor-accordion-item\">\n\t\t\t\t\t<div id=\"elementor-tab-title-2086\" class=\"elementor-tab-title\" data-tab=\"6\" role=\"button\" aria-controls=\"elementor-tab-content-2086\" aria-expanded=\"false\">\n\t\t\t\t\t\t\t\t\t\t\t\t\t<span class=\"elementor-accordion-icon elementor-accordion-icon-left\" aria-hidden=\"true\">\n\t\t\t\t\t\t\t\t\t\t\t\t\t\t\t<span class=\"elementor-accordion-icon-closed\"><i class=\"fas fa-plus\"><\/i><\/span>\n\t\t\t\t\t\t\t\t<span class=\"elementor-accordion-icon-opened\"><i class=\"fas fa-minus\"><\/i><\/span>\n\t\t\t\t\t\t\t\t\t\t\t\t\t\t<\/span>\n\t\t\t\t\t\t\t\t\t\t\t\t<a class=\"elementor-accordion-title\" tabindex=\"0\">schemat warstw<\/a>\n\t\t\t\t\t<\/div>\n\t\t\t\t\t<div id=\"elementor-tab-content-2086\" class=\"elementor-tab-content elementor-clearfix\" data-tab=\"6\" role=\"region\" aria-labelledby=\"elementor-tab-title-2086\"><\/div>\n\t\t\t\t<\/div>\n\t\t\t\t\t\t\t<div class=\"elementor-accordion-item\">\n\t\t\t\t\t<div id=\"elementor-tab-title-2087\" class=\"elementor-tab-title\" data-tab=\"7\" role=\"button\" aria-controls=\"elementor-tab-content-2087\" aria-expanded=\"false\">\n\t\t\t\t\t\t\t\t\t\t\t\t\t<span class=\"elementor-accordion-icon elementor-accordion-icon-left\" aria-hidden=\"true\">\n\t\t\t\t\t\t\t\t\t\t\t\t\t\t\t<span class=\"elementor-accordion-icon-closed\"><i class=\"fas fa-plus\"><\/i><\/span>\n\t\t\t\t\t\t\t\t<span class=\"elementor-accordion-icon-opened\"><i class=\"fas fa-minus\"><\/i><\/span>\n\t\t\t\t\t\t\t\t\t\t\t\t\t\t<\/span>\n\t\t\t\t\t\t\t\t\t\t\t\t<a class=\"elementor-accordion-title\" tabindex=\"0\">Cz\u0119stotliwo\u015b\u0107 zmiany opatrunku<\/a>\n\t\t\t\t\t<\/div>\n\t\t\t\t\t<div id=\"elementor-tab-content-2087\" class=\"elementor-tab-content elementor-clearfix\" data-tab=\"7\" role=\"region\" aria-labelledby=\"elementor-tab-title-2087\"><\/div>\n\t\t\t\t<\/div>\n\t\t\t\t\t\t\t<div class=\"elementor-accordion-item\">\n\t\t\t\t\t<div id=\"elementor-tab-title-2088\" class=\"elementor-tab-title\" data-tab=\"8\" role=\"button\" aria-controls=\"elementor-tab-content-2088\" aria-expanded=\"false\">\n\t\t\t\t\t\t\t\t\t\t\t\t\t<span class=\"elementor-accordion-icon elementor-accordion-icon-left\" aria-hidden=\"true\">\n\t\t\t\t\t\t\t\t\t\t\t\t\t\t\t<span class=\"elementor-accordion-icon-closed\"><i class=\"fas fa-plus\"><\/i><\/span>\n\t\t\t\t\t\t\t\t<span class=\"elementor-accordion-icon-opened\"><i class=\"fas fa-minus\"><\/i><\/span>\n\t\t\t\t\t\t\t\t\t\t\t\t\t\t<\/span>\n\t\t\t\t\t\t\t\t\t\t\t\t<a class=\"elementor-accordion-title\" tabindex=\"0\">Jak to dzia\u0142a?<\/a>\n\t\t\t\t\t<\/div>\n\t\t\t\t\t<div id=\"elementor-tab-content-2088\" class=\"elementor-tab-content elementor-clearfix\" data-tab=\"8\" role=\"region\" aria-labelledby=\"elementor-tab-title-2088\"><\/div>\n\t\t\t\t<\/div>\n\t\t\t\t\t\t\t<div class=\"elementor-accordion-item\">\n\t\t\t\t\t<div id=\"elementor-tab-title-2089\" class=\"elementor-tab-title\" data-tab=\"9\" role=\"button\" aria-controls=\"elementor-tab-content-2089\" aria-expanded=\"false\">\n\t\t\t\t\t\t\t\t\t\t\t\t\t<span class=\"elementor-accordion-icon elementor-accordion-icon-left\" aria-hidden=\"true\">\n\t\t\t\t\t\t\t\t\t\t\t\t\t\t\t<span class=\"elementor-accordion-icon-closed\"><i class=\"fas fa-plus\"><\/i><\/span>\n\t\t\t\t\t\t\t\t<span class=\"elementor-accordion-icon-opened\"><i class=\"fas fa-minus\"><\/i><\/span>\n\t\t\t\t\t\t\t\t\t\t\t\t\t\t<\/span>\n\t\t\t\t\t\t\t\t\t\t\t\t<a class=\"elementor-accordion-title\" tabindex=\"0\">Okres przechowywania<\/a>\n\t\t\t\t\t<\/div>\n\t\t\t\t\t<div id=\"elementor-tab-content-2089\" class=\"elementor-tab-content elementor-clearfix\" data-tab=\"9\" role=\"region\" aria-labelledby=\"elementor-tab-title-2089\"><\/div>\n\t\t\t\t<\/div>\n\t\t\t\t\t\t\t\t<\/div>\n\t\t\t\t\t\t<\/div>\n\t\t\t\t<\/div>\n\t\t\t\t\t<\/div>\n\t\t<\/div>\n\t\t\t\t\t<\/div>\n\t\t<\/section>\n\t\t\t\t<\/div>\n\t\t                        <\/div>\n                    <\/div>\n                                    <div class=\"tab-pane elementkit-tab-pane elementor-repeater-item-9b61f69\" id=\"content-9b61f6969e19e38e730e\" role=\"tabpanel\"\n                         aria-labelledby=\"content-9b61f6969e19e38e730e-tab\">\n                        <div class=\"animated fadeIn\">\n                            <p>1- Open the pouch.<br \/>2- Remove the protector(s).<br \/>3- Pick up the product using an antiseptic technique.<br \/>4- Place the Pharmatull\u00ae Plus at the wound site.<br \/>5- Cover with a secondary absorbent dressing.<br \/>6- Fix the secondary dressing.<\/p><p>7- Change daily or according to the condition of the wound.<\/p><p><img fetchpriority=\"high\" decoding=\"async\" class=\"aligncenter wp-image-22450 size-full\" src=\"https:\/\/pharmaplast-online.net\/wp-content\/uploads\/2025\/08\/IFU-17.png\" alt=\"\" width=\"721\" height=\"401\" srcset=\"https:\/\/pharmaplast-online.net\/wp-content\/uploads\/2025\/08\/IFU-17.png 721w, https:\/\/pharmaplast-online.net\/wp-content\/uploads\/2025\/08\/IFU-17-300x167.png 300w, https:\/\/pharmaplast-online.net\/wp-content\/uploads\/2025\/08\/IFU-17-18x10.png 18w, https:\/\/pharmaplast-online.net\/wp-content\/uploads\/2025\/08\/IFU-17-24x13.png 24w, https:\/\/pharmaplast-online.net\/wp-content\/uploads\/2025\/08\/IFU-17-36x20.png 36w, https:\/\/pharmaplast-online.net\/wp-content\/uploads\/2025\/08\/IFU-17-48x27.png 48w, https:\/\/pharmaplast-online.net\/wp-content\/uploads\/2025\/08\/IFU-17-600x334.png 600w\" sizes=\"(max-width: 721px) 100vw, 721px\" \/><\/p><p><img decoding=\"async\" class=\"alignleft\" src=\"https:\/\/pharmaplast-online.net\/wp-content\/uploads\/Wound_Care\/how_to_use\/En\/Pharmatull_Plus.png \" alt=\"\" \/><\/p>                        <\/div>\n                    <\/div>\n                                    <div class=\"tab-pane elementkit-tab-pane elementor-repeater-item-23affad\" id=\"content-23affad69e19e38e730e\" role=\"tabpanel\"\n                         aria-labelledby=\"content-23affad69e19e38e730e-tab\">\n                        <div class=\"animated fadeIn\">\n                            <table><tbody><tr><td width=\"127\"><p><strong>Pharmatull\u00ae<\/strong> <strong>PLUS<\/strong><\/p><\/td><td width=\"102\"><p><strong>Size<\/strong><\/p><\/td><td width=\"106\"><p><strong>Pieces\/Box <\/strong><\/p><\/td><td width=\"108\"><p><strong>Boxes\/Case <\/strong><\/p><\/td><\/tr><tr><td width=\"127\"><p>TULLPLUS5050<\/p><\/td><td width=\"102\"><p>5x5cm<\/p><\/td><td width=\"106\"><p>10<\/p><\/td><td width=\"108\"><p>48<\/p><\/td><\/tr><tr><td width=\"127\"><p>TULLPLUS50100<\/p><\/td><td width=\"102\"><p>5x10cm<\/p><\/td><td width=\"106\"><p>100<\/p><\/td><td width=\"108\"><p>16<\/p><\/td><\/tr><tr><td width=\"127\"><p>TULLPLUS75100<\/p><\/td><td width=\"102\"><p>7.5x10cm<\/p><\/td><td width=\"106\"><p>100<\/p><\/td><td width=\"108\"><p>16<\/p><\/td><\/tr><tr><td width=\"127\"><p>TULLPLUS75150<\/p><\/td><td width=\"102\"><p>7.5x15cm<\/p><\/td><td width=\"106\"><p>100<\/p><\/td><td width=\"108\"><p>16<\/p><\/td><\/tr><tr><td width=\"127\"><p>TULLPLUS75200<\/p><\/td><td width=\"102\"><p>7.5x20cm<\/p><\/td><td width=\"106\"><p>50<\/p><\/td><td width=\"108\"><p>16<\/p><\/td><\/tr><tr><td width=\"127\"><p>TULLPLUS100100<\/p><\/td><td width=\"102\"><p>10x10cm<\/p><\/td><td width=\"106\"><p>10<\/p><\/td><td width=\"108\"><p>48<\/p><\/td><\/tr><tr><td width=\"127\"><p>TULLPLUS100150<\/p><\/td><td width=\"102\"><p>10x15cm<\/p><\/td><td width=\"106\"><p>10<\/p><\/td><td width=\"108\"><p>24<\/p><\/td><\/tr><tr><td width=\"127\"><p>TULLPLUS100200<\/p><\/td><td width=\"102\"><p>10x20cm<\/p><\/td><td width=\"106\"><p>10<\/p><\/td><td width=\"108\"><p>24<\/p><\/td><\/tr><tr><td width=\"127\"><p>TULLPLUS100400<\/p><\/td><td width=\"102\"><p>10x40cm<\/p><\/td><td width=\"106\"><p>10<\/p><\/td><td width=\"108\"><p>24<\/p><\/td><\/tr><tr><td width=\"127\"><p>TULLPLUS150200<\/p><\/td><td width=\"102\"><p>15x20cm<\/p><\/td><td width=\"106\"><p>10<\/p><\/td><td width=\"108\"><p>24<\/p><\/td><\/tr><tr><td width=\"127\"><p>TULLPLUS150150<\/p><\/td><td width=\"102\"><p>15x15cm<\/p><\/td><td width=\"106\"><p>10<\/p><\/td><td width=\"108\"><p>24<\/p><\/td><\/tr><tr><td width=\"127\"><p>TULLPLUS150400<\/p><\/td><td width=\"102\"><p>15x40cm<\/p><\/td><td width=\"106\"><p>10<\/p><\/td><td width=\"108\"><p>24<\/p><\/td><\/tr><tr><td width=\"127\"><p>TULLPLUS200200<\/p><\/td><td width=\"102\"><p>20x20cm<\/p><\/td><td width=\"106\"><p>10<\/p><\/td><td width=\"108\"><p>24<\/p><\/td><\/tr><tr><td width=\"127\"><p>TULLPLUS200400<\/p><\/td><td width=\"102\"><p>20x40cm<\/p><\/td><td width=\"106\"><p>10<\/p><\/td><td width=\"108\"><p>24<\/p><\/td><\/tr><tr><td width=\"127\"><p>TULLPLUS501000<\/p><\/td><td width=\"102\"><p>5x100cm<\/p><\/td><td width=\"106\"><p>6<\/p><\/td><td width=\"108\"><p>16<\/p><\/td><\/tr><\/tbody><\/table><p>\u00a0<\/p><p>Inne rozmiary s\u0105 dost\u0119pne na zam\u00f3wienie.<\/p>                        <\/div>\n                    <\/div>\n                                    <div class=\"tab-pane elementkit-tab-pane elementor-repeater-item-9882644\" id=\"content-988264469e19e38e730e\" role=\"tabpanel\"\n                         aria-labelledby=\"content-988264469e19e38e730e-tab\">\n                        <div class=\"animated fadeIn\">\n                            <p><a href=\"https:\/\/pharmaplast-online.net\/wp-content\/uploads\/2026\/03\/new_Pharmatull-plus-issue-2-19062024-signed-w-date.pdf\">Pharmatull plus Brochure<\/a><\/p><p><img decoding=\"async\" class=\"alignnone wp-image-17145\" src=\"https:\/\/pharmaplast-online.net\/wp-content\/uploads\/2024\/10\/pdf_4726010-300x300.png\" alt=\"\" width=\"32\" height=\"32\" srcset=\"https:\/\/pharmaplast-online.net\/wp-content\/uploads\/2024\/10\/pdf_4726010-300x300.png 300w, https:\/\/pharmaplast-online.net\/wp-content\/uploads\/2024\/10\/pdf_4726010-150x150.png 150w, https:\/\/pharmaplast-online.net\/wp-content\/uploads\/2024\/10\/pdf_4726010-12x12.png 12w, https:\/\/pharmaplast-online.net\/wp-content\/uploads\/2024\/10\/pdf_4726010-24x24.png 24w, https:\/\/pharmaplast-online.net\/wp-content\/uploads\/2024\/10\/pdf_4726010-36x36.png 36w, https:\/\/pharmaplast-online.net\/wp-content\/uploads\/2024\/10\/pdf_4726010-48x48.png 48w, https:\/\/pharmaplast-online.net\/wp-content\/uploads\/2024\/10\/pdf_4726010-100x100.png 100w, https:\/\/pharmaplast-online.net\/wp-content\/uploads\/2024\/10\/pdf_4726010.png 512w\" sizes=\"(max-width: 32px) 100vw, 32px\" \/><\/p>                        <\/div>\n                    <\/div>\n                                \n            <\/div>\n                    <\/div>\n    <\/div>\t\t\t\t<\/div>\n\t\t\t\t<\/div>\n\t\t\t\t\t<\/div>\n\t\t<\/div>\n\t\t\t\t\t<\/div>\n\t\t<\/section>\n\t\t\t\t<\/div>","protected":false},"excerpt":{"rendered":"<p>Paraffin gauze dressing with Chlorhexidine acetate<\/p>","protected":false},"featured_media":17335,"comment_status":"open","ping_status":"closed","template":"","meta":[],"product_brand":[],"product_cat":[266,267,303,269,302],"product_tag":[],"class_list":{"0":"post-7978","1":"product","2":"type-product","3":"status-publish","4":"has-post-thumbnail","6":"product_cat-anti-microbial-wound-care","7":"product_cat-chlorohexidine","8":"product_cat-paraffine","9":"product_cat-wound-contact-layer-chlorohexidine","10":"product_cat-wound-contact-layer-2","11":"new","13":"first","14":"instock","15":"shipping-taxable","16":"product-type-simple"},"acf":[],"_links":{"self":[{"href":"https:\/\/pharmaplast-online.net\/pl\/wp-json\/wp\/v2\/product\/7978","targetHints":{"allow":["GET"]}}],"collection":[{"href":"https:\/\/pharmaplast-online.net\/pl\/wp-json\/wp\/v2\/product"}],"about":[{"href":"https:\/\/pharmaplast-online.net\/pl\/wp-json\/wp\/v2\/types\/product"}],"replies":[{"embeddable":true,"href":"https:\/\/pharmaplast-online.net\/pl\/wp-json\/wp\/v2\/comments?post=7978"}],"version-history":[{"count":38,"href":"https:\/\/pharmaplast-online.net\/pl\/wp-json\/wp\/v2\/product\/7978\/revisions"}],"predecessor-version":[{"id":24083,"href":"https:\/\/pharmaplast-online.net\/pl\/wp-json\/wp\/v2\/product\/7978\/revisions\/24083"}],"wp:featuredmedia":[{"embeddable":true,"href":"https:\/\/pharmaplast-online.net\/pl\/wp-json\/wp\/v2\/media\/17335"}],"wp:attachment":[{"href":"https:\/\/pharmaplast-online.net\/pl\/wp-json\/wp\/v2\/media?parent=7978"}],"wp:term":[{"taxonomy":"product_brand","embeddable":true,"href":"https:\/\/pharmaplast-online.net\/pl\/wp-json\/wp\/v2\/product_brand?post=7978"},{"taxonomy":"product_cat","embeddable":true,"href":"https:\/\/pharmaplast-online.net\/pl\/wp-json\/wp\/v2\/product_cat?post=7978"},{"taxonomy":"product_tag","embeddable":true,"href":"https:\/\/pharmaplast-online.net\/pl\/wp-json\/wp\/v2\/product_tag?post=7978"}],"curies":[{"name":"wp","href":"https:\/\/api.w.org\/{rel}","templated":true}]}}