{"id":8037,"date":"2022-12-19T10:26:08","date_gmt":"2022-12-19T10:26:08","guid":{"rendered":"https:\/\/pharmaplast.mediagate-egy.com\/?post_type=product&#038;p=8037"},"modified":"2024-11-22T12:52:06","modified_gmt":"2024-11-22T12:52:06","slug":"cavidagel-ag","status":"publish","type":"product","link":"https:\/\/pharmaplast-online.net\/pl\/produkt\/cavidagel-ag\/","title":{"rendered":"Cavidagel\u00ae Ag"},"content":{"rendered":"<div data-elementor-type=\"wp-post\" data-elementor-id=\"8037\" class=\"elementor elementor-8037\" data-elementor-post-type=\"product\">\n\t\t\t\t\t\t<section class=\"elementor-section elementor-top-section elementor-element elementor-element-0943b67 elementor-section-boxed elementor-section-height-default elementor-section-height-default qodef-elementor-content-no\" data-id=\"0943b67\" data-element_type=\"section\" data-e-type=\"section\" data-settings=\"{&quot;ekit_has_onepagescroll_dot&quot;:&quot;yes&quot;}\">\n\t\t\t\t\t\t<div class=\"elementor-container elementor-column-gap-default\">\n\t\t\t\t\t<div class=\"elementor-column elementor-col-100 elementor-top-column elementor-element elementor-element-986a764\" data-id=\"986a764\" data-element_type=\"column\" data-e-type=\"column\">\n\t\t\t<div class=\"elementor-widget-wrap elementor-element-populated\">\n\t\t\t\t\t\t<div class=\"elementor-element elementor-element-f4eba4c elementor-widget elementor-widget-elementskit-simple-tab\" data-id=\"f4eba4c\" data-element_type=\"widget\" data-e-type=\"widget\" data-settings=\"{&quot;ekit_we_effect_on&quot;:&quot;none&quot;}\" data-widget_type=\"elementskit-simple-tab.default\">\n\t\t\t\t<div class=\"elementor-widget-container\">\n\t\t\t\t\t<div class=\"ekit-wid-con\" >        <div class=\"elementkit-tab-wraper\">\n            <ul class=\"nav nav-tabs elementkit-tab-nav  elementskit-fullwidth-tab\">\n                                    <li class=\"elementkit-nav-item elementor-repeater-item-d0363a9\">\n                        <a class=\"elementkit-nav-link  active show left-pos\" id=\"content-d0363a969eecce7812b4-tab\" data-ekit-handler-id=\"product-info\" data-ekit-toggle=\"tab\" data-target=\"#content-d0363a969eecce7812b4\" href=\"#Content-d0363a969eecce7812b4\"\n                            data-ekit-toggle-trigger=\"click\"\n                            aria-describedby=\"Content-d0363a969eecce7812b4\">\n                            <span class=\"elementskit-tab-icon\"><\/span>                            <span class=\"elementskit-tab-title\">Informacje o Produkcie<\/span>\n                        <\/a>\n                    <\/li>\n                                        <li class=\"elementkit-nav-item elementor-repeater-item-9b61f69\">\n                        <a class=\"elementkit-nav-link  left-pos\" id=\"content-9b61f6969eecce7812b4-tab\" data-ekit-handler-id=\"how-to-use\" data-ekit-toggle=\"tab\" data-target=\"#content-9b61f6969eecce7812b4\" href=\"#Content-9b61f6969eecce7812b4\"\n                            data-ekit-toggle-trigger=\"click\"\n                            aria-describedby=\"Content-9b61f6969eecce7812b4\">\n                            <span class=\"elementskit-tab-icon\"><\/span>                            <span class=\"elementskit-tab-title\">Instrukcja U\u017cycia<\/span>\n                        <\/a>\n                    <\/li>\n                                        <li class=\"elementkit-nav-item elementor-repeater-item-23affad\">\n                        <a class=\"elementkit-nav-link  left-pos\" id=\"content-23affad69eecce7812b4-tab\" data-ekit-handler-id=\"sizes-codes\" data-ekit-toggle=\"tab\" data-target=\"#content-23affad69eecce7812b4\" href=\"#Content-23affad69eecce7812b4\"\n                            data-ekit-toggle-trigger=\"click\"\n                            aria-describedby=\"Content-23affad69eecce7812b4\">\n                            <span class=\"elementskit-tab-icon\"><\/span>                            <span class=\"elementskit-tab-title\">Rozmiary i Kody<\/span>\n                        <\/a>\n                    <\/li>\n                                        <li class=\"elementkit-nav-item elementor-repeater-item-9882644\">\n                        <a class=\"elementkit-nav-link  left-pos\" id=\"content-988264469eecce7812b4-tab\" data-ekit-handler-id=\"downloads\" data-ekit-toggle=\"tab\" data-target=\"#content-988264469eecce7812b4\" href=\"#Content-988264469eecce7812b4\"\n                            data-ekit-toggle-trigger=\"click\"\n                            aria-describedby=\"Content-988264469eecce7812b4\">\n                            <span class=\"elementskit-tab-icon\"><\/span>                            <span class=\"elementskit-tab-title\">Pobieranie<\/span>\n                        <\/a>\n                    <\/li>\n                                <\/ul>\n\n            <div class=\"tab-content elementkit-tab-content\">\n                                    <div class=\"tab-pane elementkit-tab-pane elementor-repeater-item-d0363a9  active show\" id=\"content-d0363a969eecce7812b4\" role=\"tabpanel\"\n                         aria-labelledby=\"content-d0363a969eecce7812b4-tab\">\n                        <div class=\"animated fadeIn\">\n                            <h3>Informacje o Produkcie<\/h3>\t\t<div data-elementor-type=\"section\" data-elementor-id=\"8585\" class=\"elementor elementor-8585\" data-elementor-post-type=\"elementor_library\">\n\t\t\t\t\t<section class=\"elementor-section elementor-top-section elementor-element elementor-element-3c9a5a4 elementor-section-boxed elementor-section-height-default elementor-section-height-default qodef-elementor-content-no\" data-id=\"3c9a5a4\" data-element_type=\"section\" data-e-type=\"section\" data-settings=\"{&quot;ekit_has_onepagescroll_dot&quot;:&quot;yes&quot;}\">\n\t\t\t\t\t\t<div class=\"elementor-container elementor-column-gap-default\">\n\t\t\t\t\t<div class=\"elementor-column elementor-col-100 elementor-top-column elementor-element elementor-element-8fd3e15\" data-id=\"8fd3e15\" data-element_type=\"column\" data-e-type=\"column\">\n\t\t\t<div class=\"elementor-widget-wrap elementor-element-populated\">\n\t\t\t\t\t\t<div class=\"elementor-element elementor-element-c6fd92e elementor-widget elementor-widget-accordion\" data-id=\"c6fd92e\" data-element_type=\"widget\" data-e-type=\"widget\" data-settings=\"{&quot;ekit_we_effect_on&quot;:&quot;none&quot;}\" data-widget_type=\"accordion.default\">\n\t\t\t\t<div class=\"elementor-widget-container\">\n\t\t\t\t\t\t\t<div class=\"elementor-accordion\">\n\t\t\t\t\t\t\t<div class=\"elementor-accordion-item\">\n\t\t\t\t\t<div id=\"elementor-tab-title-2081\" class=\"elementor-tab-title\" data-tab=\"1\" role=\"button\" aria-controls=\"elementor-tab-content-2081\" aria-expanded=\"false\">\n\t\t\t\t\t\t\t\t\t\t\t\t\t<span class=\"elementor-accordion-icon elementor-accordion-icon-left\" aria-hidden=\"true\">\n\t\t\t\t\t\t\t\t\t\t\t\t\t\t\t<span class=\"elementor-accordion-icon-closed\"><i class=\"fas fa-plus\"><\/i><\/span>\n\t\t\t\t\t\t\t\t<span class=\"elementor-accordion-icon-opened\"><i class=\"fas fa-minus\"><\/i><\/span>\n\t\t\t\t\t\t\t\t\t\t\t\t\t\t<\/span>\n\t\t\t\t\t\t\t\t\t\t\t\t<a class=\"elementor-accordion-title\" tabindex=\"0\">Opis<\/a>\n\t\t\t\t\t<\/div>\n\t\t\t\t\t<div id=\"elementor-tab-content-2081\" class=\"elementor-tab-content elementor-clearfix\" data-tab=\"1\" role=\"region\" aria-labelledby=\"elementor-tab-title-2081\"><div class=\"su-spoiler-content su-u-clearfix su-u-trim\">\n<p class=\"translation-block\"><div class=\"su-spoiler-content su-u-clearfix su-u-trim\">\n<p><strong>Cavidagel\u00ae Ag<\/strong> to ja\u0142owy, bezpostaciowy hydro\u017cel ze srebrem antybakteryjnym i alginianem, stanowi\u0105cy unikalne po\u0142\u0105czenie w\u0142a\u015bciwo\u015bci nawil\u017caj\u0105cych i poch\u0142aniaj\u0105cych wilgo\u0107 oraz zapewniaj\u0105cy optymalne \u015brodowisko do gojenia ran.<\/p>\n<p><strong>Cavidagel\u00ae Ag <\/strong>w razie potrzeby nawil\u017ca tkanki martwicze oraz poch\u0142ania zanieczyszczenia i wysi\u0119k, co u\u0142atwia autolityczne oczyszczenie i gojenie si\u0119 ran. Zawiera srebro, kt\u00f3re ma dzia\u0142anie przeciwbakteryjne przeciwko szerokiej gamie mikroorganizm\u00f3w.<\/p>\n<\/div><\/p>\n<\/div>\n<\/div>\n\t\t\t\t<\/div>\n\t\t\t\t\t\t\t<div class=\"elementor-accordion-item\">\n\t\t\t\t\t<div id=\"elementor-tab-title-2082\" class=\"elementor-tab-title\" data-tab=\"2\" role=\"button\" aria-controls=\"elementor-tab-content-2082\" aria-expanded=\"false\">\n\t\t\t\t\t\t\t\t\t\t\t\t\t<span class=\"elementor-accordion-icon elementor-accordion-icon-left\" aria-hidden=\"true\">\n\t\t\t\t\t\t\t\t\t\t\t\t\t\t\t<span class=\"elementor-accordion-icon-closed\"><i class=\"fas fa-plus\"><\/i><\/span>\n\t\t\t\t\t\t\t\t<span class=\"elementor-accordion-icon-opened\"><i class=\"fas fa-minus\"><\/i><\/span>\n\t\t\t\t\t\t\t\t\t\t\t\t\t\t<\/span>\n\t\t\t\t\t\t\t\t\t\t\t\t<a class=\"elementor-accordion-title\" tabindex=\"0\">W\u0142a\u015bciwo\u015bci<\/a>\n\t\t\t\t\t<\/div>\n\t\t\t\t\t<div id=\"elementor-tab-content-2082\" class=\"elementor-tab-content elementor-clearfix\" data-tab=\"2\" role=\"region\" aria-labelledby=\"elementor-tab-title-2082\"><div class=\"su-spoiler-content su-u-clearfix su-u-trim\">\n<ul>\n<li class=\"translation-block\"><strong>Szerokie spektrum dzia\u0142ania przeciwdrobnoustrojowego:<\/strong> dzi\u0119ki rozproszeniu cz\u0105stek srebra wewn\u0105trz matrycy \u017celowej zapobiega kolonizacji bakterii w miejscu rany.<\/li><\/li>\n<li class=\"translation-block\"><strong>Dzia\u0142anie oczyszczaj\u0105ce: Cavidagel\u00ae Ag <\/strong>nawil\u017ca tkank\u0119 martwicz\u0105 i wspomaga oczyszczanie.<\/li><\/li>\n<li class=\"translation-block\"><strong>Dzia\u0142anie przeciwgnilne: Cavidagel\u00ae Ag<\/strong> poch\u0142ania wilgotne tkanki martwicze i wysi\u0119k bez uszkadzania delikatnej tkanki ziarninowej.<\/li><\/li>\n<li class=\"translation-block\"><strong>Tworzy wilgotne \u015brodowisko gojenia ran: Cavidagel\u00ae Ag <\/strong>pomaga stworzy\u0107 optymalne wilgotne \u015brodowisko do leczenia ran, kt\u00f3re sprzyja gojeniu, zmniejsza prawdopodobie\u0144stwo powstawania blizn i pomaga \u0142agodzi\u0107 b\u00f3l.<\/li><\/li>\n<li class=\"translation-block\"><strong>Stabilny, przeciwdzia\u0142a wyciekowi i maceracji: <\/strong>Lepka tekstura \u017celu powoduje, \u017ce pozostaje on na swoim miejscu, a nawet po wch\u0142oni\u0119ciu resztek i wysi\u0119ku \u017cel pozostaje sp\u00f3jny oraz przeciwdzia\u0142a wyciekowi i maceracji.<\/li><\/li>\n<li class=\"translation-block\"><strong>\u0141atwe usuwanie: <\/strong>\u017bel jest \u0142atwy do usuni\u0119cia ze wzgl\u0119du na wysok\u0105 spoisto\u015b\u0107 nawet po wch\u0142oni\u0119ciu resztek i wysi\u0119ku.<\/li><\/li>\n<\/ul>\n<\/div>\n<\/div>\n\t\t\t\t<\/div>\n\t\t\t\t\t\t\t<div class=\"elementor-accordion-item\">\n\t\t\t\t\t<div id=\"elementor-tab-title-2083\" class=\"elementor-tab-title\" data-tab=\"3\" role=\"button\" aria-controls=\"elementor-tab-content-2083\" aria-expanded=\"false\">\n\t\t\t\t\t\t\t\t\t\t\t\t\t<span class=\"elementor-accordion-icon elementor-accordion-icon-left\" aria-hidden=\"true\">\n\t\t\t\t\t\t\t\t\t\t\t\t\t\t\t<span class=\"elementor-accordion-icon-closed\"><i class=\"fas fa-plus\"><\/i><\/span>\n\t\t\t\t\t\t\t\t<span class=\"elementor-accordion-icon-opened\"><i class=\"fas fa-minus\"><\/i><\/span>\n\t\t\t\t\t\t\t\t\t\t\t\t\t\t<\/span>\n\t\t\t\t\t\t\t\t\t\t\t\t<a class=\"elementor-accordion-title\" tabindex=\"0\">Przeznaczenie<\/a>\n\t\t\t\t\t<\/div>\n\t\t\t\t\t<div id=\"elementor-tab-content-2083\" class=\"elementor-tab-content elementor-clearfix\" data-tab=\"3\" role=\"region\" aria-labelledby=\"elementor-tab-title-2083\"><div class=\"su-spoiler-content su-u-clearfix su-u-trim\">\n<p class=\"translation-block\"><div class=\"su-spoiler-content su-u-clearfix su-u-trim\">\n<p><strong>Cavidagel\u00ae Ag<\/strong> jest stosowany w celu leczenia, ochrony&nbsp; i minimalizacji ryzyka zaka\u017cenia rany. Jest wskazany g\u0142\u00f3wnie do suchych i wilgotnych ran martwiczych, a tak\u017ce ran z mieszank\u0105 tkanki martwiczej i ziarninuj\u0105cej. Mo\u017ce by\u0107 r\u00f3wnie\u017c stosowany w celu wspierania gojenia si\u0119 wszelkich rodzaj\u00f3w wilgotnych ran, w tym ran o wysokim ryzyku zaka\u017cenia, &nbsp;oparze\u0144 pierwszego i drugiego stopnia.<\/p>\n<p><strong>Cavidagel\u00ae Ag<\/strong> jest przeznaczony do leczenia owrzodze\u0144 podudzi, odle\u017cyn i gnij\u0105cych ran. Dzi\u0119ki unikalnemu dopasowaniu w\u0142a\u015bciwo\u015bci nawil\u017caj\u0105cych i poch\u0142aniaj\u0105cych \u017cel mo\u017ce by\u0107 stosowany w przypadku ran o niskim lub wysokim wysi\u0119ku.<\/p>\n<\/div><\/p>\n<\/div>\n<\/div>\n\t\t\t\t<\/div>\n\t\t\t\t\t\t\t<div class=\"elementor-accordion-item\">\n\t\t\t\t\t<div id=\"elementor-tab-title-2084\" class=\"elementor-tab-title\" data-tab=\"4\" role=\"button\" aria-controls=\"elementor-tab-content-2084\" aria-expanded=\"false\">\n\t\t\t\t\t\t\t\t\t\t\t\t\t<span class=\"elementor-accordion-icon elementor-accordion-icon-left\" aria-hidden=\"true\">\n\t\t\t\t\t\t\t\t\t\t\t\t\t\t\t<span class=\"elementor-accordion-icon-closed\"><i class=\"fas fa-plus\"><\/i><\/span>\n\t\t\t\t\t\t\t\t<span class=\"elementor-accordion-icon-opened\"><i class=\"fas fa-minus\"><\/i><\/span>\n\t\t\t\t\t\t\t\t\t\t\t\t\t\t<\/span>\n\t\t\t\t\t\t\t\t\t\t\t\t<a class=\"elementor-accordion-title\" tabindex=\"0\">Przeciwwskazania<\/a>\n\t\t\t\t\t<\/div>\n\t\t\t\t\t<div id=\"elementor-tab-content-2084\" class=\"elementor-tab-content elementor-clearfix\" data-tab=\"4\" role=\"region\" aria-labelledby=\"elementor-tab-title-2084\"><\/div>\n\t\t\t\t<\/div>\n\t\t\t\t\t\t\t<div class=\"elementor-accordion-item\">\n\t\t\t\t\t<div id=\"elementor-tab-title-2085\" class=\"elementor-tab-title\" data-tab=\"5\" role=\"button\" aria-controls=\"elementor-tab-content-2085\" aria-expanded=\"false\">\n\t\t\t\t\t\t\t\t\t\t\t\t\t<span class=\"elementor-accordion-icon elementor-accordion-icon-left\" aria-hidden=\"true\">\n\t\t\t\t\t\t\t\t\t\t\t\t\t\t\t<span class=\"elementor-accordion-icon-closed\"><i class=\"fas fa-plus\"><\/i><\/span>\n\t\t\t\t\t\t\t\t<span class=\"elementor-accordion-icon-opened\"><i class=\"fas fa-minus\"><\/i><\/span>\n\t\t\t\t\t\t\t\t\t\t\t\t\t\t<\/span>\n\t\t\t\t\t\t\t\t\t\t\t\t<a class=\"elementor-accordion-title\" tabindex=\"0\">\u015arodki ostro\u017cno\u015bci<\/a>\n\t\t\t\t\t<\/div>\n\t\t\t\t\t<div id=\"elementor-tab-content-2085\" class=\"elementor-tab-content elementor-clearfix\" data-tab=\"5\" role=\"region\" aria-labelledby=\"elementor-tab-title-2085\"><div class=\"su-spoiler-content su-u-clearfix su-u-trim\">\n<ul>\n<li>Mo\u017ce by\u0107 stosowany u pacjent\u00f3w z zaka\u017ceniami miejscowymi i og\u00f3lnoustrojowymi wed\u0142ug uznania pracownika s\u0142u\u017cby zdrowia.<\/li>\n<li>W przypadku reakcji alergicznych nale\u017cy bezpo\u015brednio przerwa\u0107 stosowanie i skonsultowa\u0107 si\u0119 z lekarzem.<\/li>\n<li>Ja\u0142owe jednorazowe urz\u0105dzenie medyczne. Ponowne u\u017cycie wi\u0105\u017ce si\u0119 z ryzykiem zaka\u017cenia.<\/li><\/li>\n<li>Nie stosowa\u0107 u os\u00f3b o znanej wra\u017cliwo\u015bci na srebro, alginian lub kt\u00f3rykolwiek ze sk\u0142adnik\u00f3w \u017celu.<\/li><\/li>\n<li><span style=\"font-size: medium\">Badania dotycz\u0105ce bezpiecze\u0144stwa stosowania u noworodk\u00f3w, niemowl\u0105t i w czasie ci\u0105\u017cy przeprowadzono w ograniczonym zakresie.<\/span><\/li>\n<li>W przypadku uszkodzonego opakowania nie nale\u017cy u\u017cywa\u0107 ani ponownie sterylizowa\u0107 produktu.<\/li>\n<\/ul>\n<\/div>\n<\/div>\n\t\t\t\t<\/div>\n\t\t\t\t\t\t\t<div class=\"elementor-accordion-item\">\n\t\t\t\t\t<div id=\"elementor-tab-title-2086\" class=\"elementor-tab-title\" data-tab=\"6\" role=\"button\" aria-controls=\"elementor-tab-content-2086\" aria-expanded=\"false\">\n\t\t\t\t\t\t\t\t\t\t\t\t\t<span class=\"elementor-accordion-icon elementor-accordion-icon-left\" aria-hidden=\"true\">\n\t\t\t\t\t\t\t\t\t\t\t\t\t\t\t<span class=\"elementor-accordion-icon-closed\"><i class=\"fas fa-plus\"><\/i><\/span>\n\t\t\t\t\t\t\t\t<span class=\"elementor-accordion-icon-opened\"><i class=\"fas fa-minus\"><\/i><\/span>\n\t\t\t\t\t\t\t\t\t\t\t\t\t\t<\/span>\n\t\t\t\t\t\t\t\t\t\t\t\t<a class=\"elementor-accordion-title\" tabindex=\"0\">schemat warstw<\/a>\n\t\t\t\t\t<\/div>\n\t\t\t\t\t<div id=\"elementor-tab-content-2086\" class=\"elementor-tab-content elementor-clearfix\" data-tab=\"6\" role=\"region\" aria-labelledby=\"elementor-tab-title-2086\"><\/div>\n\t\t\t\t<\/div>\n\t\t\t\t\t\t\t<div class=\"elementor-accordion-item\">\n\t\t\t\t\t<div id=\"elementor-tab-title-2087\" class=\"elementor-tab-title\" data-tab=\"7\" role=\"button\" aria-controls=\"elementor-tab-content-2087\" aria-expanded=\"false\">\n\t\t\t\t\t\t\t\t\t\t\t\t\t<span class=\"elementor-accordion-icon elementor-accordion-icon-left\" aria-hidden=\"true\">\n\t\t\t\t\t\t\t\t\t\t\t\t\t\t\t<span class=\"elementor-accordion-icon-closed\"><i class=\"fas fa-plus\"><\/i><\/span>\n\t\t\t\t\t\t\t\t<span class=\"elementor-accordion-icon-opened\"><i class=\"fas fa-minus\"><\/i><\/span>\n\t\t\t\t\t\t\t\t\t\t\t\t\t\t<\/span>\n\t\t\t\t\t\t\t\t\t\t\t\t<a class=\"elementor-accordion-title\" tabindex=\"0\">Cz\u0119stotliwo\u015b\u0107 zmiany opatrunku<\/a>\n\t\t\t\t\t<\/div>\n\t\t\t\t\t<div id=\"elementor-tab-content-2087\" class=\"elementor-tab-content elementor-clearfix\" data-tab=\"7\" role=\"region\" aria-labelledby=\"elementor-tab-title-2087\"><\/div>\n\t\t\t\t<\/div>\n\t\t\t\t\t\t\t<div class=\"elementor-accordion-item\">\n\t\t\t\t\t<div id=\"elementor-tab-title-2088\" class=\"elementor-tab-title\" data-tab=\"8\" role=\"button\" aria-controls=\"elementor-tab-content-2088\" aria-expanded=\"false\">\n\t\t\t\t\t\t\t\t\t\t\t\t\t<span class=\"elementor-accordion-icon elementor-accordion-icon-left\" aria-hidden=\"true\">\n\t\t\t\t\t\t\t\t\t\t\t\t\t\t\t<span class=\"elementor-accordion-icon-closed\"><i class=\"fas fa-plus\"><\/i><\/span>\n\t\t\t\t\t\t\t\t<span class=\"elementor-accordion-icon-opened\"><i class=\"fas fa-minus\"><\/i><\/span>\n\t\t\t\t\t\t\t\t\t\t\t\t\t\t<\/span>\n\t\t\t\t\t\t\t\t\t\t\t\t<a class=\"elementor-accordion-title\" tabindex=\"0\">Jak to dzia\u0142a?<\/a>\n\t\t\t\t\t<\/div>\n\t\t\t\t\t<div id=\"elementor-tab-content-2088\" class=\"elementor-tab-content elementor-clearfix\" data-tab=\"8\" role=\"region\" aria-labelledby=\"elementor-tab-title-2088\"><\/div>\n\t\t\t\t<\/div>\n\t\t\t\t\t\t\t<div class=\"elementor-accordion-item\">\n\t\t\t\t\t<div id=\"elementor-tab-title-2089\" class=\"elementor-tab-title\" data-tab=\"9\" role=\"button\" aria-controls=\"elementor-tab-content-2089\" aria-expanded=\"false\">\n\t\t\t\t\t\t\t\t\t\t\t\t\t<span class=\"elementor-accordion-icon elementor-accordion-icon-left\" aria-hidden=\"true\">\n\t\t\t\t\t\t\t\t\t\t\t\t\t\t\t<span class=\"elementor-accordion-icon-closed\"><i class=\"fas fa-plus\"><\/i><\/span>\n\t\t\t\t\t\t\t\t<span class=\"elementor-accordion-icon-opened\"><i class=\"fas fa-minus\"><\/i><\/span>\n\t\t\t\t\t\t\t\t\t\t\t\t\t\t<\/span>\n\t\t\t\t\t\t\t\t\t\t\t\t<a class=\"elementor-accordion-title\" tabindex=\"0\">Okres przechowywania<\/a>\n\t\t\t\t\t<\/div>\n\t\t\t\t\t<div id=\"elementor-tab-content-2089\" class=\"elementor-tab-content elementor-clearfix\" data-tab=\"9\" role=\"region\" aria-labelledby=\"elementor-tab-title-2089\"><\/div>\n\t\t\t\t<\/div>\n\t\t\t\t\t\t\t\t<\/div>\n\t\t\t\t\t\t<\/div>\n\t\t\t\t<\/div>\n\t\t\t\t\t<\/div>\n\t\t<\/div>\n\t\t\t\t\t<\/div>\n\t\t<\/section>\n\t\t\t\t<\/div>\n\t\t                        <\/div>\n                    <\/div>\n                                    <div class=\"tab-pane elementkit-tab-pane elementor-repeater-item-9b61f69\" id=\"content-9b61f6969eecce7812b4\" role=\"tabpanel\"\n                         aria-labelledby=\"content-9b61f6969eecce7812b4-tab\">\n                        <div class=\"animated fadeIn\">\n                            <ul><li style=\"list-style-type: none;\"><ul><li>Przemyj ran\u0119 sol\u0105 fizjologiczn\u0105 lub wod\u0105 z kranu.<\/li><li>Aby zoptymalizowa\u0107 u\u017cycie <strong>Cavidagel\u00ae Ag<\/strong>, stosowa\u0107 zgodnie z poni\u017cszymi schematami.<\/li><li>\u017bel mo\u017cna usun\u0105\u0107 z rany przemywaj\u0105c j\u0105 sol\u0105 fizjologiczn\u0105 lub wod\u0105 wodoci\u0105gow\u0105.<\/li><li>Rany nie nale\u017cy wype\u0142nia\u0107 do poziomu wy\u017cszego ni\u017c otaczaj\u0105ca j\u0105 sk\u00f3ra.<\/li><li class=\"translation-block\">Przykry\u0107 opatrunkiem wt\u00f3rnym. W przypadku ran z ma\u0142ym lub \u015brednim wysi\u0119kiem wybierz hydrokoloid jako opatrunek wt\u00f3rny, np. Pharmacoll\u00ae Comfort lub Pharmacoll\u00ae Comfort Plus. W przypadku ran ze \u015brednim lub du\u017cym wysi\u0119kiem wybierz opatrunek o du\u017cej ch\u0142onno\u015bci i przepuszczalno\u015bci, aby przykry\u0107 np. rany. Espuma\u00ae Comfort lub Espuma\u00ae Comfort Plus. W przypadku ran s\u0142abo lub nie s\u0105cz\u0105cych mo\u017cna przykry\u0107 opatrunkiem foliowym, np. Protectfilm\u00ae.<\/li><li class=\"translation-block\">Aby zoptymalizowa\u0107 oczyszczanie ran martwiczych i martwiczych, zaleca si\u0119 zmian\u0119 <strong>Cavidagel\u00ae Ag<\/strong> przynajmniej co 3 dni, ze wzgl\u0119du na wi\u0119ksz\u0105 ilo\u015b\u0107 wysi\u0119ku. W przypadku ran czystych <strong>Cavidagel\u00ae Ag<\/strong> nale\u017cy zmienia\u0107 w zale\u017cno\u015bci od ilo\u015bci wysi\u0119ku.<\/li><li>\u017bel mo\u017cna usun\u0105\u0107 z rany przez op\u0142ukanie roztworem soli fizjologicznej lub bie\u017c\u0105c\u0105 wod\u0105.<\/li><\/ul><\/li><\/ul>                        <\/div>\n                    <\/div>\n                                    <div class=\"tab-pane elementkit-tab-pane elementor-repeater-item-23affad\" id=\"content-23affad69eecce7812b4\" role=\"tabpanel\"\n                         aria-labelledby=\"content-23affad69eecce7812b4-tab\">\n                        <div class=\"animated fadeIn\">\n                            <table><tbody><tr><td width=\"175\"><p><strong><em>Cavidagel\u00ae Ag<\/em><\/strong><\/p><\/td><td width=\"62\"><p><strong>Size<\/strong><\/p><\/td><td width=\"99\"><p><strong>Units\/Case<\/strong><\/p><\/td><\/tr><tr><td width=\"175\"><p>CAVISAG6<\/p><\/td><td width=\"62\"><p>6ml<\/p><\/td><td width=\"99\"><p>48<\/p><\/td><\/tr><tr><td width=\"175\"><p>CAVITAG15<\/p><\/td><td width=\"62\"><p>15ml<\/p><\/td><td width=\"99\"><p>48<\/p><\/td><\/tr><tr><td width=\"175\"><p>CAVITAG30<\/p><\/td><td width=\"62\"><p>30ml<\/p><\/td><td width=\"99\"><p>48<\/p><\/td><\/tr><tr><td width=\"175\"><p>CAVITAG50<\/p><\/td><td width=\"62\"><p>50ml<\/p><\/td><td width=\"99\"><p>48<\/p><\/td><\/tr><tr><td width=\"175\"><p>CAVITAG75<\/p><\/td><td width=\"62\"><p>75ml<\/p><\/td><td width=\"99\"><p>24<\/p><\/td><\/tr><\/tbody><\/table>                        <\/div>\n                    <\/div>\n                                    <div class=\"tab-pane elementkit-tab-pane elementor-repeater-item-9882644\" id=\"content-988264469eecce7812b4\" role=\"tabpanel\"\n                         aria-labelledby=\"content-988264469eecce7812b4-tab\">\n                        <div class=\"animated fadeIn\">\n                            <p><a href=\"https:\/\/pharmaplast-online.net\/wp-content\/uploads\/2024\/11\/Cavidagel-Ag-Brochure.pdf\">Cavidagel Ag Brochure<\/a><\/p><p><img decoding=\"async\" class=\"alignnone  wp-image-17145\" src=\"https:\/\/pharmaplast-online.net\/wp-content\/uploads\/2024\/10\/pdf_4726010-300x300.png\" alt=\"\" width=\"43\" height=\"43\" srcset=\"https:\/\/pharmaplast-online.net\/wp-content\/uploads\/2024\/10\/pdf_4726010-300x300.png 300w, https:\/\/pharmaplast-online.net\/wp-content\/uploads\/2024\/10\/pdf_4726010-150x150.png 150w, https:\/\/pharmaplast-online.net\/wp-content\/uploads\/2024\/10\/pdf_4726010-12x12.png 12w, https:\/\/pharmaplast-online.net\/wp-content\/uploads\/2024\/10\/pdf_4726010-24x24.png 24w, https:\/\/pharmaplast-online.net\/wp-content\/uploads\/2024\/10\/pdf_4726010-36x36.png 36w, https:\/\/pharmaplast-online.net\/wp-content\/uploads\/2024\/10\/pdf_4726010-48x48.png 48w, https:\/\/pharmaplast-online.net\/wp-content\/uploads\/2024\/10\/pdf_4726010-100x100.png 100w, https:\/\/pharmaplast-online.net\/wp-content\/uploads\/2024\/10\/pdf_4726010.png 512w\" sizes=\"(max-width: 43px) 100vw, 43px\" \/><\/p>                        <\/div>\n                    <\/div>\n                                \n            <\/div>\n                    <\/div>\n    <\/div>\t\t\t\t<\/div>\n\t\t\t\t<\/div>\n\t\t\t\t\t<\/div>\n\t\t<\/div>\n\t\t\t\t\t<\/div>\n\t\t<\/section>\n\t\t\t\t<\/div>","protected":false},"excerpt":{"rendered":"<p>Amorphous hydrogel with antimicrobial silver and alginate<\/p>","protected":false},"featured_media":18016,"comment_status":"open","ping_status":"closed","template":"","meta":[],"product_brand":[],"product_cat":[282,266,281],"product_tag":[],"class_list":{"0":"post-8037","1":"product","2":"type-product","3":"status-publish","4":"has-post-thumbnail","6":"product_cat-amorphous-gels","7":"product_cat-anti-microbial-wound-care","8":"product_cat-silver-ag","9":"new","11":"first","12":"instock","13":"shipping-taxable","14":"product-type-simple"},"acf":[],"_links":{"self":[{"href":"https:\/\/pharmaplast-online.net\/pl\/wp-json\/wp\/v2\/product\/8037","targetHints":{"allow":["GET"]}}],"collection":[{"href":"https:\/\/pharmaplast-online.net\/pl\/wp-json\/wp\/v2\/product"}],"about":[{"href":"https:\/\/pharmaplast-online.net\/pl\/wp-json\/wp\/v2\/types\/product"}],"replies":[{"embeddable":true,"href":"https:\/\/pharmaplast-online.net\/pl\/wp-json\/wp\/v2\/comments?post=8037"}],"version-history":[{"count":14,"href":"https:\/\/pharmaplast-online.net\/pl\/wp-json\/wp\/v2\/product\/8037\/revisions"}],"predecessor-version":[{"id":18030,"href":"https:\/\/pharmaplast-online.net\/pl\/wp-json\/wp\/v2\/product\/8037\/revisions\/18030"}],"wp:featuredmedia":[{"embeddable":true,"href":"https:\/\/pharmaplast-online.net\/pl\/wp-json\/wp\/v2\/media\/18016"}],"wp:attachment":[{"href":"https:\/\/pharmaplast-online.net\/pl\/wp-json\/wp\/v2\/media?parent=8037"}],"wp:term":[{"taxonomy":"product_brand","embeddable":true,"href":"https:\/\/pharmaplast-online.net\/pl\/wp-json\/wp\/v2\/product_brand?post=8037"},{"taxonomy":"product_cat","embeddable":true,"href":"https:\/\/pharmaplast-online.net\/pl\/wp-json\/wp\/v2\/product_cat?post=8037"},{"taxonomy":"product_tag","embeddable":true,"href":"https:\/\/pharmaplast-online.net\/pl\/wp-json\/wp\/v2\/product_tag?post=8037"}],"curies":[{"name":"wp","href":"https:\/\/api.w.org\/{rel}","templated":true}]}}