{"id":8148,"date":"2022-12-19T15:27:50","date_gmt":"2022-12-19T15:27:50","guid":{"rendered":"https:\/\/pharmaplast.mediagate-egy.com\/?post_type=product&#038;p=8148"},"modified":"2024-11-06T20:51:18","modified_gmt":"2024-11-06T20:51:18","slug":"cure-aid-povi","status":"publish","type":"product","link":"https:\/\/pharmaplast-online.net\/pl\/produkt\/cure-aid-povi\/","title":{"rendered":"Cure-Aid\u00aePOVI"},"content":{"rendered":"<div data-elementor-type=\"wp-post\" data-elementor-id=\"8148\" class=\"elementor elementor-8148\" data-elementor-post-type=\"product\">\n\t\t\t\t\t\t<section class=\"elementor-section elementor-top-section elementor-element elementor-element-320b86c elementor-section-boxed elementor-section-height-default elementor-section-height-default qodef-elementor-content-no\" data-id=\"320b86c\" data-element_type=\"section\" data-e-type=\"section\" data-settings=\"{&quot;ekit_has_onepagescroll_dot&quot;:&quot;yes&quot;}\">\n\t\t\t\t\t\t<div class=\"elementor-container elementor-column-gap-default\">\n\t\t\t\t\t<div class=\"elementor-column elementor-col-100 elementor-top-column elementor-element elementor-element-1acecd4\" data-id=\"1acecd4\" data-element_type=\"column\" data-e-type=\"column\">\n\t\t\t<div class=\"elementor-widget-wrap elementor-element-populated\">\n\t\t\t\t\t\t<div class=\"elementor-element elementor-element-71c954b elementor-widget elementor-widget-elementskit-simple-tab\" data-id=\"71c954b\" data-element_type=\"widget\" data-e-type=\"widget\" data-settings=\"{&quot;ekit_we_effect_on&quot;:&quot;none&quot;}\" data-widget_type=\"elementskit-simple-tab.default\">\n\t\t\t\t<div class=\"elementor-widget-container\">\n\t\t\t\t\t<div class=\"ekit-wid-con\" >        <div class=\"elementkit-tab-wraper\">\n            <ul class=\"nav nav-tabs elementkit-tab-nav  elementskit-fullwidth-tab\">\n                                    <li class=\"elementkit-nav-item elementor-repeater-item-d0363a9\">\n                        <a class=\"elementkit-nav-link  active show left-pos\" id=\"content-d0363a969f024d4cf357-tab\" data-ekit-handler-id=\"product-info\" data-ekit-toggle=\"tab\" data-target=\"#content-d0363a969f024d4cf357\" href=\"#Content-d0363a969f024d4cf357\"\n                            data-ekit-toggle-trigger=\"click\"\n                            aria-describedby=\"Content-d0363a969f024d4cf357\">\n                            <span class=\"elementskit-tab-icon\"><\/span>                            <span class=\"elementskit-tab-title\">Informacje o Produkcie<\/span>\n                        <\/a>\n                    <\/li>\n                                        <li class=\"elementkit-nav-item elementor-repeater-item-9b61f69\">\n                        <a class=\"elementkit-nav-link  left-pos\" id=\"content-9b61f6969f024d4cf357-tab\" data-ekit-handler-id=\"how-to-use\" data-ekit-toggle=\"tab\" data-target=\"#content-9b61f6969f024d4cf357\" href=\"#Content-9b61f6969f024d4cf357\"\n                            data-ekit-toggle-trigger=\"click\"\n                            aria-describedby=\"Content-9b61f6969f024d4cf357\">\n                            <span class=\"elementskit-tab-icon\"><\/span>                            <span class=\"elementskit-tab-title\">Instrukcja U\u017cycia<\/span>\n                        <\/a>\n                    <\/li>\n                                        <li class=\"elementkit-nav-item elementor-repeater-item-23affad\">\n                        <a class=\"elementkit-nav-link  left-pos\" id=\"content-23affad69f024d4cf357-tab\" data-ekit-handler-id=\"sizes-codes\" data-ekit-toggle=\"tab\" data-target=\"#content-23affad69f024d4cf357\" href=\"#Content-23affad69f024d4cf357\"\n                            data-ekit-toggle-trigger=\"click\"\n                            aria-describedby=\"Content-23affad69f024d4cf357\">\n                            <span class=\"elementskit-tab-icon\"><\/span>                            <span class=\"elementskit-tab-title\">Rozmiary i Kody<\/span>\n                        <\/a>\n                    <\/li>\n                                        <li class=\"elementkit-nav-item elementor-repeater-item-d47433d\">\n                        <a class=\"elementkit-nav-link  left-pos\" id=\"content-d47433d69f024d4cf357-tab\" data-ekit-handler-id=\"downloads\" data-ekit-toggle=\"tab\" data-target=\"#content-d47433d69f024d4cf357\" href=\"#Content-d47433d69f024d4cf357\"\n                            data-ekit-toggle-trigger=\"click\"\n                            aria-describedby=\"Content-d47433d69f024d4cf357\">\n                            <span class=\"elementskit-tab-icon\"><\/span>                            <span class=\"elementskit-tab-title\">Pobieranie<\/span>\n                        <\/a>\n                    <\/li>\n                                <\/ul>\n\n            <div class=\"tab-content elementkit-tab-content\">\n                                    <div class=\"tab-pane elementkit-tab-pane elementor-repeater-item-d0363a9  active show\" id=\"content-d0363a969f024d4cf357\" role=\"tabpanel\"\n                         aria-labelledby=\"content-d0363a969f024d4cf357-tab\">\n                        <div class=\"animated fadeIn\">\n                            <h3>Informacje o Produkcie<\/h3>\t\t<div data-elementor-type=\"section\" data-elementor-id=\"8585\" class=\"elementor elementor-8585\" data-elementor-post-type=\"elementor_library\">\n\t\t\t\t\t<section class=\"elementor-section elementor-top-section elementor-element elementor-element-3c9a5a4 elementor-section-boxed elementor-section-height-default elementor-section-height-default qodef-elementor-content-no\" data-id=\"3c9a5a4\" data-element_type=\"section\" data-e-type=\"section\" data-settings=\"{&quot;ekit_has_onepagescroll_dot&quot;:&quot;yes&quot;}\">\n\t\t\t\t\t\t<div class=\"elementor-container elementor-column-gap-default\">\n\t\t\t\t\t<div class=\"elementor-column elementor-col-100 elementor-top-column elementor-element elementor-element-8fd3e15\" data-id=\"8fd3e15\" data-element_type=\"column\" data-e-type=\"column\">\n\t\t\t<div class=\"elementor-widget-wrap elementor-element-populated\">\n\t\t\t\t\t\t<div class=\"elementor-element elementor-element-c6fd92e elementor-widget elementor-widget-accordion\" data-id=\"c6fd92e\" data-element_type=\"widget\" data-e-type=\"widget\" data-settings=\"{&quot;ekit_we_effect_on&quot;:&quot;none&quot;}\" data-widget_type=\"accordion.default\">\n\t\t\t\t<div class=\"elementor-widget-container\">\n\t\t\t\t\t\t\t<div class=\"elementor-accordion\">\n\t\t\t\t\t\t\t<div class=\"elementor-accordion-item\">\n\t\t\t\t\t<div id=\"elementor-tab-title-2081\" class=\"elementor-tab-title\" data-tab=\"1\" role=\"button\" aria-controls=\"elementor-tab-content-2081\" aria-expanded=\"false\">\n\t\t\t\t\t\t\t\t\t\t\t\t\t<span class=\"elementor-accordion-icon elementor-accordion-icon-left\" aria-hidden=\"true\">\n\t\t\t\t\t\t\t\t\t\t\t\t\t\t\t<span class=\"elementor-accordion-icon-closed\"><i class=\"fas fa-plus\"><\/i><\/span>\n\t\t\t\t\t\t\t\t<span class=\"elementor-accordion-icon-opened\"><i class=\"fas fa-minus\"><\/i><\/span>\n\t\t\t\t\t\t\t\t\t\t\t\t\t\t<\/span>\n\t\t\t\t\t\t\t\t\t\t\t\t<a class=\"elementor-accordion-title\" tabindex=\"0\">Opis<\/a>\n\t\t\t\t\t<\/div>\n\t\t\t\t\t<div id=\"elementor-tab-content-2081\" class=\"elementor-tab-content elementor-clearfix\" data-tab=\"1\" role=\"region\" aria-labelledby=\"elementor-tab-title-2081\"><div class=\"su-spoiler-content su-u-clearfix su-u-trim\">\n<p><span style=\"font-size: medium\"><b>Cure-Aid \u00ae POVI<\/b> jest to pakowany pojedynczo opatrunek samoprzylepny pierwszej pomocy z gazikiem wch\u0142aniaj\u0105cym, wykonany zr\u00f3\u017cnych materia\u0142\u00f3w podporowych, takich jak warstwa z polietylenu, warstwa z poliuretanu, <\/span><span style=\"font-size: medium\">Plastry mog by wykonane z rnych materia?w, takich jak warstwa polietylenowa, warstwa poliuretanowa, sztywny materia, elastyczny materia, elastyczny materia niepleciony, sztywny materia niepleciony, pianka PE, pianka PE z nadrukiem dla dzieci. <\/span><span style=\"font-size: medium\">PharmaPOVIto podstawowy, niepleciony opatrunek filcowy laminowany gaz impregnowan jodem; cay opatrunek jest jednoczenie laminowany siatk polietylenow penic rol nieprzywierajcej warstwy kontaktowej. <\/span><span style=\"font-size: medium\">sztywna tkanina, elastyczna tkanina,elastyczna tkanina non-woven, sztywna tkanina non-woven, pianka PE, drukowana warstwa PE z obrazkami dzieci\u0119cymi.<\/span><\/p>\n<\/div>\n<\/div>\n\t\t\t\t<\/div>\n\t\t\t\t\t\t\t<div class=\"elementor-accordion-item\">\n\t\t\t\t\t<div id=\"elementor-tab-title-2082\" class=\"elementor-tab-title\" data-tab=\"2\" role=\"button\" aria-controls=\"elementor-tab-content-2082\" aria-expanded=\"false\">\n\t\t\t\t\t\t\t\t\t\t\t\t\t<span class=\"elementor-accordion-icon elementor-accordion-icon-left\" aria-hidden=\"true\">\n\t\t\t\t\t\t\t\t\t\t\t\t\t\t\t<span class=\"elementor-accordion-icon-closed\"><i class=\"fas fa-plus\"><\/i><\/span>\n\t\t\t\t\t\t\t\t<span class=\"elementor-accordion-icon-opened\"><i class=\"fas fa-minus\"><\/i><\/span>\n\t\t\t\t\t\t\t\t\t\t\t\t\t\t<\/span>\n\t\t\t\t\t\t\t\t\t\t\t\t<a class=\"elementor-accordion-title\" tabindex=\"0\">W\u0142a\u015bciwo\u015bci<\/a>\n\t\t\t\t\t<\/div>\n\t\t\t\t\t<div id=\"elementor-tab-content-2082\" class=\"elementor-tab-content elementor-clearfix\" data-tab=\"2\" role=\"region\" aria-labelledby=\"elementor-tab-title-2082\"><div class=\"su-spoiler-content su-u-clearfix su-u-trim\">\n<p><span style=\"font-size: medium\"><b>1- <\/b><b>Antybakteryjne: <\/b><\/span><\/p>\n<ul>\n<li><span style=\"font-size: medium\">Due to the presence of iodine, <strong>Cure-Aid \u00ae <\/strong><b>POVI <\/b>has a strong antimicrobial activity, so its ideal for protecting the wound, even if infected.<\/span><\/li>\n<li><span style=\"font-size: medium\">Wi\u0119kszo\u015b\u0107 mikroorganizm\u00f3w nie wykazuje odporno\u015bci ani tolerancji na jod PVP-J.<\/span><\/li>\n<\/ul>\n<p><span style=\"font-size: medium\"><b>2- <\/b><b>Bezpieczna: <\/b><\/span><\/p>\n<p style=\"padding-left: 30px\" class=\"translation-block\"><span style=\"font-size: medium\">W przeciwie\u0144stwie do innych impregnowanych jodem opatrunk\u00f3w z gazy dost\u0119pnych na rynku, <strong>Cure-Aid POVI<\/strong> nie jest cytotoksyczny, nie podra\u017cnia i nie uczula,<\/span><\/p>\n<p style=\"padding-left: 30px\"><span style=\"font-size: medium\"><strong>Cure-Aid \u00ae <\/strong><b>POVI<\/b>\u00a0Produkt zosta\u0142 specjalnie zaprojektowany, aby umo\u017cliwi\u0107 dotarcie kontrolowanych ilo\u015bci jodu do \u0142o\u017cyska rany w celu zapobie\u017cenia cytotoksyczno\u015bci.<\/span><\/p>\n<p><span style=\"font-size: medium\"><b>3- <\/b><b>Absorbent: <\/b><\/span><\/p>\n<p style=\"padding-left: 30px\"><span style=\"font-size: medium\"><strong>Cure-Aid \u00ae <\/strong><b>POVI<\/b> ma t\u0119 przewag\u0119 nad nieprzywieraj\u0105c\u0105 gaz\u0105 impregnowan\u0105 jodem na rynku, \u017ce nie wymaga wt\u00f3rnego opatrunku ch\u0142onnego, poniewa\u017c zawiera ch\u0142onny filc laminowany do warstwa zawieraj\u0105ca jod.<\/span><\/span><\/p>\n<p><span style=\"font-size: medium\"><b>4- Nieprzestrzegaj\u0105cy:<\/b><\/span><\/p>\n<p style=\"padding-left: 30px\"><span style=\"font-size: medium\">Obecno\u015b\u0107 ma\u015bci na bazie PEG wraz z siatk\u0105 PE jako warstw\u0105 kontaktow\u0105 sprawia, \u017ce opatrunek nie przylega, dzi\u0119ki czemu mo\u017cna go \u0142atwo usun\u0105\u0107 bez b\u00f3lu i uraz\u00f3w.<\/span><\/p>\n<\/div>\n<\/div>\n\t\t\t\t<\/div>\n\t\t\t\t\t\t\t<div class=\"elementor-accordion-item\">\n\t\t\t\t\t<div id=\"elementor-tab-title-2083\" class=\"elementor-tab-title\" data-tab=\"3\" role=\"button\" aria-controls=\"elementor-tab-content-2083\" aria-expanded=\"false\">\n\t\t\t\t\t\t\t\t\t\t\t\t\t<span class=\"elementor-accordion-icon elementor-accordion-icon-left\" aria-hidden=\"true\">\n\t\t\t\t\t\t\t\t\t\t\t\t\t\t\t<span class=\"elementor-accordion-icon-closed\"><i class=\"fas fa-plus\"><\/i><\/span>\n\t\t\t\t\t\t\t\t<span class=\"elementor-accordion-icon-opened\"><i class=\"fas fa-minus\"><\/i><\/span>\n\t\t\t\t\t\t\t\t\t\t\t\t\t\t<\/span>\n\t\t\t\t\t\t\t\t\t\t\t\t<a class=\"elementor-accordion-title\" tabindex=\"0\">Przeznaczenie<\/a>\n\t\t\t\t\t<\/div>\n\t\t\t\t\t<div id=\"elementor-tab-content-2083\" class=\"elementor-tab-content elementor-clearfix\" data-tab=\"3\" role=\"region\" aria-labelledby=\"elementor-tab-title-2083\"><div class=\"su-spoiler-content su-u-clearfix su-u-trim\">\n<p><span style=\"font-size: medium\"><span style=\"font-size: medium\">zapobieganie zakaeniom w przypadku zadrapa i drobnych rozci skry.<\/span><\/span><\/p>\n<\/div>\n<\/div>\n\t\t\t\t<\/div>\n\t\t\t\t\t\t\t<div class=\"elementor-accordion-item\">\n\t\t\t\t\t<div id=\"elementor-tab-title-2084\" class=\"elementor-tab-title\" data-tab=\"4\" role=\"button\" aria-controls=\"elementor-tab-content-2084\" aria-expanded=\"false\">\n\t\t\t\t\t\t\t\t\t\t\t\t\t<span class=\"elementor-accordion-icon elementor-accordion-icon-left\" aria-hidden=\"true\">\n\t\t\t\t\t\t\t\t\t\t\t\t\t\t\t<span class=\"elementor-accordion-icon-closed\"><i class=\"fas fa-plus\"><\/i><\/span>\n\t\t\t\t\t\t\t\t<span class=\"elementor-accordion-icon-opened\"><i class=\"fas fa-minus\"><\/i><\/span>\n\t\t\t\t\t\t\t\t\t\t\t\t\t\t<\/span>\n\t\t\t\t\t\t\t\t\t\t\t\t<a class=\"elementor-accordion-title\" tabindex=\"0\">Przeciwwskazania<\/a>\n\t\t\t\t\t<\/div>\n\t\t\t\t\t<div id=\"elementor-tab-content-2084\" class=\"elementor-tab-content elementor-clearfix\" data-tab=\"4\" role=\"region\" aria-labelledby=\"elementor-tab-title-2084\"><div class=\"su-spoiler-content su-u-clearfix su-u-trim\">\n<ol>\n<li><span style=\"font-size: medium\">Nie stosowa\u0107 opatrunk\u00f3w zawieraj\u0105cych jod PVP-J w przypadku pacjent\u00f3w wra\u017cliwych na jod lub kt\u00f3ry\u015b z pozosta\u0142ych sk\u0142adnik\u00f3w opatrunku.<\/span><\/li>\n<li><span style=\"font-size: medium\">Nie stosowa\u0107 przed i po leczeniu radiojodem.<\/span><\/li>\n<li><span style=\"font-size: medium\">Nie stosowa\u0107 w leczeniu schorze\u0144 nerkowych.<\/span><\/li>\n<li><span style=\"font-size: medium\">Nie stosowa\u0107 w okresie ci\u0105\u017cy i karmienia piersi\u0105.<\/span><\/li>\n<\/ol>\n<\/div>\n<\/div>\n\t\t\t\t<\/div>\n\t\t\t\t\t\t\t<div class=\"elementor-accordion-item\">\n\t\t\t\t\t<div id=\"elementor-tab-title-2085\" class=\"elementor-tab-title\" data-tab=\"5\" role=\"button\" aria-controls=\"elementor-tab-content-2085\" aria-expanded=\"false\">\n\t\t\t\t\t\t\t\t\t\t\t\t\t<span class=\"elementor-accordion-icon elementor-accordion-icon-left\" aria-hidden=\"true\">\n\t\t\t\t\t\t\t\t\t\t\t\t\t\t\t<span class=\"elementor-accordion-icon-closed\"><i class=\"fas fa-plus\"><\/i><\/span>\n\t\t\t\t\t\t\t\t<span class=\"elementor-accordion-icon-opened\"><i class=\"fas fa-minus\"><\/i><\/span>\n\t\t\t\t\t\t\t\t\t\t\t\t\t\t<\/span>\n\t\t\t\t\t\t\t\t\t\t\t\t<a class=\"elementor-accordion-title\" tabindex=\"0\">\u015arodki ostro\u017cno\u015bci<\/a>\n\t\t\t\t\t<\/div>\n\t\t\t\t\t<div id=\"elementor-tab-content-2085\" class=\"elementor-tab-content elementor-clearfix\" data-tab=\"5\" role=\"region\" aria-labelledby=\"elementor-tab-title-2085\"><\/div>\n\t\t\t\t<\/div>\n\t\t\t\t\t\t\t<div class=\"elementor-accordion-item\">\n\t\t\t\t\t<div id=\"elementor-tab-title-2086\" class=\"elementor-tab-title\" data-tab=\"6\" role=\"button\" aria-controls=\"elementor-tab-content-2086\" aria-expanded=\"false\">\n\t\t\t\t\t\t\t\t\t\t\t\t\t<span class=\"elementor-accordion-icon elementor-accordion-icon-left\" aria-hidden=\"true\">\n\t\t\t\t\t\t\t\t\t\t\t\t\t\t\t<span class=\"elementor-accordion-icon-closed\"><i class=\"fas fa-plus\"><\/i><\/span>\n\t\t\t\t\t\t\t\t<span class=\"elementor-accordion-icon-opened\"><i class=\"fas fa-minus\"><\/i><\/span>\n\t\t\t\t\t\t\t\t\t\t\t\t\t\t<\/span>\n\t\t\t\t\t\t\t\t\t\t\t\t<a class=\"elementor-accordion-title\" tabindex=\"0\">schemat warstw<\/a>\n\t\t\t\t\t<\/div>\n\t\t\t\t\t<div id=\"elementor-tab-content-2086\" class=\"elementor-tab-content elementor-clearfix\" data-tab=\"6\" role=\"region\" aria-labelledby=\"elementor-tab-title-2086\"><\/div>\n\t\t\t\t<\/div>\n\t\t\t\t\t\t\t<div class=\"elementor-accordion-item\">\n\t\t\t\t\t<div id=\"elementor-tab-title-2087\" class=\"elementor-tab-title\" data-tab=\"7\" role=\"button\" aria-controls=\"elementor-tab-content-2087\" aria-expanded=\"false\">\n\t\t\t\t\t\t\t\t\t\t\t\t\t<span class=\"elementor-accordion-icon elementor-accordion-icon-left\" aria-hidden=\"true\">\n\t\t\t\t\t\t\t\t\t\t\t\t\t\t\t<span class=\"elementor-accordion-icon-closed\"><i class=\"fas fa-plus\"><\/i><\/span>\n\t\t\t\t\t\t\t\t<span class=\"elementor-accordion-icon-opened\"><i class=\"fas fa-minus\"><\/i><\/span>\n\t\t\t\t\t\t\t\t\t\t\t\t\t\t<\/span>\n\t\t\t\t\t\t\t\t\t\t\t\t<a class=\"elementor-accordion-title\" tabindex=\"0\">Cz\u0119stotliwo\u015b\u0107 zmiany opatrunku<\/a>\n\t\t\t\t\t<\/div>\n\t\t\t\t\t<div id=\"elementor-tab-content-2087\" class=\"elementor-tab-content elementor-clearfix\" data-tab=\"7\" role=\"region\" aria-labelledby=\"elementor-tab-title-2087\"><div class=\"su-spoiler-content su-u-clearfix su-u-trim\">\n<p><span style=\"font-size: medium\">If large quantities of exudates are produced, daily changes will be probably required; but if the wound is relatively dry, the interval between changes may extend. <\/span><span style=\"font-size: medium\">Fading of dressing color indicates loss of antiseptic efficacy.<\/span><\/p>\n<\/div>\n<\/div>\n\t\t\t\t<\/div>\n\t\t\t\t\t\t\t<div class=\"elementor-accordion-item\">\n\t\t\t\t\t<div id=\"elementor-tab-title-2088\" class=\"elementor-tab-title\" data-tab=\"8\" role=\"button\" aria-controls=\"elementor-tab-content-2088\" aria-expanded=\"false\">\n\t\t\t\t\t\t\t\t\t\t\t\t\t<span class=\"elementor-accordion-icon elementor-accordion-icon-left\" aria-hidden=\"true\">\n\t\t\t\t\t\t\t\t\t\t\t\t\t\t\t<span class=\"elementor-accordion-icon-closed\"><i class=\"fas fa-plus\"><\/i><\/span>\n\t\t\t\t\t\t\t\t<span class=\"elementor-accordion-icon-opened\"><i class=\"fas fa-minus\"><\/i><\/span>\n\t\t\t\t\t\t\t\t\t\t\t\t\t\t<\/span>\n\t\t\t\t\t\t\t\t\t\t\t\t<a class=\"elementor-accordion-title\" tabindex=\"0\">Jak to dzia\u0142a?<\/a>\n\t\t\t\t\t<\/div>\n\t\t\t\t\t<div id=\"elementor-tab-content-2088\" class=\"elementor-tab-content elementor-clearfix\" data-tab=\"8\" role=\"region\" aria-labelledby=\"elementor-tab-title-2088\"><\/div>\n\t\t\t\t<\/div>\n\t\t\t\t\t\t\t<div class=\"elementor-accordion-item\">\n\t\t\t\t\t<div id=\"elementor-tab-title-2089\" class=\"elementor-tab-title\" data-tab=\"9\" role=\"button\" aria-controls=\"elementor-tab-content-2089\" aria-expanded=\"false\">\n\t\t\t\t\t\t\t\t\t\t\t\t\t<span class=\"elementor-accordion-icon elementor-accordion-icon-left\" aria-hidden=\"true\">\n\t\t\t\t\t\t\t\t\t\t\t\t\t\t\t<span class=\"elementor-accordion-icon-closed\"><i class=\"fas fa-plus\"><\/i><\/span>\n\t\t\t\t\t\t\t\t<span class=\"elementor-accordion-icon-opened\"><i class=\"fas fa-minus\"><\/i><\/span>\n\t\t\t\t\t\t\t\t\t\t\t\t\t\t<\/span>\n\t\t\t\t\t\t\t\t\t\t\t\t<a class=\"elementor-accordion-title\" tabindex=\"0\">Okres przechowywania<\/a>\n\t\t\t\t\t<\/div>\n\t\t\t\t\t<div id=\"elementor-tab-content-2089\" class=\"elementor-tab-content elementor-clearfix\" data-tab=\"9\" role=\"region\" aria-labelledby=\"elementor-tab-title-2089\"><\/div>\n\t\t\t\t<\/div>\n\t\t\t\t\t\t\t\t<\/div>\n\t\t\t\t\t\t<\/div>\n\t\t\t\t<\/div>\n\t\t\t\t\t<\/div>\n\t\t<\/div>\n\t\t\t\t\t<\/div>\n\t\t<\/section>\n\t\t\t\t<\/div>\n\t\t                        <\/div>\n                    <\/div>\n                                    <div class=\"tab-pane elementkit-tab-pane elementor-repeater-item-9b61f69\" id=\"content-9b61f6969f024d4cf357\" role=\"tabpanel\"\n                         aria-labelledby=\"content-9b61f6969f024d4cf357-tab\">\n                        <div class=\"animated fadeIn\">\n                            <p class=\"translation-block\"><p><img class=\"aligncenter\" src=\"https:\/\/pharmaplast-online.net\/wp-content\/uploads\/Wound_Care\/how_to_use\/Pl\/Cure-Aid_POVI.png \" alt=\"\"><\/p>\n<ol>\n<li><span style=\"font-size: medium\">Otworzy opakowanie i naoy opatrunek na ran, przestrzegajc zasad aseptyki. <\/span><\/li>\n<li><span style=\"font-size: medium\">Opatrunek PharmaPOVImona nakada bez dodatkowego opatrunku mocujcego.<\/span><\/li>\n<\/ol><\/li><\/p>                        <\/div>\n                    <\/div>\n                                    <div class=\"tab-pane elementkit-tab-pane elementor-repeater-item-23affad\" id=\"content-23affad69f024d4cf357\" role=\"tabpanel\"\n                         aria-labelledby=\"content-23affad69f024d4cf357-tab\">\n                        <div class=\"animated fadeIn\">\n                            <p>\u00a0<\/p><table><tbody><tr><td width=\"222\"><p><strong><em>Cure-aid\u00ae POVI <\/em><\/strong><\/p><\/td><td width=\"125\"><p><strong>Size<\/strong><\/p><\/td><td width=\"97\"><p><strong>Pieces\/Case<\/strong><\/p><\/td><td width=\"86\"><p><strong>Boxes\/Case <\/strong><\/p><\/td><\/tr><tr><td width=\"222\"><p>CUREPOVI938<\/p><\/td><td width=\"125\"><p>9 mm x 38 mm<\/p><\/td><td width=\"97\"><p>200<\/p><\/td><td width=\"86\"><p>60<\/p><\/td><\/tr><tr><td width=\"222\"><p>CUREPOVI1938<\/p><\/td><td width=\"125\"><p>19 mm x 38 mm<\/p><\/td><td width=\"97\"><p>100<\/p><\/td><td width=\"86\"><p>60<\/p><\/td><\/tr><tr><td width=\"222\"><p>CUREPOVI1963<\/p><\/td><td width=\"125\"><p>19 mm x 63 mm<\/p><\/td><td width=\"97\"><p>100<\/p><\/td><td width=\"86\"><p>60<\/p><\/td><\/tr><tr><td width=\"222\"><p>CUREPOVI1972<\/p><\/td><td width=\"125\"><p>19 mm x 72 mm<\/p><\/td><td width=\"97\"><p>100<\/p><\/td><td width=\"86\"><p>60<\/p><\/td><\/tr><tr><td width=\"222\"><p>CUREPOVI2572<\/p><\/td><td width=\"125\"><p>25 mm x 72 mm<\/p><\/td><td width=\"97\"><p>100<\/p><\/td><td width=\"86\"><p>60<\/p><\/td><\/tr><tr><td width=\"222\"><p>CUREPOVI25<\/p><\/td><td width=\"125\"><p>spot 25 mm<\/p><\/td><td width=\"97\"><p>100<\/p><\/td><td width=\"86\"><p>192<\/p><\/td><\/tr><tr><td width=\"222\"><p>CUREPOVI2525<\/p><\/td><td width=\"125\"><p>25 mm x 25 mm<\/p><\/td><td width=\"97\"><p>200<\/p><\/td><td width=\"86\"><p>60<\/p><\/td><\/tr><tr><td width=\"222\"><p>CUREPOVI5072<\/p><\/td><td width=\"125\"><p>50 mm x 72 mm<\/p><\/td><td width=\"97\"><p>50<\/p><\/td><td width=\"86\"><p>60<\/p><\/td><\/tr><\/tbody><\/table><p>Inne rozmiary s\u0105 dost\u0119pne na zam\u00f3wienie.<\/p><p><img decoding=\"async\" class=\"aligncenter\" src=\"https:\/\/pharmaplast-online.net\/wp-content\/uploads\/Wound_Care\/how_to_use\/En\/Cure-Aid_POVI.png \" alt=\"\" \/><\/p>                        <\/div>\n                    <\/div>\n                                    <div class=\"tab-pane elementkit-tab-pane elementor-repeater-item-d47433d\" id=\"content-d47433d69f024d4cf357\" role=\"tabpanel\"\n                         aria-labelledby=\"content-d47433d69f024d4cf357-tab\">\n                        <div class=\"animated fadeIn\">\n                            <p><a href=\"https:\/\/pharmaplast-online.net\/wp-content\/uploads\/2024\/11\/Vilowond-Povi-Family-brochure-issue-4-17012022.pdf\">Vilowond Povi Family Brochure<\/a><\/p><p><img decoding=\"async\" class=\"alignnone wp-image-17145\" src=\"https:\/\/pharmaplast-online.net\/wp-content\/uploads\/2024\/10\/pdf_4726010-300x300.png\" alt=\"\" width=\"46\" height=\"46\" srcset=\"https:\/\/pharmaplast-online.net\/wp-content\/uploads\/2024\/10\/pdf_4726010-300x300.png 300w, https:\/\/pharmaplast-online.net\/wp-content\/uploads\/2024\/10\/pdf_4726010-150x150.png 150w, https:\/\/pharmaplast-online.net\/wp-content\/uploads\/2024\/10\/pdf_4726010-12x12.png 12w, https:\/\/pharmaplast-online.net\/wp-content\/uploads\/2024\/10\/pdf_4726010-24x24.png 24w, https:\/\/pharmaplast-online.net\/wp-content\/uploads\/2024\/10\/pdf_4726010-36x36.png 36w, https:\/\/pharmaplast-online.net\/wp-content\/uploads\/2024\/10\/pdf_4726010-48x48.png 48w, https:\/\/pharmaplast-online.net\/wp-content\/uploads\/2024\/10\/pdf_4726010-100x100.png 100w, https:\/\/pharmaplast-online.net\/wp-content\/uploads\/2024\/10\/pdf_4726010.png 512w\" sizes=\"(max-width: 46px) 100vw, 46px\" \/><\/p>                        <\/div>\n                    <\/div>\n                                \n            <\/div>\n                    <\/div>\n    <\/div>\t\t\t\t<\/div>\n\t\t\t\t<\/div>\n\t\t\t\t\t<\/div>\n\t\t<\/div>\n\t\t\t\t\t<\/div>\n\t\t<\/section>\n\t\t\t\t<\/div>","protected":false},"excerpt":{"rendered":"<p>Antimicrobial Adhesive Bandage with Povidone Iodine<\/p>","protected":false},"featured_media":9798,"comment_status":"open","ping_status":"closed","template":"","meta":[],"product_brand":[],"product_cat":[325,326,329],"product_tag":[],"class_list":{"0":"post-8148","1":"product","2":"type-product","3":"status-publish","4":"has-post-thumbnail","6":"product_cat-first-aid-bandages","7":"product_cat-individually-wrapped-plasters","8":"product_cat-povi-pad","9":"new","11":"first","12":"instock","13":"shipping-taxable","14":"product-type-simple"},"acf":[],"_links":{"self":[{"href":"https:\/\/pharmaplast-online.net\/pl\/wp-json\/wp\/v2\/product\/8148","targetHints":{"allow":["GET"]}}],"collection":[{"href":"https:\/\/pharmaplast-online.net\/pl\/wp-json\/wp\/v2\/product"}],"about":[{"href":"https:\/\/pharmaplast-online.net\/pl\/wp-json\/wp\/v2\/types\/product"}],"replies":[{"embeddable":true,"href":"https:\/\/pharmaplast-online.net\/pl\/wp-json\/wp\/v2\/comments?post=8148"}],"version-history":[{"count":26,"href":"https:\/\/pharmaplast-online.net\/pl\/wp-json\/wp\/v2\/product\/8148\/revisions"}],"predecessor-version":[{"id":18452,"href":"https:\/\/pharmaplast-online.net\/pl\/wp-json\/wp\/v2\/product\/8148\/revisions\/18452"}],"wp:featuredmedia":[{"embeddable":true,"href":"https:\/\/pharmaplast-online.net\/pl\/wp-json\/wp\/v2\/media\/9798"}],"wp:attachment":[{"href":"https:\/\/pharmaplast-online.net\/pl\/wp-json\/wp\/v2\/media?parent=8148"}],"wp:term":[{"taxonomy":"product_brand","embeddable":true,"href":"https:\/\/pharmaplast-online.net\/pl\/wp-json\/wp\/v2\/product_brand?post=8148"},{"taxonomy":"product_cat","embeddable":true,"href":"https:\/\/pharmaplast-online.net\/pl\/wp-json\/wp\/v2\/product_cat?post=8148"},{"taxonomy":"product_tag","embeddable":true,"href":"https:\/\/pharmaplast-online.net\/pl\/wp-json\/wp\/v2\/product_tag?post=8148"}],"curies":[{"name":"wp","href":"https:\/\/api.w.org\/{rel}","templated":true}]}}