{"id":11105,"date":"2023-02-28T14:25:21","date_gmt":"2023-02-28T14:25:21","guid":{"rendered":"https:\/\/pharmaplast.mediagate-egy.com\/?post_type=product&#038;p=11105"},"modified":"2026-04-15T09:31:39","modified_gmt":"2026-04-15T09:31:39","slug":"espuma-gentle-transfer-2","status":"publish","type":"product","link":"https:\/\/pharmaplast-online.net\/pt\/produto\/espuma-gentle-transfer-2\/","title":{"rendered":"ESPUMA\u00ae Gentle Transfer"},"content":{"rendered":"<div data-elementor-type=\"product-post\" data-elementor-id=\"11105\" class=\"elementor elementor-11105\" data-elementor-post-type=\"product\">\n\t\t\t\t\t\t<section class=\"elementor-section elementor-top-section elementor-element elementor-element-3f6c169 elementor-section-boxed elementor-section-height-default elementor-section-height-default qodef-elementor-content-no\" data-id=\"3f6c169\" data-element_type=\"section\" data-e-type=\"section\" data-settings=\"{&quot;ekit_has_onepagescroll_dot&quot;:&quot;yes&quot;}\">\n\t\t\t\t\t\t<div class=\"elementor-container elementor-column-gap-default\">\n\t\t\t\t\t<div class=\"elementor-column elementor-col-100 elementor-top-column elementor-element elementor-element-8213c36\" data-id=\"8213c36\" data-element_type=\"column\" data-e-type=\"column\">\n\t\t\t<div class=\"elementor-widget-wrap elementor-element-populated\">\n\t\t\t\t\t\t<div class=\"elementor-element elementor-element-a5f9dc3 elementor-widget elementor-widget-elementskit-simple-tab\" data-id=\"a5f9dc3\" data-element_type=\"widget\" data-e-type=\"widget\" data-settings=\"{&quot;ekit_we_effect_on&quot;:&quot;none&quot;}\" data-widget_type=\"elementskit-simple-tab.default\">\n\t\t\t\t<div class=\"elementor-widget-container\">\n\t\t\t\t\t<div class=\"ekit-wid-con\" >        <div class=\"elementkit-tab-wraper\">\n            <ul class=\"nav nav-tabs elementkit-tab-nav  elementskit-fullwidth-tab\">\n                                    <li class=\"elementkit-nav-item elementor-repeater-item-d0363a9\">\n                        <a class=\"elementkit-nav-link  active show left-pos\" id=\"content-d0363a969eb0a03f28ec-tab\" data-ekit-handler-id=\"product-info\" data-ekit-toggle=\"tab\" data-target=\"#content-d0363a969eb0a03f28ec\" href=\"#Content-d0363a969eb0a03f28ec\"\n                            data-ekit-toggle-trigger=\"click\"\n                            aria-describedby=\"Content-d0363a969eb0a03f28ec\">\n                            <span class=\"elementskit-tab-icon\"><\/span>                            <span class=\"elementskit-tab-title\">Informa\u00e7\u00f5es Sobre o Produto<\/span>\n                        <\/a>\n                    <\/li>\n                                        <li class=\"elementkit-nav-item elementor-repeater-item-9b61f69\">\n                        <a class=\"elementkit-nav-link  left-pos\" id=\"content-9b61f6969eb0a03f28ec-tab\" data-ekit-handler-id=\"how-to-use\" data-ekit-toggle=\"tab\" data-target=\"#content-9b61f6969eb0a03f28ec\" href=\"#Content-9b61f6969eb0a03f28ec\"\n                            data-ekit-toggle-trigger=\"click\"\n                            aria-describedby=\"Content-9b61f6969eb0a03f28ec\">\n                            <span class=\"elementskit-tab-icon\"><\/span>                            <span class=\"elementskit-tab-title\">Instru\u00e7\u00f5es de utiliza\u00e7\u00e3o<\/span>\n                        <\/a>\n                    <\/li>\n                                        <li class=\"elementkit-nav-item elementor-repeater-item-23affad\">\n                        <a class=\"elementkit-nav-link  left-pos\" id=\"content-23affad69eb0a03f28ec-tab\" data-ekit-handler-id=\"sizes-codes\" data-ekit-toggle=\"tab\" data-target=\"#content-23affad69eb0a03f28ec\" href=\"#Content-23affad69eb0a03f28ec\"\n                            data-ekit-toggle-trigger=\"click\"\n                            aria-describedby=\"Content-23affad69eb0a03f28ec\">\n                            <span class=\"elementskit-tab-icon\"><\/span>                            <span class=\"elementskit-tab-title\">Tamanhos e C\u00f3digos<\/span>\n                        <\/a>\n                    <\/li>\n                                        <li class=\"elementkit-nav-item elementor-repeater-item-9882644\">\n                        <a class=\"elementkit-nav-link  left-pos\" id=\"content-988264469eb0a03f28ec-tab\" data-ekit-handler-id=\"downloads\" data-ekit-toggle=\"tab\" data-target=\"#content-988264469eb0a03f28ec\" href=\"#Content-988264469eb0a03f28ec\"\n                            data-ekit-toggle-trigger=\"click\"\n                            aria-describedby=\"Content-988264469eb0a03f28ec\">\n                            <span class=\"elementskit-tab-icon\"><\/span>                            <span class=\"elementskit-tab-title\">downloads<\/span>\n                        <\/a>\n                    <\/li>\n                                <\/ul>\n\n            <div class=\"tab-content elementkit-tab-content\">\n                                    <div class=\"tab-pane elementkit-tab-pane elementor-repeater-item-d0363a9  active show\" id=\"content-d0363a969eb0a03f28ec\" role=\"tabpanel\"\n                         aria-labelledby=\"content-d0363a969eb0a03f28ec-tab\">\n                        <div class=\"animated fadeIn\">\n                            <h3>Informa\u00e7\u00f5es Sobre o Produto<\/h3>\t\t<div data-elementor-type=\"section\" data-elementor-id=\"8585\" class=\"elementor elementor-8585\" data-elementor-post-type=\"elementor_library\">\n\t\t\t\t\t<section class=\"elementor-section elementor-top-section elementor-element elementor-element-3c9a5a4 elementor-section-boxed elementor-section-height-default elementor-section-height-default qodef-elementor-content-no\" data-id=\"3c9a5a4\" data-element_type=\"section\" data-e-type=\"section\" data-settings=\"{&quot;ekit_has_onepagescroll_dot&quot;:&quot;yes&quot;}\">\n\t\t\t\t\t\t<div class=\"elementor-container elementor-column-gap-default\">\n\t\t\t\t\t<div class=\"elementor-column elementor-col-100 elementor-top-column elementor-element elementor-element-8fd3e15\" data-id=\"8fd3e15\" data-element_type=\"column\" data-e-type=\"column\">\n\t\t\t<div class=\"elementor-widget-wrap elementor-element-populated\">\n\t\t\t\t\t\t<div class=\"elementor-element elementor-element-c6fd92e elementor-widget elementor-widget-accordion\" data-id=\"c6fd92e\" data-element_type=\"widget\" data-e-type=\"widget\" data-settings=\"{&quot;ekit_we_effect_on&quot;:&quot;none&quot;}\" data-widget_type=\"accordion.default\">\n\t\t\t\t<div class=\"elementor-widget-container\">\n\t\t\t\t\t\t\t<div class=\"elementor-accordion\">\n\t\t\t\t\t\t\t<div class=\"elementor-accordion-item\">\n\t\t\t\t\t<div id=\"elementor-tab-title-2081\" class=\"elementor-tab-title\" data-tab=\"1\" role=\"button\" aria-controls=\"elementor-tab-content-2081\" aria-expanded=\"false\">\n\t\t\t\t\t\t\t\t\t\t\t\t\t<span class=\"elementor-accordion-icon elementor-accordion-icon-left\" aria-hidden=\"true\">\n\t\t\t\t\t\t\t\t\t\t\t\t\t\t\t<span class=\"elementor-accordion-icon-closed\"><i class=\"fas fa-plus\"><\/i><\/span>\n\t\t\t\t\t\t\t\t<span class=\"elementor-accordion-icon-opened\"><i class=\"fas fa-minus\"><\/i><\/span>\n\t\t\t\t\t\t\t\t\t\t\t\t\t\t<\/span>\n\t\t\t\t\t\t\t\t\t\t\t\t<a class=\"elementor-accordion-title\" tabindex=\"0\">Descri\u00e7\u00e3o:<\/a>\n\t\t\t\t\t<\/div>\n\t\t\t\t\t<div id=\"elementor-tab-content-2081\" class=\"elementor-tab-content elementor-clearfix\" data-tab=\"1\" role=\"region\" aria-labelledby=\"elementor-tab-title-2081\"><p><strong>ESPUMA<\/strong><strong>\u00ae GENTLE TRANSFER <\/strong>is composed of thin polyurethane foam layer, but without polyurethane top sheet, so that the dressing can transfer exudates away from the wound into a secondary absorbent dressing.<\/p>\n<\/div>\n\t\t\t\t<\/div>\n\t\t\t\t\t\t\t<div class=\"elementor-accordion-item\">\n\t\t\t\t\t<div id=\"elementor-tab-title-2082\" class=\"elementor-tab-title\" data-tab=\"2\" role=\"button\" aria-controls=\"elementor-tab-content-2082\" aria-expanded=\"false\">\n\t\t\t\t\t\t\t\t\t\t\t\t\t<span class=\"elementor-accordion-icon elementor-accordion-icon-left\" aria-hidden=\"true\">\n\t\t\t\t\t\t\t\t\t\t\t\t\t\t\t<span class=\"elementor-accordion-icon-closed\"><i class=\"fas fa-plus\"><\/i><\/span>\n\t\t\t\t\t\t\t\t<span class=\"elementor-accordion-icon-opened\"><i class=\"fas fa-minus\"><\/i><\/span>\n\t\t\t\t\t\t\t\t\t\t\t\t\t\t<\/span>\n\t\t\t\t\t\t\t\t\t\t\t\t<a class=\"elementor-accordion-title\" tabindex=\"0\">Caracter\u00edsticas<\/a>\n\t\t\t\t\t<\/div>\n\t\t\t\t\t<div id=\"elementor-tab-content-2082\" class=\"elementor-tab-content elementor-clearfix\" data-tab=\"2\" role=\"region\" aria-labelledby=\"elementor-tab-title-2082\"><p>&nbsp;<\/p>\n<p>&nbsp;<\/p>\n<\/div>\n\t\t\t\t<\/div>\n\t\t\t\t\t\t\t<div class=\"elementor-accordion-item\">\n\t\t\t\t\t<div id=\"elementor-tab-title-2083\" class=\"elementor-tab-title\" data-tab=\"3\" role=\"button\" aria-controls=\"elementor-tab-content-2083\" aria-expanded=\"false\">\n\t\t\t\t\t\t\t\t\t\t\t\t\t<span class=\"elementor-accordion-icon elementor-accordion-icon-left\" aria-hidden=\"true\">\n\t\t\t\t\t\t\t\t\t\t\t\t\t\t\t<span class=\"elementor-accordion-icon-closed\"><i class=\"fas fa-plus\"><\/i><\/span>\n\t\t\t\t\t\t\t\t<span class=\"elementor-accordion-icon-opened\"><i class=\"fas fa-minus\"><\/i><\/span>\n\t\t\t\t\t\t\t\t\t\t\t\t\t\t<\/span>\n\t\t\t\t\t\t\t\t\t\t\t\t<a class=\"elementor-accordion-title\" tabindex=\"0\">Indica\u00e7\u00f5es<\/a>\n\t\t\t\t\t<\/div>\n\t\t\t\t\t<div id=\"elementor-tab-content-2083\" class=\"elementor-tab-content elementor-clearfix\" data-tab=\"3\" role=\"region\" aria-labelledby=\"elementor-tab-title-2083\"><ul>\n<li>Designed for a wide range of exuding and difficult-to-dress wounds.<\/li>\n<li>can also be used as a protective layer on non-exuding wounds and\/or large areas of fragile skin.<\/li>\n<li>can be used under compression.<\/li>\n<\/ul>\n<\/div>\n\t\t\t\t<\/div>\n\t\t\t\t\t\t\t<div class=\"elementor-accordion-item\">\n\t\t\t\t\t<div id=\"elementor-tab-title-2084\" class=\"elementor-tab-title\" data-tab=\"4\" role=\"button\" aria-controls=\"elementor-tab-content-2084\" aria-expanded=\"false\">\n\t\t\t\t\t\t\t\t\t\t\t\t\t<span class=\"elementor-accordion-icon elementor-accordion-icon-left\" aria-hidden=\"true\">\n\t\t\t\t\t\t\t\t\t\t\t\t\t\t\t<span class=\"elementor-accordion-icon-closed\"><i class=\"fas fa-plus\"><\/i><\/span>\n\t\t\t\t\t\t\t\t<span class=\"elementor-accordion-icon-opened\"><i class=\"fas fa-minus\"><\/i><\/span>\n\t\t\t\t\t\t\t\t\t\t\t\t\t\t<\/span>\n\t\t\t\t\t\t\t\t\t\t\t\t<a class=\"elementor-accordion-title\" tabindex=\"0\">Contraindica\u00e7\u00f5es<\/a>\n\t\t\t\t\t<\/div>\n\t\t\t\t\t<div id=\"elementor-tab-content-2084\" class=\"elementor-tab-content elementor-clearfix\" data-tab=\"4\" role=\"region\" aria-labelledby=\"elementor-tab-title-2084\"><p>- O penso n\u00e3o deve ser utilizado em doentes com sensibilidade conhecida ao silicone, ao poliuretano ou a qualquer um dos componentes do penso.<\/p>\n<\/div>\n\t\t\t\t<\/div>\n\t\t\t\t\t\t\t<div class=\"elementor-accordion-item\">\n\t\t\t\t\t<div id=\"elementor-tab-title-2085\" class=\"elementor-tab-title\" data-tab=\"5\" role=\"button\" aria-controls=\"elementor-tab-content-2085\" aria-expanded=\"false\">\n\t\t\t\t\t\t\t\t\t\t\t\t\t<span class=\"elementor-accordion-icon elementor-accordion-icon-left\" aria-hidden=\"true\">\n\t\t\t\t\t\t\t\t\t\t\t\t\t\t\t<span class=\"elementor-accordion-icon-closed\"><i class=\"fas fa-plus\"><\/i><\/span>\n\t\t\t\t\t\t\t\t<span class=\"elementor-accordion-icon-opened\"><i class=\"fas fa-minus\"><\/i><\/span>\n\t\t\t\t\t\t\t\t\t\t\t\t\t\t<\/span>\n\t\t\t\t\t\t\t\t\t\t\t\t<a class=\"elementor-accordion-title\" tabindex=\"0\">Precau\u00e7\u00f5es<\/a>\n\t\t\t\t\t<\/div>\n\t\t\t\t\t<div id=\"elementor-tab-content-2085\" class=\"elementor-tab-content elementor-clearfix\" data-tab=\"5\" role=\"region\" aria-labelledby=\"elementor-tab-title-2085\"><ul>\n<li>-\tO penso s\u00f3 pode ser utilizado em feridas infetadas sob os cuidados de um profissional de sa\u00fade.<\/li>\n<li>-\tA reutiliza\u00e7\u00e3o pode aumentar o risco de infe\u00e7\u00e3o ou contamina\u00e7\u00e3o cruzada.<\/li>\n<li><strong><em>Silicone Hydrocellular Dressings<\/em><\/strong> -\tPensos hidrocelulares de silicone n\u00e3o deve ser utilizado com agentes oxidantes como a solu\u00e7\u00e3o de hipoclorito ou per\u00f3xido de hidrog\u00e9nio, uma vez que estes agentes podem degradar o componente absorvente de poliuretano do penso.<\/li>\n<li>-\tA utiliza\u00e7\u00e3o do dispositivo deve ser interrompida caso surjam sinais de descama\u00e7\u00e3o da pele.<\/li>\n<li>-\tEm caso de sinais cl\u00ednicos de infe\u00e7\u00e3o, consulte um profissional de sa\u00fade para o tratamento adequado.<\/li>\n<li>-\tA utiliza\u00e7\u00e3o de pensos como parte de uma terapia profil\u00e1tica n\u00e3o elimina a necessidade de continuar a desenvolver e seguir um protocolo abrangente de preven\u00e7\u00e3o de les\u00f5es por press\u00e3o, ou seja, superf\u00edcies de apoio, posicionamento, nutri\u00e7\u00e3o, hidrata\u00e7\u00e3o, cuidados com a pele e mobilidade.<\/li>\n<li>-\tDeve-se ter cuidado ao utilizar o penso sob dispositivos m\u00e9dicos junto ao nariz e \u00e0 boca, onde a humidade pode acumular-se e afetar a ader\u00eancia, levando \u00e0 desloca\u00e7\u00e3o do penso.<\/li>\n<li>-\tOs doentes com epiderm\u00f3lise bolhosa requerem cuidados especiais e devem ser acompanhados por profissionais de sa\u00fade em instala\u00e7\u00f5es especializadas.<\/li>\n<li>-\tO tamanho do calcanhar n\u00e3o deve ser utilizado para al\u00edvio de press\u00e3o independentemente dos dispositivos de al\u00edvio de press\u00e3o.<\/li>\n<li>-\tPara minimizar o risco de infe\u00e7\u00e3o ou polui\u00e7\u00e3o ambiental, a elimina\u00e7\u00e3o do dispositivo m\u00e9dico deve seguir os procedimentos de elimina\u00e7\u00e3o de acordo com as leis locais aplic\u00e1veis.<\/li>\n<\/ul>\n<\/div>\n\t\t\t\t<\/div>\n\t\t\t\t\t\t\t<div class=\"elementor-accordion-item\">\n\t\t\t\t\t<div id=\"elementor-tab-title-2086\" class=\"elementor-tab-title\" data-tab=\"6\" role=\"button\" aria-controls=\"elementor-tab-content-2086\" aria-expanded=\"false\">\n\t\t\t\t\t\t\t\t\t\t\t\t\t<span class=\"elementor-accordion-icon elementor-accordion-icon-left\" aria-hidden=\"true\">\n\t\t\t\t\t\t\t\t\t\t\t\t\t\t\t<span class=\"elementor-accordion-icon-closed\"><i class=\"fas fa-plus\"><\/i><\/span>\n\t\t\t\t\t\t\t\t<span class=\"elementor-accordion-icon-opened\"><i class=\"fas fa-minus\"><\/i><\/span>\n\t\t\t\t\t\t\t\t\t\t\t\t\t\t<\/span>\n\t\t\t\t\t\t\t\t\t\t\t\t<a class=\"elementor-accordion-title\" tabindex=\"0\">Diagrama de camadas<\/a>\n\t\t\t\t\t<\/div>\n\t\t\t\t\t<div id=\"elementor-tab-content-2086\" class=\"elementor-tab-content elementor-clearfix\" data-tab=\"6\" role=\"region\" aria-labelledby=\"elementor-tab-title-2086\"><\/div>\n\t\t\t\t<\/div>\n\t\t\t\t\t\t\t<div class=\"elementor-accordion-item\">\n\t\t\t\t\t<div id=\"elementor-tab-title-2087\" class=\"elementor-tab-title\" data-tab=\"7\" role=\"button\" aria-controls=\"elementor-tab-content-2087\" aria-expanded=\"false\">\n\t\t\t\t\t\t\t\t\t\t\t\t\t<span class=\"elementor-accordion-icon elementor-accordion-icon-left\" aria-hidden=\"true\">\n\t\t\t\t\t\t\t\t\t\t\t\t\t\t\t<span class=\"elementor-accordion-icon-closed\"><i class=\"fas fa-plus\"><\/i><\/span>\n\t\t\t\t\t\t\t\t<span class=\"elementor-accordion-icon-opened\"><i class=\"fas fa-minus\"><\/i><\/span>\n\t\t\t\t\t\t\t\t\t\t\t\t\t\t<\/span>\n\t\t\t\t\t\t\t\t\t\t\t\t<a class=\"elementor-accordion-title\" tabindex=\"0\">Frequ\u00eancia com que o penso deve ser mudado<\/a>\n\t\t\t\t\t<\/div>\n\t\t\t\t\t<div id=\"elementor-tab-content-2087\" class=\"elementor-tab-content elementor-clearfix\" data-tab=\"7\" role=\"region\" aria-labelledby=\"elementor-tab-title-2087\"><\/div>\n\t\t\t\t<\/div>\n\t\t\t\t\t\t\t<div class=\"elementor-accordion-item\">\n\t\t\t\t\t<div id=\"elementor-tab-title-2088\" class=\"elementor-tab-title\" data-tab=\"8\" role=\"button\" aria-controls=\"elementor-tab-content-2088\" aria-expanded=\"false\">\n\t\t\t\t\t\t\t\t\t\t\t\t\t<span class=\"elementor-accordion-icon elementor-accordion-icon-left\" aria-hidden=\"true\">\n\t\t\t\t\t\t\t\t\t\t\t\t\t\t\t<span class=\"elementor-accordion-icon-closed\"><i class=\"fas fa-plus\"><\/i><\/span>\n\t\t\t\t\t\t\t\t<span class=\"elementor-accordion-icon-opened\"><i class=\"fas fa-minus\"><\/i><\/span>\n\t\t\t\t\t\t\t\t\t\t\t\t\t\t<\/span>\n\t\t\t\t\t\t\t\t\t\t\t\t<a class=\"elementor-accordion-title\" tabindex=\"0\">Como funciona?<\/a>\n\t\t\t\t\t<\/div>\n\t\t\t\t\t<div id=\"elementor-tab-content-2088\" class=\"elementor-tab-content elementor-clearfix\" data-tab=\"8\" role=\"region\" aria-labelledby=\"elementor-tab-title-2088\"><p class=\"translation-block\">Os pensos de silicone macio s\u00e3o revestidos com uma camada hidrof\u00f3bica de silicone macio que \u00e9 pegajosa ao toque. Estes pensos n\u00e3o aderem ao leito h\u00famido da ferida, mas aderem suavemente \u00e0 pele circundante.\nEst\u00e3o concebidos para minimizar o trauma na remo\u00e7\u00e3o e n\u00e3o deixam res\u00edduos adesivos na pele.<\/p>\n<p>Os pensos de espuma s\u00e3o feitos de uma base de poliuretano e s\u00e3o perme\u00e1veis tanto a gases como a vapor de \u00e1gua.\nAs suas propriedades hidr\u00f3filas permitem uma elevada capacidade de absor\u00e7\u00e3o, al\u00e9m de proporcionarem isolamento t\u00e9rmico. Os pensos de espuma tamb\u00e9m oferecem amortecimento, aliviando a press\u00e3o em doentes submetidos a longos per\u00edodos de internamento.\nIsto cria uma indica\u00e7\u00e3o profil\u00e1tica para les\u00f5es por press\u00e3o.<\/p>\n<\/div>\n\t\t\t\t<\/div>\n\t\t\t\t\t\t\t<div class=\"elementor-accordion-item\">\n\t\t\t\t\t<div id=\"elementor-tab-title-2089\" class=\"elementor-tab-title\" data-tab=\"9\" role=\"button\" aria-controls=\"elementor-tab-content-2089\" aria-expanded=\"false\">\n\t\t\t\t\t\t\t\t\t\t\t\t\t<span class=\"elementor-accordion-icon elementor-accordion-icon-left\" aria-hidden=\"true\">\n\t\t\t\t\t\t\t\t\t\t\t\t\t\t\t<span class=\"elementor-accordion-icon-closed\"><i class=\"fas fa-plus\"><\/i><\/span>\n\t\t\t\t\t\t\t\t<span class=\"elementor-accordion-icon-opened\"><i class=\"fas fa-minus\"><\/i><\/span>\n\t\t\t\t\t\t\t\t\t\t\t\t\t\t<\/span>\n\t\t\t\t\t\t\t\t\t\t\t\t<a class=\"elementor-accordion-title\" tabindex=\"0\">Prazo de validade<\/a>\n\t\t\t\t\t<\/div>\n\t\t\t\t\t<div id=\"elementor-tab-content-2089\" class=\"elementor-tab-content elementor-clearfix\" data-tab=\"9\" role=\"region\" aria-labelledby=\"elementor-tab-title-2089\"><p>3 Years<\/p>\n<\/div>\n\t\t\t\t<\/div>\n\t\t\t\t\t\t\t\t<\/div>\n\t\t\t\t\t\t<\/div>\n\t\t\t\t<\/div>\n\t\t\t\t\t<\/div>\n\t\t<\/div>\n\t\t\t\t\t<\/div>\n\t\t<\/section>\n\t\t\t\t<\/div>\n\t\t                        <\/div>\n                    <\/div>\n                                    <div class=\"tab-pane elementkit-tab-pane elementor-repeater-item-9b61f69\" id=\"content-9b61f6969eb0a03f28ec\" role=\"tabpanel\"\n                         aria-labelledby=\"content-9b61f6969eb0a03f28ec-tab\">\n                        <div class=\"animated fadeIn\">\n                            <p>1. Limpar a ferida de acordo com os protocolos cl\u00ednicos locais.<br \/>2. Escolher um tamanho de penso que ultrapasse as margens da ferida em pelo menos dois centimetros.<br \/>3. Retirar o penso est\u00e9ril da embalagem utilizando uma t\u00e9cnica ass\u00e9tica.<br \/><strong>Para variantes sem rebordo adesivo:<\/strong><br \/>1. As variantes sem rebordo adesivo podem ser cortadas \u00e0 medida, para utiliza\u00e7\u00e3o em zonas mais irregulares. Se utilizados com ligaduras de compress\u00e3o, os pensos t\u00eam de ser cortados ao tamanho da ferida.<br \/>2. Retirar a banda da pel\u00edcula e, em seguida, colocar o penso sobre o local da ferida.<br \/>3. Ser\u00e1 necess\u00e1rio utilizar um penso secund\u00e1rio de fixa\u00e7\u00e3o ou uma ligadura, para fixar o penso no lugar.<br \/>4. Para retirar o penso, levantar com cuidado os rebordos.<\/p><p>5.<strong>ESPUMA\u00ae Gentle Transfer<\/strong>No caso dos produtos ESPUMA\u00ae Gentle Transfer, fixar com um penso secund\u00e1rio absorvente.<\/p><p><img decoding=\"async\" class=\"aligncenter wp-image-20799 size-full\" src=\"https:\/\/pharmaplast-online.net\/wp-content\/uploads\/2025\/06\/espuma-gente.png\" alt=\"\" width=\"550\" height=\"86\" srcset=\"https:\/\/pharmaplast-online.net\/wp-content\/uploads\/2025\/06\/espuma-gente.png 550w, https:\/\/pharmaplast-online.net\/wp-content\/uploads\/2025\/06\/espuma-gente-300x47.png 300w, https:\/\/pharmaplast-online.net\/wp-content\/uploads\/2025\/06\/espuma-gente-18x3.png 18w, https:\/\/pharmaplast-online.net\/wp-content\/uploads\/2025\/06\/espuma-gente-24x4.png 24w, https:\/\/pharmaplast-online.net\/wp-content\/uploads\/2025\/06\/espuma-gente-36x6.png 36w, https:\/\/pharmaplast-online.net\/wp-content\/uploads\/2025\/06\/espuma-gente-48x8.png 48w\" sizes=\"(max-width: 550px) 100vw, 550px\" \/><\/p>                        <\/div>\n                    <\/div>\n                                    <div class=\"tab-pane elementkit-tab-pane elementor-repeater-item-23affad\" id=\"content-23affad69eb0a03f28ec\" role=\"tabpanel\"\n                         aria-labelledby=\"content-23affad69eb0a03f28ec-tab\">\n                        <div class=\"animated fadeIn\">\n                            <table><tbody><tr><td width=\"232\"><p><strong><em>Espuma\u00ae Gentle Transfer<\/em><\/strong><\/p><\/td><td width=\"133\"><p><strong>Size<\/strong><\/p><\/td><td width=\"108\"><p><strong>Pieces\/Case<\/strong><\/p><\/td><td width=\"102\"><p><strong>Boxes\/Case <\/strong><\/p><\/td><\/tr><tr><td width=\"232\"><p>ESPGT7575<\/p><\/td><td width=\"133\"><p>75&#215;75 mm<\/p><\/td><td width=\"108\"><p>10<\/p><\/td><td width=\"102\"><p>48<\/p><\/td><\/tr><tr><td width=\"232\"><p>ESPGT75100<\/p><\/td><td width=\"133\"><p>75&#215;100 mm<\/p><\/td><td width=\"108\"><p>10<\/p><\/td><td width=\"102\"><p>48<\/p><\/td><\/tr><tr><td width=\"232\"><p>ESPGT100100<\/p><\/td><td width=\"133\"><p>100&#215;100 mm<\/p><\/td><td width=\"108\"><p>10<\/p><\/td><td width=\"102\"><p>48<\/p><\/td><\/tr><tr><td width=\"232\"><p>ESPGT150150<\/p><\/td><td width=\"133\"><p>100&#215;150 mm<\/p><\/td><td width=\"108\"><p>5<\/p><\/td><td width=\"102\"><p>24<\/p><\/td><\/tr><tr><td width=\"232\"><p>ESPGT100200<\/p><\/td><td width=\"133\"><p>100&#215;200 mm<\/p><\/td><td width=\"108\"><p>5<\/p><\/td><td width=\"102\"><p>24<\/p><\/td><\/tr><tr><td width=\"232\"><p>ESPGT100250<\/p><\/td><td width=\"133\"><p>100&#215;250 mm<\/p><\/td><td width=\"108\"><p>5<\/p><\/td><td width=\"102\"><p>24<\/p><\/td><\/tr><\/tbody><\/table><p>Outros tamanhos est\u00e3o dispon\u00edveis mediante solicita\u00e7\u00e3o.<\/p><p>\u00a0<\/p>                        <\/div>\n                    <\/div>\n                                    <div class=\"tab-pane elementkit-tab-pane elementor-repeater-item-9882644\" id=\"content-988264469eb0a03f28ec\" role=\"tabpanel\"\n                         aria-labelledby=\"content-988264469eb0a03f28ec-tab\">\n                        <div class=\"animated fadeIn\">\n                            <p><a href=\"https:\/\/pharmaplast-online.net\/wp-content\/uploads\/2026\/04\/new_Silicone-Hydrocellular-Dressings-issue-2-07042026.pdf\">Espuma Gentle Family Brochure<\/a>\u00a0<\/p><p><img decoding=\"async\" class=\"alignnone wp-image-20471\" src=\"https:\/\/pharmaplast-online.net\/wp-content\/uploads\/2025\/06\/broucher-300x105.png\" alt=\"\" width=\"148\" height=\"52\" srcset=\"https:\/\/pharmaplast-online.net\/wp-content\/uploads\/2025\/06\/broucher-300x105.png 300w, https:\/\/pharmaplast-online.net\/wp-content\/uploads\/2025\/06\/broucher-18x6.png 18w, https:\/\/pharmaplast-online.net\/wp-content\/uploads\/2025\/06\/broucher-24x8.png 24w, https:\/\/pharmaplast-online.net\/wp-content\/uploads\/2025\/06\/broucher-36x13.png 36w, https:\/\/pharmaplast-online.net\/wp-content\/uploads\/2025\/06\/broucher-48x17.png 48w, https:\/\/pharmaplast-online.net\/wp-content\/uploads\/2025\/06\/broucher-600x211.png 600w, https:\/\/pharmaplast-online.net\/wp-content\/uploads\/2025\/06\/broucher.png 640w\" sizes=\"(max-width: 148px) 100vw, 148px\" \/><\/p>                        <\/div>\n                    <\/div>\n                                \n            <\/div>\n                    <\/div>\n    <\/div>\t\t\t\t<\/div>\n\t\t\t\t<\/div>\n\t\t\t\t\t<\/div>\n\t\t<\/div>\n\t\t\t\t\t<\/div>\n\t\t<\/section>\n\t\t\t\t<\/div>","protected":false},"excerpt":{"rendered":"<p>Thin polyurethane foam layer, but without polyurethane top sheet.<\/p>","protected":false},"featured_media":17163,"comment_status":"open","ping_status":"closed","template":"","meta":[],"product_brand":[],"product_cat":[187,202,204,214,213],"product_tag":[],"class_list":{"0":"post-11105","1":"product","2":"type-product","3":"status-publish","4":"has-post-thumbnail","6":"product_cat-advanced-wound-care","7":"product_cat-foams","8":"product_cat-silicone-adhesive-foams","9":"product_cat-silicone-adhesive-foams-soft-silicone","10":"product_cat-soft-silicone","12":"first","13":"instock","14":"shipping-taxable","15":"product-type-simple"},"acf":[],"_links":{"self":[{"href":"https:\/\/pharmaplast-online.net\/pt\/wp-json\/wp\/v2\/product\/11105","targetHints":{"allow":["GET"]}}],"collection":[{"href":"https:\/\/pharmaplast-online.net\/pt\/wp-json\/wp\/v2\/product"}],"about":[{"href":"https:\/\/pharmaplast-online.net\/pt\/wp-json\/wp\/v2\/types\/product"}],"replies":[{"embeddable":true,"href":"https:\/\/pharmaplast-online.net\/pt\/wp-json\/wp\/v2\/comments?post=11105"}],"version-history":[{"count":59,"href":"https:\/\/pharmaplast-online.net\/pt\/wp-json\/wp\/v2\/product\/11105\/revisions"}],"predecessor-version":[{"id":24621,"href":"https:\/\/pharmaplast-online.net\/pt\/wp-json\/wp\/v2\/product\/11105\/revisions\/24621"}],"wp:featuredmedia":[{"embeddable":true,"href":"https:\/\/pharmaplast-online.net\/pt\/wp-json\/wp\/v2\/media\/17163"}],"wp:attachment":[{"href":"https:\/\/pharmaplast-online.net\/pt\/wp-json\/wp\/v2\/media?parent=11105"}],"wp:term":[{"taxonomy":"product_brand","embeddable":true,"href":"https:\/\/pharmaplast-online.net\/pt\/wp-json\/wp\/v2\/product_brand?post=11105"},{"taxonomy":"product_cat","embeddable":true,"href":"https:\/\/pharmaplast-online.net\/pt\/wp-json\/wp\/v2\/product_cat?post=11105"},{"taxonomy":"product_tag","embeddable":true,"href":"https:\/\/pharmaplast-online.net\/pt\/wp-json\/wp\/v2\/product_tag?post=11105"}],"curies":[{"name":"wp","href":"https:\/\/api.w.org\/{rel}","templated":true}]}}