{"id":11168,"date":"2023-03-01T13:25:19","date_gmt":"2023-03-01T13:25:19","guid":{"rendered":"https:\/\/pharmaplast.mediagate-egy.com\/?post_type=product&#038;p=11168"},"modified":"2025-10-22T19:56:41","modified_gmt":"2025-10-22T19:56:41","slug":"protectfilm-frame-style","status":"publish","type":"product","link":"https:\/\/pharmaplast-online.net\/pt\/produto\/protectfilm-frame-style\/","title":{"rendered":"Protectfilm\u00ae Frame Style"},"content":{"rendered":"<div data-elementor-type=\"product-post\" data-elementor-id=\"11168\" class=\"elementor elementor-11168\" data-elementor-post-type=\"product\">\n\t\t\t\t\t\t<section class=\"elementor-section elementor-top-section elementor-element elementor-element-947c8c6 elementor-section-boxed elementor-section-height-default elementor-section-height-default qodef-elementor-content-no\" data-id=\"947c8c6\" data-element_type=\"section\" data-e-type=\"section\" data-settings=\"{&quot;ekit_has_onepagescroll_dot&quot;:&quot;yes&quot;}\">\n\t\t\t\t\t\t<div class=\"elementor-container elementor-column-gap-default\">\n\t\t\t\t\t<div class=\"elementor-column elementor-col-100 elementor-top-column elementor-element elementor-element-1c9257f\" data-id=\"1c9257f\" data-element_type=\"column\" data-e-type=\"column\">\n\t\t\t<div class=\"elementor-widget-wrap elementor-element-populated\">\n\t\t\t\t\t\t<div class=\"elementor-element elementor-element-2538fd5 elementor-widget elementor-widget-elementskit-simple-tab\" data-id=\"2538fd5\" data-element_type=\"widget\" data-e-type=\"widget\" data-settings=\"{&quot;ekit_we_effect_on&quot;:&quot;none&quot;}\" data-widget_type=\"elementskit-simple-tab.default\">\n\t\t\t\t<div class=\"elementor-widget-container\">\n\t\t\t\t\t<div class=\"ekit-wid-con\" >        <div class=\"elementkit-tab-wraper\">\n            <ul class=\"nav nav-tabs elementkit-tab-nav  elementskit-fullwidth-tab\">\n                                    <li class=\"elementkit-nav-item elementor-repeater-item-d0363a9\">\n                        <a class=\"elementkit-nav-link  active show left-pos\" id=\"content-d0363a969e19f3256ccf-tab\" data-ekit-handler-id=\"product-info\" data-ekit-toggle=\"tab\" data-target=\"#content-d0363a969e19f3256ccf\" href=\"#Content-d0363a969e19f3256ccf\"\n                            data-ekit-toggle-trigger=\"click\"\n                            aria-describedby=\"Content-d0363a969e19f3256ccf\">\n                            <span class=\"elementskit-tab-icon\"><\/span>                            <span class=\"elementskit-tab-title\">Informa\u00e7\u00f5es Sobre o Produto<\/span>\n                        <\/a>\n                    <\/li>\n                                        <li class=\"elementkit-nav-item elementor-repeater-item-9b61f69\">\n                        <a class=\"elementkit-nav-link  left-pos\" id=\"content-9b61f6969e19f3256ccf-tab\" data-ekit-handler-id=\"how-to-use\" data-ekit-toggle=\"tab\" data-target=\"#content-9b61f6969e19f3256ccf\" href=\"#Content-9b61f6969e19f3256ccf\"\n                            data-ekit-toggle-trigger=\"click\"\n                            aria-describedby=\"Content-9b61f6969e19f3256ccf\">\n                            <span class=\"elementskit-tab-icon\"><\/span>                            <span class=\"elementskit-tab-title\">Instru\u00e7\u00f5es de utiliza\u00e7\u00e3o<\/span>\n                        <\/a>\n                    <\/li>\n                                        <li class=\"elementkit-nav-item elementor-repeater-item-23affad\">\n                        <a class=\"elementkit-nav-link  left-pos\" id=\"content-23affad69e19f3256ccf-tab\" data-ekit-handler-id=\"sizes-codes\" data-ekit-toggle=\"tab\" data-target=\"#content-23affad69e19f3256ccf\" href=\"#Content-23affad69e19f3256ccf\"\n                            data-ekit-toggle-trigger=\"click\"\n                            aria-describedby=\"Content-23affad69e19f3256ccf\">\n                            <span class=\"elementskit-tab-icon\"><\/span>                            <span class=\"elementskit-tab-title\">Tamanhos e C\u00f3digos<\/span>\n                        <\/a>\n                    <\/li>\n                                        <li class=\"elementkit-nav-item elementor-repeater-item-de626a0\">\n                        <a class=\"elementkit-nav-link  left-pos\" id=\"content-de626a069e19f3256ccf-tab\" data-ekit-handler-id=\"downloads\" data-ekit-toggle=\"tab\" data-target=\"#content-de626a069e19f3256ccf\" href=\"#Content-de626a069e19f3256ccf\"\n                            data-ekit-toggle-trigger=\"click\"\n                            aria-describedby=\"Content-de626a069e19f3256ccf\">\n                            <span class=\"elementskit-tab-icon\"><\/span>                            <span class=\"elementskit-tab-title\">downloads<\/span>\n                        <\/a>\n                    <\/li>\n                                <\/ul>\n\n            <div class=\"tab-content elementkit-tab-content\">\n                                    <div class=\"tab-pane elementkit-tab-pane elementor-repeater-item-d0363a9  active show\" id=\"content-d0363a969e19f3256ccf\" role=\"tabpanel\"\n                         aria-labelledby=\"content-d0363a969e19f3256ccf-tab\">\n                        <div class=\"animated fadeIn\">\n                            <h3>Informa\u00e7\u00f5es Sobre o Produto<\/h3>\t\t<div data-elementor-type=\"section\" data-elementor-id=\"8585\" class=\"elementor elementor-8585\" data-elementor-post-type=\"elementor_library\">\n\t\t\t\t\t<section class=\"elementor-section elementor-top-section elementor-element elementor-element-3c9a5a4 elementor-section-boxed elementor-section-height-default elementor-section-height-default qodef-elementor-content-no\" data-id=\"3c9a5a4\" data-element_type=\"section\" data-e-type=\"section\" data-settings=\"{&quot;ekit_has_onepagescroll_dot&quot;:&quot;yes&quot;}\">\n\t\t\t\t\t\t<div class=\"elementor-container elementor-column-gap-default\">\n\t\t\t\t\t<div class=\"elementor-column elementor-col-100 elementor-top-column elementor-element elementor-element-8fd3e15\" data-id=\"8fd3e15\" data-element_type=\"column\" data-e-type=\"column\">\n\t\t\t<div class=\"elementor-widget-wrap elementor-element-populated\">\n\t\t\t\t\t\t<div class=\"elementor-element elementor-element-c6fd92e elementor-widget elementor-widget-accordion\" data-id=\"c6fd92e\" data-element_type=\"widget\" data-e-type=\"widget\" data-settings=\"{&quot;ekit_we_effect_on&quot;:&quot;none&quot;}\" data-widget_type=\"accordion.default\">\n\t\t\t\t<div class=\"elementor-widget-container\">\n\t\t\t\t\t\t\t<div class=\"elementor-accordion\">\n\t\t\t\t\t\t\t<div class=\"elementor-accordion-item\">\n\t\t\t\t\t<div id=\"elementor-tab-title-2081\" class=\"elementor-tab-title\" data-tab=\"1\" role=\"button\" aria-controls=\"elementor-tab-content-2081\" aria-expanded=\"false\">\n\t\t\t\t\t\t\t\t\t\t\t\t\t<span class=\"elementor-accordion-icon elementor-accordion-icon-left\" aria-hidden=\"true\">\n\t\t\t\t\t\t\t\t\t\t\t\t\t\t\t<span class=\"elementor-accordion-icon-closed\"><i class=\"fas fa-plus\"><\/i><\/span>\n\t\t\t\t\t\t\t\t<span class=\"elementor-accordion-icon-opened\"><i class=\"fas fa-minus\"><\/i><\/span>\n\t\t\t\t\t\t\t\t\t\t\t\t\t\t<\/span>\n\t\t\t\t\t\t\t\t\t\t\t\t<a class=\"elementor-accordion-title\" tabindex=\"0\">Descri\u00e7\u00e3o:<\/a>\n\t\t\t\t\t<\/div>\n\t\t\t\t\t<div id=\"elementor-tab-content-2081\" class=\"elementor-tab-content elementor-clearfix\" data-tab=\"1\" role=\"region\" aria-labelledby=\"elementor-tab-title-2081\"><p class=\"translation-block\">Os produtos Protectfilm\u00ae s\u00e3o pensos transparentes de prote\u00e7\u00e3o para feridas compostos por uma pel\u00edcula fina de poliuretano\nantibacteriana, antiviral e imperme\u00e1vel, revestida com adesivo hipoalerg\u00e9nico.\nDispon\u00edvel na op\u00e7\u00e3o com sistema de moldura Protectfilm\u00ae Frame Style, para um manuseamento mais f\u00e1cil.<\/p>\n<\/div>\n\t\t\t\t<\/div>\n\t\t\t\t\t\t\t<div class=\"elementor-accordion-item\">\n\t\t\t\t\t<div id=\"elementor-tab-title-2082\" class=\"elementor-tab-title\" data-tab=\"2\" role=\"button\" aria-controls=\"elementor-tab-content-2082\" aria-expanded=\"false\">\n\t\t\t\t\t\t\t\t\t\t\t\t\t<span class=\"elementor-accordion-icon elementor-accordion-icon-left\" aria-hidden=\"true\">\n\t\t\t\t\t\t\t\t\t\t\t\t\t\t\t<span class=\"elementor-accordion-icon-closed\"><i class=\"fas fa-plus\"><\/i><\/span>\n\t\t\t\t\t\t\t\t<span class=\"elementor-accordion-icon-opened\"><i class=\"fas fa-minus\"><\/i><\/span>\n\t\t\t\t\t\t\t\t\t\t\t\t\t\t<\/span>\n\t\t\t\t\t\t\t\t\t\t\t\t<a class=\"elementor-accordion-title\" tabindex=\"0\">Caracter\u00edsticas<\/a>\n\t\t\t\t\t<\/div>\n\t\t\t\t\t<div id=\"elementor-tab-content-2082\" class=\"elementor-tab-content elementor-clearfix\" data-tab=\"2\" role=\"region\" aria-labelledby=\"elementor-tab-title-2082\"><div class=\"su-spoiler-content su-u-clearfix su-u-trim\">\n<p class=\"translation-block\"><span style=\"font-size: medium\">Maintains the undisturbed state of the wound.<br>\r\n<\/span><span style=\"font-size: medium\">Very easy to apply.<br>\r\n<\/span><span style=\"font-size: medium\">Transparent film allows healing process to be observed without removing the dressing.<br>\r\n<\/span><span style=\"font-size: medium\">Patient can shower without risk.<br>\r\n<\/span><span style=\"font-size: medium\"><b>Protectfilm\u00ae <\/b>allows wounds to breathe and water vapour to escape protecting skin against maceration where dressing can be left in place for 5 days minimizing interference at wound site.<\/span><\/p>\n<\/div>\n<\/div>\n\t\t\t\t<\/div>\n\t\t\t\t\t\t\t<div class=\"elementor-accordion-item\">\n\t\t\t\t\t<div id=\"elementor-tab-title-2083\" class=\"elementor-tab-title\" data-tab=\"3\" role=\"button\" aria-controls=\"elementor-tab-content-2083\" aria-expanded=\"false\">\n\t\t\t\t\t\t\t\t\t\t\t\t\t<span class=\"elementor-accordion-icon elementor-accordion-icon-left\" aria-hidden=\"true\">\n\t\t\t\t\t\t\t\t\t\t\t\t\t\t\t<span class=\"elementor-accordion-icon-closed\"><i class=\"fas fa-plus\"><\/i><\/span>\n\t\t\t\t\t\t\t\t<span class=\"elementor-accordion-icon-opened\"><i class=\"fas fa-minus\"><\/i><\/span>\n\t\t\t\t\t\t\t\t\t\t\t\t\t\t<\/span>\n\t\t\t\t\t\t\t\t\t\t\t\t<a class=\"elementor-accordion-title\" tabindex=\"0\">Indica\u00e7\u00f5es<\/a>\n\t\t\t\t\t<\/div>\n\t\t\t\t\t<div id=\"elementor-tab-content-2083\" class=\"elementor-tab-content elementor-clearfix\" data-tab=\"3\" role=\"region\" aria-labelledby=\"elementor-tab-title-2083\"><p class=\"translation-block\">\u2022 Como penso prim\u00e1rio, est\u00e1 indicada para cobertura ou prote\u00e7\u00e3o de feridas secas ou com exsudado ligeiro, tais como: abras\u00f5es,\nlacera\u00e7\u00f5es e \u00e1reas de fric\u00e7\u00e3o.\n\u2022 Como penso secund\u00e1rio, \u00e9 usado para fixar cateteres e cobrir outros pensos prim\u00e1rios, tais como alginatos, hidrog\u00e9is, hidrofibras e\nespumas.<\/p>\n<\/div>\n\t\t\t\t<\/div>\n\t\t\t\t\t\t\t<div class=\"elementor-accordion-item\">\n\t\t\t\t\t<div id=\"elementor-tab-title-2084\" class=\"elementor-tab-title\" data-tab=\"4\" role=\"button\" aria-controls=\"elementor-tab-content-2084\" aria-expanded=\"false\">\n\t\t\t\t\t\t\t\t\t\t\t\t\t<span class=\"elementor-accordion-icon elementor-accordion-icon-left\" aria-hidden=\"true\">\n\t\t\t\t\t\t\t\t\t\t\t\t\t\t\t<span class=\"elementor-accordion-icon-closed\"><i class=\"fas fa-plus\"><\/i><\/span>\n\t\t\t\t\t\t\t\t<span class=\"elementor-accordion-icon-opened\"><i class=\"fas fa-minus\"><\/i><\/span>\n\t\t\t\t\t\t\t\t\t\t\t\t\t\t<\/span>\n\t\t\t\t\t\t\t\t\t\t\t\t<a class=\"elementor-accordion-title\" tabindex=\"0\">Contraindica\u00e7\u00f5es<\/a>\n\t\t\t\t\t<\/div>\n\t\t\t\t\t<div id=\"elementor-tab-content-2084\" class=\"elementor-tab-content elementor-clearfix\" data-tab=\"4\" role=\"region\" aria-labelledby=\"elementor-tab-title-2084\"><\/div>\n\t\t\t\t<\/div>\n\t\t\t\t\t\t\t<div class=\"elementor-accordion-item\">\n\t\t\t\t\t<div id=\"elementor-tab-title-2085\" class=\"elementor-tab-title\" data-tab=\"5\" role=\"button\" aria-controls=\"elementor-tab-content-2085\" aria-expanded=\"false\">\n\t\t\t\t\t\t\t\t\t\t\t\t\t<span class=\"elementor-accordion-icon elementor-accordion-icon-left\" aria-hidden=\"true\">\n\t\t\t\t\t\t\t\t\t\t\t\t\t\t\t<span class=\"elementor-accordion-icon-closed\"><i class=\"fas fa-plus\"><\/i><\/span>\n\t\t\t\t\t\t\t\t<span class=\"elementor-accordion-icon-opened\"><i class=\"fas fa-minus\"><\/i><\/span>\n\t\t\t\t\t\t\t\t\t\t\t\t\t\t<\/span>\n\t\t\t\t\t\t\t\t\t\t\t\t<a class=\"elementor-accordion-title\" tabindex=\"0\">Precau\u00e7\u00f5es<\/a>\n\t\t\t\t\t<\/div>\n\t\t\t\t\t<div id=\"elementor-tab-content-2085\" class=\"elementor-tab-content elementor-clearfix\" data-tab=\"5\" role=\"region\" aria-labelledby=\"elementor-tab-title-2085\"><p class=\"translation-block\">\u2022 A esterilidade do penso est\u00e1 garantida, exceto em caso de compromisso da integridade da bolsa ou de abertura antes da utiliza\u00e7\u00e3o.\n\u2022 Para utiliza\u00e7\u00e3o \u00fanica. A reutiliza\u00e7\u00e3o pode causar contamina\u00e7\u00e3o cruzada.\n\u2022 N\u00e3o deve ser utilizado ap\u00f3s o fim do prazo de validade.\n\u2022 N\u00e3o deve ser utilizado em doentes com sensibilidade a adesivos acr\u00edlicos.\n\u2022 S\u00f3 deve ser utilizado em feridas infetadas ou hemorr\u00e1gicas sob supervis\u00e3o m\u00e9dica.\n\u2022 A aplica\u00e7\u00e3o repetida pode causar danos na pele em doentes com pele fina ou fr\u00e1gil<\/p>\n<\/div>\n\t\t\t\t<\/div>\n\t\t\t\t\t\t\t<div class=\"elementor-accordion-item\">\n\t\t\t\t\t<div id=\"elementor-tab-title-2086\" class=\"elementor-tab-title\" data-tab=\"6\" role=\"button\" aria-controls=\"elementor-tab-content-2086\" aria-expanded=\"false\">\n\t\t\t\t\t\t\t\t\t\t\t\t\t<span class=\"elementor-accordion-icon elementor-accordion-icon-left\" aria-hidden=\"true\">\n\t\t\t\t\t\t\t\t\t\t\t\t\t\t\t<span class=\"elementor-accordion-icon-closed\"><i class=\"fas fa-plus\"><\/i><\/span>\n\t\t\t\t\t\t\t\t<span class=\"elementor-accordion-icon-opened\"><i class=\"fas fa-minus\"><\/i><\/span>\n\t\t\t\t\t\t\t\t\t\t\t\t\t\t<\/span>\n\t\t\t\t\t\t\t\t\t\t\t\t<a class=\"elementor-accordion-title\" tabindex=\"0\">Diagrama de camadas<\/a>\n\t\t\t\t\t<\/div>\n\t\t\t\t\t<div id=\"elementor-tab-content-2086\" class=\"elementor-tab-content elementor-clearfix\" data-tab=\"6\" role=\"region\" aria-labelledby=\"elementor-tab-title-2086\"><p><img decoding=\"async\" class=\"alignnone size-medium wp-image-20998\" src=\"https:\/\/pharmaplast-online.net\/wp-content\/uploads\/2023\/03\/protectFilm-Frame-Style-01-300x176.png\" alt=\"\" width=\"300\" height=\"176\" srcset=\"https:\/\/pharmaplast-online.net\/wp-content\/uploads\/2023\/03\/protectFilm-Frame-Style-01-300x176.png 300w, https:\/\/pharmaplast-online.net\/wp-content\/uploads\/2023\/03\/protectFilm-Frame-Style-01-1024x600.png 1024w, https:\/\/pharmaplast-online.net\/wp-content\/uploads\/2023\/03\/protectFilm-Frame-Style-01-768x450.png 768w, https:\/\/pharmaplast-online.net\/wp-content\/uploads\/2023\/03\/protectFilm-Frame-Style-01-1536x899.png 1536w, https:\/\/pharmaplast-online.net\/wp-content\/uploads\/2023\/03\/protectFilm-Frame-Style-01-2048x1199.png 2048w, https:\/\/pharmaplast-online.net\/wp-content\/uploads\/2023\/03\/protectFilm-Frame-Style-01-18x12.png 18w, https:\/\/pharmaplast-online.net\/wp-content\/uploads\/2023\/03\/protectFilm-Frame-Style-01-24x14.png 24w, https:\/\/pharmaplast-online.net\/wp-content\/uploads\/2023\/03\/protectFilm-Frame-Style-01-36x21.png 36w, https:\/\/pharmaplast-online.net\/wp-content\/uploads\/2023\/03\/protectFilm-Frame-Style-01-48x28.png 48w, https:\/\/pharmaplast-online.net\/wp-content\/uploads\/2023\/03\/protectFilm-Frame-Style-01-600x351.png 600w\" sizes=\"(max-width: 300px) 100vw, 300px\" \/><\/p>\n<\/div>\n\t\t\t\t<\/div>\n\t\t\t\t\t\t\t<div class=\"elementor-accordion-item\">\n\t\t\t\t\t<div id=\"elementor-tab-title-2087\" class=\"elementor-tab-title\" data-tab=\"7\" role=\"button\" aria-controls=\"elementor-tab-content-2087\" aria-expanded=\"false\">\n\t\t\t\t\t\t\t\t\t\t\t\t\t<span class=\"elementor-accordion-icon elementor-accordion-icon-left\" aria-hidden=\"true\">\n\t\t\t\t\t\t\t\t\t\t\t\t\t\t\t<span class=\"elementor-accordion-icon-closed\"><i class=\"fas fa-plus\"><\/i><\/span>\n\t\t\t\t\t\t\t\t<span class=\"elementor-accordion-icon-opened\"><i class=\"fas fa-minus\"><\/i><\/span>\n\t\t\t\t\t\t\t\t\t\t\t\t\t\t<\/span>\n\t\t\t\t\t\t\t\t\t\t\t\t<a class=\"elementor-accordion-title\" tabindex=\"0\">Frequ\u00eancia com que o penso deve ser mudado<\/a>\n\t\t\t\t\t<\/div>\n\t\t\t\t\t<div id=\"elementor-tab-content-2087\" class=\"elementor-tab-content elementor-clearfix\" data-tab=\"7\" role=\"region\" aria-labelledby=\"elementor-tab-title-2087\"><\/div>\n\t\t\t\t<\/div>\n\t\t\t\t\t\t\t<div class=\"elementor-accordion-item\">\n\t\t\t\t\t<div id=\"elementor-tab-title-2088\" class=\"elementor-tab-title\" data-tab=\"8\" role=\"button\" aria-controls=\"elementor-tab-content-2088\" aria-expanded=\"false\">\n\t\t\t\t\t\t\t\t\t\t\t\t\t<span class=\"elementor-accordion-icon elementor-accordion-icon-left\" aria-hidden=\"true\">\n\t\t\t\t\t\t\t\t\t\t\t\t\t\t\t<span class=\"elementor-accordion-icon-closed\"><i class=\"fas fa-plus\"><\/i><\/span>\n\t\t\t\t\t\t\t\t<span class=\"elementor-accordion-icon-opened\"><i class=\"fas fa-minus\"><\/i><\/span>\n\t\t\t\t\t\t\t\t\t\t\t\t\t\t<\/span>\n\t\t\t\t\t\t\t\t\t\t\t\t<a class=\"elementor-accordion-title\" tabindex=\"0\">Como funciona?<\/a>\n\t\t\t\t\t<\/div>\n\t\t\t\t\t<div id=\"elementor-tab-content-2088\" class=\"elementor-tab-content elementor-clearfix\" data-tab=\"8\" role=\"region\" aria-labelledby=\"elementor-tab-title-2088\"><\/div>\n\t\t\t\t<\/div>\n\t\t\t\t\t\t\t<div class=\"elementor-accordion-item\">\n\t\t\t\t\t<div id=\"elementor-tab-title-2089\" class=\"elementor-tab-title\" data-tab=\"9\" role=\"button\" aria-controls=\"elementor-tab-content-2089\" aria-expanded=\"false\">\n\t\t\t\t\t\t\t\t\t\t\t\t\t<span class=\"elementor-accordion-icon elementor-accordion-icon-left\" aria-hidden=\"true\">\n\t\t\t\t\t\t\t\t\t\t\t\t\t\t\t<span class=\"elementor-accordion-icon-closed\"><i class=\"fas fa-plus\"><\/i><\/span>\n\t\t\t\t\t\t\t\t<span class=\"elementor-accordion-icon-opened\"><i class=\"fas fa-minus\"><\/i><\/span>\n\t\t\t\t\t\t\t\t\t\t\t\t\t\t<\/span>\n\t\t\t\t\t\t\t\t\t\t\t\t<a class=\"elementor-accordion-title\" tabindex=\"0\">Prazo de validade<\/a>\n\t\t\t\t\t<\/div>\n\t\t\t\t\t<div id=\"elementor-tab-content-2089\" class=\"elementor-tab-content elementor-clearfix\" data-tab=\"9\" role=\"region\" aria-labelledby=\"elementor-tab-title-2089\"><\/div>\n\t\t\t\t<\/div>\n\t\t\t\t\t\t\t\t<\/div>\n\t\t\t\t\t\t<\/div>\n\t\t\t\t<\/div>\n\t\t\t\t\t<\/div>\n\t\t<\/div>\n\t\t\t\t\t<\/div>\n\t\t<\/section>\n\t\t\t\t<\/div>\n\t\t                        <\/div>\n                    <\/div>\n                                    <div class=\"tab-pane elementkit-tab-pane elementor-repeater-item-9b61f69\" id=\"content-9b61f6969e19f3256ccf\" role=\"tabpanel\"\n                         aria-labelledby=\"content-9b61f6969e19f3256ccf-tab\">\n                        <div class=\"animated fadeIn\">\n                            <p class=\"translation-block\">1. Limpar a ferida e secar bem a pele envolvente.\n2. Retirar as bandas de prote\u00e7\u00e3o do penso.\n3. Visualizar o local de aplica\u00e7\u00e3o atrav\u00e9s da pel\u00edcula e centr\u00e1-la sobre a ferida; n\u00e3o esticar durante a aplica\u00e7\u00e3o.\n4. Protectfilm\u00ae Frame Style; retuirar lentamente a moldura, ao mesmo tempo que alisa os rebordos do penso; em seguida, alisar todo o\npenso, da zona central para os rebordos, pressionando firmemente, para garantir uma boa ader\u00eancia.<\/p><p><img decoding=\"async\" class=\"aligncenter wp-image-21023 size-full\" src=\"https:\/\/pharmaplast-online.net\/wp-content\/uploads\/2025\/06\/IFU-20.png\" alt=\"\" width=\"962\" height=\"152\" srcset=\"https:\/\/pharmaplast-online.net\/wp-content\/uploads\/2025\/06\/IFU-20.png 962w, https:\/\/pharmaplast-online.net\/wp-content\/uploads\/2025\/06\/IFU-20-300x47.png 300w, https:\/\/pharmaplast-online.net\/wp-content\/uploads\/2025\/06\/IFU-20-768x121.png 768w, https:\/\/pharmaplast-online.net\/wp-content\/uploads\/2025\/06\/IFU-20-18x3.png 18w, https:\/\/pharmaplast-online.net\/wp-content\/uploads\/2025\/06\/IFU-20-24x4.png 24w, https:\/\/pharmaplast-online.net\/wp-content\/uploads\/2025\/06\/IFU-20-36x6.png 36w, https:\/\/pharmaplast-online.net\/wp-content\/uploads\/2025\/06\/IFU-20-48x8.png 48w, https:\/\/pharmaplast-online.net\/wp-content\/uploads\/2025\/06\/IFU-20-600x95.png 600w\" sizes=\"(max-width: 962px) 100vw, 962px\" \/><\/p><p><iframe title=\"Protectfilm\u00ae Frame Style (10x12 CM )\" width=\"1300\" height=\"731\" src=\"https:\/\/www.youtube.com\/embed\/k9oTM5NdieU?list=PLV-_rnagYXoqbD4q-2O-EP949Rt-cluJ4\" frameborder=\"0\" allow=\"accelerometer; autoplay; clipboard-write; encrypted-media; gyroscope; picture-in-picture; web-share\" referrerpolicy=\"strict-origin-when-cross-origin\" allowfullscreen><\/iframe><\/p>                        <\/div>\n                    <\/div>\n                                    <div class=\"tab-pane elementkit-tab-pane elementor-repeater-item-23affad\" id=\"content-23affad69e19f3256ccf\" role=\"tabpanel\"\n                         aria-labelledby=\"content-23affad69e19f3256ccf-tab\">\n                        <div class=\"animated fadeIn\">\n                            <table><tbody><tr><td width=\"186\"><p><strong>Protectfilm<\/strong><strong>\u00ae<\/strong><strong> Frame Style<\/strong><\/p><\/td><td width=\"105\"><p><strong>Size<\/strong><\/p><\/td><td width=\"126\"><p><strong>Pieces\/Case<\/strong><\/p><\/td><td width=\"144\"><p><strong>Boxes\/Case <\/strong><\/p><\/td><\/tr><tr><td width=\"186\"><p>PRFS6070<\/p><\/td><td width=\"105\"><p>6cmx7cm<\/p><\/td><td width=\"126\"><p>100<\/p><\/td><td width=\"144\"><p>16<\/p><\/td><\/tr><tr><td width=\"186\"><p>PRFS5075<\/p><\/td><td width=\"105\"><p>5cmx7.5cm<\/p><\/td><td width=\"126\"><p>100<\/p><\/td><td width=\"144\"><p>16<\/p><\/td><\/tr><tr><td width=\"186\"><p>PRFS75100<\/p><\/td><td width=\"105\"><p>7.5cmx10cm<\/p><\/td><td width=\"126\"><p>100<\/p><\/td><td width=\"144\"><p>16<\/p><\/td><\/tr><tr><td width=\"186\"><p>PRFS75120<\/p><\/td><td width=\"105\"><p>7.5cmx12cm<\/p><\/td><td width=\"126\"><p>60<\/p><\/td><td width=\"144\"><p>16<\/p><\/td><\/tr><tr><td width=\"186\"><p>PRFS5082<\/p><\/td><td width=\"105\"><p>5cmx8.2cm<\/p><\/td><td width=\"126\"><p>100<\/p><\/td><td width=\"144\"><p>16<\/p><\/td><\/tr><tr><td width=\"186\"><p>PRFS6585<\/p><\/td><td width=\"105\"><p>6.5cmx8.5cm<\/p><\/td><td width=\"126\"><p>100<\/p><\/td><td width=\"144\"><p>16<\/p><\/td><\/tr><tr><td width=\"186\"><p>PRFS100120<\/p><\/td><td width=\"105\"><p>10cmx12cm<\/p><\/td><td width=\"126\"><p>60<\/p><\/td><td width=\"144\"><p>16<\/p><\/td><\/tr><tr><td width=\"186\"><p>PRFS100140<\/p><\/td><td width=\"105\"><p>10cmx14cm<\/p><\/td><td width=\"126\"><p>60<\/p><\/td><td width=\"144\"><p>16<\/p><\/td><\/tr><\/tbody><\/table><p>Outros tamanhos est\u00e3o dispon\u00edveis mediante solicita\u00e7\u00e3o.<\/p>                        <\/div>\n                    <\/div>\n                                    <div class=\"tab-pane elementkit-tab-pane elementor-repeater-item-de626a0\" id=\"content-de626a069e19f3256ccf\" role=\"tabpanel\"\n                         aria-labelledby=\"content-de626a069e19f3256ccf-tab\">\n                        <div class=\"animated fadeIn\">\n                            <p><a href=\"https:\/\/pharmaplast-online.net\/wp-content\/uploads\/2025\/06\/Protectfilm-Family-brochure.pdf\">Protectfilm Family brochure<\/a><\/p><p><img loading=\"lazy\" decoding=\"async\" class=\"alignnone wp-image-20471\" src=\"https:\/\/pharmaplast-online.net\/wp-content\/uploads\/2025\/06\/broucher-300x105.png\" alt=\"\" width=\"146\" height=\"51\" srcset=\"https:\/\/pharmaplast-online.net\/wp-content\/uploads\/2025\/06\/broucher-300x105.png 300w, https:\/\/pharmaplast-online.net\/wp-content\/uploads\/2025\/06\/broucher-18x6.png 18w, https:\/\/pharmaplast-online.net\/wp-content\/uploads\/2025\/06\/broucher-24x8.png 24w, https:\/\/pharmaplast-online.net\/wp-content\/uploads\/2025\/06\/broucher-36x13.png 36w, https:\/\/pharmaplast-online.net\/wp-content\/uploads\/2025\/06\/broucher-48x17.png 48w, https:\/\/pharmaplast-online.net\/wp-content\/uploads\/2025\/06\/broucher-600x211.png 600w, https:\/\/pharmaplast-online.net\/wp-content\/uploads\/2025\/06\/broucher.png 640w\" sizes=\"(max-width: 146px) 100vw, 146px\" \/><\/p>                        <\/div>\n                    <\/div>\n                                \n            <\/div>\n                    <\/div>\n    <\/div>\t\t\t\t<\/div>\n\t\t\t\t<\/div>\n\t\t\t\t\t<\/div>\n\t\t<\/div>\n\t\t\t\t\t<\/div>\n\t\t<\/section>\n\t\t\t\t<\/div>","protected":false},"excerpt":{"rendered":"<p>Penso de fixa\u00e7\u00e3o de pel\u00edcula transparente<\/p>","protected":false},"featured_media":21000,"comment_status":"open","ping_status":"closed","template":"","meta":[],"product_brand":[],"product_cat":[224,223,225],"product_tag":[],"class_list":{"0":"post-11168","1":"product","2":"type-product","3":"status-publish","4":"has-post-thumbnail","6":"product_cat-post-op-dressings-surgical-dressings","7":"product_cat-surgical-dressings","8":"product_cat-traditional","10":"first","11":"instock","12":"shipping-taxable","13":"product-type-simple"},"acf":[],"_links":{"self":[{"href":"https:\/\/pharmaplast-online.net\/pt\/wp-json\/wp\/v2\/product\/11168","targetHints":{"allow":["GET"]}}],"collection":[{"href":"https:\/\/pharmaplast-online.net\/pt\/wp-json\/wp\/v2\/product"}],"about":[{"href":"https:\/\/pharmaplast-online.net\/pt\/wp-json\/wp\/v2\/types\/product"}],"replies":[{"embeddable":true,"href":"https:\/\/pharmaplast-online.net\/pt\/wp-json\/wp\/v2\/comments?post=11168"}],"version-history":[{"count":20,"href":"https:\/\/pharmaplast-online.net\/pt\/wp-json\/wp\/v2\/product\/11168\/revisions"}],"predecessor-version":[{"id":23363,"href":"https:\/\/pharmaplast-online.net\/pt\/wp-json\/wp\/v2\/product\/11168\/revisions\/23363"}],"wp:featuredmedia":[{"embeddable":true,"href":"https:\/\/pharmaplast-online.net\/pt\/wp-json\/wp\/v2\/media\/21000"}],"wp:attachment":[{"href":"https:\/\/pharmaplast-online.net\/pt\/wp-json\/wp\/v2\/media?parent=11168"}],"wp:term":[{"taxonomy":"product_brand","embeddable":true,"href":"https:\/\/pharmaplast-online.net\/pt\/wp-json\/wp\/v2\/product_brand?post=11168"},{"taxonomy":"product_cat","embeddable":true,"href":"https:\/\/pharmaplast-online.net\/pt\/wp-json\/wp\/v2\/product_cat?post=11168"},{"taxonomy":"product_tag","embeddable":true,"href":"https:\/\/pharmaplast-online.net\/pt\/wp-json\/wp\/v2\/product_tag?post=11168"}],"curies":[{"name":"wp","href":"https:\/\/api.w.org\/{rel}","templated":true}]}}