{"id":11572,"date":"2023-03-06T16:17:36","date_gmt":"2023-03-06T16:17:36","guid":{"rendered":"https:\/\/pharmaplast.mediagate-egy.com\/?post_type=product&#038;p=11572"},"modified":"2024-11-10T20:27:09","modified_gmt":"2024-11-10T20:27:09","slug":"pharmapore-ultra-silver","status":"publish","type":"product","link":"https:\/\/pharmaplast-online.net\/pt\/produto\/pharmapore-ultra-silver\/","title":{"rendered":"Pharmapore\u00ae Ultra Silver"},"content":{"rendered":"<div data-elementor-type=\"product-post\" data-elementor-id=\"11572\" class=\"elementor elementor-11572\" data-elementor-post-type=\"product\">\n\t\t\t\t\t\t<section class=\"elementor-section elementor-top-section elementor-element elementor-element-3b94b2a elementor-section-boxed elementor-section-height-default elementor-section-height-default qodef-elementor-content-no\" data-id=\"3b94b2a\" data-element_type=\"section\" data-e-type=\"section\" data-settings=\"{&quot;ekit_has_onepagescroll_dot&quot;:&quot;yes&quot;}\">\n\t\t\t\t\t\t<div class=\"elementor-container elementor-column-gap-default\">\n\t\t\t\t\t<div class=\"elementor-column elementor-col-100 elementor-top-column elementor-element elementor-element-7984a01\" data-id=\"7984a01\" data-element_type=\"column\" data-e-type=\"column\">\n\t\t\t<div class=\"elementor-widget-wrap elementor-element-populated\">\n\t\t\t\t\t\t<div class=\"elementor-element elementor-element-4480000 elementor-widget elementor-widget-elementskit-simple-tab\" data-id=\"4480000\" data-element_type=\"widget\" data-e-type=\"widget\" data-settings=\"{&quot;ekit_we_effect_on&quot;:&quot;none&quot;}\" data-widget_type=\"elementskit-simple-tab.default\">\n\t\t\t\t<div class=\"elementor-widget-container\">\n\t\t\t\t\t<div class=\"ekit-wid-con\" >        <div class=\"elementkit-tab-wraper\">\n            <ul class=\"nav nav-tabs elementkit-tab-nav  elementskit-fullwidth-tab\">\n                                    <li class=\"elementkit-nav-item elementor-repeater-item-d0363a9\">\n                        <a class=\"elementkit-nav-link  active show left-pos\" id=\"content-d0363a969f4215098b5c-tab\" data-ekit-handler-id=\"product-info\" data-ekit-toggle=\"tab\" data-target=\"#content-d0363a969f4215098b5c\" href=\"#Content-d0363a969f4215098b5c\"\n                            data-ekit-toggle-trigger=\"click\"\n                            aria-describedby=\"Content-d0363a969f4215098b5c\">\n                            <span class=\"elementskit-tab-icon\"><\/span>                            <span class=\"elementskit-tab-title\">Informa\u00e7\u00f5es Sobre o Produto<\/span>\n                        <\/a>\n                    <\/li>\n                                        <li class=\"elementkit-nav-item elementor-repeater-item-9b61f69\">\n                        <a class=\"elementkit-nav-link  left-pos\" id=\"content-9b61f6969f4215098b5c-tab\" data-ekit-handler-id=\"how-to-use\" data-ekit-toggle=\"tab\" data-target=\"#content-9b61f6969f4215098b5c\" href=\"#Content-9b61f6969f4215098b5c\"\n                            data-ekit-toggle-trigger=\"click\"\n                            aria-describedby=\"Content-9b61f6969f4215098b5c\">\n                            <span class=\"elementskit-tab-icon\"><\/span>                            <span class=\"elementskit-tab-title\">Instru\u00e7\u00f5es de utiliza\u00e7\u00e3o<\/span>\n                        <\/a>\n                    <\/li>\n                                        <li class=\"elementkit-nav-item elementor-repeater-item-23affad\">\n                        <a class=\"elementkit-nav-link  left-pos\" id=\"content-23affad69f4215098b5c-tab\" data-ekit-handler-id=\"sizes-codes\" data-ekit-toggle=\"tab\" data-target=\"#content-23affad69f4215098b5c\" href=\"#Content-23affad69f4215098b5c\"\n                            data-ekit-toggle-trigger=\"click\"\n                            aria-describedby=\"Content-23affad69f4215098b5c\">\n                            <span class=\"elementskit-tab-icon\"><\/span>                            <span class=\"elementskit-tab-title\">Tamanhos e C\u00f3digos<\/span>\n                        <\/a>\n                    <\/li>\n                                        <li class=\"elementkit-nav-item elementor-repeater-item-34bc066\">\n                        <a class=\"elementkit-nav-link  left-pos\" id=\"content-34bc06669f4215098b5c-tab\" data-ekit-handler-id=\"downloads\" data-ekit-toggle=\"tab\" data-target=\"#content-34bc06669f4215098b5c\" href=\"#Content-34bc06669f4215098b5c\"\n                            data-ekit-toggle-trigger=\"click\"\n                            aria-describedby=\"Content-34bc06669f4215098b5c\">\n                            <span class=\"elementskit-tab-icon\"><\/span>                            <span class=\"elementskit-tab-title\">downloads<\/span>\n                        <\/a>\n                    <\/li>\n                                <\/ul>\n\n            <div class=\"tab-content elementkit-tab-content\">\n                                    <div class=\"tab-pane elementkit-tab-pane elementor-repeater-item-d0363a9  active show\" id=\"content-d0363a969f4215098b5c\" role=\"tabpanel\"\n                         aria-labelledby=\"content-d0363a969f4215098b5c-tab\">\n                        <div class=\"animated fadeIn\">\n                            <h3>Informa\u00e7\u00f5es Sobre o Produto<\/h3>\t\t<div data-elementor-type=\"section\" data-elementor-id=\"8585\" class=\"elementor elementor-8585\" data-elementor-post-type=\"elementor_library\">\n\t\t\t\t\t<section class=\"elementor-section elementor-top-section elementor-element elementor-element-3c9a5a4 elementor-section-boxed elementor-section-height-default elementor-section-height-default qodef-elementor-content-no\" data-id=\"3c9a5a4\" data-element_type=\"section\" data-e-type=\"section\" data-settings=\"{&quot;ekit_has_onepagescroll_dot&quot;:&quot;yes&quot;}\">\n\t\t\t\t\t\t<div class=\"elementor-container elementor-column-gap-default\">\n\t\t\t\t\t<div class=\"elementor-column elementor-col-100 elementor-top-column elementor-element elementor-element-8fd3e15\" data-id=\"8fd3e15\" data-element_type=\"column\" data-e-type=\"column\">\n\t\t\t<div class=\"elementor-widget-wrap elementor-element-populated\">\n\t\t\t\t\t\t<div class=\"elementor-element elementor-element-c6fd92e elementor-widget elementor-widget-accordion\" data-id=\"c6fd92e\" data-element_type=\"widget\" data-e-type=\"widget\" data-settings=\"{&quot;ekit_we_effect_on&quot;:&quot;none&quot;}\" data-widget_type=\"accordion.default\">\n\t\t\t\t<div class=\"elementor-widget-container\">\n\t\t\t\t\t\t\t<div class=\"elementor-accordion\">\n\t\t\t\t\t\t\t<div class=\"elementor-accordion-item\">\n\t\t\t\t\t<div id=\"elementor-tab-title-2081\" class=\"elementor-tab-title\" data-tab=\"1\" role=\"button\" aria-controls=\"elementor-tab-content-2081\" aria-expanded=\"false\">\n\t\t\t\t\t\t\t\t\t\t\t\t\t<span class=\"elementor-accordion-icon elementor-accordion-icon-left\" aria-hidden=\"true\">\n\t\t\t\t\t\t\t\t\t\t\t\t\t\t\t<span class=\"elementor-accordion-icon-closed\"><i class=\"fas fa-plus\"><\/i><\/span>\n\t\t\t\t\t\t\t\t<span class=\"elementor-accordion-icon-opened\"><i class=\"fas fa-minus\"><\/i><\/span>\n\t\t\t\t\t\t\t\t\t\t\t\t\t\t<\/span>\n\t\t\t\t\t\t\t\t\t\t\t\t<a class=\"elementor-accordion-title\" tabindex=\"0\">Descri\u00e7\u00e3o:<\/a>\n\t\t\t\t\t<\/div>\n\t\t\t\t\t<div id=\"elementor-tab-content-2081\" class=\"elementor-tab-content elementor-clearfix\" data-tab=\"1\" role=\"region\" aria-labelledby=\"elementor-tab-title-2081\"><div class=\"su-spoiler-content su-u-clearfix su-u-trim\">\n<p style=\"text-align: justify\"><span style=\"font-size: medium\"><strong>Pharmapore\u00ae Ultra Silver<\/strong> \u00e9 um curativo n\u00e3o tecido laminado com camada externa de filme de poliuretano \u00e0 prova d'\u00e1gua respir\u00e1vel, \u00e0 prova de bact\u00e9rias e \u00e0 prova de v\u00edrus e almofada de prata absorvente antimicrobiana central.<\/span><\/p>\n<p style=\"text-align: justify\"><span style=\"font-size: medium\">Constru\u00e7\u00e3o bilaminada, fabricada em tecido n\u00e3o tecido absorvente, revestida com uma rede de cor prateada em HDPE. A camada de tecido n\u00e3o tecido cont\u00e9m prata sob a forma de fosfato de zirc\u00f3nio, s\u00f3dio e prata. Esta constru\u00e7\u00e3o bilaminada \u00e9 utilizada como uma compressa tipo ilha em v\u00e1rios produtos Pharmaplast.<\/span><\/p>\n<p style=\"text-align: justify\">\n<\/div>\n<\/div>\n\t\t\t\t<\/div>\n\t\t\t\t\t\t\t<div class=\"elementor-accordion-item\">\n\t\t\t\t\t<div id=\"elementor-tab-title-2082\" class=\"elementor-tab-title\" data-tab=\"2\" role=\"button\" aria-controls=\"elementor-tab-content-2082\" aria-expanded=\"false\">\n\t\t\t\t\t\t\t\t\t\t\t\t\t<span class=\"elementor-accordion-icon elementor-accordion-icon-left\" aria-hidden=\"true\">\n\t\t\t\t\t\t\t\t\t\t\t\t\t\t\t<span class=\"elementor-accordion-icon-closed\"><i class=\"fas fa-plus\"><\/i><\/span>\n\t\t\t\t\t\t\t\t<span class=\"elementor-accordion-icon-opened\"><i class=\"fas fa-minus\"><\/i><\/span>\n\t\t\t\t\t\t\t\t\t\t\t\t\t\t<\/span>\n\t\t\t\t\t\t\t\t\t\t\t\t<a class=\"elementor-accordion-title\" tabindex=\"0\">Caracter\u00edsticas<\/a>\n\t\t\t\t\t<\/div>\n\t\t\t\t\t<div id=\"elementor-tab-content-2082\" class=\"elementor-tab-content elementor-clearfix\" data-tab=\"2\" role=\"region\" aria-labelledby=\"elementor-tab-title-2082\"><ol>\n<li class=\"translation-block\"><span style=\"font-size: medium\">The unique structure of <strong>Pharmapore Ultra,<\/strong> with nonwoven and PU layers, gives flexibility and strength. This is in addition to its cushion effect on wound.<\/span><\/li>\n<li><span style=\"font-size: medium\">A camada de PU que possui uma estrutura molecular \u00fanica torna-a perme\u00e1vel ao vapor de \u00e1gua. Ao mesmo tempo, \u00e9 \u00e0 prova d'\u00e1gua, ent\u00e3o o paciente pode tomar banho enquanto o curativo \u00e9 aplicado. Sendo tamb\u00e9m \u00e0 prova de bact\u00e9rias e v\u00edrus; por isso reduz o risco de infec\u00e7\u00e3o.<\/span><\/li>\n<li><span style=\"font-size: medium\">Almofada altamente absorvente e adapt\u00e1vel, laminada em um dos lados com rede de HDPE prateado para evitar ader\u00eancia na ferida.<\/span><\/li>\n<li><span style=\"font-size: medium\">Barreira antimicrobiana para prevenir a coloniza\u00e7\u00e3o no curativo.<\/span><\/li>\n<li><span style=\"font-size: medium\">Prophylaxis against infection especially for wounds at high risk of infection.<\/span><\/li>\n<li><span style=\"font-size: medium\">Adesivo revestido com listras, hipoalerg\u00eanico e sem l\u00e1tex.<\/span><\/li>\n<li><span style=\"font-size: medium\">Embalado individualmente em bolsa destac\u00e1vel e esterilizado por g\u00e1s EO.<\/span><\/li>\n<li><span style=\"font-size: medium\"><span style=\"font-size: medium\">Biocompat\u00edvel e em conformidade com a norma 10993.<\/span><\/span><\/li>\n<\/ol>\n<\/div>\n\t\t\t\t<\/div>\n\t\t\t\t\t\t\t<div class=\"elementor-accordion-item\">\n\t\t\t\t\t<div id=\"elementor-tab-title-2083\" class=\"elementor-tab-title\" data-tab=\"3\" role=\"button\" aria-controls=\"elementor-tab-content-2083\" aria-expanded=\"false\">\n\t\t\t\t\t\t\t\t\t\t\t\t\t<span class=\"elementor-accordion-icon elementor-accordion-icon-left\" aria-hidden=\"true\">\n\t\t\t\t\t\t\t\t\t\t\t\t\t\t\t<span class=\"elementor-accordion-icon-closed\"><i class=\"fas fa-plus\"><\/i><\/span>\n\t\t\t\t\t\t\t\t<span class=\"elementor-accordion-icon-opened\"><i class=\"fas fa-minus\"><\/i><\/span>\n\t\t\t\t\t\t\t\t\t\t\t\t\t\t<\/span>\n\t\t\t\t\t\t\t\t\t\t\t\t<a class=\"elementor-accordion-title\" tabindex=\"0\">Indica\u00e7\u00f5es<\/a>\n\t\t\t\t\t<\/div>\n\t\t\t\t\t<div id=\"elementor-tab-content-2083\" class=\"elementor-tab-content elementor-clearfix\" data-tab=\"3\" role=\"region\" aria-labelledby=\"elementor-tab-title-2083\"><div class=\"su-spoiler-content su-u-clearfix su-u-trim\">\n<ul>\n<li><span style=\"font-size: medium\"><strong>Pharmapore\u00ae Ultra Silver<\/strong> O curativo adesivo para feridas \u00e9 ideal para uso p\u00f3s-operat\u00f3rio. Tamb\u00e9m \u00e9 \u00fatil para acidentes e emerg\u00eancias em caso de cortes, lacera\u00e7\u00f5es e feridas suturadas.<\/span><\/li>\n<\/ul>\n<\/div>\n<\/div>\n\t\t\t\t<\/div>\n\t\t\t\t\t\t\t<div class=\"elementor-accordion-item\">\n\t\t\t\t\t<div id=\"elementor-tab-title-2084\" class=\"elementor-tab-title\" data-tab=\"4\" role=\"button\" aria-controls=\"elementor-tab-content-2084\" aria-expanded=\"false\">\n\t\t\t\t\t\t\t\t\t\t\t\t\t<span class=\"elementor-accordion-icon elementor-accordion-icon-left\" aria-hidden=\"true\">\n\t\t\t\t\t\t\t\t\t\t\t\t\t\t\t<span class=\"elementor-accordion-icon-closed\"><i class=\"fas fa-plus\"><\/i><\/span>\n\t\t\t\t\t\t\t\t<span class=\"elementor-accordion-icon-opened\"><i class=\"fas fa-minus\"><\/i><\/span>\n\t\t\t\t\t\t\t\t\t\t\t\t\t\t<\/span>\n\t\t\t\t\t\t\t\t\t\t\t\t<a class=\"elementor-accordion-title\" tabindex=\"0\">Contraindica\u00e7\u00f5es<\/a>\n\t\t\t\t\t<\/div>\n\t\t\t\t\t<div id=\"elementor-tab-content-2084\" class=\"elementor-tab-content elementor-clearfix\" data-tab=\"4\" role=\"region\" aria-labelledby=\"elementor-tab-title-2084\"><p class=\"translation-block\"><div class=\"su-spoiler-content su-u-clearfix su-u-trim\">\n<ul>\n<li><span style=\"font-size: medium\">A utiliza\u00e7\u00e3o desta gama de produtos n\u00e3o apresenta qualquer contra-indica\u00e7\u00e3o absoluta.<\/span><\/li>\n<li><span style=\"font-size: medium\">N\u00e3o utilizar em indiv\u00edduos com sensibilidade conhecida a qualquer um dos componentes do produto.<\/span><\/li>\n<li><span style=\"font-size: medium\">No caso de produtos com i\u00f5es de prata antimicrobianos, a experi\u00eancia com rec\u00e9m-nascidos \/ beb\u00e9s pequenos \u00e9 limitada.<\/span><\/li>\n<\/ul>\n<\/div><\/p>\n<\/div>\n\t\t\t\t<\/div>\n\t\t\t\t\t\t\t<div class=\"elementor-accordion-item\">\n\t\t\t\t\t<div id=\"elementor-tab-title-2085\" class=\"elementor-tab-title\" data-tab=\"5\" role=\"button\" aria-controls=\"elementor-tab-content-2085\" aria-expanded=\"false\">\n\t\t\t\t\t\t\t\t\t\t\t\t\t<span class=\"elementor-accordion-icon elementor-accordion-icon-left\" aria-hidden=\"true\">\n\t\t\t\t\t\t\t\t\t\t\t\t\t\t\t<span class=\"elementor-accordion-icon-closed\"><i class=\"fas fa-plus\"><\/i><\/span>\n\t\t\t\t\t\t\t\t<span class=\"elementor-accordion-icon-opened\"><i class=\"fas fa-minus\"><\/i><\/span>\n\t\t\t\t\t\t\t\t\t\t\t\t\t\t<\/span>\n\t\t\t\t\t\t\t\t\t\t\t\t<a class=\"elementor-accordion-title\" tabindex=\"0\">Precau\u00e7\u00f5es<\/a>\n\t\t\t\t\t<\/div>\n\t\t\t\t\t<div id=\"elementor-tab-content-2085\" class=\"elementor-tab-content elementor-clearfix\" data-tab=\"5\" role=\"region\" aria-labelledby=\"elementor-tab-title-2085\"><\/div>\n\t\t\t\t<\/div>\n\t\t\t\t\t\t\t<div class=\"elementor-accordion-item\">\n\t\t\t\t\t<div id=\"elementor-tab-title-2086\" class=\"elementor-tab-title\" data-tab=\"6\" role=\"button\" aria-controls=\"elementor-tab-content-2086\" aria-expanded=\"false\">\n\t\t\t\t\t\t\t\t\t\t\t\t\t<span class=\"elementor-accordion-icon elementor-accordion-icon-left\" aria-hidden=\"true\">\n\t\t\t\t\t\t\t\t\t\t\t\t\t\t\t<span class=\"elementor-accordion-icon-closed\"><i class=\"fas fa-plus\"><\/i><\/span>\n\t\t\t\t\t\t\t\t<span class=\"elementor-accordion-icon-opened\"><i class=\"fas fa-minus\"><\/i><\/span>\n\t\t\t\t\t\t\t\t\t\t\t\t\t\t<\/span>\n\t\t\t\t\t\t\t\t\t\t\t\t<a class=\"elementor-accordion-title\" tabindex=\"0\">Diagrama de camadas<\/a>\n\t\t\t\t\t<\/div>\n\t\t\t\t\t<div id=\"elementor-tab-content-2086\" class=\"elementor-tab-content elementor-clearfix\" data-tab=\"6\" role=\"region\" aria-labelledby=\"elementor-tab-title-2086\"><\/div>\n\t\t\t\t<\/div>\n\t\t\t\t\t\t\t<div class=\"elementor-accordion-item\">\n\t\t\t\t\t<div id=\"elementor-tab-title-2087\" class=\"elementor-tab-title\" data-tab=\"7\" role=\"button\" aria-controls=\"elementor-tab-content-2087\" aria-expanded=\"false\">\n\t\t\t\t\t\t\t\t\t\t\t\t\t<span class=\"elementor-accordion-icon elementor-accordion-icon-left\" aria-hidden=\"true\">\n\t\t\t\t\t\t\t\t\t\t\t\t\t\t\t<span class=\"elementor-accordion-icon-closed\"><i class=\"fas fa-plus\"><\/i><\/span>\n\t\t\t\t\t\t\t\t<span class=\"elementor-accordion-icon-opened\"><i class=\"fas fa-minus\"><\/i><\/span>\n\t\t\t\t\t\t\t\t\t\t\t\t\t\t<\/span>\n\t\t\t\t\t\t\t\t\t\t\t\t<a class=\"elementor-accordion-title\" tabindex=\"0\">Frequ\u00eancia com que o penso deve ser mudado<\/a>\n\t\t\t\t\t<\/div>\n\t\t\t\t\t<div id=\"elementor-tab-content-2087\" class=\"elementor-tab-content elementor-clearfix\" data-tab=\"7\" role=\"region\" aria-labelledby=\"elementor-tab-title-2087\"><\/div>\n\t\t\t\t<\/div>\n\t\t\t\t\t\t\t<div class=\"elementor-accordion-item\">\n\t\t\t\t\t<div id=\"elementor-tab-title-2088\" class=\"elementor-tab-title\" data-tab=\"8\" role=\"button\" aria-controls=\"elementor-tab-content-2088\" aria-expanded=\"false\">\n\t\t\t\t\t\t\t\t\t\t\t\t\t<span class=\"elementor-accordion-icon elementor-accordion-icon-left\" aria-hidden=\"true\">\n\t\t\t\t\t\t\t\t\t\t\t\t\t\t\t<span class=\"elementor-accordion-icon-closed\"><i class=\"fas fa-plus\"><\/i><\/span>\n\t\t\t\t\t\t\t\t<span class=\"elementor-accordion-icon-opened\"><i class=\"fas fa-minus\"><\/i><\/span>\n\t\t\t\t\t\t\t\t\t\t\t\t\t\t<\/span>\n\t\t\t\t\t\t\t\t\t\t\t\t<a class=\"elementor-accordion-title\" tabindex=\"0\">Como funciona?<\/a>\n\t\t\t\t\t<\/div>\n\t\t\t\t\t<div id=\"elementor-tab-content-2088\" class=\"elementor-tab-content elementor-clearfix\" data-tab=\"8\" role=\"region\" aria-labelledby=\"elementor-tab-title-2088\"><div class=\"su-spoiler-content su-u-clearfix su-u-trim\">\n<p style=\"text-align: justify\"><span style=\"font-size: medium\"><span style=\"font-size: medium\">Os i\u00f5es de prata da compressa de prata n\u00e3o s\u00e3o migrat\u00f3rios. Quando a compressa de prata foi testada relativamente \u00e0 zona de inibi\u00e7\u00e3o, n\u00e3o foram detectadas inibi\u00e7\u00f5es de crescimento \u00e0 volta da amostra, apenas por baixo desta. Isto significa que os i\u00f5es de prata n\u00e3o se filtram pela compressa e actuam apenas na superf\u00edcie desta ao entrarem em contacto com os microrganismos.<\/span><\/span><\/p>\n<p><img decoding=\"async\" class=\"aligncenter\" src=\"https:\/\/pharmaplast-online.net\/wp-content\/uploads\/Wound_Care\/Products\/Pharmapore_Silver\/Mechanism_of_action_of_silver_pad-PT.jpg\" alt=\"\" width=\"749\" height=\"565\" \/><\/p>\n<\/div>\n<\/div>\n\t\t\t\t<\/div>\n\t\t\t\t\t\t\t<div class=\"elementor-accordion-item\">\n\t\t\t\t\t<div id=\"elementor-tab-title-2089\" class=\"elementor-tab-title\" data-tab=\"9\" role=\"button\" aria-controls=\"elementor-tab-content-2089\" aria-expanded=\"false\">\n\t\t\t\t\t\t\t\t\t\t\t\t\t<span class=\"elementor-accordion-icon elementor-accordion-icon-left\" aria-hidden=\"true\">\n\t\t\t\t\t\t\t\t\t\t\t\t\t\t\t<span class=\"elementor-accordion-icon-closed\"><i class=\"fas fa-plus\"><\/i><\/span>\n\t\t\t\t\t\t\t\t<span class=\"elementor-accordion-icon-opened\"><i class=\"fas fa-minus\"><\/i><\/span>\n\t\t\t\t\t\t\t\t\t\t\t\t\t\t<\/span>\n\t\t\t\t\t\t\t\t\t\t\t\t<a class=\"elementor-accordion-title\" tabindex=\"0\">Prazo de validade<\/a>\n\t\t\t\t\t<\/div>\n\t\t\t\t\t<div id=\"elementor-tab-content-2089\" class=\"elementor-tab-content elementor-clearfix\" data-tab=\"9\" role=\"region\" aria-labelledby=\"elementor-tab-title-2089\"><\/div>\n\t\t\t\t<\/div>\n\t\t\t\t\t\t\t\t<\/div>\n\t\t\t\t\t\t<\/div>\n\t\t\t\t<\/div>\n\t\t\t\t\t<\/div>\n\t\t<\/div>\n\t\t\t\t\t<\/div>\n\t\t<\/section>\n\t\t\t\t<\/div>\n\t\t                        <\/div>\n                    <\/div>\n                                    <div class=\"tab-pane elementkit-tab-pane elementor-repeater-item-9b61f69\" id=\"content-9b61f6969f4215098b5c\" role=\"tabpanel\"\n                         aria-labelledby=\"content-9b61f6969f4215098b5c-tab\">\n                        <div class=\"animated fadeIn\">\n                            <p>1. Open the pouch according to normal procedure.<br \/>2. Remove the flaps to expose the adhesive surface.<br \/>3. Place the dressing on the wound site.<img decoding=\"async\" class=\"aligncenter\" src=\"https:\/\/pharmaplast-online.net\/wp-content\/uploads\/Wound_Care\/how_to_use\/En\/Pharmapore_Ultra_Silver.png \" alt=\"\" \/><\/p>                        <\/div>\n                    <\/div>\n                                    <div class=\"tab-pane elementkit-tab-pane elementor-repeater-item-23affad\" id=\"content-23affad69f4215098b5c\" role=\"tabpanel\"\n                         aria-labelledby=\"content-23affad69f4215098b5c-tab\">\n                        <div class=\"animated fadeIn\">\n                            <table><tbody><tr><td width=\"232\"><p><strong><em>Pharmapore\u00ae Ultra Silver<\/em><\/strong><\/p><\/td><td width=\"133\"><p><strong>Size<\/strong><\/p><\/td><td width=\"108\"><p><strong>Pieces\/Case<\/strong><\/p><\/td><td width=\"102\"><p><strong>Boxes\/Case <\/strong><\/p><\/td><\/tr><tr><td width=\"232\"><p>Pore U Ag 106<\/p><\/td><td width=\"133\"><p>10 cm x 6 cm<\/p><\/td><td width=\"108\"><p>100<\/p><\/td><td width=\"102\"><p>8<\/p><\/td><\/tr><tr><td width=\"232\"><p>Pore U Ag 1010<\/p><\/td><td width=\"133\"><p>10 cm x10 cm<\/p><\/td><td width=\"108\"><p>50<\/p><\/td><td width=\"102\"><p>8<\/p><\/td><\/tr><tr><td width=\"232\"><p>Pore U Ag 1015<\/p><\/td><td width=\"133\"><p>10 cm x 15 cm<\/p><\/td><td width=\"108\"><p>50<\/p><\/td><td width=\"102\"><p>8<\/p><\/td><\/tr><tr><td width=\"232\"><p>Pore U Ag 1020<\/p><\/td><td width=\"133\"><p>10 cm x 20 cm<\/p><\/td><td width=\"108\"><p>40<\/p><\/td><td width=\"102\"><p>8<\/p><\/td><\/tr><tr><td width=\"232\"><p>Pore U Ag 1025<\/p><\/td><td width=\"133\"><p>10 cm x 25 cm<\/p><\/td><td width=\"108\"><p>40<\/p><\/td><td width=\"102\"><p>8<\/p><\/td><\/tr><tr><td width=\"232\"><p>Pore U Ag 1030<\/p><\/td><td width=\"133\"><p>10 cm x30 cm<\/p><\/td><td width=\"108\"><p>40<\/p><\/td><td width=\"102\"><p>8<\/p><\/td><\/tr><\/tbody><\/table><p>Outros tamanhos est\u00e3o dispon\u00edveis mediante solicita\u00e7\u00e3o.<\/p><p><img decoding=\"async\" class=\"aligncenter\" src=\"https:\/\/pharmaplast-online.net\/wp-content\/uploads\/Wound_Care\/table_of_sizes\/En\/Pharmapore_Ultra_Silver.png \" alt=\"\" \/><\/p>                        <\/div>\n                    <\/div>\n                                    <div class=\"tab-pane elementkit-tab-pane elementor-repeater-item-34bc066\" id=\"content-34bc06669f4215098b5c\" role=\"tabpanel\"\n                         aria-labelledby=\"content-34bc06669f4215098b5c-tab\">\n                        <div class=\"animated fadeIn\">\n                            <p><a href=\"https:\/\/pharmaplast-online.net\/wp-content\/uploads\/2024\/11\/Silver-Plaster-and-Wound-Dressing-Brochure.pdf\">Pharmapore Silver Family Brochure<\/a><\/p><p><img decoding=\"async\" class=\"alignnone wp-image-17145\" src=\"https:\/\/pharmaplast-online.net\/wp-content\/uploads\/2024\/10\/pdf_4726010-300x300.png\" alt=\"\" width=\"46\" height=\"46\" srcset=\"https:\/\/pharmaplast-online.net\/wp-content\/uploads\/2024\/10\/pdf_4726010-300x300.png 300w, https:\/\/pharmaplast-online.net\/wp-content\/uploads\/2024\/10\/pdf_4726010-150x150.png 150w, https:\/\/pharmaplast-online.net\/wp-content\/uploads\/2024\/10\/pdf_4726010-12x12.png 12w, https:\/\/pharmaplast-online.net\/wp-content\/uploads\/2024\/10\/pdf_4726010-24x24.png 24w, https:\/\/pharmaplast-online.net\/wp-content\/uploads\/2024\/10\/pdf_4726010-36x36.png 36w, https:\/\/pharmaplast-online.net\/wp-content\/uploads\/2024\/10\/pdf_4726010-48x48.png 48w, https:\/\/pharmaplast-online.net\/wp-content\/uploads\/2024\/10\/pdf_4726010-100x100.png 100w, https:\/\/pharmaplast-online.net\/wp-content\/uploads\/2024\/10\/pdf_4726010.png 512w\" sizes=\"(max-width: 46px) 100vw, 46px\" \/><\/p>                        <\/div>\n                    <\/div>\n                                \n            <\/div>\n                    <\/div>\n    <\/div>\t\t\t\t<\/div>\n\t\t\t\t<\/div>\n\t\t\t\t\t<\/div>\n\t\t<\/div>\n\t\t\t\t\t<\/div>\n\t\t<\/section>\n\t\t\t\t<\/div>","protected":false},"excerpt":{"rendered":"<p>Antimicrobial Waterproof non-woven Absorbent Dressing<\/p>","protected":false},"featured_media":18670,"comment_status":"open","ping_status":"closed","template":"","meta":[],"product_brand":[],"product_cat":[266,294,281],"product_tag":[],"class_list":{"0":"post-11572","1":"product","2":"type-product","3":"status-publish","4":"has-post-thumbnail","6":"product_cat-anti-microbial-wound-care","7":"product_cat-post-op-dressings-silver-ag","8":"product_cat-silver-ag","10":"first","11":"instock","12":"shipping-taxable","13":"product-type-simple"},"acf":[],"_links":{"self":[{"href":"https:\/\/pharmaplast-online.net\/pt\/wp-json\/wp\/v2\/product\/11572","targetHints":{"allow":["GET"]}}],"collection":[{"href":"https:\/\/pharmaplast-online.net\/pt\/wp-json\/wp\/v2\/product"}],"about":[{"href":"https:\/\/pharmaplast-online.net\/pt\/wp-json\/wp\/v2\/types\/product"}],"replies":[{"embeddable":true,"href":"https:\/\/pharmaplast-online.net\/pt\/wp-json\/wp\/v2\/comments?post=11572"}],"version-history":[{"count":16,"href":"https:\/\/pharmaplast-online.net\/pt\/wp-json\/wp\/v2\/product\/11572\/revisions"}],"predecessor-version":[{"id":18709,"href":"https:\/\/pharmaplast-online.net\/pt\/wp-json\/wp\/v2\/product\/11572\/revisions\/18709"}],"wp:featuredmedia":[{"embeddable":true,"href":"https:\/\/pharmaplast-online.net\/pt\/wp-json\/wp\/v2\/media\/18670"}],"wp:attachment":[{"href":"https:\/\/pharmaplast-online.net\/pt\/wp-json\/wp\/v2\/media?parent=11572"}],"wp:term":[{"taxonomy":"product_brand","embeddable":true,"href":"https:\/\/pharmaplast-online.net\/pt\/wp-json\/wp\/v2\/product_brand?post=11572"},{"taxonomy":"product_cat","embeddable":true,"href":"https:\/\/pharmaplast-online.net\/pt\/wp-json\/wp\/v2\/product_cat?post=11572"},{"taxonomy":"product_tag","embeddable":true,"href":"https:\/\/pharmaplast-online.net\/pt\/wp-json\/wp\/v2\/product_tag?post=11572"}],"curies":[{"name":"wp","href":"https:\/\/api.w.org\/{rel}","templated":true}]}}