{"id":8042,"date":"2022-12-19T10:31:05","date_gmt":"2022-12-19T10:31:05","guid":{"rendered":"https:\/\/pharmaplast.mediagate-egy.com\/?post_type=product&#038;p=8042"},"modified":"2025-06-17T18:01:40","modified_gmt":"2025-06-17T18:01:40","slug":"espuma-ag-non-adhesive","status":"publish","type":"product","link":"https:\/\/pharmaplast-online.net\/pt\/produto\/espuma-ag-non-adhesive\/","title":{"rendered":"ESPUMA\u00ae Ag Non-Adhesive"},"content":{"rendered":"<div data-elementor-type=\"wp-post\" data-elementor-id=\"8042\" class=\"elementor elementor-8042\" data-elementor-post-type=\"product\">\n\t\t\t\t\t\t<section class=\"elementor-section elementor-top-section elementor-element elementor-element-d47e90c elementor-section-boxed elementor-section-height-default elementor-section-height-default qodef-elementor-content-no\" data-id=\"d47e90c\" data-element_type=\"section\" data-e-type=\"section\" data-settings=\"{&quot;ekit_has_onepagescroll_dot&quot;:&quot;yes&quot;}\">\n\t\t\t\t\t\t<div class=\"elementor-container elementor-column-gap-default\">\n\t\t\t\t\t<div class=\"elementor-column elementor-col-100 elementor-top-column elementor-element elementor-element-17e099c\" data-id=\"17e099c\" data-element_type=\"column\" data-e-type=\"column\">\n\t\t\t<div class=\"elementor-widget-wrap elementor-element-populated\">\n\t\t\t\t\t\t<div class=\"elementor-element elementor-element-4356230 elementor-widget elementor-widget-elementskit-simple-tab\" data-id=\"4356230\" data-element_type=\"widget\" data-e-type=\"widget\" data-settings=\"{&quot;ekit_we_effect_on&quot;:&quot;none&quot;}\" data-widget_type=\"elementskit-simple-tab.default\">\n\t\t\t\t<div class=\"elementor-widget-container\">\n\t\t\t\t\t<div class=\"ekit-wid-con\" >        <div class=\"elementkit-tab-wraper\">\n            <ul class=\"nav nav-tabs elementkit-tab-nav  elementskit-fullwidth-tab\">\n                                    <li class=\"elementkit-nav-item elementor-repeater-item-d0363a9\">\n                        <a class=\"elementkit-nav-link  active show left-pos\" id=\"content-d0363a969e1cdf45e6e4-tab\" data-ekit-handler-id=\"product-info\" data-ekit-toggle=\"tab\" data-target=\"#content-d0363a969e1cdf45e6e4\" href=\"#Content-d0363a969e1cdf45e6e4\"\n                            data-ekit-toggle-trigger=\"click\"\n                            aria-describedby=\"Content-d0363a969e1cdf45e6e4\">\n                            <span class=\"elementskit-tab-icon\"><\/span>                            <span class=\"elementskit-tab-title\">Informa\u00e7\u00f5es Sobre o Produto<\/span>\n                        <\/a>\n                    <\/li>\n                                        <li class=\"elementkit-nav-item elementor-repeater-item-9b61f69\">\n                        <a class=\"elementkit-nav-link  left-pos\" id=\"content-9b61f6969e1cdf45e6e4-tab\" data-ekit-handler-id=\"how-to-use\" data-ekit-toggle=\"tab\" data-target=\"#content-9b61f6969e1cdf45e6e4\" href=\"#Content-9b61f6969e1cdf45e6e4\"\n                            data-ekit-toggle-trigger=\"click\"\n                            aria-describedby=\"Content-9b61f6969e1cdf45e6e4\">\n                            <span class=\"elementskit-tab-icon\"><\/span>                            <span class=\"elementskit-tab-title\">Instru\u00e7\u00f5es de utiliza\u00e7\u00e3o<\/span>\n                        <\/a>\n                    <\/li>\n                                        <li class=\"elementkit-nav-item elementor-repeater-item-0415b93\">\n                        <a class=\"elementkit-nav-link  left-pos\" id=\"content-0415b9369e1cdf45e6e4-tab\" data-ekit-handler-id=\"size-and-codes\" data-ekit-toggle=\"tab\" data-target=\"#content-0415b9369e1cdf45e6e4\" href=\"#Content-0415b9369e1cdf45e6e4\"\n                            data-ekit-toggle-trigger=\"click\"\n                            aria-describedby=\"Content-0415b9369e1cdf45e6e4\">\n                            <span class=\"elementskit-tab-icon\"><\/span>                            <span class=\"elementskit-tab-title\">Size and Codes<\/span>\n                        <\/a>\n                    <\/li>\n                                        <li class=\"elementkit-nav-item elementor-repeater-item-72a341e\">\n                        <a class=\"elementkit-nav-link  left-pos\" id=\"content-72a341e69e1cdf45e6e4-tab\" data-ekit-handler-id=\"downloads\" data-ekit-toggle=\"tab\" data-target=\"#content-72a341e69e1cdf45e6e4\" href=\"#Content-72a341e69e1cdf45e6e4\"\n                            data-ekit-toggle-trigger=\"click\"\n                            aria-describedby=\"Content-72a341e69e1cdf45e6e4\">\n                            <span class=\"elementskit-tab-icon\"><\/span>                            <span class=\"elementskit-tab-title\">downloads<\/span>\n                        <\/a>\n                    <\/li>\n                                <\/ul>\n\n            <div class=\"tab-content elementkit-tab-content\">\n                                    <div class=\"tab-pane elementkit-tab-pane elementor-repeater-item-d0363a9  active show\" id=\"content-d0363a969e1cdf45e6e4\" role=\"tabpanel\"\n                         aria-labelledby=\"content-d0363a969e1cdf45e6e4-tab\">\n                        <div class=\"animated fadeIn\">\n                            <h3>Informa\u00e7\u00f5es Sobre o Produto<\/h3>\t\t<div data-elementor-type=\"section\" data-elementor-id=\"8585\" class=\"elementor elementor-8585\" data-elementor-post-type=\"elementor_library\">\n\t\t\t\t\t<section class=\"elementor-section elementor-top-section elementor-element elementor-element-3c9a5a4 elementor-section-boxed elementor-section-height-default elementor-section-height-default qodef-elementor-content-no\" data-id=\"3c9a5a4\" data-element_type=\"section\" data-e-type=\"section\" data-settings=\"{&quot;ekit_has_onepagescroll_dot&quot;:&quot;yes&quot;}\">\n\t\t\t\t\t\t<div class=\"elementor-container elementor-column-gap-default\">\n\t\t\t\t\t<div class=\"elementor-column elementor-col-100 elementor-top-column elementor-element elementor-element-8fd3e15\" data-id=\"8fd3e15\" data-element_type=\"column\" data-e-type=\"column\">\n\t\t\t<div class=\"elementor-widget-wrap elementor-element-populated\">\n\t\t\t\t\t\t<div class=\"elementor-element elementor-element-c6fd92e elementor-widget elementor-widget-accordion\" data-id=\"c6fd92e\" data-element_type=\"widget\" data-e-type=\"widget\" data-settings=\"{&quot;ekit_we_effect_on&quot;:&quot;none&quot;}\" data-widget_type=\"accordion.default\">\n\t\t\t\t<div class=\"elementor-widget-container\">\n\t\t\t\t\t\t\t<div class=\"elementor-accordion\">\n\t\t\t\t\t\t\t<div class=\"elementor-accordion-item\">\n\t\t\t\t\t<div id=\"elementor-tab-title-2081\" class=\"elementor-tab-title\" data-tab=\"1\" role=\"button\" aria-controls=\"elementor-tab-content-2081\" aria-expanded=\"false\">\n\t\t\t\t\t\t\t\t\t\t\t\t\t<span class=\"elementor-accordion-icon elementor-accordion-icon-left\" aria-hidden=\"true\">\n\t\t\t\t\t\t\t\t\t\t\t\t\t\t\t<span class=\"elementor-accordion-icon-closed\"><i class=\"fas fa-plus\"><\/i><\/span>\n\t\t\t\t\t\t\t\t<span class=\"elementor-accordion-icon-opened\"><i class=\"fas fa-minus\"><\/i><\/span>\n\t\t\t\t\t\t\t\t\t\t\t\t\t\t<\/span>\n\t\t\t\t\t\t\t\t\t\t\t\t<a class=\"elementor-accordion-title\" tabindex=\"0\">Descri\u00e7\u00e3o:<\/a>\n\t\t\t\t\t<\/div>\n\t\t\t\t\t<div id=\"elementor-tab-content-2081\" class=\"elementor-tab-content elementor-clearfix\" data-tab=\"1\" role=\"region\" aria-labelledby=\"elementor-tab-title-2081\"><div class=\"su-spoiler su-spoiler-style-default su-spoiler-icon-plus\" data-scroll-offset=\"0\" data-anchor-in-url=\"no\">\n<div class=\"su-spoiler-content su-u-clearfix su-u-trim\">\n<p class=\"translation-block\">ESPUMA\u00ae Ag Non-Adhesive: consiste numa constru\u00e7\u00e3o trilaminada, fabricada em espuma de poliuretano macia, espessa e el\u00e1stica, intercalada entre uma pel\u00edcula exterior em poliuretano respir\u00e1vel e uma rede de contacto com a ferida em polietileno que cont\u00e9m prata.\n\nA rede de prata actua como uma barreira antimicrobiana, que impede a coloniza\u00e7\u00e3o no penso, aumentando assim o tempo de utiliza\u00e7\u00e3o e proporcionando um efeito profil\u00e1ctico contra a infec\u00e7\u00e3o, especialmente em caso de feridas com elevado risco de infec\u00e7\u00e3o.<\/p>\n<\/div>\n<\/div>\n<div class=\"su-accordion su-u-trim\">\n<div class=\"su-spoiler su-spoiler-style-default su-spoiler-icon-plus su-spoiler-closed\" data-scroll-offset=\"0\" data-anchor-in-url=\"no\">\n<div class=\"su-spoiler-title\" role=\"button\"><\/div>\n<\/div>\n<\/div>\n<\/div>\n\t\t\t\t<\/div>\n\t\t\t\t\t\t\t<div class=\"elementor-accordion-item\">\n\t\t\t\t\t<div id=\"elementor-tab-title-2082\" class=\"elementor-tab-title\" data-tab=\"2\" role=\"button\" aria-controls=\"elementor-tab-content-2082\" aria-expanded=\"false\">\n\t\t\t\t\t\t\t\t\t\t\t\t\t<span class=\"elementor-accordion-icon elementor-accordion-icon-left\" aria-hidden=\"true\">\n\t\t\t\t\t\t\t\t\t\t\t\t\t\t\t<span class=\"elementor-accordion-icon-closed\"><i class=\"fas fa-plus\"><\/i><\/span>\n\t\t\t\t\t\t\t\t<span class=\"elementor-accordion-icon-opened\"><i class=\"fas fa-minus\"><\/i><\/span>\n\t\t\t\t\t\t\t\t\t\t\t\t\t\t<\/span>\n\t\t\t\t\t\t\t\t\t\t\t\t<a class=\"elementor-accordion-title\" tabindex=\"0\">Caracter\u00edsticas<\/a>\n\t\t\t\t\t<\/div>\n\t\t\t\t\t<div id=\"elementor-tab-content-2082\" class=\"elementor-tab-content elementor-clearfix\" data-tab=\"2\" role=\"region\" aria-labelledby=\"elementor-tab-title-2082\"><div class=\"su-spoiler-content su-u-clearfix su-u-trim\">\n<p class=\"translation-block\"><div class=\"su-spoiler-content su-u-clearfix su-u-trim\">\n<ul>\n<li><span style=\"font-size: medium\"><span style=\"font-size: medium\"><strong>A<\/strong> <strong>espuma de poliuretano <\/strong>proporciona um efeito tipo almofada e uma capacidade de absor\u00e7\u00e3o elevada at\u00e9 14 g\/g. Isto proporciona um ambiente h\u00famido, que favorece todas as fases de cicatriza\u00e7\u00e3o da ferida, especialmente a fase de granula\u00e7\u00e3o e epiteliza\u00e7\u00e3o.<\/span><\/span>Deste modo, acelera a cicatriza\u00e7\u00e3o da ferida.<\/li>\n<li><span style=\"font-size: medium\"><strong>A camada exterior em pel\u00edcula de poliuretano <\/strong>\u00e9 altamente respir\u00e1vel, com uma taxa de transmiss\u00e3o de vapor h\u00famido at\u00e9 5000 g\/m2\/24h. Isto permite a evapora\u00e7\u00e3o dos exsudados da ferida absorvidos pela espuma, pelo que a absor\u00e7\u00e3o total de fluidos e a capacidade total de acumula\u00e7\u00e3o de fluidos do penso \u00e9 aumentada. Tamb\u00e9m \u00e9 imperme\u00e1vel e antibacteriano.<\/span><\/li>\n<li><span style=\"font-size: medium\"><strong>A rede de prata <\/strong>impede a coloniza\u00e7\u00e3o de bact\u00e9rias no penso, aumentando assim o tempo de utiliza\u00e7\u00e3o e diminuindo a frequ\u00eancia com que o penso \u00e9 mudado. Proporciona benef\u00edcios de higiene e poupan\u00e7a.<\/span><\/li>\n<\/ul>\n<\/div><\/p>\n<\/div>\n<\/div>\n\t\t\t\t<\/div>\n\t\t\t\t\t\t\t<div class=\"elementor-accordion-item\">\n\t\t\t\t\t<div id=\"elementor-tab-title-2083\" class=\"elementor-tab-title\" data-tab=\"3\" role=\"button\" aria-controls=\"elementor-tab-content-2083\" aria-expanded=\"false\">\n\t\t\t\t\t\t\t\t\t\t\t\t\t<span class=\"elementor-accordion-icon elementor-accordion-icon-left\" aria-hidden=\"true\">\n\t\t\t\t\t\t\t\t\t\t\t\t\t\t\t<span class=\"elementor-accordion-icon-closed\"><i class=\"fas fa-plus\"><\/i><\/span>\n\t\t\t\t\t\t\t\t<span class=\"elementor-accordion-icon-opened\"><i class=\"fas fa-minus\"><\/i><\/span>\n\t\t\t\t\t\t\t\t\t\t\t\t\t\t<\/span>\n\t\t\t\t\t\t\t\t\t\t\t\t<a class=\"elementor-accordion-title\" tabindex=\"0\">Indica\u00e7\u00f5es<\/a>\n\t\t\t\t\t<\/div>\n\t\t\t\t\t<div id=\"elementor-tab-content-2083\" class=\"elementor-tab-content elementor-clearfix\" data-tab=\"3\" role=\"region\" aria-labelledby=\"elementor-tab-title-2083\"><div class=\"su-spoiler-content su-u-clearfix su-u-trim\">\n<p class=\"translation-block\">A gama de produtos ESPUMA\u00ae Ag Non-Adhesive pode ser utilizada nos seguintes tipos de feridas e \u00falceras com uma taxa de drenagem\/exsuda\u00e7\u00e3o moderada a acentuada:<\/p>\n<p class=\"translation-block\"><ul>\n<li><span style=\"font-size: medium\">\u00dalceras de press\u00e3o em fase II e fase superficial III.<\/span><\/li>\n<li><span style=\"font-size: medium\">\u00dalceras diab\u00e9ticas no p\u00e9 de espessura parcial e total.<\/span><\/li>\n<li><span style=\"font-size: medium\">\u00dalceras na perna por insufici\u00eancia venosa.<\/span><\/li>\n<li><span style=\"font-size: medium\">\u00dalceras arteriais de espessura parcial e total.<\/span><\/li>\n<li><span style=\"font-size: medium\">Queimaduras e abras\u00f5es de espessura parcial.<\/span><\/li>\n<li><span style=\"font-size: medium\">Feridas cir\u00fargicas expostas.<\/span><\/li>\n<li><span style=\"font-size: medium\">Lacera\u00e7\u00f5es cut\u00e2neas.&nbsp;<\/span><\/li>\n<\/ul><\/p>\n<p class=\"translation-block\">O ESPUMA\u00ae Ag Non-Adhesive apresentam as mesmas indica\u00e7\u00f5es acima, mas oferecem um efeito profil\u00e1ctico adicional em caso de feridas com elevado risco de infec\u00e7\u00e3o<\/p>\n<\/div>\n<\/div>\n\t\t\t\t<\/div>\n\t\t\t\t\t\t\t<div class=\"elementor-accordion-item\">\n\t\t\t\t\t<div id=\"elementor-tab-title-2084\" class=\"elementor-tab-title\" data-tab=\"4\" role=\"button\" aria-controls=\"elementor-tab-content-2084\" aria-expanded=\"false\">\n\t\t\t\t\t\t\t\t\t\t\t\t\t<span class=\"elementor-accordion-icon elementor-accordion-icon-left\" aria-hidden=\"true\">\n\t\t\t\t\t\t\t\t\t\t\t\t\t\t\t<span class=\"elementor-accordion-icon-closed\"><i class=\"fas fa-plus\"><\/i><\/span>\n\t\t\t\t\t\t\t\t<span class=\"elementor-accordion-icon-opened\"><i class=\"fas fa-minus\"><\/i><\/span>\n\t\t\t\t\t\t\t\t\t\t\t\t\t\t<\/span>\n\t\t\t\t\t\t\t\t\t\t\t\t<a class=\"elementor-accordion-title\" tabindex=\"0\">Contraindica\u00e7\u00f5es<\/a>\n\t\t\t\t\t<\/div>\n\t\t\t\t\t<div id=\"elementor-tab-content-2084\" class=\"elementor-tab-content elementor-clearfix\" data-tab=\"4\" role=\"region\" aria-labelledby=\"elementor-tab-title-2084\"><p class=\"translation-block\"><div class=\"su-spoiler-content su-u-clearfix su-u-trim\">\n<ul>\n<li><span style=\"font-size: medium\">A gama de produtos <strong>ESPUMA\u00ae Ag Non-Adhesive<\/strong> n\u00e3o dever\u00e1 ser aplicada em feridas secas ou tecidos necr\u00f3ticos.<\/span><\/li>\n<li><span style=\"font-size: medium\">A gama de produtos <strong>ESPUMA\u00ae Ag Non-Adhesive<\/strong> n\u00e3o dever\u00e1 ser utilizada em feridas que se prolonguem at\u00e9 aos ossos ou m\u00fasculos.<\/span><\/li>\n<li><span style=\"font-size: medium\">No caso de produtos com i\u00f5es de prata antimicrobianos, a experi\u00eancia com rec\u00e9m-nascidos, beb\u00e9s e durante a gravidez \u00e9 limitada.<\/span><\/li>\n<\/ul>\n<\/div><\/p>\n<\/div>\n\t\t\t\t<\/div>\n\t\t\t\t\t\t\t<div class=\"elementor-accordion-item\">\n\t\t\t\t\t<div id=\"elementor-tab-title-2085\" class=\"elementor-tab-title\" data-tab=\"5\" role=\"button\" aria-controls=\"elementor-tab-content-2085\" aria-expanded=\"false\">\n\t\t\t\t\t\t\t\t\t\t\t\t\t<span class=\"elementor-accordion-icon elementor-accordion-icon-left\" aria-hidden=\"true\">\n\t\t\t\t\t\t\t\t\t\t\t\t\t\t\t<span class=\"elementor-accordion-icon-closed\"><i class=\"fas fa-plus\"><\/i><\/span>\n\t\t\t\t\t\t\t\t<span class=\"elementor-accordion-icon-opened\"><i class=\"fas fa-minus\"><\/i><\/span>\n\t\t\t\t\t\t\t\t\t\t\t\t\t\t<\/span>\n\t\t\t\t\t\t\t\t\t\t\t\t<a class=\"elementor-accordion-title\" tabindex=\"0\">Precau\u00e7\u00f5es<\/a>\n\t\t\t\t\t<\/div>\n\t\t\t\t\t<div id=\"elementor-tab-content-2085\" class=\"elementor-tab-content elementor-clearfix\" data-tab=\"5\" role=\"region\" aria-labelledby=\"elementor-tab-title-2085\"><\/div>\n\t\t\t\t<\/div>\n\t\t\t\t\t\t\t<div class=\"elementor-accordion-item\">\n\t\t\t\t\t<div id=\"elementor-tab-title-2086\" class=\"elementor-tab-title\" data-tab=\"6\" role=\"button\" aria-controls=\"elementor-tab-content-2086\" aria-expanded=\"false\">\n\t\t\t\t\t\t\t\t\t\t\t\t\t<span class=\"elementor-accordion-icon elementor-accordion-icon-left\" aria-hidden=\"true\">\n\t\t\t\t\t\t\t\t\t\t\t\t\t\t\t<span class=\"elementor-accordion-icon-closed\"><i class=\"fas fa-plus\"><\/i><\/span>\n\t\t\t\t\t\t\t\t<span class=\"elementor-accordion-icon-opened\"><i class=\"fas fa-minus\"><\/i><\/span>\n\t\t\t\t\t\t\t\t\t\t\t\t\t\t<\/span>\n\t\t\t\t\t\t\t\t\t\t\t\t<a class=\"elementor-accordion-title\" tabindex=\"0\">Diagrama de camadas<\/a>\n\t\t\t\t\t<\/div>\n\t\t\t\t\t<div id=\"elementor-tab-content-2086\" class=\"elementor-tab-content elementor-clearfix\" data-tab=\"6\" role=\"region\" aria-labelledby=\"elementor-tab-title-2086\"><\/div>\n\t\t\t\t<\/div>\n\t\t\t\t\t\t\t<div class=\"elementor-accordion-item\">\n\t\t\t\t\t<div id=\"elementor-tab-title-2087\" class=\"elementor-tab-title\" data-tab=\"7\" role=\"button\" aria-controls=\"elementor-tab-content-2087\" aria-expanded=\"false\">\n\t\t\t\t\t\t\t\t\t\t\t\t\t<span class=\"elementor-accordion-icon elementor-accordion-icon-left\" aria-hidden=\"true\">\n\t\t\t\t\t\t\t\t\t\t\t\t\t\t\t<span class=\"elementor-accordion-icon-closed\"><i class=\"fas fa-plus\"><\/i><\/span>\n\t\t\t\t\t\t\t\t<span class=\"elementor-accordion-icon-opened\"><i class=\"fas fa-minus\"><\/i><\/span>\n\t\t\t\t\t\t\t\t\t\t\t\t\t\t<\/span>\n\t\t\t\t\t\t\t\t\t\t\t\t<a class=\"elementor-accordion-title\" tabindex=\"0\">Frequ\u00eancia com que o penso deve ser mudado<\/a>\n\t\t\t\t\t<\/div>\n\t\t\t\t\t<div id=\"elementor-tab-content-2087\" class=\"elementor-tab-content elementor-clearfix\" data-tab=\"7\" role=\"region\" aria-labelledby=\"elementor-tab-title-2087\"><\/div>\n\t\t\t\t<\/div>\n\t\t\t\t\t\t\t<div class=\"elementor-accordion-item\">\n\t\t\t\t\t<div id=\"elementor-tab-title-2088\" class=\"elementor-tab-title\" data-tab=\"8\" role=\"button\" aria-controls=\"elementor-tab-content-2088\" aria-expanded=\"false\">\n\t\t\t\t\t\t\t\t\t\t\t\t\t<span class=\"elementor-accordion-icon elementor-accordion-icon-left\" aria-hidden=\"true\">\n\t\t\t\t\t\t\t\t\t\t\t\t\t\t\t<span class=\"elementor-accordion-icon-closed\"><i class=\"fas fa-plus\"><\/i><\/span>\n\t\t\t\t\t\t\t\t<span class=\"elementor-accordion-icon-opened\"><i class=\"fas fa-minus\"><\/i><\/span>\n\t\t\t\t\t\t\t\t\t\t\t\t\t\t<\/span>\n\t\t\t\t\t\t\t\t\t\t\t\t<a class=\"elementor-accordion-title\" tabindex=\"0\">Como funciona?<\/a>\n\t\t\t\t\t<\/div>\n\t\t\t\t\t<div id=\"elementor-tab-content-2088\" class=\"elementor-tab-content elementor-clearfix\" data-tab=\"8\" role=\"region\" aria-labelledby=\"elementor-tab-title-2088\"><\/div>\n\t\t\t\t<\/div>\n\t\t\t\t\t\t\t<div class=\"elementor-accordion-item\">\n\t\t\t\t\t<div id=\"elementor-tab-title-2089\" class=\"elementor-tab-title\" data-tab=\"9\" role=\"button\" aria-controls=\"elementor-tab-content-2089\" aria-expanded=\"false\">\n\t\t\t\t\t\t\t\t\t\t\t\t\t<span class=\"elementor-accordion-icon elementor-accordion-icon-left\" aria-hidden=\"true\">\n\t\t\t\t\t\t\t\t\t\t\t\t\t\t\t<span class=\"elementor-accordion-icon-closed\"><i class=\"fas fa-plus\"><\/i><\/span>\n\t\t\t\t\t\t\t\t<span class=\"elementor-accordion-icon-opened\"><i class=\"fas fa-minus\"><\/i><\/span>\n\t\t\t\t\t\t\t\t\t\t\t\t\t\t<\/span>\n\t\t\t\t\t\t\t\t\t\t\t\t<a class=\"elementor-accordion-title\" tabindex=\"0\">Prazo de validade<\/a>\n\t\t\t\t\t<\/div>\n\t\t\t\t\t<div id=\"elementor-tab-content-2089\" class=\"elementor-tab-content elementor-clearfix\" data-tab=\"9\" role=\"region\" aria-labelledby=\"elementor-tab-title-2089\"><\/div>\n\t\t\t\t<\/div>\n\t\t\t\t\t\t\t\t<\/div>\n\t\t\t\t\t\t<\/div>\n\t\t\t\t<\/div>\n\t\t\t\t\t<\/div>\n\t\t<\/div>\n\t\t\t\t\t<\/div>\n\t\t<\/section>\n\t\t\t\t<\/div>\n\t\t                        <\/div>\n                    <\/div>\n                                    <div class=\"tab-pane elementkit-tab-pane elementor-repeater-item-9b61f69\" id=\"content-9b61f6969e1cdf45e6e4\" role=\"tabpanel\"\n                         aria-labelledby=\"content-9b61f6969e1cdf45e6e4-tab\">\n                        <div class=\"animated fadeIn\">\n                            <p>1. Limpar a ferida de acordo com os protocolos cl\u00ednicos locais.<br \/>2. Escolher um tamanho de penso que ultrapasse as margens da ferida em pelo menos dois centimetros.<br \/>3. Retirar o penso est\u00e9ril da embalagem utilizando uma t\u00e9cnica ass\u00e9tica.<br \/><strong>Para variantes n\u00e3o adesivas:<\/strong><br \/>1. Non-Adhesive variants can be cut to fit awkward areas. When used under compression therapy, the dressing must be cut<br \/>to the size of the wound.<br \/>2. Colocar o penso no local da ferida.<br \/>3. Ser\u00e1 necess\u00e1rio utilizar um penso secund\u00e1rio de fixa\u00e7\u00e3o ou uma ligadura, para fixar o penso no lugar.<\/p>                        <\/div>\n                    <\/div>\n                                    <div class=\"tab-pane elementkit-tab-pane elementor-repeater-item-0415b93\" id=\"content-0415b9369e1cdf45e6e4\" role=\"tabpanel\"\n                         aria-labelledby=\"content-0415b9369e1cdf45e6e4-tab\">\n                        <div class=\"animated fadeIn\">\n                            <table><tbody><tr><td width=\"162\"><p><strong>Espuma<\/strong><strong>\u00ae<\/strong><strong> Sealed Edges <\/strong><\/p><\/td><td width=\"130\"><p><strong>Size<\/strong><\/p><\/td><td width=\"126\"><p><strong>Pieces\/Case<\/strong><\/p><\/td><td width=\"144\"><p><strong>Boxes\/Case <\/strong><\/p><\/td><\/tr><tr><td width=\"162\"><p>ESPUMAS5050<\/p><\/td><td width=\"130\"><p>50&#215;50 mm<\/p><\/td><td width=\"126\"><p>10<\/p><\/td><td width=\"144\"><p>48<\/p><\/td><\/tr><tr><td width=\"162\"><p>ESPUMAS7575<\/p><\/td><td width=\"130\"><p>75&#215;75 mm<\/p><\/td><td width=\"126\"><p>10<\/p><\/td><td width=\"144\"><p>48<\/p><\/td><\/tr><tr><td width=\"162\"><p>ESPUMAS75100<\/p><\/td><td width=\"130\"><p>75&#215;100 mm<\/p><\/td><td width=\"126\"><p>10<\/p><\/td><td width=\"144\"><p>48<\/p><\/td><\/tr><tr><td width=\"162\"><p>ESPUMAS100100<\/p><\/td><td width=\"130\"><p>100&#215;100 mm<\/p><\/td><td width=\"126\"><p>10<\/p><\/td><td width=\"144\"><p>48<\/p><\/td><\/tr><tr><td width=\"162\"><p>ESPUMAS100150<\/p><\/td><td width=\"130\"><p>100 x 150 mm<\/p><\/td><td width=\"126\"><p><strong>5<\/strong><\/p><\/td><td width=\"144\"><p>24<\/p><\/td><\/tr><tr><td width=\"162\"><p>ESPUMAS100200<\/p><\/td><td width=\"130\"><p>100 x 200 mm<\/p><\/td><td width=\"126\"><p><strong>5<\/strong><\/p><\/td><td width=\"144\"><p>24<\/p><\/td><\/tr><tr><td width=\"162\"><p>ESPUMAS50<\/p><\/td><td width=\"130\"><p>50\u00d8 mm circular<\/p><\/td><td width=\"126\"><p><strong>10<\/strong><\/p><\/td><td width=\"144\"><p>48<\/p><\/td><\/tr><tr><td width=\"162\"><p>ESPUMAS100250<\/p><\/td><td width=\"130\"><p>100&#215;250 mm<\/p><\/td><td width=\"126\"><p><strong>5<\/strong><\/p><\/td><td width=\"144\"><p>24<\/p><\/td><\/tr><tr><td width=\"162\"><p>ESPUMAS120130<\/p><\/td><td width=\"130\"><p>120 x 130 mm Heel<\/p><\/td><td width=\"126\"><p><strong>3<\/strong><\/p><\/td><td width=\"144\"><p>24<\/p><\/td><\/tr><\/tbody><\/table><p>Outros tamanhos est\u00e3o dispon\u00edveis mediante solicita\u00e7\u00e3o.<\/p>                        <\/div>\n                    <\/div>\n                                    <div class=\"tab-pane elementkit-tab-pane elementor-repeater-item-72a341e\" id=\"content-72a341e69e1cdf45e6e4\" role=\"tabpanel\"\n                         aria-labelledby=\"content-72a341e69e1cdf45e6e4-tab\">\n                        <div class=\"animated fadeIn\">\n                            <p><a href=\"https:\/\/pharmaplast-online.net\/wp-content\/uploads\/2025\/06\/Espuma-Exulock-Family-brochure.pdf\">Espuma Exulock Family brochure<\/a><\/p><p><img decoding=\"async\" class=\"alignnone wp-image-20471\" src=\"https:\/\/pharmaplast-online.net\/wp-content\/uploads\/2025\/06\/broucher-300x105.png\" alt=\"\" width=\"134\" height=\"47\" srcset=\"https:\/\/pharmaplast-online.net\/wp-content\/uploads\/2025\/06\/broucher-300x105.png 300w, https:\/\/pharmaplast-online.net\/wp-content\/uploads\/2025\/06\/broucher-18x6.png 18w, https:\/\/pharmaplast-online.net\/wp-content\/uploads\/2025\/06\/broucher-24x8.png 24w, https:\/\/pharmaplast-online.net\/wp-content\/uploads\/2025\/06\/broucher-36x13.png 36w, https:\/\/pharmaplast-online.net\/wp-content\/uploads\/2025\/06\/broucher-48x17.png 48w, https:\/\/pharmaplast-online.net\/wp-content\/uploads\/2025\/06\/broucher-600x211.png 600w, https:\/\/pharmaplast-online.net\/wp-content\/uploads\/2025\/06\/broucher.png 640w\" sizes=\"(max-width: 134px) 100vw, 134px\" \/><\/p>                        <\/div>\n                    <\/div>\n                                \n            <\/div>\n                    <\/div>\n    <\/div>\t\t\t\t<\/div>\n\t\t\t\t<\/div>\n\t\t\t\t\t<\/div>\n\t\t<\/div>\n\t\t\t\t\t<\/div>\n\t\t<\/section>\n\t\t\t\t<\/div>","protected":false},"excerpt":{"rendered":"<p>Antimicrobial highly retentive foam dressing<\/p>","protected":false},"featured_media":18160,"comment_status":"open","ping_status":"closed","template":"","meta":[],"product_brand":[],"product_cat":[266,283,281],"product_tag":[],"class_list":{"0":"post-8042","1":"product","2":"type-product","3":"status-publish","4":"has-post-thumbnail","6":"product_cat-anti-microbial-wound-care","7":"product_cat-foams-silver-ag","8":"product_cat-silver-ag","9":"new","11":"first","12":"instock","13":"shipping-taxable","14":"product-type-simple"},"acf":[],"_links":{"self":[{"href":"https:\/\/pharmaplast-online.net\/pt\/wp-json\/wp\/v2\/product\/8042","targetHints":{"allow":["GET"]}}],"collection":[{"href":"https:\/\/pharmaplast-online.net\/pt\/wp-json\/wp\/v2\/product"}],"about":[{"href":"https:\/\/pharmaplast-online.net\/pt\/wp-json\/wp\/v2\/types\/product"}],"replies":[{"embeddable":true,"href":"https:\/\/pharmaplast-online.net\/pt\/wp-json\/wp\/v2\/comments?post=8042"}],"version-history":[{"count":24,"href":"https:\/\/pharmaplast-online.net\/pt\/wp-json\/wp\/v2\/product\/8042\/revisions"}],"predecessor-version":[{"id":20664,"href":"https:\/\/pharmaplast-online.net\/pt\/wp-json\/wp\/v2\/product\/8042\/revisions\/20664"}],"wp:featuredmedia":[{"embeddable":true,"href":"https:\/\/pharmaplast-online.net\/pt\/wp-json\/wp\/v2\/media\/18160"}],"wp:attachment":[{"href":"https:\/\/pharmaplast-online.net\/pt\/wp-json\/wp\/v2\/media?parent=8042"}],"wp:term":[{"taxonomy":"product_brand","embeddable":true,"href":"https:\/\/pharmaplast-online.net\/pt\/wp-json\/wp\/v2\/product_brand?post=8042"},{"taxonomy":"product_cat","embeddable":true,"href":"https:\/\/pharmaplast-online.net\/pt\/wp-json\/wp\/v2\/product_cat?post=8042"},{"taxonomy":"product_tag","embeddable":true,"href":"https:\/\/pharmaplast-online.net\/pt\/wp-json\/wp\/v2\/product_tag?post=8042"}],"curies":[{"name":"wp","href":"https:\/\/api.w.org\/{rel}","templated":true}]}}